{"id":3674,"date":"2025-01-09T05:49:40","date_gmt":"2025-01-09T05:49:40","guid":{"rendered":"https:\/\/fmp-components.com\/?page_id=8"},"modified":"2025-01-09T06:11:10","modified_gmt":"2025-01-09T06:11:10","slug":"wheel-drive-planetary-gearbox-reducer-for-access-plateform","status":"publish","type":"product","link":"https:\/\/fmp-components.com\/it\/product\/wheel-drive-planetary-gearbox-reducer-for-access-plateform\/","title":{"rendered":"Riduttore epicicloidale per trazione integrale per piattaforma di accesso"},"content":{"rendered":"<p style=\"text-align: center;\"><span style=\"font-size: 18pt;\">Riduttore epicicloidale per trazione integrale per piattaforma di accesso<\/span><\/p>\n<p>Il riduttore planetario Wheel Drive per piattaforme di accesso \u00e8 un sistema di riduzione ad alte prestazioni specificamente progettato per l&#039;uso in piattaforme di lavoro aeree (AWP), piattaforme a forbice, piattaforme aeree e altre piattaforme di accesso. Progettato per affidabilit\u00e0, efficienza e durata, questo riduttore \u00e8 un componente essenziale per garantire un movimento fluido e controllato della piattaforma.<\/p>\n<p><strong>Caratteristiche principali:<\/strong><\/p>\n<ol>\n<li><strong>Elevata coppia in uscita<\/strong><br \/>\nProgettato per fornire un&#039;elevata coppia in uscita, il riduttore epicicloidale assicura un&#039;efficiente trasmissione della potenza alle ruote della piattaforma di accesso, consentendo movimenti fluidi e affidabili anche sotto carichi pesanti.<\/li>\n<li><strong>Design compatto e robusto<\/strong><br \/>\nCon un design compatto e salvaspazio, il riduttore \u00e8 costruito per adattarsi allo spazio ristretto delle piattaforme di accesso, mantenendo resistenza e durata. La sua costruzione robusta assicura prestazioni durature in ambienti difficili.<\/li>\n<li><strong>Meccanismo di ingranaggio planetario<\/strong><br \/>\nL&#039;uso di un sistema di ingranaggi planetari fornisce un&#039;eccellente distribuzione del carico, usura ridotta e maggiore efficienza. Questo design migliora anche il rapporto coppia-peso, contribuendo all&#039;efficienza complessiva della piattaforma.<\/li>\n<li><strong>Maggiore durata<\/strong><br \/>\nRealizzato con materiali di alta qualit\u00e0, il cambio \u00e8 costruito per resistere a condizioni difficili, tra cui funzionamento frequente, cicli di lavoro elevati e fattori ambientali difficili. Offre durata a lungo termine e requisiti di manutenzione ridotti.<\/li>\n<li><strong>Funzionamento fluido e silenzioso<\/strong><br \/>\nLa progettazione di precisione degli ingranaggi planetari garantisce un funzionamento fluido e silenzioso, riducendo i livelli di rumore durante il funzionamento e offrendo un&#039;esperienza pi\u00f9 confortevole per gli utenti.<\/li>\n<\/ol>\n<p><img loading=\"lazy\" decoding=\"async\" class=\"alignnone size-full wp-image-3676\" src=\"https:\/\/fmp-components.com\/wp-content\/uploads\/2025\/01\/0_wheel-drive-for-Access-Plateform-21.webp\" alt=\"0_trazione-a-ruota-per-piattaforma-di-accesso-2(1)\" width=\"980\" height=\"354\" title=\"\" srcset=\"https:\/\/fmp-components.com\/wp-content\/uploads\/2025\/01\/0_wheel-drive-for-Access-Plateform-21.webp 980w, https:\/\/fmp-components.com\/wp-content\/uploads\/2025\/01\/0_wheel-drive-for-Access-Plateform-21-480x173.webp 480w\" sizes=\"(min-width: 0px) and (max-width: 480px) 480px, (min-width: 481px) 980px, 100vw\" \/><\/p>\n<p>Il riduttore planetario Wheel Drive per piattaforme di accesso \u00e8 un componente essenziale ad alte prestazioni che offre efficienza, durata e funzionamento fluido superiori per una variet\u00e0 di applicazioni di piattaforme di accesso. Con il suo design robusto, le opzioni personalizzabili e la lunga durata utile, questo riduttore assicura che la tua piattaforma di accesso funzioni in modo affidabile ed efficiente in ambienti difficili.<\/p>\n<div class=\"group\/conversation-turn relative flex w-full min-w-0 flex-col agent-turn\">\n<div class=\"flex-col gap-1 md:gap-3\">\n<div class=\"flex max-w-full flex-col flex-grow\">\n<div class=\"min-h-8 text-message flex w-full flex-col items-end gap-2 whitespace-normal break-words text-start [.text-message+&amp;]:mt-5\" dir=\"auto\" data-message-author-role=\"assistant\" data-message-id=\"2334fcc5-ad49-42a5-89f5-7a90448f8b99\" data-message-model-slug=\"gpt-4o\">\n<div class=\"flex w-full flex-col gap-1 empty:hidden first:pt-[3px]\">\n<div class=\"markdown prose w-full break-words dark:prose-invert light\">\n<h2>Riduttore di trazione per macchine con piattaforma di accesso<\/h2>\n<p>Il Wheel Drive Reducer per macchine con piattaforma di accesso \u00e8 un sistema di riduzione degli ingranaggi di precisione progettato per ottimizzare le prestazioni di piattaforme aeree, piattaforme a forbice e altri macchinari con piattaforma di accesso. Con un&#039;attenzione all&#039;efficienza della trasmissione di potenza e alla durata, questo riduttore assicura un movimento fluido, affidabile e controllato, anche in ambienti industriali esigenti.<\/p>\n<p><strong>Caratteristiche principali:<\/strong> Il riduttore utilizza un design robusto e compatto, integrando una tecnologia di ingranaggi avanzata per fornire un&#039;elevata coppia in uscita riducendo al minimo la perdita di energia. Il suo meccanismo di ingranaggi planetari assicura un&#039;efficiente distribuzione del carico, riducendo l&#039;usura e migliorando al contempo la durata del sistema. Progettato per una facile integrazione, il riduttore \u00e8 compatibile con vari modelli di piattaforme di accesso, offrendo flessibilit\u00e0 e installazione senza soluzione di continuit\u00e0.<\/p>\n<p><strong>Durata e prestazioni:<\/strong> Progettato con materiali di alta qualit\u00e0, il Wheel Drive Reducer \u00e8 costruito per resistere ai rigori dell&#039;uso intensivo. Funziona in modo fluido ed efficiente in condizioni di utilizzo costante, offrendo una durata superiore e riducendo la necessit\u00e0 di manutenzione frequente. Il design del cambio assicura inoltre un funzionamento silenzioso, rendendolo ideale per ambienti sensibili al rumore.<\/p>\n<p><strong>Applicazioni versatili:<\/strong> Questo riduttore \u00e8 perfetto per un&#039;ampia gamma di macchine per piattaforme di accesso, tra cui piattaforme a forbice, piattaforme aeree e altre piattaforme aeree mobili. La sua elevata coppia ed efficienza lo rendono adatto all&#039;uso in applicazioni industriali, edilizie e di manutenzione, dove precisione, sicurezza e prestazioni sono fondamentali.<\/p>\n<p>Il Wheel Drive Reducer per macchine con piattaforma di accesso \u00e8 una soluzione affidabile e ad alte prestazioni che migliora la funzionalit\u00e0 delle piattaforme di accesso. Offrendo un&#039;eccellente efficienza, durata e facilit\u00e0 di integrazione, assicura che i tuoi macchinari funzionino a livelli di prestazioni ottimali, contribuendo a migliorare l&#039;efficienza operativa e a ridurre i costi di manutenzione.<\/p>\n<p><img loading=\"lazy\" decoding=\"async\" class=\"wp-image-3677 alignnone\" src=\"https:\/\/fmp-components.com\/wp-content\/uploads\/2025\/01\/0_wheel-drive-for-Access-Plateform-4.webp\" alt=\"0_trazione-a-ruota-per-piattaforma-di-accesso-4\" width=\"897\" height=\"601\" title=\"\" srcset=\"https:\/\/fmp-components.com\/wp-content\/uploads\/2025\/01\/0_wheel-drive-for-Access-Plateform-4.webp 897w, https:\/\/fmp-components.com\/wp-content\/uploads\/2025\/01\/0_wheel-drive-for-Access-Plateform-4-480x321.webp 480w\" sizes=\"(min-width: 0px) and (max-width: 480px) 480px, (min-width: 481px) 897px, 100vw\" \/><\/p>\n<h2>Compatibilit\u00e0 con i modelli di piattaforma di accesso pi\u00f9 diffusi<\/h2>\n<p>Nelle applicazioni pratiche, il nostro riduttore epicicloidale a trazione integrale pu\u00f2 essere ampiamente compatibile con diversi marchi e modelli noti di piattaforme di accesso. Di seguito alcuni esempi comuni:<\/p>\n<ul>\n<li>JLG Industries: Ad esempio, le piattaforme di lavoro ad alta quota JLG serie 600S e 800AJ.<\/li>\n<li>Genie: come Genie S-65, SX-180 e altre serie di elevatori a forbice e veicoli da lavoro ad alta quota con braccio dritto.<\/li>\n<li>Haulotte: compresi gli elevatori semoventi a braccio dritto della serie HAULOTTE Star, HA15IP o HA20PX.<\/li>\n<li>Skyjack: come la piattaforma aerea elettrica Skyjack SJIII 3219, SJII 4632, ecc.<\/li>\n<li>Piattaforme aeree Terex (AWP): includono piattaforme di lavoro ad alta quota con braccio telescopico fuoristrada come Genie TZ-50 o il nuovo modello SX-135XC Pro.<\/li>\n<\/ul>\n<p><span style=\"color: #ff0000;\"><em><strong>Nota: i nomi dei marchi menzionati nell&#039;articolo servono solo per consentire ai clienti di scegliere e sostituire gli accessori del marchio corrispondente di macchine agricole e non vendono i prodotti di quel marchio.<\/strong><\/em><\/span><\/p>\n<h2>Informazioni su FMP<\/h2>\n<p>FMP \u00e8 un produttore leader specializzato nella produzione di un&#039;ampia gamma di prodotti di trasmissione meccanica e idraulica. La nostra competenza spazia in varie categorie di prodotti, tra cui riduttori epicicloidali, riduttori a vite senza fine, riduttori elicoidali in linea, riduttori elicoidali ad albero parallelo, riduttori conici elicoidali, riduttori a vite senza fine elicoidali, riduttori agricoli, riduttori per trattori, riduttori per automobili, alberi di uscita di potenza e riduttori specializzati. Inoltre, offriamo una selezione completa di parti di ingranaggi correlate, pignoni, sistemi idraulici, pompe per vuoto, giunti idraulici, cremagliere, catene, pulegge di distribuzione, trasmissioni UDL, pulegge a cinghia trapezoidale, cilindri idraulici, pompe a ingranaggi, compressori d&#039;aria a vite e riduttori a vite senza fine a gioco ridotto, tra gli altri.<\/p>\n<p>In FMP, comprendiamo l&#039;importanza della personalizzazione nel soddisfare le esigenze uniche dei nostri clienti. Offriamo soluzioni su misura, tra cui trasmissioni personalizzate, motoriduttori, prodotti idraulici e motori, in base ai disegni e ai requisiti specifici dei clienti. Le nostre capacit\u00e0 di produzione flessibili ci consentono di fornire prodotti che sono adatti precisamente a ciascuna applicazione, garantendo prestazioni ed efficienza ottimali.<\/p>\n<p><strong>Impegno per la qualit\u00e0 e l&#039;innovazione<\/strong><\/p>\n<p>Diamo priorit\u00e0 alla qualit\u00e0 e all&#039;affidabilit\u00e0 dei nostri prodotti, supportati da attrezzature avanzate di ispezione e collaudo. Il nostro team tecnico professionale, unito a una tecnologia di elaborazione all&#039;avanguardia e a un rigoroso sistema di controllo, garantisce che ogni prodotto soddisfi i pi\u00f9 elevati standard del settore. Che si tratti di attrezzature standard o soluzioni personalizzate, FMP si impegna a fornire prodotti eccezionali che offrano prestazioni eccezionali in applicazioni impegnative.<\/p>\n<p>Negli ultimi anni, FMP ha sperimentato una rapida crescita, guidata da una ricca esperienza di produzione, un sistema di gestione avanzato e forti capacit\u00e0 tecniche. Aderiamo alla filosofia di &quot;sopravvivenza tramite qualit\u00e0 e sviluppo attraverso innovazione scientifica e tecnologica&quot;, che \u00e8 stata una pietra angolare del nostro successo.<\/p>\n<p><strong>Un approccio collaborativo<\/strong><\/p>\n<p>FMP si impegna a lavorare a stretto contatto con i propri clienti per sviluppare soluzioni innovative e creare partnership durature. Il nostro obiettivo \u00e8 fornire prodotti e servizi di qualit\u00e0 superiore che non solo soddisfino ma superino le aspettative dei clienti. Non vediamo l&#039;ora di collaborare con voi per raggiungere il successo e creare brillantezza insieme.<\/p>\n<p>Concentrandosi su precisione, affidabilit\u00e0 e servizio personalizzato, FMP \u00e8 il partner di fiducia su cui puoi contare per le tue esigenze di trasmissione meccanica e idraulica.<\/p>\n<p><img loading=\"lazy\" decoding=\"async\" class=\"alignnone size-full wp-image-3678\" src=\"https:\/\/fmp-components.com\/wp-content\/uploads\/2025\/01\/worm-gearbox-factory1.webp\" alt=\"fabbrica-di-riduttori-a-vite-senza-fine\" width=\"1024\" height=\"888\" title=\"\" srcset=\"https:\/\/fmp-components.com\/wp-content\/uploads\/2025\/01\/worm-gearbox-factory1.webp 1024w, https:\/\/fmp-components.com\/wp-content\/uploads\/2025\/01\/worm-gearbox-factory1-980x850.webp 980w, https:\/\/fmp-components.com\/wp-content\/uploads\/2025\/01\/worm-gearbox-factory1-480x416.webp 480w\" sizes=\"(min-width: 0px) and (max-width: 480px) 480px, (min-width: 481px) and (max-width: 980px) 980px, (min-width: 981px) 1024px, 100vw\" \/><\/p>\n<p>Autore: CX<\/p>\n<\/div>\n<\/div>\n<\/div>\n<\/div>\n<\/div>\n<\/div>","protected":false},"excerpt":{"rendered":"<p>Wheel Drive Planetary Gearbox Reducer for Access Platform The Wheel Drive Planetary Gearbox Reducer for Access Platforms is a high-performance gear reduction system specifically designed for use in aerial work platforms (AWP), scissor lifts, boom lifts, and other access platforms. Engineered for reliability, efficiency, and durability, this gearbox is an essential component for ensuring smooth [&hellip;]<\/p>","protected":false},"featured_media":3680,"comment_status":"open","ping_status":"closed","template":"","meta":{"_et_pb_use_builder":"","_et_pb_old_content":"","_et_gb_content_width":""},"product_brand":[],"product_cat":[90],"product_tag":[],"class_list":{"0":"post-3674","1":"product","2":"type-product","3":"status-publish","4":"has-post-thumbnail","6":"product_cat-planetary-gearbox","8":"first","9":"instock","10":"shipping-taxable","11":"product-type-simple"},"_links":{"self":[{"href":"https:\/\/fmp-components.com\/it\/wp-json\/wp\/v2\/product\/3674","targetHints":{"allow":["GET"]}}],"collection":[{"href":"https:\/\/fmp-components.com\/it\/wp-json\/wp\/v2\/product"}],"about":[{"href":"https:\/\/fmp-components.com\/it\/wp-json\/wp\/v2\/types\/product"}],"replies":[{"embeddable":true,"href":"https:\/\/fmp-components.com\/it\/wp-json\/wp\/v2\/comments?post=3674"}],"wp:featuredmedia":[{"embeddable":true,"href":"https:\/\/fmp-components.com\/it\/wp-json\/wp\/v2\/media\/3680"}],"wp:attachment":[{"href":"https:\/\/fmp-components.com\/it\/wp-json\/wp\/v2\/media?parent=3674"}],"wp:term":[{"taxonomy":"product_brand","embeddable":true,"href":"https:\/\/fmp-components.com\/it\/wp-json\/wp\/v2\/product_brand?post=3674"},{"taxonomy":"product_cat","embeddable":true,"href":"https:\/\/fmp-components.com\/it\/wp-json\/wp\/v2\/product_cat?post=3674"},{"taxonomy":"product_tag","embeddable":true,"href":"https:\/\/fmp-components.com\/it\/wp-json\/wp\/v2\/product_tag?post=3674"}],"curies":[{"name":"parola chiave","href":"https:\/\/api.w.org\/{rel}","templated":true}]}}