{"id":3604,"date":"2025-01-09T01:34:23","date_gmt":"2025-01-09T01:34:23","guid":{"rendered":"https:\/\/fmp-components.com\/?page_id=8"},"modified":"2025-01-09T01:39:53","modified_gmt":"2025-01-09T01:39:53","slug":"spindle-motor-used-for-cnc-spindle-jszd240","status":"publish","type":"product","link":"https:\/\/fmp-components.com\/it\/product\/spindle-motor-used-for-cnc-spindle-jszd240\/","title":{"rendered":"Motore mandrino utilizzato per mandrino CNC JSZD240"},"content":{"rendered":"<p><img loading=\"lazy\" decoding=\"async\" class=\"alignnone size-full wp-image-3605\" src=\"https:\/\/fmp-components.com\/wp-content\/uploads\/2025\/01\/spindle-motor-for-cnc-spindle-jszd220-2.webp\" alt=\"motore-mandrino-per-mandrino-cnc-jszd220-2\" width=\"1098\" height=\"635\" title=\"\" srcset=\"https:\/\/fmp-components.com\/wp-content\/uploads\/2025\/01\/spindle-motor-for-cnc-spindle-jszd220-2.webp 1098w, https:\/\/fmp-components.com\/wp-content\/uploads\/2025\/01\/spindle-motor-for-cnc-spindle-jszd220-2-980x567.webp 980w, https:\/\/fmp-components.com\/wp-content\/uploads\/2025\/01\/spindle-motor-for-cnc-spindle-jszd220-2-480x278.webp 480w\" sizes=\"(min-width: 0px) and (max-width: 480px) 480px, (min-width: 481px) and (max-width: 980px) 980px, (min-width: 981px) 1098px, 100vw\" \/><\/p>\n<p><img loading=\"lazy\" decoding=\"async\" class=\"alignnone size-full wp-image-3607\" src=\"https:\/\/fmp-components.com\/wp-content\/uploads\/2025\/01\/spindle-motor-for-cnc-spindle-jszd220-3.webp\" alt=\"motore-mandrino-per-mandrino-cnc-jszd220-3\" width=\"1111\" height=\"449\" title=\"\" srcset=\"https:\/\/fmp-components.com\/wp-content\/uploads\/2025\/01\/spindle-motor-for-cnc-spindle-jszd220-3.webp 1111w, https:\/\/fmp-components.com\/wp-content\/uploads\/2025\/01\/spindle-motor-for-cnc-spindle-jszd220-3-980x396.webp 980w, https:\/\/fmp-components.com\/wp-content\/uploads\/2025\/01\/spindle-motor-for-cnc-spindle-jszd220-3-480x194.webp 480w\" sizes=\"(min-width: 0px) and (max-width: 480px) 480px, (min-width: 481px) and (max-width: 980px) 980px, (min-width: 981px) 1111px, 100vw\" \/><\/p>\n<h3>Scelta del tipo corretto di motore del mandrino CNC<\/h3>\n<p>La selezione del motore mandrino CNC appropriato \u00e8 essenziale per ottimizzare le prestazioni, la precisione e l&#039;efficienza nelle operazioni di lavorazione. Il motore giusto assicura che la macchina possa gestire il carico di lavoro richiesto, ottenendo al contempo la qualit\u00e0 di output desiderata. Ecco i fattori chiave da considerare quando si sceglie un motore mandrino CNC:<\/p>\n<ol>\n<li><strong>Requisiti di potenza e coppia<\/strong><br \/>\nLa potenza del motore (misurata in cavalli o kilowatt) e le valutazioni di coppia influenzano direttamente la sua capacit\u00e0 di gestire materiali e operazioni di taglio diversi. Per applicazioni pesanti, come fresatura o taglio profondo, \u00e8 necessario un motore ad alta coppia. Per lavori pi\u00f9 fini e di precisione, motori a potenza inferiore con capacit\u00e0 ad alta velocit\u00e0 potrebbero essere pi\u00f9 appropriati. Valutare le attivit\u00e0 di lavorazione specifiche per determinare la potenza e la coppia del motore richieste.<\/li>\n<li><strong>Gamma di velocit\u00e0 e controllo<\/strong><br \/>\nI motori mandrino CNC sono disponibili in un&#039;ampia gamma di velocit\u00e0, solitamente misurate in giri al minuto (RPM). Alcune applicazioni richiedono mandrini ad alta velocit\u00e0 per processi come la foratura o l&#039;incisione, mentre altre, come la filettatura o il taglio grezzo, potrebbero richiedere velocit\u00e0 inferiori con coppia pi\u00f9 elevata. Il motore dovrebbe avere un controllo della velocit\u00e0 variabile per regolare i giri al minuto del mandrino per diversi materiali e operazioni, garantendo versatilit\u00e0 e ottimizzando le prestazioni.<\/li>\n<li><strong>Sistema di raffreddamento<\/strong><br \/>\nI motori a mandrino generano calore durante il funzionamento, specialmente in scenari ad alta potenza o di utilizzo continuo. La scelta di un motore con un sistema di raffreddamento appropriato, come raffreddamento ad aria o a liquido, aiuta a mantenere prestazioni ottimali e a prevenire il surriscaldamento. I mandrini raffreddati a liquido sono in genere pi\u00f9 efficienti per attivit\u00e0 di lunga durata o ad alta potenza, mentre i motori raffreddati ad aria sono spesso sufficienti per applicazioni leggere.<\/li>\n<li><strong>Precisione e runout<\/strong><br \/>\nLa precisione del motore del mandrino \u00e8 fondamentale per lavorazioni ad alta accuratezza. I motori con bassa runout (la quantit\u00e0 di deviazione dal vero asse di rotazione) assicurano che il pezzo in lavorazione sia tenuto saldamente e ruoti uniformemente, portando a una migliore precisione dimensionale e finiture superficiali. I mandrini ad alta precisione sono essenziali per i settori che richiedono tolleranze strette, come la produzione aerospaziale o di dispositivi medici.<\/li>\n<li><strong>Tipo di motore: CA o CC<\/strong><br \/>\nI motori mandrino CNC sono generalmente AC (corrente alternata) o DC (corrente continua). I motori AC sono solitamente preferiti per le applicazioni CNC industriali grazie alla loro affidabilit\u00e0, migliore efficienza energetica e maggiore durata. Sono ideali per operazioni ad alta velocit\u00e0 e coppia elevata. I motori DC, pur offrendo un&#039;eccellente coppia a basse velocit\u00e0, sono spesso pi\u00f9 adatti per macchine CNC pi\u00f9 piccole o pi\u00f9 specializzate con minori richieste di potenza.<\/li>\n<\/ol>\n<p>La scelta del giusto motore mandrino CNC richiede un equilibrio di fattori, tra cui potenza, velocit\u00e0, raffreddamento, precisione e compatibilit\u00e0 con il sistema di controllo della macchina. Considerando attentamente questi fattori, i produttori possono scegliere un motore mandrino che migliori le prestazioni della macchina CNC, migliori l&#039;efficienza della lavorazione e fornisca la qualit\u00e0 desiderata per applicazioni specifiche.<\/p>\n<h2>Ci sono due modi per l&#039;uscita: uno \u00e8 la coppia costante e l&#039;altro \u00e8 la potenza costante come di seguito:<\/h2>\n<p><img loading=\"lazy\" decoding=\"async\" class=\"alignnone size-full wp-image-3573\" src=\"https:\/\/fmp-components.com\/wp-content\/uploads\/2025\/01\/spindle-motor-1.webp\" alt=\"motore-mandrino-1\" width=\"973\" height=\"551\" title=\"\" srcset=\"https:\/\/fmp-components.com\/wp-content\/uploads\/2025\/01\/spindle-motor-1.webp 973w, https:\/\/fmp-components.com\/wp-content\/uploads\/2025\/01\/spindle-motor-1-480x272.webp 480w\" sizes=\"(min-width: 0px) and (max-width: 480px) 480px, (min-width: 481px) 973px, 100vw\" \/><\/p>\n<h2>Spiegazione della nomenclatura del mandrino motore<\/h2>\n<p><img loading=\"lazy\" decoding=\"async\" class=\"alignnone size-full wp-image-3574\" src=\"https:\/\/fmp-components.com\/wp-content\/uploads\/2025\/01\/spindle-motor-2.webp\" alt=\"motore-mandrino-2\" width=\"666\" height=\"351\" title=\"\" srcset=\"https:\/\/fmp-components.com\/wp-content\/uploads\/2025\/01\/spindle-motor-2.webp 666w, https:\/\/fmp-components.com\/wp-content\/uploads\/2025\/01\/spindle-motor-2-480x253.webp 480w\" sizes=\"(min-width: 0px) and (max-width: 480px) 480px, (min-width: 481px) 666px, 100vw\" \/><\/p>\n<h2>La fine della connessione del mandrino<\/h2>\n<p>Esistono molti tipi diversi di collegamento, a seconda del modello di mandrino; fare riferimento alla tabella seguente.<\/p>\n<p><img loading=\"lazy\" decoding=\"async\" class=\"alignnone wp-image-3575\" src=\"https:\/\/fmp-components.com\/wp-content\/uploads\/2025\/01\/spindle-motor-3.webp\" alt=\"motore mandrino\" width=\"885\" height=\"231\" title=\"\" srcset=\"https:\/\/fmp-components.com\/wp-content\/uploads\/2025\/01\/spindle-motor-3.webp 885w, https:\/\/fmp-components.com\/wp-content\/uploads\/2025\/01\/spindle-motor-3-480x125.webp 480w\" sizes=\"(min-width: 0px) and (max-width: 480px) 480px, (min-width: 481px) 885px, 100vw\" \/><\/p>\n<h2>Istruzioni per il mandrino<\/h2>\n<div><span id=\"spin1\">1<\/span>Il convertitore di frequenza\u00a0<span id=\"spin2\">deve<\/span>\u00a0abbinare il\u00a0<span id=\"spin3\">elettrico<\/span>\u00a0unit\u00e0 mandrino. Il\u00a0<span id=\"spin4\">di base<\/span>\u00a0frequenza\u00a0<span id=\"spin5\">o anche il<\/span>\u00a0frequenza nominale\u00a0<span id=\"spin6\">cos\u00ec come<\/span>\u00a0voltaggio\u00a0<span id=\"spin7\">dovr\u00e0<\/span>\u00a0soddisfare i parametri tecnici\u00a0<span id=\"spin8\">del<\/span>\u00a0<span id=\"spin9\">elettrico<\/span>\u00a0mandrino.<br \/>\n<span id=\"spin10\">2<\/span>.\u00a0<span id=\"spin11\">Elettrico<\/span>\u00a0mandrino\u00a0<span id=\"spin12\">\u00e8 generalmente<\/span>\u00a0raffreddato mediante circolazione di acqua. Acqua di raffreddamento\u00a0<span id=\"spin13\">deve essere<\/span>\u00a0antiruggine e filtrato pulito. Quando\u00a0<span id=\"spin14\">acquisizione<\/span>\u00a0acqua, l&#039;ingresso\u00a0<span id=\"spin15\">deve essere<\/span>\u00a0<span id=\"spin16\">Sotto<\/span>\u00a0IL\u00a0<span id=\"spin17\">elettrico<\/span>\u00a0mandrino.<br \/>\n<span id=\"spin18\">tre<\/span>. Quando\u00a0<span id=\"spin19\">lavorare con<\/span>\u00a0un mandrino lubrificato con nebbia d&#039;olio, il\u00a0<span id=\"spin20\">stress<\/span>\u00a0valvola di regolazione\u00a0<span id=\"spin21\">sul<\/span>\u00a0nebbia d&#039;olio\u00a0<span id=\"spin22\">congegno<\/span>\u00a0<span id=\"spin23\">dovrebbe essere<\/span>\u00a0regolato a 0,25~0,3 MPA la nebbia\u00a0<span id=\"spin25\">pressione<\/span>\u00a0<span id=\"spin26\">dovrebbe essere<\/span>\u00a00,1~0,2 MPa\u00a0<span id=\"spin28\">e il<\/span>\u00a0<span id=\"spin29\">variet\u00e0 di<\/span>\u00a0gocce di olio\u00a0<span id=\"spin30\">deve essere<\/span>\u00a060-70 gocce\/min.\u00a0<span id=\"spin31\">e anche il<\/span>\u00a0olio lubrificante\u00a0<span id=\"spin32\">dovrebbe essere<\/span>\u00a0olio per campane o olio per turbine n.\u00a0<span id=\"spin33\">20<\/span>.<br \/>\n<span id=\"spin34\">quattro<\/span>. IL\u00a0<span id=\"spin35\">velocit\u00e0<\/span>\u00a0<span id=\"spin36\">intorno al<\/span>\u00a0mandrino motorizzato\u00a0<span id=\"spin37\">guida<\/span>\u00a0<span id=\"spin38\">\u00e8 sicuramente il<\/span>\u00a0pi\u00f9 alto\u00a0<span id=\"spin39\">velocit\u00e0<\/span>, E\u00a0<span id=\"spin40\">pu\u00f2<\/span>\u00a0non essere\u00a0<span id=\"spin41\">elevato<\/span>,\u00a0<span id=\"spin42\">nonostante ci\u00f2,<\/span>\u00a0<span id=\"spin43\">Forse<\/span>\u00a0<span id=\"spin44\">impiegato<\/span>\u00a0<span id=\"spin45\">ridurre<\/span><br \/>\nIL\u00a0<span id=\"spin46\">ritmo,<\/span>\u00a0tensione e frequenza sono\u00a0<span id=\"spin47\">ridotto<\/span>\u00a0<span id=\"spin48\">una volta il<\/span>\u00a0<span id=\"spin49\">velocit\u00e0<\/span>\u00a0\u00e8 abbassato.<br \/>\n<span id=\"spin50\">5<\/span>La rotazione\u00a0<span id=\"spin51\">corso<\/span>\u00a0<span id=\"spin52\">con il<\/span>\u00a0mandrino motorizzato\u00a0<span id=\"spin53\">di solito \u00e8<\/span>\u00a0in senso antiorario (visto\u00a0<span id=\"spin54\">nel<\/span>\u00a0albero). eccetto per\u00a0<span id=\"spin55\">esclusivo<\/span><br \/>\n<span id=\"spin56\">richieste<\/span>.<br \/>\n<span id=\"spin57\">6<\/span>Il mandrino motorizzato lubrificato da nebbia d&#039;olio\u00a0<span id=\"spin58\">deve essere<\/span>\u00a0<span id=\"spin59\">collegato<\/span>\u00a0con acqua e\u00a0<span id=\"spin60\">benzina<\/span>\u00a0<span id=\"spin61\">precedente a<\/span>\u00a0<span id=\"spin62\">potrebbe essere possibile<\/span>\u00a0<span id=\"spin63\">cominciare<\/span>\u00a0E\u00a0<span id=\"spin64\">cessare<\/span>\u00a0acqua e\u00a0<span id=\"spin65\">carburante\u00a0<\/span><span id=\"spin66\">fornitura<\/span>\u00a0<span id=\"spin67\">Dopo<\/span>\u00a0fermare.<br \/>\nSpiegazione:\u00a0<span id=\"spin68\">unico<\/span>\u00a0operazione\u00a0<span id=\"spin69\">\u00e8 obbligatorio<\/span>\u00a0<span id=\"spin70\">secondo<\/span>\u00a0<span id=\"spin71\">al<\/span>\u00a0<span id=\"spin72\">elettrico<\/span>\u00a0mandrino\u00a0<span id=\"spin73\">linee guida<\/span>.<\/div>\n<div>\n<div class=\"flex max-w-full flex-col flex-grow\">\n<div class=\"min-h-8 text-message flex w-full flex-col items-end gap-2 whitespace-normal break-words text-start [.text-message+&amp;]:mt-5\" dir=\"auto\" data-message-author-role=\"assistant\" data-message-id=\"fbdee532-4424-41b2-a093-d85f55f880e4\" data-message-model-slug=\"gpt-4o-mini\">\n<div class=\"flex w-full flex-col gap-1 empty:hidden first:pt-[3px]\">\n<div class=\"markdown prose w-full break-words dark:prose-invert light\">\n<h2>Informazioni su FMP<\/h2>\n<p>FMP \u00e8 un rinomato produttore specializzato in componenti meccanici di alta qualit\u00e0, tra cui riduttori a vite senza fine conica a spirale, ruote dentate, boccole coniche, cremagliere, giunti e altre parti di trasmissione. Con un forte orientamento all&#039;esportazione, oltre 65% dei nostri prodotti vengono consegnati ai mercati europei, tra cui Germania, Regno Unito e Francia, contribuendo a un volume di esportazione annuale di $18 milioni. Il nostro valore di produzione annuale totale supera i 200 milioni di RMB.<\/p>\n<p>I nostri prodotti sono meticolosamente progettati e realizzati per soddisfare gli standard industriali internazionali, europei e statunitensi. Utilizziamo attrezzature di lavorazione di precisione all&#039;avanguardia, aderiamo a processi di produzione ottimizzati e implementiamo un sistema di gestione flessibile ed efficiente. Il nostro sistema completo di gestione della qualit\u00e0 garantisce una qualit\u00e0 eccezionale del prodotto mantenendo prezzi competitivi.<\/p>\n<p>In FMP, siamo guidati dai principi fondamentali di &quot;Qualit\u00e0: il fondamento del successo aziendale a lungo termine; Integrit\u00e0: la forza trainante della crescita; Servizio: la pietra angolare dello sviluppo; e Convenienza: la chiave per un successo duraturo&quot;. Invitiamo alla collaborazione con partner nazionali e internazionali e rimaniamo impegnati a promuovere la crescita reciproca e raggiungere il successo collettivo.<\/p>\n<\/div>\n<\/div>\n<\/div>\n<\/div>\n<p><img loading=\"lazy\" decoding=\"async\" class=\"alignnone wp-image-3563\" src=\"https:\/\/fmp-components.com\/wp-content\/uploads\/2025\/01\/company-2.webp\" alt=\"azienda\" width=\"873\" height=\"790\" title=\"\" srcset=\"https:\/\/fmp-components.com\/wp-content\/uploads\/2025\/01\/company-2.webp 873w, https:\/\/fmp-components.com\/wp-content\/uploads\/2025\/01\/company-2-480x435.webp 480w\" sizes=\"(min-width: 0px) and (max-width: 480px) 480px, (min-width: 481px) 873px, 100vw\" \/> <img loading=\"lazy\" decoding=\"async\" class=\"alignnone wp-image-3564\" src=\"https:\/\/fmp-components.com\/wp-content\/uploads\/2025\/01\/company-3.webp\" alt=\"azienda\" width=\"873\" height=\"776\" title=\"\" srcset=\"https:\/\/fmp-components.com\/wp-content\/uploads\/2025\/01\/company-3.webp 873w, https:\/\/fmp-components.com\/wp-content\/uploads\/2025\/01\/company-3-480x427.webp 480w\" sizes=\"(min-width: 0px) and (max-width: 480px) 480px, (min-width: 481px) 873px, 100vw\" \/> <img loading=\"lazy\" decoding=\"async\" class=\"alignnone wp-image-3565\" src=\"https:\/\/fmp-components.com\/wp-content\/uploads\/2025\/01\/company-1.webp\" alt=\"azienda\" width=\"877\" height=\"225\" title=\"\" srcset=\"https:\/\/fmp-components.com\/wp-content\/uploads\/2025\/01\/company-1.webp 877w, https:\/\/fmp-components.com\/wp-content\/uploads\/2025\/01\/company-1-480x123.webp 480w\" sizes=\"(min-width: 0px) and (max-width: 480px) 480px, (min-width: 481px) 877px, 100vw\" \/><\/p>\n<p>Autore: CX<\/p>\n<\/div>","protected":false},"excerpt":{"rendered":"<p>Choosing the Right CNC Spindle Motor Type Selecting the appropriate CNC spindle motor is essential for optimizing performance, precision, and efficiency in machining operations. The right motor ensures the machine can handle the required workload while achieving the desired output quality. Here are key factors to consider when choosing a CNC spindle motor: Power and [&hellip;]<\/p>","protected":false},"featured_media":3606,"comment_status":"open","ping_status":"closed","template":"","meta":{"_et_pb_use_builder":"","_et_pb_old_content":"","_et_gb_content_width":""},"product_brand":[],"product_cat":[89],"product_tag":[],"class_list":{"0":"post-3604","1":"product","2":"type-product","3":"status-publish","4":"has-post-thumbnail","6":"product_cat-spindle-motor","8":"first","9":"instock","10":"shipping-taxable","11":"product-type-simple"},"_links":{"self":[{"href":"https:\/\/fmp-components.com\/it\/wp-json\/wp\/v2\/product\/3604","targetHints":{"allow":["GET"]}}],"collection":[{"href":"https:\/\/fmp-components.com\/it\/wp-json\/wp\/v2\/product"}],"about":[{"href":"https:\/\/fmp-components.com\/it\/wp-json\/wp\/v2\/types\/product"}],"replies":[{"embeddable":true,"href":"https:\/\/fmp-components.com\/it\/wp-json\/wp\/v2\/comments?post=3604"}],"wp:featuredmedia":[{"embeddable":true,"href":"https:\/\/fmp-components.com\/it\/wp-json\/wp\/v2\/media\/3606"}],"wp:attachment":[{"href":"https:\/\/fmp-components.com\/it\/wp-json\/wp\/v2\/media?parent=3604"}],"wp:term":[{"taxonomy":"product_brand","embeddable":true,"href":"https:\/\/fmp-components.com\/it\/wp-json\/wp\/v2\/product_brand?post=3604"},{"taxonomy":"product_cat","embeddable":true,"href":"https:\/\/fmp-components.com\/it\/wp-json\/wp\/v2\/product_cat?post=3604"},{"taxonomy":"product_tag","embeddable":true,"href":"https:\/\/fmp-components.com\/it\/wp-json\/wp\/v2\/product_tag?post=3604"}],"curies":[{"name":"parola chiave","href":"https:\/\/api.w.org\/{rel}","templated":true}]}}