{"id":3584,"date":"2025-01-08T08:08:35","date_gmt":"2025-01-08T08:08:35","guid":{"rendered":"https:\/\/fmp-components.com\/?page_id=8"},"modified":"2025-01-08T08:08:35","modified_gmt":"2025-01-08T08:08:35","slug":"spindle-motor-used-for-lathe-jszd150h","status":"publish","type":"product","link":"https:\/\/fmp-components.com\/it\/product\/spindle-motor-used-for-lathe-jszd150h\/","title":{"rendered":"Motore mandrino utilizzato per tornio JSZD150H"},"content":{"rendered":"<p style=\"text-align: center;\"><span style=\"font-size: 18pt;\">Motore mandrino utilizzato per tornio JSZD150H<\/span><\/p>\n<p>I motori a mandrino hanno molti vantaggi rispetto ad altri tipi di motori, tra cui dimensioni ridotte, elevata affidabilit\u00e0 e basso consumo energetico. Possono anche funzionare per migliaia di ore senza problemi e sono molto silenziosi. Ci\u00f2 consente loro di essere installati in spazi pi\u00f9 piccoli e le piste occupano meno spazio. Le piste sono cerchi concentrici di materiale magnetico attorno all&#039;albero del motore a mandrino.<\/p>\n<p><img loading=\"lazy\" decoding=\"async\" class=\"alignnone size-full wp-image-3590\" src=\"https:\/\/fmp-components.com\/wp-content\/uploads\/2025\/01\/spindle-motor-used-for-lathe-jszd220-2.webp\" alt=\"motore-mandrino-usato-per-tornio-jszd220-2\" width=\"847\" height=\"518\" title=\"\" srcset=\"https:\/\/fmp-components.com\/wp-content\/uploads\/2025\/01\/spindle-motor-used-for-lathe-jszd220-2.webp 847w, https:\/\/fmp-components.com\/wp-content\/uploads\/2025\/01\/spindle-motor-used-for-lathe-jszd220-2-480x294.webp 480w\" sizes=\"(min-width: 0px) and (max-width: 480px) 480px, (min-width: 481px) 847px, 100vw\" \/> <img loading=\"lazy\" decoding=\"async\" class=\"alignnone size-full wp-image-3589\" src=\"https:\/\/fmp-components.com\/wp-content\/uploads\/2025\/01\/spindle-motor-used-for-lathe-jszd220-3.webp\" alt=\"motore-mandrino-usato-per-tornio-jszd220-3\" width=\"856\" height=\"192\" title=\"\" srcset=\"https:\/\/fmp-components.com\/wp-content\/uploads\/2025\/01\/spindle-motor-used-for-lathe-jszd220-3.webp 856w, https:\/\/fmp-components.com\/wp-content\/uploads\/2025\/01\/spindle-motor-used-for-lathe-jszd220-3-480x108.webp 480w\" sizes=\"(min-width: 0px) and (max-width: 480px) 480px, (min-width: 481px) 856px, 100vw\" \/><\/p>\n<h3>Caratteristiche dei mandrini utilizzati per il tornio<\/h3>\n<ol>\n<li><strong>Elevata coppia e trasmissione di potenza<\/strong><br \/>\nI mandrini utilizzati nei torni sono progettati per fornire una coppia elevata e costante, consentendo un&#039;efficiente rimozione del materiale anche sotto carichi di taglio pesanti. Ci\u00f2 garantisce un funzionamento regolare e la capacit\u00e0 di gestire materiali difficili senza sacrificare le prestazioni.<\/li>\n<li><strong>Controllo della velocit\u00e0 variabile<\/strong><br \/>\nI mandrini dei torni spesso sono dotati di capacit\u00e0 di velocit\u00e0 variabile, consentendo agli operatori di regolare la velocit\u00e0 del mandrino per adattarla a diverse attivit\u00e0 di lavorazione. Questa flessibilit\u00e0 \u00e8 fondamentale per la lavorazione di vari materiali, dai metalli alle plastiche, e garantisce condizioni di taglio ottimali per lavori di precisione.<\/li>\n<li><strong>Precisione e stabilit\u00e0<\/strong><br \/>\nI mandrini del tornio sono progettati per un&#039;elevata precisione e una minima eccentricit\u00e0, assicurando che il pezzo ruoti accuratamente lungo il suo asse. Questa precisione \u00e8 fondamentale per produrre parti con tolleranze strette e ottenere finiture superficiali eccellenti, specialmente in applicazioni di fascia alta come la produzione aerospaziale o automobilistica.<\/li>\n<li><strong>Durata e resistenza al calore<\/strong><br \/>\nData la natura impegnativa delle operazioni di tornitura, i mandrini sono costruiti per resistere a un uso prolungato ad alte velocit\u00e0 e con carichi variabili. Molti mandrini di tornio sono dotati di sistemi di raffreddamento avanzati, come raffreddamento ad aria o a liquido, per dissipare il calore e garantire prestazioni stabili per periodi prolungati.<\/li>\n<li><strong>Bassa vibrazione e rumore<\/strong><br \/>\nI mandrini per torni di alta qualit\u00e0 sono progettati per ridurre al minimo le vibrazioni e il rumore, che sono essenziali per mantenere la precisione dei pezzi e creare un ambiente di lavoro pi\u00f9 silenzioso. I bassi livelli di vibrazione contribuiscono anche a una migliore durata dell&#039;utensile e alla qualit\u00e0 del pezzo in lavorazione.<\/li>\n<\/ol>\n<p>Nel complesso, i mandrini dei torni sono progettati per garantire affidabilit\u00e0, precisione e versatilit\u00e0, il che li rende un componente essenziale per garantire elevate prestazioni ed efficienza dei torni in un&#039;ampia gamma di applicazioni.<\/p>\n<h2>Ci sono due modi per l&#039;uscita: uno \u00e8 la coppia costante e l&#039;altro \u00e8 la potenza costante come di seguito:<\/h2>\n<p><img loading=\"lazy\" decoding=\"async\" class=\"alignnone size-full wp-image-3573\" src=\"https:\/\/fmp-components.com\/wp-content\/uploads\/2025\/01\/spindle-motor-1.webp\" alt=\"motore-mandrino-1\" width=\"973\" height=\"551\" title=\"\" srcset=\"https:\/\/fmp-components.com\/wp-content\/uploads\/2025\/01\/spindle-motor-1.webp 973w, https:\/\/fmp-components.com\/wp-content\/uploads\/2025\/01\/spindle-motor-1-480x272.webp 480w\" sizes=\"(min-width: 0px) and (max-width: 480px) 480px, (min-width: 481px) 973px, 100vw\" \/><\/p>\n<h2>Spiegazione della nomenclatura del mandrino motore<\/h2>\n<p><img loading=\"lazy\" decoding=\"async\" class=\"alignnone size-full wp-image-3574\" src=\"https:\/\/fmp-components.com\/wp-content\/uploads\/2025\/01\/spindle-motor-2.webp\" alt=\"motore-mandrino-2\" width=\"666\" height=\"351\" title=\"\" srcset=\"https:\/\/fmp-components.com\/wp-content\/uploads\/2025\/01\/spindle-motor-2.webp 666w, https:\/\/fmp-components.com\/wp-content\/uploads\/2025\/01\/spindle-motor-2-480x253.webp 480w\" sizes=\"(min-width: 0px) and (max-width: 480px) 480px, (min-width: 481px) 666px, 100vw\" \/><\/p>\n<h2>La fine della connessione del mandrino<\/h2>\n<p>Esistono molti tipi diversi di collegamento, a seconda del modello di mandrino; fare riferimento alla tabella seguente.<\/p>\n<p><img loading=\"lazy\" decoding=\"async\" class=\"alignnone wp-image-3575\" src=\"https:\/\/fmp-components.com\/wp-content\/uploads\/2025\/01\/spindle-motor-3.webp\" alt=\"motore mandrino\" width=\"885\" height=\"231\" title=\"\" srcset=\"https:\/\/fmp-components.com\/wp-content\/uploads\/2025\/01\/spindle-motor-3.webp 885w, https:\/\/fmp-components.com\/wp-content\/uploads\/2025\/01\/spindle-motor-3-480x125.webp 480w\" sizes=\"(min-width: 0px) and (max-width: 480px) 480px, (min-width: 481px) 885px, 100vw\" \/><\/p>\n<h2>Istruzioni per il mandrino<\/h2>\n<div><span id=\"spin1\">1<\/span>Il convertitore di frequenza\u00a0<span id=\"spin2\">deve<\/span>\u00a0abbinare il\u00a0<span id=\"spin3\">elettrico<\/span>\u00a0unit\u00e0 mandrino. Il\u00a0<span id=\"spin4\">di base<\/span>\u00a0frequenza\u00a0<span id=\"spin5\">o anche il<\/span>\u00a0frequenza nominale\u00a0<span id=\"spin6\">cos\u00ec come<\/span>\u00a0voltaggio\u00a0<span id=\"spin7\">dovr\u00e0<\/span>\u00a0soddisfare i parametri tecnici\u00a0<span id=\"spin8\">del<\/span>\u00a0<span id=\"spin9\">elettrico<\/span>\u00a0mandrino.<br \/>\n<span id=\"spin10\">2<\/span>.\u00a0<span id=\"spin11\">Elettrico<\/span>\u00a0mandrino\u00a0<span id=\"spin12\">\u00e8 generalmente<\/span>\u00a0raffreddato mediante circolazione di acqua. Acqua di raffreddamento\u00a0<span id=\"spin13\">deve essere<\/span>\u00a0antiruggine e filtrato pulito. Quando\u00a0<span id=\"spin14\">acquisizione<\/span>\u00a0acqua, l&#039;ingresso\u00a0<span id=\"spin15\">deve essere<\/span>\u00a0<span id=\"spin16\">Sotto<\/span>\u00a0IL\u00a0<span id=\"spin17\">elettrico<\/span>\u00a0mandrino.<br \/>\n<span id=\"spin18\">tre<\/span>. Quando\u00a0<span id=\"spin19\">lavorare con<\/span>\u00a0un mandrino lubrificato con nebbia d&#039;olio, il\u00a0<span id=\"spin20\">stress<\/span>\u00a0valvola di regolazione\u00a0<span id=\"spin21\">sul<\/span>\u00a0nebbia d&#039;olio\u00a0<span id=\"spin22\">congegno<\/span>\u00a0<span id=\"spin23\">dovrebbe essere<\/span>\u00a0regolato a 0,25~0,3 MPA la nebbia\u00a0<span id=\"spin25\">pressione<\/span>\u00a0<span id=\"spin26\">dovrebbe essere<\/span>\u00a00,1~0,2 MPa\u00a0<span id=\"spin28\">e il<\/span>\u00a0<span id=\"spin29\">variet\u00e0 di<\/span>\u00a0gocce di olio\u00a0<span id=\"spin30\">deve essere<\/span>\u00a060-70 gocce\/min.\u00a0<span id=\"spin31\">e anche il<\/span>\u00a0olio lubrificante\u00a0<span id=\"spin32\">dovrebbe essere<\/span>\u00a0olio per campane o olio per turbine n.\u00a0<span id=\"spin33\">20<\/span>.<br \/>\n<span id=\"spin34\">quattro<\/span>. IL\u00a0<span id=\"spin35\">velocit\u00e0<\/span>\u00a0<span id=\"spin36\">intorno al<\/span>\u00a0mandrino motorizzato\u00a0<span id=\"spin37\">guida<\/span>\u00a0<span id=\"spin38\">\u00e8 sicuramente il<\/span>\u00a0pi\u00f9 alto\u00a0<span id=\"spin39\">velocit\u00e0<\/span>, E\u00a0<span id=\"spin40\">pu\u00f2<\/span>\u00a0non essere\u00a0<span id=\"spin41\">elevato<\/span>,\u00a0<span id=\"spin42\">nonostante ci\u00f2,<\/span>\u00a0<span id=\"spin43\">Forse<\/span>\u00a0<span id=\"spin44\">impiegato<\/span>\u00a0<span id=\"spin45\">ridurre<\/span><br \/>\nIL\u00a0<span id=\"spin46\">ritmo,<\/span>\u00a0tensione e frequenza sono\u00a0<span id=\"spin47\">ridotto<\/span>\u00a0<span id=\"spin48\">una volta il<\/span>\u00a0<span id=\"spin49\">velocit\u00e0<\/span>\u00a0\u00e8 abbassato.<br \/>\n<span id=\"spin50\">5<\/span>La rotazione\u00a0<span id=\"spin51\">corso<\/span>\u00a0<span id=\"spin52\">con il<\/span>\u00a0mandrino motorizzato\u00a0<span id=\"spin53\">di solito \u00e8<\/span>\u00a0in senso antiorario (visto\u00a0<span id=\"spin54\">nel<\/span>\u00a0albero). eccetto per\u00a0<span id=\"spin55\">esclusivo<\/span><br \/>\n<span id=\"spin56\">richieste<\/span>.<br \/>\n<span id=\"spin57\">6<\/span>Il mandrino motorizzato lubrificato da nebbia d&#039;olio\u00a0<span id=\"spin58\">deve essere<\/span>\u00a0<span id=\"spin59\">collegato<\/span>\u00a0con acqua e\u00a0<span id=\"spin60\">benzina<\/span>\u00a0<span id=\"spin61\">precedente a<\/span>\u00a0<span id=\"spin62\">potrebbe essere possibile<\/span>\u00a0<span id=\"spin63\">cominciare<\/span>\u00a0E\u00a0<span id=\"spin64\">cessare<\/span>\u00a0acqua e\u00a0<span id=\"spin65\">carburante\u00a0<\/span><span id=\"spin66\">fornitura<\/span>\u00a0<span id=\"spin67\">Dopo<\/span>\u00a0fermare.<br \/>\nSpiegazione:\u00a0<span id=\"spin68\">unico<\/span>\u00a0operazione\u00a0<span id=\"spin69\">\u00e8 obbligatorio<\/span>\u00a0<span id=\"spin70\">secondo<\/span>\u00a0<span id=\"spin71\">al<\/span>\u00a0<span id=\"spin72\">elettrico<\/span>\u00a0mandrino\u00a0<span id=\"spin73\">linee guida<\/span>.<\/div>\n<div>\n<div class=\"flex max-w-full flex-col flex-grow\">\n<div class=\"min-h-8 text-message flex w-full flex-col items-end gap-2 whitespace-normal break-words text-start [.text-message+&amp;]:mt-5\" dir=\"auto\" data-message-author-role=\"assistant\" data-message-id=\"fbdee532-4424-41b2-a093-d85f55f880e4\" data-message-model-slug=\"gpt-4o-mini\">\n<div class=\"flex w-full flex-col gap-1 empty:hidden first:pt-[3px]\">\n<div class=\"markdown prose w-full break-words dark:prose-invert light\">\n<h2>Informazioni su FMP<\/h2>\n<p>FMP \u00e8 un produttore leader specializzato in componenti meccanici, tra cui riduttori a vite senza fine conica a spirale, ruote dentate, boccole coniche, cremagliere, giunti e altre parti di trasmissione. Con una forte attenzione all&#039;esportazione, oltre 65% dei nostri prodotti vengono spediti nei mercati europei come Germania, Regno Unito e Francia, generando un valore di esportazione annuo di $18 milioni. Il nostro valore di produzione annuo totale raggiunge i 200 milioni di RMB.<\/p>\n<p>Tutti i prodotti FMP sono progettati e realizzati secondo gli standard industriali internazionali, europei e statunitensi. Utilizziamo attrezzature di lavorazione di precisione avanzate, seguiamo processi di produzione ottimizzati e manteniamo un sistema di gestione flessibile ed efficiente. Il nostro robusto sistema di gestione della qualit\u00e0 garantisce elevati standard di prodotto mantenendo i nostri prezzi competitivi.<\/p>\n<p>In FMP, sosteniamo i valori fondamentali di &quot;Qualit\u00e0: la pietra angolare della sostenibilit\u00e0 aziendale; Integrit\u00e0: il motore della crescita aziendale; Servizio: il fondamento dello sviluppo; e Convenienza: la chiave del successo&quot;. Accogliamo con favore la collaborazione con clienti nazionali e internazionali e ci impegniamo a promuovere la crescita e il successo reciproci.<\/p>\n<\/div>\n<\/div>\n<\/div>\n<\/div>\n<p><img loading=\"lazy\" decoding=\"async\" class=\"alignnone wp-image-3563\" src=\"https:\/\/fmp-components.com\/wp-content\/uploads\/2025\/01\/company-2.webp\" alt=\"azienda\" width=\"873\" height=\"790\" title=\"\" srcset=\"https:\/\/fmp-components.com\/wp-content\/uploads\/2025\/01\/company-2.webp 873w, https:\/\/fmp-components.com\/wp-content\/uploads\/2025\/01\/company-2-480x435.webp 480w\" sizes=\"(min-width: 0px) and (max-width: 480px) 480px, (min-width: 481px) 873px, 100vw\" \/> <img loading=\"lazy\" decoding=\"async\" class=\"alignnone wp-image-3564\" src=\"https:\/\/fmp-components.com\/wp-content\/uploads\/2025\/01\/company-3.webp\" alt=\"azienda\" width=\"873\" height=\"776\" title=\"\" srcset=\"https:\/\/fmp-components.com\/wp-content\/uploads\/2025\/01\/company-3.webp 873w, https:\/\/fmp-components.com\/wp-content\/uploads\/2025\/01\/company-3-480x427.webp 480w\" sizes=\"(min-width: 0px) and (max-width: 480px) 480px, (min-width: 481px) 873px, 100vw\" \/> <img loading=\"lazy\" decoding=\"async\" class=\"alignnone wp-image-3565\" src=\"https:\/\/fmp-components.com\/wp-content\/uploads\/2025\/01\/company-1.webp\" alt=\"azienda\" width=\"877\" height=\"225\" title=\"\" srcset=\"https:\/\/fmp-components.com\/wp-content\/uploads\/2025\/01\/company-1.webp 877w, https:\/\/fmp-components.com\/wp-content\/uploads\/2025\/01\/company-1-480x123.webp 480w\" sizes=\"(min-width: 0px) and (max-width: 480px) 480px, (min-width: 481px) 877px, 100vw\" \/><\/p>\n<p>Autore: CX<\/p>\n<\/div>","protected":false},"excerpt":{"rendered":"<p>Spindle Motor Used for Lathe JSZD150H Spindle motors have many advantages over other types of motors, including small size, high reliability, and low power consumption. They can also run for thousands of hours without trouble and are very quiet. This allows them to be installed in smaller spaces, and the tracks take up less space. [&hellip;]<\/p>","protected":false},"featured_media":3588,"comment_status":"open","ping_status":"closed","template":"","meta":{"_et_pb_use_builder":"","_et_pb_old_content":"","_et_gb_content_width":""},"product_brand":[],"product_cat":[89],"product_tag":[],"class_list":{"0":"post-3584","1":"product","2":"type-product","3":"status-publish","4":"has-post-thumbnail","6":"product_cat-spindle-motor","8":"first","9":"instock","10":"shipping-taxable","11":"product-type-simple"},"_links":{"self":[{"href":"https:\/\/fmp-components.com\/it\/wp-json\/wp\/v2\/product\/3584","targetHints":{"allow":["GET"]}}],"collection":[{"href":"https:\/\/fmp-components.com\/it\/wp-json\/wp\/v2\/product"}],"about":[{"href":"https:\/\/fmp-components.com\/it\/wp-json\/wp\/v2\/types\/product"}],"replies":[{"embeddable":true,"href":"https:\/\/fmp-components.com\/it\/wp-json\/wp\/v2\/comments?post=3584"}],"wp:featuredmedia":[{"embeddable":true,"href":"https:\/\/fmp-components.com\/it\/wp-json\/wp\/v2\/media\/3588"}],"wp:attachment":[{"href":"https:\/\/fmp-components.com\/it\/wp-json\/wp\/v2\/media?parent=3584"}],"wp:term":[{"taxonomy":"product_brand","embeddable":true,"href":"https:\/\/fmp-components.com\/it\/wp-json\/wp\/v2\/product_brand?post=3584"},{"taxonomy":"product_cat","embeddable":true,"href":"https:\/\/fmp-components.com\/it\/wp-json\/wp\/v2\/product_cat?post=3584"},{"taxonomy":"product_tag","embeddable":true,"href":"https:\/\/fmp-components.com\/it\/wp-json\/wp\/v2\/product_tag?post=3584"}],"curies":[{"name":"parola chiave","href":"https:\/\/api.w.org\/{rel}","templated":true}]}}