{"id":3578,"date":"2025-01-08T06:53:08","date_gmt":"2025-01-08T06:53:08","guid":{"rendered":"https:\/\/fmp-components.com\/?page_id=8"},"modified":"2025-01-08T08:48:39","modified_gmt":"2025-01-08T08:48:39","slug":"spindle-motor-used-for-lathe-jszd150t-jszd110j","status":"publish","type":"product","link":"https:\/\/fmp-components.com\/it\/product\/spindle-motor-used-for-lathe-jszd150t-jszd110j\/","title":{"rendered":"Motore mandrino utilizzato per tornio JSZD150T JSZD110J"},"content":{"rendered":"<p><img loading=\"lazy\" decoding=\"async\" class=\"alignnone size-full wp-image-3580\" src=\"https:\/\/fmp-components.com\/wp-content\/uploads\/2025\/01\/spindle-motor-used-for-lathe-jszd150t-3.webp\" alt=\"motore-mandrino-usato-per-tornio-jszd150t-3\" width=\"851\" height=\"105\" title=\"\" srcset=\"https:\/\/fmp-components.com\/wp-content\/uploads\/2025\/01\/spindle-motor-used-for-lathe-jszd150t-3.webp 851w, https:\/\/fmp-components.com\/wp-content\/uploads\/2025\/01\/spindle-motor-used-for-lathe-jszd150t-3-480x59.webp 480w\" sizes=\"(min-width: 0px) and (max-width: 480px) 480px, (min-width: 481px) 851px, 100vw\" \/> <img loading=\"lazy\" decoding=\"async\" class=\"alignnone size-full wp-image-3581\" src=\"https:\/\/fmp-components.com\/wp-content\/uploads\/2025\/01\/spindle-motor-used-for-lathe-jszd110j-2.webp\" alt=\"motore-mandrino-usato-per-tornio-jszd110j-2\" width=\"849\" height=\"102\" title=\"\" srcset=\"https:\/\/fmp-components.com\/wp-content\/uploads\/2025\/01\/spindle-motor-used-for-lathe-jszd110j-2.webp 849w, https:\/\/fmp-components.com\/wp-content\/uploads\/2025\/01\/spindle-motor-used-for-lathe-jszd110j-2-480x58.webp 480w\" sizes=\"(min-width: 0px) and (max-width: 480px) 480px, (min-width: 481px) 849px, 100vw\" \/> <img loading=\"lazy\" decoding=\"async\" class=\"alignnone size-full wp-image-3582\" src=\"https:\/\/fmp-components.com\/wp-content\/uploads\/2025\/01\/spindle-motor-used-for-lathe-jszd150t-2.webp\" alt=\"motore-mandrino-usato-per-tornio-jszd150t-2\" width=\"850\" height=\"327\" title=\"\" srcset=\"https:\/\/fmp-components.com\/wp-content\/uploads\/2025\/01\/spindle-motor-used-for-lathe-jszd150t-2.webp 850w, https:\/\/fmp-components.com\/wp-content\/uploads\/2025\/01\/spindle-motor-used-for-lathe-jszd150t-2-480x185.webp 480w\" sizes=\"(min-width: 0px) and (max-width: 480px) 480px, (min-width: 481px) 850px, 100vw\" \/> <img loading=\"lazy\" decoding=\"async\" class=\"alignnone size-full wp-image-3583\" src=\"https:\/\/fmp-components.com\/wp-content\/uploads\/2025\/01\/spindle-motor-used-for-lathe-jszd110j-1.webp\" alt=\"motore-mandrino-usato-per-tornio-jszd110j-1\" width=\"831\" height=\"278\" title=\"\" srcset=\"https:\/\/fmp-components.com\/wp-content\/uploads\/2025\/01\/spindle-motor-used-for-lathe-jszd110j-1.webp 831w, https:\/\/fmp-components.com\/wp-content\/uploads\/2025\/01\/spindle-motor-used-for-lathe-jszd110j-1-480x161.webp 480w\" sizes=\"(min-width: 0px) and (max-width: 480px) 480px, (min-width: 481px) 831px, 100vw\" \/><\/p>\n<h3>Applicazioni del motore del mandrino<\/h3>\n<p>I motori mandrino sono essenziali in vari processi di lavorazione e produzione di precisione, azionando la rotazione degli utensili e consentendo operazioni di taglio, rettifica e fresatura ad alte prestazioni. Comunemente utilizzati nelle macchine CNC, offrono coppia elevata e controllo della velocit\u00e0, rendendoli ideali per applicazioni che richiedono tolleranze strette e geometrie complesse. La loro capacit\u00e0 di fornire una potenza di uscita costante assicura prestazioni di taglio ottimali e qualit\u00e0 di finitura superficiale.<\/p>\n<p>Nei settori automobilistico e aerospaziale, i motori mandrino sono impiegati nella produzione ad alta precisione, come parti di motori, pale di turbine e altri componenti critici. La loro versatilit\u00e0 consente loro di gestire un&#039;ampia gamma di materiali, dai metalli ai compositi, mantenendo al contempo gli elevati standard qualitativi richiesti in questi settori.<\/p>\n<p>Inoltre, i motori a mandrino sono ampiamente utilizzati nei settori della lavorazione del legno, della medicina e dell&#039;elettronica. Ad esempio, sono parte integrante della foratura di PCB, dell&#039;incisione laser e della produzione di dispositivi medici, dove affidabilit\u00e0, precisione e prestazioni costanti sono fondamentali. L&#039;adattabilit\u00e0 dei motori a mandrino li rende indispensabili in numerose applicazioni specializzate in diversi settori.<\/p>\n<h3>Motore mandrino utilizzato per tornio<\/h3>\n<p>I motori mandrino sono componenti critici nei torni, dove forniscono la potenza di rotazione richiesta per le operazioni di tornitura. In un tornio, il motore mandrino aziona la rotazione del pezzo in lavorazione, mentre gli utensili eseguono varie operazioni come taglio, foratura e filettatura. Questi motori sono progettati per fornire coppia e velocit\u00e0 costanti, assicurando il funzionamento regolare del tornio mantenendo la precisione, in particolare in attivit\u00e0 ad alta richiesta come lavorazioni ad alta velocit\u00e0 o taglio pesante.<\/p>\n<p>I motori mandrino del tornio sono in genere motori ad alta coppia e bassa velocit\u00e0 che possono anche gestire regolazioni di velocit\u00e0 variabili, consentendo all&#039;operatore di mettere a punto le prestazioni del motore per adattarle al materiale specifico e all&#039;operazione di taglio. Questa flessibilit\u00e0 \u00e8 fondamentale per la lavorazione di una variet\u00e0 di metalli, plastiche e compositi con diverse caratteristiche di taglio. Offrendo un&#039;accelerazione e una decelerazione fluide, i motori mandrino aiutano a ridurre al minimo le vibrazioni e a mantenere la precisione dimensionale del pezzo in lavorazione.<\/p>\n<p>Grazie a meccanismi di raffreddamento avanzati, come il raffreddamento a liquido o ad aria, i motori dei mandrini dei torni possono funzionare a livelli di potenza pi\u00f9 elevati senza surriscaldarsi, garantendo durevolezza e lunga durata. La loro precisione e affidabilit\u00e0 li rendono indispensabili per settori come quello automobilistico, aerospaziale e manifatturiero, dove vengono prodotte costantemente parti precise e di alta qualit\u00e0.<\/p>\n<h2>Ci sono due modi per l&#039;uscita: uno \u00e8 la coppia costante e l&#039;altro \u00e8 la potenza costante come di seguito:<\/h2>\n<p><img loading=\"lazy\" decoding=\"async\" class=\"alignnone size-full wp-image-3573\" src=\"https:\/\/fmp-components.com\/wp-content\/uploads\/2025\/01\/spindle-motor-1.webp\" alt=\"motore-mandrino-1\" width=\"973\" height=\"551\" title=\"\" srcset=\"https:\/\/fmp-components.com\/wp-content\/uploads\/2025\/01\/spindle-motor-1.webp 973w, https:\/\/fmp-components.com\/wp-content\/uploads\/2025\/01\/spindle-motor-1-480x272.webp 480w\" sizes=\"(min-width: 0px) and (max-width: 480px) 480px, (min-width: 481px) 973px, 100vw\" \/><\/p>\n<h2>Spiegazione della nomenclatura del mandrino motore<\/h2>\n<p><img loading=\"lazy\" decoding=\"async\" class=\"alignnone size-full wp-image-3574\" src=\"https:\/\/fmp-components.com\/wp-content\/uploads\/2025\/01\/spindle-motor-2.webp\" alt=\"motore-mandrino-2\" width=\"666\" height=\"351\" title=\"\" srcset=\"https:\/\/fmp-components.com\/wp-content\/uploads\/2025\/01\/spindle-motor-2.webp 666w, https:\/\/fmp-components.com\/wp-content\/uploads\/2025\/01\/spindle-motor-2-480x253.webp 480w\" sizes=\"(min-width: 0px) and (max-width: 480px) 480px, (min-width: 481px) 666px, 100vw\" \/><\/p>\n<h2>La fine della connessione del mandrino<\/h2>\n<p>Esistono molti tipi diversi di collegamento, a seconda del modello di mandrino; fare riferimento alla tabella seguente.<\/p>\n<p><img loading=\"lazy\" decoding=\"async\" class=\"alignnone wp-image-3575\" src=\"https:\/\/fmp-components.com\/wp-content\/uploads\/2025\/01\/spindle-motor-3.webp\" alt=\"motore mandrino\" width=\"885\" height=\"231\" title=\"\" srcset=\"https:\/\/fmp-components.com\/wp-content\/uploads\/2025\/01\/spindle-motor-3.webp 885w, https:\/\/fmp-components.com\/wp-content\/uploads\/2025\/01\/spindle-motor-3-480x125.webp 480w\" sizes=\"(min-width: 0px) and (max-width: 480px) 480px, (min-width: 481px) 885px, 100vw\" \/><\/p>\n<h2>Istruzioni per il mandrino<\/h2>\n<div><span id=\"spin1\">1<\/span>Il convertitore di frequenza\u00a0<span id=\"spin2\">deve<\/span>\u00a0abbinare il\u00a0<span id=\"spin3\">elettrico<\/span>\u00a0unit\u00e0 mandrino. Il\u00a0<span id=\"spin4\">di base<\/span>\u00a0frequenza\u00a0<span id=\"spin5\">o anche il<\/span>\u00a0frequenza nominale\u00a0<span id=\"spin6\">cos\u00ec come<\/span>\u00a0voltaggio\u00a0<span id=\"spin7\">dovr\u00e0<\/span>\u00a0soddisfare i parametri tecnici\u00a0<span id=\"spin8\">del<\/span>\u00a0<span id=\"spin9\">elettrico<\/span>\u00a0mandrino.<br \/>\n<span id=\"spin10\">2<\/span>.\u00a0<span id=\"spin11\">Elettrico<\/span>\u00a0mandrino\u00a0<span id=\"spin12\">\u00e8 generalmente<\/span>\u00a0raffreddato mediante circolazione di acqua. Acqua di raffreddamento\u00a0<span id=\"spin13\">deve essere<\/span>\u00a0antiruggine e filtrato pulito. Quando\u00a0<span id=\"spin14\">acquisizione<\/span>\u00a0acqua, l&#039;ingresso\u00a0<span id=\"spin15\">deve essere<\/span>\u00a0<span id=\"spin16\">Sotto<\/span>\u00a0IL\u00a0<span id=\"spin17\">elettrico<\/span>\u00a0mandrino.<br \/>\n<span id=\"spin18\">tre<\/span>. Quando\u00a0<span id=\"spin19\">lavorare con<\/span>\u00a0un mandrino lubrificato con nebbia d&#039;olio, il\u00a0<span id=\"spin20\">stress<\/span>\u00a0valvola di regolazione\u00a0<span id=\"spin21\">sul<\/span>\u00a0nebbia d&#039;olio\u00a0<span id=\"spin22\">congegno<\/span>\u00a0<span id=\"spin23\">dovrebbe essere<\/span>\u00a0regolato a 0,25~0,3 MPA la nebbia\u00a0<span id=\"spin25\">pressione<\/span>\u00a0<span id=\"spin26\">dovrebbe essere<\/span>\u00a00,1~0,2 MPa\u00a0<span id=\"spin28\">e il<\/span>\u00a0<span id=\"spin29\">variet\u00e0 di<\/span>\u00a0gocce di olio\u00a0<span id=\"spin30\">deve essere<\/span>\u00a060-70 gocce\/min.\u00a0<span id=\"spin31\">e anche il<\/span>\u00a0olio lubrificante\u00a0<span id=\"spin32\">dovrebbe essere<\/span>\u00a0olio per campane o olio per turbine n.\u00a0<span id=\"spin33\">20<\/span>.<br \/>\n<span id=\"spin34\">quattro<\/span>. IL\u00a0<span id=\"spin35\">velocit\u00e0<\/span>\u00a0<span id=\"spin36\">intorno al<\/span>\u00a0mandrino motorizzato\u00a0<span id=\"spin37\">guida<\/span>\u00a0<span id=\"spin38\">\u00e8 sicuramente il<\/span>\u00a0pi\u00f9 alto\u00a0<span id=\"spin39\">velocit\u00e0<\/span>, E\u00a0<span id=\"spin40\">pu\u00f2<\/span>\u00a0non essere\u00a0<span id=\"spin41\">elevato<\/span>,\u00a0<span id=\"spin42\">nonostante ci\u00f2,<\/span>\u00a0<span id=\"spin43\">Forse<\/span>\u00a0<span id=\"spin44\">impiegato<\/span>\u00a0<span id=\"spin45\">ridurre<\/span><br \/>\nIL\u00a0<span id=\"spin46\">ritmo,<\/span>\u00a0tensione e frequenza sono\u00a0<span id=\"spin47\">ridotto<\/span>\u00a0<span id=\"spin48\">una volta il<\/span>\u00a0<span id=\"spin49\">velocit\u00e0<\/span>\u00a0\u00e8 abbassato.<br \/>\n<span id=\"spin50\">5<\/span>La rotazione\u00a0<span id=\"spin51\">corso<\/span>\u00a0<span id=\"spin52\">con il<\/span>\u00a0mandrino motorizzato\u00a0<span id=\"spin53\">di solito \u00e8<\/span>\u00a0in senso antiorario (visto\u00a0<span id=\"spin54\">nel<\/span>\u00a0albero). eccetto per\u00a0<span id=\"spin55\">esclusivo<\/span><br \/>\n<span id=\"spin56\">richieste<\/span>.<br \/>\n<span id=\"spin57\">6<\/span>Il mandrino motorizzato lubrificato da nebbia d&#039;olio\u00a0<span id=\"spin58\">deve essere<\/span>\u00a0<span id=\"spin59\">collegato<\/span>\u00a0con acqua e\u00a0<span id=\"spin60\">benzina<\/span>\u00a0<span id=\"spin61\">precedente a<\/span>\u00a0<span id=\"spin62\">potrebbe essere possibile<\/span>\u00a0<span id=\"spin63\">cominciare<\/span>\u00a0E\u00a0<span id=\"spin64\">cessare<\/span>\u00a0acqua e\u00a0<span id=\"spin65\">carburante\u00a0<\/span><span id=\"spin66\">fornitura<\/span>\u00a0<span id=\"spin67\">Dopo<\/span>\u00a0fermare.<br \/>\nSpiegazione:\u00a0<span id=\"spin68\">unico<\/span>\u00a0operazione\u00a0<span id=\"spin69\">\u00e8 obbligatorio<\/span>\u00a0<span id=\"spin70\">secondo<\/span>\u00a0<span id=\"spin71\">al<\/span>\u00a0<span id=\"spin72\">elettrico<\/span>\u00a0mandrino\u00a0<span id=\"spin73\">linee guida<\/span>.<\/div>\n<div>\n<div class=\"flex max-w-full flex-col flex-grow\">\n<div class=\"min-h-8 text-message flex w-full flex-col items-end gap-2 whitespace-normal break-words text-start [.text-message+&amp;]:mt-5\" dir=\"auto\" data-message-author-role=\"assistant\" data-message-id=\"fbdee532-4424-41b2-a093-d85f55f880e4\" data-message-model-slug=\"gpt-4o-mini\">\n<div class=\"flex w-full flex-col gap-1 empty:hidden first:pt-[3px]\">\n<div class=\"markdown prose w-full break-words dark:prose-invert light\">\n<h2>Informazioni su FMP<\/h2>\n<p>FMP \u00e8 un produttore leader specializzato in componenti meccanici, tra cui riduttori a vite senza fine conica a spirale, ruote dentate, boccole coniche, cremagliere, giunti e altre parti di trasmissione. Con una forte attenzione all&#039;esportazione, oltre 65% dei nostri prodotti vengono spediti nei mercati europei come Germania, Regno Unito e Francia, generando un valore di esportazione annuo di $18 milioni. Il nostro valore di produzione annuo totale raggiunge i 200 milioni di RMB.<\/p>\n<p>Tutti i prodotti FMP sono progettati e realizzati secondo gli standard industriali internazionali, europei e statunitensi. Utilizziamo attrezzature di lavorazione di precisione avanzate, seguiamo processi di produzione ottimizzati e manteniamo un sistema di gestione flessibile ed efficiente. Il nostro robusto sistema di gestione della qualit\u00e0 garantisce elevati standard di prodotto mantenendo i nostri prezzi competitivi.<\/p>\n<p>In FMP, sosteniamo i valori fondamentali di &quot;Qualit\u00e0: la pietra angolare della sostenibilit\u00e0 aziendale; Integrit\u00e0: il motore della crescita aziendale; Servizio: il fondamento dello sviluppo; e Convenienza: la chiave del successo&quot;. Accogliamo con favore la collaborazione con clienti nazionali e internazionali e ci impegniamo a promuovere la crescita e il successo reciproci.<\/p>\n<\/div>\n<\/div>\n<\/div>\n<\/div>\n<p><img loading=\"lazy\" decoding=\"async\" class=\"alignnone wp-image-3563\" src=\"https:\/\/fmp-components.com\/wp-content\/uploads\/2025\/01\/company-2.webp\" alt=\"azienda\" width=\"873\" height=\"790\" title=\"\" srcset=\"https:\/\/fmp-components.com\/wp-content\/uploads\/2025\/01\/company-2.webp 873w, https:\/\/fmp-components.com\/wp-content\/uploads\/2025\/01\/company-2-480x435.webp 480w\" sizes=\"(min-width: 0px) and (max-width: 480px) 480px, (min-width: 481px) 873px, 100vw\" \/> <img loading=\"lazy\" decoding=\"async\" class=\"alignnone wp-image-3564\" src=\"https:\/\/fmp-components.com\/wp-content\/uploads\/2025\/01\/company-3.webp\" alt=\"azienda\" width=\"873\" height=\"776\" title=\"\" srcset=\"https:\/\/fmp-components.com\/wp-content\/uploads\/2025\/01\/company-3.webp 873w, https:\/\/fmp-components.com\/wp-content\/uploads\/2025\/01\/company-3-480x427.webp 480w\" sizes=\"(min-width: 0px) and (max-width: 480px) 480px, (min-width: 481px) 873px, 100vw\" \/> <img loading=\"lazy\" decoding=\"async\" class=\"alignnone wp-image-3565\" src=\"https:\/\/fmp-components.com\/wp-content\/uploads\/2025\/01\/company-1.webp\" alt=\"azienda\" width=\"877\" height=\"225\" title=\"\" srcset=\"https:\/\/fmp-components.com\/wp-content\/uploads\/2025\/01\/company-1.webp 877w, https:\/\/fmp-components.com\/wp-content\/uploads\/2025\/01\/company-1-480x123.webp 480w\" sizes=\"(min-width: 0px) and (max-width: 480px) 480px, (min-width: 481px) 877px, 100vw\" \/><\/p>\n<p>Autore: CX<\/p>\n<\/div>","protected":false},"excerpt":{"rendered":"<p>Spindle Motor Applications Spindle motors are essential in various precision machining and manufacturing processes, driving the rotation of tools and enabling high-performance cutting, grinding, and milling operations. Commonly used in CNC machines, they offer high torque and speed control, making them ideal for applications that require tight tolerances and complex geometries. Their ability to provide [&hellip;]<\/p>","protected":false},"featured_media":3579,"comment_status":"open","ping_status":"closed","template":"","meta":{"_et_pb_use_builder":"","_et_pb_old_content":"","_et_gb_content_width":""},"product_brand":[],"product_cat":[89],"product_tag":[],"class_list":{"0":"post-3578","1":"product","2":"type-product","3":"status-publish","4":"has-post-thumbnail","6":"product_cat-spindle-motor","8":"first","9":"instock","10":"shipping-taxable","11":"product-type-simple"},"_links":{"self":[{"href":"https:\/\/fmp-components.com\/it\/wp-json\/wp\/v2\/product\/3578","targetHints":{"allow":["GET"]}}],"collection":[{"href":"https:\/\/fmp-components.com\/it\/wp-json\/wp\/v2\/product"}],"about":[{"href":"https:\/\/fmp-components.com\/it\/wp-json\/wp\/v2\/types\/product"}],"replies":[{"embeddable":true,"href":"https:\/\/fmp-components.com\/it\/wp-json\/wp\/v2\/comments?post=3578"}],"wp:featuredmedia":[{"embeddable":true,"href":"https:\/\/fmp-components.com\/it\/wp-json\/wp\/v2\/media\/3579"}],"wp:attachment":[{"href":"https:\/\/fmp-components.com\/it\/wp-json\/wp\/v2\/media?parent=3578"}],"wp:term":[{"taxonomy":"product_brand","embeddable":true,"href":"https:\/\/fmp-components.com\/it\/wp-json\/wp\/v2\/product_brand?post=3578"},{"taxonomy":"product_cat","embeddable":true,"href":"https:\/\/fmp-components.com\/it\/wp-json\/wp\/v2\/product_cat?post=3578"},{"taxonomy":"product_tag","embeddable":true,"href":"https:\/\/fmp-components.com\/it\/wp-json\/wp\/v2\/product_tag?post=3578"}],"curies":[{"name":"parola chiave","href":"https:\/\/api.w.org\/{rel}","templated":true}]}}