{"id":3561,"date":"2025-01-08T06:10:35","date_gmt":"2025-01-08T06:10:35","guid":{"rendered":"https:\/\/fmp-components.com\/?page_id=8"},"modified":"2025-01-08T07:48:44","modified_gmt":"2025-01-08T07:48:44","slug":"pneumatic-unclamp-cylinder","status":"publish","type":"product","link":"https:\/\/fmp-components.com\/it\/product\/pneumatic-unclamp-cylinder\/","title":{"rendered":"Cilindro di sbloccaggio pneumatico"},"content":{"rendered":"<h3 style=\"text-align: center;\">Cilindro di sbloccaggio pneumatico \u2013 Introduzione al prodotto<\/h3>\n<p>Il cilindro pneumatico di sbloccaggio \u00e8 un componente specializzato progettato per l&#039;uso in varie applicazioni industriali in cui \u00e8 necessario uno sbloccaggio automatico. Questo tipo di cilindro utilizza aria compressa per fornire la forza necessaria per rilasciare i meccanismi di bloccaggio, garantendo un funzionamento regolare e un&#039;elevata efficienza nei sistemi meccanici.<\/p>\n<h4>Caratteristiche principali:<\/h4>\n<ul>\n<li><strong>Azionamento pneumatico<\/strong>: Il cilindro funziona utilizzando aria compressa, offrendo una soluzione pulita, efficiente e conveniente rispetto ai sistemi idraulici o manuali.<\/li>\n<li><strong>Elevata potenza in uscita<\/strong>: Progettato per generare una forza significativa nelle azioni di sbloccaggio, adatto per applicazioni industriali pesanti.<\/li>\n<li><strong>Durata<\/strong>: Realizzato con materiali di alta qualit\u00e0 per una maggiore durata, anche in condizioni di lavoro difficili.<\/li>\n<li><strong>Controllo di precisione<\/strong>: Offre un controllo preciso delle azioni di serraggio e sbloccaggio, migliorando la precisione e l&#039;affidabilit\u00e0 dei processi di automazione.<\/li>\n<li><strong>Design compatto<\/strong>: Ottimizzato per l&#039;efficienza dello spazio, \u00e8 ideale per l&#039;uso in ambienti con spazio di installazione limitato.<\/li>\n<li><strong>Facile integrazione<\/strong>: Compatibile con un&#039;ampia gamma di macchinari, offre una perfetta integrazione nei sistemi esistenti per facili aggiornamenti e sostituzioni.<\/li>\n<li><strong>Resistenza alla corrosione<\/strong>: Costruiti per resistere ad ambienti difficili, con trattamenti anticorrosione che garantiscono affidabilit\u00e0 in condizioni industriali difficili.<\/li>\n<\/ul>\n<h4>Vantaggi:<\/h4>\n<ul>\n<li><strong>Maggiore efficienza<\/strong>:Automatizzando il processo di sbloccaggio, i cicli operativi si accorciano, con conseguente aumento della produttivit\u00e0 e riduzione dei tempi di fermo.<\/li>\n<li><strong>Riduzione del lavoro<\/strong>: Richiede meno interventi manuali, riducendo al minimo il rischio di errori e migliorando la sicurezza sul posto di lavoro.<\/li>\n<li><strong>Risparmio energetico<\/strong>:I cilindri ad aria compressa solitamente consumano meno energia rispetto ai sistemi idraulici, garantendo un funzionamento conveniente nel tempo.<\/li>\n<li><strong>Personalizzabile<\/strong>: Disponibili in varie dimensioni, lunghezze di corsa e pressioni nominali per soddisfare diverse esigenze e applicazioni industriali.<\/li>\n<\/ul>\n<p>IL <strong>Cilindro di sbloccaggio pneumatico<\/strong> \u00e8 un componente essenziale per le aziende che desiderano migliorare la propria efficienza operativa, ridurre il lavoro manuale e garantire un elevato livello di precisione nei processi automatizzati.<\/p>\n<p><img loading=\"lazy\" decoding=\"async\" class=\"alignnone size-full wp-image-3566\" src=\"https:\/\/fmp-components.com\/wp-content\/uploads\/2025\/01\/pneumatic-unclamp-cylinder-2.webp\" alt=\"cilindro-pneumatico-sbloccaggio-2\" width=\"1371\" height=\"652\" title=\"\" srcset=\"https:\/\/fmp-components.com\/wp-content\/uploads\/2025\/01\/pneumatic-unclamp-cylinder-2.webp 1371w, https:\/\/fmp-components.com\/wp-content\/uploads\/2025\/01\/pneumatic-unclamp-cylinder-2-1280x609.webp 1280w, https:\/\/fmp-components.com\/wp-content\/uploads\/2025\/01\/pneumatic-unclamp-cylinder-2-980x466.webp 980w, https:\/\/fmp-components.com\/wp-content\/uploads\/2025\/01\/pneumatic-unclamp-cylinder-2-480x228.webp 480w\" sizes=\"(min-width: 0px) and (max-width: 480px) 480px, (min-width: 481px) and (max-width: 980px) 980px, (min-width: 981px) and (max-width: 1280px) 1280px, (min-width: 1281px) 1371px, 100vw\" \/><\/p>\n<h2>Elenco dei modelli<\/h2>\n<p><img loading=\"lazy\" decoding=\"async\" class=\"alignnone size-full wp-image-3568\" src=\"https:\/\/fmp-components.com\/wp-content\/uploads\/2025\/01\/pneumatic-unclamp-cylinder-3.webp\" alt=\"cilindro-pneumatico-sbloccaggio-2\" width=\"906\" height=\"158\" title=\"\" srcset=\"https:\/\/fmp-components.com\/wp-content\/uploads\/2025\/01\/pneumatic-unclamp-cylinder-3.webp 906w, https:\/\/fmp-components.com\/wp-content\/uploads\/2025\/01\/pneumatic-unclamp-cylinder-3-480x84.webp 480w\" sizes=\"(min-width: 0px) and (max-width: 480px) 480px, (min-width: 481px) 906px, 100vw\" \/><\/p>\n<p>NOTA:<br \/>\n1. Il cilindro di sbloccaggio pneumatico pu\u00f2 essere installato sia in verticale che in orizzontale, la coppa dell&#039;olio deve essere rivolta verso l&#039;alto.<br \/>\n2. La sorgente di gas in ingresso deve essere trattata dal triplet di sorgenti di gas. Per aria secca e pulita, la pressione minima \u00e8 di 6 kgf\/cm\u00b2.<br \/>\n3. Il contenuto minimo di olio sicuro nel contenitore dell&#039;olio \u00e8 1\/5, mentre il contenuto massimo di olio \u00e8 4\/5.<\/p>\n<div class=\"flex max-w-full flex-col flex-grow\">\n<div class=\"min-h-8 text-message flex w-full flex-col items-end gap-2 whitespace-normal break-words text-start [.text-message+&amp;]:mt-5\" dir=\"auto\" data-message-author-role=\"assistant\" data-message-id=\"fbdee532-4424-41b2-a093-d85f55f880e4\" data-message-model-slug=\"gpt-4o-mini\">\n<div class=\"flex w-full flex-col gap-1 empty:hidden first:pt-[3px]\">\n<div class=\"markdown prose w-full break-words dark:prose-invert light\">\n<h2>Tipi di cilindri di sbloccaggio pneumatici<\/h2>\n<p>I cilindri di sbloccaggio pneumatici sono disponibili in vari tipi, ciascuno progettato per applicazioni e requisiti operativi specifici. Ecco i tipi pi\u00f9 comuni:<\/p>\n<h4>1. <strong>Cilindro di sbloccaggio pneumatico a semplice effetto<\/strong><\/h4>\n<ul>\n<li><strong>Descrizione<\/strong>: Un cilindro pneumatico di sbloccaggio a effetto singolo funziona con la pressione dell&#039;aria applicata solo su un lato del pistone. La corsa di ritorno \u00e8 solitamente ottenuta tramite una molla o una forza esterna.<\/li>\n<li><strong>Applicazione<\/strong>: Comune nei sistemi pi\u00f9 semplici in cui \u00e8 richiesta una forza di sbloccaggio in una direzione e la corsa di ritorno pu\u00f2 essere assistita da una molla.<\/li>\n<li><strong>Vantaggi<\/strong>:\n<ul>\n<li>Conveniente<\/li>\n<li>Design semplice e facile da mantenere<\/li>\n<li>Richiede un minor consumo d&#039;aria<\/li>\n<\/ul>\n<\/li>\n<\/ul>\n<h4>2. <strong>Cilindro di sbloccaggio pneumatico a doppio effetto<\/strong><\/h4>\n<ul>\n<li><strong>Descrizione<\/strong>:In un cilindro pneumatico di sbloccaggio a doppio effetto, la pressione dell&#039;aria viene applicata su entrambi i lati del pistone sia per le azioni di bloccaggio che di sbloccaggio, consentendo un maggiore controllo sul movimento del cilindro.<\/li>\n<li><strong>Applicazione<\/strong>: Ideale per applicazioni che richiedono una forza maggiore e un controllo pi\u00f9 preciso sul processo di sbloccaggio, come nelle linee di produzione automatizzate o nei sistemi robotici.<\/li>\n<li><strong>Vantaggi<\/strong>:\n<ul>\n<li>Maggiore forza e tempo di risposta pi\u00f9 rapido<\/li>\n<li>Controllo preciso sia sulle azioni di serraggio che di sbloccaggio<\/li>\n<li>Pu\u00f2 essere utilizzato per applicazioni pi\u00f9 complesse<\/li>\n<\/ul>\n<\/li>\n<\/ul>\n<h4>3. <strong>Cilindro di sbloccaggio pneumatico rotante<\/strong><\/h4>\n<ul>\n<li><strong>Descrizione<\/strong>: Questo tipo di cilindro \u00e8 progettato per applicazioni in cui \u00e8 richiesto un movimento rotatorio oltre al movimento lineare. \u00c8 dotato di un attuatore rotante combinato con un meccanismo di sbloccaggio pneumatico.<\/li>\n<li><strong>Applicazione<\/strong>: Spesso utilizzato in dispositivi o macchine automatizzati in cui il sistema di serraggio deve ruotare prima o dopo lo sbloccaggio.<\/li>\n<li><strong>Vantaggi<\/strong>:\n<ul>\n<li>Offre sia movimento rotatorio che lineare<\/li>\n<li>Pu\u00f2 eseguire attivit\u00e0 complesse come la tornitura di parti o dispositivi dopo lo sblocco<\/li>\n<\/ul>\n<\/li>\n<\/ul>\n<h4>4. <strong>Cilindro di sbloccaggio pneumatico compatto<\/strong><\/h4>\n<ul>\n<li><strong>Descrizione<\/strong>: Questi cilindri hanno un design pi\u00f9 piccolo e compatto, pur mantenendo un&#039;elevata potenza in uscita. Sono adatti per spazi ristretti in cui i cilindri tradizionali potrebbero non adattarsi.<\/li>\n<li><strong>Applicazione<\/strong>: Utilizzato in applicazioni in cui lo spazio \u00e8 limitato ma \u00e8 comunque richiesta una forza di sbloccaggio elevata, come nei sistemi di automazione su piccola scala o nei macchinari con spazi di installazione limitati.<\/li>\n<li><strong>Vantaggi<\/strong>:\n<ul>\n<li>Design salvaspazio<\/li>\n<li>Alte prestazioni in pacchetti compatti<\/li>\n<\/ul>\n<\/li>\n<\/ul>\n<h4>5. <strong>Cilindro di sbloccaggio pneumatico a doppia asta<\/strong><\/h4>\n<ul>\n<li><strong>Descrizione<\/strong>: Questo tipo di cilindro \u00e8 dotato di aste su entrambi i lati del pistone, consentendo una distribuzione della forza pi\u00f9 equilibrata e un movimento pi\u00f9 uniforme durante lo sbloccaggio e il bloccaggio.<\/li>\n<li><strong>Applicazione<\/strong>: Ideale per applicazioni che richiedono elevata stabilit\u00e0, precisione e movimento bilanciato, come nei macchinari ad alta precisione e nella robotica.<\/li>\n<li><strong>Vantaggi<\/strong>:\n<ul>\n<li>Maggiore stabilit\u00e0 e distribuzione del carico<\/li>\n<li>Adatto per applicazioni ad alta precisione<\/li>\n<\/ul>\n<\/li>\n<\/ul>\n<ul>\n<li style=\"list-style-type: none;\"><\/li>\n<\/ul>\n<p>Ogni tipo di cilindro di sbloccaggio pneumatico soddisfa un&#039;esigenza specifica a seconda dei requisiti dell&#039;applicazione, dei vincoli di spazio, delle richieste di forza e della precisione richiesta. La selezione del tipo giusto di cilindro di sbloccaggio pneumatico assicura prestazioni ed efficienza ottimali nei sistemi automatizzati e meccanici.<\/p>\n<h2>Informazioni su FMP<\/h2>\n<p>FMP \u00e8 un produttore professionale specializzato nella produzione di componenti meccanici. I nostri prodotti principali includono riduttori a vite senza fine conica a spirale, pignoni, boccole coniche, cremagliere, giunti e altre parti di trasmissione. Con una forte attenzione all&#039;esportazione, oltre 65% dei nostri prodotti vengono spediti nei mercati europei, tra cui Germania, Regno Unito e Francia, raggiungendo un volume di esportazione annuale di $18 milioni. Il nostro valore di produzione annuale totale raggiunge i 200 milioni di RMB.<\/p>\n<p>Tutti i prodotti FMP sono fabbricati in conformit\u00e0 con gli standard industriali internazionali, europei e statunitensi. Utilizziamo attrezzature di lavorazione di precisione e di alta qualit\u00e0, implementiamo processi di produzione ben pianificati e aderiamo a un sistema di gestione efficiente e flessibile. Il nostro sistema di gestione della qualit\u00e0 completo garantisce un&#039;eccellente qualit\u00e0 del prodotto e prezzi competitivi.<\/p>\n<p>FMP opera sui principi fondamentali di &quot;Qualit\u00e0: fondamento della sopravvivenza aziendale, Integrit\u00e0: forza trainante dello sviluppo aziendale, Servizio: fonte di crescita aziendale e Convenienza: chiave del successo aziendale&quot;. Accogliamo con favore sia i clienti nazionali che internazionali e non vediamo l&#039;ora di collaborare per una crescita e un successo reciproci.<\/p>\n<\/div>\n<\/div>\n<\/div>\n<\/div>\n<p><img loading=\"lazy\" decoding=\"async\" class=\"alignnone  wp-image-3563\" src=\"https:\/\/fmp-components.com\/wp-content\/uploads\/2025\/01\/company-2.webp\" alt=\"azienda\" width=\"873\" height=\"790\" title=\"\" srcset=\"https:\/\/fmp-components.com\/wp-content\/uploads\/2025\/01\/company-2.webp 873w, https:\/\/fmp-components.com\/wp-content\/uploads\/2025\/01\/company-2-480x435.webp 480w\" sizes=\"(min-width: 0px) and (max-width: 480px) 480px, (min-width: 481px) 873px, 100vw\" \/> <img loading=\"lazy\" decoding=\"async\" class=\"alignnone  wp-image-3564\" src=\"https:\/\/fmp-components.com\/wp-content\/uploads\/2025\/01\/company-3.webp\" alt=\"azienda\" width=\"873\" height=\"776\" title=\"\" srcset=\"https:\/\/fmp-components.com\/wp-content\/uploads\/2025\/01\/company-3.webp 873w, https:\/\/fmp-components.com\/wp-content\/uploads\/2025\/01\/company-3-480x427.webp 480w\" sizes=\"(min-width: 0px) and (max-width: 480px) 480px, (min-width: 481px) 873px, 100vw\" \/> <img loading=\"lazy\" decoding=\"async\" class=\"alignnone  wp-image-3565\" src=\"https:\/\/fmp-components.com\/wp-content\/uploads\/2025\/01\/company-1.webp\" alt=\"azienda\" width=\"877\" height=\"225\" title=\"\" srcset=\"https:\/\/fmp-components.com\/wp-content\/uploads\/2025\/01\/company-1.webp 877w, https:\/\/fmp-components.com\/wp-content\/uploads\/2025\/01\/company-1-480x123.webp 480w\" sizes=\"(min-width: 0px) and (max-width: 480px) 480px, (min-width: 481px) 877px, 100vw\" \/><\/p>\n<p>Autore: CX<\/p>","protected":false},"excerpt":{"rendered":"<p>Pneumatic Unclamp Cylinder \u2013 Product Introduction The Pneumatic Unclamp Cylinder is a specialized component designed for use in various industrial applications where automated unclamping is necessary. This type of cylinder utilizes compressed air to provide the force required to release clamping mechanisms, ensuring smooth operation and high efficiency in mechanical systems. Key Features: Pneumatic Actuation: [&hellip;]<\/p>","protected":false},"featured_media":3567,"comment_status":"open","ping_status":"closed","template":"","meta":{"_et_pb_use_builder":"","_et_pb_old_content":"","_et_gb_content_width":""},"product_brand":[],"product_cat":[89],"product_tag":[],"class_list":{"0":"post-3561","1":"product","2":"type-product","3":"status-publish","4":"has-post-thumbnail","6":"product_cat-spindle-motor","8":"first","9":"instock","10":"shipping-taxable","11":"product-type-simple"},"_links":{"self":[{"href":"https:\/\/fmp-components.com\/it\/wp-json\/wp\/v2\/product\/3561","targetHints":{"allow":["GET"]}}],"collection":[{"href":"https:\/\/fmp-components.com\/it\/wp-json\/wp\/v2\/product"}],"about":[{"href":"https:\/\/fmp-components.com\/it\/wp-json\/wp\/v2\/types\/product"}],"replies":[{"embeddable":true,"href":"https:\/\/fmp-components.com\/it\/wp-json\/wp\/v2\/comments?post=3561"}],"wp:featuredmedia":[{"embeddable":true,"href":"https:\/\/fmp-components.com\/it\/wp-json\/wp\/v2\/media\/3567"}],"wp:attachment":[{"href":"https:\/\/fmp-components.com\/it\/wp-json\/wp\/v2\/media?parent=3561"}],"wp:term":[{"taxonomy":"product_brand","embeddable":true,"href":"https:\/\/fmp-components.com\/it\/wp-json\/wp\/v2\/product_brand?post=3561"},{"taxonomy":"product_cat","embeddable":true,"href":"https:\/\/fmp-components.com\/it\/wp-json\/wp\/v2\/product_cat?post=3561"},{"taxonomy":"product_tag","embeddable":true,"href":"https:\/\/fmp-components.com\/it\/wp-json\/wp\/v2\/product_tag?post=3561"}],"curies":[{"name":"parola chiave","href":"https:\/\/api.w.org\/{rel}","templated":true}]}}