{"id":3348,"date":"2025-01-07T01:30:15","date_gmt":"2025-01-07T01:30:15","guid":{"rendered":"https:\/\/fmp-components.com\/?page_id=8"},"modified":"2025-01-07T01:30:15","modified_gmt":"2025-01-07T01:30:15","slug":"low-noise-basic-dc-toy-motor-for-toy-car-tgp02s-a130","status":"publish","type":"product","link":"https:\/\/fmp-components.com\/it\/product\/low-noise-basic-dc-toy-motor-for-toy-car-tgp02s-a130\/","title":{"rendered":"Motore giocattolo DC di base a basso rumore per auto giocattolo TGP02S-A130"},"content":{"rendered":"<h2>Caratteri del motore giocattolo DC di base<\/h2>\n<p>1. Albero singolo. Dimensioni ridotte 42,2 mm*45,5 mm*23 mm<br \/>\n2. Motore con ingranaggi in plastica CC a bassa velocit\u00e0 e coppia elevata<br \/>\n3. Adatto per applicazioni di piccolo diametro, bassa rumorosit\u00e0 e coppia elevata<br \/>\n4. Rapporto di riduzione: 48\u3001120\u3001180\u3001220\u3001288<\/p>\n<p><img loading=\"lazy\" decoding=\"async\" class=\"alignnone  wp-image-3352\" src=\"https:\/\/fmp-components.com\/wp-content\/uploads\/2025\/01\/fmp_4.TGP010-A130-2.webp\" alt=\"fmp_4.TGP010-A130-2\" width=\"918\" height=\"421\" title=\"\" srcset=\"https:\/\/fmp-components.com\/wp-content\/uploads\/2025\/01\/fmp_4.TGP010-A130-2.webp 918w, https:\/\/fmp-components.com\/wp-content\/uploads\/2025\/01\/fmp_4.TGP010-A130-2-480x220.webp 480w\" sizes=\"(min-width: 0px) and (max-width: 480px) 480px, (min-width: 481px) 918px, 100vw\" \/><\/p>\n<h2>Dati tecnici del mini motore DC<\/h2>\n<table style=\"width: 98.042%; height: 144px;\" border=\"1\">\n<tbody>\n<tr>\n<td style=\"width: 21.3647%;\">Modello motore n.<\/td>\n<td style=\"width: 15.8837%;\">Tensione nominale<br \/>\nVCC<\/td>\n<td style=\"width: 16.6667%;\">Velocit\u00e0 a vuoto<br \/>\ngiri\/min<\/td>\n<td style=\"width: 17.6734%;\">Corrente a vuoto<br \/>\nma<\/td>\n<td style=\"width: 13.0872%;\">Coppia di stallo<br \/>\ng.cm<\/td>\n<td style=\"width: 15.3244%;\">Corrente di stallo<br \/>\nUN<\/td>\n<\/tr>\n<tr>\n<td style=\"width: 21.3647%;\">Modello TFE-130RA-12215<\/td>\n<td style=\"width: 15.8837%;\">6.0<\/td>\n<td style=\"width: 16.6667%;\">11500<\/td>\n<td style=\"width: 17.6734%;\">120<\/td>\n<td style=\"width: 13.0872%;\">20<\/td>\n<td style=\"width: 15.3244%;\">0.85<\/td>\n<\/tr>\n<tr>\n<td style=\"width: 21.3647%;\">Modello TFE-130RA-14175<\/td>\n<td style=\"width: 15.8837%;\">3.0<\/td>\n<td style=\"width: 16.6667%;\">8000<\/td>\n<td style=\"width: 17.6734%;\">120<\/td>\n<td style=\"width: 13.0872%;\">13<\/td>\n<td style=\"width: 15.3244%;\">0.70<\/td>\n<\/tr>\n<tr>\n<td style=\"width: 21.3647%;\">Modello TFE-130RA-18100<\/td>\n<td style=\"width: 15.8837%;\">3.0<\/td>\n<td style=\"width: 16.6667%;\">11500<\/td>\n<td style=\"width: 17.6734%;\">250<\/td>\n<td style=\"width: 13.0872%;\">20<\/td>\n<td style=\"width: 15.3244%;\">1.80<\/td>\n<\/tr>\n<\/tbody>\n<\/table>\n<h2>Dati tecnici del motore dell&#039;ingranaggio<\/h2>\n<table style=\"width: 98.042%; height: 120px;\" border=\"1\">\n<tbody>\n<tr style=\"height: 30px;\">\n<th style=\"height: 30px; width: 32.774%; text-align: left;\">Modello del cambio<\/th>\n<td style=\"height: 30px; width: 68.0089%;\">TGP01D-A130-12215-XXX<\/td>\n<\/tr>\n<tr style=\"height: 30px;\">\n<th style=\"height: 30px; width: 32.774%; text-align: left;\">Rapporti di riduzione<\/th>\n<td style=\"height: 30px; width: 68.0089%;\">48, 120, 180, 220, 288<\/td>\n<\/tr>\n<tr style=\"height: 30px;\">\n<th style=\"height: 30px; width: 32.774%; text-align: left;\">Velocit\u00e0 a vuoto (giri\/min)<\/th>\n<td style=\"height: 30px; width: 68.0089%;\">230, 90, 60, 50, 38<\/td>\n<\/tr>\n<tr style=\"height: 30px;\">\n<th style=\"height: 30px; width: 32.774%; text-align: left;\">Coppia di tolleranza momentanea massima (kg.cm)<\/th>\n<td style=\"height: 30px; width: 68.0089%;\">0.7, 1.4, 2.0, 2.2, 2.8<\/td>\n<\/tr>\n<\/tbody>\n<\/table>\n<h2>Riduttore con motore<\/h2>\n<table style=\"width: 98.7983%; height: 96px;\" border=\"1\">\n<tbody>\n<tr style=\"height: 24px;\">\n<th style=\"height: 24px; text-align: left; width: 38.4787%;\">Modello del cambio<\/th>\n<td style=\"height: 24px; width: 63.0872%;\">TGP01D-A130-14175-XXX<\/td>\n<\/tr>\n<tr style=\"height: 24px;\">\n<th style=\"height: 24px; text-align: left; width: 38.4787%;\">Rapporti di riduzione<\/th>\n<td style=\"height: 24px; width: 63.0872%;\">48, 120, 180, 220, 288<\/td>\n<\/tr>\n<tr style=\"height: 24px;\">\n<th style=\"height: 24px; text-align: left; width: 38.4787%;\">Velocit\u00e0 a vuoto (giri\/min)<\/th>\n<td style=\"height: 24px; width: 63.0872%;\">150, 60, 40, 33, 25<\/td>\n<\/tr>\n<tr style=\"height: 24px;\">\n<th style=\"height: 24px; text-align: left; width: 38.4787%;\">Coppia di tolleranza momentanea massima (kg.cm)<\/th>\n<td style=\"height: 24px; width: 63.0872%;\">0.5, 0.9, 1.2, 1.4, 1.8<\/td>\n<\/tr>\n<\/tbody>\n<\/table>\n<table style=\"color: #666666; font-size: 14px; width: 98.9666%; height: 142px;\" border=\"1\">\n<tbody>\n<tr style=\"height: 24px;\">\n<th style=\"text-align: left; width: 38.5906%; height: 24px;\">Modello del cambio<\/th>\n<td style=\"width: 61.8421%; height: 24px;\">TGP01D-A130-18100-XXX<\/td>\n<\/tr>\n<tr style=\"height: 24px;\">\n<th style=\"text-align: left; width: 38.5906%; height: 24px;\">Rapporti di riduzione<\/th>\n<td style=\"width: 61.8421%; height: 24px;\">48, 120, 180, 220, 288<\/td>\n<\/tr>\n<tr style=\"height: 24px;\">\n<th style=\"text-align: left; width: 38.5906%; height: 24px;\">Velocit\u00e0 a vuoto (giri\/min)<\/th>\n<td style=\"width: 61.8421%; height: 24px;\">230, 90, 60, 50, 38<\/td>\n<\/tr>\n<tr style=\"height: 24px;\">\n<th style=\"text-align: left; width: 38.5906%; height: 24px;\">Coppia di tolleranza momentanea massima (kg.cm)<\/th>\n<td style=\"width: 61.8421%; height: 24px;\">0.7, 1.4, 2.0, 2.2, 2.8<\/td>\n<\/tr>\n<\/tbody>\n<\/table>\n<h2>Altro cambio in plastica pi\u00f9 motore DC A130<\/h2>\n<table style=\"width: 100%; height: 71px;\" border=\"1\" width=\"100%\" cellspacing=\"0\" cellpadding=\"0\">\n<tbody>\n<tr style=\"height: 13.8pt;\">\n<td style=\"height: 13px; width: 49.892%;\" align=\"right\" width=\"64\" height=\"18\"><img loading=\"lazy\" decoding=\"async\" class=\"alignnone size-full wp-image-3344\" src=\"https:\/\/fmp-components.com\/wp-content\/uploads\/2025\/01\/fmp_1.TGP010-A130-1-1.webp\" alt=\"fmp_1.TGP010-A130-1-1\" width=\"600\" height=\"600\" title=\"\" srcset=\"https:\/\/fmp-components.com\/wp-content\/uploads\/2025\/01\/fmp_1.TGP010-A130-1-1.webp 600w, https:\/\/fmp-components.com\/wp-content\/uploads\/2025\/01\/fmp_1.TGP010-A130-1-1-480x480.webp 480w\" sizes=\"(min-width: 0px) and (max-width: 480px) 480px, (min-width: 481px) 600px, 100vw\" \/><\/td>\n<td style=\"width: 49.892%; height: 13px;\" align=\"right\" width=\"64\"><img loading=\"lazy\" decoding=\"async\" class=\"alignnone size-full wp-image-3345\" src=\"https:\/\/fmp-components.com\/wp-content\/uploads\/2025\/01\/fmp_2.TGP010-A130-1-1.webp\" alt=\"fmp_2.TGP010-A130-1-1\" width=\"600\" height=\"600\" title=\"\" srcset=\"https:\/\/fmp-components.com\/wp-content\/uploads\/2025\/01\/fmp_2.TGP010-A130-1-1.webp 600w, https:\/\/fmp-components.com\/wp-content\/uploads\/2025\/01\/fmp_2.TGP010-A130-1-1-480x480.webp 480w\" sizes=\"(min-width: 0px) and (max-width: 480px) 480px, (min-width: 481px) 600px, 100vw\" \/><\/td>\n<\/tr>\n<tr style=\"height: 22px;\">\n<td style=\"height: 22px; text-align: center;\"><strong>TGP01D-A130<\/strong><\/td>\n<td style=\"height: 22px; text-align: center;\"><strong>Modello TGP01S-A130<\/strong><\/td>\n<\/tr>\n<tr style=\"height: 13.8pt;\">\n<td style=\"height: 13px; width: 49.892%;\" align=\"right\" height=\"18\"><img loading=\"lazy\" decoding=\"async\" class=\"alignnone size-full wp-image-3346\" src=\"https:\/\/fmp-components.com\/wp-content\/uploads\/2025\/01\/fmp_3.TGP010-A130-1.webp\" alt=\"fmp_3.TGP010-A130-1\" width=\"600\" height=\"600\" title=\"\" srcset=\"https:\/\/fmp-components.com\/wp-content\/uploads\/2025\/01\/fmp_3.TGP010-A130-1.webp 600w, https:\/\/fmp-components.com\/wp-content\/uploads\/2025\/01\/fmp_3.TGP010-A130-1-480x480.webp 480w\" sizes=\"(min-width: 0px) and (max-width: 480px) 480px, (min-width: 481px) 600px, 100vw\" \/><\/td>\n<td style=\"width: 49.892%; height: 13px;\" align=\"right\"><img loading=\"lazy\" decoding=\"async\" class=\"alignnone size-full wp-image-3347\" src=\"https:\/\/fmp-components.com\/wp-content\/uploads\/2025\/01\/fmp_4.TGP010-A130-1.webp\" alt=\"fmp_4.TGP010-A130-1\" width=\"600\" height=\"600\" title=\"\" srcset=\"https:\/\/fmp-components.com\/wp-content\/uploads\/2025\/01\/fmp_4.TGP010-A130-1.webp 600w, https:\/\/fmp-components.com\/wp-content\/uploads\/2025\/01\/fmp_4.TGP010-A130-1-480x480.webp 480w\" sizes=\"(min-width: 0px) and (max-width: 480px) 480px, (min-width: 481px) 600px, 100vw\" \/><\/td>\n<\/tr>\n<tr style=\"height: 23px;\">\n<td style=\"height: 23px; text-align: center;\"><strong>Modello TGP02D-A130<\/strong><\/td>\n<td style=\"height: 23px; text-align: center;\"><strong>Modello TGP02S-A130<\/strong><\/td>\n<\/tr>\n<\/tbody>\n<\/table>\n<h2 data-pm-slice=\"0 0 []\">Caratteristiche del motore giocattolo DC di base a basso rumore<\/h2>\n<p>Il motore giocattolo DC di base a basso rumore \u00e8 progettato per offrire prestazioni affidabili con un rumore operativo minimo, rendendolo ideale per l&#039;uso in varie applicazioni giocattolo e dispositivi a bassa potenza. Di seguito sono riportate le caratteristiche principali di questo motore:<\/p>\n<p>1. <strong>Funzionamento a basso rumore<\/strong><\/p>\n<ul>\n<li>Il motore \u00e8 specificamente progettato per funzionare silenziosamente, assicurando che il rumore prodotto durante il funzionamento sia minimo. Questa caratteristica \u00e8 particolarmente utile per giocattoli e dispositivi in cui \u00e8 desiderata un&#039;esperienza silenziosa.<\/li>\n<\/ul>\n<p>2. <strong>Design compatto<\/strong><\/p>\n<ul>\n<li>Progettato pensando al risparmio di spazio, il motore presenta un fattore di forma piccolo e leggero, facile da integrare in vari tipi di giocattoli senza aggiungere ingombro inutile.<\/li>\n<\/ul>\n<p>3. <strong>Efficienza energetica<\/strong><\/p>\n<ul>\n<li>Il motore garantisce un consumo energetico efficiente in rapporto alle sue dimensioni e alla sua potenza, rendendolo la scelta ideale per giocattoli a batteria o altri piccoli dispositivi che richiedono un basso consumo energetico.<\/li>\n<\/ul>\n<p>4. <strong>Durata<\/strong><\/p>\n<ul>\n<li>Costruito per durare, il motore \u00e8 realizzato con materiali di alta qualit\u00e0, che garantiscono affidabilit\u00e0 a lungo termine e prestazioni costanti in condizioni operative tipiche.<\/li>\n<\/ul>\n<p><strong>5. Basso consumo energetico<\/strong><\/p>\n<ul>\n<li>Progettato per funzionare efficacemente con piccoli alimentatori (come batterie AA o piccole sorgenti di corrente continua), il motore consuma poca energia, contribuendo a prolungare la durata della batteria nei giocattoli o in altre applicazioni.<\/li>\n<\/ul>\n<p>Questo motore \u00e8 ideale per l&#039;uso in macchinine giocattolo, piccoli robot, kit didattici e altri dispositivi che necessitano di un motore silenzioso, efficiente dal punto di vista energetico e affidabile per applicazioni su piccola scala.<\/p>\n<h2>Informazioni su FMP<\/h2>\n<p>FMP \u00e8 un produttore leader specializzato nella progettazione, sviluppo e produzione di riduttori ad alta precisione, cilindri idraulici, motori, alberi PTO, micromotori e un&#039;ampia gamma di altri componenti critici. Grazie alla dedizione e al duro lavoro del nostro team qualificato, ci siamo posizionati come leader nel settore. I nostri prodotti sono ampiamente distribuiti in Europa, Nord America, Sud-est asiatico e altri mercati chiave, guadagnando una solida reputazione per qualit\u00e0 ed eccellenza. I nostri clienti elogiano costantemente le prestazioni e l&#039;affidabilit\u00e0 dei nostri prodotti.<\/p>\n<p>In FMP, siamo dotati di strutture di produzione all&#039;avanguardia, tra cui ampi laboratori di produzione, spazi per uffici e alloggi per i dipendenti. Possediamo inoltre attrezzature all&#039;avanguardia per R&amp;S, produzione e collaudo. I nostri reparti dedicati di ingegneria, fabbricazione di stampi e assemblaggio sono ben attrezzati per fornire soluzioni completamente personalizzate che soddisfano le esigenze uniche di ogni cliente. Con una solida base tecnica, processi di produzione semplificati e un sistema di gestione efficiente, FMP garantisce che tutti i prodotti soddisfino i pi\u00f9 elevati standard del settore.<\/p>\n<p>La qualit\u00e0 \u00e8 al centro delle nostre operazioni. Dalla selezione dei materiali e dalla progettazione alla produzione, alla consegna e al feedback dei clienti, prestiamo molta attenzione a ogni dettaglio. La soddisfazione del cliente \u00e8 la nostra massima priorit\u00e0 e ci impegniamo a offrire un servizio eccezionale in ogni fase del processo. FMP non si concentra su profitti eccessivi, ma sulla creazione di partnership a lungo termine e reciprocamente vantaggiose con i nostri clienti, garantendo una crescita e un successo duraturi.<\/p>\n<p>Accogliamo con favore le opportunit\u00e0 di collaborazione e non vediamo l&#039;ora di creare un futuro pi\u00f9 luminoso con i nostri partner. Le nostre soluzioni personalizzate sono progettate per soddisfare le richieste in continua evoluzione dei nostri clienti, assicurando che ogni progetto riceva la massima attenzione e competenza che merita. Che tu stia cercando prodotti standard o soluzioni su misura, FMP \u00e8 impegnata a supportare il tuo successo in ogni fase del percorso.<\/p>\n<p><img loading=\"lazy\" decoding=\"async\" class=\"alignnone size-full wp-image-3335\" src=\"https:\/\/fmp-components.com\/wp-content\/uploads\/2025\/01\/DC-motor-tgp01d-a130-product-1.webp\" alt=\"Motore DC-tgp01d-a130\" width=\"883\" height=\"574\" title=\"\" srcset=\"https:\/\/fmp-components.com\/wp-content\/uploads\/2025\/01\/DC-motor-tgp01d-a130-product-1.webp 883w, https:\/\/fmp-components.com\/wp-content\/uploads\/2025\/01\/DC-motor-tgp01d-a130-product-1-480x312.webp 480w\" sizes=\"(min-width: 0px) and (max-width: 480px) 480px, (min-width: 481px) 883px, 100vw\" \/><\/p>\n<p>Autore: CX<\/p>","protected":false},"excerpt":{"rendered":"<p>Characters Of Basic DC Toy Motor 1. Single shaft.Small size 42.2mm*45.5mm*23mm 2. DC plastic gear motor with low speed and big torque 3. Suitable for small diameter, low noise, and big toque application 4. Reduction Ratio: 48\u3001120\u3001180\u3001220\u3001288 Mini DC Motor Technical Data Motor model No Rated voltage VDC No-load speed r\/min No-load current mA Stall [&hellip;]<\/p>","protected":false},"featured_media":3353,"comment_status":"open","ping_status":"closed","template":"","meta":{"_et_pb_use_builder":"","_et_pb_old_content":"","_et_gb_content_width":""},"product_brand":[],"product_cat":[85],"product_tag":[],"class_list":{"0":"post-3348","1":"product","2":"type-product","3":"status-publish","4":"has-post-thumbnail","6":"product_cat-dc-motors","8":"first","9":"instock","10":"shipping-taxable","11":"product-type-simple"},"_links":{"self":[{"href":"https:\/\/fmp-components.com\/it\/wp-json\/wp\/v2\/product\/3348","targetHints":{"allow":["GET"]}}],"collection":[{"href":"https:\/\/fmp-components.com\/it\/wp-json\/wp\/v2\/product"}],"about":[{"href":"https:\/\/fmp-components.com\/it\/wp-json\/wp\/v2\/types\/product"}],"replies":[{"embeddable":true,"href":"https:\/\/fmp-components.com\/it\/wp-json\/wp\/v2\/comments?post=3348"}],"wp:featuredmedia":[{"embeddable":true,"href":"https:\/\/fmp-components.com\/it\/wp-json\/wp\/v2\/media\/3353"}],"wp:attachment":[{"href":"https:\/\/fmp-components.com\/it\/wp-json\/wp\/v2\/media?parent=3348"}],"wp:term":[{"taxonomy":"product_brand","embeddable":true,"href":"https:\/\/fmp-components.com\/it\/wp-json\/wp\/v2\/product_brand?post=3348"},{"taxonomy":"product_cat","embeddable":true,"href":"https:\/\/fmp-components.com\/it\/wp-json\/wp\/v2\/product_cat?post=3348"},{"taxonomy":"product_tag","embeddable":true,"href":"https:\/\/fmp-components.com\/it\/wp-json\/wp\/v2\/product_tag?post=3348"}],"curies":[{"name":"parola chiave","href":"https:\/\/api.w.org\/{rel}","templated":true}]}}