{"id":3341,"date":"2025-01-07T01:06:38","date_gmt":"2025-01-07T01:06:38","guid":{"rendered":"https:\/\/fmp-components.com\/?page_id=8"},"modified":"2025-01-07T01:16:32","modified_gmt":"2025-01-07T01:16:32","slug":"plastic-gearbox-motor-tgp02d-a130-for-toy-robot-remote-control-toy-cars","status":"publish","type":"product","link":"https:\/\/fmp-components.com\/it\/product\/plastic-gearbox-motor-tgp02d-a130-for-toy-robot-remote-control-toy-cars\/","title":{"rendered":"Motore con riduttore in plastica TGP02D-A130 per robot giocattolo telecomandato per auto giocattolo"},"content":{"rendered":"<h2>Caratteri:<\/h2>\n<p>1. Doppio albero. Dimensioni ridotte 42,2 mm*45,5 mm*23 mm<br \/>\n2. Motore con ingranaggi in plastica CC a bassa velocit\u00e0 e coppia elevata<br \/>\n3. Adatto per applicazioni di piccolo diametro, bassa rumorosit\u00e0 e coppia elevata<br \/>\n4. Rapporto di riduzione: 48\u3001120\u3001180\u3001220\u3001288<\/p>\n<p><img loading=\"lazy\" decoding=\"async\" class=\"alignnone wp-image-3349\" src=\"https:\/\/fmp-components.com\/wp-content\/uploads\/2025\/01\/fmp_3.TGP010-A130-2.webp\" alt=\"fmp_3.TGP010-A130-2\" width=\"909\" height=\"423\" title=\"\" srcset=\"https:\/\/fmp-components.com\/wp-content\/uploads\/2025\/01\/fmp_3.TGP010-A130-2.webp 909w, https:\/\/fmp-components.com\/wp-content\/uploads\/2025\/01\/fmp_3.TGP010-A130-2-480x223.webp 480w\" sizes=\"(min-width: 0px) and (max-width: 480px) 480px, (min-width: 481px) 909px, 100vw\" \/><\/p>\n<h2>Dati tecnici del mini motore DC<\/h2>\n<table style=\"width: 98.042%; height: 144px;\" border=\"1\">\n<tbody>\n<tr>\n<td style=\"width: 21.3647%;\">Modello motore n.<\/td>\n<td style=\"width: 15.8837%;\">Tensione nominale<br \/>\nVCC<\/td>\n<td style=\"width: 16.6667%;\">Velocit\u00e0 a vuoto<br \/>\ngiri\/min<\/td>\n<td style=\"width: 17.6734%;\">Corrente a vuoto<br \/>\nma<\/td>\n<td style=\"width: 13.0872%;\">Coppia di stallo<br \/>\ng.cm<\/td>\n<td style=\"width: 15.3244%;\">Corrente di stallo<br \/>\nUN<\/td>\n<\/tr>\n<tr>\n<td style=\"width: 21.3647%;\">Modello TFE-130RA-12215<\/td>\n<td style=\"width: 15.8837%;\">6.0<\/td>\n<td style=\"width: 16.6667%;\">11500<\/td>\n<td style=\"width: 17.6734%;\">120<\/td>\n<td style=\"width: 13.0872%;\">20<\/td>\n<td style=\"width: 15.3244%;\">0.85<\/td>\n<\/tr>\n<tr>\n<td style=\"width: 21.3647%;\">Modello TFE-130RA-14175<\/td>\n<td style=\"width: 15.8837%;\">3.0<\/td>\n<td style=\"width: 16.6667%;\">8000<\/td>\n<td style=\"width: 17.6734%;\">120<\/td>\n<td style=\"width: 13.0872%;\">13<\/td>\n<td style=\"width: 15.3244%;\">0.70<\/td>\n<\/tr>\n<tr>\n<td style=\"width: 21.3647%;\">Modello TFE-130RA-18100<\/td>\n<td style=\"width: 15.8837%;\">3.0<\/td>\n<td style=\"width: 16.6667%;\">11500<\/td>\n<td style=\"width: 17.6734%;\">250<\/td>\n<td style=\"width: 13.0872%;\">20<\/td>\n<td style=\"width: 15.3244%;\">1.80<\/td>\n<\/tr>\n<\/tbody>\n<\/table>\n<h2>Dati tecnici del motore dell&#039;ingranaggio<\/h2>\n<table style=\"width: 98.042%; height: 120px;\" border=\"1\">\n<tbody>\n<tr style=\"height: 30px;\">\n<th style=\"height: 30px; width: 32.774%; text-align: left;\">Modello del cambio<\/th>\n<td style=\"height: 30px; width: 68.0089%;\">TGP01D-A130-12215-XXX<\/td>\n<\/tr>\n<tr style=\"height: 30px;\">\n<th style=\"height: 30px; width: 32.774%; text-align: left;\">Rapporti di riduzione<\/th>\n<td style=\"height: 30px; width: 68.0089%;\">48, 120, 180, 220, 288<\/td>\n<\/tr>\n<tr style=\"height: 30px;\">\n<th style=\"height: 30px; width: 32.774%; text-align: left;\">Velocit\u00e0 a vuoto (giri\/min)<\/th>\n<td style=\"height: 30px; width: 68.0089%;\">230, 90, 60, 50, 38<\/td>\n<\/tr>\n<tr style=\"height: 30px;\">\n<th style=\"height: 30px; width: 32.774%; text-align: left;\">Coppia di tolleranza momentanea massima (kg.cm)<\/th>\n<td style=\"height: 30px; width: 68.0089%;\">0.7, 1.4, 2.0, 2.2, 2.8<\/td>\n<\/tr>\n<\/tbody>\n<\/table>\n<h2>Riduttore con motore<\/h2>\n<table style=\"width: 98.7983%; height: 96px;\" border=\"1\">\n<tbody>\n<tr style=\"height: 24px;\">\n<th style=\"height: 24px; text-align: left; width: 38.4787%;\">Modello del cambio<\/th>\n<td style=\"height: 24px; width: 63.0872%;\">TGP01D-A130-14175-XXX<\/td>\n<\/tr>\n<tr style=\"height: 24px;\">\n<th style=\"height: 24px; text-align: left; width: 38.4787%;\">Rapporti di riduzione<\/th>\n<td style=\"height: 24px; width: 63.0872%;\">48, 120, 180, 220, 288<\/td>\n<\/tr>\n<tr style=\"height: 24px;\">\n<th style=\"height: 24px; text-align: left; width: 38.4787%;\">Velocit\u00e0 a vuoto (giri\/min)<\/th>\n<td style=\"height: 24px; width: 63.0872%;\">150, 60, 40, 33, 25<\/td>\n<\/tr>\n<tr style=\"height: 24px;\">\n<th style=\"height: 24px; text-align: left; width: 38.4787%;\">Coppia di tolleranza momentanea massima (kg.cm)<\/th>\n<td style=\"height: 24px; width: 63.0872%;\">0.5, 0.9, 1.2, 1.4, 1.8<\/td>\n<\/tr>\n<\/tbody>\n<\/table>\n<table style=\"color: #666666; font-size: 14px; width: 98.9666%; height: 142px;\" border=\"1\">\n<tbody>\n<tr style=\"height: 24px;\">\n<th style=\"text-align: left; width: 38.5906%; height: 24px;\">Modello del cambio<\/th>\n<td style=\"width: 61.8421%; height: 24px;\">TGP01D-A130-18100-XXX<\/td>\n<\/tr>\n<tr style=\"height: 24px;\">\n<th style=\"text-align: left; width: 38.5906%; height: 24px;\">Rapporti di riduzione<\/th>\n<td style=\"width: 61.8421%; height: 24px;\">48, 120, 180, 220, 288<\/td>\n<\/tr>\n<tr style=\"height: 24px;\">\n<th style=\"text-align: left; width: 38.5906%; height: 24px;\">Velocit\u00e0 a vuoto (giri\/min)<\/th>\n<td style=\"width: 61.8421%; height: 24px;\">230, 90, 60, 50, 38<\/td>\n<\/tr>\n<tr style=\"height: 24px;\">\n<th style=\"text-align: left; width: 38.5906%; height: 24px;\">Coppia di tolleranza momentanea massima (kg.cm)<\/th>\n<td style=\"width: 61.8421%; height: 24px;\">0.7, 1.4, 2.0, 2.2, 2.8<\/td>\n<\/tr>\n<\/tbody>\n<\/table>\n<p>&nbsp;<\/p>\n<table border=\"1\" width=\"100%\" cellspacing=\"0\" cellpadding=\"0\">\n<tbody>\n<tr>\n<td colspan=\"2\" rowspan=\"3\" width=\"131\" height=\"65\" data-spm-anchor-id=\"a2700.details.0.i21.659d3e61kGVPBR\">MODELLO<\/td>\n<td rowspan=\"3\" width=\"75\">RAPPORTO DI RIDUZIONE<\/td>\n<td colspan=\"2\" width=\"133\">VOLTAGGIO<\/td>\n<td colspan=\"2\" width=\"117\">NESSUN CARICO<\/td>\n<td colspan=\"4\" width=\"228\">ALLA MASSIMA EFFICIENZA<\/td>\n<td colspan=\"2\" width=\"118\">STALLO<\/td>\n<\/tr>\n<tr>\n<td rowspan=\"2\" width=\"75\">CAMPO DI FUNZIONAMENTO<\/td>\n<td width=\"58\">NOMINALE<\/td>\n<td width=\"55\">VELOCIT\u00c0<\/td>\n<td width=\"62\">ATTUALE<\/td>\n<td width=\"55\">VELOCIT\u00c0<\/td>\n<td width=\"62\">ATTUALE<\/td>\n<td width=\"56\">COPPIA<\/td>\n<td width=\"55\">PRODUZIONE<\/td>\n<td width=\"56\">COPPIA<\/td>\n<td width=\"62\">ATTUALE<\/td>\n<\/tr>\n<tr>\n<td width=\"58\">E<\/td>\n<td width=\"55\">giri al minuto<\/td>\n<td width=\"62\">UN<\/td>\n<td width=\"55\">giri al minuto<\/td>\n<td width=\"62\">UN<\/td>\n<td width=\"56\">kg.cm<\/td>\n<td width=\"55\">L&#039;<\/td>\n<td width=\"56\">kg.cm<\/td>\n<td width=\"62\">UN<\/td>\n<\/tr>\n<tr>\n<td colspan=\"2\" width=\"131\" height=\"24\">T130-02-06500<\/td>\n<td width=\"75\">48\/1<\/td>\n<td width=\"75\">3.0~7.0<\/td>\n<td width=\"58\">6.0<\/td>\n<td width=\"55\">500<\/td>\n<td width=\"62\">0.21<\/td>\n<td width=\"55\">416<\/td>\n<td width=\"62\">1.04<\/td>\n<td width=\"56\">0.4<\/td>\n<td width=\"55\">1.71<\/td>\n<td width=\"56\">2.4<\/td>\n<td width=\"62\">5.2<\/td>\n<\/tr>\n<tr>\n<td colspan=\"2\" width=\"131\" height=\"24\">T130-02-06200<\/td>\n<td width=\"75\">120\/1<\/td>\n<td width=\"75\">3.0~7.0<\/td>\n<td width=\"58\">6.0<\/td>\n<td width=\"55\">200<\/td>\n<td width=\"62\">0.21<\/td>\n<td width=\"55\">415<\/td>\n<td width=\"62\">1.06<\/td>\n<td width=\"56\">1.0<\/td>\n<td width=\"55\">4.26<\/td>\n<td width=\"56\">5.9<\/td>\n<td width=\"62\">5.2<\/td>\n<\/tr>\n<tr>\n<td colspan=\"2\" width=\"131\" height=\"24\">T130-02-09175<\/td>\n<td width=\"75\">48\/1<\/td>\n<td width=\"75\">3.0~10.0<\/td>\n<td width=\"58\">9.0<\/td>\n<td width=\"55\">175<\/td>\n<td width=\"62\">0.09<\/td>\n<td width=\"55\">133<\/td>\n<td width=\"62\">0.17<\/td>\n<td width=\"56\">0.3<\/td>\n<td width=\"55\">0.41<\/td>\n<td width=\"56\">1.3<\/td>\n<td width=\"62\">0.55<\/td>\n<\/tr>\n<tr>\n<td colspan=\"2\" width=\"131\" height=\"24\">T130-02-0938<\/td>\n<td width=\"75\">220\/1<\/td>\n<td width=\"75\">3.0~10.0<\/td>\n<td width=\"58\">9.0<\/td>\n<td width=\"55\">38<\/td>\n<td width=\"62\">0.09<\/td>\n<td width=\"55\">31<\/td>\n<td width=\"62\">0.14<\/td>\n<td width=\"56\">1.0<\/td>\n<td width=\"55\">0.32<\/td>\n<td width=\"56\">5.8<\/td>\n<td width=\"62\">0.55<\/td>\n<\/tr>\n<tr>\n<td colspan=\"2\" width=\"131\" height=\"24\">T130-02-1260<\/td>\n<td width=\"75\">220\/1<\/td>\n<td width=\"75\">3.0~13.0<\/td>\n<td width=\"58\">12.0<\/td>\n<td width=\"55\">60<\/td>\n<td width=\"62\">0.05<\/td>\n<td width=\"55\">48<\/td>\n<td width=\"62\">0.2<\/td>\n<td width=\"56\">1.5<\/td>\n<td width=\"55\">0.74<\/td>\n<td width=\"56\">5.8<\/td>\n<td width=\"62\">0.85<\/td>\n<\/tr>\n<\/tbody>\n<\/table>\n<h2>Altro cambio in plastica pi\u00f9 motore DC A130<\/h2>\n<table style=\"width: 100%; height: 71px;\" border=\"1\" width=\"100%\" cellspacing=\"0\" cellpadding=\"0\">\n<tbody>\n<tr style=\"height: 13.8pt;\">\n<td style=\"height: 13px; width: 49.892%;\" align=\"right\" width=\"64\" height=\"18\"><img loading=\"lazy\" decoding=\"async\" class=\"alignnone size-full wp-image-3344\" src=\"https:\/\/fmp-components.com\/wp-content\/uploads\/2025\/01\/fmp_1.TGP010-A130-1-1.webp\" alt=\"fmp_1.TGP010-A130-1-1\" width=\"600\" height=\"600\" title=\"\" srcset=\"https:\/\/fmp-components.com\/wp-content\/uploads\/2025\/01\/fmp_1.TGP010-A130-1-1.webp 600w, https:\/\/fmp-components.com\/wp-content\/uploads\/2025\/01\/fmp_1.TGP010-A130-1-1-480x480.webp 480w\" sizes=\"(min-width: 0px) and (max-width: 480px) 480px, (min-width: 481px) 600px, 100vw\" \/><\/td>\n<td style=\"width: 49.892%; height: 13px;\" align=\"right\" width=\"64\"><img loading=\"lazy\" decoding=\"async\" class=\"alignnone size-full wp-image-3345\" src=\"https:\/\/fmp-components.com\/wp-content\/uploads\/2025\/01\/fmp_2.TGP010-A130-1-1.webp\" alt=\"fmp_2.TGP010-A130-1-1\" width=\"600\" height=\"600\" title=\"\" srcset=\"https:\/\/fmp-components.com\/wp-content\/uploads\/2025\/01\/fmp_2.TGP010-A130-1-1.webp 600w, https:\/\/fmp-components.com\/wp-content\/uploads\/2025\/01\/fmp_2.TGP010-A130-1-1-480x480.webp 480w\" sizes=\"(min-width: 0px) and (max-width: 480px) 480px, (min-width: 481px) 600px, 100vw\" \/><\/td>\n<\/tr>\n<tr style=\"height: 22px;\">\n<td style=\"height: 22px; text-align: center;\"><strong>TGP01D-A130<\/strong><\/td>\n<td style=\"height: 22px; text-align: center;\"><strong>Modello TGP01S-A130<\/strong><\/td>\n<\/tr>\n<tr style=\"height: 13.8pt;\">\n<td style=\"height: 13px; width: 49.892%;\" align=\"right\" height=\"18\"><img loading=\"lazy\" decoding=\"async\" class=\"alignnone size-full wp-image-3346\" src=\"https:\/\/fmp-components.com\/wp-content\/uploads\/2025\/01\/fmp_3.TGP010-A130-1.webp\" alt=\"fmp_3.TGP010-A130-1\" width=\"600\" height=\"600\" title=\"\" srcset=\"https:\/\/fmp-components.com\/wp-content\/uploads\/2025\/01\/fmp_3.TGP010-A130-1.webp 600w, https:\/\/fmp-components.com\/wp-content\/uploads\/2025\/01\/fmp_3.TGP010-A130-1-480x480.webp 480w\" sizes=\"(min-width: 0px) and (max-width: 480px) 480px, (min-width: 481px) 600px, 100vw\" \/><\/td>\n<td style=\"width: 49.892%; height: 13px;\" align=\"right\"><img loading=\"lazy\" decoding=\"async\" class=\"alignnone size-full wp-image-3347\" src=\"https:\/\/fmp-components.com\/wp-content\/uploads\/2025\/01\/fmp_4.TGP010-A130-1.webp\" alt=\"fmp_4.TGP010-A130-1\" width=\"600\" height=\"600\" title=\"\" srcset=\"https:\/\/fmp-components.com\/wp-content\/uploads\/2025\/01\/fmp_4.TGP010-A130-1.webp 600w, https:\/\/fmp-components.com\/wp-content\/uploads\/2025\/01\/fmp_4.TGP010-A130-1-480x480.webp 480w\" sizes=\"(min-width: 0px) and (max-width: 480px) 480px, (min-width: 481px) 600px, 100vw\" \/><\/td>\n<\/tr>\n<tr style=\"height: 23px;\">\n<td style=\"height: 23px; text-align: center;\"><strong>Modello TGP02D-A130<\/strong><\/td>\n<td style=\"height: 23px; text-align: center;\"><strong>Modello TGP02S-A130<\/strong><\/td>\n<\/tr>\n<\/tbody>\n<\/table>\n<h2>Applicazione:<\/h2>\n<table style=\"width: 100%;\" border=\"1\" width=\"100%\" cellspacing=\"0\" cellpadding=\"0\">\n<tbody>\n<tr>\n<th>Aree di applicazione<\/th>\n<td><strong>Macchine aziendali:<\/strong> Bancomat, fotocopiatrici e scanner, gestione valuta, punti vendita, stampanti, distributori automatici.<br \/>\n<strong>Cibo e bevande:<\/strong> Distributori di bevande, frullatori a immersione, frullatori, mixer, macchine per il caff\u00e8, robot da cucina, spremiagrumi, friggitrici, macchine per il ghiaccio, macchine per il latte di soia.<br \/>\n<strong>Fotocamera e ottica:<\/strong> Video, telecamere, proiettori.<br \/>\n<strong>Utensili elettrici:<\/strong> Trapani e avvitatori, levigatrici, smerigliatrici, lucidatrici, seghe.<br \/>\n<strong>Prato e giardino:<\/strong> Tosaerba, spazzaneve, decespugliatori, soffiatori per foglie.<\/td>\n<\/tr>\n<\/tbody>\n<\/table>\n<h2 data-pm-slice=\"0 0 []\">Caratteristiche del motore del riduttore in plastica TGP02D-A130<\/h2>\n<p>Il TGP02D-A130 \u00e8 un motore con riduttore in plastica ad alte prestazioni che offre una soluzione versatile e affidabile per un&#039;ampia gamma di applicazioni. Questo motore combina un riduttore in plastica durevole con un efficiente motore CC, rendendolo ideale per vari requisiti di coppia da bassa a media. Di seguito sono riportate le caratteristiche principali del TGP02D-A130:<\/p>\n<ol>\n<li><strong>Design compatto<\/strong>:Il motore con riduttore in plastica \u00e8 caratterizzato da dimensioni compatte, che ne consentono una facile integrazione in applicazioni con spazi limitati senza compromettere la potenza in uscita.<\/li>\n<li><strong>Prestazioni efficienti<\/strong>: Dotato di un potente motore a corrente continua, il TGP02D-A130 garantisce prestazioni fluide ed efficienti, garantendo coppia e velocit\u00e0 costanti adatte a un&#039;ampia gamma di utilizzi.<\/li>\n<li><strong>Scatola del cambio in plastica resistente<\/strong>:Il motore \u00e8 abbinato a un riduttore in plastica resistente, che garantisce prestazioni durature e riduce il peso complessivo dell&#039;insieme, il che \u00e8 particolarmente vantaggioso per le applicazioni leggere.<\/li>\n<li><strong>Funzionamento a basso rumore<\/strong>: Progettato per funzionare silenziosamente, il TGP02D-A130 \u00e8 ideale per applicazioni in cui la riduzione del rumore \u00e8 fondamentale, come negli elettrodomestici e nei giocattoli.<\/li>\n<li><strong>Versatilit\u00e0<\/strong>:Questo motore \u00e8 estremamente versatile e pu\u00f2 essere utilizzato in un&#039;ampia gamma di dispositivi, tra cui sistemi robotici, modelli, piccole macchine e altre apparecchiature che richiedono un controllo preciso del movimento.<\/li>\n<\/ol>\n<p>In sintesi, il motore con riduttore in plastica TGP02D-A130 \u00e8 una soluzione affidabile, conveniente ed efficiente per una variet\u00e0 di applicazioni di bassa e media potenza. Combina la resistenza di un riduttore in plastica con la precisione di un motore CC, offrendo alte prestazioni in un design compatto e versatile.<\/p>\n<h2>Informazioni su FMP<\/h2>\n<p>FMP \u00e8 un produttore leader rinomato per la sua competenza nella progettazione, sviluppo e produzione di riduttori ad alta precisione, cilindri idraulici, motori, alberi PTO, micromotori e un&#039;ampia gamma di altri componenti essenziali. Grazie alla dedizione e alla competenza del nostro team qualificato, ci siamo affermati come un attore di spicco nel settore. I nostri prodotti sono distribuiti in Europa, Nord America, Sud-est asiatico e altri mercati globali chiave, dove si sono guadagnati un&#039;eccellente reputazione per qualit\u00e0, affidabilit\u00e0 e prestazioni.<\/p>\n<p>In FMP, siamo dotati di strutture di produzione avanzate, tra cui spaziose officine di produzione, moderni spazi per uffici e alloggi per i dipendenti. Le nostre attrezzature all&#039;avanguardia per R&amp;S, produzione e collaudo ci consentono di fornire soluzioni personalizzate altamente specializzate per i nostri clienti. Con solide capacit\u00e0 tecniche, processi di produzione efficienti e un solido sistema di gestione, garantiamo che ogni prodotto soddisfi o superi i pi\u00f9 elevati standard del settore.<\/p>\n<p>La qualit\u00e0 \u00e8 fondamentale per tutto ci\u00f2 che facciamo. Dalla selezione dei materiali e dalla progettazione alla produzione, alla consegna e al feedback dei clienti, manteniamo un&#039;attenzione meticolosa ai dettagli. La soddisfazione del cliente \u00e8 il nostro obiettivo primario e ci impegniamo a offrire un servizio eccezionale durante l&#039;intero processo. FMP d\u00e0 priorit\u00e0 a relazioni a lungo termine e reciprocamente vantaggiose con i nostri clienti, promuovendo la crescita e il successo rispetto ai profitti a breve termine.<\/p>\n<p>Siamo sempre aperti alla collaborazione e non vediamo l&#039;ora di costruire un futuro pi\u00f9 luminoso insieme ai nostri partner. Le nostre soluzioni su misura sono progettate per adattarsi alle mutevoli esigenze dei nostri clienti, assicurando che ogni progetto riceva la piena attenzione e competenza che merita. Che tu abbia bisogno di prodotti standard o soluzioni su misura, FMP si impegna a supportare il tuo successo in ogni fase del percorso.<\/p>\n<p><img loading=\"lazy\" decoding=\"async\" class=\"alignnone size-full wp-image-3335\" src=\"https:\/\/fmp-components.com\/wp-content\/uploads\/2025\/01\/DC-motor-tgp01d-a130-product-1.webp\" alt=\"Motore DC-tgp01d-a130\" width=\"883\" height=\"574\" title=\"\" srcset=\"https:\/\/fmp-components.com\/wp-content\/uploads\/2025\/01\/DC-motor-tgp01d-a130-product-1.webp 883w, https:\/\/fmp-components.com\/wp-content\/uploads\/2025\/01\/DC-motor-tgp01d-a130-product-1-480x312.webp 480w\" sizes=\"(min-width: 0px) and (max-width: 480px) 480px, (min-width: 481px) 883px, 100vw\" \/><\/p>\n<p>Autore: CX<\/p>","protected":false},"excerpt":{"rendered":"<p>Characters: 1. Double shaft.Small size 42.2mm*45.5mm*23mm 2. DC plastic gear motor with low speed and big torque 3. Suitable for small diameter, low noise, and big toque application 4. Reduction Ratio: 48\u3001120\u3001180\u3001220\u3001288 Mini DC Motor Technical Data Motor model No Rated voltage VDC No-load speed r\/min No-load current mA Stall torque g.cm Stall current A [&hellip;]<\/p>","protected":false},"featured_media":3351,"comment_status":"open","ping_status":"closed","template":"","meta":{"_et_pb_use_builder":"","_et_pb_old_content":"","_et_gb_content_width":""},"product_brand":[],"product_cat":[85],"product_tag":[],"class_list":{"0":"post-3341","1":"product","2":"type-product","3":"status-publish","4":"has-post-thumbnail","6":"product_cat-dc-motors","8":"first","9":"instock","10":"shipping-taxable","11":"product-type-simple"},"_links":{"self":[{"href":"https:\/\/fmp-components.com\/it\/wp-json\/wp\/v2\/product\/3341","targetHints":{"allow":["GET"]}}],"collection":[{"href":"https:\/\/fmp-components.com\/it\/wp-json\/wp\/v2\/product"}],"about":[{"href":"https:\/\/fmp-components.com\/it\/wp-json\/wp\/v2\/types\/product"}],"replies":[{"embeddable":true,"href":"https:\/\/fmp-components.com\/it\/wp-json\/wp\/v2\/comments?post=3341"}],"wp:featuredmedia":[{"embeddable":true,"href":"https:\/\/fmp-components.com\/it\/wp-json\/wp\/v2\/media\/3351"}],"wp:attachment":[{"href":"https:\/\/fmp-components.com\/it\/wp-json\/wp\/v2\/media?parent=3341"}],"wp:term":[{"taxonomy":"product_brand","embeddable":true,"href":"https:\/\/fmp-components.com\/it\/wp-json\/wp\/v2\/product_brand?post=3341"},{"taxonomy":"product_cat","embeddable":true,"href":"https:\/\/fmp-components.com\/it\/wp-json\/wp\/v2\/product_cat?post=3341"},{"taxonomy":"product_tag","embeddable":true,"href":"https:\/\/fmp-components.com\/it\/wp-json\/wp\/v2\/product_tag?post=3341"}],"curies":[{"name":"parola chiave","href":"https:\/\/api.w.org\/{rel}","templated":true}]}}