{"id":3316,"date":"2025-01-06T05:54:00","date_gmt":"2025-01-06T05:54:00","guid":{"rendered":"https:\/\/fmp-components.com\/?page_id=8"},"modified":"2025-01-06T05:54:00","modified_gmt":"2025-01-06T05:54:00","slug":"agriculture-gearbox-for-hay-tedder-fmp03","status":"publish","type":"product","link":"https:\/\/fmp-components.com\/it\/product\/agriculture-gearbox-for-hay-tedder-fmp03\/","title":{"rendered":"Riduttore agricolo per voltafieno FMP03"},"content":{"rendered":"<h2 class=\"et_pb_module_header\">Specifiche del riduttore agricolo per voltafieno<\/h2>\n<p><img loading=\"lazy\" decoding=\"async\" class=\"alignnone wp-image-3318\" src=\"https:\/\/fmp-components.com\/wp-content\/uploads\/2025\/01\/agricutural-gearbox-fmp03.png\" alt=\"cambio-agricolo-fmp03\" width=\"809\" height=\"766\" title=\"\" srcset=\"https:\/\/fmp-components.com\/wp-content\/uploads\/2025\/01\/agricutural-gearbox-fmp03.png 809w, https:\/\/fmp-components.com\/wp-content\/uploads\/2025\/01\/agricutural-gearbox-fmp03-480x455.png 480w\" sizes=\"(min-width: 0px) and (max-width: 480px) 480px, (min-width: 481px) 809px, 100vw\" \/><\/p>\n<table style=\"width: 86.9328%;\" border=\"1\" width=\"100%\" cellspacing=\"0\" cellpadding=\"0\">\n<tbody>\n<tr>\n<th style=\"width: 38.0987%;\">Rapporto<\/th>\n<td style=\"width: 48.6184%;\">2.63:1<\/td>\n<\/tr>\n<tr>\n<th style=\"width: 38.0987%;\">Velocit\u00e0 di ingresso<\/th>\n<td style=\"width: 48.6184%;\">400 giri al minuto<\/td>\n<\/tr>\n<tr>\n<th style=\"width: 38.0987%;\">Albero di ingresso<\/th>\n<td style=\"width: 48.6184%;\">X<\/td>\n<\/tr>\n<\/tbody>\n<\/table>\n<h3>Caratteristiche del cambio agricolo per voltafieno<\/h3>\n<ol>\n<li><strong>Costruzione ad alte prestazioni<\/strong><br \/>\nIl cambio Hay Tedder \u00e8 progettato per prestazioni robuste in condizioni agricole impegnative. \u00c8 dotato di un alloggiamento durevole realizzato con materiali ad alta resistenza per resistere ai rigori dell&#039;uso continuo in ambienti difficili.<\/li>\n<li><strong>Progettazione di ingranaggi di precisione<\/strong><br \/>\nIngranaggi lavorati con precisione assicurano un funzionamento fluido ed efficiente, riducendo l&#039;usura. Ci\u00f2 aumenta la longevit\u00e0 complessiva del cambio e riduce al minimo i requisiti di manutenzione.<\/li>\n<li><strong>Elevata capacit\u00e0 di coppia<\/strong><br \/>\nProgettato per macchinari agricoli pesanti, il cambio offre un&#039;elevata coppia in uscita, garantendo prestazioni ottimali anche in attivit\u00e0 impegnative come la fienagione, fornendo una potenza costante per una distribuzione uniforme.<\/li>\n<li><strong>Trasmissione di potenza efficiente<\/strong><br \/>\nIl cambio \u00e8 progettato per garantire un trasferimento efficiente della potenza dal sistema PTO (presa di forza) del trattore allo spandifieno, garantendo una perdita di energia minima e la massima produttivit\u00e0.<\/li>\n<li><strong>Compatto e leggero<\/strong><br \/>\nNonostante le sue capacit\u00e0 di impiego gravoso, il riduttore \u00e8 compatto e leggero, il che lo rende facile da maneggiare, installare e manutenere, aumentando cos\u00ec l&#039;efficienza complessiva della macchina.<\/li>\n<\/ol>\n<p>Queste caratteristiche si combinano per rendere il riduttore agricolo per voltafieno un componente affidabile ed efficiente per le macchine agricole, garantendo prestazioni ottimali e lunga durata nelle applicazioni di voltafieno.<\/p>\n<h2>Informazioni su FMP<\/h2>\n<p>Con sede in Italia, FMP \u00e8 un produttore leader noto per la sua competenza nella progettazione, sviluppo e produzione di riduttori ad alte prestazioni, con una forte attenzione al settore delle macchine agricole. Rinomato per l&#039;ingegneria di precisione, le soluzioni innovative e l&#039;affidabilit\u00e0 incrollabile, FMP si \u00e8 costruito una reputazione come partner di fiducia sia nei mercati agricoli che industriali. Il nostro portafoglio diversificato include riduttori progettati su misura per tosaerba, alberi cardanici e una gamma di altri componenti essenziali, tutti progettati per soddisfare le esigenze uniche di varie applicazioni.<\/p>\n<p>In FMP, sappiamo che ogni cliente affronta sfide distinte, motivo per cui ci impegniamo a fornire soluzioni personalizzate. Che si tratti di un singolo componente o di un sistema completamente integrato, collaboriamo a stretto contatto con i clienti per garantire che ogni soluzione non solo soddisfi le loro specifiche, ma ottimizzi anche le prestazioni e aggiunga valore. Il nostro impegno nel fornire risposte rapide e professionali e una guida esperta garantisce che ogni richiesta venga gestita con precisione e cura, con conseguenti risultati migliori possibili.<\/p>\n<p>Diamo priorit\u00e0 alla comunicazione trasparente in ogni fase del ciclo di sviluppo del prodotto. Il nostro team dedicato lavora a stretto contatto con i clienti per comprendere appieno le loro esigenze, offrendo approfondimenti concreti e raccomandazioni di esperti per ottenere i risultati pi\u00f9 efficaci. Che si tratti di creare prodotti all&#039;avanguardia o di evadere ordini di routine, FMP si impegna a fornire soluzioni di alta qualit\u00e0 e di precisione nei tempi previsti, ogni volta. La nostra missione \u00e8 quella di superare costantemente le aspettative dei clienti fornendo un servizio eccezionale e risultati eccezionali.<\/p>\n<p>Al centro delle operazioni di FMP c&#039;\u00e8 un forte impegno per la qualit\u00e0. Aderiamo ai pi\u00f9 elevati standard di produzione e implementiamo rigorose misure di controllo qualit\u00e0 per garantire che ogni prodotto non solo soddisfi ma superi i parametri di riferimento del settore. Questa dedizione all&#039;eccellenza, insieme ai nostri valori fondamentali di integrit\u00e0, lavoro di squadra e perseveranza, ci ha permesso di costruire relazioni a lungo termine basate sulla fiducia con clienti in oltre 30 paesi in tutto il mondo.<\/p>\n<p>FMP si impegna a promuovere partnership globali offrendo consulenza specialistica e soluzioni personalizzate che si evolvono con le esigenze dinamiche dei nostri clienti. Puntiamo a costruire relazioni durature e reciprocamente vantaggiose che contribuiscano al successo di ogni progetto. Che tu stia cercando soluzioni innovative per una nuova iniziativa o un supporto continuo per un sistema esistente, FMP \u00e8 qui per aiutarti a superare le sfide tecniche e garantire il tuo successo continuo.<\/p>\n<p><img loading=\"lazy\" decoding=\"async\" class=\"alignnone wp-image-2695\" src=\"https:\/\/fmp-components.com\/wp-content\/uploads\/2025\/01\/agricultural-gearbox3.webp\" alt=\"cambio-agricolo\" width=\"1140\" height=\"1138\" title=\"\" srcset=\"https:\/\/fmp-components.com\/wp-content\/uploads\/2025\/01\/agricultural-gearbox3.webp 1140w, https:\/\/fmp-components.com\/wp-content\/uploads\/2025\/01\/agricultural-gearbox3-480x479.webp 480w\" sizes=\"(min-width: 0px) and (max-width: 480px) 480px, (min-width: 481px) 1140px, 100vw\" \/><\/p>\n<p>Autore: CX<\/p>","protected":false},"excerpt":{"rendered":"<p>Agriculture Gearbox For Hay Tedder Specification Ratio 2.63:1 Input Speed 400 rpm Input Shaft X Features of Hay Tedder Agriculture Gearbox High-Performance Construction The Hay Tedder gearbox is engineered for robust performance in demanding agricultural conditions. It features a durable housing made from high-strength materials to withstand the rigors of continuous use in tough environments. [&hellip;]<\/p>","protected":false},"featured_media":3317,"comment_status":"open","ping_status":"closed","template":"","meta":{"_et_pb_use_builder":"","_et_pb_old_content":"","_et_gb_content_width":""},"product_brand":[],"product_cat":[83],"product_tag":[],"class_list":{"0":"post-3316","1":"product","2":"type-product","3":"status-publish","4":"has-post-thumbnail","6":"product_cat-gearbox-for-hay-tedders","8":"first","9":"instock","10":"shipping-taxable","11":"product-type-simple"},"_links":{"self":[{"href":"https:\/\/fmp-components.com\/it\/wp-json\/wp\/v2\/product\/3316","targetHints":{"allow":["GET"]}}],"collection":[{"href":"https:\/\/fmp-components.com\/it\/wp-json\/wp\/v2\/product"}],"about":[{"href":"https:\/\/fmp-components.com\/it\/wp-json\/wp\/v2\/types\/product"}],"replies":[{"embeddable":true,"href":"https:\/\/fmp-components.com\/it\/wp-json\/wp\/v2\/comments?post=3316"}],"wp:featuredmedia":[{"embeddable":true,"href":"https:\/\/fmp-components.com\/it\/wp-json\/wp\/v2\/media\/3317"}],"wp:attachment":[{"href":"https:\/\/fmp-components.com\/it\/wp-json\/wp\/v2\/media?parent=3316"}],"wp:term":[{"taxonomy":"product_brand","embeddable":true,"href":"https:\/\/fmp-components.com\/it\/wp-json\/wp\/v2\/product_brand?post=3316"},{"taxonomy":"product_cat","embeddable":true,"href":"https:\/\/fmp-components.com\/it\/wp-json\/wp\/v2\/product_cat?post=3316"},{"taxonomy":"product_tag","embeddable":true,"href":"https:\/\/fmp-components.com\/it\/wp-json\/wp\/v2\/product_tag?post=3316"}],"curies":[{"name":"parola chiave","href":"https:\/\/api.w.org\/{rel}","templated":true}]}}