{"id":3312,"date":"2025-01-06T05:35:19","date_gmt":"2025-01-06T05:35:19","guid":{"rendered":"https:\/\/fmp-components.com\/?page_id=8"},"modified":"2025-01-06T05:35:20","modified_gmt":"2025-01-06T05:35:20","slug":"agitators-gearbox-for-sewage-fmp22","status":"publish","type":"product","link":"https:\/\/fmp-components.com\/it\/product\/agitators-gearbox-for-sewage-fmp22\/","title":{"rendered":"Agitatori Riduttore Per Fognatura FMP22"},"content":{"rendered":"<h2>Specifiche del riduttore degli agitatori<\/h2>\n<p><img loading=\"lazy\" decoding=\"async\" class=\"alignnone wp-image-3315\" src=\"https:\/\/fmp-components.com\/wp-content\/uploads\/2025\/01\/agricutural-gearbox-FMP22.png\" alt=\"cambio-agricolo-FMP22\" width=\"817\" height=\"740\" title=\"\" srcset=\"https:\/\/fmp-components.com\/wp-content\/uploads\/2025\/01\/agricutural-gearbox-FMP22.png 817w, https:\/\/fmp-components.com\/wp-content\/uploads\/2025\/01\/agricutural-gearbox-FMP22-480x435.png 480w\" sizes=\"(min-width: 0px) and (max-width: 480px) 480px, (min-width: 481px) 817px, 100vw\" \/><\/p>\n<table style=\"width: 88.6601%;\" border=\"1\" width=\"100%\" cellspacing=\"0\" cellpadding=\"0\">\n<tbody>\n<tr>\n<th style=\"width: 41.843%;\">Rapporto<\/th>\n<td style=\"width: 46.6019%;\">1:1, 1:1.25<\/td>\n<\/tr>\n<tr>\n<th style=\"width: 41.843%;\">Velocit\u00e0 di ingresso (rpm)<\/th>\n<td style=\"width: 46.6019%;\">3200, 3500, 1750<\/td>\n<\/tr>\n<tr>\n<th style=\"width: 41.843%;\">Albero di ingresso<\/th>\n<td style=\"width: 46.6019%;\">La<\/td>\n<\/tr>\n<\/tbody>\n<\/table>\n<h2 data-pm-slice=\"0 0 []\">Caratteristiche del riduttore del miscelatore per acque reflue<\/h2>\n<ol>\n<li><strong>Costruzione pesante<\/strong><br \/>\nProgettato con materiali robusti, il riduttore del miscelatore per acque reflue \u00e8 costruito per resistere ad ambienti difficili e impegnativi, tra cui l&#039;esposizione a sostanze chimiche, abrasive e corrosive comunemente presenti nei processi di trattamento delle acque reflue e delle acque reflue.<\/li>\n<li><strong>Elevata capacit\u00e0 di coppia<\/strong><br \/>\nIl riduttore \u00e8 progettato per fornire un&#039;elevata coppia in uscita, garantendo un funzionamento efficiente e affidabile anche in condizioni di carico elevato. Ci\u00f2 \u00e8 essenziale per azionare grandi miscelatori che gestiscono materiali densi e viscosi negli impianti di trattamento delle acque reflue.<\/li>\n<li><strong>Rivestimenti resistenti alla corrosione<\/strong><br \/>\nIl riduttore \u00e8 dotato di rivestimenti resistenti alla corrosione o di componenti in acciaio inossidabile per prevenire danni dovuti all&#039;esposizione ad acqua, liquami e altri materiali corrosivi, garantendo una lunga durata e riducendo i costi di manutenzione.<\/li>\n<li><strong>Design compatto e salvaspazio<\/strong><br \/>\nNonostante le sue prestazioni elevate, il riduttore \u00e8 progettato per essere compatto e salvaspazio, il che lo rende ideale per installazioni in cui lo spazio \u00e8 limitato, come negli impianti di trattamento delle acque reflue o nelle stazioni di pompaggio delle acque reflue.<\/li>\n<li><strong>Ingegneria di precisione<\/strong><br \/>\nRealizzati con elevata precisione per garantire un funzionamento fluido degli ingranaggi e ridurre l&#039;usura nel tempo. Ci\u00f2 si traduce anche in prestazioni pi\u00f9 silenziose ed efficienti con vibrazioni e rumore minimi, anche in caso di utilizzo intensivo.<\/li>\n<\/ol>\n<p>Queste caratteristiche garantiscono che il riduttore del miscelatore per acque reflue possa gestire in modo affidabile le difficili condizioni degli impianti di trattamento delle acque reflue, mantenendo al contempo elevata efficienza, durata e minima manutenzione.<\/p>\n<h2>Informazioni su FMP<\/h2>\n<p>Con sede in Italia, FMP \u00e8 un produttore leader specializzato nella progettazione, sviluppo e produzione di riduttori ad alte prestazioni, con un focus primario sul settore delle macchine agricole. Riconosciuta per la nostra ingegneria di precisione, soluzioni innovative e affidabilit\u00e0 incrollabile, FMP si \u00e8 affermata come un partner di fiducia sia nel mercato agricolo che in quello industriale. Il nostro ampio portafoglio include riduttori progettati su misura per tosaerba, alberi cardanici e un&#039;ampia gamma di componenti essenziali, tutti realizzati con meticolosa attenzione per soddisfare le esigenze uniche di varie applicazioni.<\/p>\n<p>In FMP, sappiamo che ogni cliente affronta sfide distinte, motivo per cui ci impegniamo a fornire soluzioni personalizzate. Che si tratti di un singolo componente o di un sistema completamente integrato, lavoriamo a stretto contatto con i nostri clienti per garantire che ogni soluzione non solo soddisfi le loro esigenze specifiche, ma migliori anche le prestazioni e massimizzi il valore complessivo. Il nostro impegno nel fornire risposte tempestive e professionali e una guida esperta garantisce che ogni richiesta venga gestita con precisione, ottenendo costantemente risultati ottimali.<\/p>\n<p>Poniamo una forte enfasi sulla comunicazione trasparente e sulla collaborazione durante l&#039;intero processo di sviluppo del prodotto. Il nostro team esperto lavora a stretto contatto con i clienti per comprendere appieno le loro esigenze, offrendo preziosi spunti e consigli pratici per ottenere i migliori risultati possibili. Che si tratti di progettare prodotti all&#039;avanguardia o di evadere ordini di routine, FMP si impegna a fornire soluzioni di alta qualit\u00e0 e di precisione ingegnerizzate in tempo, ogni volta. Il nostro obiettivo \u00e8 superare costantemente le aspettative del cliente, fornendo un servizio eccezionale e risultati eccezionali con ogni progetto.<\/p>\n<p>Al centro delle operazioni di FMP c&#039;\u00e8 un impegno costante per la qualit\u00e0. Aderiamo ai pi\u00f9 elevati standard di produzione e implementiamo rigorosi processi di controllo qualit\u00e0 per garantire che ogni prodotto non solo soddisfi ma superi i parametri di riferimento del settore. Questa attenzione all&#039;eccellenza, unita ai nostri valori fondamentali di integrit\u00e0, lavoro di squadra e perseveranza, ci ha permesso di costruire relazioni durature e basate sulla fiducia con clienti in quasi 30 paesi in tutto il mondo.<\/p>\n<p>FMP si impegna a promuovere partnership globali offrendo consulenza specialistica e soluzioni personalizzate che si adattano alle mutevoli esigenze dei nostri clienti. Ci impegniamo a costruire relazioni durature e reciprocamente vantaggiose che contribuiscano al successo di ogni progetto. Che tu stia cercando soluzioni innovative per una nuova iniziativa o supporto continuo per un sistema esistente, FMP \u00e8 qui per aiutarti a superare le sfide tecniche e garantire il tuo successo continuo.<\/p>\n<p><img loading=\"lazy\" decoding=\"async\" class=\"alignnone wp-image-2695\" src=\"https:\/\/fmp-components.com\/wp-content\/uploads\/2025\/01\/agricultural-gearbox3.webp\" alt=\"cambio-agricolo\" width=\"1140\" height=\"1138\" title=\"\" srcset=\"https:\/\/fmp-components.com\/wp-content\/uploads\/2025\/01\/agricultural-gearbox3.webp 1140w, https:\/\/fmp-components.com\/wp-content\/uploads\/2025\/01\/agricultural-gearbox3-480x479.webp 480w\" sizes=\"(min-width: 0px) and (max-width: 480px) 480px, (min-width: 481px) 1140px, 100vw\" \/><\/p>\n<p>Autore: CX<\/p>","protected":false},"excerpt":{"rendered":"<p>Specification of Agitators Gearbox Ratio 1:1, 1:1.25 Input Speeds (rpm) 3200, 3500, 1750 Input Shaft Z Features of Sewage Mixer Gearbox Heavy-Duty Construction Designed with robust materials, the sewage mixer gearbox is built to withstand harsh and demanding environments, including exposure to chemicals, abrasives, and corrosive substances commonly found in sewage and wastewater treatment processes. [&hellip;]<\/p>","protected":false},"featured_media":3314,"comment_status":"open","ping_status":"closed","template":"","meta":{"_et_pb_use_builder":"","_et_pb_old_content":"","_et_gb_content_width":""},"product_brand":[],"product_cat":[82],"product_tag":[],"class_list":{"0":"post-3312","1":"product","2":"type-product","3":"status-publish","4":"has-post-thumbnail","6":"product_cat-agitators-gearbox-for-sewage","8":"first","9":"instock","10":"shipping-taxable","11":"product-type-simple"},"_links":{"self":[{"href":"https:\/\/fmp-components.com\/it\/wp-json\/wp\/v2\/product\/3312","targetHints":{"allow":["GET"]}}],"collection":[{"href":"https:\/\/fmp-components.com\/it\/wp-json\/wp\/v2\/product"}],"about":[{"href":"https:\/\/fmp-components.com\/it\/wp-json\/wp\/v2\/types\/product"}],"replies":[{"embeddable":true,"href":"https:\/\/fmp-components.com\/it\/wp-json\/wp\/v2\/comments?post=3312"}],"wp:featuredmedia":[{"embeddable":true,"href":"https:\/\/fmp-components.com\/it\/wp-json\/wp\/v2\/media\/3314"}],"wp:attachment":[{"href":"https:\/\/fmp-components.com\/it\/wp-json\/wp\/v2\/media?parent=3312"}],"wp:term":[{"taxonomy":"product_brand","embeddable":true,"href":"https:\/\/fmp-components.com\/it\/wp-json\/wp\/v2\/product_brand?post=3312"},{"taxonomy":"product_cat","embeddable":true,"href":"https:\/\/fmp-components.com\/it\/wp-json\/wp\/v2\/product_cat?post=3312"},{"taxonomy":"product_tag","embeddable":true,"href":"https:\/\/fmp-components.com\/it\/wp-json\/wp\/v2\/product_tag?post=3312"}],"curies":[{"name":"parola chiave","href":"https:\/\/api.w.org\/{rel}","templated":true}]}}