{"id":3259,"date":"2025-01-06T01:36:46","date_gmt":"2025-01-06T01:36:46","guid":{"rendered":"https:\/\/fmp-components.com\/?page_id=8"},"modified":"2025-01-06T01:36:47","modified_gmt":"2025-01-06T01:36:47","slug":"gearbox-for-agricultural-machinery-700-series","status":"publish","type":"product","link":"https:\/\/fmp-components.com\/it\/product\/gearbox-for-agricultural-machinery-700-series\/","title":{"rendered":"Riduttore per macchine agricole serie 700"},"content":{"rendered":"<h2>Disegno per la serie 700<\/h2>\n<p><img loading=\"lazy\" decoding=\"async\" class=\"alignnone  wp-image-3263\" src=\"https:\/\/fmp-components.com\/wp-content\/uploads\/2025\/01\/R700-Spec-1.webp\" alt=\"R700-Specifica-1\" width=\"900\" height=\"1126\" title=\"\" srcset=\"https:\/\/fmp-components.com\/wp-content\/uploads\/2025\/01\/R700-Spec-1.webp 900w, https:\/\/fmp-components.com\/wp-content\/uploads\/2025\/01\/R700-Spec-1-480x601.webp 480w\" sizes=\"(min-width: 0px) and (max-width: 480px) 480px, (min-width: 481px) 900px, 100vw\" \/><\/p>\n<h3>Allineamento della rotazione dell&#039;albero per la serie 700<\/h3>\n<p><img loading=\"lazy\" decoding=\"async\" class=\"alignnone size-full wp-image-3262\" src=\"https:\/\/fmp-components.com\/wp-content\/uploads\/2025\/01\/R700-Rotation.webp\" alt=\"R700-Rotazione\" width=\"1024\" height=\"345\" title=\"\" srcset=\"https:\/\/fmp-components.com\/wp-content\/uploads\/2025\/01\/R700-Rotation.webp 1024w, https:\/\/fmp-components.com\/wp-content\/uploads\/2025\/01\/R700-Rotation-980x330.webp 980w, https:\/\/fmp-components.com\/wp-content\/uploads\/2025\/01\/R700-Rotation-480x162.webp 480w\" sizes=\"(min-width: 0px) and (max-width: 480px) 480px, (min-width: 481px) and (max-width: 980px) 980px, (min-width: 981px) 1024px, 100vw\" \/><\/p>\n<h3>Grafici di valutazione<\/h3>\n<p><img loading=\"lazy\" decoding=\"async\" class=\"alignnone  wp-image-3264\" src=\"https:\/\/fmp-components.com\/wp-content\/uploads\/2025\/01\/R700-rating-charts.webp\" alt=\"Grafici di valutazione R700\" width=\"862\" height=\"397\" title=\"\" srcset=\"https:\/\/fmp-components.com\/wp-content\/uploads\/2025\/01\/R700-rating-charts.webp 393w, https:\/\/fmp-components.com\/wp-content\/uploads\/2025\/01\/R700-rating-charts-300x138.webp 300w, https:\/\/fmp-components.com\/wp-content\/uploads\/2025\/01\/R700-rating-charts-18x8.webp 18w\" sizes=\"(max-width: 862px) 100vw, 862px\" \/><\/p>\n<h3>Riduttore per macchine agricole serie 700<\/h3>\n<p><strong>Caratteristiche:<\/strong><\/p>\n<ul>\n<li><strong>Alloggiamento in alluminio in due pezzi<\/strong>: Costruito con alluminio ad alta resistenza, questo alloggiamento garantisce una resistenza superiore <strong>resistenza alla corrosione<\/strong> E <strong>capacit\u00e0 termica<\/strong>, rendendolo estremamente durevole per gli ambienti agricoli pi\u00f9 difficili.<\/li>\n<li><strong>Componenti lavorati con precisione<\/strong>: Ogni riduttore \u00e8 lavorato con precisione per garantire un perfetto accoppiamento degli ingranaggi e <strong>precarico del cuscinetto<\/strong>, garantendo un funzionamento regolare ed efficiente anche in condizioni di carico elevato.<\/li>\n<li><strong>Ingranaggi forgiati<\/strong>: La serie 700 \u00e8 dotata di ingranaggi forgiati con precisione offerti in un <strong>Rapporto di trasmissione 3:1<\/strong>, garantendo un&#039;eccellente trasmissione della coppia e un&#039;efficienza operativa.<\/li>\n<li><strong>Cuscinetti a rulli conici<\/strong>: Questi cuscinetti sono progettati per migliorare <strong>capacit\u00e0 di carico<\/strong> ed estendere il <strong>durata del cuscinetto<\/strong>, garantendo prestazioni prolungate anche in ambienti ad alto stress.<\/li>\n<li><strong>Alberi in acciaio ad alta resistenza<\/strong>: IL <strong>Albero di ingresso da 1,75\u2033<\/strong> E <strong>Albero di uscita da 2,75\u2033<\/strong> sono realizzati in acciaio ad alta resistenza, garantendo robustezza e affidabilit\u00e0 nelle applicazioni pi\u00f9 gravose.<\/li>\n<li><strong>Lubrificante per ingranaggi 80W90<\/strong>: Riempito con alta qualit\u00e0 <strong>Lubrificante per ingranaggi 80W90<\/strong>, il riduttore viene sottoposto a severi test di tenuta prima della spedizione, garantendone il funzionamento ottimale fin dal primo giorno.<\/li>\n<li><strong>Testato per perdite<\/strong>:Ogni unit\u00e0 viene sottoposta a un test completo di tenuta per garantire zero perdite, assicurando affidabilit\u00e0 e riducendo le esigenze di manutenzione nel tempo.<\/li>\n<li><strong>Peso<\/strong>: Il cambio della serie 700 pesa circa <strong>120 libbre<\/strong>, compreso il lubrificante, rendendolo robusto e in grado di affrontare le attivit\u00e0 pi\u00f9 impegnative delle macchine agricole.<\/li>\n<\/ul>\n<h3>Ulteriori vantaggi:<\/h3>\n<ul>\n<li><strong>Gestione termica ottimale<\/strong>:L&#039;alloggiamento in alluminio non solo garantisce resistenza, ma aiuta anche a dissipare il calore in modo efficiente, mantenendo prestazioni costanti anche durante un utilizzo prolungato in condizioni difficili.<\/li>\n<li><strong>Durata e longevit\u00e0<\/strong>: Progettata per applicazioni agricole continue e ad alto carico, la serie 700 \u00e8 costruita per resistere ad ambienti operativi difficili, garantendo una maggiore durata utile e tempi di fermo minimi.<\/li>\n<li><strong>Efficienza su larga scala<\/strong>:Il rapporto di trasmissione 3:1 \u00e8 ideale per macchinari agricoli di grandi dimensioni, in quanto garantisce che il cambio massimizzi l&#039;efficienza, trasferendo la potenza in modo efficace per operazioni ottimali sul campo.<\/li>\n<\/ul>\n<p>Il cambio della serie 700 \u00e8 progettato per offrire affidabilit\u00e0, prestazioni e durata eccezionali negli ambienti agricoli pi\u00f9 esigenti. Che tu stia utilizzando grandi trattori, mietitrici o altri macchinari pesanti, la serie 700 fornisce la potenza e la resistenza di cui hai bisogno per un funzionamento efficiente e un&#039;affidabilit\u00e0 a lungo termine.<\/p>\n<h3>Informazioni su FMP<\/h3>\n<p>Con sede in Italia, FMP \u00e8 un produttore distinto, rinomato per la sua competenza nella progettazione, sviluppo e produzione di riduttori ad alte prestazioni, con particolare attenzione al settore delle macchine agricole. Nota per la nostra ingegneria di precisione, le soluzioni innovative e l&#039;affidabilit\u00e0 incrollabile, FMP si \u00e8 guadagnata una solida reputazione come partner di fiducia sia nel mercato agricolo che in quello industriale. Il nostro portafoglio completo include riduttori progettati su misura per tosaerba, alberi cardanici e un&#039;ampia gamma di altri componenti critici, tutti meticolosamente progettati per soddisfare le esigenze specifiche di diverse applicazioni.<\/p>\n<p>In FMP, sappiamo che ogni cliente affronta sfide uniche e questo spinge la nostra dedizione a fornire soluzioni personalizzate. Che si tratti di un singolo componente o di un intero sistema integrato, lavoriamo a stretto contatto con i nostri clienti per garantire che ogni soluzione non solo soddisfi i loro requisiti, ma migliori anche le prestazioni e massimizzi il valore complessivo. Il nostro impegno per risposte rapide e professionali e una guida esperta garantisce che ogni richiesta venga affrontata con precisione, producendo costantemente risultati ottimali.<\/p>\n<p>Poniamo una notevole enfasi sulla comunicazione trasparente e continua durante l&#039;intero processo di sviluppo del prodotto. Il nostro team dedicato lavora a stretto contatto con i clienti per comprendere appieno le loro esigenze, offrendo preziose intuizioni e raccomandazioni attuabili per garantire i migliori risultati possibili. Che si tratti di progettare prodotti innovativi o di evadere ordini di routine, FMP si impegna a fornire soluzioni di alta qualit\u00e0 e di precisione ingegnerizzate in tempo, ogni volta. Il nostro obiettivo \u00e8 superare le aspettative del cliente, fornendo un servizio eccezionale e risultati eccezionali con ogni progetto.<\/p>\n<p>Al centro delle attivit\u00e0 di FMP c&#039;\u00e8 un impegno incrollabile per la qualit\u00e0. Aderiamo ai pi\u00f9 elevati standard di produzione e implementiamo rigorosi processi di controllo qualit\u00e0 per garantire che ogni prodotto non solo soddisfi ma superi i parametri di riferimento del settore. Questo impegno per l&#039;eccellenza, unito ai nostri valori fondamentali di integrit\u00e0, lavoro di squadra e perseveranza, ci ha permesso di costruire relazioni durature e basate sulla fiducia con clienti in quasi 30 paesi in tutto il mondo.<\/p>\n<p>FMP si impegna a promuovere partnership globali offrendo consulenza specialistica e soluzioni personalizzate che si evolvono insieme alle esigenze dinamiche dei nostri clienti. Ci impegniamo a costruire relazioni a lungo termine e reciprocamente vantaggiose che guidino il successo di ogni progetto. Che tu stia cercando soluzioni innovative per una nuova iniziativa o necessiti di supporto continuo per un sistema esistente, FMP \u00e8 pronta ad aiutarti a superare le sfide tecniche e ad assicurare il tuo successo continuo.<\/p>\n<p><img loading=\"lazy\" decoding=\"async\" class=\"alignnone wp-image-2695\" src=\"https:\/\/fmp-components.com\/wp-content\/uploads\/2025\/01\/agricultural-gearbox3.webp\" alt=\"cambio-agricolo\" width=\"1140\" height=\"1138\" title=\"\" srcset=\"https:\/\/fmp-components.com\/wp-content\/uploads\/2025\/01\/agricultural-gearbox3.webp 1140w, https:\/\/fmp-components.com\/wp-content\/uploads\/2025\/01\/agricultural-gearbox3-480x479.webp 480w\" sizes=\"(min-width: 0px) and (max-width: 480px) 480px, (min-width: 481px) 1140px, 100vw\" \/><\/p>\n<p>Autore: CX<\/p>","protected":false},"excerpt":{"rendered":"<p>Drawing For 700 Series Shaft Rotation Alignment For 700 Series Rating Charts Gearbox for Agricultural Machinery 700 Series Features: Two-Piece Aluminum Housing: Constructed with high-strength aluminum, this housing ensures superior corrosion resistance and thermal capacity, making it highly durable for demanding agricultural environments. Precision Machined Components: Each gearbox is precision-machined to guarantee perfect gear meshing [&hellip;]<\/p>","protected":false},"featured_media":3260,"comment_status":"open","ping_status":"closed","template":"","meta":{"_et_pb_use_builder":"","_et_pb_old_content":"","_et_gb_content_width":""},"product_brand":[],"product_cat":[78],"product_tag":[],"class_list":{"0":"post-3259","1":"product","2":"type-product","3":"status-publish","4":"has-post-thumbnail","6":"product_cat-gearbox-for-agricultural-machinery","8":"first","9":"instock","10":"shipping-taxable","11":"product-type-simple"},"_links":{"self":[{"href":"https:\/\/fmp-components.com\/it\/wp-json\/wp\/v2\/product\/3259","targetHints":{"allow":["GET"]}}],"collection":[{"href":"https:\/\/fmp-components.com\/it\/wp-json\/wp\/v2\/product"}],"about":[{"href":"https:\/\/fmp-components.com\/it\/wp-json\/wp\/v2\/types\/product"}],"replies":[{"embeddable":true,"href":"https:\/\/fmp-components.com\/it\/wp-json\/wp\/v2\/comments?post=3259"}],"wp:featuredmedia":[{"embeddable":true,"href":"https:\/\/fmp-components.com\/it\/wp-json\/wp\/v2\/media\/3260"}],"wp:attachment":[{"href":"https:\/\/fmp-components.com\/it\/wp-json\/wp\/v2\/media?parent=3259"}],"wp:term":[{"taxonomy":"product_brand","embeddable":true,"href":"https:\/\/fmp-components.com\/it\/wp-json\/wp\/v2\/product_brand?post=3259"},{"taxonomy":"product_cat","embeddable":true,"href":"https:\/\/fmp-components.com\/it\/wp-json\/wp\/v2\/product_cat?post=3259"},{"taxonomy":"product_tag","embeddable":true,"href":"https:\/\/fmp-components.com\/it\/wp-json\/wp\/v2\/product_tag?post=3259"}],"curies":[{"name":"parola chiave","href":"https:\/\/api.w.org\/{rel}","templated":true}]}}