{"id":3242,"date":"2025-01-06T00:58:53","date_gmt":"2025-01-06T00:58:53","guid":{"rendered":"https:\/\/fmp-components.com\/?page_id=8"},"modified":"2025-01-06T00:58:53","modified_gmt":"2025-01-06T00:58:53","slug":"gearbox-for-agricultural-machinery-500-series","status":"publish","type":"product","link":"https:\/\/fmp-components.com\/it\/product\/gearbox-for-agricultural-machinery-500-series\/","title":{"rendered":"Riduttore per macchine agricole serie 500"},"content":{"rendered":"<h2>Tabella di valutazione<\/h2>\n<p><img loading=\"lazy\" decoding=\"async\" class=\"alignnone  wp-image-3250\" src=\"https:\/\/fmp-components.com\/wp-content\/uploads\/2025\/01\/R500-rating-charts.webp\" alt=\"Grafici di valutazione R500\" width=\"870\" height=\"1106\" title=\"\" srcset=\"https:\/\/fmp-components.com\/wp-content\/uploads\/2025\/01\/R500-rating-charts.webp 394w, https:\/\/fmp-components.com\/wp-content\/uploads\/2025\/01\/R500-rating-charts-236x300.webp 236w, https:\/\/fmp-components.com\/wp-content\/uploads\/2025\/01\/R500-rating-charts-9x12.webp 9w\" sizes=\"(max-width: 870px) 100vw, 870px\" \/><\/p>\n<h3>Disegno per la serie 500<\/h3>\n<p><img loading=\"lazy\" decoding=\"async\" class=\"alignnone  wp-image-3249\" src=\"https:\/\/fmp-components.com\/wp-content\/uploads\/2025\/01\/500drawing.webp\" alt=\"500disegno\" width=\"888\" height=\"1150\" title=\"\" srcset=\"https:\/\/fmp-components.com\/wp-content\/uploads\/2025\/01\/500drawing.webp 888w, https:\/\/fmp-components.com\/wp-content\/uploads\/2025\/01\/500drawing-480x621.webp 480w\" sizes=\"(min-width: 0px) and (max-width: 480px) 480px, (min-width: 481px) 888px, 100vw\" \/><\/p>\n<h3>Allineamento della rotazione dell&#039;albero per la serie 500<\/h3>\n<p><img loading=\"lazy\" decoding=\"async\" class=\"alignnone size-full wp-image-3251\" src=\"https:\/\/fmp-components.com\/wp-content\/uploads\/2025\/01\/500-rotation-option.webp\" alt=\"500-opzione-rotazione\" width=\"1024\" height=\"384\" title=\"\" srcset=\"https:\/\/fmp-components.com\/wp-content\/uploads\/2025\/01\/500-rotation-option.webp 1024w, https:\/\/fmp-components.com\/wp-content\/uploads\/2025\/01\/500-rotation-option-980x368.webp 980w, https:\/\/fmp-components.com\/wp-content\/uploads\/2025\/01\/500-rotation-option-480x180.webp 480w\" sizes=\"(min-width: 0px) and (max-width: 480px) 480px, (min-width: 481px) and (max-width: 980px) 980px, (min-width: 981px) 1024px, 100vw\" \/><\/p>\n<h3>Riduttore serie 500 per macchine agricole<\/h3>\n<p><strong>Caratteristiche e vantaggi:<\/strong><\/p>\n<ul>\n<li><strong>Alloggiamento in alluminio in due pezzi:<\/strong> Realizzato in alluminio ad alta resistenza, l&#039;alloggiamento offre una durevolezza eccezionale, resistenza alla corrosione e una capacit\u00e0 termica superiore. Ci\u00f2 garantisce prestazioni ottimali anche in condizioni operative estreme, rendendolo altamente adatto per gli ambienti agricoli.<\/li>\n<li><strong>Lavorazione di precisione:<\/strong> Ogni componente \u00e8 lavorato con precisione per garantire un perfetto accoppiamento degli ingranaggi e un preciso precarico dei cuscinetti. Questa attenzione ai dettagli contribuisce a un funzionamento pi\u00f9 fluido, a una riduzione dell&#039;attrito e a una maggiore longevit\u00e0 del cambio.<\/li>\n<li><strong>Rapporti di trasmissione versatili:<\/strong> La serie 500 \u00e8 dotata di ingranaggi forgiati di precisione disponibili in quattro rapporti: 1:1, 1,35:1, 1,5:1 e 2:1, offrendoti una gamma di opzioni per soddisfare le diverse esigenze applicative. Inoltre, \u00e8 disponibile un&#039;opzione di ingranaggi conici a spirale con rapporto 1:1, ampliando ulteriormente l&#039;adattabilit\u00e0 del cambio a diverse attivit\u00e0.<\/li>\n<li><strong>Cuscinetti a rulli conici:<\/strong> I cuscinetti a rulli conici di alta qualit\u00e0 offrono una maggiore capacit\u00e0 di carico e una maggiore durata del cuscinetto, assicurando prestazioni costanti e affidabili anche in applicazioni impegnative. Questi cuscinetti sono progettati per gestire carichi radiali e assiali pi\u00f9 elevati, il che li rende ideali per macchinari agricoli pesanti.<\/li>\n<li><strong>Albero in acciaio ad alta resistenza:<\/strong> Il cambio della serie 500 \u00e8 dotato di un albero da 1,375&quot; in acciaio ad alta resistenza, che garantisce maggiore durata e resistenza all&#039;usura. Questo robusto design dell&#039;albero assicura una trasmissione di potenza affidabile per periodi prolungati, anche in ambienti difficili.<\/li>\n<li><strong>Lubrificazione e test di tenuta:<\/strong> Il cambio \u00e8 pre-riempito con lubrificante per ingranaggi 80W90, assicurando un funzionamento fluido ed efficiente fin dall&#039;inizio. Ogni unit\u00e0 viene sottoposta a test di tenuta approfonditi prima della spedizione per garantire un prodotto privo di perdite alla consegna.<\/li>\n<li><strong>Peso e facilit\u00e0 d&#039;uso:<\/strong> Il cambio della serie 500 pesa tra 25 e 30 libbre<strong>.<\/strong>, incluso l&#039;olio per ingranaggi. Questo peso \u00e8 attentamente bilanciato per fornire resistenza pur rimanendo gestibile per l&#039;installazione e il funzionamento.<\/li>\n<\/ul>\n<p>Il riduttore della serie 500 \u00e8 una soluzione ideale per macchinari agricoli, offrendo maggiore durata, prestazioni efficienti e versatilit\u00e0 per varie applicazioni. Sia che venga utilizzato in macchinari per aratura, semina o raccolta, questo riduttore assicura un servizio affidabile, anche nelle condizioni di lavoro pi\u00f9 impegnative. Il design robusto e i materiali di alta qualit\u00e0 lo rendono una scelta affidabile per produttori e operatori del settore agricolo che cercano soluzioni di riduttori affidabili e durature.<\/p>\n<h2>Informazioni su FMP<\/h2>\n<p>Con sede in Italia, FMP \u00e8 un produttore distinto specializzato nella progettazione, sviluppo e produzione di riduttori ad alte prestazioni. Con una forte enfasi sul settore delle macchine agricole, FMP \u00e8 rinomata per la sua ingegneria di precisione, soluzioni innovative e affidabilit\u00e0 incrollabile. Nel corso degli anni, FMP si \u00e8 guadagnata una solida reputazione come partner di fiducia sia nei mercati agricoli che industriali. Il nostro ampio portafoglio include riduttori progettati su misura, alberi PTO e vari altri componenti critici, tutti meticolosamente progettati per soddisfare le esigenze specifiche di diverse applicazioni.<\/p>\n<p>In FMP, riconosciamo che ogni cliente ha esigenze uniche. Questa intuizione guida la nostra dedizione nel fornire soluzioni su misura, realizzate per soddisfare sia i singoli componenti sia i sistemi completamente integrati. Collaborando strettamente con i clienti, garantiamo che ogni soluzione non solo soddisfi le loro esigenze specifiche, ma migliori anche le prestazioni, l&#039;efficienza e il valore. Il nostro impegno per risposte rapide e professionali e una guida esperta garantisce che ogni richiesta venga soddisfatta con precisione, producendo risultati ottimali.<\/p>\n<p>Una comunicazione chiara e trasparente \u00e8 fondamentale per il nostro approccio. Dalla fase di progettazione iniziale alla consegna del prodotto, il nostro team dedicato lavora fianco a fianco con i clienti, acquisendo una conoscenza approfondita delle loro sfide. Questo approccio collaborativo ci consente di offrire spunti preziosi, condividere soluzioni innovative e, in definitiva, fornire i migliori risultati. Che si tratti di lavorare su progetti innovativi o di evadere ordini di routine, FMP si impegna a fornire soluzioni di alta qualit\u00e0 e di precisione ingegnerizzate nei tempi previsti, ogni volta. Il nostro obiettivo \u00e8 superare costantemente le aspettative dei clienti fornendo un servizio eccezionale e risultati eccezionali con ogni singolo progetto.<\/p>\n<p>Al centro delle attivit\u00e0 di FMP c&#039;\u00e8 un impegno incrollabile per la qualit\u00e0. Aderiamo ai pi\u00f9 elevati standard di produzione e implementiamo rigorosi processi di controllo qualit\u00e0 per garantire che ogni prodotto superi i parametri di riferimento del settore. Questa dedizione all&#039;eccellenza, insieme ai nostri valori fondamentali di integrit\u00e0, lavoro di squadra e perseveranza, ci ha permesso di creare relazioni durature basate sulla fiducia con clienti in oltre 30 paesi in tutto il mondo.<\/p>\n<p>FMP \u00e8 sempre focalizzata sulla promozione di partnership globali, offrendo consulenza esperta e fornendo soluzioni personalizzate che si evolvono con le esigenze dei nostri clienti. Il nostro obiettivo \u00e8 costruire relazioni a lungo termine e reciprocamente vantaggiose che contribuiscano al successo di ogni progetto. Che tu stia cercando soluzioni innovative per una nuova impresa o richieda supporto continuo per un sistema consolidato, FMP \u00e8 pronta ad assisterti nel superare le sfide tecniche e garantire il tuo successo continuo.<\/p>\n<p><img loading=\"lazy\" decoding=\"async\" class=\"alignnone wp-image-2695\" src=\"https:\/\/fmp-components.com\/wp-content\/uploads\/2025\/01\/agricultural-gearbox3.webp\" alt=\"cambio-agricolo\" width=\"1140\" height=\"1138\" title=\"\" srcset=\"https:\/\/fmp-components.com\/wp-content\/uploads\/2025\/01\/agricultural-gearbox3.webp 1140w, https:\/\/fmp-components.com\/wp-content\/uploads\/2025\/01\/agricultural-gearbox3-480x479.webp 480w\" sizes=\"(min-width: 0px) and (max-width: 480px) 480px, (min-width: 481px) 1140px, 100vw\" \/><\/p>\n<p>Autore: CX<\/p>","protected":false},"excerpt":{"rendered":"<p>Rating Chart Drawing For 500 Series Shaft Rotation Alignment For 500 Series 500 Series Gearbox for Agricultural Machinery Features and Benefits: Two-Piece Aluminum Housing: Crafted with high-strength aluminum, the housing offers exceptional durability, corrosion resistance, and superior thermal capacity. This ensures optimal performance even under extreme operational conditions, making it highly suited for agricultural environments. [&hellip;]<\/p>","protected":false},"featured_media":3252,"comment_status":"open","ping_status":"closed","template":"","meta":{"_et_pb_use_builder":"","_et_pb_old_content":"","_et_gb_content_width":""},"product_brand":[],"product_cat":[78],"product_tag":[],"class_list":{"0":"post-3242","1":"product","2":"type-product","3":"status-publish","4":"has-post-thumbnail","6":"product_cat-gearbox-for-agricultural-machinery","8":"first","9":"instock","10":"shipping-taxable","11":"product-type-simple"},"_links":{"self":[{"href":"https:\/\/fmp-components.com\/it\/wp-json\/wp\/v2\/product\/3242","targetHints":{"allow":["GET"]}}],"collection":[{"href":"https:\/\/fmp-components.com\/it\/wp-json\/wp\/v2\/product"}],"about":[{"href":"https:\/\/fmp-components.com\/it\/wp-json\/wp\/v2\/types\/product"}],"replies":[{"embeddable":true,"href":"https:\/\/fmp-components.com\/it\/wp-json\/wp\/v2\/comments?post=3242"}],"wp:featuredmedia":[{"embeddable":true,"href":"https:\/\/fmp-components.com\/it\/wp-json\/wp\/v2\/media\/3252"}],"wp:attachment":[{"href":"https:\/\/fmp-components.com\/it\/wp-json\/wp\/v2\/media?parent=3242"}],"wp:term":[{"taxonomy":"product_brand","embeddable":true,"href":"https:\/\/fmp-components.com\/it\/wp-json\/wp\/v2\/product_brand?post=3242"},{"taxonomy":"product_cat","embeddable":true,"href":"https:\/\/fmp-components.com\/it\/wp-json\/wp\/v2\/product_cat?post=3242"},{"taxonomy":"product_tag","embeddable":true,"href":"https:\/\/fmp-components.com\/it\/wp-json\/wp\/v2\/product_tag?post=3242"}],"curies":[{"name":"parola chiave","href":"https:\/\/api.w.org\/{rel}","templated":true}]}}