{"id":3236,"date":"2025-01-05T08:24:05","date_gmt":"2025-01-05T08:24:05","guid":{"rendered":"https:\/\/fmp-components.com\/?page_id=8"},"modified":"2025-01-05T08:24:05","modified_gmt":"2025-01-05T08:24:05","slug":"gearbox-for-agricultural-machinery-100-series","status":"publish","type":"product","link":"https:\/\/fmp-components.com\/it\/product\/gearbox-for-agricultural-machinery-100-series\/","title":{"rendered":"Riduttore per macchine agricole serie 100"},"content":{"rendered":"<h3><span class=\"ws12\">TABELLA DI VALUTAZIONE<\/span><\/h3>\n<p><img loading=\"lazy\" decoding=\"async\" class=\"alignnone  wp-image-3237\" src=\"https:\/\/fmp-components.com\/wp-content\/uploads\/2025\/01\/100drawing.webp\" alt=\"100disegno\" width=\"886\" height=\"1250\" title=\"\" srcset=\"https:\/\/fmp-components.com\/wp-content\/uploads\/2025\/01\/100drawing.webp 886w, https:\/\/fmp-components.com\/wp-content\/uploads\/2025\/01\/100drawing-480x677.webp 480w\" sizes=\"(min-width: 0px) and (max-width: 480px) 480px, (min-width: 481px) 886px, 100vw\" \/><\/p>\n<h3>DISEGNO PER LA SERIE 100<\/h3>\n<p><img loading=\"lazy\" decoding=\"async\" class=\"alignnone  wp-image-3239\" src=\"https:\/\/fmp-components.com\/wp-content\/uploads\/2025\/01\/R100-rating-charts.webp\" alt=\"Grafici di valutazione R100\" width=\"843\" height=\"661\" title=\"\" srcset=\"https:\/\/fmp-components.com\/wp-content\/uploads\/2025\/01\/R100-rating-charts.webp 843w, https:\/\/fmp-components.com\/wp-content\/uploads\/2025\/01\/R100-rating-charts-480x376.webp 480w\" sizes=\"(min-width: 0px) and (max-width: 480px) 480px, (min-width: 481px) 843px, 100vw\" \/><\/p>\n<h3>ALLINEAMENTO ROTAZIONE ALBERO PER SERIE 100<\/h3>\n<p><img loading=\"lazy\" decoding=\"async\" class=\"alignnone  wp-image-3238\" src=\"https:\/\/fmp-components.com\/wp-content\/uploads\/2025\/01\/100shaft.webp\" alt=\"100albero\" width=\"830\" height=\"251\" title=\"\" srcset=\"https:\/\/fmp-components.com\/wp-content\/uploads\/2025\/01\/100shaft.webp 360w, https:\/\/fmp-components.com\/wp-content\/uploads\/2025\/01\/100shaft-300x91.webp 300w, https:\/\/fmp-components.com\/wp-content\/uploads\/2025\/01\/100shaft-18x5.webp 18w\" sizes=\"(max-width: 830px) 100vw, 830px\" \/><\/p>\n<h3>Riduttore serie 100 per macchine agricole<\/h3>\n<p>Il riduttore della serie 100 \u00e8 progettato specificamente per macchinari agricoli, offrendo prestazioni, durata ed efficienza ottimali. Progettato con una struttura robusta e funzionalit\u00e0 avanzate, garantisce affidabilit\u00e0 anche in ambienti agricoli esigenti. Il riduttore \u00e8 un componente essenziale per un&#039;ampia gamma di attrezzature agricole, come coltivatori, tosaerba e altri macchinari che richiedono una trasmissione di potenza affidabile.<\/p>\n<p><strong>Caratteristiche principali:<\/strong><\/p>\n<ul>\n<li><strong>Alloggiamento in alluminio in due pezzi<\/strong><br \/>\nIl cambio \u00e8 dotato di un alloggiamento in alluminio in due pezzi, progettato per una maggiore resistenza e resistenza alla corrosione. L&#039;alloggiamento offre anche un&#039;eccellente <strong>capacit\u00e0 termica<\/strong>, rendendolo ideale per il funzionamento continuo in condizioni agricole difficili.<\/li>\n<li><strong>Lavorazione di precisione per prestazioni ottimali<\/strong><br \/>\nOgni unit\u00e0 \u00e8 lavorata con precisione per garantire la perfetta accoppiamento degli ingranaggi e il precarico dei cuscinetti, garantendo un funzionamento regolare e un&#039;usura minima.<strong>R<\/strong> nel tempo. Questo elevato livello di artigianalit\u00e0 migliora l&#039;efficienza e la longevit\u00e0 del cambio.<\/li>\n<li><strong>Ingranaggi forgiati con rapporti multipli<\/strong><br \/>\nIl cambio utilizza ingranaggi forgiati con precisione disponibili in tre diversi rapporti: 1:1, 1,1:1 e 1,43:1. Queste opzioni garantiscono flessibilit\u00e0, consentendo agli utenti di selezionare il rapporto ideale per le proprie specifiche attrezzature e requisiti operativi.<\/li>\n<li><strong>Cuscinetti a rulli conici per una maggiore capacit\u00e0 di carico<\/strong><br \/>\nDotato di cuscinetti a rulli conici, il cambio della serie 100 offre una maggiore capacit\u00e0 di carico e prolunga notevolmente la durata dei cuscinetti. Questa caratteristica lo rende particolarmente adatto per applicazioni ad alto stress, garantendo che il cambio possa resistere alle esigenze di un uso agricolo pesante.<\/li>\n<li><strong>Albero in acciaio ad alta resistenza<\/strong><br \/>\nIl cambio \u00e8 dotato di un <strong>Albero da 1\u2033<\/strong> realizzato in acciaio ad alta resistenza, una caratteristica standard progettata per migliorare la durata e fornire prestazioni costanti in varie condizioni di lavoro. Questo albero per impieghi gravosi assicura che il cambio funzioni senza problemi anche in ambienti difficili.<\/li>\n<li><strong>Lubrificante per ingranaggi 80W90<\/strong><br \/>\nPre-riempito con lubrificante per ingranaggi 80W90, il cambio della serie 100 \u00e8 pronto per l&#039;uso immediato. Il lubrificante assicura un innesto fluido degli ingranaggi e un&#039;efficiente dissipazione del calore. Ogni cambio viene sottoposto a test di tenuta prima della spedizione per garantire che sia perfettamente sigillato e pronto per l&#039;installazione.<\/li>\n<li><strong>Design leggero ma resistente<\/strong><br \/>\nCon un peso di appena 7-10 libbre, incluso l&#039;olio, la serie 100 \u00e8 progettata per essere leggera, per una facile installazione e gestione. Nonostante il suo peso ridotto, il cambio mantiene la sua resistenza e durata, rendendolo una scelta eccellente per varie applicazioni agricole.<\/li>\n<\/ul>\n<p><strong>Applicazioni:<\/strong><br \/>\nIl cambio della serie 100 \u00e8 versatile e pu\u00f2 essere utilizzato in una variet\u00e0 di macchinari agricoli, tra cui tosaerba, coltivatori e spandiconcime. La sua ingegneria di precisione lo rende ideale per attivit\u00e0 che richiedono una trasmissione di potenza costante e prestazioni affidabili, garantendo un funzionamento regolare in diverse attivit\u00e0 agricole.<\/p>\n<p>Il riduttore della serie 100 per macchinari agricoli offre elevate prestazioni, durata e flessibilit\u00e0, rendendolo una scelta affidabile per le moderne attrezzature agricole. Che tu stia cercando precisione, resistenza al carico o opzioni di personalizzazione, questo riduttore offre tutto ci\u00f2 di cui hai bisogno per un funzionamento senza interruzioni sul campo.<\/p>\n<h3>Informazioni su FMP<\/h3>\n<p>Con sede in Italia, FMP \u00e8 un produttore distinto specializzato nella progettazione, sviluppo e produzione di riduttori ad alte prestazioni, con un focus primario sul settore delle macchine agricole. Nota per la nostra ingegneria di precisione, soluzioni innovative e affidabilit\u00e0 incrollabile, FMP si \u00e8 guadagnata una solida reputazione come partner di fiducia sia nel mercato agricolo che in quello industriale. Il nostro ampio portafoglio include riduttori progettati su misura per tosaerba, alberi cardanici e altri componenti essenziali, tutti realizzati per soddisfare le esigenze specifiche di diverse applicazioni.<\/p>\n<p>In FMP, riconosciamo che ogni cliente affronta sfide distinte. Questa comprensione guida il nostro approccio alla fornitura di soluzioni personalizzate, che si tratti di singoli componenti o sistemi completamente integrati. Lavorando a stretto contatto con i nostri clienti, garantiamo che ogni soluzione sia meticolosamente allineata ai loro requisiti, ottimizzando le prestazioni e massimizzando il valore. La nostra dedizione a tempi di risposta rapidi, guida professionale ed esecuzione di precisione garantisce che ogni richiesta venga gestita in modo esperto, offrendo i migliori risultati possibili.<\/p>\n<p>Una comunicazione chiara e continua \u00e8 un aspetto fondamentale del nostro approccio durante l&#039;intero ciclo di sviluppo del prodotto. Il nostro team dedicato lavora direttamente con i clienti per ottenere una comprensione completa delle loro esigenze e offre preziosi spunti e raccomandazioni per ottenere i risultati pi\u00f9 favorevoli. Che si tratti di progettare prodotti all&#039;avanguardia o di evadere ordini di routine, FMP si impegna a fornire soluzioni di alta qualit\u00e0 e di precisione ingegnerizzate in tempo, ogni volta. Il nostro obiettivo \u00e8 superare le aspettative del cliente, fornendo un servizio eccezionale e risultati eccezionali con ogni progetto.<\/p>\n<p>La qualit\u00e0 \u00e8 la pietra angolare delle operazioni di FMP. Manteniamo i pi\u00f9 elevati standard di produzione e implementiamo rigorose misure di controllo qualit\u00e0 per garantire che ogni prodotto non solo soddisfi ma superi i parametri di riferimento del settore. Questo impegno verso l&#039;eccellenza, insieme ai nostri valori fondamentali di integrit\u00e0, lavoro di squadra e perseveranza, ci ha permesso di creare relazioni durature e basate sulla fiducia con clienti in quasi 30 paesi in tutto il mondo.<\/p>\n<p>FMP si impegna a promuovere partnership globali offrendo consulenza specialistica e soluzioni personalizzate che si evolvono insieme alle esigenze dei nostri clienti. Ci impegniamo a costruire relazioni a lungo termine e reciprocamente vantaggiose che contribuiscano al successo continuo di ogni progetto. Che tu stia cercando soluzioni innovative per una nuova impresa o necessiti di supporto continuo per un sistema esistente, FMP \u00e8 qui per aiutarti ad affrontare le sfide tecniche e garantire il tuo successo a lungo termine.<\/p>\n<p><img loading=\"lazy\" decoding=\"async\" class=\"alignnone wp-image-2695\" src=\"https:\/\/fmp-components.com\/wp-content\/uploads\/2025\/01\/agricultural-gearbox3.webp\" alt=\"cambio-agricolo\" width=\"1140\" height=\"1138\" title=\"\" srcset=\"https:\/\/fmp-components.com\/wp-content\/uploads\/2025\/01\/agricultural-gearbox3.webp 1140w, https:\/\/fmp-components.com\/wp-content\/uploads\/2025\/01\/agricultural-gearbox3-480x479.webp 480w\" sizes=\"(min-width: 0px) and (max-width: 480px) 480px, (min-width: 481px) 1140px, 100vw\" \/><\/p>\n<p>Autore: CX<\/p>","protected":false},"excerpt":{"rendered":"<p>RATING CHART DRAWING FOR 100 SERIES SHAFT ROTATION ALIGNMENT FOR 100\u00a0SERIES 100 Series Gearbox for Agricultural Machinery The 100 Series Gearbox is designed specifically for agricultural machinery, providing optimal performance, durability, and efficiency. Engineered with a robust construction and advanced features, it ensures reliability even in demanding agricultural environments. The gearbox is an essential component [&hellip;]<\/p>","protected":false},"featured_media":3240,"comment_status":"open","ping_status":"closed","template":"","meta":{"_et_pb_use_builder":"","_et_pb_old_content":"","_et_gb_content_width":""},"product_brand":[],"product_cat":[78],"product_tag":[],"class_list":{"0":"post-3236","1":"product","2":"type-product","3":"status-publish","4":"has-post-thumbnail","6":"product_cat-gearbox-for-agricultural-machinery","8":"first","9":"instock","10":"shipping-taxable","11":"product-type-simple"},"_links":{"self":[{"href":"https:\/\/fmp-components.com\/it\/wp-json\/wp\/v2\/product\/3236","targetHints":{"allow":["GET"]}}],"collection":[{"href":"https:\/\/fmp-components.com\/it\/wp-json\/wp\/v2\/product"}],"about":[{"href":"https:\/\/fmp-components.com\/it\/wp-json\/wp\/v2\/types\/product"}],"replies":[{"embeddable":true,"href":"https:\/\/fmp-components.com\/it\/wp-json\/wp\/v2\/comments?post=3236"}],"wp:featuredmedia":[{"embeddable":true,"href":"https:\/\/fmp-components.com\/it\/wp-json\/wp\/v2\/media\/3240"}],"wp:attachment":[{"href":"https:\/\/fmp-components.com\/it\/wp-json\/wp\/v2\/media?parent=3236"}],"wp:term":[{"taxonomy":"product_brand","embeddable":true,"href":"https:\/\/fmp-components.com\/it\/wp-json\/wp\/v2\/product_brand?post=3236"},{"taxonomy":"product_cat","embeddable":true,"href":"https:\/\/fmp-components.com\/it\/wp-json\/wp\/v2\/product_cat?post=3236"},{"taxonomy":"product_tag","embeddable":true,"href":"https:\/\/fmp-components.com\/it\/wp-json\/wp\/v2\/product_tag?post=3236"}],"curies":[{"name":"parola chiave","href":"https:\/\/api.w.org\/{rel}","templated":true}]}}