{"id":323,"date":"2024-12-09T06:38:13","date_gmt":"2024-12-09T06:38:13","guid":{"rendered":"https:\/\/fmp-components.com\/?page_id=8"},"modified":"2024-12-09T06:51:12","modified_gmt":"2024-12-09T06:51:12","slug":"forklift-short-lifting-hydraulic-cylinder","status":"publish","type":"product","link":"https:\/\/fmp-components.com\/it\/product\/forklift-short-lifting-hydraulic-cylinder\/","title":{"rendered":"Cilindro idraulico di sollevamento corto del carrello elevatore"},"content":{"rendered":"<p style=\"text-align: center;\"><span style=\"font-size: 18pt;\">Cilindro idraulico di sollevamento corto del carrello elevatore<\/span><\/p>\n<p><img loading=\"lazy\" decoding=\"async\" class=\"size-full wp-image-331 aligncenter\" src=\"https:\/\/fmp-components.com\/wp-content\/uploads\/2024\/12\/Forklift-Short-Lifting-Hydraulic-Cylinder.webp\" alt=\"Cilindro idraulico di sollevamento corto del carrello elevatore\" width=\"500\" height=\"500\" title=\"\" srcset=\"https:\/\/fmp-components.com\/wp-content\/uploads\/2024\/12\/Forklift-Short-Lifting-Hydraulic-Cylinder.webp 500w, https:\/\/fmp-components.com\/wp-content\/uploads\/2024\/12\/Forklift-Short-Lifting-Hydraulic-Cylinder-480x480.webp 480w\" sizes=\"(min-width: 0px) and (max-width: 480px) 480px, (min-width: 481px) 500px, 100vw\" \/><\/p>\n<p>&nbsp;<\/p>\n<h2>Parti del cilindro idraulico di sollevamento corto del carrello elevatore:<\/h2>\n<p><img loading=\"lazy\" decoding=\"async\" class=\"alignnone size-full wp-image-328\" src=\"https:\/\/fmp-components.com\/wp-content\/uploads\/2024\/12\/Forklift-Short-Lifting-Hydraulic-Cylinder-Parts.webp\" alt=\"Carrelli elevatori-sollevamento-corto-cilindro-idraulico-parti\" width=\"1024\" height=\"593\" title=\"\" srcset=\"https:\/\/fmp-components.com\/wp-content\/uploads\/2024\/12\/Forklift-Short-Lifting-Hydraulic-Cylinder-Parts.webp 1024w, https:\/\/fmp-components.com\/wp-content\/uploads\/2024\/12\/Forklift-Short-Lifting-Hydraulic-Cylinder-Parts-980x568.webp 980w, https:\/\/fmp-components.com\/wp-content\/uploads\/2024\/12\/Forklift-Short-Lifting-Hydraulic-Cylinder-Parts-480x278.webp 480w\" sizes=\"(min-width: 0px) and (max-width: 480px) 480px, (min-width: 481px) and (max-width: 980px) 980px, (min-width: 981px) 1024px, 100vw\" \/><\/p>\n<table style=\"width: 100%; height: 253px;\" border=\"1\" width=\"100%\" cellspacing=\"0\" cellpadding=\"0\">\n<tbody>\n<tr style=\"height: 47px;\">\n<td style=\"height: 31px;\">\n<div class=\"magic-27\" data-spm-anchor-id=\"a2700.details.0.i24.71f03c42bHjEJ9\">1<\/div>\n<\/td>\n<td style=\"height: 31px;\">\n<div class=\"magic-28\">Gruppo alloggiamento cilindro<\/div>\n<\/td>\n<td style=\"height: 31px;\">\n<div class=\"magic-29\">11<\/div>\n<\/td>\n<td style=\"height: 31px;\">\n<div class=\"magic-30\">Sede della ruota dentata<\/div>\n<\/td>\n<td style=\"height: 31px;\">\n<div class=\"magic-29\">21<\/div>\n<\/td>\n<td style=\"height: 31px;\">\n<div class=\"magic-31\">Anello di tenuta<\/div>\n<\/td>\n<\/tr>\n<tr style=\"height: 47px;\">\n<td style=\"height: 32px;\">\n<div class=\"magic-27\">2<\/div>\n<\/td>\n<td style=\"height: 32px;\">\n<div class=\"magic-28\">Pistone<\/div>\n<\/td>\n<td style=\"height: 32px;\">\n<div class=\"magic-29\">12<\/div>\n<\/td>\n<td style=\"height: 32px;\">\n<div class=\"magic-30\">Copertura pignone<\/div>\n<\/td>\n<td style=\"height: 32px;\">\n<div class=\"magic-29\">22<\/div>\n<\/td>\n<td style=\"height: 32px;\">\n<div class=\"magic-31\">Capezzolo di grasso<\/div>\n<\/td>\n<\/tr>\n<tr style=\"height: 47px;\">\n<td style=\"height: 29px;\">\n<div class=\"magic-27\">3<\/div>\n<\/td>\n<td style=\"height: 29px;\">\n<div class=\"magic-28\">Tubo dell&#039;olio<\/div>\n<\/td>\n<td style=\"height: 29px;\">\n<div class=\"magic-29\">13<\/div>\n<\/td>\n<td style=\"height: 29px;\">\n<div class=\"magic-30\">Rondelle elastiche<\/div>\n<\/td>\n<td style=\"height: 29px;\">\n<div class=\"magic-29\">23<\/div>\n<\/td>\n<td style=\"height: 29px;\">\n<div class=\"magic-31\">Anello di tenuta<\/div>\n<\/td>\n<\/tr>\n<tr style=\"height: 23px;\">\n<td style=\"height: 23px;\">\n<div class=\"magic-27\">4<\/div>\n<\/td>\n<td style=\"height: 23px;\">\n<div class=\"magic-28\">Valvola di ritegno<\/div>\n<\/td>\n<td style=\"height: 23px;\">\n<div class=\"magic-29\">14<\/div>\n<\/td>\n<td style=\"height: 23px;\">\n<div class=\"magic-30\">Bullone esagonale<\/div>\n<\/td>\n<td style=\"height: 23px;\">\n<div class=\"magic-29\">24<\/div>\n<\/td>\n<td style=\"height: 23px;\">\n<div class=\"magic-31\">rondella<\/div>\n<\/td>\n<\/tr>\n<tr style=\"height: 23px;\">\n<td style=\"height: 23px;\">\n<div class=\"magic-27\">5<\/div>\n<\/td>\n<td style=\"height: 23px;\">\n<div class=\"magic-28\">Anelli elastici per foro<\/div>\n<\/td>\n<td style=\"height: 23px;\">\n<div class=\"magic-29\">15<\/div>\n<\/td>\n<td style=\"height: 23px;\">\n<div class=\"magic-30\">Il cespuglio<\/div>\n<\/td>\n<td style=\"height: 23px;\">\n<div class=\"magic-29\">25<\/div>\n<\/td>\n<td style=\"height: 23px;\">\n<div class=\"magic-31\">Viti<\/div>\n<\/td>\n<\/tr>\n<tr style=\"height: 23px;\">\n<td style=\"height: 23px;\">\n<div class=\"magic-27\">6<\/div>\n<\/td>\n<td style=\"height: 23px;\">\n<div class=\"magic-28\">Anello di tenuta<\/div>\n<\/td>\n<td style=\"height: 23px;\">\n<div class=\"magic-29\">16<\/div>\n<\/td>\n<td style=\"height: 23px;\">\n<div class=\"magic-30\">Anello posteriore<\/div>\n<\/td>\n<td style=\"height: 23px;\">\n<div class=\"magic-29\">26<\/div>\n<\/td>\n<td style=\"height: 23px;\">\n<div class=\"magic-31\">Biella<\/div>\n<\/td>\n<\/tr>\n<tr style=\"height: 23px;\">\n<td style=\"height: 23px;\">\n<div class=\"magic-27\">7<\/div>\n<\/td>\n<td style=\"height: 23px;\">\n<div class=\"magic-28\">Anello di usura<\/div>\n<\/td>\n<td style=\"height: 23px;\">\n<div class=\"magic-29\">17<\/div>\n<\/td>\n<td style=\"height: 23px;\">\n<div class=\"magic-30\">Guarnizione dell&#039;asta<\/div>\n<\/td>\n<td style=\"height: 23px;\">\n<div class=\"magic-29\">27<\/div>\n<\/td>\n<td style=\"height: 23px;\">\n<div class=\"magic-31\">Tappo<\/div>\n<\/td>\n<\/tr>\n<tr style=\"height: 23px;\">\n<td style=\"height: 23px;\">\n<div class=\"magic-27\">8<\/div>\n<\/td>\n<td style=\"height: 23px;\">\n<div class=\"magic-28\">Sigillo del foro<\/div>\n<\/td>\n<td style=\"height: 23px;\">\n<div class=\"magic-29\">18<\/div>\n<\/td>\n<td style=\"height: 23px;\">\n<div class=\"magic-30\">Tergicristallo antipolvere<\/div>\n<\/td>\n<td style=\"height: 23px;\"><\/td>\n<td style=\"height: 23px;\"><\/td>\n<\/tr>\n<tr style=\"height: 23px;\">\n<td style=\"height: 23px;\">\n<div class=\"magic-27\">9<\/div>\n<\/td>\n<td style=\"height: 23px;\">\n<div class=\"magic-28\">Filo tondo<\/div>\n<\/td>\n<td style=\"height: 23px;\">\n<div class=\"magic-29\">19<\/div>\n<\/td>\n<td style=\"height: 23px;\">\n<div class=\"magic-30\">Anello posteriore<\/div>\n<\/td>\n<td style=\"height: 23px;\"><\/td>\n<td style=\"height: 23px;\"><\/td>\n<\/tr>\n<tr style=\"height: 23px;\">\n<td style=\"height: 23px;\">\n<div class=\"magic-27\">10<\/div>\n<\/td>\n<td style=\"height: 23px;\">\n<div class=\"magic-28\">Boccola di guida<\/div>\n<\/td>\n<td style=\"height: 23px;\">\n<div class=\"magic-29\">20<\/div>\n<\/td>\n<td style=\"height: 23px;\">\n<div class=\"magic-30\">Anello di tenuta<\/div>\n<\/td>\n<td style=\"height: 23px;\"><\/td>\n<td style=\"height: 23px;\"><\/td>\n<\/tr>\n<\/tbody>\n<\/table>\n<h2><strong>Dimensioni del cilindro idraulico di sollevamento corto del carrello elevatore:<\/strong><\/h2>\n<table>\n<tbody>\n<tr>\n<td><img loading=\"lazy\" decoding=\"async\" class=\"alignnone size-full wp-image-324\" src=\"https:\/\/fmp-components.com\/wp-content\/uploads\/2024\/12\/Forklift-Short-Lifting-Hydraulic-Cylinder-Dimensions-1.webp\" alt=\"Dimensioni del cilindro idraulico per sollevamento corto del carrello elevatore\" width=\"681\" height=\"281\" title=\"\" srcset=\"https:\/\/fmp-components.com\/wp-content\/uploads\/2024\/12\/Forklift-Short-Lifting-Hydraulic-Cylinder-Dimensions-1.webp 681w, https:\/\/fmp-components.com\/wp-content\/uploads\/2024\/12\/Forklift-Short-Lifting-Hydraulic-Cylinder-Dimensions-1-480x198.webp 480w\" sizes=\"(min-width: 0px) and (max-width: 480px) 480px, (min-width: 481px) 681px, 100vw\" \/><\/td>\n<td><img loading=\"lazy\" decoding=\"async\" class=\"alignnone size-full wp-image-325\" src=\"https:\/\/fmp-components.com\/wp-content\/uploads\/2024\/12\/Forklift-Short-Lifting-Hydraulic-Cylinder-Dimensions-2.webp\" alt=\"Dimensioni del cilindro idraulico per sollevamento corto del carrello elevatore\" width=\"681\" height=\"281\" title=\"\" srcset=\"https:\/\/fmp-components.com\/wp-content\/uploads\/2024\/12\/Forklift-Short-Lifting-Hydraulic-Cylinder-Dimensions-2.webp 681w, https:\/\/fmp-components.com\/wp-content\/uploads\/2024\/12\/Forklift-Short-Lifting-Hydraulic-Cylinder-Dimensions-2-480x198.webp 480w\" sizes=\"(min-width: 0px) and (max-width: 480px) 480px, (min-width: 481px) 681px, 100vw\" \/><\/td>\n<\/tr>\n<\/tbody>\n<\/table>\n<table border=\"1\" cellspacing=\"0\" cellpadding=\"0\">\n<tbody>\n<tr>\n<td width=\"246\">Nome del cilindro<\/td>\n<td width=\"336\">Numero del disegno<\/td>\n<td width=\"126\">Diametro del foro (D)<\/td>\n<td width=\"123\">Diametro dell&#039;asta (d)<\/td>\n<td width=\"114\">Colpo (S)<\/td>\n<td width=\"170\">Distanza di installazione (L)<\/td>\n<td width=\"172\">Pressione di lavoro<\/td>\n<td width=\"366\">Dimensioni dell&#039;interfaccia (M)<\/td>\n<td width=\"96\">Peso<\/td>\n<\/tr>\n<tr>\n<td class=\"et3\" width=\"246\" height=\"225\">Cilindro di sollevamento corto<\/td>\n<td class=\"et4\" width=\"336\">Codice articolo: RC25N480-800000-000A<\/td>\n<td class=\"et4\" width=\"126\">\u03a675<\/td>\n<td class=\"et4\" width=\"123\">\u03a660<\/td>\n<td class=\"et4\" width=\"114\">800<\/td>\n<td class=\"et4\" width=\"170\">1065<\/td>\n<td class=\"et4\" width=\"172\">18,1 MPa<\/td>\n<td class=\"et4\" width=\"366\">M22*1.5<\/td>\n<td class=\"et4\" width=\"96\">36 kg<\/td>\n<\/tr>\n<tr>\n<td class=\"et3\" width=\"246\" height=\"225\">Cilindro di sollevamento corto<\/td>\n<td class=\"et4\">X35N480-800000-001A<\/td>\n<td class=\"et4\">\u03a695<\/td>\n<td class=\"et4\">\u03a680<\/td>\n<td class=\"et4\">800<\/td>\n<td class=\"et4\">1065<\/td>\n<td class=\"et4\">18,1 MPa<\/td>\n<td class=\"et4\">M22*1.5<\/td>\n<td class=\"et4\">48,7 kg<\/td>\n<\/tr>\n<\/tbody>\n<\/table>\n<table>\n<tbody>\n<tr>\n<td><img loading=\"lazy\" decoding=\"async\" class=\"alignnone size-full wp-image-326\" src=\"https:\/\/fmp-components.com\/wp-content\/uploads\/2024\/12\/Forklift-Short-Lifting-Hydraulic-Cylinder-Dimensions-3.webp\" alt=\"Dimensioni del cilindro idraulico per sollevamento corto del carrello elevatore\" width=\"600\" height=\"295\" title=\"\" srcset=\"https:\/\/fmp-components.com\/wp-content\/uploads\/2024\/12\/Forklift-Short-Lifting-Hydraulic-Cylinder-Dimensions-3.webp 600w, https:\/\/fmp-components.com\/wp-content\/uploads\/2024\/12\/Forklift-Short-Lifting-Hydraulic-Cylinder-Dimensions-3-480x236.webp 480w\" sizes=\"(min-width: 0px) and (max-width: 480px) 480px, (min-width: 481px) 600px, 100vw\" \/><\/td>\n<td><img loading=\"lazy\" decoding=\"async\" class=\"alignnone size-full wp-image-327\" src=\"https:\/\/fmp-components.com\/wp-content\/uploads\/2024\/12\/Forklift-Short-Lifting-Hydraulic-Cylinder-Dimensions-4.webp\" alt=\"Dimensioni del cilindro idraulico per sollevamento corto del carrello elevatore\" width=\"600\" height=\"295\" title=\"\" srcset=\"https:\/\/fmp-components.com\/wp-content\/uploads\/2024\/12\/Forklift-Short-Lifting-Hydraulic-Cylinder-Dimensions-4.webp 600w, https:\/\/fmp-components.com\/wp-content\/uploads\/2024\/12\/Forklift-Short-Lifting-Hydraulic-Cylinder-Dimensions-4-480x236.webp 480w\" sizes=\"(min-width: 0px) and (max-width: 480px) 480px, (min-width: 481px) 600px, 100vw\" \/><\/td>\n<\/tr>\n<\/tbody>\n<\/table>\n<table border=\"1\" cellspacing=\"0\" cellpadding=\"0\">\n<tbody>\n<tr>\n<td width=\"246\">Nome del cilindro<\/td>\n<td width=\"336\">Numero del disegno<\/td>\n<td width=\"126\">Diametro del foro (D)<\/td>\n<td width=\"123\">Diametro dell&#039;asta (d)<\/td>\n<td width=\"114\">Colpo (S)<\/td>\n<td width=\"170\">Distanza di installazione (L)<\/td>\n<td width=\"172\">Pressione di lavoro<\/td>\n<td width=\"366\">Dimensioni dell&#039;interfaccia (M)<\/td>\n<td width=\"96\">Peso<\/td>\n<\/tr>\n<tr>\n<td class=\"et3\" width=\"246\" height=\"170\">Cilindro di sollevamento corto<\/td>\n<td class=\"et4\" width=\"336\">N30N450-800000-002A<\/td>\n<td class=\"et4\" width=\"126\">\u03a685<\/td>\n<td class=\"et4\" width=\"123\">\u03a670<\/td>\n<td class=\"et4\" width=\"114\">777<\/td>\n<td class=\"et4\" width=\"170\">1015<\/td>\n<td class=\"et4\" width=\"172\">18,1 MPa<\/td>\n<td class=\"et4\" width=\"366\">M22*1.5<\/td>\n<td class=\"et4\" width=\"96\">45,5 kg<\/td>\n<\/tr>\n<tr>\n<td class=\"et3\" width=\"246\" height=\"170\">Cilindro di sollevamento corto<\/td>\n<td class=\"et4\">Codice articolo: 3U3H-800000-001A<\/td>\n<td class=\"et4\">\u03a685<\/td>\n<td class=\"et4\">\u03a670<\/td>\n<td class=\"et4\">777<\/td>\n<td class=\"et4\">1015<\/td>\n<td class=\"et4\">18,1 MPa<\/td>\n<td class=\"et4\">M22*1.5<\/td>\n<td class=\"et4\">45,5 kg<\/td>\n<\/tr>\n<tr>\n<td class=\"et3\" width=\"246\" height=\"170\">Cilindro di sollevamento corto<\/td>\n<td class=\"et4\">N35N450-800000-003A<\/td>\n<td class=\"et4\">\u03a695<\/td>\n<td class=\"et4\">\u03a680<\/td>\n<td class=\"et4\">775<\/td>\n<td class=\"et4\">1013<\/td>\n<td class=\"et4\">18,1 MPa<\/td>\n<td class=\"et4\">M22*1.5<\/td>\n<td class=\"et4\">54 kg<\/td>\n<\/tr>\n<\/tbody>\n<\/table>\n<h2>Cilindro idraulico marche e modelli disponibili:<\/h2>\n<table border=\"1\" cellspacing=\"0\" cellpadding=\"0\">\n<tbody>\n<tr>\n<td><b data-spm-anchor-id=\"a2700.details.0.i43.45d84a73e99C9z\">KOMATSU (PC)<\/b><\/td>\n<td>PC30, PC40, PC50, PC56, PC60, PC78, PC100, PC110, PC120, PC130, PC160, PC200-3\/5\/6\/7\/8\/8MO, PC210, PC220-5\/6\/7\/8\/8MO, PC240, PC300\/350\/360-5\/6\/7\/8\/8MO, PC400\/450-5\/6\/7\/8\/8MO, PC800, PC850<\/td>\n<\/tr>\n<tr>\n<td><b>BRUCO (E)<\/b><\/td>\n<td>E301.5,E302,E305.5,E306,E307V1\/V2\/B\/C\/D\/E\/F,E308B\/C,E120B,E312V1\/V2\/B\/C\/D,E313D2,E312D2,E315D,<br \/>\nE200B,E320V1\/V2\/A\/B\/C\/D,E324D,E325C\/D,E329D,E330\/336C\/D,E345C,E349D,E365C,E374,E390<\/td>\n<\/tr>\n<tr>\n<td><b>KOBELCO (Slovacchia)<\/b><\/td>\n<td>SK60-3\/5\/8,SK75-8\/SR, SK100, SK120-3\/5, SK135-8\/SR, SK140-8, SK200-3\/5\/6\/6E, SK210-3\/5\/6\/ 6E,<br \/>\nSK230\/250-6E,SK250-8,SK260-8,SK350-8\/S8,SK460\/480-8<\/td>\n<\/tr>\n<tr>\n<td><b>La tua HYUNDAI (R)<\/b><\/td>\n<td>R55-5\/7, R60-5\/7, R80, R110, R130, R200-5, R210-5, R215-5\/7, R220-5\/7\/9, R225-5\/7\/9, R250, R260, R265, R290, R305, R445, R485, R505<\/td>\n<\/tr>\n<tr>\n<td><b data-spm-anchor-id=\"a2700.details.0.i53.45d84a73e99C9z\">HITACHI (EX.ZX)<\/b><\/td>\n<td>EX60,EX100-1\/2\/3,EX120-1\/3\/5\/6,EX200-1\/3\/5,EX230-5,EX300-1,EX400<br \/>\nZAX60,ZAX70,ZA120-6,ZAX200\/210-1\/3\/5\/5K,ZAX240,ZAX250,ZAX260,ZAX330-3\/5\/6,ZAX450\/470,ZAX650\/670,ZAX850\/870<\/td>\n<\/tr>\n<tr>\n<td>\n<div class=\"magic-32\"><b data-spm-anchor-id=\"a2700.details.0.i55.45d84a73e99C9z\">DOOSAN (DH\/DX)<\/b><\/div>\n<\/td>\n<td>\n<div class=\"magic-33\"><span class=\"magic-34\">DH55, DH60, DH80,DH150, DH215-5\/7,DH220-5,DH225-5\/7,DH258,DH300-5\/7, DH370,DH420,DH500<br \/>\nDX55, DX60, DX75, DX130, DX225-9, DX300, DX380, DX420, DX500<\/span><\/div>\n<\/td>\n<\/tr>\n<tr>\n<td>\n<div class=\"magic-32\"><b>VOLVO (CE)<\/b><\/div>\n<\/td>\n<td>\n<div class=\"magic-33\"><span class=\"magic-34\">EC55, EC60, EC75, EC80, EC140, EC210B\/D, EC220D, EC240, EC250, EC290, EC300, EC360 EC380, EC460, EC480, EC700, EC750, EC950<\/span><\/div>\n<\/td>\n<\/tr>\n<tr>\n<td>\n<div class=\"magic-32\"><b>KATO (HD)<\/b><\/div>\n<\/td>\n<td>\n<div class=\"magic-33\"><span class=\"magic-34\">HD307\/308, HD450, HD512, HD700-5\/7, HD820-1\/2\/3\/5\/R, HD1023-1\/3, HD1430-1\/3<\/span><\/div>\n<\/td>\n<\/tr>\n<tr>\n<td>\n<div class=\"magic-32\"><b>ALTRO MARCHIO<\/b><\/div>\n<\/td>\n<td>\n<div class=\"magic-33\"><span class=\"magic-34\">XCMG,LIUGONG,KUBOTA,CASO,YANMAR,SUNWARD,ZOOMLION,LISHIDE,LIEHERR<\/span><\/div>\n<\/td>\n<\/tr>\n<\/tbody>\n<\/table>\n<h3>Caratteristiche del cilindro idraulico di sollevamento corto del carrello elevatore<\/h3>\n<p><strong>Design compatto per l&#039;efficienza dello spazio<\/strong><br \/>\nIl cilindro idraulico di sollevamento corto del carrello elevatore \u00e8 progettato con una struttura compatta, che lo rende ideale per applicazioni in cui lo spazio \u00e8 limitato. La sua corsa pi\u00f9 corta e le dimensioni pi\u00f9 piccole gli consentono di adattarsi a spazi ristretti, come corridoi stretti o aree di lavoro ristrette in magazzini e strutture di stoccaggio. Questa caratteristica salvaspazio consente ai carrelli elevatori di funzionare in modo efficiente in ambienti in cui i cilindri di sollevamento tradizionali potrebbero essere troppo grandi o ingombranti.<\/p>\n<p><strong>Elevata capacit\u00e0 di sollevamento nonostante le dimensioni ridotte<\/strong><br \/>\nNonostante il suo design compatto, il cilindro idraulico a sollevamento corto del carrello elevatore \u00e8 progettato per offrire un&#039;elevata capacit\u00e0 di sollevamento. Fornisce la potenza necessaria per sollevare e abbassare carichi moderati con precisione, rendendolo adatto alla movimentazione di una gamma di materiali e merci. Questo equilibrio di resistenza e compattezza consente un&#039;efficace movimentazione dei carichi in ambienti pi\u00f9 piccoli o pi\u00f9 ristretti senza sacrificare le prestazioni.<\/p>\n<p><strong>Funzionamento fluido e controllato<\/strong><br \/>\nIl cilindro idraulico di sollevamento corto del carrello elevatore assicura movimenti di sollevamento e abbassamento fluidi e controllati, contribuendo a un funzionamento sicuro ed efficiente. Consente regolazioni graduali e precise durante la movimentazione dei carichi, riducendo al minimo il rischio di movimenti bruschi o bruschi spostamenti che potrebbero destabilizzare il carico. Questa caratteristica \u00e8 particolarmente importante negli ambienti in cui \u00e8 richiesta una movimentazione delicata o un posizionamento attento del carico.<\/p>\n<p><strong>Durata e affidabilit\u00e0<\/strong><br \/>\nCostruito con materiali durevoli e progettato per resistere alle esigenze di un uso regolare e intensivo, il cilindro idraulico a sollevamento corto per carrello elevatore offre prestazioni di lunga durata. \u00c8 in grado di resistere a condizioni difficili, tra cui pressione costante e cicli di sollevamento ad alta frequenza, il che lo rende un componente affidabile per le operazioni quotidiane. La sua costruzione robusta garantisce che possa continuare a funzionare in modo efficiente nel tempo con una manutenzione minima.<\/p>\n<p><strong>Maggiore manovrabilit\u00e0 in spazi ristretti<\/strong><br \/>\nIl design compatto e l&#039;elevata efficienza del cilindro idraulico di sollevamento corto del carrello elevatore migliorano la manovrabilit\u00e0 dei carrelli elevatori in aree ristrette o congestionate. Con questo cilindro, i carrelli elevatori possono eseguire operazioni di sollevamento in corridoi stretti, spazi di stoccaggio pi\u00f9 piccoli o aree con altezza libera limitata, rendendolo una scelta ideale per ambienti quali magazzini compatti, magazzini di vendita al dettaglio o piccoli reparti di produzione.<\/p>\n<h3>Informazioni su FMP<\/h3>\n<p>FMP \u00e8 un produttore specializzato di cilindri idraulici, con una forte attenzione alla ricerca e alla produzione. Sin dalla sua fondazione, l&#039;azienda si \u00e8 costantemente concentrata sullo sviluppo di cilindri idraulici, evolvendosi dalla produzione di una variet\u00e0 di prodotti, come macchinari per la raccolta e l&#039;edilizia, alla specializzazione in componenti per trattori agricoli. Con oltre un decennio di competenza nella produzione, esperienza gestionale e tecnologia di produzione avanzata, FMP garantisce la massima qualit\u00e0 nei suoi prodotti.<\/p>\n<p>Con la crescita professionale dell&#039;azienda, \u00e8 stata creata una linea di produzione completa per lavorazioni meccaniche, una linea di assemblaggio e una linea di rivestimento. FMP \u00e8 supportata da un team dedicato di personale dirigenziale esperto, progettisti meccanici qualificati e lavoratori tecnici altamente qualificati. Ci\u00f2 garantisce una qualit\u00e0 del prodotto stabile, controllando in modo efficiente la continuit\u00e0 del processo e l&#039;efficacia complessiva della produzione.<\/p>\n<p>FMP aderisce ai valori fondamentali di &quot;Innovazione tecnologica che guida il progresso, qualit\u00e0 che crea marchi, artigianalit\u00e0 che garantisce la qualit\u00e0 e costruzione di relazioni win-win a lungo termine&quot;. L&#039;azienda rimane impegnata a fornire prodotti di alta qualit\u00e0 offrendo al contempo un servizio clienti superiore, sforzandosi sempre di soddisfare le mutevoli esigenze del mercato.<\/p>\n<p><img loading=\"lazy\" decoding=\"async\" class=\"alignnone wp-image-303\" src=\"https:\/\/fmp-components.com\/wp-content\/uploads\/2024\/12\/hydraulic-cylinder-factory-11_1.webp\" alt=\"fabbrica-di-cilindri-idraulici\" width=\"917\" height=\"1003\" title=\"\" srcset=\"https:\/\/fmp-components.com\/wp-content\/uploads\/2024\/12\/hydraulic-cylinder-factory-11_1.webp 917w, https:\/\/fmp-components.com\/wp-content\/uploads\/2024\/12\/hydraulic-cylinder-factory-11_1-480x525.webp 480w\" sizes=\"(min-width: 0px) and (max-width: 480px) 480px, (min-width: 481px) 917px, 100vw\" \/><\/p>\n<table style=\"width: 100%;\" border=\"1\" width=\"100%\" cellspacing=\"0\" cellpadding=\"0\">\n<tbody>\n<tr>\n<td style=\"width: 41.9294%;\" width=\"226\"><img loading=\"lazy\" decoding=\"async\" class=\"alignnone size-full wp-image-309\" src=\"https:\/\/fmp-components.com\/wp-content\/uploads\/2024\/12\/Forklift-Tilt-Hydraulic-Cylinder.webp\" alt=\"Cilindro idraulico di inclinazione del carrello elevatore\" width=\"1000\" height=\"750\" title=\"\" srcset=\"https:\/\/fmp-components.com\/wp-content\/uploads\/2024\/12\/Forklift-Tilt-Hydraulic-Cylinder.webp 1000w, https:\/\/fmp-components.com\/wp-content\/uploads\/2024\/12\/Forklift-Tilt-Hydraulic-Cylinder-980x735.webp 980w, https:\/\/fmp-components.com\/wp-content\/uploads\/2024\/12\/Forklift-Tilt-Hydraulic-Cylinder-480x360.webp 480w\" sizes=\"(min-width: 0px) and (max-width: 480px) 480px, (min-width: 481px) and (max-width: 980px) 980px, (min-width: 981px) 1000px, 100vw\" \/><\/td>\n<td style=\"width: 55.6484%;\" width=\"64\"><img loading=\"lazy\" decoding=\"async\" class=\"alignnone wp-image-283\" src=\"https:\/\/fmp-components.com\/wp-content\/uploads\/2024\/12\/hydraulic-cylinder-factory-5.webp\" alt=\"fabbrica-di-cilindri-idraulici\" width=\"542\" height=\"312\" title=\"\"><\/td>\n<\/tr>\n<\/tbody>\n<\/table>\n<p>Autore: CX<\/p>","protected":false},"excerpt":{"rendered":"<p>Il cilindro idraulico a sollevamento corto per carrelli elevatori \u00e8 specificamente progettato per operazioni di sollevamento compatte ed efficienti in spazi ristretti. Con una corsa pi\u00f9 corta e un design compatto, questo tipo di cilindro idraulico \u00e8 ideale per carrelli elevatori che devono operare in aree ristrette in cui i tradizionali cilindri a sollevamento lungo potrebbero non adattarsi o non essere efficaci. Nonostante le sue dimensioni pi\u00f9 piccole, il cilindro idraulico a sollevamento corto fornisce la potenza di sollevamento necessaria per gestire carichi di peso medio con precisione e stabilit\u00e0. Garantisce un sollevamento fluido e controllato, rendendolo perfetto per l&#039;uso in magazzini con corridoi stretti o quando si gestiscono carichi pi\u00f9 piccoli, dove il risparmio di spazio e l&#039;elevata manovrabilit\u00e0 sono priorit\u00e0 fondamentali.<\/p>","protected":false},"featured_media":331,"comment_status":"open","ping_status":"closed","template":"","meta":{"_et_pb_use_builder":"","_et_pb_old_content":"","_et_gb_content_width":""},"product_brand":[],"product_cat":[20],"product_tag":[],"class_list":{"0":"post-323","1":"product","2":"type-product","3":"status-publish","4":"has-post-thumbnail","6":"product_cat-forklift-hydraulic-cylinders","8":"first","9":"instock","10":"shipping-taxable","11":"product-type-simple"},"_links":{"self":[{"href":"https:\/\/fmp-components.com\/it\/wp-json\/wp\/v2\/product\/323","targetHints":{"allow":["GET"]}}],"collection":[{"href":"https:\/\/fmp-components.com\/it\/wp-json\/wp\/v2\/product"}],"about":[{"href":"https:\/\/fmp-components.com\/it\/wp-json\/wp\/v2\/types\/product"}],"replies":[{"embeddable":true,"href":"https:\/\/fmp-components.com\/it\/wp-json\/wp\/v2\/comments?post=323"}],"wp:featuredmedia":[{"embeddable":true,"href":"https:\/\/fmp-components.com\/it\/wp-json\/wp\/v2\/media\/331"}],"wp:attachment":[{"href":"https:\/\/fmp-components.com\/it\/wp-json\/wp\/v2\/media?parent=323"}],"wp:term":[{"taxonomy":"product_brand","embeddable":true,"href":"https:\/\/fmp-components.com\/it\/wp-json\/wp\/v2\/product_brand?post=323"},{"taxonomy":"product_cat","embeddable":true,"href":"https:\/\/fmp-components.com\/it\/wp-json\/wp\/v2\/product_cat?post=323"},{"taxonomy":"product_tag","embeddable":true,"href":"https:\/\/fmp-components.com\/it\/wp-json\/wp\/v2\/product_tag?post=323"}],"curies":[{"name":"parola chiave","href":"https:\/\/api.w.org\/{rel}","templated":true}]}}