{"id":3189,"date":"2025-01-05T06:08:04","date_gmt":"2025-01-05T06:08:04","guid":{"rendered":"https:\/\/fmp-components.com\/?page_id=8"},"modified":"2026-03-31T07:29:18","modified_gmt":"2026-03-31T07:29:18","slug":"corn-header-gearbox-replacement-of-comer-code-m-767a","status":"publish","type":"product","link":"https:\/\/fmp-components.com\/it\/product\/corn-header-gearbox-replacement-of-comer-code-m-767a\/","title":{"rendered":"Scatola ingranaggi testata mais \u2013 Sostituzione del codice Comer M-767A"},"content":{"rendered":"<h2>Specifiche del riduttore per testata mais M-767A<\/h2>\n<p><img loading=\"lazy\" decoding=\"async\" class=\"alignnone size-full wp-image-3190\" src=\"https:\/\/fmp-components.com\/wp-content\/uploads\/2025\/01\/corn-header-gearbox-m767a-specification.webp\" alt=\"testata-mais-scatola-cambio-m767a-specifiche\" width=\"958\" height=\"577\" title=\"\" srcset=\"https:\/\/fmp-components.com\/wp-content\/uploads\/2025\/01\/corn-header-gearbox-m767a-specification.webp 958w, https:\/\/fmp-components.com\/wp-content\/uploads\/2025\/01\/corn-header-gearbox-m767a-specification-480x289.webp 480w\" sizes=\"(min-width: 0px) and (max-width: 480px) 480px, (min-width: 481px) 958px, 100vw\" \/><\/p>\n<table style=\"width: 93.4311%; height: 237px;\" border=\"1\">\n<tbody>\n<tr>\n<td style=\"width: 35.1675%;\"><strong>io<\/strong><\/td>\n<td style=\"width: 64.1148%;\">1.6<\/td>\n<\/tr>\n<tr>\n<td style=\"width: 35.1675%;\"><strong>N<sub>1<\/sub>[giri al minuto]<\/strong><\/td>\n<td style=\"width: 64.1148%;\">540<\/td>\n<\/tr>\n<tr>\n<td style=\"width: 35.1675%;\"><strong>P<sub>1<\/sub>[kW]<\/strong><\/td>\n<td style=\"width: 64.1148%;\">44.1<\/td>\n<\/tr>\n<tr>\n<td style=\"width: 35.1675%;\"><strong>M<sub>2<\/sub>[Nichel]<\/strong><\/td>\n<td style=\"width: 64.1148%;\">473<\/td>\n<\/tr>\n<tr>\n<td style=\"width: 35.1675%;\"><strong>Tipo di albero X<\/strong><\/td>\n<td style=\"width: 64.1148%;\">1&quot; 3\/8 Z6<\/td>\n<\/tr>\n<tr>\n<td style=\"width: 35.1675%;\"><strong>Tipo di albero Z<\/strong><\/td>\n<td style=\"width: 64.1148%;\">1&quot; 3\/8 Z6<\/td>\n<\/tr>\n<tr>\n<td style=\"width: 35.1675%;\"><strong>Ingresso<\/strong><\/td>\n<td style=\"width: 64.1148%;\">La<\/td>\n<\/tr>\n<\/tbody>\n<\/table>\n<h2>Manutenzione del riduttore della testata del mais<\/h2>\n<p>Una corretta manutenzione del cambio della testata mais \u00e8 essenziale per garantire che l&#039;attrezzatura funzioni in modo efficiente e duri per molte stagioni. Un cambio ben mantenuto migliora le prestazioni della testata mais, riduce la probabilit\u00e0 di guasti e prolunga la durata complessiva della macchina. Di seguito sono riportate le principali pratiche di manutenzione per mantenere il cambio della testata mais in condizioni di lavoro ottimali.<\/p>\n<p><strong>1. Lubrificazione regolare e cambio dell&#039;olio<\/strong><\/p>\n<ul>\n<li><strong>Lubrificazione:<\/strong> I riduttori delle testate per mais si basano su una lubrificazione adeguata per ridurre l&#039;attrito e prevenire l&#039;usura tra gli ingranaggi interni e i cuscinetti. Controllare regolarmente i livelli dell&#039;olio e assicurarsi che il riduttore sia ben lubrificato.\n<ul>\n<li><strong>Controllare il livello dell&#039;olio:<\/strong> Controllare periodicamente il livello dell&#039;olio nel cambio e rabboccarlo se necessario.<\/li>\n<li><strong>Qualit\u00e0 dell&#039;olio:<\/strong> Sostituisci l&#039;olio se \u00e8 contaminato da detriti o se mostra segni di degradazione. Nel tempo, l&#039;olio pu\u00f2 perdere la sua efficacia, portando a un aumento dell&#039;attrito e dell&#039;usura.<\/li>\n<li><strong>Utilizzare l&#039;olio corretto:<\/strong> Utilizzare sempre il lubrificante consigliato dal produttore per garantire prestazioni adeguate. Un tipo di olio sbagliato pu\u00f2 causare surriscaldamento o guasti dei componenti.<\/li>\n<\/ul>\n<\/li>\n<li><strong>Cambio dell&#039;olio:<\/strong> Seguire gli intervalli di cambio dell&#039;olio consigliati dal produttore, in genere dopo ogni 100-200 ore di utilizzo. Scaricare l&#039;olio vecchio e sostituirlo con olio nuovo aiuter\u00e0 a mantenere una lubrificazione adeguata e a prolungare la durata del cambio.<\/li>\n<\/ul>\n<p><strong>2. Ispezionare e mantenere la connessione dell&#039;albero della presa di forza<\/strong><\/p>\n<p>L&#039;albero PTO (Power Take-Off) \u00e8 responsabile della trasmissione di potenza dal trattore al cambio della testata per mais. Un albero PTO malfunzionante pu\u00f2 causare danni al cambio, quindi \u00e8 fondamentale ispezionarlo regolarmente.<\/p>\n<ul>\n<li><strong>Controllare l&#039;usura:<\/strong> Ispezionare l&#039;albero della presa di forza per eventuali segni di usura o danni, tra cui crepe, piegature o componenti rotti. Sostituire immediatamente eventuali parti danneggiate.<\/li>\n<li><strong>Lubrificare l&#039;albero della presa di forza:<\/strong> Lubrificare regolarmente l&#039;albero della presa di forza per garantire un funzionamento regolare e prevenire ruggine o corrosione. Prestare attenzione ai giunti cardanici e alle sezioni scorrevoli.<\/li>\n<li><strong>Allineamento corretto:<\/strong> Assicurarsi che l&#039;albero della presa di forza sia correttamente allineato con l&#039;albero di ingresso del cambio. Un disallineamento pu\u00f2 causare una sollecitazione eccessiva sul cambio e sull&#039;albero della presa di forza, con conseguente usura prematura.<\/li>\n<\/ul>\n<p><strong>3. Pulire il cambio e i componenti esterni<\/strong><\/p>\n<p>Sporcizia, detriti e residui di raccolto possono accumularsi sulla parte esterna del cambio e sui componenti circostanti, provocando il surriscaldamento o il blocco delle aree di ventilazione.<\/p>\n<ul>\n<li><strong>Cambio pulito:<\/strong> Pulire regolarmente la scatola del cambio per rimuovere polvere, sporcizia o residui di raccolto. Utilizzare aria compressa o una spazzola morbida per pulire le aree difficili da raggiungere.<\/li>\n<li><strong>Controllare le prese d&#039;aria e le alette di raffreddamento:<\/strong> Assicurarsi che le prese d&#039;aria e le alette di raffreddamento siano libere da ostruzioni per mantenere un flusso d&#039;aria adeguato. Il surriscaldamento pu\u00f2 causare guasti al cambio.<\/li>\n<li><strong>Evitare l&#039;ingresso di acqua:<\/strong> Dopo la pulizia, assicurarsi che non entri acqua nel cambio. La contaminazione da acqua pu\u00f2 causare corrosione e ridurre l&#039;efficienza della lubrificazione.<\/li>\n<\/ul>\n<p><strong>4. Monitorare la temperatura del cambio<\/strong><\/p>\n<p>Il surriscaldamento \u00e8 una causa comune di guasto del cambio. Monitorare sempre la temperatura del cambio durante il funzionamento, specialmente in condizioni di carico elevato.<\/p>\n<ul>\n<li><strong>Calore eccessivo:<\/strong> Se il cambio diventa insolitamente caldo, potrebbe indicare bassi livelli di olio, scarsa lubrificazione o carico eccessivo. Risolvere il problema tempestivamente per evitare danni.<\/li>\n<li><strong>Sistemi di raffreddamento:<\/strong> Alcune scatole di trasmissione per testate mais sono dotate di sistemi di raffreddamento. Assicuratevi che funzionino correttamente e verificate eventuali blocchi o perdite nelle linee di raffreddamento.<\/li>\n<\/ul>\n<p><strong>5. Controllare e serrare i bulloni e gli elementi di fissaggio<\/strong><\/p>\n<p>I componenti del cambio possono allentarsi nel tempo a causa delle vibrazioni e delle forze sperimentate durante il funzionamento. Bulloni o elementi di fissaggio allentati possono causare disallineamenti, usura eccessiva o persino il completo guasto del cambio.<\/p>\n<ul>\n<li><strong>Ispezionare i bulloni:<\/strong> Ispezionare regolarmente tutti i bulloni e gli elementi di fissaggio del cambio, in particolare attorno agli alberi di entrata e di uscita.<\/li>\n<li><strong>Stringere se necessario:<\/strong> Stringere eventuali bulloni e dispositivi di fissaggio allentati per assicurarsi che tutte le parti siano saldamente in posizione. Ci\u00f2 aiuta anche a prevenire vibrazioni non necessarie che possono causare danni nel tempo.<\/li>\n<\/ul>\n<p>La manutenzione regolare del cambio della testata per mais \u00e8 essenziale per massimizzarne la durata, le prestazioni e l&#039;efficienza. Rispettando i programmi di lubrificazione appropriati, eseguendo ispezioni visive e affrontando tempestivamente eventuali potenziali problemi, puoi assicurarti che il tuo cambio funzioni senza problemi per tutta la stagione della raccolta. La cura e l&#039;attenzione adeguate al cambio e all&#039;albero della presa di forza ridurranno anche la probabilit\u00e0 di costose riparazioni e ridurranno al minimo i tempi di fermo, consentendoti di concentrarti sulla massimizzazione della produttivit\u00e0 durante la raccolta.<\/p>\n<p><img loading=\"lazy\" decoding=\"async\" class=\"wp-image-3191 aligncenter\" src=\"https:\/\/fmp-components.com\/wp-content\/uploads\/2025\/01\/corn-header-gearbox-m767a1.webp\" alt=\"testata-mais-scatola-cambio-m767a-specifiche\" width=\"780\" height=\"780\" title=\"\" srcset=\"https:\/\/fmp-components.com\/wp-content\/uploads\/2025\/01\/corn-header-gearbox-m767a1.webp 300w, https:\/\/fmp-components.com\/wp-content\/uploads\/2025\/01\/corn-header-gearbox-m767a1-150x150.webp 150w, https:\/\/fmp-components.com\/wp-content\/uploads\/2025\/01\/corn-header-gearbox-m767a1-12x12.webp 12w, https:\/\/fmp-components.com\/wp-content\/uploads\/2025\/01\/corn-header-gearbox-m767a1-100x100.webp 100w\" sizes=\"(max-width: 780px) 100vw, 780px\" \/><\/p>\n<h2>Informazioni su FMP<\/h2>\n<p>Con sede in Italia, FMP \u00e8 un produttore leader specializzato nella progettazione, sviluppo e produzione di riduttori ad alte prestazioni, principalmente per il settore delle macchine agricole. Rinomato per l&#039;ingegneria di precisione, le soluzioni innovative e l&#039;affidabilit\u00e0 costante, FMP si \u00e8 costruito una solida reputazione come partner di fiducia sia nel mercato agricolo che in quello industriale. Il nostro portafoglio completo include riduttori progettati su misura per tosaerba, alberi cardanici e altri componenti essenziali, tutti progettati per soddisfare le esigenze specifiche di diverse applicazioni.<\/p>\n<p>In FMP, sappiamo che ogni cliente affronta sfide uniche. Questo ci spinge a concentrarci sulla fornitura di soluzioni personalizzate, sia per singoli componenti che per sistemi completamente integrati. Lavorando a stretto contatto con i nostri clienti, ci assicuriamo che ogni soluzione soddisfi le loro esigenze, ottimizzando al contempo le prestazioni e massimizzando il valore. Il nostro impegno per risposte tempestive e professionali e una guida esperta garantisce che ogni richiesta venga gestita con precisione, offrendo risultati ottimali.<\/p>\n<p>Diamo priorit\u00e0 a una comunicazione trasparente e continuativa durante l&#039;intero processo di sviluppo del prodotto. Il nostro team dedicato collabora a stretto contatto con i clienti per comprendere appieno le loro esigenze, offrendo preziosi spunti e raccomandazioni per ottenere i migliori risultati. Che si tratti di progettare prodotti innovativi o di evadere ordini di routine, FMP si impegna a fornire soluzioni di alta qualit\u00e0 e di precisione ingegnerizzate in tempo, ogni volta. Il nostro obiettivo \u00e8 superare le aspettative del cliente e fornire un servizio eccezionale con ogni progetto.<\/p>\n<p>Al centro delle attivit\u00e0 di FMP c&#039;\u00e8 un impegno incrollabile per la qualit\u00e0. Aderiamo ai pi\u00f9 elevati standard di produzione e a rigorosi processi di controllo qualit\u00e0 per garantire che ogni prodotto superi i parametri di riferimento del settore. Questo impegno per l&#039;eccellenza, unito ai nostri valori di integrit\u00e0, lavoro di squadra e perseveranza, ci ha permesso di costruire relazioni durature e basate sulla fiducia con clienti in quasi 30 paesi in tutto il mondo.<\/p>\n<p>FMP si impegna a promuovere partnership globali offrendo consulenza specialistica e soluzioni personalizzate che soddisfano le esigenze in continua evoluzione dei nostri clienti. Puntiamo a costruire relazioni a lungo termine e reciprocamente vantaggiose che contribuiscano al successo di ogni progetto. Che tu abbia bisogno di soluzioni innovative per una nuova iniziativa o di supporto continuo per un sistema esistente, FMP \u00e8 qui per aiutarti a superare le sfide tecniche e garantire il tuo successo continuo.<\/p>\n<p><img loading=\"lazy\" decoding=\"async\" class=\"alignnone wp-image-2695\" src=\"https:\/\/fmp-components.com\/wp-content\/uploads\/2025\/01\/agricultural-gearbox3.webp\" alt=\"cambio-agricolo\" width=\"1140\" height=\"1138\" title=\"\" srcset=\"https:\/\/fmp-components.com\/wp-content\/uploads\/2025\/01\/agricultural-gearbox3.webp 1140w, https:\/\/fmp-components.com\/wp-content\/uploads\/2025\/01\/agricultural-gearbox3-480x479.webp 480w\" sizes=\"(min-width: 0px) and (max-width: 480px) 480px, (min-width: 481px) 1140px, 100vw\" \/><\/p>\n<p>Autore: CX<\/p>","protected":false},"excerpt":{"rendered":"<p>Corn Header Gearbox M-767A Specifications i 1.6 N1[rpm] 540 P1[kW] 44.1 M2[Nm] 473 Shaft Type X 1&#8221; 3\/8 Z6 Shaft Type Z 1&#8221; 3\/8 Z6 Input Z Maintenance of Corn Header Gearbox Proper maintenance of the corn header gearbox is essential to ensure the equipment operates efficiently and lasts for many seasons. A well-maintained gearbox [&hellip;]<\/p>","protected":false},"featured_media":3191,"comment_status":"open","ping_status":"closed","template":"","meta":{"_et_pb_use_builder":"","_et_pb_old_content":"","_et_gb_content_width":""},"product_brand":[],"product_cat":[77],"product_tag":[],"class_list":{"0":"post-3189","1":"product","2":"type-product","3":"status-publish","4":"has-post-thumbnail","6":"product_cat-corn-headers-gearbox","8":"first","9":"instock","10":"shipping-taxable","11":"product-type-simple"},"_links":{"self":[{"href":"https:\/\/fmp-components.com\/it\/wp-json\/wp\/v2\/product\/3189","targetHints":{"allow":["GET"]}}],"collection":[{"href":"https:\/\/fmp-components.com\/it\/wp-json\/wp\/v2\/product"}],"about":[{"href":"https:\/\/fmp-components.com\/it\/wp-json\/wp\/v2\/types\/product"}],"replies":[{"embeddable":true,"href":"https:\/\/fmp-components.com\/it\/wp-json\/wp\/v2\/comments?post=3189"}],"wp:featuredmedia":[{"embeddable":true,"href":"https:\/\/fmp-components.com\/it\/wp-json\/wp\/v2\/media\/3191"}],"wp:attachment":[{"href":"https:\/\/fmp-components.com\/it\/wp-json\/wp\/v2\/media?parent=3189"}],"wp:term":[{"taxonomy":"product_brand","embeddable":true,"href":"https:\/\/fmp-components.com\/it\/wp-json\/wp\/v2\/product_brand?post=3189"},{"taxonomy":"product_cat","embeddable":true,"href":"https:\/\/fmp-components.com\/it\/wp-json\/wp\/v2\/product_cat?post=3189"},{"taxonomy":"product_tag","embeddable":true,"href":"https:\/\/fmp-components.com\/it\/wp-json\/wp\/v2\/product_tag?post=3189"}],"curies":[{"name":"parola chiave","href":"https:\/\/api.w.org\/{rel}","templated":true}]}}