{"id":3178,"date":"2025-01-05T05:37:53","date_gmt":"2025-01-05T05:37:53","guid":{"rendered":"https:\/\/fmp-components.com\/?page_id=8"},"modified":"2025-01-05T05:37:53","modified_gmt":"2025-01-05T05:37:53","slug":"corn-header-gearbox-replacement-of-comer-code-n669-j","status":"publish","type":"product","link":"https:\/\/fmp-components.com\/it\/product\/corn-header-gearbox-replacement-of-comer-code-n669-j\/","title":{"rendered":"Scatola ingranaggi testata mais \u2013 Sostituzione del codice Comer N669-J"},"content":{"rendered":"<h2>Dettagli del riduttore della testata del mais<\/h2>\n<table style=\"width: 98.2981%; height: 363px;\" border=\"1\">\n<tbody>\n<tr>\n<td><strong><span class=\"attr-name J-attr-name\" title=\"Nome del prodotto\">Nome del prodotto:<\/span><\/strong><\/td>\n<td>Scatola ingranaggi testata mais<\/td>\n<\/tr>\n<tr>\n<td><strong><span class=\"attr-name J-attr-name\" title=\"Disposizione di ingranaggi\">Disposizione degli ingranaggi:<\/span><\/strong><\/td>\n<td>Smusso \/ Mitra<\/td>\n<\/tr>\n<tr>\n<td><strong><span class=\"attr-name J-attr-name\" title=\"Coppia di uscita\">Coppia di uscita:<\/span><\/strong><\/td>\n<td>come disegno<\/td>\n<\/tr>\n<tr>\n<td><strong><span class=\"attr-name J-attr-name\" title=\"Velocit\u00e0 di ingresso\">Velocit\u00e0 di ingresso:<\/span><\/strong><\/td>\n<td>1000 giri al minuto<\/td>\n<\/tr>\n<tr>\n<td><strong><span class=\"attr-name J-attr-name\" title=\"Velocit\u00e0 di uscita\">Velocit\u00e0 di uscita:<\/span><\/strong><\/td>\n<td>come disegno<\/td>\n<\/tr>\n<tr>\n<td><strong>Colore:<\/strong><\/td>\n<td>Richieste dei clienti<\/td>\n<\/tr>\n<tr>\n<td><strong><span class=\"attr-name J-attr-name\" title=\"Peso\">Peso:<\/span><\/strong><\/td>\n<td>82 kg<\/td>\n<\/tr>\n<tr>\n<td><strong><span class=\"attr-name J-attr-name\" title=\"rapporto ruota catena\">Rapporto ruota dentata:<\/span><\/strong><\/td>\n<td>1.91:1<\/td>\n<\/tr>\n<tr>\n<td><strong><span class=\"attr-name J-attr-name\" title=\"Rapporto rullo tirato a gambo\">Rapporto rullo tirato a gambo:<\/span><\/strong><\/td>\n<td>1:1.2<\/td>\n<\/tr>\n<tr>\n<td><strong><span class=\"attr-name J-attr-name\" title=\"Rapporto rullo tirato a gambo\"><span class=\"attr-name J-attr-name\" title=\"Rumore\">Rumore:<\/span><\/span><\/strong><\/td>\n<td>Meno di 92db a 1 metro di distanza davanti al cambio<\/td>\n<\/tr>\n<tr>\n<td><strong><span class=\"attr-name J-attr-name\" title=\"Rapporto rullo tirato a gambo\"><span class=\"attr-name J-attr-name\" title=\"Applicazione\">Applicazione:<\/span><\/span><\/strong><\/td>\n<td>Mietitrice per mais<\/td>\n<\/tr>\n<tr>\n<td><strong><span class=\"attr-name J-attr-name\" title=\"Luogo di origine\">Luogo di origine:<\/span><\/strong><\/td>\n<td>Italia<\/td>\n<\/tr>\n<\/tbody>\n<\/table>\n<h2 title=\"come disegnare\">Specifiche del riduttore della testata per mais<\/h2>\n<p><img loading=\"lazy\" decoding=\"async\" class=\"alignnone  wp-image-3179\" src=\"https:\/\/fmp-components.com\/wp-content\/uploads\/2025\/01\/corn-header-gearbox-N669J-specifications-1.webp\" alt=\"specifiche-del-riduttore-della-testata-del-mais-N669J-1\" width=\"878\" height=\"549\" title=\"\" srcset=\"https:\/\/fmp-components.com\/wp-content\/uploads\/2025\/01\/corn-header-gearbox-N669J-specifications-1.webp 878w, https:\/\/fmp-components.com\/wp-content\/uploads\/2025\/01\/corn-header-gearbox-N669J-specifications-1-480x300.webp 480w\" sizes=\"(min-width: 0px) and (max-width: 480px) 480px, (min-width: 481px) 878px, 100vw\" \/><\/p>\n<p><img loading=\"lazy\" decoding=\"async\" class=\"alignnone  wp-image-3180\" src=\"https:\/\/fmp-components.com\/wp-content\/uploads\/2025\/01\/corn-header-gearbox-N669J-specifications-2.webp\" alt=\"specifiche-del-riduttore-della-testata-del-mais-N669J-2\" width=\"884\" height=\"714\" title=\"\" srcset=\"https:\/\/fmp-components.com\/wp-content\/uploads\/2025\/01\/corn-header-gearbox-N669J-specifications-2.webp 884w, https:\/\/fmp-components.com\/wp-content\/uploads\/2025\/01\/corn-header-gearbox-N669J-specifications-2-480x388.webp 480w\" sizes=\"(min-width: 0px) and (max-width: 480px) 480px, (min-width: 481px) 884px, 100vw\" \/><\/p>\n<article class=\"w-full scroll-mb-[var(--thread-trailing-height,150px)] text-token-text-primary focus-visible:outline-2 focus-visible:outline-offset-[-4px]\" dir=\"auto\" data-testid=\"conversation-turn-146\" data-scroll-anchor=\"false\">\n<div class=\"m-auto text-base py-[18px] px-3 md:px-4 w-full md:px-5 lg:px-4 xl:px-5\">\n<div class=\"mx-auto flex flex-1 gap-4 text-base md:gap-5 lg:gap-6 md:max-w-3xl lg:max-w-[40rem] xl:max-w-[48rem]\">\n<div class=\"group\/conversation-turn relative flex w-full min-w-0 flex-col\">\n<div class=\"flex-col gap-1 md:gap-3\">\n<div class=\"flex max-w-full flex-col flex-grow\">\n<div class=\"min-h-8 text-message flex w-full flex-col items-end gap-2 whitespace-normal break-words text-start [.text-message+&amp;]:mt-5\" dir=\"auto\" data-message-author-role=\"user\" data-message-id=\"aaa23ba6-ebb0-4f57-b7bd-42c63bb0c8fa\">\n<div class=\"flex w-full flex-col gap-1 empty:hidden items-end rtl:items-start\">\n<div class=\"relative max-w-[var(--user-chat-width,70%)] rounded-3xl bg-token-message-surface px-5 py-2.5\">\n<h2 class=\"whitespace-pre-wrap\">Caratteristiche del riduttore della testata per mais<\/h2>\n<\/div>\n<\/div>\n<\/div>\n<\/div>\n<\/div>\n<\/div>\n<\/div>\n<\/div>\n<\/article>\n<p>Il riduttore della testata per mais \u00e8 un componente fondamentale nelle moderne attrezzature per la raccolta, responsabile del trasferimento di potenza a vari meccanismi della testata per mais, come catene di raccolta, coclee e coltelli. Il design e la funzionalit\u00e0 del riduttore sono parte integrante dell&#039;efficienza e dell&#039;affidabilit\u00e0 del processo di raccolta del mais. Ecco le caratteristiche principali del riduttore della testata per mais:<\/p>\n<p>1. <strong>Trasmissione di potenza<\/strong><\/p>\n<ul>\n<li>La funzione principale del cambio della testata per mais \u00e8 quella di trasferire potenza meccanica dall&#039;albero della presa di forza del trattore ai componenti operativi della testata per mais. Il cambio \u00e8 progettato per gestire carichi di coppia elevati, consentendo un funzionamento regolare dei meccanismi di taglio e raccolta della testata.<\/li>\n<\/ul>\n<p>2. <strong>Elevata capacit\u00e0 di coppia<\/strong><\/p>\n<ul>\n<li>La raccolta del mais \u00e8 un&#039;attivit\u00e0 che richiede molta energia e il cambio deve essere in grado di gestirla <strong>elevate forze di coppia<\/strong> senza guasti. I riduttori per le testate per mais sono specificamente progettati per resistere a questi carichi pesanti, garantendo al contempo un&#039;efficiente distribuzione della potenza a tutte le parti necessarie.<\/li>\n<\/ul>\n<p>3. <strong>Rapporti di trasmissione multipli<\/strong><\/p>\n<ul>\n<li><strong>Rapporti di trasmissione variabili<\/strong> sono una caratteristica fondamentale del cambio della testata per mais. Questi rapporti consentono agli operatori di regolare la velocit\u00e0 e la potenza dei componenti della testata in base al tipo di terreno, alle condizioni del raccolto e ai requisiti operativi. La capacit\u00e0 di mettere a punto questi rapporti aiuta a ottimizzare le prestazioni.<\/li>\n<\/ul>\n<p>4. <strong>Durata e costruzione robusta<\/strong><\/p>\n<ul>\n<li>I riduttori per testate per mais sono costruiti per resistere agli ambienti difficili che si trovano nei campi agricoli. Sono costruiti con <strong>materiali ad alta resistenza<\/strong> come l&#039;acciaio temprato e spesso presentano <strong>rivestimenti resistenti alla corrosione<\/strong>Ci\u00f2 garantisce che mantengano durata ed efficienza operativa anche in condizioni difficili.<\/li>\n<\/ul>\n<p>5. <strong>Design compatto e salvaspazio<\/strong><\/p>\n<ul>\n<li>Il cambio \u00e8 solitamente compatto e leggero, consentendo una pi\u00f9 facile integrazione nella testata mais e risparmiando spazio. Questo design efficiente aiuta a ridurre il peso complessivo della macchina, migliorandone la manovrabilit\u00e0 e riducendo il consumo di carburante durante il funzionamento.<\/li>\n<\/ul>\n<p>In sintesi, il cambio della testata per mais \u00e8 un componente essenziale che consente il funzionamento regolare, efficiente e affidabile della testata per mais. Con la sua elevata capacit\u00e0 di coppia, la durevolezza, la facilit\u00e0 di integrazione e il design a bassa manutenzione, il cambio assicura prestazioni ottimali durante la raccolta, riducendo i tempi di fermo e migliorando la produttivit\u00e0 per gli agricoltori.<\/p>\n<p><img loading=\"lazy\" decoding=\"async\" class=\"alignnone size-full wp-image-3182\" src=\"https:\/\/fmp-components.com\/wp-content\/uploads\/2025\/01\/corn-header-gearbox-N669J-41.webp\" alt=\"testata-mais-riduttore-N669J-4(1)\" width=\"965\" height=\"444\" title=\"\" srcset=\"https:\/\/fmp-components.com\/wp-content\/uploads\/2025\/01\/corn-header-gearbox-N669J-41.webp 965w, https:\/\/fmp-components.com\/wp-content\/uploads\/2025\/01\/corn-header-gearbox-N669J-41-480x221.webp 480w\" sizes=\"(min-width: 0px) and (max-width: 480px) 480px, (min-width: 481px) 965px, 100vw\" \/><\/p>\n<article class=\"w-full scroll-mb-[var(--thread-trailing-height,150px)] text-token-text-primary focus-visible:outline-2 focus-visible:outline-offset-[-4px]\" dir=\"auto\" data-testid=\"conversation-turn-148\" data-scroll-anchor=\"false\">\n<div class=\"m-auto text-base py-[18px] px-3 md:px-4 w-full md:px-5 lg:px-4 xl:px-5\">\n<div class=\"mx-auto flex flex-1 gap-4 text-base md:gap-5 lg:gap-6 md:max-w-3xl lg:max-w-[40rem] xl:max-w-[48rem]\">\n<div class=\"group\/conversation-turn relative flex w-full min-w-0 flex-col\">\n<div class=\"flex-col gap-1 md:gap-3\">\n<div class=\"flex max-w-full flex-col flex-grow\">\n<div class=\"min-h-8 text-message flex w-full flex-col items-end gap-2 whitespace-normal break-words text-start [.text-message+&amp;]:mt-5\" dir=\"auto\" data-message-author-role=\"user\" data-message-id=\"aaa28861-7069-46a7-8873-87eb33aa5162\">\n<div class=\"flex w-full flex-col gap-1 empty:hidden items-end rtl:items-start\">\n<div class=\"relative max-w-[var(--user-chat-width,70%)] rounded-3xl bg-token-message-surface px-5 py-2.5\">\n<h2 class=\"whitespace-pre-wrap\">Albero cardanico per cambio testata mais<\/h2>\n<div class=\"absolute bottom-0 right-full top-0 -mr-3.5 hidden pr-5 pt-1 [.group\\\/conversation-turn:hover_&amp;]:block\">\n<p>L&#039;albero PTO (Power Take-Off) svolge un ruolo cruciale nel trasferimento di potenza dal trattore al cambio della testata per mais, consentendo il funzionamento efficiente di vari componenti della testata come catene di raccolta, coclee e coltelli. L&#039;albero PTO funge da collegamento tra il motore del trattore e i macchinari, convertendo la potenza meccanica del motore nella potenza operativa necessaria per la raccolta.<\/p>\n<p>1. <strong>Trasmissione di potenza<\/strong><\/p>\n<ul>\n<li>L&#039;albero cardanico \u00e8 il mezzo principale di <strong>trasmissione di potenza meccanica<\/strong> dal motore del trattore al cambio della testata per mais. Questa potenza viene utilizzata per azionare i vari componenti della testata, assicurando operazioni di raccolta fluide ed efficaci. In genere si collega all&#039;uscita della presa di forza del trattore e si interfaccia con il cambio tramite un giunto o giunto universale.<\/li>\n<\/ul>\n<p>2. <strong>Elevata capacit\u00e0 di coppia<\/strong><\/p>\n<ul>\n<li>L&#039;albero cardanico deve essere progettato per gestire <strong>alti livelli di coppia<\/strong>, soprattutto in condizioni di raccolta impegnative. Il cambio collegato all&#039;albero della presa di forza richiede una fonte di alimentazione stabile e affidabile per azionare i componenti pesanti nella testata per mais, come le coclee, le catene di raccolta e le lame di taglio.<\/li>\n<\/ul>\n<p>3. <strong>Costruzione durevole<\/strong><\/p>\n<ul>\n<li><strong>Costruzione robusta<\/strong> \u00e8 essenziale per gli alberi PTO utilizzati nei riduttori delle testate per mais. Questi alberi sono solitamente realizzati in <strong>acciaio temprato<\/strong> o altri materiali ad alta resistenza per resistere ai rigori del funzionamento costante in ambienti agricoli difficili. Ci\u00f2 garantisce una lunga durata e prestazioni affidabili in condizioni difficili.<\/li>\n<\/ul>\n<p><strong>4. Connessione rapida e semplice<\/strong><\/p>\n<ul>\n<li>Gli alberi PTO per i riduttori delle testate per mais sono progettati per una facile connessione e disconnessione tra il trattore e la testata. Ci\u00f2 \u00e8 spesso ottenuto tramite un giunto universale o un meccanismo di bloccaggio rapido, che consente un collegamento e uno sgancio semplici e sicuri senza la necessit\u00e0 di utensili specializzati, risparmiando tempo durante l&#039;installazione o la manutenzione.<\/li>\n<\/ul>\n<p>5. <strong>Lunghezza regolabile<\/strong><\/p>\n<ul>\n<li>Alcuni alberi cardanici per riduttori di testate per mais sono progettati con <strong>lunghezze regolabili<\/strong>, assicurando la compatibilit\u00e0 con diversi trattori e configurazioni di testate. Questa adattabilit\u00e0 assicura che l&#039;albero della PTO possa essere facilmente personalizzato alla lunghezza richiesta, adattandosi a varie configurazioni di attrezzature e riducendo il rischio di sollecitazioni meccaniche o danni.<\/li>\n<\/ul>\n<p>L&#039;albero della PTO \u00e8 un componente essenziale nel sistema di trasmissione di potenza dei riduttori delle testate per mais. Fornisce una connessione affidabile, efficiente e sicura tra il trattore e la testata per mais, assicurando il funzionamento regolare dell&#039;intero sistema di raccolta. Una corretta manutenzione e la sostituzione tempestiva dell&#039;albero della PTO possono portare a una maggiore efficienza operativa, tempi di fermo ridotti e una durata prolungata dell&#039;attrezzatura.<\/p>\n<\/div>\n<\/div>\n<\/div>\n<\/div>\n<\/div>\n<\/div>\n<\/div>\n<\/div>\n<\/div>\n<\/article>\n<article class=\"w-full scroll-mb-[var(--thread-trailing-height,150px)] text-token-text-primary focus-visible:outline-2 focus-visible:outline-offset-[-4px]\" dir=\"auto\" data-testid=\"conversation-turn-149\" data-scroll-anchor=\"true\">\n<table style=\"border-collapse: collapse; width: 94.3906%; height: 48px;\" border=\"0\" width=\"128\" cellspacing=\"0\" cellpadding=\"0\">\n<tbody>\n<tr style=\"height: 13.8pt;\">\n<td style=\"height: 13.8pt; width: 48pt;\" align=\"right\" width=\"64\" height=\"18\"><img loading=\"lazy\" decoding=\"async\" class=\"alignnone size-full wp-image-3181\" src=\"https:\/\/fmp-components.com\/wp-content\/uploads\/2025\/01\/corn-header-gearbox-N669J-51.webp\" alt=\"testata-mais-riduttore-N669J-5(1)\" width=\"500\" height=\"500\" title=\"\" srcset=\"https:\/\/fmp-components.com\/wp-content\/uploads\/2025\/01\/corn-header-gearbox-N669J-51.webp 500w, https:\/\/fmp-components.com\/wp-content\/uploads\/2025\/01\/corn-header-gearbox-N669J-51-480x480.webp 480w\" sizes=\"(min-width: 0px) and (max-width: 480px) 480px, (min-width: 481px) 500px, 100vw\" \/><\/td>\n<td style=\"width: 48pt;\" align=\"right\" width=\"64\"><img loading=\"lazy\" decoding=\"async\" class=\"alignnone size-full wp-image-3183\" src=\"https:\/\/fmp-components.com\/wp-content\/uploads\/2025\/01\/corn-header-gearbox-N669J1.webp\" alt=\"testata-mais-riduttore-N669J(1)\" width=\"500\" height=\"500\" title=\"\" srcset=\"https:\/\/fmp-components.com\/wp-content\/uploads\/2025\/01\/corn-header-gearbox-N669J1.webp 500w, https:\/\/fmp-components.com\/wp-content\/uploads\/2025\/01\/corn-header-gearbox-N669J1-480x480.webp 480w\" sizes=\"(min-width: 0px) and (max-width: 480px) 480px, (min-width: 481px) 500px, 100vw\" \/><\/td>\n<\/tr>\n<\/tbody>\n<\/table>\n<h2>Informazioni su FMP<\/h2>\n<p>Con sede in Italia, FMP \u00e8 un produttore leader noto per la sua competenza nella progettazione, sviluppo e produzione di riduttori ad alte prestazioni, specializzato nel settore delle macchine agricole. Rinomato per l&#039;ingegneria di precisione, le soluzioni innovative e l&#039;affidabilit\u00e0 incrollabile, FMP si \u00e8 costruito una reputazione come partner di fiducia nei mercati sia agricoli che industriali. Il nostro portafoglio diversificato include riduttori progettati su misura per tosaerba, alberi cardanici e un&#039;ampia gamma di componenti essenziali, tutti meticolosamente realizzati per soddisfare le esigenze uniche di varie applicazioni.<\/p>\n<p>In FMP, riconosciamo che ogni cliente affronta sfide distinte. Ecco perch\u00e9 eccelliamo nel fornire soluzioni personalizzate, sia per singoli componenti che per sistemi completamente integrati. Lavorando a stretto contatto con i nostri clienti, ci assicuriamo che ogni soluzione non solo risponda alle loro esigenze specifiche, ma ottimizzi anche le prestazioni e migliori il valore complessivo. Il nostro impegno per un servizio reattivo e professionale e una guida esperta garantisce che ogni richiesta venga gestita con precisione, portando ai migliori risultati possibili.<\/p>\n<p>Poniamo una forte enfasi sulla comunicazione trasparente e continua durante l&#039;intero processo di sviluppo del prodotto. Il nostro team dedicato lavora a stretto contatto con i clienti per comprendere appieno le loro esigenze, fornendo raccomandazioni approfondite per ottenere risultati ottimali. Che si tratti di sviluppare prodotti all&#039;avanguardia o di evadere ordini di routine, FMP si impegna a fornire soluzioni di alta qualit\u00e0 e di precisione ingegnerizzate in tempo, ogni volta. La nostra missione \u00e8 quella di superare costantemente le aspettative dei clienti fornendo un servizio eccezionale e risultati eccezionali con ogni progetto.<\/p>\n<p>Al centro delle attivit\u00e0 di FMP c&#039;\u00e8 l&#039;impegno per la qualit\u00e0. Aderiamo ai pi\u00f9 elevati standard di produzione e implementiamo rigorose misure di controllo qualit\u00e0 per garantire che ogni prodotto non solo soddisfi ma superi i parametri di riferimento del settore. Questa dedizione all&#039;eccellenza, unita ai nostri valori fondamentali di integrit\u00e0, lavoro di squadra e perseveranza, ci ha permesso di costruire relazioni a lungo termine basate sulla fiducia con clienti in quasi 30 paesi in tutto il mondo.<\/p>\n<p>FMP \u00e8 sempre desiderosa di promuovere partnership globali, offrendo consulenza esperta e soluzioni personalizzate che soddisfano le esigenze in continua evoluzione dei nostri clienti. Ci impegniamo a costruire relazioni durature e reciprocamente vantaggiose che contribuiscano al successo di ogni progetto. Che tu stia cercando soluzioni innovative per una nuova iniziativa o un supporto continuo per un sistema esistente, FMP \u00e8 qui per aiutarti a superare le sfide tecniche e garantire il tuo successo continuo.<\/p>\n<p><img loading=\"lazy\" decoding=\"async\" class=\"alignnone wp-image-2695\" src=\"https:\/\/fmp-components.com\/wp-content\/uploads\/2025\/01\/agricultural-gearbox3.webp\" alt=\"cambio-agricolo\" width=\"1140\" height=\"1138\" title=\"\" srcset=\"https:\/\/fmp-components.com\/wp-content\/uploads\/2025\/01\/agricultural-gearbox3.webp 1140w, https:\/\/fmp-components.com\/wp-content\/uploads\/2025\/01\/agricultural-gearbox3-480x479.webp 480w\" sizes=\"(min-width: 0px) and (max-width: 480px) 480px, (min-width: 481px) 1140px, 100vw\" \/><\/p>\n<p>Autore: CX<\/p>\n<\/article>","protected":false},"excerpt":{"rendered":"<p>Details of Corn Header Gearbox Product name: Corn header gearbox Gearing Arrangement: Bevel \/ Miter Output Torque: as drawing Input Speed: 1000rpm Output Speed: as drawing Color: Customer Requests Weight: 82kg Chain wheel ratio: 1.91:1 Stalk pulled roller ratio: 1:1.2 Noise: Less than 92db at 1-meter distance in front of the gearbox Application: Corn harvester [&hellip;]<\/p>","protected":false},"featured_media":3181,"comment_status":"open","ping_status":"closed","template":"","meta":{"_et_pb_use_builder":"","_et_pb_old_content":"","_et_gb_content_width":""},"product_brand":[],"product_cat":[76],"product_tag":[],"class_list":{"0":"post-3178","1":"product","2":"type-product","3":"status-publish","4":"has-post-thumbnail","6":"product_cat-gearbox-for-rotary-rakes","8":"first","9":"instock","10":"shipping-taxable","11":"product-type-simple"},"_links":{"self":[{"href":"https:\/\/fmp-components.com\/it\/wp-json\/wp\/v2\/product\/3178","targetHints":{"allow":["GET"]}}],"collection":[{"href":"https:\/\/fmp-components.com\/it\/wp-json\/wp\/v2\/product"}],"about":[{"href":"https:\/\/fmp-components.com\/it\/wp-json\/wp\/v2\/types\/product"}],"replies":[{"embeddable":true,"href":"https:\/\/fmp-components.com\/it\/wp-json\/wp\/v2\/comments?post=3178"}],"wp:featuredmedia":[{"embeddable":true,"href":"https:\/\/fmp-components.com\/it\/wp-json\/wp\/v2\/media\/3181"}],"wp:attachment":[{"href":"https:\/\/fmp-components.com\/it\/wp-json\/wp\/v2\/media?parent=3178"}],"wp:term":[{"taxonomy":"product_brand","embeddable":true,"href":"https:\/\/fmp-components.com\/it\/wp-json\/wp\/v2\/product_brand?post=3178"},{"taxonomy":"product_cat","embeddable":true,"href":"https:\/\/fmp-components.com\/it\/wp-json\/wp\/v2\/product_cat?post=3178"},{"taxonomy":"product_tag","embeddable":true,"href":"https:\/\/fmp-components.com\/it\/wp-json\/wp\/v2\/product_tag?post=3178"}],"curies":[{"name":"parola chiave","href":"https:\/\/api.w.org\/{rel}","templated":true}]}}