{"id":312,"date":"2024-12-09T06:27:40","date_gmt":"2024-12-09T06:27:40","guid":{"rendered":"https:\/\/fmp-components.com\/?page_id=8"},"modified":"2024-12-09T06:44:39","modified_gmt":"2024-12-09T06:44:39","slug":"forklift-steering-hydraulic-cylinder","status":"publish","type":"product","link":"https:\/\/fmp-components.com\/it\/product\/forklift-steering-hydraulic-cylinder\/","title":{"rendered":"Cilindro idraulico dello sterzo del carrello elevatore"},"content":{"rendered":"<p style=\"text-align: center;\"><span style=\"font-size: 24pt;\">Cilindro idraulico dello sterzo del carrello elevatore<\/span><img loading=\"lazy\" decoding=\"async\" class=\"size-full wp-image-320 aligncenter\" src=\"https:\/\/fmp-components.com\/wp-content\/uploads\/2024\/12\/Forklift-Steering-Hydraulic-Cylinder-1.webp\" alt=\"Cilindro idraulico dello sterzo del carrello elevatore\" width=\"500\" height=\"500\" title=\"\" srcset=\"https:\/\/fmp-components.com\/wp-content\/uploads\/2024\/12\/Forklift-Steering-Hydraulic-Cylinder-1.webp 500w, https:\/\/fmp-components.com\/wp-content\/uploads\/2024\/12\/Forklift-Steering-Hydraulic-Cylinder-1-480x480.webp 480w\" sizes=\"(min-width: 0px) and (max-width: 480px) 480px, (min-width: 481px) 500px, 100vw\" \/><\/p>\n<h2 style=\"text-align: center;\">Parti del cilindro idraulico dello sterzo del carrello elevatore:<\/h2>\n<p><img loading=\"lazy\" decoding=\"async\" class=\"alignnone size-full wp-image-319\" src=\"https:\/\/fmp-components.com\/wp-content\/uploads\/2024\/12\/Forklift-Steering-Hydraulic-Cylinder-Parts.webp\" alt=\"Carrelli-sterzo-cilindro-idraulico-parti\" width=\"1024\" height=\"594\" title=\"\" srcset=\"https:\/\/fmp-components.com\/wp-content\/uploads\/2024\/12\/Forklift-Steering-Hydraulic-Cylinder-Parts.webp 1024w, https:\/\/fmp-components.com\/wp-content\/uploads\/2024\/12\/Forklift-Steering-Hydraulic-Cylinder-Parts-980x568.webp 980w, https:\/\/fmp-components.com\/wp-content\/uploads\/2024\/12\/Forklift-Steering-Hydraulic-Cylinder-Parts-480x278.webp 480w\" sizes=\"(min-width: 0px) and (max-width: 480px) 480px, (min-width: 481px) and (max-width: 980px) 980px, (min-width: 981px) 1024px, 100vw\" \/><\/p>\n<table style=\"width: 100%;\" border=\"1\" width=\"100%\" cellspacing=\"0\" cellpadding=\"0\">\n<tbody>\n<tr>\n<td style=\"width: 7.61801%;\" colspan=\"1\" rowspan=\"1\">\n<div class=\"magic-27\" data-spm-anchor-id=\"a2700.details.0.i41.45d84a73e99C9z\">1<\/div>\n<\/td>\n<td style=\"width: 43.3478%;\" colspan=\"1\" rowspan=\"1\">\n<div class=\"magic-28\">Bullone esagonale<\/div>\n<\/td>\n<td style=\"width: 7.0816%;\" colspan=\"1\" rowspan=\"1\">\n<div class=\"magic-29\">9<\/div>\n<\/td>\n<td style=\"width: 41.8455%;\" colspan=\"1\" rowspan=\"1\">\n<div class=\"magic-30\">Tergicristallo antipolvere<\/div>\n<\/td>\n<\/tr>\n<tr>\n<td style=\"width: 7.61801%;\" colspan=\"1\" rowspan=\"1\">\n<div class=\"magic-27\">2<\/div>\n<\/td>\n<td style=\"width: 43.3478%;\" colspan=\"1\" rowspan=\"1\">\n<div class=\"magic-28\">Forcella<\/div>\n<\/td>\n<td style=\"width: 7.0816%;\" colspan=\"1\" rowspan=\"1\">\n<div class=\"magic-29\">10<\/div>\n<\/td>\n<td style=\"width: 41.8455%;\" colspan=\"1\" rowspan=\"1\">\n<div class=\"magic-30\">Guarnizione dell&#039;asta<\/div>\n<\/td>\n<\/tr>\n<tr>\n<td style=\"width: 7.61801%;\" colspan=\"1\" rowspan=\"1\">\n<div class=\"magic-27\">3<\/div>\n<\/td>\n<td style=\"width: 43.3478%;\" colspan=\"1\" rowspan=\"1\">\n<div class=\"magic-28\">Rondelle elastiche<\/div>\n<\/td>\n<td style=\"width: 7.0816%;\" colspan=\"1\" rowspan=\"1\">\n<div class=\"magic-29\">11<\/div>\n<\/td>\n<td style=\"width: 41.8455%;\" colspan=\"1\" rowspan=\"1\">\n<div class=\"magic-30\">Il cespuglio<\/div>\n<\/td>\n<\/tr>\n<tr>\n<td style=\"width: 7.61801%;\" colspan=\"1\" rowspan=\"1\">\n<div class=\"magic-27\">4<\/div>\n<\/td>\n<td style=\"width: 43.3478%;\" colspan=\"1\" rowspan=\"1\">\n<div class=\"magic-28\">Dado esagonale<\/div>\n<\/td>\n<td style=\"width: 7.0816%;\" colspan=\"1\" rowspan=\"1\">\n<div class=\"magic-29\">12<\/div>\n<\/td>\n<td style=\"width: 41.8455%;\" colspan=\"1\" rowspan=\"1\">\n<div class=\"magic-30\">Gruppo alloggiamento cilindro<\/div>\n<\/td>\n<\/tr>\n<tr>\n<td style=\"width: 7.61801%;\" colspan=\"1\" rowspan=\"1\">\n<div class=\"magic-27\">5<\/div>\n<\/td>\n<td style=\"width: 43.3478%;\" colspan=\"1\" rowspan=\"1\">\n<div class=\"magic-28\">Boccola di guida<\/div>\n<\/td>\n<td style=\"width: 7.0816%;\" colspan=\"1\" rowspan=\"1\">\n<div class=\"magic-29\">13<\/div>\n<\/td>\n<td style=\"width: 41.8455%;\" colspan=\"1\" rowspan=\"1\">\n<div class=\"magic-30\">Sigillo del foro<\/div>\n<\/td>\n<\/tr>\n<tr>\n<td style=\"width: 7.61801%;\" colspan=\"1\" rowspan=\"1\">\n<div class=\"magic-27\">6<\/div>\n<\/td>\n<td style=\"width: 43.3478%;\" colspan=\"1\" rowspan=\"1\">\n<div class=\"magic-28\">Anello di tenuta<\/div>\n<\/td>\n<td style=\"width: 7.0816%;\" colspan=\"1\" rowspan=\"1\">\n<div class=\"magic-29\">14<\/div>\n<\/td>\n<td style=\"width: 41.8455%;\" colspan=\"1\" rowspan=\"1\">\n<div class=\"magic-30\">Pistone<\/div>\n<\/td>\n<\/tr>\n<tr>\n<td style=\"width: 7.61801%;\" colspan=\"1\" rowspan=\"1\">\n<div class=\"magic-27\">7<\/div>\n<\/td>\n<td style=\"width: 43.3478%;\" colspan=\"1\" rowspan=\"1\">\n<div class=\"magic-28\">Anello di tenuta<\/div>\n<\/td>\n<td style=\"width: 7.0816%;\" colspan=\"1\" rowspan=\"1\">\n<div class=\"magic-29\">15<\/div>\n<\/td>\n<td style=\"width: 41.8455%;\" colspan=\"1\" rowspan=\"1\">\n<div class=\"magic-30\">Anello di tenuta<\/div>\n<\/td>\n<\/tr>\n<tr>\n<td style=\"width: 7.61801%;\" colspan=\"1\" rowspan=\"1\">\n<div class=\"magic-27\">8<\/div>\n<\/td>\n<td style=\"width: 43.3478%;\" colspan=\"1\" rowspan=\"1\">\n<div class=\"magic-28\">Filo tondo<\/div>\n<\/td>\n<td style=\"width: 7.0816%;\" colspan=\"1\" rowspan=\"1\">\n<div class=\"magic-29\">16<\/div>\n<\/td>\n<td style=\"width: 41.8455%;\" colspan=\"1\" rowspan=\"1\">\n<div class=\"magic-30\">Biella<\/div>\n<\/td>\n<\/tr>\n<\/tbody>\n<\/table>\n<h2>Dimensioni del cilindro idraulico dello sterzo del carrello elevatore:<\/h2>\n<table>\n<tbody>\n<tr>\n<td><img loading=\"lazy\" decoding=\"async\" class=\"alignnone size-full wp-image-314\" src=\"https:\/\/fmp-components.com\/wp-content\/uploads\/2024\/12\/Forklift-Steering-Hydraulic-Cylinder-Dimensions-1.webp\" alt=\"Dimensioni-cilindro-idraulico-sterzo-carrello-elevatore-1\" width=\"600\" height=\"230\" title=\"\" srcset=\"https:\/\/fmp-components.com\/wp-content\/uploads\/2024\/12\/Forklift-Steering-Hydraulic-Cylinder-Dimensions-1.webp 600w, https:\/\/fmp-components.com\/wp-content\/uploads\/2024\/12\/Forklift-Steering-Hydraulic-Cylinder-Dimensions-1-480x184.webp 480w\" sizes=\"(min-width: 0px) and (max-width: 480px) 480px, (min-width: 481px) 600px, 100vw\" \/><\/td>\n<td><img loading=\"lazy\" decoding=\"async\" class=\"alignnone size-full wp-image-315\" src=\"https:\/\/fmp-components.com\/wp-content\/uploads\/2024\/12\/Forklift-Steering-Hydraulic-Cylinder-Dimensions-2.webp\" alt=\"Dimensioni-cilindro-idraulico-sterzo-carrello-elevatore-2\" width=\"600\" height=\"230\" title=\"\" srcset=\"https:\/\/fmp-components.com\/wp-content\/uploads\/2024\/12\/Forklift-Steering-Hydraulic-Cylinder-Dimensions-2.webp 600w, https:\/\/fmp-components.com\/wp-content\/uploads\/2024\/12\/Forklift-Steering-Hydraulic-Cylinder-Dimensions-2-480x184.webp 480w\" sizes=\"(min-width: 0px) and (max-width: 480px) 480px, (min-width: 481px) 600px, 100vw\" \/><\/td>\n<\/tr>\n<\/tbody>\n<\/table>\n<table border=\"1\" cellspacing=\"0\" cellpadding=\"0\">\n<tbody>\n<tr>\n<td width=\"246\">Nome del cilindro<\/td>\n<td width=\"336\">numero di disegno<\/td>\n<td width=\"126\">diametro del foro (D)<\/td>\n<td width=\"123\">diametro dell&#039;asta (d)<\/td>\n<td width=\"114\">colpo (S)<\/td>\n<td width=\"170\">Distanza di installazione (L)<\/td>\n<td width=\"172\">pressione di lavoro<\/td>\n<td width=\"366\">Dimensioni dell&#039;interfaccia (M)<\/td>\n<td width=\"96\">peso<\/td>\n<\/tr>\n<tr>\n<td class=\"et3\" width=\"246\" height=\"325\">Cilindro dello sterzo<\/td>\n<td class=\"et4\" width=\"336\">Codice articolo: R960-224000-001<\/td>\n<td class=\"et4\" width=\"126\">\u03a665<\/td>\n<td class=\"et4\" width=\"123\">\u03a640<\/td>\n<td class=\"et4\" width=\"114\">2*98<\/td>\n<td class=\"et4\" width=\"170\">672<\/td>\n<td class=\"et4\" width=\"172\">10,5 MPa<\/td>\n<td class=\"et4\" width=\"366\">2-G1\/4<\/td>\n<td class=\"et4\" width=\"96\">15 kg<\/td>\n<\/tr>\n<\/tbody>\n<\/table>\n<table>\n<tbody>\n<tr>\n<td><img loading=\"lazy\" decoding=\"async\" class=\"alignnone size-full wp-image-316\" src=\"https:\/\/fmp-components.com\/wp-content\/uploads\/2024\/12\/Forklift-Steering-Hydraulic-Cylinder-Dimensions-3.webp\" alt=\"Dimensioni del cilindro idraulico dello sterzo del carrello elevatore\" width=\"600\" height=\"240\" title=\"\" srcset=\"https:\/\/fmp-components.com\/wp-content\/uploads\/2024\/12\/Forklift-Steering-Hydraulic-Cylinder-Dimensions-3.webp 600w, https:\/\/fmp-components.com\/wp-content\/uploads\/2024\/12\/Forklift-Steering-Hydraulic-Cylinder-Dimensions-3-480x192.webp 480w\" sizes=\"(min-width: 0px) and (max-width: 480px) 480px, (min-width: 481px) 600px, 100vw\" \/><\/td>\n<td><img loading=\"lazy\" decoding=\"async\" class=\"alignnone size-full wp-image-317\" src=\"https:\/\/fmp-components.com\/wp-content\/uploads\/2024\/12\/Forklift-Steering-Hydraulic-Cylinder-Dimensions-4.webp\" alt=\"Dimensioni del cilindro idraulico dello sterzo del carrello elevatore\" width=\"600\" height=\"240\" title=\"\" srcset=\"https:\/\/fmp-components.com\/wp-content\/uploads\/2024\/12\/Forklift-Steering-Hydraulic-Cylinder-Dimensions-4.webp 600w, https:\/\/fmp-components.com\/wp-content\/uploads\/2024\/12\/Forklift-Steering-Hydraulic-Cylinder-Dimensions-4-480x192.webp 480w\" sizes=\"(min-width: 0px) and (max-width: 480px) 480px, (min-width: 481px) 600px, 100vw\" \/><\/td>\n<\/tr>\n<\/tbody>\n<\/table>\n<table border=\"1\" cellspacing=\"0\" cellpadding=\"0\">\n<tbody>\n<tr>\n<td width=\"246\">Nome del cilindro<\/td>\n<td width=\"336\">numero di disegno<\/td>\n<td width=\"126\">diametro del foro (D)<\/td>\n<td width=\"123\">diametro dell&#039;asta (d)<\/td>\n<td width=\"114\">colpo (S)<\/td>\n<td width=\"170\">Distanza di installazione (L)<\/td>\n<td width=\"172\">pressione di lavoro<\/td>\n<td width=\"366\">Dimensioni dell&#039;interfaccia (M)<\/td>\n<td width=\"96\">peso<\/td>\n<\/tr>\n<tr>\n<td class=\"et3\" width=\"246\" height=\"325\">Cilindro dello sterzo<\/td>\n<td class=\"et4\" width=\"336\">Numero di parte: A2A300-223000-000<\/td>\n<td class=\"et4\" width=\"126\">\u03a680<\/td>\n<td class=\"et4\" width=\"123\">\u03a650<\/td>\n<td class=\"et4\" width=\"114\">2*103<\/td>\n<td class=\"et4\" width=\"170\">652.2<\/td>\n<td class=\"et4\" width=\"172\">10MPa<\/td>\n<td class=\"et4\" width=\"366\">2-M16*1.5<\/td>\n<td class=\"et4\" width=\"96\">18 kg<\/td>\n<\/tr>\n<\/tbody>\n<\/table>\n<table>\n<tbody>\n<tr>\n<td><img loading=\"lazy\" decoding=\"async\" class=\"alignnone size-full wp-image-313\" src=\"https:\/\/fmp-components.com\/wp-content\/uploads\/2024\/12\/CUOJqIN9-Forklift-Steering-Hydraulic-Cylinder-Dimensions-5.webp\" alt=\"Dimensioni-cilindro-idraulico-sterzo-carrello-elevatore-5\" width=\"600\" height=\"250\" title=\"\" srcset=\"https:\/\/fmp-components.com\/wp-content\/uploads\/2024\/12\/CUOJqIN9-Forklift-Steering-Hydraulic-Cylinder-Dimensions-5.webp 600w, https:\/\/fmp-components.com\/wp-content\/uploads\/2024\/12\/CUOJqIN9-Forklift-Steering-Hydraulic-Cylinder-Dimensions-5-480x200.webp 480w\" sizes=\"(min-width: 0px) and (max-width: 480px) 480px, (min-width: 481px) 600px, 100vw\" \/><\/td>\n<td><img loading=\"lazy\" decoding=\"async\" class=\"alignnone size-full wp-image-318\" src=\"https:\/\/fmp-components.com\/wp-content\/uploads\/2024\/12\/Forklift-Steering-Hydraulic-Cylinder-Dimensions-6.webp\" alt=\"Dimensioni del cilindro idraulico dello sterzo del carrello elevatore\" width=\"600\" height=\"250\" title=\"\" srcset=\"https:\/\/fmp-components.com\/wp-content\/uploads\/2024\/12\/Forklift-Steering-Hydraulic-Cylinder-Dimensions-6.webp 600w, https:\/\/fmp-components.com\/wp-content\/uploads\/2024\/12\/Forklift-Steering-Hydraulic-Cylinder-Dimensions-6-480x200.webp 480w\" sizes=\"(min-width: 0px) and (max-width: 480px) 480px, (min-width: 481px) 600px, 100vw\" \/><\/td>\n<\/tr>\n<\/tbody>\n<\/table>\n<table border=\"1\" cellspacing=\"0\" cellpadding=\"0\">\n<tbody>\n<tr>\n<td width=\"246\">Nome del cilindro<\/td>\n<td width=\"336\">numero di disegno<\/td>\n<td width=\"126\">diametro del foro (D)<\/td>\n<td width=\"123\">diametro dell&#039;asta (d)<\/td>\n<td width=\"114\">colpo (S)<\/td>\n<td width=\"170\">Distanza di installazione (L)<\/td>\n<td width=\"172\">pressione di lavoro<\/td>\n<td width=\"366\">Dimensioni dell&#039;interfaccia (M)<\/td>\n<td width=\"96\">peso<\/td>\n<\/tr>\n<tr>\n<td class=\"et3\" width=\"246\" height=\"325\">Cilindro dello sterzo<\/td>\n<td class=\"et4\" width=\"336\">Modello XF250-223000-500T<\/td>\n<td class=\"et4\" width=\"126\">\u03a680<\/td>\n<td class=\"et4\" width=\"123\">\u03a650<\/td>\n<td class=\"et4\" width=\"114\">2*94<\/td>\n<td class=\"et4\" width=\"170\">654<\/td>\n<td class=\"et4\" width=\"172\">16MPa<\/td>\n<td class=\"et4\" width=\"366\">2-M16*1.5<\/td>\n<td class=\"et4\" width=\"96\">20 kg<\/td>\n<\/tr>\n<\/tbody>\n<\/table>\n<h2>Cilindro idraulico marche e modelli disponibili:<\/h2>\n<table border=\"1\" cellspacing=\"0\" cellpadding=\"0\">\n<tbody>\n<tr>\n<td><b data-spm-anchor-id=\"a2700.details.0.i43.45d84a73e99C9z\">KOMATSU (PC)<\/b><\/td>\n<td>PC30, PC40, PC50, PC56, PC60, PC78, PC100, PC110, PC120, PC130, PC160, PC200-3\/5\/6\/7\/8\/8MO, PC210, PC220-5\/6\/7\/8\/8MO, PC240, PC300\/350\/360-5\/6\/7\/8\/8MO, PC400\/450-5\/6\/7\/8\/8MO, PC800, PC850<\/td>\n<\/tr>\n<tr>\n<td><b>BRUCO (E)<\/b><\/td>\n<td>E301.5,E302,E305.5,E306,E307V1\/V2\/B\/C\/D\/E\/F,E308B\/C,E120B,E312V1\/V2\/B\/C\/D,E313D2,E312D2,E315D,<br \/>\nE200B,E320V1\/V2\/A\/B\/C\/D,E324D,E325C\/D,E329D,E330\/336C\/D,E345C,E349D,E365C,E374,E390<\/td>\n<\/tr>\n<tr>\n<td><b>KOBELCO (Slovacchia)<\/b><\/td>\n<td>SK60-3\/5\/8,SK75-8\/SR, SK100, SK120-3\/5, SK135-8\/SR, SK140-8, SK200-3\/5\/6\/6E, SK210-3\/5\/6\/ 6E,<br \/>\nSK230\/250-6E,SK250-8,SK260-8,SK350-8\/S8,SK460\/480-8<\/td>\n<\/tr>\n<tr>\n<td><b>La tua HYUNDAI (R)<\/b><\/td>\n<td>R55-5\/7, R60-5\/7, R80, R110, R130, R200-5, R210-5, R215-5\/7, R220-5\/7\/9, R225-5\/7\/9, R250, R260, R265, R290, R305, R445, R485, R505<\/td>\n<\/tr>\n<tr>\n<td><b data-spm-anchor-id=\"a2700.details.0.i53.45d84a73e99C9z\">HITACHI (EX.ZX)<\/b><\/td>\n<td>EX60,EX100-1\/2\/3,EX120-1\/3\/5\/6,EX200-1\/3\/5,EX230-5,EX300-1,EX400<br \/>\nZAX60,ZAX70,ZA120-6,ZAX200\/210-1\/3\/5\/5K,ZAX240,ZAX250,ZAX260,ZAX330-3\/5\/6,ZAX450\/470,ZAX650\/670,ZAX850\/870<\/td>\n<\/tr>\n<tr>\n<td>\n<div class=\"magic-32\"><b data-spm-anchor-id=\"a2700.details.0.i55.45d84a73e99C9z\">DOOSAN (DH\/DX)<\/b><\/div>\n<\/td>\n<td>\n<div class=\"magic-33\"><span class=\"magic-34\">DH55, DH60, DH80,DH150, DH215-5\/7,DH220-5,DH225-5\/7,DH258,DH300-5\/7, DH370,DH420,DH500<br \/>\nDX55, DX60, DX75, DX130, DX225-9, DX300, DX380, DX420, DX500<\/span><\/div>\n<\/td>\n<\/tr>\n<tr>\n<td>\n<div class=\"magic-32\"><b>VOLVO (CE)<\/b><\/div>\n<\/td>\n<td>\n<div class=\"magic-33\"><span class=\"magic-34\">EC55, EC60, EC75, EC80, EC140, EC210B\/D, EC220D, EC240, EC250, EC290, EC300, EC360 EC380, EC460, EC480, EC700, EC750, EC950<\/span><\/div>\n<\/td>\n<\/tr>\n<tr>\n<td>\n<div class=\"magic-32\"><b>KATO (HD)<\/b><\/div>\n<\/td>\n<td>\n<div class=\"magic-33\"><span class=\"magic-34\">HD307\/308, HD450, HD512, HD700-5\/7, HD820-1\/2\/3\/5\/R, HD1023-1\/3, HD1430-1\/3<\/span><\/div>\n<\/td>\n<\/tr>\n<tr>\n<td>\n<div class=\"magic-32\"><b>ALTRO MARCHIO<\/b><\/div>\n<\/td>\n<td>\n<div class=\"magic-33\"><span class=\"magic-34\">XCMG,LIUGONG,KUBOTA,CASO,YANMAR,SUNWARD,ZOOMLION,LISHIDE,LIEHERR<\/span><\/div>\n<\/td>\n<\/tr>\n<\/tbody>\n<\/table>\n<h3>Applicazione del cilindro idraulico dello sterzo del carrello elevatore<\/h3>\n<p><strong>Controllo preciso dello sterzo<\/strong><br \/>\nIl cilindro idraulico dello sterzo del carrello elevatore svolge un ruolo cruciale nel fornire un controllo preciso sul meccanismo di sterzo del carrello elevatore. Utilizzando la pressione idraulica, assicura una rotazione fluida e precisa del carrello elevatore, consentendo agli operatori di muoversi facilmente attraverso spazi ristretti e corridoi stretti. Questa precisione \u00e8 essenziale negli ambienti in cui i carrelli elevatori devono manovrare rapidamente e in sicurezza, come in magazzini affollati, centri di distribuzione o banchine di carico.<\/p>\n<p><strong>Maggiore manovrabilit\u00e0<\/strong><br \/>\nUno dei principali vantaggi del cilindro idraulico dello sterzo del carrello elevatore \u00e8 la sua capacit\u00e0 di migliorare la manovrabilit\u00e0. Convertendo la potenza idraulica in movimento di sterzo, consente al carrello elevatore di effettuare curve strette con il minimo sforzo da parte dell&#039;operatore. Ci\u00f2 \u00e8 particolarmente utile in ambienti in cui i carrelli elevatori devono cambiare direzione frequentemente o operare in aree con spazio limitato. La facilit\u00e0 di sterzo riduce l&#039;affaticamento dell&#039;operatore e migliora l&#039;efficienza complessiva, consentendo ai carrelli elevatori di lavorare in aree ristrette o congestionate senza sacrificare velocit\u00e0 o precisione.<\/p>\n<p><strong>Maggiore stabilit\u00e0 e sicurezza<\/strong><br \/>\nI carrelli elevatori dotati di un sistema di sterzo idraulico beneficiano di una migliore stabilit\u00e0 durante il funzionamento. Il cilindro dello sterzo idraulico aiuta a mantenere un corretto allineamento e controllo, impedendo cambiamenti imprevisti di direzione che potrebbero portare alla perdita di stabilit\u00e0 del carico o addirittura al ribaltamento. Il movimento di sterzo controllato consente transizioni pi\u00f9 fluide tra le curve, riducendo il rischio di incidenti. Questa maggiore stabilit\u00e0 \u00e8 fondamentale quando si opera ad alte velocit\u00e0 o quando si trasportano carichi pesanti, poich\u00e9 aiuta a garantire che il carrello elevatore rimanga in equilibrio e sicuro.<\/p>\n<p><strong>Durata in condizioni difficili<\/strong><br \/>\nIl cilindro idraulico dello sterzo del carrello elevatore \u00e8 progettato per resistere alle esigenze di operazioni pesanti. Realizzato con materiali durevoli e progettato per gestire condizioni di alta pressione, il cilindro \u00e8 in grado di sopportare usura e strappi costanti in ambienti difficili. \u00c8 costruito per funzionare in varie condizioni meteorologiche e ambienti, tra cui temperature estreme, umidit\u00e0 ed esposizione a sporcizia o sostanze chimiche. Questa durata garantisce che il carrello elevatore possa continuare a funzionare in modo affidabile per lunghi periodi di utilizzo, con un rischio minimo di guasti o problemi di manutenzione.<\/p>\n<p><strong>Bassa manutenzione e lunga durata<\/strong><br \/>\nGrazie alla sua robusta costruzione e al design efficiente, il cilindro idraulico dello sterzo del carrello elevatore richiede una manutenzione minima e garantisce una lunga durata operativa. Il sistema \u00e8 progettato per essere autonomo, riducendo il rischio di danni esterni o contaminazione. Controlli regolari dei livelli dei fluidi e delle guarnizioni sono in genere sufficienti per mantenere prestazioni ottimali. Con una corretta manutenzione, il cilindro idraulico dello sterzo pu\u00f2 fornire prestazioni costanti e affidabili per tutta la durata del carrello elevatore, contribuendo a ridurre i tempi di fermo e ad abbassare il costo complessivo di propriet\u00e0.<\/p>\n<h3><img loading=\"lazy\" decoding=\"async\" class=\"alignnone wp-image-322\" src=\"https:\/\/fmp-components.com\/wp-content\/uploads\/2024\/12\/Forklift-Steering-Hydraulic-Cylinder_1.webp\" alt=\"Cilindro idraulico dello sterzo del carrello elevatore_1\" width=\"864\" height=\"696\" title=\"\" srcset=\"https:\/\/fmp-components.com\/wp-content\/uploads\/2024\/12\/Forklift-Steering-Hydraulic-Cylinder_1.webp 864w, https:\/\/fmp-components.com\/wp-content\/uploads\/2024\/12\/Forklift-Steering-Hydraulic-Cylinder_1-480x387.webp 480w\" sizes=\"(min-width: 0px) and (max-width: 480px) 480px, (min-width: 481px) 864px, 100vw\" \/><\/h3>\n<h3>Informazioni su FMP<\/h3>\n<p>FMP \u00e8 un produttore specializzato di cilindri idraulici, con una forte attenzione alla ricerca e alla produzione. Sin dalla sua fondazione, l&#039;azienda si \u00e8 costantemente concentrata sullo sviluppo di cilindri idraulici, evolvendosi dalla produzione di una variet\u00e0 di prodotti, come macchinari per la raccolta e l&#039;edilizia, alla specializzazione in componenti per trattori agricoli. Con oltre un decennio di competenza nella produzione, esperienza gestionale e tecnologia di produzione avanzata, FMP garantisce la massima qualit\u00e0 nei suoi prodotti.<\/p>\n<p>Con la crescita professionale dell&#039;azienda, \u00e8 stata creata una linea di produzione completa per lavorazioni meccaniche, una linea di assemblaggio e una linea di rivestimento. FMP \u00e8 supportata da un team dedicato di personale dirigenziale esperto, progettisti meccanici qualificati e lavoratori tecnici altamente qualificati. Ci\u00f2 garantisce una qualit\u00e0 del prodotto stabile, controllando in modo efficiente la continuit\u00e0 del processo e l&#039;efficacia complessiva della produzione.<\/p>\n<p>FMP aderisce ai valori fondamentali di &quot;Innovazione tecnologica che guida il progresso, qualit\u00e0 che crea marchi, artigianalit\u00e0 che garantisce la qualit\u00e0 e costruzione di relazioni win-win a lungo termine&quot;. L&#039;azienda rimane impegnata a fornire prodotti di alta qualit\u00e0 offrendo al contempo un servizio clienti superiore, sforzandosi sempre di soddisfare le mutevoli esigenze del mercato.<\/p>\n<p><img loading=\"lazy\" decoding=\"async\" class=\"alignnone wp-image-303\" src=\"https:\/\/fmp-components.com\/wp-content\/uploads\/2024\/12\/hydraulic-cylinder-factory-11_1.webp\" alt=\"fabbrica-di-cilindri-idraulici\" width=\"917\" height=\"1003\" title=\"\" srcset=\"https:\/\/fmp-components.com\/wp-content\/uploads\/2024\/12\/hydraulic-cylinder-factory-11_1.webp 917w, https:\/\/fmp-components.com\/wp-content\/uploads\/2024\/12\/hydraulic-cylinder-factory-11_1-480x525.webp 480w\" sizes=\"(min-width: 0px) and (max-width: 480px) 480px, (min-width: 481px) 917px, 100vw\" \/><\/p>\n<table style=\"width: 100%;\" border=\"1\" width=\"100%\" cellspacing=\"0\" cellpadding=\"0\">\n<tbody>\n<tr>\n<td style=\"width: 41.9294%;\" width=\"226\"><img loading=\"lazy\" decoding=\"async\" class=\"alignnone size-full wp-image-309\" src=\"https:\/\/fmp-components.com\/wp-content\/uploads\/2024\/12\/Forklift-Tilt-Hydraulic-Cylinder.webp\" alt=\"Cilindro idraulico di inclinazione del carrello elevatore\" width=\"1000\" height=\"750\" title=\"\" srcset=\"https:\/\/fmp-components.com\/wp-content\/uploads\/2024\/12\/Forklift-Tilt-Hydraulic-Cylinder.webp 1000w, https:\/\/fmp-components.com\/wp-content\/uploads\/2024\/12\/Forklift-Tilt-Hydraulic-Cylinder-980x735.webp 980w, https:\/\/fmp-components.com\/wp-content\/uploads\/2024\/12\/Forklift-Tilt-Hydraulic-Cylinder-480x360.webp 480w\" sizes=\"(min-width: 0px) and (max-width: 480px) 480px, (min-width: 481px) and (max-width: 980px) 980px, (min-width: 981px) 1000px, 100vw\" \/><\/td>\n<td style=\"width: 55.6484%;\" width=\"64\"><img loading=\"lazy\" decoding=\"async\" class=\"alignnone wp-image-283\" src=\"https:\/\/fmp-components.com\/wp-content\/uploads\/2024\/12\/hydraulic-cylinder-factory-5.webp\" alt=\"fabbrica-di-cilindri-idraulici\" width=\"542\" height=\"312\" title=\"\"><\/td>\n<\/tr>\n<\/tbody>\n<\/table>\n<p>Autore: CX<\/p>","protected":false},"excerpt":{"rendered":"<p>Il cilindro idraulico dello sterzo del carrello elevatore \u00e8 un componente chiave nel sistema di sterzo, che consente un controllo fluido e preciso della direzione del carrello elevatore. Convertendo la pressione idraulica in forza di sterzo, consente all&#039;operatore di girare facilmente le ruote del carrello elevatore, garantendo un&#039;eccellente manovrabilit\u00e0 anche in spazi ristretti o congestionati. Il cilindro idraulico dello sterzo aiuta a ridurre lo sforzo dell&#039;operatore migliorando al contempo la precisione dello sterzo, rendendolo ideale per ambienti in cui i carrelli elevatori devono muoversi in corridoi stretti o aree di lavoro. Il suo design robusto garantisce prestazioni affidabili in condizioni di lavoro gravose, contribuendo alla stabilit\u00e0 complessiva, alla sicurezza e all&#039;efficienza operativa del carrello elevatore.<\/p>","protected":false},"featured_media":320,"comment_status":"open","ping_status":"closed","template":"","meta":{"_et_pb_use_builder":"","_et_pb_old_content":"","_et_gb_content_width":""},"product_brand":[],"product_cat":[20],"product_tag":[],"class_list":{"0":"post-312","1":"product","2":"type-product","3":"status-publish","4":"has-post-thumbnail","6":"product_cat-forklift-hydraulic-cylinders","8":"first","9":"instock","10":"shipping-taxable","11":"product-type-simple"},"_links":{"self":[{"href":"https:\/\/fmp-components.com\/it\/wp-json\/wp\/v2\/product\/312","targetHints":{"allow":["GET"]}}],"collection":[{"href":"https:\/\/fmp-components.com\/it\/wp-json\/wp\/v2\/product"}],"about":[{"href":"https:\/\/fmp-components.com\/it\/wp-json\/wp\/v2\/types\/product"}],"replies":[{"embeddable":true,"href":"https:\/\/fmp-components.com\/it\/wp-json\/wp\/v2\/comments?post=312"}],"wp:featuredmedia":[{"embeddable":true,"href":"https:\/\/fmp-components.com\/it\/wp-json\/wp\/v2\/media\/320"}],"wp:attachment":[{"href":"https:\/\/fmp-components.com\/it\/wp-json\/wp\/v2\/media?parent=312"}],"wp:term":[{"taxonomy":"product_brand","embeddable":true,"href":"https:\/\/fmp-components.com\/it\/wp-json\/wp\/v2\/product_brand?post=312"},{"taxonomy":"product_cat","embeddable":true,"href":"https:\/\/fmp-components.com\/it\/wp-json\/wp\/v2\/product_cat?post=312"},{"taxonomy":"product_tag","embeddable":true,"href":"https:\/\/fmp-components.com\/it\/wp-json\/wp\/v2\/product_tag?post=312"}],"curies":[{"name":"parola chiave","href":"https:\/\/api.w.org\/{rel}","templated":true}]}}