{"id":3088,"date":"2025-01-04T08:55:19","date_gmt":"2025-01-04T08:55:19","guid":{"rendered":"https:\/\/fmp-components.com\/?page_id=8"},"modified":"2025-01-04T09:00:03","modified_gmt":"2025-01-04T09:00:03","slug":"agricultural-combine-harvester-reversing-gearbox-for-rice-harvesting","status":"publish","type":"product","link":"https:\/\/fmp-components.com\/it\/product\/agricultural-combine-harvester-reversing-gearbox-for-rice-harvesting\/","title":{"rendered":"Inversione di marcia per mietitrebbia agricola per la raccolta del riso"},"content":{"rendered":"<p><img loading=\"lazy\" decoding=\"async\" class=\"alignnone size-full wp-image-3090\" src=\"https:\/\/fmp-components.com\/wp-content\/uploads\/2025\/01\/10_Combine-Harvester-Gearbox-2.webp\" alt=\"Cambio-della-mietitrebbia\" width=\"1534\" height=\"1138\" title=\"\" srcset=\"https:\/\/fmp-components.com\/wp-content\/uploads\/2025\/01\/10_Combine-Harvester-Gearbox-2.webp 1534w, https:\/\/fmp-components.com\/wp-content\/uploads\/2025\/01\/10_Combine-Harvester-Gearbox-2-1280x950.webp 1280w, https:\/\/fmp-components.com\/wp-content\/uploads\/2025\/01\/10_Combine-Harvester-Gearbox-2-980x727.webp 980w, https:\/\/fmp-components.com\/wp-content\/uploads\/2025\/01\/10_Combine-Harvester-Gearbox-2-480x356.webp 480w\" sizes=\"(min-width: 0px) and (max-width: 480px) 480px, (min-width: 481px) and (max-width: 980px) 980px, (min-width: 981px) and (max-width: 1280px) 1280px, (min-width: 1281px) 1534px, 100vw\" \/><\/p>\n<h2>Specifiche del prodotto:<\/h2>\n<table style=\"width: 86.1946%; height: 161px;\" border=\"1\" cellspacing=\"0\" cellpadding=\"0\">\n<tbody>\n<tr>\n<td>Nome del prodotto<\/td>\n<td>Inversione della mietitrice corta per la mietitrice del riso<\/td>\n<\/tr>\n<tr>\n<td>Materiale<\/td>\n<td>QT450 per l&#039;alloggiamento, 20CrMnTi per l&#039;albero del cambio.<\/td>\n<\/tr>\n<tr>\n<td>Colore<\/td>\n<td>Personalizzazione<\/td>\n<\/tr>\n<tr>\n<td>Modello<\/td>\n<td>\u00a0Modello FMP-1.6Z.03-05<\/td>\n<\/tr>\n<tr>\n<td>Usato<\/td>\n<td>Mietitrice di riso<\/td>\n<\/tr>\n<\/tbody>\n<\/table>\n<h2>Vantaggi dell&#039;utilizzo del cambio di retromarcia della mietitrebbia<\/h2>\n<p>Il Combine Harvester Reversing Gearbox offre diversi vantaggi significativi che migliorano l&#039;efficienza e la funzionalit\u00e0 della mietitrebbia. Ecco alcuni vantaggi chiave dell&#039;utilizzo di questo cambio specializzato:<\/p>\n<p><strong>1. Manovrabilit\u00e0 migliorata<\/strong><\/p>\n<ul>\n<li>Il cambio reversibile consente alla mietitrebbia di invertire facilmente la direzione senza dover effettuare manovre complesse o fermarsi e voltarsi. Ci\u00f2 \u00e8 particolarmente utile in spazi ristretti o quando si regola il posizionamento nel campo, migliorando l&#039;efficienza operativa complessiva.<\/li>\n<\/ul>\n<p><strong>2. Maggiore efficienza operativa<\/strong><\/p>\n<ul>\n<li>Con un cambio reversibile, la mietitrebbia pu\u00f2 cambiare direzione rapidamente senza dover disinnestare o cambiare marcia. Ci\u00f2 consente transizioni pi\u00f9 fluide e rapide quando ci si sposta dentro e fuori da aree con raccolti densi, riducendo i tempi di fermo e migliorando l&#039;efficienza della raccolta.<\/li>\n<\/ul>\n<p><strong>3. Maggiore produttivit\u00e0<\/strong><\/p>\n<ul>\n<li>Abilitando l&#039;inversione rapida senza fermarsi, gli operatori possono evitare ritardi e ridurre il tempo impiegato per riposizionare la macchina. Ci\u00f2 comporta una maggiore produttivit\u00e0 complessiva durante il processo di raccolta, in particolare nei campi che richiedono frequenti cambi di direzione a causa di ostacoli, svolte o terreno irregolare.<\/li>\n<\/ul>\n<p><strong>4. Maggiore versatilit\u00e0<\/strong><\/p>\n<ul>\n<li>Il cambio reversibile offre una maggiore flessibilit\u00e0 nelle condizioni di lavoro. Aiuta la mietitrice ad adattarsi a una variet\u00e0 di compiti, come la rimozione dei residui del raccolto, la retromarcia per regolare le posizioni della testata o la navigazione intorno agli ostacoli, il tutto senza la necessit\u00e0 di cambiare marcia o di smettere di lavorare.<\/li>\n<\/ul>\n<p><strong>5. Usura ridotta<\/strong><\/p>\n<ul>\n<li>Il cambio consente un funzionamento pi\u00f9 fluido in retromarcia, riducendo l&#039;usura di altri componenti critici come la frizione e la trasmissione. Riduce inoltre al minimo la necessit\u00e0 di intervento manuale, prolungando la durata della trasmissione del veicolo e riducendo il rischio di guasti meccanici.<\/li>\n<\/ul>\n<p>In sintesi, il Combine Harvester Reversing Gearbox offre vantaggi quali maggiore manovrabilit\u00e0, efficienza operativa e produttivit\u00e0, migliorando al contempo la sicurezza, riducendo l&#039;usura e aumentando l&#039;efficienza del carburante. Questi vantaggi lo rendono un componente indispensabile nelle moderne operazioni di mietitrebbia, garantendo risparmi di tempo e costi per gli agricoltori.<\/p>\n<p><img loading=\"lazy\" decoding=\"async\" class=\"alignnone  wp-image-3091\" src=\"https:\/\/fmp-components.com\/wp-content\/uploads\/2025\/01\/10_Combine-Harvester-Gearbox-12.webp\" alt=\"Cambio-della-mietitrebbia\" width=\"1078\" height=\"609\" title=\"\" srcset=\"https:\/\/fmp-components.com\/wp-content\/uploads\/2025\/01\/10_Combine-Harvester-Gearbox-12.webp 1078w, https:\/\/fmp-components.com\/wp-content\/uploads\/2025\/01\/10_Combine-Harvester-Gearbox-12-980x554.webp 980w, https:\/\/fmp-components.com\/wp-content\/uploads\/2025\/01\/10_Combine-Harvester-Gearbox-12-480x271.webp 480w\" sizes=\"(min-width: 0px) and (max-width: 480px) 480px, (min-width: 481px) and (max-width: 980px) 980px, (min-width: 981px) 1078px, 100vw\" \/><\/p>\n<h2>Componenti chiave del cambio di retromarcia della mietitrebbia<\/h2>\n<div class=\"flex-shrink-0 flex flex-col relative items-end\">\n<div>\n<div class=\"pt-0\">\n<div class=\"gizmo-bot-avatar flex h-8 w-8 items-center justify-center overflow-hidden rounded-full\">\n<div class=\"relative p-1 rounded-sm flex items-center justify-center bg-token-main-surface-primary text-token-text-primary h-8 w-8\">Il Combine Harvester Reversing Gearbox \u00e8 un componente fondamentale nelle moderne mietitrebbie, che consente alla macchina di invertire la marcia in modo efficiente e fluido senza cambio manuale. Integra vari componenti meccanici che lavorano insieme per fornire una trasmissione e un controllo di potenza affidabili. Ecco i componenti chiave di un Combine Harvester Reversing Gear:<\/div>\n<\/div>\n<\/div>\n<\/div>\n<\/div>\n<div class=\"group\/conversation-turn relative flex w-full min-w-0 flex-col agent-turn\">\n<div class=\"flex-col gap-1 md:gap-3\">\n<div class=\"flex max-w-full flex-col flex-grow\">\n<div class=\"min-h-8 text-message flex w-full flex-col items-end gap-2 whitespace-normal break-words text-start [.text-message+&amp;]:mt-5\" dir=\"auto\" data-message-author-role=\"assistant\" data-message-id=\"e6cb3039-0226-4bda-ac7c-bde40b961baf\" data-message-model-slug=\"gpt-4o-mini\">\n<div class=\"flex w-full flex-col gap-1 empty:hidden first:pt-[3px]\">\n<div class=\"markdown prose w-full break-words dark:prose-invert light\">\n<p><strong>1. Albero di ingresso<\/strong><\/p>\n<ul>\n<li>L&#039;albero di ingresso trasmette potenza dal motore al cambio. \u00c8 il collegamento primario attraverso cui la forza rotazionale del motore entra nel cambio, avviando il processo di cambio marcia.<\/li>\n<\/ul>\n<p><strong>2. Set di retromarcia<\/strong><\/p>\n<ul>\n<li>Questo set di ingranaggi \u00e8 responsabile del cambio della direzione di rotazione. Quando attivato, inverte la direzione dell&#039;albero di uscita, consentendo alla mietitrice di muoversi all&#039;indietro. Il set di ingranaggi della retromarcia \u00e8 in genere costituito da ingranaggi folli, ingranaggi cilindrici e ingranaggi a pignone, che si innestano e si disinnestano per invertire la rotazione.<\/li>\n<\/ul>\n<p><strong>3. Alloggiamento del cambio principale<\/strong><\/p>\n<ul>\n<li>L&#039;alloggiamento del cambio \u00e8 l&#039;involucro esterno che contiene e protegge tutti i componenti interni. \u00c8 solitamente realizzato in materiali durevoli come ghisa o acciaio per resistere agli elevati livelli di stress e pressione riscontrati durante il funzionamento. L&#039;alloggiamento assicura anche il corretto allineamento di ingranaggi e alberi.<\/li>\n<\/ul>\n<p><strong>4. Albero di uscita<\/strong><\/p>\n<ul>\n<li>L&#039;albero di uscita trasmette potenza dal cambio alla trasmissione della mietitrebbia. Questo albero \u00e8 collegato alle ruote o ai cingoli della mietitrebbia, consentendole di muoversi avanti o indietro in base all&#039;innesto della marcia.<\/li>\n<\/ul>\n<p><strong>5. Meccanismo della frizione<\/strong><\/p>\n<ul>\n<li>La frizione \u00e8 utilizzata per innestare o disinnestare il cambio dalla potenza del motore. Consente all&#039;operatore di controllare la connessione tra il motore e il cambio, assicurando un funzionamento regolare durante il cambio di marcia. Nel cambio con retromarcia, la frizione facilita sia il movimento in avanti che in retromarcia.<\/li>\n<\/ul>\n<p>Questi componenti chiave lavorano insieme per fornire un sistema di inversione altamente efficiente e affidabile per le mietitrebbie. Il cambio di inversione consente agli operatori di passare facilmente dai movimenti in avanti a quelli in retromarcia, migliorando la manovrabilit\u00e0, la produttivit\u00e0 e l&#039;efficienza operativa sul campo.<\/p>\n<p><img loading=\"lazy\" decoding=\"async\" class=\"alignnone size-full wp-image-3092\" src=\"https:\/\/fmp-components.com\/wp-content\/uploads\/2025\/01\/10_Combine-Harvester-Gearbox-14.webp\" alt=\"Cambio-della-mietitrebbia\" width=\"1280\" height=\"720\" title=\"\" srcset=\"https:\/\/fmp-components.com\/wp-content\/uploads\/2025\/01\/10_Combine-Harvester-Gearbox-14.webp 1280w, https:\/\/fmp-components.com\/wp-content\/uploads\/2025\/01\/10_Combine-Harvester-Gearbox-14-980x551.webp 980w, https:\/\/fmp-components.com\/wp-content\/uploads\/2025\/01\/10_Combine-Harvester-Gearbox-14-480x270.webp 480w\" sizes=\"(min-width: 0px) and (max-width: 480px) 480px, (min-width: 481px) and (max-width: 980px) 980px, (min-width: 981px) 1280px, 100vw\" \/><\/p>\n<h2>Informazioni su FMP<\/h2>\n<p>Con sede in Italia, FMP \u00e8 un produttore leader rinomato per la sua competenza nella progettazione, sviluppo e produzione di riduttori ad alte prestazioni, con un focus primario sul settore delle macchine agricole. Nota per la sua ingegneria di precisione, soluzioni innovative e affidabilit\u00e0 costante, FMP si \u00e8 guadagnata la reputazione di partner di fiducia nei mercati sia agricoli che industriali. Il nostro portafoglio completo include riduttori progettati su misura per tosaerba, alberi cardanici e un&#039;ampia gamma di componenti essenziali, tutti meticolosamente realizzati per soddisfare le esigenze specifiche di varie applicazioni.<\/p>\n<p>In FMP, sappiamo che ogni cliente affronta sfide uniche. Ecco perch\u00e9 siamo specializzati nella fornitura di soluzioni personalizzate, sia per singoli componenti che per sistemi completamente integrati. Grazie alla stretta collaborazione con i nostri clienti, garantiamo che ogni soluzione non solo soddisfi le loro esigenze, ma ottimizzi anche le prestazioni e massimizzi il valore. Il nostro impegno per risposte rapide e professionali e una guida esperta garantisce che ogni richiesta venga affrontata con precisione, assicurando i migliori risultati ogni volta.<\/p>\n<p>Diamo priorit\u00e0 a una comunicazione chiara e continua durante l&#039;intero ciclo di sviluppo del prodotto. Il nostro team dedicato lavora a stretto contatto con i clienti per comprendere a fondo le loro esigenze e fornire preziose informazioni e raccomandazioni per ottenere risultati ottimali. Che si tratti di progettare prodotti all&#039;avanguardia o di evadere ordini di routine, FMP si impegna a fornire soluzioni di alta qualit\u00e0 e di precisione ingegnerizzate in tempo, ogni volta. La nostra missione \u00e8 quella di superare costantemente le aspettative dei clienti, fornendo un servizio e risultati eccezionali con ogni progetto.<\/p>\n<p>La qualit\u00e0 \u00e8 al centro delle operazioni di FMP. Manteniamo i pi\u00f9 elevati standard di produzione e implementiamo rigorose misure di controllo qualit\u00e0 per garantire che ogni prodotto soddisfi e spesso superi i parametri di riferimento del settore. Questo impegno verso l&#039;eccellenza, insieme ai nostri valori fondamentali di integrit\u00e0, lavoro di squadra e perseveranza, ci ha permesso di costruire relazioni durature e basate sulla fiducia con clienti in quasi 30 paesi in tutto il mondo.<\/p>\n<p>FMP \u00e8 sempre desiderosa di coltivare partnership globali, offrendo consulenza esperta e soluzioni personalizzate che rispondano alle esigenze in continua evoluzione dei nostri clienti. Ci impegniamo a costruire relazioni a lungo termine e reciprocamente vantaggiose che contribuiscano al successo di ogni progetto. Che tu abbia bisogno di soluzioni innovative per una nuova iniziativa o di supporto continuo per un sistema esistente, FMP \u00e8 pronta ad aiutarti a superare le sfide tecniche e ad assicurare il tuo successo continuo.<\/p>\n<p><img loading=\"lazy\" decoding=\"async\" class=\"alignnone wp-image-2695\" src=\"https:\/\/fmp-components.com\/wp-content\/uploads\/2025\/01\/agricultural-gearbox3.webp\" alt=\"cambio-agricolo\" width=\"1140\" height=\"1138\" title=\"\" srcset=\"https:\/\/fmp-components.com\/wp-content\/uploads\/2025\/01\/agricultural-gearbox3.webp 1140w, https:\/\/fmp-components.com\/wp-content\/uploads\/2025\/01\/agricultural-gearbox3-480x479.webp 480w\" sizes=\"(min-width: 0px) and (max-width: 480px) 480px, (min-width: 481px) 1140px, 100vw\" \/><\/p>\n<p>Autore: CX<\/p>\n<\/div>\n<\/div>\n<\/div>\n<\/div>\n<\/div>\n<\/div>","protected":false},"excerpt":{"rendered":"<p>Product Specifications: Product Name Short harvester reversing for rice harvester Material QT450 for housing, 20CrMnTi for gear shaft. Color Customization Model \u00a0FMP-1.6Z.03-05 Used Rice harvester Advantages of Using the Combine Harvester Reversing Gearbox The Combine Harvester Reversing Gearbox offers several significant advantages that enhance the efficiency and functionality of the harvester. Here are some key [&hellip;]<\/p>","protected":false},"featured_media":3093,"comment_status":"open","ping_status":"closed","template":"","meta":{"_et_pb_use_builder":"","_et_pb_old_content":"","_et_gb_content_width":""},"product_brand":[],"product_cat":[72],"product_tag":[],"class_list":{"0":"post-3088","1":"product","2":"type-product","3":"status-publish","4":"has-post-thumbnail","6":"product_cat-combine-harvester-gearbox","8":"first","9":"instock","10":"shipping-taxable","11":"product-type-simple"},"_links":{"self":[{"href":"https:\/\/fmp-components.com\/it\/wp-json\/wp\/v2\/product\/3088","targetHints":{"allow":["GET"]}}],"collection":[{"href":"https:\/\/fmp-components.com\/it\/wp-json\/wp\/v2\/product"}],"about":[{"href":"https:\/\/fmp-components.com\/it\/wp-json\/wp\/v2\/types\/product"}],"replies":[{"embeddable":true,"href":"https:\/\/fmp-components.com\/it\/wp-json\/wp\/v2\/comments?post=3088"}],"wp:featuredmedia":[{"embeddable":true,"href":"https:\/\/fmp-components.com\/it\/wp-json\/wp\/v2\/media\/3093"}],"wp:attachment":[{"href":"https:\/\/fmp-components.com\/it\/wp-json\/wp\/v2\/media?parent=3088"}],"wp:term":[{"taxonomy":"product_brand","embeddable":true,"href":"https:\/\/fmp-components.com\/it\/wp-json\/wp\/v2\/product_brand?post=3088"},{"taxonomy":"product_cat","embeddable":true,"href":"https:\/\/fmp-components.com\/it\/wp-json\/wp\/v2\/product_cat?post=3088"},{"taxonomy":"product_tag","embeddable":true,"href":"https:\/\/fmp-components.com\/it\/wp-json\/wp\/v2\/product_tag?post=3088"}],"curies":[{"name":"parola chiave","href":"https:\/\/api.w.org\/{rel}","templated":true}]}}