{"id":304,"date":"2024-12-09T06:10:04","date_gmt":"2024-12-09T06:10:04","guid":{"rendered":"https:\/\/fmp-components.com\/?page_id=8"},"modified":"2024-12-09T06:44:10","modified_gmt":"2024-12-09T06:44:10","slug":"forklift-lifting-hydraulic-cylinder","status":"publish","type":"product","link":"https:\/\/fmp-components.com\/it\/product\/forklift-lifting-hydraulic-cylinder\/","title":{"rendered":"Cilindro idraulico di sollevamento del carrello elevatore"},"content":{"rendered":"<p style=\"text-align: center;\"><span style=\"font-size: 24pt;\">Cilindro idraulico di sollevamento del carrello elevatore<\/span><\/p>\n<h2><img loading=\"lazy\" decoding=\"async\" class=\"alignnone wp-image-311\" src=\"https:\/\/fmp-components.com\/wp-content\/uploads\/2024\/12\/Forklift-Lifting-Hydraulic-Cylinder-2.webp\" alt=\"Cilindro idraulico per sollevamento carrelli elevatori\" width=\"931\" height=\"931\" title=\"\" srcset=\"https:\/\/fmp-components.com\/wp-content\/uploads\/2024\/12\/Forklift-Lifting-Hydraulic-Cylinder-2.webp 931w, https:\/\/fmp-components.com\/wp-content\/uploads\/2024\/12\/Forklift-Lifting-Hydraulic-Cylinder-2-480x480.webp 480w\" sizes=\"(min-width: 0px) and (max-width: 480px) 480px, (min-width: 481px) 931px, 100vw\" \/><\/h2>\n<h2><strong>Dimensioni del cilindro idraulico di sollevamento del carrello elevatore:<\/strong><\/h2>\n<p><img loading=\"lazy\" decoding=\"async\" class=\"alignnone size-full wp-image-306\" src=\"https:\/\/fmp-components.com\/wp-content\/uploads\/2024\/12\/Forklift-Lifting-Hydraulic-Cylinder-Dimensions.webp\" alt=\"Dimensioni del cilindro idraulico di sollevamento del carrello elevatore\" width=\"1024\" height=\"403\" title=\"\" srcset=\"https:\/\/fmp-components.com\/wp-content\/uploads\/2024\/12\/Forklift-Lifting-Hydraulic-Cylinder-Dimensions.webp 1024w, https:\/\/fmp-components.com\/wp-content\/uploads\/2024\/12\/Forklift-Lifting-Hydraulic-Cylinder-Dimensions-980x386.webp 980w, https:\/\/fmp-components.com\/wp-content\/uploads\/2024\/12\/Forklift-Lifting-Hydraulic-Cylinder-Dimensions-480x189.webp 480w\" sizes=\"(min-width: 0px) and (max-width: 480px) 480px, (min-width: 481px) and (max-width: 980px) 980px, (min-width: 981px) 1024px, 100vw\" \/><\/p>\n<table border=\"1\" cellspacing=\"0\" cellpadding=\"0\">\n<tbody>\n<tr>\n<td width=\"246\">Nome del cilindro<\/td>\n<td width=\"336\">numero di disegno<\/td>\n<td width=\"126\">diametro del foro (D)<\/td>\n<td width=\"123\">diametro dell&#039;asta (d)<\/td>\n<td width=\"114\">colpo (S)<\/td>\n<td width=\"170\">Distanza di installazione (L)<\/td>\n<td width=\"172\">pressione di lavoro<\/td>\n<td width=\"366\">Dimensioni dell&#039;interfaccia (M)<\/td>\n<td width=\"96\">peso<\/td>\n<\/tr>\n<tr>\n<td class=\"et3\" width=\"246\" height=\"153\">Cilindro di sollevamento<\/td>\n<td class=\"et4\" width=\"336\">N30M300-5\/400000-000<\/td>\n<td class=\"et4\" width=\"126\">\u03a656<\/td>\n<td class=\"et4\" width=\"123\">\u03a645<\/td>\n<td class=\"et4\" width=\"114\">1500<\/td>\n<td class=\"et4\" width=\"170\">1658<\/td>\n<td class=\"et4\" width=\"172\">18,1 MPa<\/td>\n<td class=\"et4\" width=\"366\">G1\/2<\/td>\n<td class=\"et4\" width=\"96\">32,6 kg<\/td>\n<\/tr>\n<tr>\n<td class=\"et3\" width=\"246\" height=\"153\">Cilindro di sollevamento<\/td>\n<td class=\"et4\">Numero di parte: A2A30M300-400000-000<\/td>\n<td class=\"et4\">\u03a656<\/td>\n<td class=\"et4\">\u03a645<\/td>\n<td class=\"et4\">1500<\/td>\n<td class=\"et4\">1658<\/td>\n<td class=\"et4\">18,1 MPa<\/td>\n<td class=\"et4\">M22*1.5<\/td>\n<td class=\"et4\">36 kg<\/td>\n<\/tr>\n<tr>\n<td class=\"et3\" width=\"246\" height=\"153\">Cilindro di sollevamento<\/td>\n<td class=\"et4\">3.5N4.5H-400000-003<\/td>\n<td class=\"et4\">\u03a660<\/td>\n<td class=\"et4\">\u03a645<\/td>\n<td class=\"et4\">1505<\/td>\n<td class=\"et4\">1780<\/td>\n<td class=\"et4\">17,5 MPa<\/td>\n<td class=\"et4\">M22*1.5<\/td>\n<td class=\"et4\">41 kg<\/td>\n<\/tr>\n<tr>\n<td class=\"et3\" width=\"246\" height=\"153\">Cilindro di sollevamento<\/td>\n<td class=\"et4\">N35M300-5\/400000-001A<\/td>\n<td class=\"et4\">\u03a660<\/td>\n<td class=\"et4\">\u03a645<\/td>\n<td class=\"et4\">1500<\/td>\n<td class=\"et4\">1808<\/td>\n<td class=\"et4\">18,1 MPa<\/td>\n<td class=\"et4\">G1\/2<\/td>\n<td class=\"et4\">46 kg<\/td>\n<\/tr>\n<tr>\n<td class=\"et3\" width=\"246\" height=\"153\">Cilindro di sollevamento<\/td>\n<td class=\"et4\">Numero di parte: A2A35M300-400000-000<\/td>\n<td class=\"et4\">\u03a660<\/td>\n<td class=\"et4\">\u03a645<\/td>\n<td class=\"et4\">1500<\/td>\n<td class=\"et4\">1808<\/td>\n<td class=\"et4\">18,1 MPa<\/td>\n<td class=\"et4\">M22*1.5<\/td>\n<td class=\"et4\">50 kg<\/td>\n<\/tr>\n<\/tbody>\n<\/table>\n<h3>Caratteristiche del cilindro idraulico di sollevamento del carrello elevatore<\/h3>\n<p><strong>Elevata capacit\u00e0 di sollevamento<\/strong><br \/>\nIl cilindro idraulico di sollevamento del carrello elevatore \u00e8 progettato per gestire carichi pesanti, fornendo la forza necessaria per sollevare pesi sostanziali. Con la sua costruzione robusta e il sistema idraulico ad alta pressione, assicura un sollevamento fluido ed efficiente di merci, pallet e attrezzature. La resistenza del cilindro \u00e8 fondamentale per i carrelli elevatori che operano in magazzini, centri di distribuzione e stabilimenti di produzione, dove la capacit\u00e0 di sollevamento \u00e8 essenziale per gestire in modo sicuro ed efficiente articoli grandi e ingombranti.<\/p>\n<p><strong>Durata e affidabilit\u00e0<\/strong><br \/>\nI cilindri idraulici di sollevamento dei carrelli elevatori sono costruiti per resistere a condizioni di lavoro difficili, tra cui cicli di lavoro intensivi e fattori ambientali estremi. Realizzati con materiali di alta qualit\u00e0, sono resistenti all&#039;usura, alla corrosione e ai danni causati dall&#039;uso frequente. Le prestazioni affidabili del cilindro garantiscono che il carrello elevatore funzioni con tempi di fermo minimi, il che \u00e8 fondamentale per mantenere la produttivit\u00e0 in ambienti frenetici. La manutenzione e l&#039;ispezione di routine assicurano che questi cilindri continuino a funzionare a livelli ottimali, migliorando la longevit\u00e0 dell&#039;attrezzatura.<\/p>\n<p><strong>Funzionamento fluido e preciso<\/strong><br \/>\nIl cilindro idraulico di sollevamento del carrello elevatore fornisce operazioni di sollevamento e abbassamento fluide e precise. Il sistema idraulico consente un movimento controllato e graduale, riducendo il rischio di movimenti bruschi o bruschi cambi di direzione che potrebbero danneggiare il carico o compromettere la sicurezza. Questo controllo preciso migliora la sicurezza e l&#039;efficienza dell&#039;operatore, in quanto pu\u00f2 sollevare e posizionare i carichi con precisione, anche in situazioni ristrette o ad alto rischio. Il risultato \u00e8 un&#039;operazione di sollevamento pi\u00f9 sicura ed efficace che migliora le prestazioni complessive del carrello elevatore.<\/p>\n<h3><img loading=\"lazy\" decoding=\"async\" class=\"alignnone size-full wp-image-310\" src=\"https:\/\/fmp-components.com\/wp-content\/uploads\/2024\/12\/Forklift-Lifting-Hydraulic-Cylinder-1.webp\" alt=\"Cilindro idraulico per sollevamento carrelli elevatori\" width=\"1280\" height=\"720\" title=\"\" srcset=\"https:\/\/fmp-components.com\/wp-content\/uploads\/2024\/12\/Forklift-Lifting-Hydraulic-Cylinder-1.webp 1280w, https:\/\/fmp-components.com\/wp-content\/uploads\/2024\/12\/Forklift-Lifting-Hydraulic-Cylinder-1-980x551.webp 980w, https:\/\/fmp-components.com\/wp-content\/uploads\/2024\/12\/Forklift-Lifting-Hydraulic-Cylinder-1-480x270.webp 480w\" sizes=\"(min-width: 0px) and (max-width: 480px) 480px, (min-width: 481px) and (max-width: 980px) 980px, (min-width: 981px) 1280px, 100vw\" \/><\/h3>\n<h3>Informazioni su FMP<\/h3>\n<p>FMP \u00e8 un produttore specializzato di cilindri idraulici, con una forte attenzione alla ricerca e alla produzione. Sin dalla sua fondazione, l&#039;azienda si \u00e8 costantemente concentrata sullo sviluppo di cilindri idraulici, evolvendosi dalla produzione di una variet\u00e0 di prodotti, come macchinari per la raccolta e l&#039;edilizia, alla specializzazione in componenti per trattori agricoli. Con oltre un decennio di competenza nella produzione, esperienza gestionale e tecnologia di produzione avanzata, FMP garantisce la massima qualit\u00e0 nei suoi prodotti.<\/p>\n<p>Con la crescita professionale dell&#039;azienda, \u00e8 stata creata una linea di produzione completa per lavorazioni meccaniche, una linea di assemblaggio e una linea di rivestimento. FMP \u00e8 supportata da un team dedicato di personale dirigenziale esperto, progettisti meccanici qualificati e lavoratori tecnici altamente qualificati. Ci\u00f2 garantisce una qualit\u00e0 del prodotto stabile, controllando in modo efficiente la continuit\u00e0 del processo e l&#039;efficacia complessiva della produzione.<\/p>\n<p>FMP aderisce ai valori fondamentali di &quot;Innovazione tecnologica che guida il progresso, qualit\u00e0 che crea marchi, artigianalit\u00e0 che garantisce la qualit\u00e0 e costruzione di relazioni win-win a lungo termine&quot;. L&#039;azienda rimane impegnata a fornire prodotti di alta qualit\u00e0 offrendo al contempo un servizio clienti superiore, sforzandosi sempre di soddisfare le mutevoli esigenze del mercato.<\/p>\n<p><img loading=\"lazy\" decoding=\"async\" class=\"alignnone wp-image-303\" src=\"https:\/\/fmp-components.com\/wp-content\/uploads\/2024\/12\/hydraulic-cylinder-factory-11_1.webp\" alt=\"fabbrica-di-cilindri-idraulici\" width=\"917\" height=\"1003\" title=\"\" srcset=\"https:\/\/fmp-components.com\/wp-content\/uploads\/2024\/12\/hydraulic-cylinder-factory-11_1.webp 917w, https:\/\/fmp-components.com\/wp-content\/uploads\/2024\/12\/hydraulic-cylinder-factory-11_1-480x525.webp 480w\" sizes=\"(min-width: 0px) and (max-width: 480px) 480px, (min-width: 481px) 917px, 100vw\" \/><\/p>\n<table style=\"width: 100%;\" border=\"1\" width=\"100%\" cellspacing=\"0\" cellpadding=\"0\">\n<tbody>\n<tr>\n<td style=\"width: 41.9294%;\" width=\"226\"><img loading=\"lazy\" decoding=\"async\" class=\"alignnone size-full wp-image-309\" src=\"https:\/\/fmp-components.com\/wp-content\/uploads\/2024\/12\/Forklift-Tilt-Hydraulic-Cylinder.webp\" alt=\"Cilindro idraulico di inclinazione del carrello elevatore\" width=\"1000\" height=\"750\" title=\"\" srcset=\"https:\/\/fmp-components.com\/wp-content\/uploads\/2024\/12\/Forklift-Tilt-Hydraulic-Cylinder.webp 1000w, https:\/\/fmp-components.com\/wp-content\/uploads\/2024\/12\/Forklift-Tilt-Hydraulic-Cylinder-980x735.webp 980w, https:\/\/fmp-components.com\/wp-content\/uploads\/2024\/12\/Forklift-Tilt-Hydraulic-Cylinder-480x360.webp 480w\" sizes=\"(min-width: 0px) and (max-width: 480px) 480px, (min-width: 481px) and (max-width: 980px) 980px, (min-width: 981px) 1000px, 100vw\" \/><\/td>\n<td style=\"width: 55.6484%;\" width=\"64\"><img loading=\"lazy\" decoding=\"async\" class=\"alignnone wp-image-283\" src=\"https:\/\/fmp-components.com\/wp-content\/uploads\/2024\/12\/hydraulic-cylinder-factory-5.webp\" alt=\"fabbrica-di-cilindri-idraulici\" width=\"542\" height=\"312\" title=\"\"><\/td>\n<\/tr>\n<\/tbody>\n<\/table>\n<p>Autore: CX<\/p>","protected":false},"excerpt":{"rendered":"<p>Il cilindro idraulico di sollevamento del carrello elevatore \u00e8 responsabile della fornitura della potenza di sollevamento verticale necessaria per sollevare e abbassare carichi pesanti. Questo cilindro utilizza la pressione idraulica per sollevare il montante e gli accessori del carrello elevatore, consentendo agli operatori di gestire e spostare pallet, contenitori e altri materiali in modo efficiente. Progettato per resistere ad alte pressioni e operazioni pesanti, il cilindro idraulico di sollevamento assicura movimenti di sollevamento fluidi e controllati, mantenendo stabilit\u00e0 e sicurezza, anche quando si maneggiano articoli grandi o ingombranti. La sua costruzione robusta lo rende un componente essenziale per i carrelli elevatori che operano in magazzini, centri di distribuzione e altri ambienti industriali, dove un sollevamento affidabile e potente \u00e8 fondamentale per la produttivit\u00e0.<\/p>","protected":false},"featured_media":311,"comment_status":"open","ping_status":"closed","template":"","meta":{"_et_pb_use_builder":"","_et_pb_old_content":"","_et_gb_content_width":""},"product_brand":[],"product_cat":[20],"product_tag":[],"class_list":{"0":"post-304","1":"product","2":"type-product","3":"status-publish","4":"has-post-thumbnail","6":"product_cat-forklift-hydraulic-cylinders","8":"first","9":"instock","10":"shipping-taxable","11":"product-type-simple"},"_links":{"self":[{"href":"https:\/\/fmp-components.com\/it\/wp-json\/wp\/v2\/product\/304","targetHints":{"allow":["GET"]}}],"collection":[{"href":"https:\/\/fmp-components.com\/it\/wp-json\/wp\/v2\/product"}],"about":[{"href":"https:\/\/fmp-components.com\/it\/wp-json\/wp\/v2\/types\/product"}],"replies":[{"embeddable":true,"href":"https:\/\/fmp-components.com\/it\/wp-json\/wp\/v2\/comments?post=304"}],"wp:featuredmedia":[{"embeddable":true,"href":"https:\/\/fmp-components.com\/it\/wp-json\/wp\/v2\/media\/311"}],"wp:attachment":[{"href":"https:\/\/fmp-components.com\/it\/wp-json\/wp\/v2\/media?parent=304"}],"wp:term":[{"taxonomy":"product_brand","embeddable":true,"href":"https:\/\/fmp-components.com\/it\/wp-json\/wp\/v2\/product_brand?post=304"},{"taxonomy":"product_cat","embeddable":true,"href":"https:\/\/fmp-components.com\/it\/wp-json\/wp\/v2\/product_cat?post=304"},{"taxonomy":"product_tag","embeddable":true,"href":"https:\/\/fmp-components.com\/it\/wp-json\/wp\/v2\/product_tag?post=304"}],"curies":[{"name":"parola chiave","href":"https:\/\/api.w.org\/{rel}","templated":true}]}}