{"id":2751,"date":"2025-01-04T05:11:17","date_gmt":"2025-01-04T05:11:17","guid":{"rendered":"https:\/\/fmp-components.com\/?page_id=8"},"modified":"2025-01-04T05:11:18","modified_gmt":"2025-01-04T05:11:18","slug":"grader-driven-rake-gearbox-ep-dx300-2-for-powered-harrow","status":"publish","type":"product","link":"https:\/\/fmp-components.com\/it\/product\/grader-driven-rake-gearbox-ep-dx300-2-for-powered-harrow\/","title":{"rendered":"Scatola ingranaggi per rastrello livellatore EP-DX300-2 per erpice motorizzato"},"content":{"rendered":"<h2><img loading=\"lazy\" decoding=\"async\" class=\"size-full wp-image-2756 aligncenter\" src=\"https:\/\/fmp-components.com\/wp-content\/uploads\/2025\/01\/Grader-Driven-Rake-Gearbox-EP-DX300-2-Features1.webp\" alt=\"Grader-Driven-Rake-Gearbox-EP-DX300-2-Caratteristiche(1)\" width=\"1024\" height=\"828\" title=\"\" srcset=\"https:\/\/fmp-components.com\/wp-content\/uploads\/2025\/01\/Grader-Driven-Rake-Gearbox-EP-DX300-2-Features1.webp 1024w, https:\/\/fmp-components.com\/wp-content\/uploads\/2025\/01\/Grader-Driven-Rake-Gearbox-EP-DX300-2-Features1-980x792.webp 980w, https:\/\/fmp-components.com\/wp-content\/uploads\/2025\/01\/Grader-Driven-Rake-Gearbox-EP-DX300-2-Features1-480x388.webp 480w\" sizes=\"(min-width: 0px) and (max-width: 480px) 480px, (min-width: 481px) and (max-width: 980px) 980px, (min-width: 981px) 1024px, 100vw\" \/><\/h2>\n<h2>Dimensioni del riduttore del rastrello azionato dal livellatore FMP-DX300-2\u00a0<img loading=\"lazy\" decoding=\"async\" class=\"alignnone size-full wp-image-2752\" src=\"https:\/\/fmp-components.com\/wp-content\/uploads\/2025\/01\/Grader-Driven-Rake-Gearbox-EP-DX300-2-Dimensions.webp\" alt=\"Grader-Driven-Rake-Gearbox-EP-DX300-2-Dimensioni\" width=\"1137\" height=\"785\" title=\"\" srcset=\"https:\/\/fmp-components.com\/wp-content\/uploads\/2025\/01\/Grader-Driven-Rake-Gearbox-EP-DX300-2-Dimensions.webp 1137w, https:\/\/fmp-components.com\/wp-content\/uploads\/2025\/01\/Grader-Driven-Rake-Gearbox-EP-DX300-2-Dimensions-980x677.webp 980w, https:\/\/fmp-components.com\/wp-content\/uploads\/2025\/01\/Grader-Driven-Rake-Gearbox-EP-DX300-2-Dimensions-480x331.webp 480w\" sizes=\"(min-width: 0px) and (max-width: 480px) 480px, (min-width: 481px) and (max-width: 980px) 980px, (min-width: 981px) 1137px, 100vw\" \/> Scatola ingranaggi rastrello livellatrice FMP-DX300-2 Turn<\/h2>\n<h2><img loading=\"lazy\" decoding=\"async\" class=\"alignnone size-full wp-image-2753\" src=\"https:\/\/fmp-components.com\/wp-content\/uploads\/2025\/01\/32LBLUCr-Grader-Driven-Rake-Gearbox-EP-DX300-2-Turn.webp\" alt=\"32LBLUCr-Grader-Driven-Rake-Gearbox-EP-DX300-2-Turn\" width=\"1303\" height=\"347\" title=\"\" srcset=\"https:\/\/fmp-components.com\/wp-content\/uploads\/2025\/01\/32LBLUCr-Grader-Driven-Rake-Gearbox-EP-DX300-2-Turn.webp 1303w, https:\/\/fmp-components.com\/wp-content\/uploads\/2025\/01\/32LBLUCr-Grader-Driven-Rake-Gearbox-EP-DX300-2-Turn-1280x341.webp 1280w, https:\/\/fmp-components.com\/wp-content\/uploads\/2025\/01\/32LBLUCr-Grader-Driven-Rake-Gearbox-EP-DX300-2-Turn-980x261.webp 980w, https:\/\/fmp-components.com\/wp-content\/uploads\/2025\/01\/32LBLUCr-Grader-Driven-Rake-Gearbox-EP-DX300-2-Turn-480x128.webp 480w\" sizes=\"(min-width: 0px) and (max-width: 480px) 480px, (min-width: 481px) and (max-width: 980px) 980px, (min-width: 981px) and (max-width: 1280px) 1280px, (min-width: 1281px) 1303px, 100vw\" \/><\/h2>\n<h2>Dati tecnici del riduttore del rastrello azionato dalla livellatrice FMP-DX300-2<\/h2>\n<table style=\"width: 101.518%; height: 166px;\" border=\"1\" cellspacing=\"0\" cellpadding=\"0\">\n<tbody>\n<tr>\n<td colspan=\"2\" rowspan=\"2\">io<\/td>\n<td rowspan=\"2\">Adatto<\/td>\n<td>Ingresso giri\/min<\/td>\n<td>Uscita giri\/min<\/td>\n<td>KW(Nominale)<\/td>\n<td>kW (massimo)<\/td>\n<td rowspan=\"2\">Dentatura<\/td>\n<\/tr>\n<tr>\n<td>giri\/min<\/td>\n<td>giri\/min<\/td>\n<td>CV<\/td>\n<td>CV<\/td>\n<\/tr>\n<tr>\n<td>Decelerare<\/td>\n<td>2.47:1<\/td>\n<td rowspan=\"3\">Erpice motorizzato<\/td>\n<td>1000<\/td>\n<td>404<\/td>\n<td rowspan=\"3\">200<\/td>\n<td>3500<\/td>\n<td rowspan=\"3\">Gleason elicoidale<br \/>\nDenti<\/td>\n<\/tr>\n<tr>\n<td>Decelerare<\/td>\n<td>2.63:1<\/td>\n<td>1000<\/td>\n<td>380<\/td>\n<td>3700<\/td>\n<\/tr>\n<tr>\n<td>Decelerare<\/td>\n<td>2.04:1<\/td>\n<td>850<\/td>\n<td>416<\/td>\n<td>3400<\/td>\n<\/tr>\n<tr>\n<td colspan=\"8\">Nota: se avete esigenze particolari non esitate a farmelo sapere, accettiamo anche personalizzazioni.<\/td>\n<\/tr>\n<\/tbody>\n<\/table>\n<h2>Caratteristiche e componenti del riduttore del rastrello azionato dal livellatore FMP-DX300-2<\/h2>\n<p>Il Grader Driven Rake Gearbox FMP-DX300-2 \u00e8 un cambio ad alte prestazioni progettato per l&#039;uso in macchinari agricoli, in particolare per livellatrici e rastrelli. Questo cambio \u00e8 progettato per trasferire in modo efficiente la potenza dal trattore al rastrello, garantendo prestazioni ottimali in applicazioni pesanti come la rastrellatura del fieno, il livellamento del terreno e altre attivit\u00e0 agricole.<\/p>\n<h3>Caratteristiche principali di FMP-DX300-2:<\/h3>\n<ol>\n<li><strong>Gestione di coppia elevata<\/strong>: Il modello FMP-DX300-2 \u00e8 progettato per gestire carichi di coppia elevati, garantendo un funzionamento affidabile anche nelle condizioni pi\u00f9 gravose tipiche degli ambienti agricoli.<\/li>\n<li><strong>Durata e affidabilit\u00e0<\/strong>: Realizzato con materiali ad alta resistenza, il cambio \u00e8 progettato per prestazioni durature. \u00c8 resistente all&#039;usura e allo strappo, il che lo rende ideale per un uso continuo in ambienti agricoli difficili.<\/li>\n<li><strong>Trasmissione di potenza ottimizzata<\/strong>: Il cambio assicura un trasferimento efficiente della potenza dalla presa di forza del trattore al sistema del rastrello, migliorando l&#039;efficienza complessiva della macchina e riducendo le perdite di energia durante il funzionamento.<\/li>\n<li><strong>Rapporti di trasmissione personalizzabili<\/strong>: Disponibile in diversi rapporti di trasmissione, il modello FMP-DX300-2 pu\u00f2 essere adattato alle diverse applicazioni agricole, garantendo prestazioni ottimali per diversi tipi di macchinari ed esigenze operative.<\/li>\n<li><strong>Design compatto e leggero<\/strong>:Nonostante la sua struttura robusta, il modello FMP-DX300-2 \u00e8 progettato per essere compatto e leggero, consentendo una facile installazione e integrazione con varie attrezzature agricole senza comprometterne la resistenza.<\/li>\n<\/ol>\n<h3>Componenti chiave di FMP-DX300-2:<\/h3>\n<ol>\n<li><strong>Albero di ingresso<\/strong>: L&#039;albero di ingresso \u00e8 responsabile del trasferimento della potenza rotazionale dalla presa di forza del trattore al cambio. \u00c8 progettato per gestire un&#039;elevata coppia di ingresso e garantire una trasmissione di potenza fluida.<\/li>\n<li><strong>Set di ingranaggi<\/strong>: Il cuore del cambio, il set di ingranaggi \u00e8 responsabile della modifica della velocit\u00e0 di rotazione e della coppia. Ingranaggi progettati con precisione assicurano un accoppiamento fluido e un&#039;elevata efficienza nel trasferimento di potenza.<\/li>\n<li><strong>Albero di uscita<\/strong>: L&#039;albero di uscita collega il riduttore al sistema rastrellatore, trasmettendo l&#039;energia meccanica necessaria per azionare l&#039;attrezzatura.<\/li>\n<li><strong>Cuscinetti<\/strong>: I cuscinetti di alta qualit\u00e0 supportano i componenti rotanti, riducendo l&#039;attrito e garantendo un funzionamento regolare. I cuscinetti sono progettati per gestire carichi pesanti e alte velocit\u00e0, garantendo durata e affidabilit\u00e0.<\/li>\n<li><strong>Alloggiamento<\/strong>: L&#039;alloggiamento del cambio \u00e8 realizzato in materiali durevoli e resistenti alla corrosione che proteggono i componenti interni. Garantisce integrit\u00e0 strutturale e salvaguarda il cambio da fattori ambientali esterni come polvere, umidit\u00e0 e detriti.<\/li>\n<\/ol>\n<p>IL <strong>FMP-DX300-2 Rastrello azionato da livellatrice Scatola ingranaggi<\/strong> \u00e8 un riduttore altamente durevole, efficiente e affidabile progettato per applicazioni agricole impegnative. Con la sua elevata capacit\u00e0 di coppia, i rapporti di trasmissione personalizzabili e i bassi requisiti di manutenzione, fornisce un trasferimento di potenza ottimale garantendo al contempo prestazioni a lungo termine. L&#039;ingegneria di precisione del riduttore, insieme ai suoi componenti robusti, lo rende una scelta ideale per macchinari agricoli pesanti, migliorando la produttivit\u00e0 e riducendo al minimo i tempi di fermo.<\/p>\n<h2><img loading=\"lazy\" decoding=\"async\" class=\"alignnone size-full wp-image-2754\" src=\"https:\/\/fmp-components.com\/wp-content\/uploads\/2025\/01\/ZIe4i3OO-Power-Driven-Harrow-Gearbox-EP-DX300-2-Lubrication-and-Maintenance-11.webp\" alt=\"ZIe4i3OO-Erpici-azionati-da-motore-riduttore-EP-DX300-2-Lubrificazione-e-Manutenzione-1(1)\" width=\"950\" height=\"715\" title=\"\" srcset=\"https:\/\/fmp-components.com\/wp-content\/uploads\/2025\/01\/ZIe4i3OO-Power-Driven-Harrow-Gearbox-EP-DX300-2-Lubrication-and-Maintenance-11.webp 950w, https:\/\/fmp-components.com\/wp-content\/uploads\/2025\/01\/ZIe4i3OO-Power-Driven-Harrow-Gearbox-EP-DX300-2-Lubrication-and-Maintenance-11-480x361.webp 480w\" sizes=\"(min-width: 0px) and (max-width: 480px) 480px, (min-width: 481px) 950px, 100vw\" \/><\/h2>\n<div class=\"flex-shrink-0 flex flex-col relative items-end\">\n<div>\n<div class=\"pt-0\">\n<div class=\"gizmo-bot-avatar flex h-8 w-8 items-center justify-center overflow-hidden rounded-full\">\n<div class=\"relative p-1 rounded-sm flex items-center justify-center bg-token-main-surface-primary text-token-text-primary h-8 w-8\">\n<h3>Applicazioni del riduttore per erpici azionati da motore FMP-DX300-2:<\/h3>\n<\/div>\n<\/div>\n<\/div>\n<\/div>\n<\/div>\n<div class=\"group\/conversation-turn relative flex w-full min-w-0 flex-col agent-turn\">\n<div class=\"flex-col gap-1 md:gap-3\">\n<div class=\"flex max-w-full flex-col flex-grow\">\n<div class=\"min-h-8 text-message flex w-full flex-col items-end gap-2 whitespace-normal break-words text-start [.text-message+&amp;]:mt-5\" dir=\"auto\" data-message-author-role=\"assistant\" data-message-id=\"99c21c94-b9e3-4719-b75e-da3f57305c74\" data-message-model-slug=\"gpt-4o\">\n<div class=\"flex w-full flex-col gap-1 empty:hidden first:pt-[3px]\">\n<div class=\"markdown prose w-full break-words dark:prose-invert light\">\n<p>Il riduttore Power Driven Harrow Gearbox FMP-DX300-2 \u00e8 progettato per attrezzature agricole, in particolare per lavori di erpicatura e preparazione del terreno. Fornisce una trasmissione affidabile della potenza dalla presa di forza del trattore all&#039;erpice, garantendo prestazioni ottimali durante le operazioni agricole intensive. Di seguito sono riportate le principali applicazioni del riduttore FMP-DX300-2:<\/p>\n<ol>\n<li><strong>Preparazione del terreno e lavorazione del terreno<\/strong>:\n<ul>\n<li><strong>Lavorazione primaria e secondaria<\/strong>: Il modello FMP-DX300-2 viene utilizzato sia nelle operazioni di lavorazione primaria che secondaria, contribuendo a rompere e arieggiare il terreno per condizioni di semina ottimali. La sua capacit\u00e0 di gestire una coppia elevata lo rende efficace sia per la lavorazione superficiale che per quella profonda.<\/li>\n<li><strong>Preparazione del letto di semina<\/strong>: Il riduttore aziona gli erpici che sono essenziali per creare un letto di semina fine e uniforme. Ci\u00f2 \u00e8 fondamentale per colture come cereali, ortaggi e altre colture che richiedono condizioni del terreno costanti per la germinazione.<\/li>\n<\/ul>\n<\/li>\n<li><strong>Erpicatura per il controllo delle erbacce<\/strong>:\n<ul>\n<li><strong>Gestione delle erbacce<\/strong>: Il cambio aziona la capacit\u00e0 dell&#039;erpice di coltivare il terreno a profondit\u00e0 ridotte, sradicando le erbacce e preparando il terreno per una migliore crescita delle colture. Aiuta a scomporre la crescita delle erbacce riducendo al minimo i danni alle colture desiderabili.<\/li>\n<li><strong>Diserbo di superficie<\/strong>: Azionando l&#039;erpice alla giusta velocit\u00e0 e profondit\u00e0, il riduttore assicura che le erbacce in superficie vengano disturbate, riducendo cos\u00ec la competizione per i nutrienti e l&#039;umidit\u00e0.<\/li>\n<\/ul>\n<\/li>\n<li><strong>Manutenzione del campo post-raccolta<\/strong>:\n<ul>\n<li><strong>Gestione dei residui sul campo<\/strong>: Dopo la raccolta, l&#039;erpice azionato dal cambio aiuta a scomporre i residui del raccolto e a distribuirli uniformemente sul campo. Questo processo \u00e8 importante per la fertilit\u00e0 del terreno e riduce al minimo la necessit\u00e0 di ulteriori trattamenti chimici.<\/li>\n<li><strong>Incorporazione di stoppie<\/strong>:L&#039;erpice pu\u00f2 essere utilizzato anche per incorporare le stoppie, migliorando la struttura del terreno e riducendo il rischio di erosione ricoprendo i resti delle piante con il terreno.<\/li>\n<\/ul>\n<\/li>\n<li><strong>Livellamento e levigatura<\/strong>:\n<ul>\n<li><strong>Livellamento del terreno<\/strong>: Il riduttore FMP-DX300-2 \u00e8 spesso utilizzato insieme agli erpici che eseguono il livellamento del terreno. Controllando i denti o i dischi dell&#039;erpice, il riduttore assicura che il terreno venga distribuito uniformemente, il che \u00e8 importante per la ritenzione idrica e l&#039;irrigazione efficiente.<\/li>\n<li><strong>Levigatura superficiale<\/strong>:Il riduttore consente un funzionamento uniforme dell&#039;erpice, contribuendo a livellare la superficie del terreno per ottenere condizioni uniformi del letto di semina, riducendo il rischio di una crescita irregolare delle colture.<\/li>\n<\/ul>\n<\/li>\n<li><strong>Bonifica del territorio<\/strong>:\n<ul>\n<li><strong>Ripristino del suolo degradato<\/strong>: Il riduttore aiuta gli erpici rotanti utilizzati negli sforzi di bonifica del terreno, dove il terreno che \u00e8 diventato compatto, degradato o duro viene allentato e aerato per preparare la risemina o il ripristino. Ci\u00f2 \u00e8 comune nelle aree che sono state eccessivamente coltivate o soggette a erosione.<\/li>\n<li><strong>Migliorare l&#039;aerazione del suolo<\/strong>: Fornendo la potenza necessaria alle attrezzature erpicanti, il riduttore favorisce l&#039;aerazione del terreno, fondamentale per migliorare l&#039;infiltrazione dell&#039;acqua, la crescita delle radici e la salute del terreno.<\/li>\n<\/ul>\n<\/li>\n<\/ol>\n<p>Il riduttore FMP-DX300-2 Power Driven Harrow \u00e8 ideale per un&#039;ampia gamma di attivit\u00e0 agricole. La sua elevata capacit\u00e0 di coppia e affidabilit\u00e0 lo rendono adatto per la preparazione del terreno, il controllo delle erbacce, la manutenzione del campo post-raccolta, il livellamento e persino gli sforzi di bonifica del terreno. Sia che venga utilizzato per la lavorazione del terreno, la gestione dei residui o la ristrutturazione dei pascoli, questo riduttore svolge un ruolo cruciale nel migliorare la salute del terreno, garantire migliori rese delle colture e aumentare la produttivit\u00e0 complessiva dell&#039;azienda agricola. La sua versatilit\u00e0 lo rende un componente prezioso nelle moderne attrezzature agricole sia per l&#039;agricoltura commerciale su larga scala che per le attivit\u00e0 pi\u00f9 piccole.<\/p>\n<\/div>\n<\/div>\n<\/div>\n<\/div>\n<\/div>\n<\/div>\n<h2><img loading=\"lazy\" decoding=\"async\" class=\"alignnone size-full wp-image-2755\" src=\"https:\/\/fmp-components.com\/wp-content\/uploads\/2025\/01\/Power-Driven-Harrow-Gearbox-EP-DX300-2-Lubrication-and-Maintenance-21.webp\" alt=\"Erpice-a-trazione-riduttore-EP-DX300-2-Lubrificazione-e-manutenzione-2(1)\" width=\"950\" height=\"715\" title=\"\" srcset=\"https:\/\/fmp-components.com\/wp-content\/uploads\/2025\/01\/Power-Driven-Harrow-Gearbox-EP-DX300-2-Lubrication-and-Maintenance-21.webp 950w, https:\/\/fmp-components.com\/wp-content\/uploads\/2025\/01\/Power-Driven-Harrow-Gearbox-EP-DX300-2-Lubrication-and-Maintenance-21-480x361.webp 480w\" sizes=\"(min-width: 0px) and (max-width: 480px) 480px, (min-width: 481px) 950px, 100vw\" \/><\/h2>\n<h2>Informazioni su FMP<\/h2>\n<p>Con sede in Italia, FMP \u00e8 un produttore leader rinomato per la sua competenza nella progettazione, sviluppo e produzione di riduttori ad alte prestazioni, con particolare attenzione al settore delle macchine agricole. Riconosciuta per l&#039;ingegneria di precisione, le soluzioni innovative e l&#039;affidabilit\u00e0 eccezionale, FMP si \u00e8 guadagnata la reputazione di partner di fiducia sia per i settori agricolo che industriale. Il nostro ampio portafoglio di prodotti include riduttori progettati su misura per tosaerba, alberi cardanici e una variet\u00e0 di componenti essenziali, tutti realizzati per soddisfare le diverse esigenze di un&#039;ampia gamma di applicazioni.<\/p>\n<p>In FMP, riconosciamo che ogni cliente ha sfide e requisiti unici. Ecco perch\u00e9 siamo specializzati nel fornire soluzioni personalizzate, sia per singoli componenti che per sistemi completamente integrati. Collaborando strettamente con i nostri clienti, garantiamo che ogni soluzione non solo soddisfi le loro esigenze specifiche, ma massimizzi anche le prestazioni e il valore. Il nostro impegno nel fornire risposte rapide e professionali, unito alla guida di esperti, garantisce che ogni richiesta venga gestita con cura e precisione, portando ai migliori risultati possibili.<\/p>\n<p>La comunicazione trasparente e continua \u00e8 al centro del nostro approccio. Il nostro team dedicato lavora direttamente con i clienti durante tutto il processo di sviluppo del prodotto per acquisire una profonda comprensione delle loro esigenze. Offriamo preziosi spunti e raccomandazioni per garantire risultati ottimali. Che si tratti di progettare prodotti all&#039;avanguardia o di evadere ordini in corso, FMP si impegna a fornire soluzioni di alta qualit\u00e0 e di precisione ingegnerizzate in tempo, ogni volta. La nostra missione \u00e8 superare le aspettative dei clienti fornendo un servizio e risultati eccezionali con ogni progetto.<\/p>\n<p>La qualit\u00e0 \u00e8 il fondamento di tutto ci\u00f2 che facciamo. Aderiamo ai pi\u00f9 elevati standard di produzione e implementiamo rigorose misure di controllo qualit\u00e0 per garantire che ogni prodotto non solo soddisfi ma superi gli standard del settore. Questo impegno verso l&#039;eccellenza, insieme ai nostri valori fondamentali di integrit\u00e0, lavoro di squadra e perseveranza, ci ha permesso di costruire relazioni durature e basate sulla fiducia con clienti in quasi 30 paesi in tutto il mondo.<\/p>\n<p>FMP \u00e8 sempre desiderosa di promuovere partnership globali e si impegna a fornire consulenza esperta e soluzioni personalizzate che rispondano alle esigenze in continua evoluzione dei nostri clienti. Andiamo oltre la semplice fornitura di prodotti; puntiamo a creare relazioni durature che contribuiscano al successo di ogni progetto. Che tu abbia bisogno di soluzioni innovative per una nuova iniziativa o di supporto continuo per un sistema esistente, FMP \u00e8 pronta ad affrontare le tue sfide tecniche e ad assicurare il tuo successo continuo.<\/p>\n<p><img loading=\"lazy\" decoding=\"async\" class=\"alignnone wp-image-2695\" src=\"https:\/\/fmp-components.com\/wp-content\/uploads\/2025\/01\/agricultural-gearbox3.webp\" alt=\"cambio-agricolo\" width=\"953\" height=\"951\" title=\"\" srcset=\"https:\/\/fmp-components.com\/wp-content\/uploads\/2025\/01\/agricultural-gearbox3.webp 953w, https:\/\/fmp-components.com\/wp-content\/uploads\/2025\/01\/agricultural-gearbox3-480x479.webp 480w\" sizes=\"(min-width: 0px) and (max-width: 480px) 480px, (min-width: 481px) 953px, 100vw\" \/><\/p>\n<p>Autore: CX<\/p>","protected":false},"excerpt":{"rendered":"<p>Grader Driven Rake Gearbox FMP-DX300-2 Dimensions\u00a0 Grader Driven Rake Gearbox FMP-DX300-2 Turn Grader Driven Rake Gearbox FMP-DX300-2 Technical Data i Suitable Rpm input Rpm output KW(Nom) KW(Max) Toothing r\/min r\/min hp hp Decelerate 2.47:1 Powered Harrow 1000 404 200 3500 Gleason Helical Teeth Decelerate 2.63:1 1000 380 3700 Decelerate 2.04:1 850 416 3400 Remark: If [&hellip;]<\/p>","protected":false},"featured_media":2757,"comment_status":"open","ping_status":"closed","template":"","meta":{"_et_pb_use_builder":"","_et_pb_old_content":"","_et_gb_content_width":""},"product_brand":[],"product_cat":[66],"product_tag":[],"class_list":{"0":"post-2751","1":"product","2":"type-product","3":"status-publish","4":"has-post-thumbnail","6":"product_cat-grader-driven-rake-gearbox","8":"first","9":"instock","10":"shipping-taxable","11":"product-type-simple"},"_links":{"self":[{"href":"https:\/\/fmp-components.com\/it\/wp-json\/wp\/v2\/product\/2751","targetHints":{"allow":["GET"]}}],"collection":[{"href":"https:\/\/fmp-components.com\/it\/wp-json\/wp\/v2\/product"}],"about":[{"href":"https:\/\/fmp-components.com\/it\/wp-json\/wp\/v2\/types\/product"}],"replies":[{"embeddable":true,"href":"https:\/\/fmp-components.com\/it\/wp-json\/wp\/v2\/comments?post=2751"}],"wp:featuredmedia":[{"embeddable":true,"href":"https:\/\/fmp-components.com\/it\/wp-json\/wp\/v2\/media\/2757"}],"wp:attachment":[{"href":"https:\/\/fmp-components.com\/it\/wp-json\/wp\/v2\/media?parent=2751"}],"wp:term":[{"taxonomy":"product_brand","embeddable":true,"href":"https:\/\/fmp-components.com\/it\/wp-json\/wp\/v2\/product_brand?post=2751"},{"taxonomy":"product_cat","embeddable":true,"href":"https:\/\/fmp-components.com\/it\/wp-json\/wp\/v2\/product_cat?post=2751"},{"taxonomy":"product_tag","embeddable":true,"href":"https:\/\/fmp-components.com\/it\/wp-json\/wp\/v2\/product_tag?post=2751"}],"curies":[{"name":"parola chiave","href":"https:\/\/api.w.org\/{rel}","templated":true}]}}