{"id":2633,"date":"2025-01-03T03:36:28","date_gmt":"2025-01-03T03:36:28","guid":{"rendered":"https:\/\/fmp-components.com\/?page_id=8"},"modified":"2025-01-03T03:37:26","modified_gmt":"2025-01-03T03:37:26","slug":"square-baler-gearbox-fmp-dfk45-for-big-square-baler","status":"publish","type":"product","link":"https:\/\/fmp-components.com\/it\/product\/square-baler-gearbox-fmp-dfk45-for-big-square-baler\/","title":{"rendered":"Riduttore per pressa quadra FMP-DFK45 per pressa quadra grande"},"content":{"rendered":"<h2>Dimensioni del riduttore per pressa quadra FMP-DFK45<\/h2>\n<p><img loading=\"lazy\" decoding=\"async\" class=\"alignnone size-full wp-image-2638\" src=\"https:\/\/fmp-components.com\/wp-content\/uploads\/2025\/01\/Square-Baler-Gearbox-EP-DFK45-Dimensions-1.webp\" alt=\"Square-Baler-Gearbox-FMP-DFK45-Dimensioni-1\" width=\"1256\" height=\"781\" title=\"\" srcset=\"https:\/\/fmp-components.com\/wp-content\/uploads\/2025\/01\/Square-Baler-Gearbox-EP-DFK45-Dimensions-1.webp 1256w, https:\/\/fmp-components.com\/wp-content\/uploads\/2025\/01\/Square-Baler-Gearbox-EP-DFK45-Dimensions-1-980x609.webp 980w, https:\/\/fmp-components.com\/wp-content\/uploads\/2025\/01\/Square-Baler-Gearbox-EP-DFK45-Dimensions-1-480x298.webp 480w\" sizes=\"(min-width: 0px) and (max-width: 480px) 480px, (min-width: 481px) and (max-width: 980px) 980px, (min-width: 981px) 1256px, 100vw\" \/> <img loading=\"lazy\" decoding=\"async\" class=\"alignnone size-full wp-image-2639\" src=\"https:\/\/fmp-components.com\/wp-content\/uploads\/2025\/01\/Square-Baler-Gearbox-EP-DFK45-Dimensions-2.webp\" alt=\"Square-Baler-Gearbox-FMP-DFK45-Dimensioni-2\" width=\"1196\" height=\"439\" title=\"\" srcset=\"https:\/\/fmp-components.com\/wp-content\/uploads\/2025\/01\/Square-Baler-Gearbox-EP-DFK45-Dimensions-2.webp 1196w, https:\/\/fmp-components.com\/wp-content\/uploads\/2025\/01\/Square-Baler-Gearbox-EP-DFK45-Dimensions-2-980x360.webp 980w, https:\/\/fmp-components.com\/wp-content\/uploads\/2025\/01\/Square-Baler-Gearbox-EP-DFK45-Dimensions-2-480x176.webp 480w\" sizes=\"(min-width: 0px) and (max-width: 480px) 480px, (min-width: 481px) and (max-width: 980px) 980px, (min-width: 981px) 1196px, 100vw\" \/><\/p>\n<h2>Dati tecnici del riduttore per pressa quadra FMP-DFK45<\/h2>\n<table style=\"width: 92.8%; height: 145px;\" border=\"1\" cellspacing=\"0\" cellpadding=\"0\">\n<tbody>\n<tr>\n<td colspan=\"3\" rowspan=\"2\">io<\/td>\n<td rowspan=\"2\">Adatto<\/td>\n<td>Ingresso giri\/min<\/td>\n<td>Uscita giri\/min<br \/>\ngiri\/min<\/td>\n<td colspan=\"2\">Energia<\/td>\n<td rowspan=\"2\">Dentatura<\/td>\n<\/tr>\n<tr>\n<td>giri\/min<\/td>\n<td>giri\/min<\/td>\n<td>chilo<\/td>\n<td>CV<\/td>\n<\/tr>\n<tr>\n<td colspan=\"3\">2.1: 1<\/td>\n<td>Grande pressa quadra<\/td>\n<td>266<\/td>\n<td>126<\/td>\n<td>45<\/td>\n<td>60<\/td>\n<td>Denti elicoidali Gleason<\/td>\n<\/tr>\n<tr>\n<td colspan=\"9\">Nota: se avete esigenze particolari non esitate a farmelo sapere, accettiamo anche personalizzazioni.<\/td>\n<\/tr>\n<\/tbody>\n<\/table>\n<h2>Componenti del riduttore per pressa quadra FMP-DFK45<\/h2>\n<p>Il cambio Square Baler Gearbox FMP-DFK45 \u00e8 un componente chiave nei macchinari agricoli su larga scala, in particolare per le imballatrici quadrate. Trasferisce in modo efficiente la potenza dal sistema PTO (Power Take-Off) di un trattore a vari meccanismi all&#039;interno della imballatrice, garantendo un funzionamento ottimale. Ecco i componenti tipici del cambio FMP-DFK45:<\/p>\n<p><strong>Albero di ingresso<\/strong><\/p>\n<ul>\n<li>Funzione: l&#039;albero di ingresso si collega al sistema PTO del trattore, trasferendo la potenza rotazionale al cambio.<\/li>\n<li>Progettazione: solitamente realizzati in acciaio ad alta resistenza per sopportare coppie e sollecitazioni elevate durante il funzionamento.<\/li>\n<\/ul>\n<p><strong>Ingranaggi principali (ingranaggi conici o cilindrici)<\/strong><\/p>\n<ul>\n<li>Funzione: Questi ingranaggi sono responsabili della trasmissione dell&#039;energia rotazionale dall&#039;albero di ingresso all&#039;albero di uscita, modificando velocit\u00e0 e coppia secondo necessit\u00e0.<\/li>\n<li>Design: progettato con precisione per un funzionamento regolare, riducendo l&#039;usura e garantendo un&#039;elevata efficienza.<\/li>\n<\/ul>\n<p><strong>Albero di uscita<\/strong><\/p>\n<ul>\n<li>Funzione: l&#039;albero di uscita trasferisce potenza ai sistemi operativi della pressa, come la camera di pressatura, la compattazione e i meccanismi di legatura.<\/li>\n<li>Progettazione: \u00e8 progettato per gestire le elevate richieste di coppia del processo di pressatura, spesso dotato di scanalature per un fissaggio sicuro a varie parti della pressa.<\/li>\n<\/ul>\n<p><strong>Cuscinetti<\/strong><\/p>\n<ul>\n<li>Funzione: i cuscinetti supportano gli alberi e gli ingranaggi in movimento, garantendo una rotazione fluida e riducendo l&#039;attrito.<\/li>\n<li>Progettazione: cuscinetti solitamente sigillati per impedire l&#039;ingresso di sporcizia, umidit\u00e0 e altri contaminanti che potrebbero causare usura.<\/li>\n<\/ul>\n<p>Quando si seleziona o si esegue la manutenzione del riduttore per pressa quadra FMP-DFK45, \u00e8 fondamentale assicurarsi che tutti i componenti siano adeguatamente lubrificati, sigillati e privi di usura, per mantenere l&#039;efficienza del riduttore e prolungarne la durata operativa.<\/p>\n<p><img loading=\"lazy\" decoding=\"async\" class=\"alignnone size-full wp-image-2640\" src=\"https:\/\/fmp-components.com\/wp-content\/uploads\/2025\/01\/Square-Baler-Gearbox-EP-DFK45-Applications.webp\" alt=\"Square-Baler-Gearbox-FMP-DFK45-Applicazioni\" width=\"1000\" height=\"620\" title=\"\" srcset=\"https:\/\/fmp-components.com\/wp-content\/uploads\/2025\/01\/Square-Baler-Gearbox-EP-DFK45-Applications.webp 1000w, https:\/\/fmp-components.com\/wp-content\/uploads\/2025\/01\/Square-Baler-Gearbox-EP-DFK45-Applications-980x608.webp 980w, https:\/\/fmp-components.com\/wp-content\/uploads\/2025\/01\/Square-Baler-Gearbox-EP-DFK45-Applications-480x298.webp 480w\" sizes=\"(min-width: 0px) and (max-width: 480px) 480px, (min-width: 481px) and (max-width: 980px) 980px, (min-width: 981px) 1000px, 100vw\" \/><\/p>\n<h2>Applicazioni del riduttore per presse quadrate FMP-DFK45<\/h2>\n<div class=\"group\/conversation-turn relative flex w-full min-w-0 flex-col agent-turn\">\n<div class=\"flex-col gap-1 md:gap-3\">\n<div class=\"flex max-w-full flex-col flex-grow\">\n<div class=\"min-h-8 text-message flex w-full flex-col items-end gap-2 whitespace-normal break-words text-start [.text-message+&amp;]:mt-5\" dir=\"auto\" data-message-author-role=\"assistant\" data-message-id=\"9455a869-4f3f-4093-8494-3ba86af706bc\" data-message-model-slug=\"gpt-4o\">\n<div class=\"flex w-full flex-col gap-1 empty:hidden first:pt-[3px]\">\n<div class=\"markdown prose w-full break-words dark:prose-invert light\">\n<p>Il cambio Square Baler Gearbox FMP-DFK45 \u00e8 specificamente progettato per soddisfare i severi requisiti dei macchinari agricoli, in particolare nel funzionamento di grandi imballatrici quadrate. Ecco le principali applicazioni per questo cambio:<\/p>\n<p><strong>Grandi macchine per presse quadrate<\/strong><\/p>\n<ul>\n<li>Applicazione principale: il riduttore FMP-DFK45 viene utilizzato principalmente nelle grandi macchine imballatrici quadrate, impiegate per raccogliere e compattare fieno, paglia o altri residui colturali in balle quadrate ordinate per lo stoccaggio e il trasporto.<\/li>\n<li>Funzione: facilita la trasmissione di potenza dal sistema PTO del trattore ai componenti interni della pressa, tra cui il raccoglitore, il meccanismo di alimentazione, la camera di compattazione e il sistema di legatura.<\/li>\n<\/ul>\n<p><strong>Raccolta di fieno e paglia<\/strong><\/p>\n<ul>\n<li>Applicazione nella fienagione: il riduttore viene utilizzato nelle presse quadrate che lavorano il fieno, assicurando che il raccolto venga adeguatamente compattato in balle dense e uniformi.<\/li>\n<li>Raccolta della paglia: simile al fieno, il riduttore \u00e8 fondamentale per compattare la paglia in balle quadrate gestibili, ottimizzando l&#039;efficienza di stoccaggio e trasporto.<\/li>\n<\/ul>\n<p><strong>Produzione di insilato (formazione di balle)<\/strong><\/p>\n<ul>\n<li>Applicazioni per insilato: nella produzione di insilato, in cui i raccolti vengono raccolti per l&#039;alimentazione del bestiame, il riduttore FMP-DFK45 supporta l&#039;imballaggio di vari materiali per insilato, come erba, mais o altre colture foraggere verdi, in balle quadrate.<\/li>\n<li>Densit\u00e0 e uniformit\u00e0 delle balle: garantisce l&#039;efficienza del processo di pressatura, producendo balle uniformemente dense per un&#039;efficace fermentazione dell&#039;insilato e una conservazione a lungo termine.<\/li>\n<\/ul>\n<p><strong>Raccolta del foraggio<\/strong><\/p>\n<ul>\n<li>Attrezzatura per foraggio: utilizzata nei grandi sistemi di raccolta del foraggio, la scatola del cambio aiuta a trasformare colture come erba medica, trifoglio e altri foraggi in balle quadrate per l&#039;alimentazione, lo stoccaggio o il trasporto successivi.<\/li>\n<li>Meccanismi di pressatura: nelle presse progettate per gestire foraggi pi\u00f9 pesanti o voluminosi, il cambio FMP-DFK45 assicura una trasmissione di potenza fluida per garantire una formazione di balle efficace e uniforme.<\/li>\n<\/ul>\n<p>Il cambio FMP-DFK45 \u00e8 un componente essenziale per ottimizzare le prestazioni e l&#039;efficienza delle grandi presse quadrate, supportando una gamma di applicazioni agricole che contribuiscono a una raccolta efficace, alla gestione dei residui e a pratiche agricole efficienti.<\/p>\n<p><img loading=\"lazy\" decoding=\"async\" class=\"alignnone size-full wp-image-2641\" src=\"https:\/\/fmp-components.com\/wp-content\/uploads\/2025\/01\/Square-Baler-Gearbox-EP-DFK45-for-Big-Square-Baler.webp\" alt=\"Scatola-riduttore-FMP-DFK45-per-pressa-quadrata-di-grandi-dimensioni\" width=\"1000\" height=\"510\" title=\"\" srcset=\"https:\/\/fmp-components.com\/wp-content\/uploads\/2025\/01\/Square-Baler-Gearbox-EP-DFK45-for-Big-Square-Baler.webp 1000w, https:\/\/fmp-components.com\/wp-content\/uploads\/2025\/01\/Square-Baler-Gearbox-EP-DFK45-for-Big-Square-Baler-980x500.webp 980w, https:\/\/fmp-components.com\/wp-content\/uploads\/2025\/01\/Square-Baler-Gearbox-EP-DFK45-for-Big-Square-Baler-480x245.webp 480w\" sizes=\"(min-width: 0px) and (max-width: 480px) 480px, (min-width: 481px) and (max-width: 980px) 980px, (min-width: 981px) 1000px, 100vw\" \/><\/p>\n<div class=\"group\/conversation-turn relative flex w-full min-w-0 flex-col agent-turn\">\n<div class=\"flex-col gap-1 md:gap-3\">\n<div class=\"flex max-w-full flex-col flex-grow\">\n<div class=\"min-h-8 text-message flex w-full flex-col items-end gap-2 whitespace-normal break-words text-start [.text-message+&amp;]:mt-5\" dir=\"auto\" data-message-author-role=\"assistant\" data-message-id=\"315fae6f-a490-45b4-9a83-c79e6de69105\" data-message-model-slug=\"gpt-4o\">\n<div class=\"flex w-full flex-col gap-1 empty:hidden first:pt-[3px]\">\n<div class=\"markdown prose w-full break-words dark:prose-invert light\">\n<h3>Informazioni su FMP<\/h3>\n<p>Con sede in Italia, FMP \u00e8 un produttore leader, ampiamente riconosciuto per la sua competenza nella progettazione, sviluppo e produzione di riduttori ad alte prestazioni. Specializzata nel settore delle macchine agricole, FMP si impegna a fornire soluzioni ingegnerizzate di precisione che rispondano alle esigenze dinamiche dei mercati agricoli e industriali. Il nostro portafoglio prodotti abbraccia un&#039;ampia gamma, tra cui riduttori specializzati per tosaerba, alberi cardanici e altri componenti critici, tutti meticolosamente progettati per offrire soluzioni su misura per diverse applicazioni.<\/p>\n<p>In FMP, riconosciamo che ogni cliente affronta sfide e requisiti unici. Questa comprensione guida il nostro impegno nel fornire soluzioni su misura, sia per singoli componenti che per sistemi completamente integrati. Attraverso una stretta collaborazione con i nostri clienti, garantiamo che ogni soluzione sia ottimizzata sia per le prestazioni che per l&#039;economicit\u00e0, offrendo valore in ogni fase. Le nostre risposte rapide e professionali, unite alla guida esperta, assicurano che ogni richiesta venga gestita con precisione, portando ai migliori risultati possibili.<\/p>\n<p>Diamo importanza a una comunicazione aperta e trasparente durante l&#039;intero processo di sviluppo del prodotto. Il nostro team lavora direttamente con i clienti per comprendere a fondo le loro esigenze, fornendo preziose informazioni e raccomandazioni che assicurano le soluzioni pi\u00f9 efficaci. Che si tratti di sviluppare prodotti innovativi o di evadere ordini in corso, FMP si impegna a consegnare prodotti di alta qualit\u00e0 e di precisione nei tempi previsti, ogni volta. Il nostro obiettivo \u00e8 superare le aspettative del cliente, garantendo i pi\u00f9 alti standard di servizio e risultati con ogni progetto.<\/p>\n<p>La qualit\u00e0 \u00e8 al centro di tutto ci\u00f2 che facciamo. Aderiamo ai pi\u00f9 rigorosi standard di produzione, implementando rigorosi processi di controllo qualit\u00e0 per garantire che ogni prodotto superi le norme del settore. La nostra incrollabile attenzione alla qualit\u00e0, insieme ai nostri valori fondamentali di integrit\u00e0, lavoro di squadra e perseveranza, ci ha permesso di costruire relazioni durature e basate sulla fiducia con i clienti in quasi 30 paesi in tutto il mondo.<\/p>\n<p>FMP si impegna a promuovere partnership globali e a offrire consulenza specialistica e soluzioni personalizzate che soddisfano le diverse esigenze dei nostri clienti. Andiamo oltre la semplice fornitura di prodotti: ci impegniamo a costruire relazioni durature che contribuiscano al successo di ogni progetto. Che tu abbia bisogno di soluzioni innovative per una nuova iniziativa o di supporto continuo per un sistema esistente, FMP \u00e8 qui per soddisfare le tue sfide tecniche e garantire il tuo successo continuo.<\/p>\n<\/div>\n<\/div>\n<\/div>\n<\/div>\n<\/div>\n<\/div>\n<p><img loading=\"lazy\" decoding=\"async\" class=\"alignnone size-full wp-image-1861\" src=\"https:\/\/fmp-components.com\/wp-content\/uploads\/2024\/12\/Other-Agricultural-Gearboxes.webp\" sizes=\"(min-width: 0px) and (max-width: 480px) 480px, (min-width: 481px) and (max-width: 980px) 980px, (min-width: 981px) 1200px, 100vw\" srcset=\"https:\/\/fmp-components.com\/wp-content\/uploads\/2024\/12\/Other-Agricultural-Gearboxes.webp 1200w, https:\/\/fmp-components.com\/wp-content\/uploads\/2024\/12\/Other-Agricultural-Gearboxes-980x1143.webp 980w, https:\/\/fmp-components.com\/wp-content\/uploads\/2024\/12\/Other-Agricultural-Gearboxes-480x560.webp 480w\" alt=\"Altri-cambi-agricoli\" width=\"1200\" height=\"1400\" title=\"\"><\/p>\n<p>Autore: CX<\/p>\n<\/div>\n<\/div>\n<\/div>\n<\/div>\n<\/div>\n<\/div>","protected":false},"excerpt":{"rendered":"<p>Square Baler Gearbox FMP-DFK45 Dimensions Square Baler Gearbox FMP-DFK45 Technical Data i Suitable Rpm input Rpm output r\/min Power Toothing r\/min r\/min kw hp 2.1: 1 Big Square Baler 266 126 45 60 Gleason Helical Teeth Remark: If you have any special require feel free let me know, we also accept custom. Components of Square [&hellip;]<\/p>","protected":false},"featured_media":2637,"comment_status":"open","ping_status":"closed","template":"","meta":{"_et_pb_use_builder":"","_et_pb_old_content":"","_et_gb_content_width":""},"product_brand":[],"product_cat":[62],"product_tag":[],"class_list":{"0":"post-2633","1":"product","2":"type-product","3":"status-publish","4":"has-post-thumbnail","6":"product_cat-square-baler-gearbox","8":"first","9":"instock","10":"shipping-taxable","11":"product-type-simple"},"_links":{"self":[{"href":"https:\/\/fmp-components.com\/it\/wp-json\/wp\/v2\/product\/2633","targetHints":{"allow":["GET"]}}],"collection":[{"href":"https:\/\/fmp-components.com\/it\/wp-json\/wp\/v2\/product"}],"about":[{"href":"https:\/\/fmp-components.com\/it\/wp-json\/wp\/v2\/types\/product"}],"replies":[{"embeddable":true,"href":"https:\/\/fmp-components.com\/it\/wp-json\/wp\/v2\/comments?post=2633"}],"wp:featuredmedia":[{"embeddable":true,"href":"https:\/\/fmp-components.com\/it\/wp-json\/wp\/v2\/media\/2637"}],"wp:attachment":[{"href":"https:\/\/fmp-components.com\/it\/wp-json\/wp\/v2\/media?parent=2633"}],"wp:term":[{"taxonomy":"product_brand","embeddable":true,"href":"https:\/\/fmp-components.com\/it\/wp-json\/wp\/v2\/product_brand?post=2633"},{"taxonomy":"product_cat","embeddable":true,"href":"https:\/\/fmp-components.com\/it\/wp-json\/wp\/v2\/product_cat?post=2633"},{"taxonomy":"product_tag","embeddable":true,"href":"https:\/\/fmp-components.com\/it\/wp-json\/wp\/v2\/product_tag?post=2633"}],"curies":[{"name":"parola chiave","href":"https:\/\/api.w.org\/{rel}","templated":true}]}}