{"id":2552,"date":"2025-01-02T06:41:12","date_gmt":"2025-01-02T06:41:12","guid":{"rendered":"https:\/\/fmp-components.com\/?page_id=8"},"modified":"2025-01-02T06:41:13","modified_gmt":"2025-01-02T06:41:13","slug":"feed-mixer-machines-gearboxes-replacement-of-comer-code-d-732a-11-1-411","status":"publish","type":"product","link":"https:\/\/fmp-components.com\/it\/product\/feed-mixer-machines-gearboxes-replacement-of-comer-code-d-732a-11-1-411\/","title":{"rendered":"Riduttori per macchine miscelatrici per mangimi \u2013 Sostituzione del codice Comer D-732A 1:1\/1.41:1"},"content":{"rendered":"<p><img loading=\"lazy\" decoding=\"async\" class=\"size-full wp-image-2554 aligncenter\" src=\"https:\/\/fmp-components.com\/wp-content\/uploads\/2025\/01\/Horizontal-Feed-Mixer-Gearbox-131.webp\" alt=\"Miscelatore orizzontale con riduttore\" width=\"800\" height=\"800\" title=\"\" srcset=\"https:\/\/fmp-components.com\/wp-content\/uploads\/2025\/01\/Horizontal-Feed-Mixer-Gearbox-131.webp 800w, https:\/\/fmp-components.com\/wp-content\/uploads\/2025\/01\/Horizontal-Feed-Mixer-Gearbox-131-480x480.webp 480w\" sizes=\"(min-width: 0px) and (max-width: 480px) 480px, (min-width: 481px) 800px, 100vw\" \/><\/p>\n<h2>Dimensioni del riduttore del miscelatore orizzontale D732A<\/h2>\n<p><img loading=\"lazy\" decoding=\"async\" class=\"alignnone size-full wp-image-2555\" src=\"https:\/\/fmp-components.com\/wp-content\/uploads\/2025\/01\/Horizontal-Feed-Mixer-Gearbox-D732A-Dimensions.webp\" alt=\"Riduttore-miscelatore-orizzontale-D732A-Dimensioni\" width=\"712\" height=\"390\" title=\"\" srcset=\"https:\/\/fmp-components.com\/wp-content\/uploads\/2025\/01\/Horizontal-Feed-Mixer-Gearbox-D732A-Dimensions.webp 712w, https:\/\/fmp-components.com\/wp-content\/uploads\/2025\/01\/Horizontal-Feed-Mixer-Gearbox-D732A-Dimensions-480x263.webp 480w\" sizes=\"(min-width: 0px) and (max-width: 480px) 480px, (min-width: 481px) 712px, 100vw\" \/><\/p>\n<h2>Specifiche del prodotto:<\/h2>\n<table class=\"kh-1xzm1su\" border=\"1\" cellspacing=\"0\" cellpadding=\"0\" data-intent=\"lists-product-attributes\" data-test-id=\"attributes-list\">\n<tbody class=\"kh-1ago99h\">\n<tr id=\"alexis#custom#item-id\" class=\"kh-bwvum6\" data-test-id=\"attribute-row\">\n<th class=\"kh-10oizfy\">Descrizione del prodotto<\/th>\n<td class=\"kh-1f5nhat\">\n<div class=\"kh-pkx4zo\">Riduttore per miscelatore orizzontale - Sostituzione del riduttore Comer D732A<\/div>\n<\/td>\n<\/tr>\n<tr id=\"attProductDetails\" class=\"kh-bwvum6\" data-test-id=\"attribute-row\">\n<th class=\"kh-10oizfy\">Dettagli del prodotto<\/th>\n<td class=\"kh-1f5nhat\">\n<ul>\n<li class=\"kh-16zd49f\">Contattaci per potenza a un RPM diverso<\/li>\n<li class=\"kh-16zd49f\">Il cambio viene consegnato senza olio e deve essere riempito prima del primo utilizzo.<\/li>\n<li class=\"kh-16zd49f\">Primo cambio dell&#039;olio dopo 50-70 ore di funzionamento, poi dopo 500-700 ore di funzionamento o almeno una volta all&#039;anno.<\/li>\n<\/ul>\n<\/td>\n<\/tr>\n<tr id=\"attApplicationRange\" class=\"kh-bwvum6\" data-test-id=\"attribute-row\">\n<th class=\"kh-10oizfy\">Campo di applicazione<\/th>\n<td class=\"kh-1f5nhat\">\n<div class=\"kh-pkx4zo\">Carro miscelatore<\/div>\n<\/td>\n<\/tr>\n<tr id=\"attConsistsOf\" class=\"kh-bwvum6\" data-test-id=\"attribute-row\">\n<th class=\"kh-10oizfy\">Consiste in<\/th>\n<td class=\"kh-1f5nhat\">\n<ul>\n<li class=\"kh-16zd49f\">Cambio<\/li>\n<li class=\"kh-16zd49f\">Senza olio<\/li>\n<\/ul>\n<\/td>\n<\/tr>\n<tr id=\"taMaxInputPowerKw\" class=\"kh-bwvum6\" data-test-id=\"attribute-row\">\n<th class=\"kh-10oizfy\">Potenza massima in ingresso<\/th>\n<td class=\"kh-1f5nhat\">\n<div class=\"kh-pkx4zo\">59 kW<\/div>\n<\/td>\n<\/tr>\n<tr id=\"taMaxOutputPowerHp\" class=\"kh-bwvum6\" data-test-id=\"attribute-row\">\n<th class=\"kh-10oizfy\">Potenza di uscita massima<\/th>\n<td class=\"kh-1f5nhat\">\n<div class=\"kh-pkx4zo\">80 CV<\/div>\n<\/td>\n<\/tr>\n<tr id=\"taConnect1OutsideDiameterInch\" class=\"kh-bwvum6\" data-test-id=\"attribute-row\">\n<th class=\"kh-10oizfy\">Attacco 1 diametro esterno<\/th>\n<td class=\"kh-1f5nhat\">\n<div class=\"kh-pkx4zo\">1-3\/8 pollici<\/div>\n<\/td>\n<\/tr>\n<tr id=\"taConnect1SplinesNumber\" class=\"kh-bwvum6\" data-test-id=\"attribute-row\">\n<th class=\"kh-10oizfy\">Connessione 1 numero di spline<\/th>\n<td class=\"kh-1f5nhat\">\n<div class=\"kh-pkx4zo\">6<\/div>\n<\/td>\n<\/tr>\n<tr id=\"taConnect2OutsideDiameterInch\" class=\"kh-bwvum6\" data-test-id=\"attribute-row\">\n<th class=\"kh-10oizfy\">Diametro esterno attacco 2<\/th>\n<td class=\"kh-1f5nhat\">\n<div class=\"kh-pkx4zo\">1-3\/4 pollici<\/div>\n<\/td>\n<\/tr>\n<tr id=\"taConnect2SplinesNumber\" class=\"kh-bwvum6\" data-test-id=\"attribute-row\">\n<th class=\"kh-10oizfy\">Connessione 2 numero di spline<\/th>\n<td class=\"kh-1f5nhat\">\n<div class=\"kh-pkx4zo\">6<\/div>\n<\/td>\n<\/tr>\n<tr id=\"taContainsOil\" class=\"kh-bwvum6\" data-test-id=\"attribute-row\">\n<th class=\"kh-10oizfy\">Contiene olio<\/th>\n<td class=\"kh-1f5nhat\">\n<div class=\"kh-pkx4zo\">NO<\/div>\n<\/td>\n<\/tr>\n<tr id=\"taMaxOilCapacityL\" class=\"kh-bwvum6\" data-test-id=\"attribute-row\">\n<th class=\"kh-10oizfy\">Capacit\u00e0 massima dell&#039;olio<\/th>\n<td class=\"kh-1f5nhat\">\n<div class=\"kh-pkx4zo\">5,6 litri<\/div>\n<\/td>\n<\/tr>\n<tr id=\"taMaxOilChangeIntervalH\" class=\"kh-bwvum6\" data-test-id=\"attribute-row\">\n<th class=\"kh-10oizfy\">Intervallo massimo di cambio dell&#039;olio<\/th>\n<td class=\"kh-1f5nhat\">\n<div class=\"kh-pkx4zo\">500 ore<\/div>\n<\/td>\n<\/tr>\n<tr id=\"taOilSAEViscosityGrade\" class=\"kh-bwvum6\" data-test-id=\"attribute-row\">\n<th class=\"kh-10oizfy\">Grado di viscosit\u00e0 SAE dell&#039;olio<\/th>\n<td class=\"kh-1f5nhat\">\n<div class=\"kh-pkx4zo\">Olio per unghie 80W-90<\/div>\n<\/td>\n<\/tr>\n<tr id=\"taHousingMaterial_16\" class=\"kh-bwvum6\" data-test-id=\"attribute-row\">\n<th class=\"kh-10oizfy\">Materiale dell&#039;alloggiamento<\/th>\n<td class=\"kh-1f5nhat\">\n<div class=\"kh-pkx4zo\">Ghisa GG25<\/div>\n<\/td>\n<\/tr>\n<tr id=\"taWeightKg_75\" class=\"kh-bwvum6\" data-test-id=\"attribute-row\">\n<th class=\"kh-10oizfy\">Peso<\/th>\n<td class=\"kh-1f5nhat\">\n<div class=\"kh-pkx4zo\">63 chili<\/div>\n<\/td>\n<\/tr>\n<\/tbody>\n<\/table>\n<h3>Vantaggi dell&#039;utilizzo del riduttore per miscelatore orizzontale D732A<\/h3>\n<ol>\n<li><strong>Efficienza di miscelazione migliorata<\/strong><br \/>\nIl riduttore D732A del miscelatore di mangimi orizzontale \u00e8 specificamente progettato per fornire eccellenti prestazioni di miscelazione. Con la sua elevata coppia e l&#039;efficiente trasmissione di potenza, assicura una miscelazione uniforme e costante degli ingredienti del mangime. Ci\u00f2 porta a una miscelazione pi\u00f9 efficace, migliorando la qualit\u00e0 complessiva e il valore nutrizionale del mangime.<\/li>\n<li><strong>Costruzione durevole e affidabile<\/strong><br \/>\nIl riduttore \u00e8 costruito con materiali ad alta resistenza che possono sopportare le dure condizioni di lavoro della miscelazione dei mangimi. Il suo design robusto assicura una lunga durata, anche in operazioni pesanti, riducendo la necessit\u00e0 di frequenti manutenzioni o sostituzioni di parti e aumentando la durata complessiva dell&#039;attrezzatura.<\/li>\n<li><strong>Efficienza energetica<\/strong><br \/>\nIl riduttore D732A \u00e8 progettato per ottimizzare il consumo di energia, garantendo un uso efficiente dell&#039;energia mantenendo un&#039;elevata produzione. Questo design a risparmio energetico aiuta a ridurre i costi operativi, rendendolo una scelta conveniente per le aziende che si affidano a operazioni di miscelazione a alimentazione continua.<\/li>\n<li><strong>Funzionamento regolare e basse vibrazioni<\/strong><br \/>\nGrazie alla sua ingegneria avanzata, il cambio D732A assicura un funzionamento regolare con vibrazioni minime, fornendo prestazioni stabili. Ci\u00f2 non solo aumenta l&#039;affidabilit\u00e0 del mixer, ma contribuisce anche al comfort e alla sicurezza degli operatori, riducendo il rischio di guasti meccanici e migliorando l&#039;efficienza operativa.<\/li>\n<li><strong>Versatilit\u00e0 nelle applicazioni<\/strong><br \/>\nIl riduttore D732A \u00e8 adatto a un&#039;ampia gamma di applicazioni di miscelazione dei mangimi. Che si tratti di produzione agricola, zootecnica o industriale di mangimi, questo riduttore offre la flessibilit\u00e0 necessaria per soddisfare diverse esigenze operative. La sua adattabilit\u00e0 a diversi sistemi di miscelazione lo rende una scelta ideale per vari processi di produzione di mangimi.<\/li>\n<\/ol>\n<p>Questi vantaggi rendono il riduttore per miscelatore orizzontale D732A una risorsa preziosa per le aziende del settore agricolo, garantendo prestazioni ottimali, durata ed efficienza nella produzione di mangimi.<\/p>\n<p><img loading=\"lazy\" decoding=\"async\" class=\"alignnone  wp-image-2553\" src=\"https:\/\/fmp-components.com\/wp-content\/uploads\/2025\/01\/Horizontal-Feed-Mixer-Gearbox-141.webp\" alt=\"Miscelatore orizzontale con riduttore\" width=\"941\" height=\"941\" title=\"\" srcset=\"https:\/\/fmp-components.com\/wp-content\/uploads\/2025\/01\/Horizontal-Feed-Mixer-Gearbox-141.webp 941w, https:\/\/fmp-components.com\/wp-content\/uploads\/2025\/01\/Horizontal-Feed-Mixer-Gearbox-141-480x480.webp 480w\" sizes=\"(min-width: 0px) and (max-width: 480px) 480px, (min-width: 481px) 941px, 100vw\" \/><\/p>\n<h3>Componenti principali del cambio del miscelatore orizzontale azionato dalla presa di forza del trattore<\/h3>\n<ol>\n<li><strong>Ingresso albero cardanico<\/strong><br \/>\nL&#039;ingresso dell&#039;albero PTO (Power Take-Off) \u00e8 il punto di collegamento chiave tra il trattore e il cambio del miscelatore. Trasferisce la potenza meccanica dal motore del trattore al cambio, consentendo l&#039;operazione di miscelazione. L&#039;albero PTO assicura una trasmissione fluida dell&#039;energia, consentendo al cambio di funzionare in modo efficiente.<\/li>\n<li><strong>Ingranaggi elicoidali<\/strong><br \/>\nIl riduttore del miscelatore di alimentazione orizzontale incorpora tipicamente ingranaggi elicoidali, che garantiscono un funzionamento pi\u00f9 fluido e silenzioso rispetto ad altri tipi di ingranaggi. Questi ingranaggi sono progettati per gestire carichi di coppia elevati e garantire un&#039;efficiente trasmissione di potenza, riducendo l&#039;usura durante il funzionamento continuo.<\/li>\n<li><strong>Alloggiamento<\/strong><br \/>\nIL <strong>scatola del cambio<\/strong> \u00e8 la cassa esterna che contiene tutti i componenti interni, come ingranaggi, alberi e cuscinetti. Di solito \u00e8 realizzata in materiali durevoli come ghisa o acciaio ad alta resistenza, assicurando che il cambio sia robusto e in grado di resistere alle difficili condizioni degli ambienti agricoli.<\/li>\n<li><strong>Cuscinetti<\/strong><br \/>\n<strong>Cuscinetti<\/strong> sono componenti critici che supportano gli alberi rotanti e riducono l&#039;attrito all&#039;interno del cambio. Garantiscono un funzionamento regolare e riducono al minimo l&#039;usura, consentendo al cambio di funzionare in modo affidabile per lunghi periodi senza eccessiva manutenzione.<\/li>\n<li><strong>Albero di uscita<\/strong><br \/>\nIL <strong>albero di uscita<\/strong> \u00e8 collegato alla coclea di miscelazione o ad altri componenti del miscelatore di alimentazione. Trasmette la potenza dal cambio al meccanismo di miscelazione, consentendo agli ingredienti di alimentazione di essere miscelati in modo efficiente. L&#039;albero di uscita deve essere progettato per gestire la coppia e la velocit\u00e0 di rotazione richieste per prestazioni di miscelazione ottimali.<\/li>\n<\/ol>\n<p>Questi componenti chiave lavorano insieme per garantire che il cambio del miscelatore orizzontale azionato dalla presa di forza del trattore funzioni in modo fluido, efficiente e affidabile, garantendo prestazioni ottimali nelle applicazioni di miscelazione agricola.<\/p>\n<p><img loading=\"lazy\" decoding=\"async\" class=\"alignnone size-full wp-image-2556\" src=\"https:\/\/fmp-components.com\/wp-content\/uploads\/2025\/01\/PTO-Shaft-for-Horizontal-Feed-Mixer-Gearbox1.webp\" alt=\"Albero cardanico per cambio miscelatore orizzontale\" width=\"1178\" height=\"600\" title=\"\" srcset=\"https:\/\/fmp-components.com\/wp-content\/uploads\/2025\/01\/PTO-Shaft-for-Horizontal-Feed-Mixer-Gearbox1.webp 1178w, https:\/\/fmp-components.com\/wp-content\/uploads\/2025\/01\/PTO-Shaft-for-Horizontal-Feed-Mixer-Gearbox1-980x499.webp 980w, https:\/\/fmp-components.com\/wp-content\/uploads\/2025\/01\/PTO-Shaft-for-Horizontal-Feed-Mixer-Gearbox1-480x244.webp 480w\" sizes=\"(min-width: 0px) and (max-width: 480px) 480px, (min-width: 481px) and (max-width: 980px) 980px, (min-width: 981px) 1178px, 100vw\" \/><\/p>\n<h3>Principio di funzionamento dei riduttori delle macchine miscelatrici per mangimi<\/h3>\n<p>Le macchine miscelatrici per mangimi sono fondamentali per miscelare diversi tipi di mangimi per animali, per garantire una consistenza uniforme e un valore nutrizionale. Il riduttore svolge un ruolo chiave nell&#039;alimentazione del meccanismo di miscelazione dei mangimi. Di seguito \u00e8 riportato il principio di funzionamento dei riduttori delle macchine miscelatrici per mangimi:<br \/>\n1. <strong>Trasmissione di potenza dal trattore o motore al cambio<\/strong><\/p>\n<ul>\n<li>A seconda del modello del miscelatore, il cambio \u00e8 azionato dalla presa di forza del trattore o da un motore elettrico.<\/li>\n<li>Nei miscelatori azionati dalla presa di forza, l&#039;albero della presa di forza collegato al trattore trasferisce la potenza rotazionale dal motore del trattore al cambio.<\/li>\n<li>Nei sistemi azionati da motore elettrico, il motore aziona direttamente il riduttore tramite un giunto.<\/li>\n<\/ul>\n<p>2. <strong>Riduzione della velocit\u00e0 e amplificazione della coppia<\/strong><\/p>\n<ul>\n<li>Il riduttore serve a ridurre la velocit\u00e0 della potenza rotazionale in entrata, aumentando contemporaneamente la coppia. Ci\u00f2 \u00e8 essenziale per azionare le pesanti pale di miscelazione o le coclee all&#039;interno del miscelatore di alimentazione.<\/li>\n<li>Il meccanismo di ingranaggi, solitamente composto da ingranaggi elicoidali, conici o planetari, riduce la velocit\u00e0 di rotazione della fonte di alimentazione e fornisce la velocit\u00e0 di uscita ottimale richiesta per la miscelazione.<\/li>\n<\/ul>\n<p>3. <strong>Rotazione delle coclee o pale di miscelazione<\/strong><\/p>\n<ul>\n<li>L&#039;albero di uscita del riduttore si collega alla coclea di miscelazione o alle lame, che sono i componenti principali responsabili dello spostamento e della miscelazione degli ingredienti del mangime.<\/li>\n<li>Quando il riduttore trasmette potenza alla coclea o alle lame, il meccanismo di miscelazione inizia a ruotare, sollevando e facendo rotolare i materiali di alimentazione per garantire una distribuzione uniforme e una miscelazione accurata.<\/li>\n<li>Il movimento rotatorio delle coclee o delle lame crea un effetto di taglio che rompe i grumi degli ingredienti del mangime, garantendo una miscela uniforme.<\/li>\n<\/ul>\n<p>4. <strong>Movimentazione efficiente dei materiali<\/strong><\/p>\n<ul>\n<li>Il riduttore garantisce che la velocit\u00e0 di rotazione delle coclee o delle lame sia costante e gestibile, consentendo una movimentazione efficiente dei materiali.<\/li>\n<li>La progettazione del riduttore consente di miscelare accuratamente i materiali di alimentazione senza sforzi eccessivi o sovraccarichi del motore o dell&#039;albero della presa di forza.<\/li>\n<\/ul>\n<p>5. <strong>Flusso di potenza continuo<\/strong><\/p>\n<ul>\n<li>Un riduttore per miscelatore di mangimi garantisce un flusso di potenza continuo dall&#039;ingresso (albero cardanico o motore) all&#039;uscita (meccanismo di miscelazione) durante il funzionamento.<\/li>\n<li>A seconda del design, il cambio pu\u00f2 includere caratteristiche quali la protezione da sovraccarico, per garantire che eventuali sforzi eccessivi o blocchi nel sistema non danneggino il cambio.<\/li>\n<\/ul>\n<p>In sintesi, il principio di funzionamento dei riduttori delle macchine miscelatrici per mangimi prevede la trasmissione di potenza dal trattore o dal motore al riduttore, che riduce la velocit\u00e0 e amplifica la coppia per azionare le coclee o le lame di miscelazione. Il riduttore assicura una miscelazione efficiente e uniforme azionando le lame o le coclee, assicurando che gli ingredienti del mangime siano miscelati uniformemente fino alla consistenza desiderata. Anche i meccanismi di lubrificazione e raffreddamento adeguati contribuiscono al funzionamento regolare del riduttore durante l&#039;intero processo.<\/p>\n<p><img loading=\"lazy\" decoding=\"async\" class=\"alignnone  wp-image-2557\" src=\"https:\/\/fmp-components.com\/wp-content\/uploads\/2025\/01\/Horizontal-Feed-Mixer-Gearbox-321.webp\" alt=\"Miscelatore orizzontale con riduttore\" width=\"928\" height=\"928\" title=\"\" srcset=\"https:\/\/fmp-components.com\/wp-content\/uploads\/2025\/01\/Horizontal-Feed-Mixer-Gearbox-321.webp 928w, https:\/\/fmp-components.com\/wp-content\/uploads\/2025\/01\/Horizontal-Feed-Mixer-Gearbox-321-480x480.webp 480w\" sizes=\"(min-width: 0px) and (max-width: 480px) 480px, (min-width: 481px) 928px, 100vw\" \/><\/p>\n<h3>Informazioni su FMP<\/h3>\n<p>Con sede in Italia, FMP \u00e8 un produttore leader rinomato per la sua competenza nella progettazione, sviluppo e produzione di riduttori ad alte prestazioni, con particolare attenzione al settore delle macchine agricole. Con una reputazione di ingegneria di precisione, soluzioni innovative e affidabilit\u00e0 incrollabile, FMP \u00e8 diventato un partner di fiducia nell&#039;affrontare le esigenze in continua evoluzione dei settori agricolo e industriale. La nostra gamma di prodotti diversificata include riduttori specializzati per tosaerba, alberi cardanici e altri componenti essenziali, tutti meticolosamente progettati per fornire soluzioni personalizzate in un ampio spettro di applicazioni.<\/p>\n<p>In FMP, sappiamo che ogni cliente ha esigenze e sfide uniche. Ecco perch\u00e9 siamo specializzati nell&#039;offrire soluzioni su misura, sia per singoli componenti che per sistemi completamente integrati. Lavoriamo in stretta collaborazione con i nostri clienti per garantire che ogni soluzione non sia solo efficace ma anche efficiente, ottimizzando sia le prestazioni che il valore. Il nostro impegno nel fornire risposte rapide e professionali, insieme a una guida esperta, garantisce che ogni richiesta venga trattata con la massima cura e precisione, portando ai migliori risultati possibili.<\/p>\n<p>Diamo priorit\u00e0 alla comunicazione aperta e continua durante l&#039;intero processo di sviluppo del prodotto. Il nostro team dedicato lavora direttamente con i clienti per comprendere appieno le loro esigenze specifiche, offrendo preziosi spunti e raccomandazioni per garantire soluzioni ottimali. Che si tratti di progettare prodotti innovativi o di evadere ordini in corso, FMP si impegna a fornire soluzioni di alta qualit\u00e0 e di precisione nei tempi previsti, ogni volta. Il nostro obiettivo \u00e8 fornire ai clienti il miglior servizio e i migliori risultati, superando le aspettative con ogni progetto.<\/p>\n<p>La qualit\u00e0 \u00e8 la pietra angolare delle operazioni di FMP. Aderiamo ai pi\u00f9 elevati standard di produzione, implementando rigorose misure di controllo qualit\u00e0 per garantire che ogni prodotto non solo soddisfi ma superi gli standard del settore. Questo impegno incrollabile per la qualit\u00e0, unito ai nostri valori fondamentali di integrit\u00e0, lavoro di squadra e perseveranza, ci ha permesso di costruire relazioni durature e basate sulla fiducia con i clienti in quasi 30 paesi in tutto il mondo.<\/p>\n<p>FMP \u00e8 sempre aperta a promuovere partnership globali e rimane impegnata a offrire consulenza specialistica e soluzioni personalizzate che soddisfino le diverse esigenze dei nostri clienti. Andiamo oltre la semplice fornitura di prodotti; puntiamo a costruire relazioni durature che contribuiscano al successo di ogni progetto. Che tu abbia bisogno di soluzioni innovative per una nuova iniziativa o di supporto continuo per un sistema esistente, FMP \u00e8 qui per affrontare le tue sfide tecniche e garantire il tuo successo continuo.<\/p>\n<p><img loading=\"lazy\" decoding=\"async\" class=\"alignnone size-full wp-image-1861\" src=\"https:\/\/fmp-components.com\/wp-content\/uploads\/2024\/12\/Other-Agricultural-Gearboxes.webp\" sizes=\"(min-width: 0px) and (max-width: 480px) 480px, (min-width: 481px) and (max-width: 980px) 980px, (min-width: 981px) 1200px, 100vw\" srcset=\"https:\/\/fmp-components.com\/wp-content\/uploads\/2024\/12\/Other-Agricultural-Gearboxes.webp 1200w, https:\/\/fmp-components.com\/wp-content\/uploads\/2024\/12\/Other-Agricultural-Gearboxes-980x1143.webp 980w, https:\/\/fmp-components.com\/wp-content\/uploads\/2024\/12\/Other-Agricultural-Gearboxes-480x560.webp 480w\" alt=\"Altri-cambi-agricoli\" width=\"1200\" height=\"1400\" title=\"\"><\/p>\n<p>Autore: CX<\/p>\n<p>&nbsp;<\/p>","protected":false},"excerpt":{"rendered":"<p>Horizontal Feed Mixer Gearbox D732A Dimensions Product Specifications: Product Description Horizontal Feed Mixer Gearbox-Replacement of Comer D732A Gearbox Product details Contact us for power at a different RPM The gearbox is delivered without oil and must be filled before first use. First oil change after 50-70 operating hours, then after 500-700 operating hours or at [&hellip;]<\/p>","protected":false},"featured_media":2553,"comment_status":"open","ping_status":"closed","template":"","meta":{"_et_pb_use_builder":"","_et_pb_old_content":"","_et_gb_content_width":""},"product_brand":[],"product_cat":[60],"product_tag":[],"class_list":{"0":"post-2552","1":"product","2":"type-product","3":"status-publish","4":"has-post-thumbnail","6":"product_cat-feed-mixer-gearbox","8":"first","9":"instock","10":"shipping-taxable","11":"product-type-simple"},"_links":{"self":[{"href":"https:\/\/fmp-components.com\/it\/wp-json\/wp\/v2\/product\/2552","targetHints":{"allow":["GET"]}}],"collection":[{"href":"https:\/\/fmp-components.com\/it\/wp-json\/wp\/v2\/product"}],"about":[{"href":"https:\/\/fmp-components.com\/it\/wp-json\/wp\/v2\/types\/product"}],"replies":[{"embeddable":true,"href":"https:\/\/fmp-components.com\/it\/wp-json\/wp\/v2\/comments?post=2552"}],"wp:featuredmedia":[{"embeddable":true,"href":"https:\/\/fmp-components.com\/it\/wp-json\/wp\/v2\/media\/2553"}],"wp:attachment":[{"href":"https:\/\/fmp-components.com\/it\/wp-json\/wp\/v2\/media?parent=2552"}],"wp:term":[{"taxonomy":"product_brand","embeddable":true,"href":"https:\/\/fmp-components.com\/it\/wp-json\/wp\/v2\/product_brand?post=2552"},{"taxonomy":"product_cat","embeddable":true,"href":"https:\/\/fmp-components.com\/it\/wp-json\/wp\/v2\/product_cat?post=2552"},{"taxonomy":"product_tag","embeddable":true,"href":"https:\/\/fmp-components.com\/it\/wp-json\/wp\/v2\/product_tag?post=2552"}],"curies":[{"name":"parola chiave","href":"https:\/\/api.w.org\/{rel}","templated":true}]}}