{"id":2476,"date":"2025-01-01T08:57:07","date_gmt":"2025-01-01T08:57:07","guid":{"rendered":"https:\/\/fmp-components.com\/?page_id=8"},"modified":"2025-01-02T01:23:56","modified_gmt":"2025-01-02T01:23:56","slug":"round-baler-gearbox-replacement-of-comer-code-t-292e","status":"publish","type":"product","link":"https:\/\/fmp-components.com\/it\/product\/round-baler-gearbox-replacement-of-comer-code-t-292e\/","title":{"rendered":"Scatola ingranaggi per rotopresse \u2013 Sostituzione del codice Comer T-292E"},"content":{"rendered":"<p><img loading=\"lazy\" decoding=\"async\" class=\"size-full wp-image-2477 aligncenter\" src=\"https:\/\/fmp-components.com\/wp-content\/uploads\/2025\/01\/round-baler-gearbox-t292e-11.webp\" alt=\"scatola-riduttore-rotopressa-t292e-1(1)\" width=\"372\" height=\"300\" title=\"\" srcset=\"https:\/\/fmp-components.com\/wp-content\/uploads\/2025\/01\/round-baler-gearbox-t292e-11.webp 372w, https:\/\/fmp-components.com\/wp-content\/uploads\/2025\/01\/round-baler-gearbox-t292e-11-300x242.webp 300w, https:\/\/fmp-components.com\/wp-content\/uploads\/2025\/01\/round-baler-gearbox-t292e-11-15x12.webp 15w\" sizes=\"(max-width: 372px) 100vw, 372px\" \/><\/p>\n<h2>Specifiche del riduttore per imballatrice rotonda T292E<\/h2>\n<p><img loading=\"lazy\" decoding=\"async\" class=\"alignnone wp-image-2478\" src=\"https:\/\/fmp-components.com\/wp-content\/uploads\/2025\/01\/china-round-baler-gearbox-details-T292E.webp\" alt=\"Cina-rotopressa-riduttore-dettagli-T292E\" width=\"911\" height=\"811\" title=\"\" srcset=\"https:\/\/fmp-components.com\/wp-content\/uploads\/2025\/01\/china-round-baler-gearbox-details-T292E.webp 911w, https:\/\/fmp-components.com\/wp-content\/uploads\/2025\/01\/china-round-baler-gearbox-details-T292E-480x427.webp 480w\" sizes=\"(min-width: 0px) and (max-width: 480px) 480px, (min-width: 481px) 911px, 100vw\" \/><\/p>\n<table style=\"width: 98.5091%; height: 503px;\" border=\"1\">\n<tbody>\n<tr>\n<td><strong>io<\/strong><\/td>\n<td>1.86<\/td>\n<\/tr>\n<tr>\n<td><strong>N<sub>1<\/sub>[giri al minuto]<\/strong><\/td>\n<td>540<\/td>\n<\/tr>\n<tr>\n<td><strong>P<sub>1<\/sub>[kW]<\/strong><\/td>\n<td>47.7<\/td>\n<\/tr>\n<tr>\n<td><strong>M<sub>2<\/sub>[Nichel]<\/strong><\/td>\n<td>&#8211;<\/td>\n<\/tr>\n<tr>\n<td><strong>Albero X<br \/>\n<img loading=\"lazy\" decoding=\"async\" class=\"size-full wp-image-2473 aligncenter\" src=\"https:\/\/fmp-components.com\/wp-content\/uploads\/2025\/01\/shaft-x.webp\" alt=\"albero-x\" width=\"81\" height=\"78\" title=\"\" srcset=\"https:\/\/fmp-components.com\/wp-content\/uploads\/2025\/01\/shaft-x.webp 81w, https:\/\/fmp-components.com\/wp-content\/uploads\/2025\/01\/shaft-x-12x12.webp 12w\" sizes=\"(max-width: 81px) 100vw, 81px\" \/><br \/>\n<\/strong><\/td>\n<td>\u00a01&quot; 3\/8 Z6<\/td>\n<\/tr>\n<tr>\n<td><strong>Albero Y<img loading=\"lazy\" decoding=\"async\" class=\"size-full wp-image-2473 aligncenter\" src=\"https:\/\/fmp-components.com\/wp-content\/uploads\/2025\/01\/shaft-x.webp\" alt=\"albero-x\" width=\"81\" height=\"78\" title=\"\" srcset=\"https:\/\/fmp-components.com\/wp-content\/uploads\/2025\/01\/shaft-x.webp 81w, https:\/\/fmp-components.com\/wp-content\/uploads\/2025\/01\/shaft-x-12x12.webp 12w\" sizes=\"(max-width: 81px) 100vw, 81px\" \/><\/strong><\/td>\n<td>1&quot; 3\/8 Z6<\/td>\n<\/tr>\n<tr>\n<td><strong>Albero Z<img loading=\"lazy\" decoding=\"async\" class=\"size-full wp-image-2480 aligncenter\" src=\"https:\/\/fmp-components.com\/wp-content\/uploads\/2025\/01\/shaft1.webp\" alt=\"lancia\" width=\"83\" height=\"83\" title=\"\" srcset=\"https:\/\/fmp-components.com\/wp-content\/uploads\/2025\/01\/shaft1.webp 83w, https:\/\/fmp-components.com\/wp-content\/uploads\/2025\/01\/shaft1-12x12.webp 12w\" sizes=\"(max-width: 83px) 100vw, 83px\" \/><\/strong><\/td>\n<td>L200 \u03a655<\/td>\n<\/tr>\n<tr>\n<td><strong>Ingresso<\/strong><\/td>\n<td>X<\/td>\n<\/tr>\n<\/tbody>\n<\/table>\n<h2>Caratteristiche del riduttore della rotopressa<\/h2>\n<p>Il riduttore per rotopresse \u00e8 un componente fondamentale nei macchinari agricoli per l&#039;imballaggio, che garantisce il funzionamento efficace delle rotopresse. Di seguito sono riportate le caratteristiche principali di un tipico riduttore per rotopresse, progettato per migliorare prestazioni, durata e affidabilit\u00e0:<\/p>\n<p><strong>Elevata capacit\u00e0 di coppia<\/strong><\/p>\n<p>I riduttori delle rotopresse sono progettati per fornire una coppia elevata, consentendo alla pressa di gestire in modo efficiente grandi volumi di materiale raccolto, tra cui fieno, paglia e insilato. L&#039;elevata coppia in uscita assicura che la pressa possa funzionare senza problemi, anche in condizioni di carico pesante.<\/p>\n<ul>\n<li>Vantaggio: fornisce un&#039;alimentazione costante e affidabile per colture dense e molto umide, riducendo il rischio di sovraccarico.<\/li>\n<\/ul>\n<p><strong>Costruzione robusta<\/strong><\/p>\n<p>I riduttori per rotopresse sono realizzati con materiali ad alta resistenza che possono sopportare le difficili condizioni delle operazioni agricole. L&#039;alloggiamento e gli ingranaggi resistenti assicurano prestazioni durature, anche in ambienti difficili come condizioni meteorologiche avverse, umidit\u00e0 e situazioni di alta pressione.<\/p>\n<ul>\n<li>Vantaggio: massimizza la durata e riduce al minimo il rischio di guasti, riducendo i tempi di fermo e i costi di manutenzione.<\/li>\n<\/ul>\n<p><strong>Rapporto di trasmissione preciso (ad esempio, 1:3 o 1:4)<\/strong><\/p>\n<p>Il rapporto di trasmissione di un riduttore di una rotopressa \u00e8 ottimizzato per bilanciare coppia e velocit\u00e0. Rapporti comuni come 1:3 o 1:4 forniscono la giusta quantit\u00e0 di potenza per formare balle compatte e uniformi senza sforzare il sistema. Il rapporto di trasmissione appropriato aiuta la rotopressa a funzionare in modo efficiente su vari tipi di raccolto.<\/p>\n<ul>\n<li>Vantaggio: garantisce un funzionamento regolare e una formazione uniforme delle balle con diversi materiali e condizioni del campo.<\/li>\n<\/ul>\n<p><strong>Funzionamento regolare con basse vibrazioni<\/strong><\/p>\n<p>I riduttori delle rotopresse sono progettati per un funzionamento fluido, con design avanzati che riducono al minimo le vibrazioni e lo stress meccanico. Ci\u00f2 si traduce in un funzionamento pi\u00f9 silenzioso e riduce l&#039;usura sia del riduttore che di altre parti collegate.<\/p>\n<ul>\n<li>Vantaggio: aumenta la longevit\u00e0 del cambio e dei componenti collegati, garantendo al contempo un processo di pressatura pi\u00f9 silenzioso ed efficiente.<\/li>\n<\/ul>\n<p><strong>Design di facile manutenzione<\/strong><\/p>\n<p>Il cambio \u00e8 progettato per una facile manutenzione, con punti di accesso per lubrificazione, ispezione e manutenzione. Le attivit\u00e0 di manutenzione ordinaria sono semplificate, garantendo che gli operatori possano mantenere il cambio efficiente senza eccessivi tempi di fermo.<\/p>\n<ul>\n<li>Vantaggio: riduce la complessit\u00e0 e i tempi necessari per la manutenzione, aumentando i tempi di attivit\u00e0 operativi.<\/li>\n<\/ul>\n<p>Il riduttore per rotopresse \u00e8 un componente essenziale per il funzionamento efficiente delle macchine imballatrici. La sua elevata capacit\u00e0 di coppia, la costruzione robusta, i rapporti di trasmissione di precisione e il design di facile manutenzione assicurano prestazioni ottimali, affidabilit\u00e0 e longevit\u00e0 nelle operazioni agricole. Che si tratti di balle di fieno, paglia o insilato, il riduttore per rotopresse supporta operazioni fluide, efficienti e convenienti, rendendolo un investimento prezioso per agricoltori e appaltatori.<\/p>\n<p><img loading=\"lazy\" decoding=\"async\" class=\"size-full wp-image-2479 aligncenter\" src=\"https:\/\/fmp-components.com\/wp-content\/uploads\/2025\/01\/round-baler-gearbox-T292E-e1.webp\" alt=\"rotopressa-riduttore-T292E-e(1)\" width=\"500\" height=\"500\" title=\"\" srcset=\"https:\/\/fmp-components.com\/wp-content\/uploads\/2025\/01\/round-baler-gearbox-T292E-e1.webp 500w, https:\/\/fmp-components.com\/wp-content\/uploads\/2025\/01\/round-baler-gearbox-T292E-e1-480x480.webp 480w\" sizes=\"(min-width: 0px) and (max-width: 480px) 480px, (min-width: 481px) 500px, 100vw\" \/><\/p>\n<h3>Informazioni su FMP<\/h3>\n<p>Con sede in Italia, FMP \u00e8 un leader riconosciuto nella progettazione, sviluppo e produzione di riduttori ad alte prestazioni, con una forte enfasi sulle macchine agricole. Rinomata per la sua ingegneria di precisione, soluzioni innovative e affidabilit\u00e0 senza compromessi, FMP si \u00e8 guadagnata la fiducia sia del settore agricolo che di quello industriale. Il nostro completo portafoglio di prodotti include riduttori specializzati per tosaerba, alberi cardanici e altri componenti essenziali, tutti progettati per fornire soluzioni personalizzate per un&#039;ampia gamma di applicazioni.<\/p>\n<p>In FMP, comprendiamo che ogni cliente ha sfide e requisiti unici. Ecco perch\u00e9 siamo specializzati nel fornire soluzioni su misura, sia per singoli componenti che per sistemi integrati completi. Collaboriamo a stretto contatto con i nostri clienti per garantire che ogni soluzione non sia solo efficace ma anche efficiente, ottimizzando prestazioni e valore. Il nostro impegno per risposte rapide e professionali e una guida esperta garantisce che ogni richiesta venga gestita con precisione, con conseguenti risultati migliori possibili.<\/p>\n<p>Poniamo grande enfasi sulla comunicazione aperta e continua durante l&#039;intero processo di sviluppo del prodotto. Il nostro team dedicato lavora direttamente con i clienti per comprendere a fondo le loro esigenze specifiche, offrendo consigli approfonditi e soluzioni pratiche. Che si tratti di sviluppare nuovi prodotti innovativi o di evadere ordini in corso, FMP rimane ferma nel fornire soluzioni di alta qualit\u00e0 e di precisione in modo coerente e nei tempi previsti. Il nostro obiettivo \u00e8 superare le aspettative del cliente, fornendo un servizio senza pari e risultati eccezionali con ogni progetto.<\/p>\n<p>Al centro delle attivit\u00e0 di FMP c&#039;\u00e8 un impegno incrollabile per la qualit\u00e0. Manteniamo i pi\u00f9 elevati standard di produzione e applichiamo rigidi protocolli di controllo qualit\u00e0 per garantire che ogni prodotto non solo soddisfi ma superi le aspettative del settore. Questa dedizione alla qualit\u00e0, unita ai nostri valori fondamentali di integrit\u00e0, collaborazione e resilienza, ci ha permesso di stabilire relazioni durature con clienti in oltre 30 paesi in tutto il mondo.<\/p>\n<p>FMP si impegna a costruire partnership globali e rimane dedita a offrire consulenza esperta e soluzioni personalizzate che rispondano alle diverse esigenze dei nostri clienti. Non forniamo solo prodotti, ma promuoviamo relazioni a lungo termine che contribuiscono al successo continuo di ogni progetto. Che tu stia cercando soluzioni innovative per una nuova impresa o un supporto continuo per un sistema consolidato, FMP \u00e8 qui per soddisfare le tue sfide tecniche e garantire la tua crescita continua.<\/p>\n<p><img loading=\"lazy\" decoding=\"async\" class=\"alignnone size-full wp-image-1861\" src=\"https:\/\/fmp-components.com\/wp-content\/uploads\/2024\/12\/Other-Agricultural-Gearboxes.webp\" sizes=\"(min-width: 0px) and (max-width: 480px) 480px, (min-width: 481px) and (max-width: 980px) 980px, (min-width: 981px) 1200px, 100vw\" srcset=\"https:\/\/fmp-components.com\/wp-content\/uploads\/2024\/12\/Other-Agricultural-Gearboxes.webp 1200w, https:\/\/fmp-components.com\/wp-content\/uploads\/2024\/12\/Other-Agricultural-Gearboxes-980x1143.webp 980w, https:\/\/fmp-components.com\/wp-content\/uploads\/2024\/12\/Other-Agricultural-Gearboxes-480x560.webp 480w\" alt=\"Altri-cambi-agricoli\" width=\"1200\" height=\"1400\" title=\"\"><\/p>\n<p>Autore: CX<\/p>","protected":false},"excerpt":{"rendered":"<p>Round Baler Gearbox T292E\u00a0Specification i 1.86 N1[rpm] 540 P1[kW] 47.7 M2[Nm] &#8211; Shaft X \u00a01&#8221; 3\/8 Z6 Shaft Y 1&#8221; 3\/8 Z6 Shaft Z L200 \u03a655 Input X Round Baler Gearbox Features The Round Baler Gearbox is a critical component in agricultural baling machinery, ensuring the effective operation of round balers. Below are the key [&hellip;]<\/p>","protected":false},"featured_media":2479,"comment_status":"open","ping_status":"closed","template":"","meta":{"_et_pb_use_builder":"","_et_pb_old_content":"","_et_gb_content_width":""},"product_brand":[],"product_cat":[59],"product_tag":[],"class_list":{"0":"post-2476","1":"product","2":"type-product","3":"status-publish","4":"has-post-thumbnail","6":"product_cat-round-baler-gearbox","8":"first","9":"instock","10":"shipping-taxable","11":"product-type-simple"},"_links":{"self":[{"href":"https:\/\/fmp-components.com\/it\/wp-json\/wp\/v2\/product\/2476","targetHints":{"allow":["GET"]}}],"collection":[{"href":"https:\/\/fmp-components.com\/it\/wp-json\/wp\/v2\/product"}],"about":[{"href":"https:\/\/fmp-components.com\/it\/wp-json\/wp\/v2\/types\/product"}],"replies":[{"embeddable":true,"href":"https:\/\/fmp-components.com\/it\/wp-json\/wp\/v2\/comments?post=2476"}],"wp:featuredmedia":[{"embeddable":true,"href":"https:\/\/fmp-components.com\/it\/wp-json\/wp\/v2\/media\/2479"}],"wp:attachment":[{"href":"https:\/\/fmp-components.com\/it\/wp-json\/wp\/v2\/media?parent=2476"}],"wp:term":[{"taxonomy":"product_brand","embeddable":true,"href":"https:\/\/fmp-components.com\/it\/wp-json\/wp\/v2\/product_brand?post=2476"},{"taxonomy":"product_cat","embeddable":true,"href":"https:\/\/fmp-components.com\/it\/wp-json\/wp\/v2\/product_cat?post=2476"},{"taxonomy":"product_tag","embeddable":true,"href":"https:\/\/fmp-components.com\/it\/wp-json\/wp\/v2\/product_tag?post=2476"}],"curies":[{"name":"parola chiave","href":"https:\/\/api.w.org\/{rel}","templated":true}]}}