{"id":2187,"date":"2024-12-30T08:31:56","date_gmt":"2024-12-30T08:31:56","guid":{"rendered":"https:\/\/fmp-components.com\/?page_id=8"},"modified":"2024-12-30T08:37:15","modified_gmt":"2024-12-30T08:37:15","slug":"agricultural-sprayer-gearbox-replacement-of-comer-code-d27a-d27j-d27b","status":"publish","type":"product","link":"https:\/\/fmp-components.com\/it\/product\/agricultural-sprayer-gearbox-replacement-of-comer-code-d27a-d27j-d27b\/","title":{"rendered":"Scatola ingranaggi per irroratrice agricola \u2013 Sostituzione del codice Comer D27A D27J D27B"},"content":{"rendered":"<h2>Specifiche del cambio per irroratrice agricola D27A\/D27J\/D27B<\/h2>\n<h3><em>D27A<\/em><\/h3>\n<p><img loading=\"lazy\" decoding=\"async\" class=\"alignnone size-full wp-image-2192\" src=\"https:\/\/fmp-components.com\/wp-content\/uploads\/2024\/12\/agricultural-sprayer-gearbox-specification-D27A.webp\" alt=\"specifiche-del-cambio-dell&#039;irroratrice-agricola-D27A\" width=\"908\" height=\"473\" title=\"\" srcset=\"https:\/\/fmp-components.com\/wp-content\/uploads\/2024\/12\/agricultural-sprayer-gearbox-specification-D27A.webp 908w, https:\/\/fmp-components.com\/wp-content\/uploads\/2024\/12\/agricultural-sprayer-gearbox-specification-D27A-480x250.webp 480w\" sizes=\"(min-width: 0px) and (max-width: 480px) 480px, (min-width: 481px) 908px, 100vw\" \/><\/p>\n<table style=\"width: 101.336%; height: 345px;\" border=\"1\" cellspacing=\"0\" cellpadding=\"0\">\n<tbody>\n<tr style=\"height: 23px;\">\n<td style=\"height: 70px; width: 7.24947%;\" rowspan=\"2\"><strong>io<\/strong><\/td>\n<td style=\"height: 70px; width: 13.6461%;\" rowspan=\"2\"><strong>N<sub>1<\/sub>[giri al minuto]<\/strong><\/td>\n<td style=\"height: 70px; width: 12.0469%;\" rowspan=\"2\"><strong>P<sub>1<\/sub>[kW]<\/strong><\/td>\n<td style=\"height: 70px; width: 13.0064%;\" rowspan=\"2\"><strong>M<sub>2<\/sub>[Nichel]<\/strong><\/td>\n<td style=\"height: 23px; width: 44.8827%;\" colspan=\"2\"><strong>Tipo di albero<\/strong><strong><br \/>\n<\/strong><\/td>\n<td style=\"height: 70px; width: 9.06183%;\" rowspan=\"2\"><strong>Ingresso<\/strong><\/td>\n<\/tr>\n<tr style=\"height: 47px;\">\n<td style=\"height: 47px; width: 21.9616%;\"><strong>\u00a0 \u00a0 \u00a0 \u00a0 \u00a0 \u00a0 \u00a0 \u00a0 \u00a0 \u00a0 \u00a0 \u00a0X<br \/>\n<\/strong>\u00a0<img loading=\"lazy\" decoding=\"async\" class=\"size-full wp-image-2180 aligncenter\" src=\"https:\/\/fmp-components.com\/wp-content\/uploads\/2024\/12\/shaft-x-3.webp\" alt=\"albero-x\" width=\"81\" height=\"78\" title=\"\" srcset=\"https:\/\/fmp-components.com\/wp-content\/uploads\/2024\/12\/shaft-x-3.webp 81w, https:\/\/fmp-components.com\/wp-content\/uploads\/2024\/12\/shaft-x-3-12x12.webp 12w\" sizes=\"(max-width: 81px) 100vw, 81px\" \/><\/td>\n<td style=\"height: 47px; width: 22.9211%;\"><strong>\u00a0 \u00a0 \u00a0 \u00a0 \u00a0 \u00a0 \u00a0 \u00a0 \u00a0 \u00a0 \u00a0La<\/strong><\/p>\n<p><strong><img loading=\"lazy\" decoding=\"async\" class=\"size-full wp-image-2181 aligncenter\" src=\"https:\/\/fmp-components.com\/wp-content\/uploads\/2024\/12\/shaft-z.webp\" alt=\"albero-z\" width=\"81\" height=\"84\" title=\"\" srcset=\"https:\/\/fmp-components.com\/wp-content\/uploads\/2024\/12\/shaft-z.webp 81w, https:\/\/fmp-components.com\/wp-content\/uploads\/2024\/12\/shaft-z-12x12.webp 12w\" sizes=\"(max-width: 81px) 100vw, 81px\" \/><\/strong><\/td>\n<\/tr>\n<tr style=\"height: 47px;\">\n<td style=\"height: 47px; width: 7.24947%;\">4.00<br \/>\n5.25<\/td>\n<td style=\"height: 47px; width: 13.6461%;\">540<\/td>\n<td style=\"height: 47px; width: 12.0469%;\">22.1<\/td>\n<td style=\"height: 47px; width: 13.0064%;\"><\/td>\n<td style=\"height: 47px; width: 21.9616%;\">1&quot; 3\/8 Z6<\/td>\n<td style=\"height: 47px; width: 22.9211%;\"><\/td>\n<td style=\"height: 47px; width: 9.06183%;\">X<\/td>\n<\/tr>\n<tr style=\"height: 47px;\">\n<td style=\"height: 47px; width: 7.24947%;\">3.70<br \/>\n4.80<\/td>\n<td style=\"height: 47px; width: 13.6461%;\">540<\/td>\n<td style=\"height: 47px; width: 12.0469%;\">22.1<\/td>\n<td style=\"height: 47px; width: 13.0064%;\">&#8211;<\/td>\n<td style=\"height: 47px; width: 21.9616%;\">1&quot; 3\/8 Z6<\/td>\n<td style=\"height: 47px; width: 22.9211%;\">\u00a0L250 35<\/td>\n<td style=\"height: 47px; width: 9.06183%;\">X<\/td>\n<\/tr>\n<tr style=\"height: 47px;\">\n<td style=\"height: 47px; width: 7.24947%;\">3.70<br \/>\n4.40<\/td>\n<td style=\"height: 47px; width: 13.6461%;\">540<\/td>\n<td style=\"height: 47px; width: 12.0469%;\">22.1<\/td>\n<td style=\"height: 47px; width: 13.0064%;\">&#8211;<\/td>\n<td style=\"height: 47px; width: 21.9616%;\">1&quot; 3\/8 Z6<\/td>\n<td style=\"height: 47px; width: 22.9211%;\">L117 35<\/td>\n<td style=\"height: 47px; width: 9.06183%;\">X<\/td>\n<\/tr>\n<tr style=\"height: 47px;\">\n<td style=\"height: 47px; width: 7.24947%;\">2.95<br \/>\n4.00<\/td>\n<td style=\"height: 47px; width: 13.6461%;\">540<\/td>\n<td style=\"height: 47px; width: 12.0469%;\">22.1<\/td>\n<td style=\"height: 47px; width: 13.0064%;\"><\/td>\n<td style=\"height: 47px; width: 21.9616%;\">1&quot; 3\/8 Z6<\/td>\n<td style=\"height: 47px; width: 22.9211%;\"><\/td>\n<td style=\"height: 47px; width: 9.06183%;\">X<\/td>\n<\/tr>\n<\/tbody>\n<\/table>\n<p><img loading=\"lazy\" decoding=\"async\" class=\"alignnone size-full wp-image-2191\" src=\"https:\/\/fmp-components.com\/wp-content\/uploads\/2024\/12\/agricultural-sprayer-gearbox-specification-D27J-D27B.webp\" alt=\"specifiche-del-cambio-dell&#039;irroratrice-agricola-D27J-D27B\" width=\"853\" height=\"454\" title=\"\" srcset=\"https:\/\/fmp-components.com\/wp-content\/uploads\/2024\/12\/agricultural-sprayer-gearbox-specification-D27J-D27B.webp 853w, https:\/\/fmp-components.com\/wp-content\/uploads\/2024\/12\/agricultural-sprayer-gearbox-specification-D27J-D27B-480x255.webp 480w\" sizes=\"(min-width: 0px) and (max-width: 480px) 480px, (min-width: 481px) 853px, 100vw\" \/><\/p>\n<table style=\"width: 100.094%; height: 286px;\" border=\"1\" cellspacing=\"0\" cellpadding=\"0\">\n<tbody>\n<tr>\n<td style=\"width: 7.5594%;\" rowspan=\"2\"><strong>io<\/strong><\/td>\n<td style=\"width: 14.0389%;\" rowspan=\"2\"><strong>N<sub>1<\/sub>[giri al minuto]<\/strong><\/td>\n<td style=\"width: 12.419%;\" rowspan=\"2\"><strong>P<sub>1<\/sub>[kW]<\/strong><\/td>\n<td style=\"width: 13.4989%;\" rowspan=\"2\"><strong>M<sub>2<\/sub>[Nichel]<\/strong><\/td>\n<td style=\"width: 42.9806%;\" colspan=\"2\"><strong>Tipo di albero<\/strong><strong><br \/>\n<\/strong><\/td>\n<td style=\"width: 9.28726%;\" rowspan=\"2\"><strong>Ingresso<\/strong><\/td>\n<\/tr>\n<tr>\n<td style=\"width: 21.4903%;\"><strong>\u00a0 \u00a0 \u00a0 \u00a0 \u00a0 \u00a0 \u00a0 \u00a0 \u00a0 \u00a0 \u00a0 \u00a0X<br \/>\n<\/strong><img loading=\"lazy\" decoding=\"async\" class=\"size-full wp-image-2180 aligncenter\" src=\"https:\/\/fmp-components.com\/wp-content\/uploads\/2024\/12\/shaft-x-3.webp\" alt=\"albero-x\" width=\"81\" height=\"78\" title=\"\" srcset=\"https:\/\/fmp-components.com\/wp-content\/uploads\/2024\/12\/shaft-x-3.webp 81w, https:\/\/fmp-components.com\/wp-content\/uploads\/2024\/12\/shaft-x-3-12x12.webp 12w\" sizes=\"(max-width: 81px) 100vw, 81px\" \/><\/td>\n<td style=\"width: 21.4903%;\"><strong>\u00a0 \u00a0 \u00a0 \u00a0 \u00a0 \u00a0 \u00a0 \u00a0 \u00a0 \u00a0 \u00a0 La<img loading=\"lazy\" decoding=\"async\" class=\"size-full wp-image-2181 aligncenter\" src=\"https:\/\/fmp-components.com\/wp-content\/uploads\/2024\/12\/shaft-z.webp\" alt=\"albero-z\" width=\"81\" height=\"84\" title=\"\" srcset=\"https:\/\/fmp-components.com\/wp-content\/uploads\/2024\/12\/shaft-z.webp 81w, https:\/\/fmp-components.com\/wp-content\/uploads\/2024\/12\/shaft-z-12x12.webp 12w\" sizes=\"(max-width: 81px) 100vw, 81px\" \/><\/strong><\/td>\n<\/tr>\n<tr>\n<td style=\"width: 7.5594%;\">4.00<br \/>\n5.25<\/td>\n<td style=\"width: 14.0389%;\">540<\/td>\n<td style=\"width: 12.419%;\">22.1<\/td>\n<td style=\"width: 13.4989%;\">&#8211;<\/td>\n<td style=\"width: 21.4903%;\">1&quot; 3\/8 Z6<\/td>\n<td style=\"width: 21.4903%;\">L200 \u03a630<\/td>\n<td style=\"width: 9.28726%;\">X<\/td>\n<\/tr>\n<tr>\n<td style=\"width: 7.5594%;\">3.69<br \/>\n4.36<\/td>\n<td style=\"width: 14.0389%;\">540<\/td>\n<td style=\"width: 12.419%;\">22.1<\/td>\n<td style=\"width: 13.4989%;\">&#8211;<\/td>\n<td style=\"width: 21.4903%;\">1&quot; 3\/8 Z6<\/td>\n<td style=\"width: 21.4903%;\">\u00a0L253 40<\/td>\n<td style=\"width: 9.28726%;\">X<\/td>\n<\/tr>\n<tr>\n<td style=\"width: 7.5594%;\">2.95<br \/>\n4.00<\/td>\n<td style=\"width: 14.0389%;\">540<\/td>\n<td style=\"width: 12.419%;\">22.1<\/td>\n<td style=\"width: 13.4989%;\">&#8211;<\/td>\n<td style=\"width: 21.4903%;\">1&quot; 3\/8 Z6<\/td>\n<td style=\"width: 21.4903%;\">L200 40<\/td>\n<td style=\"width: 9.28726%;\">X<\/td>\n<\/tr>\n<tr>\n<td style=\"width: 7.5594%;\">2.95<br \/>\n4.00<\/td>\n<td style=\"width: 14.0389%;\">540<\/td>\n<td style=\"width: 12.419%;\">22.1<\/td>\n<td style=\"width: 13.4989%;\">&#8211;<\/td>\n<td style=\"width: 21.4903%;\">1&quot; 3\/8 Z6<\/td>\n<td style=\"width: 21.4903%;\">L250 40<\/td>\n<td style=\"width: 9.28726%;\">X<\/td>\n<\/tr>\n<\/tbody>\n<\/table>\n<h3>Vantaggi del cambio dell&#039;irroratrice agricola<\/h3>\n<ol>\n<li><strong>Trasmissione di potenza efficiente<\/strong><br \/>\nI riduttori per irroratrici agricole sono progettati per trasferire efficacemente la potenza dalla presa di forza del trattore alla pompa o al meccanismo di irrorazione dell&#039;irroratrice. Ci\u00f2 garantisce che l&#039;irroratrice funzioni con la massima efficienza, grazie al riduttore che converte l&#039;ingresso ad alta velocit\u00e0 e bassa coppia del trattore nella corretta uscita a bassa velocit\u00e0 e alta coppia richiesta per un&#039;irrorazione efficace. Questa efficiente trasmissione di potenza massimizza le prestazioni dell&#039;irroratrice, garantendo un&#039;irrorazione accurata e uniforme di pesticidi, fertilizzanti e altri prodotti chimici.<\/li>\n<li><strong>Riduzione della velocit\u00e0 e aumento della coppia<\/strong><br \/>\nUno dei principali vantaggi di un riduttore per irroratrici agricole \u00e8 la sua capacit\u00e0 di ridurre la velocit\u00e0 e aumentare la coppia di trazione. Le irroratrici richiedono velocit\u00e0 inferiori e coppia maggiore per azionare efficacemente pompe e ugelli, e il riduttore garantisce che queste condizioni siano soddisfatte. Rallentando la velocit\u00e0 di rotazione della presa di forza del trattore e aumentando al contempo la coppia, il riduttore offre il vantaggio meccanico necessario per un&#039;irrorazione efficiente su ampie superfici agricole.<\/li>\n<li><strong>Durata e longevit\u00e0<\/strong><br \/>\nI riduttori per irroratrici agricole sono costruiti per resistere alle dure condizioni del lavoro agricolo. Sono realizzati con materiali di alta qualit\u00e0 e una progettazione robusta, che garantisce durata e prestazioni a lungo termine. La capacit\u00e0 di gestire le elevate sollecitazioni e il funzionamento continuo tipici degli ambienti agricoli rende questi riduttori altamente affidabili, riducendo la necessit\u00e0 di frequenti riparazioni o sostituzioni. Questa longevit\u00e0 si traduce in un costo totale di propriet\u00e0 inferiore per gli agricoltori.<\/li>\n<li><strong>Protezione da sovraccarico<\/strong><br \/>\nMolti riduttori per irroratrici agricole sono dotati di meccanismi di protezione da sovraccarico, come perni di sicurezza o frizioni. Questi sistemi contribuiscono a proteggere il riduttore da improvvisi sovraccarichi meccanici, che possono verificarsi in caso di ostruzione o improvviso cambiamento di carico. Assorbendo le sollecitazioni eccessive e prevenendo danni ai componenti interni, la protezione da sovraccarico aumenta la durata del riduttore e garantisce un funzionamento ininterrotto durante le operazioni di irrorazione pi\u00f9 critiche.<\/li>\n<li><strong>Bassa manutenzione e facile lubrificazione<\/strong><br \/>\nUna corretta lubrificazione \u00e8 essenziale per il corretto funzionamento di qualsiasi cambio, e i cambi degli irroratori agricoli sono progettati con sistemi di lubrificazione di facile manutenzione. Questi sistemi garantiscono che gli ingranaggi e le parti mobili siano adeguatamente lubrificati, riducendo l&#039;attrito e l&#039;usura e prevenendo il surriscaldamento. Con controlli e manutenzioni di routine, come i cambi d&#039;olio regolari, il cambio pu\u00f2 mantenere la sua efficienza e funzionare senza intoppi, richiedendo una manutenzione minima per tutta la sua durata. Questa facilit\u00e0 di manutenzione riduce ulteriormente i costi operativi e i tempi di fermo per gli agricoltori.<\/li>\n<\/ol>\n<p>Il riduttore per irroratrici agricole offre numerosi vantaggi, tra cui un&#039;efficiente trasmissione di potenza, una riduzione della velocit\u00e0 con aumento della coppia, una lunga durata, una protezione da sovraccarico e una ridotta necessit\u00e0 di manutenzione. Queste caratteristiche contribuiscono all&#039;affidabilit\u00e0 e all&#039;efficienza del riduttore, garantendo prestazioni ottimali delle irroratrici nel tempo, anche in condizioni agricole difficili. Ottimizzando le prestazioni e riducendo i tempi di fermo, il riduttore \u00e8 un componente essenziale per operazioni di irrorazione efficaci ed economiche.<\/p>\n<p><img loading=\"lazy\" decoding=\"async\" class=\"alignnone size-full wp-image-2193\" src=\"https:\/\/fmp-components.com\/wp-content\/uploads\/2024\/12\/Agricultural-Sprayer-Gearbox-19.webp\" alt=\"Scatola ingranaggi per irroratrici agricole\" width=\"2016\" height=\"1512\" title=\"\" srcset=\"https:\/\/fmp-components.com\/wp-content\/uploads\/2024\/12\/Agricultural-Sprayer-Gearbox-19.webp 2016w, https:\/\/fmp-components.com\/wp-content\/uploads\/2024\/12\/Agricultural-Sprayer-Gearbox-19-1280x960.webp 1280w, https:\/\/fmp-components.com\/wp-content\/uploads\/2024\/12\/Agricultural-Sprayer-Gearbox-19-980x735.webp 980w, https:\/\/fmp-components.com\/wp-content\/uploads\/2024\/12\/Agricultural-Sprayer-Gearbox-19-480x360.webp 480w\" sizes=\"(min-width: 0px) and (max-width: 480px) 480px, (min-width: 481px) and (max-width: 980px) 980px, (min-width: 981px) and (max-width: 1280px) 1280px, (min-width: 1281px) 2016px, 100vw\" \/><\/p>\n<h3>Alberi cardanici per cambio irroratrice agricola<\/h3>\n<ol>\n<li><strong>Efficienza della trasmissione di potenza<\/strong><br \/>\nGli alberi cardanici (PTO) svolgono un ruolo cruciale nella trasmissione della potenza meccanica dal trattore al cambio dell&#039;irroratrice agricola. L&#039;albero cardanico si collega alla presa di forza del trattore, consentendo alla potenza del motore di essere trasmessa attraverso l&#039;albero al cambio, che aziona la pompa dell&#039;irroratrice e altri componenti essenziali. Questo trasferimento diretto di potenza garantisce il funzionamento efficace dell&#039;irroratrice, fornendo la giusta quantit\u00e0 di pressione e portata al sistema di irrorazione per una distribuzione uniforme del prodotto chimico.<\/li>\n<li><strong>Versatilit\u00e0 e compatibilit\u00e0<\/strong><br \/>\nGli alberi cardanici sono progettati per essere estremamente versatili e compatibili con un&#039;ampia gamma di riduttori per irroratrici agricole. Grazie alla disponibilit\u00e0 di diverse dimensioni e configurazioni, gli alberi cardanici possono essere facilmente abbinati a diversi tipi di irroratrici, dalle piccole unit\u00e0 portatili alle grandi irroratrici montate su trattore. Il loro design universale consente una perfetta integrazione con diversi sistemi di irrorazione, rendendoli una soluzione affidabile per gli agricoltori che utilizzano diversi modelli di irroratrici in diverse attivit\u00e0 agricole.<\/li>\n<li><strong>Durata e costruzione robusta<\/strong><br \/>\nI riduttori e gli alberi cardanici delle irroratrici agricole sono sottoposti a condizioni di lavoro difficili, tra cui l&#039;esposizione a sporco, umidit\u00e0 e carichi pesanti. Gli alberi cardanici utilizzati con i riduttori delle irroratrici agricole sono realizzati con materiali ad alta resistenza, come l&#039;acciaio legato, che ne migliorano la durata e la resistenza all&#039;usura. Questa robusta costruzione garantisce che l&#039;albero cardanico possa resistere alle sollecitazioni e alle sollecitazioni ripetute delle operazioni agricole, garantendo affidabilit\u00e0 a lungo termine e riducendo al minimo la necessit\u00e0 di sostituzioni o riparazioni.<\/li>\n<li><strong>Caratteristiche di sicurezza<\/strong><br \/>\nMolti alberi cardanici per i riduttori delle irroratrici agricole sono dotati di dispositivi di sicurezza integrati, come perni di sicurezza, frizioni o forcelle di sicurezza. Questi meccanismi di sicurezza aiutano a prevenire danni sia all&#039;albero cardanico che al riduttore in caso di improvvisi sovraccarichi meccanici o ostruzioni. In caso di sovraccarico meccanico, il perno di sicurezza o la frizione disconnettono la trasmissione di potenza dell&#039;albero, prevenendo danni al riduttore dell&#039;irroratrice o ad altri componenti collegati. Questi dispositivi di sicurezza contribuiscono a ridurre il rischio di tempi di fermo e costose riparazioni, garantendo un funzionamento continuo.<\/li>\n<li><strong>Facilit\u00e0 di manutenzione<\/strong><br \/>\nLa manutenzione regolare degli alberi cardanici \u00e8 essenziale per garantire prestazioni ottimali e longevit\u00e0. Gli alberi cardanici progettati per i riduttori degli irroratori agricoli sono progettati per essere facili da manutenere. Sono dotati di caratteristiche come attacchi rapidi, ingrassatori e punti di facile accesso per la lubrificazione. Mantenendo una corretta lubrificazione ed effettuando ispezioni regolari, gli agricoltori possono garantire il corretto funzionamento dell&#039;albero cardanico, riducendo al minimo l&#039;attrito e l&#039;usura. La manutenzione ordinaria prolunga inoltre la durata utile sia dell&#039;albero cardanico che del riduttore dell&#039;irroratrice collegato, riducendo il costo complessivo di gestione.<\/li>\n<\/ol>\n<p>Gli alberi cardanici per i riduttori delle irroratrici agricole sono componenti essenziali che trasmettono in modo efficiente la potenza dal trattore al sistema di irrorazione. La loro versatilit\u00e0, durata e compatibilit\u00e0 con diversi modelli di irroratrici li rendono una parte fondamentale delle moderne attivit\u00e0 agricole. Grazie alle funzioni di sicurezza integrate e alla facilit\u00e0 di manutenzione, gli alberi cardanici contribuiscono a garantire un funzionamento regolare, ridurre al minimo i tempi di fermo e prolungare la durata sia dell&#039;albero cardanico che del riduttore. Per prestazioni ottimali e affidabilit\u00e0 a lungo termine, la manutenzione regolare e il corretto utilizzo di questi alberi sono fondamentali per garantire l&#039;efficienza delle operazioni di irrorazione agricola.<\/p>\n<p><img loading=\"lazy\" decoding=\"async\" class=\"alignnone size-full wp-image-2194\" src=\"https:\/\/fmp-components.com\/wp-content\/uploads\/2024\/12\/tractor-pto-shaft.webp\" alt=\"Scatola ingranaggi per irroratrici agricole\" width=\"1000\" height=\"580\" title=\"\" srcset=\"https:\/\/fmp-components.com\/wp-content\/uploads\/2024\/12\/tractor-pto-shaft.webp 1000w, https:\/\/fmp-components.com\/wp-content\/uploads\/2024\/12\/tractor-pto-shaft-980x568.webp 980w, https:\/\/fmp-components.com\/wp-content\/uploads\/2024\/12\/tractor-pto-shaft-480x278.webp 480w\" sizes=\"(min-width: 0px) and (max-width: 480px) 480px, (min-width: 481px) and (max-width: 980px) 980px, (min-width: 981px) 1000px, 100vw\" \/><\/p>\n<h3>Informazioni su FMP<\/h3>\n<p>Con sede in Italia, FMP \u00e8 un produttore leader rinomato per la sua competenza nella progettazione, sviluppo e produzione di riduttori ad alte prestazioni, con particolare attenzione al settore delle macchine agricole. Con una reputazione di ingegneria di precisione, soluzioni innovative e affidabilit\u00e0 incrollabile, FMP \u00e8 diventato un partner di fiducia nell&#039;affrontare le esigenze in continua evoluzione dei settori agricolo e industriale. La nostra gamma di prodotti diversificata include riduttori specializzati per tosaerba, alberi cardanici e altri componenti essenziali, tutti meticolosamente progettati per fornire soluzioni personalizzate in un ampio spettro di applicazioni.<\/p>\n<p>In FMP, sappiamo che ogni cliente ha esigenze e sfide uniche. Ecco perch\u00e9 siamo specializzati nell&#039;offrire soluzioni su misura, sia per singoli componenti che per sistemi completamente integrati. Lavoriamo in stretta collaborazione con i nostri clienti per garantire che ogni soluzione non sia solo efficace ma anche efficiente, ottimizzando sia le prestazioni che il valore. Il nostro impegno nel fornire risposte rapide e professionali, insieme a una guida esperta, garantisce che ogni richiesta venga trattata con la massima cura e precisione, portando ai migliori risultati possibili.<\/p>\n<p>Diamo priorit\u00e0 alla comunicazione aperta e continua durante l&#039;intero processo di sviluppo del prodotto. Il nostro team dedicato lavora direttamente con i clienti per comprendere appieno le loro esigenze specifiche, offrendo preziosi spunti e raccomandazioni per garantire soluzioni ottimali. Che si tratti di progettare prodotti innovativi o di evadere ordini in corso, FMP si impegna a fornire soluzioni di alta qualit\u00e0 e di precisione nei tempi previsti, ogni volta. Il nostro obiettivo \u00e8 fornire ai clienti il miglior servizio e i migliori risultati, superando le aspettative con ogni progetto.<\/p>\n<p>La qualit\u00e0 \u00e8 la pietra angolare delle operazioni di FMP. Aderiamo ai pi\u00f9 elevati standard di produzione, implementando rigorose misure di controllo qualit\u00e0 per garantire che ogni prodotto non solo soddisfi ma superi gli standard del settore. Questo impegno incrollabile per la qualit\u00e0, unito ai nostri valori fondamentali di integrit\u00e0, lavoro di squadra e perseveranza, ci ha permesso di costruire relazioni durature e basate sulla fiducia con i clienti in quasi 30 paesi in tutto il mondo.<\/p>\n<p>FMP \u00e8 sempre aperta a promuovere partnership globali e rimane impegnata a offrire consulenza specialistica e soluzioni personalizzate che soddisfino le diverse esigenze dei nostri clienti. Andiamo oltre la semplice fornitura di prodotti; puntiamo a costruire relazioni durature che contribuiscano al successo di ogni progetto. Che tu abbia bisogno di soluzioni innovative per una nuova iniziativa o di supporto continuo per un sistema esistente, FMP \u00e8 qui per affrontare le tue sfide tecniche e garantire il tuo successo continuo.<\/p>\n<p><img loading=\"lazy\" decoding=\"async\" class=\"alignnone size-full wp-image-1861\" src=\"https:\/\/fmp-components.com\/wp-content\/uploads\/2024\/12\/Other-Agricultural-Gearboxes.webp\" sizes=\"(min-width: 0px) and (max-width: 480px) 480px, (min-width: 481px) and (max-width: 980px) 980px, (min-width: 981px) 1200px, 100vw\" srcset=\"https:\/\/fmp-components.com\/wp-content\/uploads\/2024\/12\/Other-Agricultural-Gearboxes.webp 1200w, https:\/\/fmp-components.com\/wp-content\/uploads\/2024\/12\/Other-Agricultural-Gearboxes-980x1143.webp 980w, https:\/\/fmp-components.com\/wp-content\/uploads\/2024\/12\/Other-Agricultural-Gearboxes-480x560.webp 480w\" alt=\"Altri-cambi-agricoli\" width=\"1200\" height=\"1400\" title=\"\"><\/p>\n<p>Autore: CX<\/p>","protected":false},"excerpt":{"rendered":"<p>Specifications of Agricultural Sprayer Gearbox D27A\/D27J\/D27B D27A i N1[rpm] P1[kW] M2[Nm] Shaft Type Input \u00a0 \u00a0 \u00a0 \u00a0 \u00a0 \u00a0 \u00a0 \u00a0 \u00a0 \u00a0 \u00a0 \u00a0X \u00a0 \u00a0 \u00a0 \u00a0 \u00a0 \u00a0 \u00a0 \u00a0 \u00a0 \u00a0 \u00a0 \u00a0Z 4.00 5.25 540 22.1 1&#8221; 3\/8 Z6 X 3.70 4.80 540 22.1 &#8211; 1&#8221; 3\/8 Z6 \u00a0L250 [&hellip;]<\/p>","protected":false},"featured_media":2189,"comment_status":"open","ping_status":"closed","template":"","meta":{"_et_pb_use_builder":"","_et_pb_old_content":"","_et_gb_content_width":""},"product_brand":[],"product_cat":[55],"product_tag":[],"class_list":{"0":"post-2187","1":"product","2":"type-product","3":"status-publish","4":"has-post-thumbnail","6":"product_cat-agricultural-sprayer-gearbox","8":"first","9":"instock","10":"shipping-taxable","11":"product-type-simple"},"_links":{"self":[{"href":"https:\/\/fmp-components.com\/it\/wp-json\/wp\/v2\/product\/2187","targetHints":{"allow":["GET"]}}],"collection":[{"href":"https:\/\/fmp-components.com\/it\/wp-json\/wp\/v2\/product"}],"about":[{"href":"https:\/\/fmp-components.com\/it\/wp-json\/wp\/v2\/types\/product"}],"replies":[{"embeddable":true,"href":"https:\/\/fmp-components.com\/it\/wp-json\/wp\/v2\/comments?post=2187"}],"wp:featuredmedia":[{"embeddable":true,"href":"https:\/\/fmp-components.com\/it\/wp-json\/wp\/v2\/media\/2189"}],"wp:attachment":[{"href":"https:\/\/fmp-components.com\/it\/wp-json\/wp\/v2\/media?parent=2187"}],"wp:term":[{"taxonomy":"product_brand","embeddable":true,"href":"https:\/\/fmp-components.com\/it\/wp-json\/wp\/v2\/product_brand?post=2187"},{"taxonomy":"product_cat","embeddable":true,"href":"https:\/\/fmp-components.com\/it\/wp-json\/wp\/v2\/product_cat?post=2187"},{"taxonomy":"product_tag","embeddable":true,"href":"https:\/\/fmp-components.com\/it\/wp-json\/wp\/v2\/product_tag?post=2187"}],"curies":[{"name":"parola chiave","href":"https:\/\/api.w.org\/{rel}","templated":true}]}}