{"id":2039,"date":"2024-12-30T01:00:18","date_gmt":"2024-12-30T01:00:18","guid":{"rendered":"https:\/\/fmp-components.com\/?page_id=8"},"modified":"2024-12-30T01:08:49","modified_gmt":"2024-12-30T01:08:49","slug":"agricultural-lawn-mower-gearbox-fmp-140","status":"publish","type":"product","link":"https:\/\/fmp-components.com\/it\/product\/agricultural-lawn-mower-gearbox-fmp-140\/","title":{"rendered":"Riduttore per tosaerba agricolo FMP-140"},"content":{"rendered":"<h2>Cambio per tosaerba agricolo FMP-140 \u2013 Introduzione al prodotto<\/h2>\n<p>Il cambio FMP-140 Agricultural Lawn Mower \u00e8 un cambio ad alte prestazioni e durevole progettato specificamente per tosaerba e altri macchinari agricoli. Progettato da FMP, un produttore leader di cambi di precisione, il FMP-140 combina affidabilit\u00e0, efficienza e prestazioni di lunga durata per soddisfare le esigenze delle applicazioni di falciatura sia commerciali che residenziali.<\/p>\n<p><strong>Caratteristiche principali:<\/strong><\/p>\n<ol>\n<li><strong>Costruzione robusta:<\/strong> L&#039;FMP-140 \u00e8 costruito con materiali di alta qualit\u00e0 per resistere alle dure condizioni del lavoro agricolo. Il suo design durevole assicura che possa gestire un uso intensivo, garantendo una lunga durata anche in ambienti difficili.<\/li>\n<li><strong>Alta efficienza:<\/strong> Questo cambio \u00e8 progettato per massimizzare l&#039;efficienza operativa, garantendo una trasmissione di potenza fluida con una perdita di energia minima. Consente prestazioni ottimali per i tosaerba, fornendo potenza costante alle lame di taglio per un taglio pulito e preciso.<\/li>\n<li><strong>Compatto e leggero:<\/strong> Il cambio FMP-140 presenta un design compatto e leggero, che lo rende facile da installare e integrare in vari sistemi di tosaerba. Nonostante le sue piccole dimensioni, non scende a compromessi in termini di potenza o prestazioni.<\/li>\n<li><strong>Versatilit\u00e0:<\/strong> L&#039;FMP-140 \u00e8 altamente adattabile e pu\u00f2 essere utilizzato in una variet\u00e0 di macchinari agricoli, tra cui tosaerba rotanti, decespugliatori e altre attrezzature simili. La sua versatilit\u00e0 lo rende una scelta affidabile per diverse applicazioni.<\/li>\n<li><strong>Facile manutenzione:<\/strong> Il cambio FMP-140 \u00e8 progettato pensando alla facilit\u00e0 di manutenzione. Il suo design semplice ma robusto assicura che la manutenzione di routine sia semplice, riducendo al minimo i tempi di fermo e mantenendo le operazioni fluide.<\/li>\n<li><strong>Opzioni personalizzabili:<\/strong> FMP offre opzioni di personalizzazione per il riduttore FMP-140, consentendo di adattarlo alle esigenze specifiche del cliente, tra cui modifiche agli alberi di ingresso\/uscita, al diametro dei cuscinetti e alle configurazioni di montaggio.<\/li>\n<\/ol>\n<p><strong>Applicazioni:<\/strong><\/p>\n<ul>\n<li>Tosaerba agricoli<\/li>\n<li>Tosaerba rotativi<\/li>\n<li>Decespugliatori<\/li>\n<li>Macchinari per la cura del manto erboso<\/li>\n<li>Altri macchinari agricoli che richiedono una trasmissione di potenza efficiente<\/li>\n<\/ul>\n<table style=\"width: 96.2203%; height: 596px;\" border=\"1\" width=\"100%\" cellspacing=\"0\" cellpadding=\"0\">\n<tbody>\n<tr>\n<td width=\"110\"><img loading=\"lazy\" decoding=\"async\" class=\"alignnone size-full wp-image-2040\" src=\"https:\/\/fmp-components.com\/wp-content\/uploads\/2024\/12\/FMP_agricultural-gearbox-HC-140-2.webp\" alt=\"FMP_cambio-agricolo-HC-140-2\" width=\"413\" height=\"553\" title=\"\" srcset=\"https:\/\/fmp-components.com\/wp-content\/uploads\/2024\/12\/FMP_agricultural-gearbox-HC-140-2.webp 413w, https:\/\/fmp-components.com\/wp-content\/uploads\/2024\/12\/FMP_agricultural-gearbox-HC-140-2-224x300.webp 224w, https:\/\/fmp-components.com\/wp-content\/uploads\/2024\/12\/FMP_agricultural-gearbox-HC-140-2-9x12.webp 9w\" sizes=\"(max-width: 413px) 100vw, 413px\" \/><\/td>\n<td width=\"98\"><img loading=\"lazy\" decoding=\"async\" class=\"alignnone size-full wp-image-2041\" src=\"https:\/\/fmp-components.com\/wp-content\/uploads\/2024\/12\/Lawn-Mower-Gearbox-9.webp\" alt=\"Scatola ingranaggi tosaerba\" width=\"500\" height=\"500\" title=\"\" srcset=\"https:\/\/fmp-components.com\/wp-content\/uploads\/2024\/12\/Lawn-Mower-Gearbox-9.webp 500w, https:\/\/fmp-components.com\/wp-content\/uploads\/2024\/12\/Lawn-Mower-Gearbox-9-480x480.webp 480w\" sizes=\"(min-width: 0px) and (max-width: 480px) 480px, (min-width: 481px) 500px, 100vw\" \/><\/td>\n<\/tr>\n<\/tbody>\n<\/table>\n<table style=\"width: 97.407%; height: 214px;\" border=\"1\">\n<tbody>\n<tr>\n<td style=\"width: 31.0059%;\"><strong>ARTICOLO<\/strong><\/td>\n<td style=\"width: 68.284%;\">FMP-140<\/td>\n<\/tr>\n<tr>\n<td style=\"width: 31.0059%;\"><strong>Rapporto<\/strong><\/td>\n<td style=\"width: 68.284%;\">1:1.5\/1:1.93<\/td>\n<\/tr>\n<tr>\n<td style=\"width: 31.0059%;\"><strong>Denti<\/strong><\/td>\n<td style=\"width: 68.284%;\">21\/14 27\/14<\/td>\n<\/tr>\n<tr>\n<td style=\"width: 31.0059%;\"><strong>Modulo<\/strong><\/td>\n<td style=\"width: 68.284%;\">\u00a05.7 \/5.64<\/td>\n<\/tr>\n<tr>\n<td style=\"width: 31.0059%;\"><strong>Potenza (CV)<\/strong><\/td>\n<td style=\"width: 68.284%;\">60<\/td>\n<\/tr>\n<tr>\n<td style=\"width: 31.0059%;\"><strong>Ingresso nominale<\/strong><\/td>\n<td style=\"width: 68.284%;\">540 giri al minuto<\/td>\n<\/tr>\n<tr>\n<td style=\"width: 31.0059%;\"><strong>Descrizione di input\/output<\/strong><\/td>\n<td style=\"width: 68.284%;\">1-3\/8 Z6 scanalatura conica<\/td>\n<\/tr>\n<tr>\n<td style=\"width: 31.0059%;\"><strong>Peso (NW)<\/strong><\/td>\n<td style=\"width: 68.284%;\">30KG<\/td>\n<\/tr>\n<\/tbody>\n<\/table>\n<article class=\"w-full scroll-mb-[var(--thread-trailing-height,150px)] text-token-text-primary focus-visible:outline-2 focus-visible:outline-offset-[-4px]\" dir=\"auto\" data-testid=\"conversation-turn-11\" data-scroll-anchor=\"true\">\n<div class=\"m-auto text-base py-[18px] px-3 md:px-4 w-full md:px-5 lg:px-4 xl:px-5\">\n<div class=\"mx-auto flex flex-1 gap-4 text-base md:gap-5 lg:gap-6 md:max-w-3xl lg:max-w-[40rem] xl:max-w-[48rem]\">\n<div class=\"group\/conversation-turn relative flex w-full min-w-0 flex-col agent-turn\">\n<div class=\"flex-col gap-1 md:gap-3\">\n<div class=\"flex max-w-full flex-col flex-grow\">\n<div class=\"min-h-8 text-message flex w-full flex-col items-end gap-2 whitespace-normal break-words text-start [.text-message+&amp;]:mt-5\" dir=\"auto\" data-message-author-role=\"assistant\" data-message-id=\"34732349-e34e-4f41-bcf6-f51e6a4c4ca7\" data-message-model-slug=\"gpt-4o\">\n<div class=\"flex w-full flex-col gap-1 empty:hidden first:pt-[3px]\">\n<div class=\"markdown prose w-full break-words dark:prose-invert light\">\n<h2>Vantaggi del cambio per tosaerba agricolo FMP-140<\/h2>\n<p>Il cambio FMP-140 Agricultural Lawn Mower \u00e8 specificamente progettato per migliorare le prestazioni, l&#039;efficienza e la durata dei tosaerba e di altri macchinari agricoli. Ecco i principali vantaggi della scelta del cambio FMP-140:<\/p>\n<ol>\n<li>Durata e longevit\u00e0 eccezionali:\n<ul>\n<li>Il modello FMP-140 \u00e8 costruito con materiali di alta qualit\u00e0 e una fabbricazione precisa, garantendo un riduttore robusto e duraturo in grado di sopportare un utilizzo intensivo.<\/li>\n<li>La sua struttura durevole resiste ai rigori degli ambienti agricoli pi\u00f9 difficili, riducendo la necessit\u00e0 di frequenti riparazioni o sostituzioni.<\/li>\n<\/ul>\n<\/li>\n<li>Maggiore efficienza operativa:\n<ul>\n<li>Il cambio \u00e8 progettato per la massima efficienza nella trasmissione della potenza, riducendo al minimo la perdita di energia tra il motore e le lame di taglio.<\/li>\n<li>Questa efficienza si traduce in un migliore risparmio di carburante, minori costi operativi e migliori prestazioni complessive, rendendolo una scelta conveniente sia per applicazioni commerciali che residenziali.<\/li>\n<\/ul>\n<\/li>\n<li>Versatilit\u00e0 in diverse applicazioni:\n<ul>\n<li>Il cambio FMP-140 \u00e8 compatibile con un&#039;ampia gamma di macchinari agricoli e per la cura del prato, tra cui tosaerba rotanti, decespugliatori e attrezzature per la gestione del manto erboso.<\/li>\n<li>Il suo design versatile ne consente l&#039;impiego in diversi tipi di macchine per la tosatura dell&#039;erba e per la cura del paesaggio, offrendo una soluzione flessibile per diverse esigenze operative.<\/li>\n<\/ul>\n<\/li>\n<li>Compatto e leggero:\n<ul>\n<li>Nonostante le sue prestazioni elevate, l&#039;FMP-140 \u00e8 progettato per essere compatto e leggero, il che ne facilita l&#039;installazione e l&#039;integrazione in vari sistemi.<\/li>\n<li>Ci\u00f2 riduce il peso complessivo della macchina, migliorandone la manovrabilit\u00e0 e la facilit\u00e0 di movimentazione durante il funzionamento.<\/li>\n<\/ul>\n<\/li>\n<li>Bassa manutenzione e facile assistenza:\n<ul>\n<li>Il riduttore FMP-140 \u00e8 progettato per una manutenzione semplice e intuitiva, con componenti facilmente accessibili per interventi di manutenzione e riparazione di routine.<\/li>\n<li>Il suo design semplice riduce al minimo la necessit\u00e0 di strumenti specializzati o di competenze tecniche, contribuendo a ridurre i costi di manutenzione e i tempi di fermo.<\/li>\n<\/ul>\n<\/li>\n<\/ol>\n<p>Il cambio per tosaerba agricolo FMP-140 offre numerosi vantaggi, rendendolo la scelta ideale per chiunque cerchi una soluzione di cambio affidabile, efficiente e durevole per tosaerba e macchinari agricoli. Con la sua versatilit\u00e0, la facile manutenzione e le prestazioni superiori in condizioni difficili, il FMP-140 \u00e8 progettato per offrire un valore eccellente e un&#039;affidabilit\u00e0 a lungo termine sul campo.<\/p>\n<p><img loading=\"lazy\" decoding=\"async\" class=\"alignnone  wp-image-1961\" src=\"https:\/\/fmp-components.com\/wp-content\/uploads\/2024\/12\/Lawn-Mower-Gearbox-1.webp\" alt=\"Scatola ingranaggi tosaerba\" width=\"928\" height=\"620\" title=\"\" srcset=\"https:\/\/fmp-components.com\/wp-content\/uploads\/2024\/12\/Lawn-Mower-Gearbox-1.webp 928w, https:\/\/fmp-components.com\/wp-content\/uploads\/2024\/12\/Lawn-Mower-Gearbox-1-480x321.webp 480w\" sizes=\"(min-width: 0px) and (max-width: 480px) 480px, (min-width: 481px) 928px, 100vw\" \/><\/p>\n<\/div>\n<\/div>\n<\/div>\n<\/div>\n<\/div>\n<\/div>\n<\/div>\n<\/div>\n<\/article>\n<h3>Perch\u00e9 scegliere il riduttore FMP-140?<\/h3>\n<p>FMP-140 \u00e8 progettato per offrire alte prestazioni, affidabilit\u00e0 e facilit\u00e0 d&#039;uso. Con l&#039;impegno di FMP per l&#039;ingegneria di precisione e la qualit\u00e0, il cambio FMP-140 assicura che il tuo tosaerba funzioni in modo efficiente ed efficace, anche in condizioni difficili. Che tu stia gestendo grandi tenute, propriet\u00e0 commerciali o campi agricoli, questo cambio fornisce l&#039;affidabilit\u00e0 e la potenza necessarie per ottenere risultati di taglio superiori.<\/p>\n<p>Per maggiori informazioni o per chiedere informazioni sulle opzioni personalizzate, contatta FMP oggi stesso. Ci impegniamo a fornire le migliori soluzioni su misura per le tue specifiche esigenze.<\/p>\n<h3>Informazioni su FMP<\/h3>\n<p>Con sede in Italia, FMP \u00e8 un leader rinomato nella progettazione, sviluppo e produzione di riduttori ad alte prestazioni, con un focus primario sul settore delle macchine agricole. Nota per la nostra competenza in ingegneria di precisione, innovazione e affidabilit\u00e0, FMP si \u00e8 guadagnata una reputazione per la fornitura di prodotti di alta qualit\u00e0 che soddisfano le mutevoli esigenze dei settori agricolo e industriale. La nostra gamma diversificata di prodotti include riduttori specializzati per tosaerba, alberi cardanici e una variet\u00e0 di componenti essenziali, tutti progettati per fornire soluzioni su misura per un ampio spettro di applicazioni.<\/p>\n<p>In FMP, riconosciamo che ogni cliente ha esigenze distinte. Ecco perch\u00e9 siamo specializzati nell&#039;offrire soluzioni personalizzate, che si tratti di singoli componenti o sistemi completamente integrati. Adottiamo un approccio collaborativo, lavorando a stretto contatto con i nostri clienti per garantire che ogni soluzione sia efficace ed efficiente. Il nostro impegno per risposte rapide e professionali e una guida esperta garantisce che ogni richiesta venga soddisfatta con precisione e cura.<\/p>\n<p>Diamo grande importanza alla comunicazione aperta e continua, in particolare quando si tratta di sviluppo di prodotti. Il nostro team lavora direttamente con i clienti per comprendere appieno le loro sfide specifiche, offrendo spunti concreti che portano a soluzioni ottimali. Che si tratti di sviluppare nuovi prodotti o di evadere ordini esistenti, la nostra dedizione alla fornitura di soluzioni di alta qualit\u00e0 e di precisione rimane incrollabile.<\/p>\n<p>La qualit\u00e0 \u00e8 la pietra angolare di tutto ci\u00f2 che facciamo in FMP. Aderiamo ai pi\u00f9 elevati standard di produzione e implementiamo rigorosi processi di controllo qualit\u00e0 per garantire che ogni prodotto soddisfi o superi le aspettative del settore. Il nostro instancabile impegno per la qualit\u00e0, unito ai nostri valori fondamentali di integrit\u00e0, lavoro di squadra e perseveranza, ci ha aiutato a coltivare relazioni a lungo termine con i clienti in quasi 30 paesi in tutto il mondo.<\/p>\n<p>FMP \u00e8 sempre aperta a partnership globali e si impegna a fornire consulenza specialistica e soluzioni personalizzate per soddisfare le diverse esigenze dei nostri clienti. Andiamo oltre la semplice fornitura di prodotti: ci concentriamo sulla creazione di relazioni durature, assicurando il successo di ogni progetto. Che tu stia cercando soluzioni innovative per una nuova iniziativa o abbia bisogno di supporto per un sistema esistente, FMP si impegna ad affrontare le tue sfide tecniche e ad aiutarti a raggiungere un successo duraturo.<\/p>\n<p><img loading=\"lazy\" decoding=\"async\" class=\"alignnone size-full wp-image-1861\" src=\"https:\/\/fmp-components.com\/wp-content\/uploads\/2024\/12\/Other-Agricultural-Gearboxes.webp\" sizes=\"(min-width: 0px) and (max-width: 480px) 480px, (min-width: 481px) and (max-width: 980px) 980px, (min-width: 981px) 1200px, 100vw\" srcset=\"https:\/\/fmp-components.com\/wp-content\/uploads\/2024\/12\/Other-Agricultural-Gearboxes.webp 1200w, https:\/\/fmp-components.com\/wp-content\/uploads\/2024\/12\/Other-Agricultural-Gearboxes-980x1143.webp 980w, https:\/\/fmp-components.com\/wp-content\/uploads\/2024\/12\/Other-Agricultural-Gearboxes-480x560.webp 480w\" alt=\"Altri-cambi-agricoli\" width=\"1200\" height=\"1400\" title=\"\"><\/p>\n<p>Autore: CX<\/p>\n<p>&nbsp;<\/p>","protected":false},"excerpt":{"rendered":"<p>Riduttore per tosaerba agricolo FMP-140 \u2013 Introduzione al prodotto Il riduttore per tosaerba agricolo FMP-140 \u00e8 un riduttore ad alte prestazioni e durevole, progettato specificamente per tosaerba e altre macchine agricole. Progettato da FMP, azienda leader nella produzione di riduttori di precisione, l'FMP-140 combina affidabilit\u00e0, efficienza e prestazioni di lunga durata per soddisfare le esigenze di falciatura sia commerciali che residenziali [\u2026]<\/p>","protected":false},"featured_media":2041,"comment_status":"open","ping_status":"closed","template":"","meta":{"_et_pb_use_builder":"","_et_pb_old_content":"","_et_gb_content_width":""},"product_brand":[],"product_cat":[52],"product_tag":[],"class_list":{"0":"post-2039","1":"product","2":"type-product","3":"status-publish","4":"has-post-thumbnail","6":"product_cat-lawn-mower-gearbox","8":"first","9":"instock","10":"shipping-taxable","11":"product-type-simple"},"_links":{"self":[{"href":"https:\/\/fmp-components.com\/it\/wp-json\/wp\/v2\/product\/2039","targetHints":{"allow":["GET"]}}],"collection":[{"href":"https:\/\/fmp-components.com\/it\/wp-json\/wp\/v2\/product"}],"about":[{"href":"https:\/\/fmp-components.com\/it\/wp-json\/wp\/v2\/types\/product"}],"replies":[{"embeddable":true,"href":"https:\/\/fmp-components.com\/it\/wp-json\/wp\/v2\/comments?post=2039"}],"wp:featuredmedia":[{"embeddable":true,"href":"https:\/\/fmp-components.com\/it\/wp-json\/wp\/v2\/media\/2041"}],"wp:attachment":[{"href":"https:\/\/fmp-components.com\/it\/wp-json\/wp\/v2\/media?parent=2039"}],"wp:term":[{"taxonomy":"product_brand","embeddable":true,"href":"https:\/\/fmp-components.com\/it\/wp-json\/wp\/v2\/product_brand?post=2039"},{"taxonomy":"product_cat","embeddable":true,"href":"https:\/\/fmp-components.com\/it\/wp-json\/wp\/v2\/product_cat?post=2039"},{"taxonomy":"product_tag","embeddable":true,"href":"https:\/\/fmp-components.com\/it\/wp-json\/wp\/v2\/product_tag?post=2039"}],"curies":[{"name":"parola chiave","href":"https:\/\/api.w.org\/{rel}","templated":true}]}}