{"id":2035,"date":"2024-12-30T00:46:25","date_gmt":"2024-12-30T00:46:25","guid":{"rendered":"https:\/\/fmp-components.com\/?page_id=8"},"modified":"2024-12-30T00:57:51","modified_gmt":"2024-12-30T00:57:51","slug":"agricultural-lawn-mower-gearbox-fmp-55","status":"publish","type":"product","link":"https:\/\/fmp-components.com\/it\/product\/agricultural-lawn-mower-gearbox-fmp-55\/","title":{"rendered":"Cambio per tosaerba agricolo FMP-55"},"content":{"rendered":"<h2>Caratteristiche del cambio per tosaerba agricolo FMP-55<\/h2>\n<p>Il riduttore per tosaerba agricolo FMP-55 \u00e8 progettato per alte prestazioni, durata e affidabilit\u00e0, progettato per soddisfare i severi requisiti delle applicazioni di tosaerba agricolo. Costruito per un uso intensivo, l&#039;FMP-55 garantisce un funzionamento regolare, un servizio duraturo e un&#039;efficiente trasmissione di potenza. Le caratteristiche principali dell&#039;FMP-55 includono:<\/p>\n<ol>\n<li><strong>Costruzione pesante<\/strong><br \/>\nL&#039;FMP-55 \u00e8 costruito con materiali ad alta resistenza, rendendolo adatto alle difficili condizioni agricole. La sua costruzione robusta assicura un&#039;eccellente resistenza all&#039;usura, agli urti e alle sollecitazioni operative estreme.<\/li>\n<li><strong>Elevata capacit\u00e0 di coppia<\/strong><br \/>\nQuesto cambio \u00e8 progettato per gestire una coppia elevata, rendendolo ideale per lavori di falciatura pesanti, tra cui lavorare su erba fitta, cespugli fitti e terreni irregolari. L&#039;FMP-55 assicura che la potenza venga trasferita in modo efficiente dal motore alle lame.<\/li>\n<li><strong>Ingegneria di precisione<\/strong><br \/>\nIl cambio FMP-55 \u00e8 dotato di ingranaggi lavorati con precisione che assicurano un trasferimento di potenza fluido, riducendo al minimo le vibrazioni e l&#039;usura. Questa ingegneria di precisione migliora le prestazioni complessive, l&#039;efficienza operativa e la durata del cambio.<\/li>\n<li><strong>Trasmissione di potenza efficiente<\/strong><br \/>\nProgettato per la massima efficienza energetica, l&#039;FMP-55 riduce la perdita di energia durante la trasmissione. Ci\u00f2 migliora il risparmio di carburante, diminuisce il carico sul motore e garantisce prestazioni ottimali durante lunghe sessioni di taglio.<\/li>\n<li><strong>Compatto e leggero<\/strong><br \/>\nNonostante le sue caratteristiche heavy-duty, l&#039;FMP-55 \u00e8 progettato per essere compatto e leggero. Ci\u00f2 riduce il peso complessivo del tosaerba, migliorandone la manovrabilit\u00e0 e rendendolo pi\u00f9 facile da installare e utilizzare.<\/li>\n<li><strong>Bassa richiesta di manutenzione<\/strong><br \/>\nIl cambio FMP-55 richiede una manutenzione minima, grazie ai suoi componenti autolubrificanti e alle guarnizioni durevoli. Ci\u00f2 riduce la frequenza di manutenzione e garantisce un funzionamento continuo, abbassando i costi di manutenzione complessivi.<\/li>\n<\/ol>\n<p>Il cambio per tosaerba agricolo FMP-55 \u00e8 una soluzione robusta, affidabile ed efficiente per una variet\u00e0 di applicazioni di falciatura. Progettato per gestire carichi pesanti, ridurre la manutenzione e fornire una trasmissione di potenza fluida, \u00e8 la scelta ideale per i professionisti dell&#039;agricoltura che cercano cambi ad alte prestazioni in grado di resistere a condizioni difficili.<\/p>\n<h2>Specificazione<\/h2>\n<table style=\"width: 96.2203%; height: 596px;\" border=\"1\" width=\"100%\" cellspacing=\"0\" cellpadding=\"0\">\n<tbody>\n<tr>\n<td width=\"110\"><img loading=\"lazy\" decoding=\"async\" class=\"alignnone size-full wp-image-2037\" src=\"https:\/\/fmp-components.com\/wp-content\/uploads\/2024\/12\/fmp_agricultural-gearbox-HC-55-2.webp\" alt=\"fmp_cambio-agricolo-HC-55\" width=\"400\" height=\"486\" title=\"\" srcset=\"https:\/\/fmp-components.com\/wp-content\/uploads\/2024\/12\/fmp_agricultural-gearbox-HC-55-2.webp 400w, https:\/\/fmp-components.com\/wp-content\/uploads\/2024\/12\/fmp_agricultural-gearbox-HC-55-2-247x300.webp 247w, https:\/\/fmp-components.com\/wp-content\/uploads\/2024\/12\/fmp_agricultural-gearbox-HC-55-2-10x12.webp 10w\" sizes=\"(max-width: 400px) 100vw, 400px\" \/><\/td>\n<td width=\"98\"><img loading=\"lazy\" decoding=\"async\" class=\"alignnone size-full wp-image-2036\" src=\"https:\/\/fmp-components.com\/wp-content\/uploads\/2024\/12\/Agricultural-Lawn-Mower-Gearbox-FMP-55.webp\" alt=\"Cambio per tosaerba agricolo FMP-55\" width=\"500\" height=\"500\" title=\"\" srcset=\"https:\/\/fmp-components.com\/wp-content\/uploads\/2024\/12\/Agricultural-Lawn-Mower-Gearbox-FMP-55.webp 500w, https:\/\/fmp-components.com\/wp-content\/uploads\/2024\/12\/Agricultural-Lawn-Mower-Gearbox-FMP-55-480x480.webp 480w\" sizes=\"(min-width: 0px) and (max-width: 480px) 480px, (min-width: 481px) 500px, 100vw\" \/><\/td>\n<\/tr>\n<\/tbody>\n<\/table>\n<table style=\"width: 100%;\" border=\"1\" width=\"100%\" cellspacing=\"0\" cellpadding=\"0\">\n<tbody>\n<tr>\n<th>Articolo<\/th>\n<td>FMP-55<\/td>\n<\/tr>\n<tr>\n<th>Rapporto<\/th>\n<td>1:1.6<\/td>\n<\/tr>\n<tr>\n<th>Denti<\/th>\n<td>15\/24<\/td>\n<\/tr>\n<tr>\n<th>Modulo<\/th>\n<td>6.0<\/td>\n<\/tr>\n<tr>\n<th>Potenza (CV)<\/th>\n<td>50<\/td>\n<\/tr>\n<tr>\n<th>Ingresso nominale<\/th>\n<td>540 giri al minuto<\/td>\n<\/tr>\n<tr>\n<th>Descrizione di input\/output<\/th>\n<td>1-3\/8 Z6, albero scanalato con base conica adeguato<\/td>\n<\/tr>\n<tr>\n<th>Peso (NW)<\/th>\n<td>28,7 KG<\/td>\n<\/tr>\n<tr>\n<th>Materiale<\/th>\n<td>\u2013 HT250 per l&#039;edilizia abitativa<br \/>\n\u2013 20CrMnTi per albero del cambio<br \/>\n\u2013 Alluminio per piastra<\/td>\n<\/tr>\n<\/tbody>\n<\/table>\n<h3>Forniamo anche alberi cardanici<\/h3>\n<p>FMP, un produttore e fabbrica di alberi PTO affidabile e fidato con sede in Cina, si impegna a fornire alberi PTO di alta qualit\u00e0 progettati per prestazioni e durata ottimali. Offriamo un&#039;ampia gamma di serie di alberi PTO, ciascuna su misura per soddisfare le diverse esigenze di macchinari agricoli e industriali. I nostri alberi PTO sono disponibili con diverse opzioni di diametro dei cuscinetti, garantendo la compatibilit\u00e0 con varie attrezzature e applicazioni.<\/p>\n<p>Che tu abbia bisogno di un albero cardanico a giunto universale per il tuo cambio agricolo, tosaerba rotativo o altri macchinari agricoli, FMP fornisce soluzioni personalizzate per soddisfare le tue esigenze specifiche. Grazie alla nostra competenza nell&#039;ingegneria di precisione e ad anni di esperienza, garantiamo prodotti affidabili, durevoli e costruiti per durare.<\/p>\n<p>Il nostro team \u00e8 impegnato a fornire un servizio rapido e reattivo, assicurando che le tue richieste siano soddisfatte con consigli di esperti e soluzioni tempestive. Se stai cercando un albero cardanico ad alte prestazioni che possa resistere alle esigenze dei tuoi macchinari, non esitare a contattarci oggi stesso. Lascia che FMP sia il tuo partner di fiducia per tutte le tue esigenze di albero cardanico!<\/p>\n<p><img loading=\"lazy\" decoding=\"async\" class=\"alignnone size-full wp-image-2010\" src=\"https:\/\/fmp-components.com\/wp-content\/uploads\/2024\/12\/Agricultural-Lawnmower-Gearbox-Precautions-for-Use1.webp\" alt=\"Scatola ingranaggi tosaerba\" width=\"1202\" height=\"665\" title=\"\" srcset=\"https:\/\/fmp-components.com\/wp-content\/uploads\/2024\/12\/Agricultural-Lawnmower-Gearbox-Precautions-for-Use1.webp 1202w, https:\/\/fmp-components.com\/wp-content\/uploads\/2024\/12\/Agricultural-Lawnmower-Gearbox-Precautions-for-Use1-980x542.webp 980w, https:\/\/fmp-components.com\/wp-content\/uploads\/2024\/12\/Agricultural-Lawnmower-Gearbox-Precautions-for-Use1-480x266.webp 480w\" sizes=\"(min-width: 0px) and (max-width: 480px) 480px, (min-width: 481px) and (max-width: 980px) 980px, (min-width: 981px) 1202px, 100vw\" \/><\/p>\n<h3>Informazioni su FMP<\/h3>\n<p>Con sede in Italia, FMP \u00e8 un produttore leader rinomato per la sua competenza nella progettazione, sviluppo e produzione di riduttori ad alte prestazioni, principalmente per il settore delle macchine agricole. Con una forte attenzione all&#039;ingegneria di precisione, all&#039;innovazione e all&#039;affidabilit\u00e0, FMP si \u00e8 costruita una reputazione per la fornitura di prodotti di alta qualit\u00e0 che soddisfano le mutevoli esigenze dei settori agricolo e industriale. Il nostro portafoglio prodotti include riduttori specializzati per tosaerba, alberi cardanici e una variet\u00e0 di componenti chiave, tutti progettati per offrire soluzioni su misura per un&#039;ampia gamma di applicazioni.<\/p>\n<p>In FMP, sappiamo che ogni cliente ha esigenze uniche. Ecco perch\u00e9 siamo specializzati nel fornire soluzioni personalizzate, che si tratti di singoli componenti o sistemi completamente integrati. Adottiamo un approccio collaborativo, lavorando a stretto contatto con i nostri clienti per garantire che ogni soluzione non sia solo efficace ma anche efficiente. Il nostro impegno per risposte rapide e professionali e una guida esperta garantisce che ogni richiesta venga gestita con la massima cura e precisione.<\/p>\n<p>Poniamo una forte enfasi sulla comunicazione aperta e continua, soprattutto quando si tratta di sviluppo del prodotto. Il nostro team lavora direttamente con i clienti per comprendere le loro sfide specifiche e offrire approfondimenti concreti che portino a soluzioni ottimali. Che si tratti di progettare prodotti innovativi o di evadere ordini in corso, ci impegniamo a fornire soluzioni di alta qualit\u00e0 e di precisione nei tempi previsti, ogni volta.<\/p>\n<p>La qualit\u00e0 \u00e8 al centro di tutto ci\u00f2 che facciamo in FMP. Aderiamo ai pi\u00f9 elevati standard di produzione, implementando rigorosi processi di controllo qualit\u00e0 per garantire che ogni prodotto soddisfi o superi le aspettative del settore. Il nostro impegno per la qualit\u00e0, unito ai nostri valori di integrit\u00e0, lavoro di squadra e perseveranza, ci ha aiutato a costruire relazioni durature con i clienti in quasi 30 paesi in tutto il mondo.<\/p>\n<p>FMP \u00e8 sempre aperta a partnership globali e si impegna a fornire consulenza specialistica e soluzioni personalizzate per soddisfare le diverse esigenze dei nostri clienti. Andiamo oltre la semplice fornitura di prodotti: ci concentriamo sulla cura di relazioni a lungo termine, assicurando il successo di ogni progetto. Che tu stia cercando soluzioni innovative per una nuova iniziativa o abbia bisogno di supporto per un sistema esistente, FMP \u00e8 impegnata ad affrontare le tue sfide tecniche e ad aiutarti a raggiungere un successo continuo.<\/p>\n<p><img loading=\"lazy\" decoding=\"async\" class=\"alignnone size-full wp-image-1861\" src=\"https:\/\/fmp-components.com\/wp-content\/uploads\/2024\/12\/Other-Agricultural-Gearboxes.webp\" sizes=\"(min-width: 0px) and (max-width: 480px) 480px, (min-width: 481px) and (max-width: 980px) 980px, (min-width: 981px) 1200px, 100vw\" srcset=\"https:\/\/fmp-components.com\/wp-content\/uploads\/2024\/12\/Other-Agricultural-Gearboxes.webp 1200w, https:\/\/fmp-components.com\/wp-content\/uploads\/2024\/12\/Other-Agricultural-Gearboxes-980x1143.webp 980w, https:\/\/fmp-components.com\/wp-content\/uploads\/2024\/12\/Other-Agricultural-Gearboxes-480x560.webp 480w\" alt=\"Altri-cambi-agricoli\" width=\"1200\" height=\"1400\" title=\"\"><\/p>\n<p>Autore: CX<\/p>","protected":false},"excerpt":{"rendered":"<p>Features of Agricultural Lawn Mower Gearbox FMP-55 The FMP-55 Agricultural Lawn Mower Gearbox is engineered for high performance, durability, and reliability, designed to meet the demanding requirements of agricultural lawn mowing applications. Built for heavy-duty use, the FMP-55 ensures smooth operation, long-lasting service, and efficient power transmission. Key features of the FMP-55 include: Heavy-Duty Construction [&hellip;]<\/p>","protected":false},"featured_media":2036,"comment_status":"open","ping_status":"closed","template":"","meta":{"_et_pb_use_builder":"","_et_pb_old_content":"","_et_gb_content_width":""},"product_brand":[],"product_cat":[52],"product_tag":[],"class_list":{"0":"post-2035","1":"product","2":"type-product","3":"status-publish","4":"has-post-thumbnail","6":"product_cat-lawn-mower-gearbox","8":"first","9":"instock","10":"shipping-taxable","11":"product-type-simple"},"_links":{"self":[{"href":"https:\/\/fmp-components.com\/it\/wp-json\/wp\/v2\/product\/2035","targetHints":{"allow":["GET"]}}],"collection":[{"href":"https:\/\/fmp-components.com\/it\/wp-json\/wp\/v2\/product"}],"about":[{"href":"https:\/\/fmp-components.com\/it\/wp-json\/wp\/v2\/types\/product"}],"replies":[{"embeddable":true,"href":"https:\/\/fmp-components.com\/it\/wp-json\/wp\/v2\/comments?post=2035"}],"wp:featuredmedia":[{"embeddable":true,"href":"https:\/\/fmp-components.com\/it\/wp-json\/wp\/v2\/media\/2036"}],"wp:attachment":[{"href":"https:\/\/fmp-components.com\/it\/wp-json\/wp\/v2\/media?parent=2035"}],"wp:term":[{"taxonomy":"product_brand","embeddable":true,"href":"https:\/\/fmp-components.com\/it\/wp-json\/wp\/v2\/product_brand?post=2035"},{"taxonomy":"product_cat","embeddable":true,"href":"https:\/\/fmp-components.com\/it\/wp-json\/wp\/v2\/product_cat?post=2035"},{"taxonomy":"product_tag","embeddable":true,"href":"https:\/\/fmp-components.com\/it\/wp-json\/wp\/v2\/product_tag?post=2035"}],"curies":[{"name":"parola chiave","href":"https:\/\/api.w.org\/{rel}","templated":true}]}}