{"id":2031,"date":"2024-12-27T01:51:37","date_gmt":"2024-12-27T01:51:37","guid":{"rendered":"https:\/\/fmp-components.com\/?page_id=8"},"modified":"2024-12-27T01:51:37","modified_gmt":"2024-12-27T01:51:37","slug":"agricultural-lawn-mower-gearbox-fmp-rc81","status":"publish","type":"product","link":"https:\/\/fmp-components.com\/it\/product\/agricultural-lawn-mower-gearbox-fmp-rc81\/","title":{"rendered":"Cambio per tosaerba agricolo FMP-RC81"},"content":{"rendered":"<h2>Specifiche del cambio per tosaerba agricolo FMP-RC81<\/h2>\n<table style=\"width: 96.2203%; height: 596px;\" border=\"1\" width=\"100%\" cellspacing=\"0\" cellpadding=\"0\">\n<tbody>\n<tr>\n<td width=\"110\"><img loading=\"lazy\" decoding=\"async\" class=\"alignnone size-full wp-image-2033\" src=\"https:\/\/fmp-components.com\/wp-content\/uploads\/2024\/12\/fmp_agricultural-gearbox-HC-RC81-2.webp\" alt=\"fmp_cambio-agricolo-HC-RC81-2\" width=\"399\" height=\"518\" title=\"\" srcset=\"https:\/\/fmp-components.com\/wp-content\/uploads\/2024\/12\/fmp_agricultural-gearbox-HC-RC81-2.webp 399w, https:\/\/fmp-components.com\/wp-content\/uploads\/2024\/12\/fmp_agricultural-gearbox-HC-RC81-2-231x300.webp 231w, https:\/\/fmp-components.com\/wp-content\/uploads\/2024\/12\/fmp_agricultural-gearbox-HC-RC81-2-9x12.webp 9w\" sizes=\"(max-width: 399px) 100vw, 399px\" \/><\/td>\n<td width=\"98\"><img loading=\"lazy\" decoding=\"async\" class=\"alignnone size-full wp-image-2034\" src=\"https:\/\/fmp-components.com\/wp-content\/uploads\/2024\/12\/fmp_agricultural-gearbox-HC-RC81.webp\" alt=\"fmp_cambio-agricolo-HC-RC81-2\" width=\"400\" height=\"400\" title=\"\" srcset=\"https:\/\/fmp-components.com\/wp-content\/uploads\/2024\/12\/fmp_agricultural-gearbox-HC-RC81.webp 400w, https:\/\/fmp-components.com\/wp-content\/uploads\/2024\/12\/fmp_agricultural-gearbox-HC-RC81-300x300.webp 300w, https:\/\/fmp-components.com\/wp-content\/uploads\/2024\/12\/fmp_agricultural-gearbox-HC-RC81-150x150.webp 150w, https:\/\/fmp-components.com\/wp-content\/uploads\/2024\/12\/fmp_agricultural-gearbox-HC-RC81-12x12.webp 12w, https:\/\/fmp-components.com\/wp-content\/uploads\/2024\/12\/fmp_agricultural-gearbox-HC-RC81-100x100.webp 100w\" sizes=\"(max-width: 400px) 100vw, 400px\" \/><\/td>\n<\/tr>\n<\/tbody>\n<\/table>\n<table style=\"width: 95.6387%; height: 235px;\" border=\"1\">\n<tbody>\n<tr>\n<td><strong>ARTICOLO<\/strong><\/td>\n<td>Modello FMP-RC81<\/td>\n<\/tr>\n<tr>\n<td><strong>Rapporto<\/strong><\/td>\n<td>1:1.93\/1:1.46<\/td>\n<\/tr>\n<tr>\n<td><strong>Denti<\/strong><\/td>\n<td>27\/14 19\/13<\/td>\n<\/tr>\n<tr>\n<td><strong>Modulo<\/strong><\/td>\n<td>5.5 \/ 7.0<\/td>\n<\/tr>\n<tr>\n<td><strong>Potenza (CV)<\/strong><\/td>\n<td>80<\/td>\n<\/tr>\n<tr>\n<td><strong>Ingresso nominale<\/strong><\/td>\n<td>600 giri al minuto<\/td>\n<\/tr>\n<tr>\n<td><strong>Descrizione di input\/output<\/strong><\/td>\n<td>1-3\/8 Z6 scanalatura conica<\/td>\n<\/tr>\n<tr>\n<td><strong>Peso (NW)<\/strong><\/td>\n<td>28,7 kg<\/td>\n<\/tr>\n<\/tbody>\n<\/table>\n<h3>Caratteristiche del cambio per tosaerba agricolo FMP-RC81<\/h3>\n<p>Il riduttore per tosaerba agricolo FMP-RC81 \u00e8 un riduttore ad alte prestazioni e per impieghi gravosi progettato per offrire affidabilit\u00e0, efficienza e durata eccezionali per applicazioni di tosaerba impegnative. \u00c8 costruito per gestire le condizioni pi\u00f9 difficili e fornire un servizio di lunga durata. Le caratteristiche principali del FMP-RC81 includono:<\/p>\n<ol>\n<li><strong>Design robusto<\/strong><br \/>\nIl modello FMP-RC81 \u00e8 costruito con materiali robusti e ad alta resistenza per resistere alle forti sollecitazioni associate al taglio dell&#039;erba in agricoltura. Il suo design robusto assicura prestazioni superiori in ambienti difficili, dall&#039;erba folta al terreno irregolare.<\/li>\n<li><strong>Elevata capacit\u00e0 di coppia<\/strong><br \/>\nCon una capacit\u00e0 di gestione della coppia superiore, l&#039;FMP-RC81 \u00e8 ideale per applicazioni ad alto carico. Garantisce una trasmissione di potenza efficiente anche nelle condizioni pi\u00f9 difficili, consentendo al tosaerba di funzionare al meglio, anche su erba fitta o su terreni in pendenza.<\/li>\n<li><strong>Ingranaggi lavorati con precisione<\/strong><br \/>\nDotato di ingranaggi di precisione, l&#039;FMP-RC81 assicura una trasmissione di potenza fluida ed efficiente con vibrazioni minime. Questa precisione riduce l&#039;usura, favorendo una maggiore durata e minori costi di manutenzione.<\/li>\n<li><strong>Efficienza energetica ottimizzata<\/strong><br \/>\nIl modello FMP-RC81 \u00e8 dotato di un design ottimizzato degli ingranaggi che riduce al minimo la perdita di potenza, migliorando l&#039;efficienza complessiva del tosaerba. Ci\u00f2 riduce il carico sul motore, migliorando il risparmio di carburante e garantendo che la potenza venga utilizzata in modo efficace per le prestazioni di taglio.<\/li>\n<li><strong>Compatto e leggero<\/strong><br \/>\nNonostante le sue capacit\u00e0 heavy-duty, l&#039;FMP-RC81 \u00e8 progettato per essere compatto e leggero. Ci\u00f2 lo rende facile da integrare in una variet\u00e0 di sistemi di tosaerba senza aggiungere peso in eccesso, contribuendo a una migliore manovrabilit\u00e0 e a una riduzione dello sforzo sull&#039;attrezzatura.<\/li>\n<li><strong>Progettazione a bassa manutenzione<\/strong><br \/>\nIl riduttore FMP-RC81 \u00e8 progettato per richiedere una manutenzione minima, con componenti autolubrificanti che riducono la necessit\u00e0 di frequenti interventi di manutenzione. Questa progettazione garantisce un funzionamento continuo con tempi di fermo e costi di manutenzione ridotti.<\/li>\n<li><strong>Versatile e adattabile<\/strong><br \/>\nIl modello FMP-RC81 \u00e8 altamente versatile, compatibile con un&#039;ampia gamma di tosaerba utilizzati in agricoltura e giardinaggio. Pu\u00f2 essere personalizzato per soddisfare requisiti specifici, garantendo prestazioni ottimali in diverse configurazioni di tosaerba.<\/li>\n<\/ol>\n<p>Il cambio per tosaerba agricolo FMP-RC81 unisce forza, efficienza e affidabilit\u00e0, rendendolo una scelta eccellente per applicazioni di falciatura agricola e industriale. Progettato per gestire carichi pesanti, ridurre la manutenzione e fornire una trasmissione di potenza fluida, \u00e8 costruito per massimizzare l&#039;efficienza operativa e ridurre al minimo i tempi di fermo.<\/p>\n<p><img loading=\"lazy\" decoding=\"async\" class=\"alignnone size-full wp-image-1994\" src=\"https:\/\/fmp-components.com\/wp-content\/uploads\/2024\/12\/Lawn-Mower-Gearbox-7.webp\" alt=\"Scatola ingranaggi tosaerba\" width=\"1502\" height=\"805\" title=\"\" srcset=\"https:\/\/fmp-components.com\/wp-content\/uploads\/2024\/12\/Lawn-Mower-Gearbox-7.webp 1502w, https:\/\/fmp-components.com\/wp-content\/uploads\/2024\/12\/Lawn-Mower-Gearbox-7-1280x686.webp 1280w, https:\/\/fmp-components.com\/wp-content\/uploads\/2024\/12\/Lawn-Mower-Gearbox-7-980x525.webp 980w, https:\/\/fmp-components.com\/wp-content\/uploads\/2024\/12\/Lawn-Mower-Gearbox-7-480x257.webp 480w\" sizes=\"(min-width: 0px) and (max-width: 480px) 480px, (min-width: 481px) and (max-width: 980px) 980px, (min-width: 981px) and (max-width: 1280px) 1280px, (min-width: 1281px) 1502px, 100vw\" \/><\/p>\n<h3>Informazioni su FMP<\/h3>\n<p>FMP, con sede in Italia, \u00e8 un produttore leader specializzato in riduttori ad alte prestazioni per macchinari agricoli. Noti per l&#039;ingegneria di precisione, l&#039;innovazione e l&#039;affidabilit\u00e0, offriamo un&#039;ampia gamma di riduttori, tra cui riduttori per tosaerba e componenti essenziali come alberi cardanici. La nostra missione \u00e8 quella di fornire soluzioni su misura che soddisfino le esigenze specifiche dei settori agricolo e industriale, sia tramite singoli prodotti che sistemi integrati.<\/p>\n<p>Sappiamo che ogni cliente ha esigenze uniche, motivo per cui siamo eccellenti nel personalizzare i nostri prodotti per soddisfare tali esigenze. Che tu abbia bisogno di un cambio specializzato o di un sistema completo, lavoriamo a stretto contatto con te per fornire le soluzioni pi\u00f9 efficaci ed efficienti. Le nostre risposte rapide e professionali, unite alla consulenza di esperti, garantiscono che ogni richiesta venga gestita con cura e precisione.<\/p>\n<p>In FMP, diamo priorit\u00e0 alla comunicazione aperta e alla collaborazione, soprattutto quando sviluppiamo nuovi prodotti. Il nostro team lavora a fianco dei clienti per comprendere le loro sfide e fornire approfondimenti che portino a soluzioni ottimali. Ci impegniamo a consegnare prodotti di alta qualit\u00e0 e di precisione nei tempi previsti, sia per nuovi sviluppi che per ordini esistenti.<\/p>\n<p>La qualit\u00e0 \u00e8 al centro delle operazioni di FMP. I nostri processi di produzione aderiscono ai pi\u00f9 elevati standard, assicurando accuratezza e zero difetti. Un rigoroso controllo di qualit\u00e0 garantisce che ogni prodotto soddisfi o superi gli standard del settore. Questo impegno per la qualit\u00e0, unito ai nostri valori fondamentali di integrit\u00e0, lavoro di squadra e perseveranza, ci ha permesso di costruire solide relazioni con i clienti in quasi 30 paesi.<\/p>\n<p>FMP \u00e8 sempre aperta a partnership globali, offrendo consulenza esperta e soluzioni personalizzate. Il nostro approccio va oltre la semplice fornitura di prodotti; puntiamo a costruire relazioni a lungo termine che guidino il successo reciproco. Che tu abbia bisogno di nuove soluzioni o di supporto per sistemi esistenti, FMP \u00e8 impegnata ad affrontare le tue sfide tecniche e ad assicurare un successo continuo.<\/p>\n<p><img loading=\"lazy\" decoding=\"async\" class=\"alignnone size-full wp-image-1861\" src=\"https:\/\/fmp-components.com\/wp-content\/uploads\/2024\/12\/Other-Agricultural-Gearboxes.webp\" sizes=\"(min-width: 0px) and (max-width: 480px) 480px, (min-width: 481px) and (max-width: 980px) 980px, (min-width: 981px) 1200px, 100vw\" srcset=\"https:\/\/fmp-components.com\/wp-content\/uploads\/2024\/12\/Other-Agricultural-Gearboxes.webp 1200w, https:\/\/fmp-components.com\/wp-content\/uploads\/2024\/12\/Other-Agricultural-Gearboxes-980x1143.webp 980w, https:\/\/fmp-components.com\/wp-content\/uploads\/2024\/12\/Other-Agricultural-Gearboxes-480x560.webp 480w\" alt=\"Altri-cambi-agricoli\" width=\"1200\" height=\"1400\" title=\"\"><\/p>\n<p>Autore: CX<\/p>","protected":false},"excerpt":{"rendered":"<p>Agricultural Lawn Mower Gearbox FMP-RC81 Specification ITEM FMP-RC81 Ratio 1:1.93\/1:1.46 Teeth 27\/14 19\/13 Module 5.5 \/ 7.0 Power(HP) 80 Rated Input 600rpm Input\/Output Description 1-3\/8 Z6 Taper spline Weight(N.W) 28.7KG Features of Agricultural Lawn Mower Gearbox FMP-RC81 The FMP-RC81 Agricultural Lawn Mower Gearbox is a high-performance, heavy-duty gearbox designed to deliver exceptional reliability, efficiency, and [&hellip;]<\/p>","protected":false},"featured_media":2034,"comment_status":"open","ping_status":"closed","template":"","meta":{"_et_pb_use_builder":"","_et_pb_old_content":"","_et_gb_content_width":""},"product_brand":[],"product_cat":[52],"product_tag":[],"class_list":{"0":"post-2031","1":"product","2":"type-product","3":"status-publish","4":"has-post-thumbnail","6":"product_cat-lawn-mower-gearbox","8":"first","9":"instock","10":"shipping-taxable","11":"product-type-simple"},"_links":{"self":[{"href":"https:\/\/fmp-components.com\/it\/wp-json\/wp\/v2\/product\/2031","targetHints":{"allow":["GET"]}}],"collection":[{"href":"https:\/\/fmp-components.com\/it\/wp-json\/wp\/v2\/product"}],"about":[{"href":"https:\/\/fmp-components.com\/it\/wp-json\/wp\/v2\/types\/product"}],"replies":[{"embeddable":true,"href":"https:\/\/fmp-components.com\/it\/wp-json\/wp\/v2\/comments?post=2031"}],"wp:featuredmedia":[{"embeddable":true,"href":"https:\/\/fmp-components.com\/it\/wp-json\/wp\/v2\/media\/2034"}],"wp:attachment":[{"href":"https:\/\/fmp-components.com\/it\/wp-json\/wp\/v2\/media?parent=2031"}],"wp:term":[{"taxonomy":"product_brand","embeddable":true,"href":"https:\/\/fmp-components.com\/it\/wp-json\/wp\/v2\/product_brand?post=2031"},{"taxonomy":"product_cat","embeddable":true,"href":"https:\/\/fmp-components.com\/it\/wp-json\/wp\/v2\/product_cat?post=2031"},{"taxonomy":"product_tag","embeddable":true,"href":"https:\/\/fmp-components.com\/it\/wp-json\/wp\/v2\/product_tag?post=2031"}],"curies":[{"name":"parola chiave","href":"https:\/\/api.w.org\/{rel}","templated":true}]}}