{"id":2028,"date":"2024-12-27T01:47:24","date_gmt":"2024-12-27T01:47:24","guid":{"rendered":"https:\/\/fmp-components.com\/?page_id=8"},"modified":"2024-12-27T01:47:24","modified_gmt":"2024-12-27T01:47:24","slug":"agricultural-lawn-mower-gearbox-fmp-rc61","status":"publish","type":"product","link":"https:\/\/fmp-components.com\/it\/product\/agricultural-lawn-mower-gearbox-fmp-rc61\/","title":{"rendered":"Cambio per tosaerba agricolo FMP-RC61"},"content":{"rendered":"<h2>Specifiche del cambio per tosaerba agricolo FMP-RC61<\/h2>\n<table style=\"width: 96.2203%; height: 596px;\" border=\"1\" width=\"100%\" cellspacing=\"0\" cellpadding=\"0\">\n<tbody>\n<tr>\n<td width=\"110\"><img loading=\"lazy\" decoding=\"async\" class=\"alignnone size-full wp-image-2029\" src=\"https:\/\/fmp-components.com\/wp-content\/uploads\/2024\/12\/fmp_agricultural-gearbox-HC-RC61-2.webp\" alt=\"fmp_cambio-agricolo-HC-RC61-2\" width=\"470\" height=\"564\" title=\"\" srcset=\"https:\/\/fmp-components.com\/wp-content\/uploads\/2024\/12\/fmp_agricultural-gearbox-HC-RC61-2.webp 470w, https:\/\/fmp-components.com\/wp-content\/uploads\/2024\/12\/fmp_agricultural-gearbox-HC-RC61-2-250x300.webp 250w, https:\/\/fmp-components.com\/wp-content\/uploads\/2024\/12\/fmp_agricultural-gearbox-HC-RC61-2-10x12.webp 10w\" sizes=\"(max-width: 470px) 100vw, 470px\" \/><\/td>\n<td width=\"98\"><img loading=\"lazy\" decoding=\"async\" class=\"alignnone size-full wp-image-2030\" src=\"https:\/\/fmp-components.com\/wp-content\/uploads\/2024\/12\/fmp_agricultural-gearbox-HC-RC61.webp\" alt=\"fmp_cambio-agricolo-HC-RC61-2\" width=\"400\" height=\"400\" title=\"\" srcset=\"https:\/\/fmp-components.com\/wp-content\/uploads\/2024\/12\/fmp_agricultural-gearbox-HC-RC61.webp 400w, https:\/\/fmp-components.com\/wp-content\/uploads\/2024\/12\/fmp_agricultural-gearbox-HC-RC61-300x300.webp 300w, https:\/\/fmp-components.com\/wp-content\/uploads\/2024\/12\/fmp_agricultural-gearbox-HC-RC61-150x150.webp 150w, https:\/\/fmp-components.com\/wp-content\/uploads\/2024\/12\/fmp_agricultural-gearbox-HC-RC61-12x12.webp 12w, https:\/\/fmp-components.com\/wp-content\/uploads\/2024\/12\/fmp_agricultural-gearbox-HC-RC61-100x100.webp 100w\" sizes=\"(max-width: 400px) 100vw, 400px\" \/><\/td>\n<\/tr>\n<\/tbody>\n<\/table>\n<table style=\"width: 96.4817%; height: 184px;\" border=\"1\">\n<tbody>\n<tr style=\"height: 23px;\">\n<td style=\"width: 39.6789%; height: 23px;\"><strong>ARTICOLO<\/strong><\/td>\n<td style=\"width: 62.0413%; height: 23px;\">Modello FMP-RC61<\/td>\n<\/tr>\n<tr style=\"height: 23px;\">\n<td style=\"width: 39.6789%; height: 23px;\"><strong>Rapporto<\/strong><\/td>\n<td style=\"width: 62.0413%; height: 23px;\">1:1.46\/1:1.93<\/td>\n<\/tr>\n<tr style=\"height: 23px;\">\n<td style=\"width: 39.6789%; height: 23px;\"><strong>Denti<\/strong><\/td>\n<td style=\"width: 62.0413%; height: 23px;\">19\/13 27\/14<\/td>\n<\/tr>\n<tr style=\"height: 23px;\">\n<td style=\"width: 39.6789%; height: 23px;\"><strong>Modulo<\/strong><\/td>\n<td style=\"width: 62.0413%; height: 23px;\">\u00a07.0\u00a0\/5.5<\/td>\n<\/tr>\n<tr style=\"height: 23px;\">\n<td style=\"width: 39.6789%; height: 23px;\"><strong>Potenza (CV)<\/strong><\/td>\n<td style=\"width: 62.0413%; height: 23px;\">60<\/td>\n<\/tr>\n<tr style=\"height: 23px;\">\n<td style=\"width: 39.6789%; height: 23px;\"><strong>Ingresso nominale<\/strong><\/td>\n<td style=\"width: 62.0413%; height: 23px;\">540 giri al minuto<\/td>\n<\/tr>\n<tr style=\"height: 23px;\">\n<td style=\"width: 39.6789%; height: 23px;\"><strong>Descrizione di input\/output<\/strong><\/td>\n<td style=\"width: 62.0413%; height: 23px;\">1-3\/8 Z6 scanalatura conica<\/td>\n<\/tr>\n<tr style=\"height: 23px;\">\n<td style=\"width: 39.6789%; height: 23px;\"><strong>Peso (NW)<\/strong><\/td>\n<td style=\"width: 62.0413%; height: 23px;\">36,5 kg<\/td>\n<\/tr>\n<\/tbody>\n<\/table>\n<h2>Caratteristiche del cambio per tosaerba agricolo FMP-RC61<\/h2>\n<p>Il riduttore per tosaerba agricolo FMP-RC61 \u00e8 progettato per fornire prestazioni, durata e affidabilit\u00e0 eccezionali in ambienti agricoli esigenti. Progettato per applicazioni pesanti, offre efficienza superiore e lunga durata. Le caratteristiche principali del FMP-RC61 includono:<\/p>\n<ol>\n<li><strong>Costruzione pesante<\/strong><br \/>\nIl modello FMP-RC61 \u00e8 costruito con materiali ad alta resistenza per gestire le rigorose esigenze del taglio del prato agricolo. Il suo design robusto garantisce affidabilit\u00e0 anche in condizioni di lavoro difficili.<\/li>\n<li><strong>Elevata coppia e capacit\u00e0 di carico<\/strong><br \/>\nIn grado di gestire carichi di coppia pi\u00f9 elevati, il cambio FMP-RC61 eccelle nelle applicazioni pesanti, garantendo un efficiente trasferimento di potenza alle lame del tosaerba, anche su erba folta e terreni difficili.<\/li>\n<li><strong>Progettazione di ingranaggi di precisione<\/strong><br \/>\nDotato di ingranaggi finemente progettati, l&#039;FMP-RC61 assicura una trasmissione di potenza fluida e costante. Questa precisione riduce l&#039;usura, minimizza le vibrazioni e prolunga la vita operativa del cambio.<\/li>\n<li><strong>Efficienza energetica migliorata<\/strong><br \/>\nProgettato per la massima efficienza, l&#039;FMP-RC61 riduce al minimo la perdita di energia durante la trasmissione di potenza. Il design efficiente migliora il risparmio di carburante, riduce il carico del motore e garantisce prestazioni di taglio ottimali.<\/li>\n<li><strong>Compatto e salvaspazio<\/strong><br \/>\nNonostante le sue capacit\u00e0 di utilizzo intensivo, il modello FMP-RC61 \u00e8 progettato con una struttura compatta e salvaspazio che consente una facile integrazione in vari sistemi di tosaerba senza comprometterne le prestazioni.<\/li>\n<li><strong>Bassa richiesta di manutenzione<\/strong><br \/>\nIl modello FMP-RC61 \u00e8 progettato per richiedere una manutenzione minima, grazie ai componenti autolubrificanti e alle guarnizioni durevoli che riducono la necessit\u00e0 di frequenti interventi di manutenzione e garantiscono un funzionamento continuo con tempi di fermo minimi.<\/li>\n<li><strong>Compatibilit\u00e0 versatile<\/strong><br \/>\nFMP-RC61 \u00e8 compatibile con un&#039;ampia gamma di tosaerba agricoli, offrendo versatilit\u00e0 per diverse applicazioni. Pu\u00f2 essere personalizzato per adattarsi a specifiche configurazioni di macchinari e alle esigenze del cliente.<\/li>\n<\/ol>\n<p>Il riduttore per tosaerba agricolo FMP-RC61 \u00e8 una soluzione ad alte prestazioni, affidabile e durevole, progettata per offrire risultati superiori in applicazioni di falciatura agricola e industriale impegnative. Le sue caratteristiche innovative assicurano efficienza ottimale, lunga durata e bassi costi operativi.<\/p>\n<p><img loading=\"lazy\" decoding=\"async\" class=\"alignnone size-full wp-image-1994\" src=\"https:\/\/fmp-components.com\/wp-content\/uploads\/2024\/12\/Lawn-Mower-Gearbox-7.webp\" alt=\"Scatola ingranaggi tosaerba\" width=\"1502\" height=\"805\" title=\"\" srcset=\"https:\/\/fmp-components.com\/wp-content\/uploads\/2024\/12\/Lawn-Mower-Gearbox-7.webp 1502w, https:\/\/fmp-components.com\/wp-content\/uploads\/2024\/12\/Lawn-Mower-Gearbox-7-1280x686.webp 1280w, https:\/\/fmp-components.com\/wp-content\/uploads\/2024\/12\/Lawn-Mower-Gearbox-7-980x525.webp 980w, https:\/\/fmp-components.com\/wp-content\/uploads\/2024\/12\/Lawn-Mower-Gearbox-7-480x257.webp 480w\" sizes=\"(min-width: 0px) and (max-width: 480px) 480px, (min-width: 481px) and (max-width: 980px) 980px, (min-width: 981px) and (max-width: 1280px) 1280px, (min-width: 1281px) 1502px, 100vw\" \/><\/p>\n<h3>Informazioni su FMP<\/h3>\n<p>FMP, con sede in Italia, \u00e8 un importante produttore rinomato per i suoi riduttori ad alte prestazioni su misura per macchinari agricoli. Con una solida reputazione per l&#039;ingegneria di precisione, l&#039;innovazione e l&#039;affidabilit\u00e0, forniamo una gamma completa di riduttori, tra cui riduttori specializzati per tosaerba e componenti critici come gli alberi della PTO. Il nostro obiettivo \u00e8 fornire soluzioni personalizzate che si allineino perfettamente alle esigenze uniche dei settori agricolo e industriale, sia come prodotti autonomi che come sistemi integrati.<\/p>\n<p>Consapevoli che le esigenze di ogni cliente sono diverse, siamo specializzati nell&#039;adattare i nostri prodotti per soddisfare tali requisiti specifici. Che tu stia cercando un cambio su misura o un sistema completo, collaboriamo a stretto contatto con te per sviluppare soluzioni efficienti ed efficaci. Le nostre risposte rapide e professionali e la guida esperta garantiscono che ogni richiesta venga gestita con la massima cura e accuratezza.<\/p>\n<p>In FMP, poniamo una forte enfasi sulla comunicazione e la collaborazione trasparenti, in particolare quando progettiamo e sviluppiamo nuovi prodotti. Lavoriamo a stretto contatto con i nostri clienti per acquisire una profonda comprensione delle loro sfide, offrendo spunti che portano a soluzioni ottimali e innovative. Il nostro impegno nel fornire prodotti di alta qualit\u00e0, progettati con precisione, puntuali e in linea con le aspettative dei clienti, \u00e8 fondamentale per tutto ci\u00f2 che facciamo.<\/p>\n<p>La qualit\u00e0 \u00e8 la pietra angolare delle operazioni di FMP. I nostri processi di produzione sono regolati dai pi\u00f9 elevati standard, assicurando un&#039;esecuzione impeccabile e zero difetti. Un rigoroso controllo di qualit\u00e0 assicura che ogni prodotto soddisfi o superi i parametri di riferimento del settore. Questa incrollabile dedizione alla qualit\u00e0, insieme ai nostri valori fondamentali di integrit\u00e0, lavoro di squadra e perseveranza, ci ha aiutato a coltivare relazioni durature con clienti in oltre 30 paesi.<\/p>\n<p>FMP \u00e8 sempre aperta a formare partnership globali, fornendo consulenza esperta e soluzioni personalizzate. Il nostro approccio non riguarda solo la fornitura di prodotti, ma anche la creazione di partnership a lungo termine che portino a un successo condiviso. Che tu stia cercando soluzioni innovative o supporto continuo per sistemi esistenti, FMP si impegna a risolvere le tue sfide tecniche e ad assicurare il tuo successo continuo.<\/p>\n<p><img loading=\"lazy\" decoding=\"async\" class=\"alignnone size-full wp-image-1861\" src=\"https:\/\/fmp-components.com\/wp-content\/uploads\/2024\/12\/Other-Agricultural-Gearboxes.webp\" sizes=\"(min-width: 0px) and (max-width: 480px) 480px, (min-width: 481px) and (max-width: 980px) 980px, (min-width: 981px) 1200px, 100vw\" srcset=\"https:\/\/fmp-components.com\/wp-content\/uploads\/2024\/12\/Other-Agricultural-Gearboxes.webp 1200w, https:\/\/fmp-components.com\/wp-content\/uploads\/2024\/12\/Other-Agricultural-Gearboxes-980x1143.webp 980w, https:\/\/fmp-components.com\/wp-content\/uploads\/2024\/12\/Other-Agricultural-Gearboxes-480x560.webp 480w\" alt=\"Altri-cambi-agricoli\" width=\"1200\" height=\"1400\" title=\"\"><\/p>\n<p>Autore: CX<\/p>","protected":false},"excerpt":{"rendered":"<p>Agricultural Lawn Mower Gearbox FMP-RC61 Specification ITEM FMP-RC61 Ratio 1:1.46\/1:1.93 Teeth 19\/13 27\/14 Module \u00a07.0\u00a0\/5.5 Power(HP) 60 Rated Input 540rpm Input\/Output Description 1-3\/8 Z6 Taper spline Weight(N.W) 36.5KG Features of Agricultural Lawn Mower Gearbox FMP-RC61 The FMP-RC61 Agricultural Lawn Mower Gearbox is engineered to provide outstanding performance, durability, and reliability in demanding agricultural environments. Designed [&hellip;]<\/p>","protected":false},"featured_media":2030,"comment_status":"open","ping_status":"closed","template":"","meta":{"_et_pb_use_builder":"","_et_pb_old_content":"","_et_gb_content_width":""},"product_brand":[],"product_cat":[52],"product_tag":[],"class_list":{"0":"post-2028","1":"product","2":"type-product","3":"status-publish","4":"has-post-thumbnail","6":"product_cat-lawn-mower-gearbox","8":"first","9":"instock","10":"shipping-taxable","11":"product-type-simple"},"_links":{"self":[{"href":"https:\/\/fmp-components.com\/it\/wp-json\/wp\/v2\/product\/2028","targetHints":{"allow":["GET"]}}],"collection":[{"href":"https:\/\/fmp-components.com\/it\/wp-json\/wp\/v2\/product"}],"about":[{"href":"https:\/\/fmp-components.com\/it\/wp-json\/wp\/v2\/types\/product"}],"replies":[{"embeddable":true,"href":"https:\/\/fmp-components.com\/it\/wp-json\/wp\/v2\/comments?post=2028"}],"wp:featuredmedia":[{"embeddable":true,"href":"https:\/\/fmp-components.com\/it\/wp-json\/wp\/v2\/media\/2030"}],"wp:attachment":[{"href":"https:\/\/fmp-components.com\/it\/wp-json\/wp\/v2\/media?parent=2028"}],"wp:term":[{"taxonomy":"product_brand","embeddable":true,"href":"https:\/\/fmp-components.com\/it\/wp-json\/wp\/v2\/product_brand?post=2028"},{"taxonomy":"product_cat","embeddable":true,"href":"https:\/\/fmp-components.com\/it\/wp-json\/wp\/v2\/product_cat?post=2028"},{"taxonomy":"product_tag","embeddable":true,"href":"https:\/\/fmp-components.com\/it\/wp-json\/wp\/v2\/product_tag?post=2028"}],"curies":[{"name":"parola chiave","href":"https:\/\/api.w.org\/{rel}","templated":true}]}}