{"id":2021,"date":"2024-12-27T01:29:14","date_gmt":"2024-12-27T01:29:14","guid":{"rendered":"https:\/\/fmp-components.com\/?page_id=8"},"modified":"2024-12-27T01:42:20","modified_gmt":"2024-12-27T01:42:20","slug":"agricultural-lawn-mower-gearbox-fmp-rc51","status":"publish","type":"product","link":"https:\/\/fmp-components.com\/it\/product\/agricultural-lawn-mower-gearbox-fmp-rc51\/","title":{"rendered":"Riduttore per tosaerba agricolo FMP-RC51"},"content":{"rendered":"<h2>Specificazione<\/h2>\n<table style=\"width: 96.2203%; height: 596px;\" border=\"1\" width=\"100%\" cellspacing=\"0\" cellpadding=\"0\">\n<tbody>\n<tr>\n<td width=\"110\"><img loading=\"lazy\" decoding=\"async\" class=\"alignnone size-full wp-image-2025\" src=\"https:\/\/fmp-components.com\/wp-content\/uploads\/2024\/12\/fmp_agricultural-gearbox-HC-RC51-2.webp\" alt=\"fmp_cambio-agricolo-HC-RC51-2\" width=\"404\" height=\"547\" title=\"\" srcset=\"https:\/\/fmp-components.com\/wp-content\/uploads\/2024\/12\/fmp_agricultural-gearbox-HC-RC51-2.webp 404w, https:\/\/fmp-components.com\/wp-content\/uploads\/2024\/12\/fmp_agricultural-gearbox-HC-RC51-2-222x300.webp 222w, https:\/\/fmp-components.com\/wp-content\/uploads\/2024\/12\/fmp_agricultural-gearbox-HC-RC51-2-9x12.webp 9w\" sizes=\"(max-width: 404px) 100vw, 404px\" \/><\/td>\n<td width=\"98\"><img loading=\"lazy\" decoding=\"async\" class=\"alignnone size-full wp-image-2026\" src=\"https:\/\/fmp-components.com\/wp-content\/uploads\/2024\/12\/fmp_agricultural-gearbox-HC-RC51.webp\" alt=\"fmp_cambio-agricolo-HC-RC51-2\" width=\"400\" height=\"400\" title=\"\" srcset=\"https:\/\/fmp-components.com\/wp-content\/uploads\/2024\/12\/fmp_agricultural-gearbox-HC-RC51.webp 400w, https:\/\/fmp-components.com\/wp-content\/uploads\/2024\/12\/fmp_agricultural-gearbox-HC-RC51-300x300.webp 300w, https:\/\/fmp-components.com\/wp-content\/uploads\/2024\/12\/fmp_agricultural-gearbox-HC-RC51-150x150.webp 150w, https:\/\/fmp-components.com\/wp-content\/uploads\/2024\/12\/fmp_agricultural-gearbox-HC-RC51-12x12.webp 12w, https:\/\/fmp-components.com\/wp-content\/uploads\/2024\/12\/fmp_agricultural-gearbox-HC-RC51-100x100.webp 100w\" sizes=\"(max-width: 400px) 100vw, 400px\" \/><\/td>\n<\/tr>\n<\/tbody>\n<\/table>\n<p>&nbsp;<\/p>\n<table style=\"width: 100.19%; height: 241px;\" border=\"1\">\n<tbody>\n<tr>\n<td style=\"width: 36.3538%;\"><strong>ARTICOLO<\/strong><\/td>\n<td style=\"width: 62.9989%;\">Modello FMP-rc51<\/td>\n<\/tr>\n<tr>\n<td style=\"width: 36.3538%;\"><strong>Rapporto<\/strong><\/td>\n<td style=\"width: 62.9989%;\">1:1.47\/1:1.93<\/td>\n<\/tr>\n<tr>\n<td style=\"width: 36.3538%;\"><strong>Denti<\/strong><\/td>\n<td style=\"width: 62.9989%;\">22\/15 29\/15<\/td>\n<\/tr>\n<tr>\n<td style=\"width: 36.3538%;\"><strong>Modulo<\/strong><\/td>\n<td style=\"width: 62.9989%;\">\u00a05.08 \/4.0<\/td>\n<\/tr>\n<tr>\n<td style=\"width: 36.3538%;\"><strong>Potenza (CV)<\/strong><\/td>\n<td style=\"width: 62.9989%;\">30<\/td>\n<\/tr>\n<tr>\n<td style=\"width: 36.3538%;\"><strong>Ingresso nominale<\/strong><\/td>\n<td style=\"width: 62.9989%;\">540 giri al minuto<\/td>\n<\/tr>\n<tr>\n<td style=\"width: 36.3538%;\"><strong>Descrizione di input\/output<\/strong><\/td>\n<td style=\"width: 62.9989%;\">\u00a0Spline\/Scanalatura conica<\/td>\n<\/tr>\n<tr>\n<td style=\"width: 36.3538%;\"><strong>Peso (NW)<\/strong><\/td>\n<td style=\"width: 62.9989%;\">29KG<\/td>\n<\/tr>\n<\/tbody>\n<\/table>\n<h2>Caratteristiche del cambio per tosaerba agricolo FMP-RC51<\/h2>\n<p>Il riduttore per tosaerba agricolo FMP-RC51 \u00e8 progettato per alte prestazioni, affidabilit\u00e0 e durata, rendendolo la soluzione ideale per le applicazioni di tosaerba. Le caratteristiche principali del FMP-RC51 includono:<\/p>\n<ol>\n<li><strong>Design robusto<\/strong><br \/>\nRealizzato con materiali di alta qualit\u00e0, il cambio FMP-RC51 offre eccezionale resistenza e resilienza, garantendo la capacit\u00e0 di resistere alle rigorose esigenze degli ambienti agricoli.<\/li>\n<li><strong>Ingegneria di precisione<\/strong><br \/>\nL&#039;FMP-RC51 \u00e8 caratterizzato da una lavorazione di precisione, che assicura un funzionamento fluido e una trasmissione di potenza ottimale. Questo design riduce al minimo l&#039;usura, migliorando la longevit\u00e0 e l&#039;efficienza del cambio.<\/li>\n<li><strong>Elevata capacit\u00e0 di coppia<\/strong><br \/>\nProgettato per gestire carichi di coppia elevati, il modello FMP-RC51 offre prestazioni superiori in condizioni di taglio gravose, garantendo un funzionamento affidabile anche su terreni difficili.<\/li>\n<li><strong>Trasmissione di potenza efficiente<\/strong><br \/>\nCon il suo design ad alta efficienza, l&#039;FMP-RC51 assicura una minima perdita di energia e la massima potenza in uscita. Ci\u00f2 consente un funzionamento regolare, riducendo il carico sul motore e aumentando l&#039;efficienza del carburante.<\/li>\n<li><strong>Compatto e leggero<\/strong><br \/>\nIl cambio \u00e8 progettato con una struttura compatta e leggera, che ne facilita l&#039;installazione e l&#039;integrazione in vari sistemi di tosaerba senza aggiungere peso inutile.<\/li>\n<li><strong>Bassa manutenzione<\/strong><br \/>\nIl riduttore FMP-RC51 \u00e8 progettato per richiedere poca manutenzione ed \u00e8 dotato di componenti autolubrificanti che riducono la necessit\u00e0 di frequenti interventi di manutenzione, migliorando la produttivit\u00e0 e riducendo al minimo i tempi di fermo.<\/li>\n<li><strong>Compatibilit\u00e0 versatile<\/strong><br \/>\nL&#039;FMP-RC51 \u00e8 compatibile con un&#039;ampia gamma di tosaerba, il che lo rende un&#039;opzione versatile per diverse applicazioni nel settore agricolo. Pu\u00f2 essere facilmente adattato per soddisfare requisiti specifici dei macchinari.<\/li>\n<\/ol>\n<p>Queste caratteristiche rendono il cambio per tosaerba agricolo FMP-RC51 una scelta affidabile, efficiente e durevole per le macchine agricole, garantendo prestazioni eccezionali e longevit\u00e0 nelle attivit\u00e0 di taglio del prato.<\/p>\n<div class=\"flex-shrink-0 flex flex-col relative items-end\">\n<div>\n<div class=\"pt-0\">\n<div class=\"gizmo-bot-avatar flex h-8 w-8 items-center justify-center overflow-hidden rounded-full\">\n<div class=\"relative p-1 rounded-sm flex items-center justify-center bg-token-main-surface-primary text-token-text-primary h-8 w-8\"><img loading=\"lazy\" decoding=\"async\" class=\"alignnone size-full wp-image-1994\" src=\"https:\/\/fmp-components.com\/wp-content\/uploads\/2024\/12\/Lawn-Mower-Gearbox-7.webp\" alt=\"Scatola ingranaggi tosaerba\" width=\"1502\" height=\"805\" title=\"\" srcset=\"https:\/\/fmp-components.com\/wp-content\/uploads\/2024\/12\/Lawn-Mower-Gearbox-7.webp 1502w, https:\/\/fmp-components.com\/wp-content\/uploads\/2024\/12\/Lawn-Mower-Gearbox-7-1280x686.webp 1280w, https:\/\/fmp-components.com\/wp-content\/uploads\/2024\/12\/Lawn-Mower-Gearbox-7-980x525.webp 980w, https:\/\/fmp-components.com\/wp-content\/uploads\/2024\/12\/Lawn-Mower-Gearbox-7-480x257.webp 480w\" sizes=\"(min-width: 0px) and (max-width: 480px) 480px, (min-width: 481px) and (max-width: 980px) 980px, (min-width: 981px) and (max-width: 1280px) 1280px, (min-width: 1281px) 1502px, 100vw\" \/><\/div>\n<\/div>\n<\/div>\n<\/div>\n<\/div>\n<div class=\"group\/conversation-turn relative flex w-full min-w-0 flex-col agent-turn\">\n<div class=\"flex-col gap-1 md:gap-3\">\n<div class=\"flex max-w-full flex-col flex-grow\">\n<div class=\"min-h-8 text-message flex w-full flex-col items-end gap-2 whitespace-normal break-words text-start [.text-message+&amp;]:mt-5\" dir=\"auto\" data-message-author-role=\"assistant\" data-message-id=\"f83c79da-cb0c-4da0-823f-20067c852903\" data-message-model-slug=\"gpt-4o\">\n<div class=\"flex w-full flex-col gap-1 empty:hidden first:pt-[3px]\">\n<div class=\"markdown prose w-full break-words dark:prose-invert light\">\n<h3>Informazioni su FMP<\/h3>\n<p>FMP, con sede in Italia, \u00e8 un importante produttore rinomato per i suoi riduttori ad alte prestazioni su misura per macchinari agricoli. Con una solida reputazione per l&#039;ingegneria di precisione, l&#039;innovazione e l&#039;affidabilit\u00e0, forniamo una gamma completa di riduttori, tra cui riduttori specializzati per tosaerba e componenti critici come gli alberi della PTO. Il nostro obiettivo \u00e8 fornire soluzioni personalizzate che si allineino perfettamente alle esigenze uniche dei settori agricolo e industriale, sia come prodotti autonomi che come sistemi integrati.<\/p>\n<p>Consapevoli che le esigenze di ogni cliente sono diverse, siamo specializzati nell&#039;adattare i nostri prodotti per soddisfare tali requisiti specifici. Che tu stia cercando un cambio su misura o un sistema completo, collaboriamo a stretto contatto con te per sviluppare soluzioni efficienti ed efficaci. Le nostre risposte rapide e professionali e la guida esperta garantiscono che ogni richiesta venga gestita con la massima cura e accuratezza.<\/p>\n<p>In FMP, poniamo una forte enfasi sulla comunicazione e la collaborazione trasparenti, in particolare quando progettiamo e sviluppiamo nuovi prodotti. Lavoriamo a stretto contatto con i nostri clienti per acquisire una profonda comprensione delle loro sfide, offrendo spunti che portano a soluzioni ottimali e innovative. Il nostro impegno nel fornire prodotti di alta qualit\u00e0, progettati con precisione, puntuali e in linea con le aspettative dei clienti, \u00e8 fondamentale per tutto ci\u00f2 che facciamo.<\/p>\n<p>La qualit\u00e0 \u00e8 la pietra angolare delle operazioni di FMP. I nostri processi di produzione sono regolati dai pi\u00f9 elevati standard, assicurando un&#039;esecuzione impeccabile e zero difetti. Un rigoroso controllo di qualit\u00e0 assicura che ogni prodotto soddisfi o superi i parametri di riferimento del settore. Questa incrollabile dedizione alla qualit\u00e0, insieme ai nostri valori fondamentali di integrit\u00e0, lavoro di squadra e perseveranza, ci ha aiutato a coltivare relazioni durature con clienti in oltre 30 paesi.<\/p>\n<p>FMP \u00e8 sempre aperta a formare partnership globali, fornendo consulenza esperta e soluzioni personalizzate. Il nostro approccio non riguarda solo la fornitura di prodotti, ma anche la creazione di partnership a lungo termine che portino a un successo condiviso. Che tu stia cercando soluzioni innovative o supporto continuo per sistemi esistenti, FMP si impegna a risolvere le tue sfide tecniche e ad assicurare il tuo successo continuo.<\/p>\n<\/div>\n<\/div>\n<\/div>\n<\/div>\n<\/div>\n<\/div>\n<p><img loading=\"lazy\" decoding=\"async\" class=\"alignnone size-full wp-image-1861\" src=\"https:\/\/fmp-components.com\/wp-content\/uploads\/2024\/12\/Other-Agricultural-Gearboxes.webp\" sizes=\"(min-width: 0px) and (max-width: 480px) 480px, (min-width: 481px) and (max-width: 980px) 980px, (min-width: 981px) 1200px, 100vw\" srcset=\"https:\/\/fmp-components.com\/wp-content\/uploads\/2024\/12\/Other-Agricultural-Gearboxes.webp 1200w, https:\/\/fmp-components.com\/wp-content\/uploads\/2024\/12\/Other-Agricultural-Gearboxes-980x1143.webp 980w, https:\/\/fmp-components.com\/wp-content\/uploads\/2024\/12\/Other-Agricultural-Gearboxes-480x560.webp 480w\" alt=\"Altri-cambi-agricoli\" width=\"1200\" height=\"1400\" title=\"\"><\/p>\n<p>Autore: CX<\/p>","protected":false},"excerpt":{"rendered":"<p>Specification &nbsp; ITEM FMP-rc51 Ratio 1:1.47\/1:1.93 Teeth 22\/15 29\/15 Module \u00a05.08 \/4.0 Power(HP) 30 Rated Input 540rpm Input\/Output Description \u00a0Spline \/Taper spline Weight(N.W) 29KG Features of Agricultural Lawn Mower Gearbox FMP-RC51 The FMP-RC51 Agricultural Lawn Mower Gearbox is designed for high performance, reliability, and durability, making it the ideal solution for lawn mowing applications. Key [&hellip;]<\/p>","protected":false},"featured_media":2026,"comment_status":"open","ping_status":"closed","template":"","meta":{"_et_pb_use_builder":"","_et_pb_old_content":"","_et_gb_content_width":""},"product_brand":[],"product_cat":[52],"product_tag":[],"class_list":{"0":"post-2021","1":"product","2":"type-product","3":"status-publish","4":"has-post-thumbnail","6":"product_cat-lawn-mower-gearbox","8":"first","9":"instock","10":"shipping-taxable","11":"product-type-simple"},"_links":{"self":[{"href":"https:\/\/fmp-components.com\/it\/wp-json\/wp\/v2\/product\/2021","targetHints":{"allow":["GET"]}}],"collection":[{"href":"https:\/\/fmp-components.com\/it\/wp-json\/wp\/v2\/product"}],"about":[{"href":"https:\/\/fmp-components.com\/it\/wp-json\/wp\/v2\/types\/product"}],"replies":[{"embeddable":true,"href":"https:\/\/fmp-components.com\/it\/wp-json\/wp\/v2\/comments?post=2021"}],"wp:featuredmedia":[{"embeddable":true,"href":"https:\/\/fmp-components.com\/it\/wp-json\/wp\/v2\/media\/2026"}],"wp:attachment":[{"href":"https:\/\/fmp-components.com\/it\/wp-json\/wp\/v2\/media?parent=2021"}],"wp:term":[{"taxonomy":"product_brand","embeddable":true,"href":"https:\/\/fmp-components.com\/it\/wp-json\/wp\/v2\/product_brand?post=2021"},{"taxonomy":"product_cat","embeddable":true,"href":"https:\/\/fmp-components.com\/it\/wp-json\/wp\/v2\/product_cat?post=2021"},{"taxonomy":"product_tag","embeddable":true,"href":"https:\/\/fmp-components.com\/it\/wp-json\/wp\/v2\/product_tag?post=2021"}],"curies":[{"name":"parola chiave","href":"https:\/\/api.w.org\/{rel}","templated":true}]}}