{"id":2020,"date":"2024-12-27T01:24:26","date_gmt":"2024-12-27T01:24:26","guid":{"rendered":"https:\/\/fmp-components.com\/?page_id=8"},"modified":"2024-12-27T01:37:57","modified_gmt":"2024-12-27T01:37:57","slug":"agricultural-lawn-mower-gearbox-fmp-rc31-193-fmp-rc31-147","status":"publish","type":"product","link":"https:\/\/fmp-components.com\/it\/product\/agricultural-lawn-mower-gearbox-fmp-rc31-193-fmp-rc31-147\/","title":{"rendered":"Scatola ingranaggi per tosaerba agricoli FMP-RC31-193 FMP-RC31-147"},"content":{"rendered":"<h2>Specificazione<\/h2>\n<table style=\"width: 96.2203%; height: 596px;\" border=\"1\" width=\"100%\" cellspacing=\"0\" cellpadding=\"0\">\n<tbody>\n<tr>\n<td width=\"110\">\u00a0<img loading=\"lazy\" decoding=\"async\" class=\"alignnone size-full wp-image-2024\" src=\"https:\/\/fmp-components.com\/wp-content\/uploads\/2024\/12\/fmp_agricultural-gearbox-HC-RC31-2.webp\" alt=\"fmp_cambio-agricolo-HC-RC31\" width=\"460\" height=\"559\" title=\"\" srcset=\"https:\/\/fmp-components.com\/wp-content\/uploads\/2024\/12\/fmp_agricultural-gearbox-HC-RC31-2.webp 460w, https:\/\/fmp-components.com\/wp-content\/uploads\/2024\/12\/fmp_agricultural-gearbox-HC-RC31-2-247x300.webp 247w, https:\/\/fmp-components.com\/wp-content\/uploads\/2024\/12\/fmp_agricultural-gearbox-HC-RC31-2-10x12.webp 10w\" sizes=\"(max-width: 460px) 100vw, 460px\" \/><\/td>\n<td width=\"98\"><img loading=\"lazy\" decoding=\"async\" class=\"alignnone size-full wp-image-2023\" src=\"https:\/\/fmp-components.com\/wp-content\/uploads\/2024\/12\/fmp_agricultural-gearbox-HC-RC31.webp\" alt=\"fmp_cambio-agricolo-HC-RC31\" width=\"400\" height=\"400\" title=\"\" srcset=\"https:\/\/fmp-components.com\/wp-content\/uploads\/2024\/12\/fmp_agricultural-gearbox-HC-RC31.webp 400w, https:\/\/fmp-components.com\/wp-content\/uploads\/2024\/12\/fmp_agricultural-gearbox-HC-RC31-300x300.webp 300w, https:\/\/fmp-components.com\/wp-content\/uploads\/2024\/12\/fmp_agricultural-gearbox-HC-RC31-150x150.webp 150w, https:\/\/fmp-components.com\/wp-content\/uploads\/2024\/12\/fmp_agricultural-gearbox-HC-RC31-12x12.webp 12w, https:\/\/fmp-components.com\/wp-content\/uploads\/2024\/12\/fmp_agricultural-gearbox-HC-RC31-100x100.webp 100w\" sizes=\"(max-width: 400px) 100vw, 400px\" \/><\/td>\n<\/tr>\n<\/tbody>\n<\/table>\n<p>&nbsp;<\/p>\n<table style=\"width: 99.0815%; height: 208px;\" border=\"1\" cellspacing=\"0\" cellpadding=\"0\">\n<tbody>\n<tr>\n<td><strong>ARTICOLO<\/strong><\/td>\n<td>Riduttore per tosaerba FMP-RC30-193<\/td>\n<\/tr>\n<tr>\n<td><strong>Rapporto<\/strong><\/td>\n<td>1:1.93<\/td>\n<\/tr>\n<tr>\n<td><strong>Denti<\/strong><\/td>\n<td>15\/29<\/td>\n<\/tr>\n<tr>\n<td><strong>Modulo<\/strong><\/td>\n<td>4.0<\/td>\n<\/tr>\n<tr>\n<td><strong>Potenza (CV)<\/strong><\/td>\n<td>30<\/td>\n<\/tr>\n<tr>\n<td><strong>Ingresso nominale<\/strong><\/td>\n<td>540 giri al minuto<\/td>\n<\/tr>\n<tr>\n<td><strong>Descrizione di input\/output<\/strong><\/td>\n<td>1-3\/8 Z6\u03c631.75 Asse ottico<\/td>\n<\/tr>\n<tr>\n<td><strong>Peso (NW)<\/strong><\/td>\n<td>24,5 kg<\/td>\n<\/tr>\n<\/tbody>\n<\/table>\n<h2>Riduttore per tosaerba agricolo FMP-RC31-193 e FMP-RC31-147<\/h2>\n<p>FMP offre una gamma di riduttori per tosaerba agricoli ad alte prestazioni progettati per soddisfare le esigenze di varie applicazioni di manutenzione del prato. Tra i nostri modelli pi\u00f9 noti ci sono FMP-RC31-193 e FMP-RC31-147, che offrono affidabilit\u00e0, durata ed efficienza eccezionali. Entrambi i modelli sono progettati per fornire prestazioni ottimali per una variet\u00e0 di macchinari agricoli e industriali, garantendo un funzionamento regolare e un&#039;elevata produttivit\u00e0.<\/p>\n<h3>Caratteristiche principali di FMP-RC31-193 e FMP-RC31-147:<\/h3>\n<ol>\n<li><strong>Elevata efficienza e trasmissione della coppia<\/strong>:\n<ul>\n<li>Entrambi i riduttori sono progettati per fornire una coppia potente e un&#039;elevata efficienza, garantendo che il vostro tosaerba o macchinario agricolo funzioni al massimo delle prestazioni.<\/li>\n<\/ul>\n<\/li>\n<li><strong>Durata<\/strong>:\n<ul>\n<li>Realizzati con materiali di alta qualit\u00e0 e progettazione avanzata, i modelli FMP-RC31-193 e FMP-RC31-147 sono concepiti per resistere a condizioni di lavoro difficili e a un utilizzo prolungato, garantendo una lunga durata.<\/li>\n<\/ul>\n<\/li>\n<li><strong>Ingegneria di precisione<\/strong>:\n<ul>\n<li>Questi modelli sono realizzati con precisione per garantire gioco e rumore minimi, garantendo un funzionamento regolare del tosaerba o di altre attrezzature agricole.<\/li>\n<\/ul>\n<\/li>\n<li><strong>Versatilit\u00e0<\/strong>:\n<ul>\n<li>I riduttori FMP-RC31-193 e FMP-RC31-147 possono essere facilmente integrati con una variet\u00e0 di macchinari agricoli, offrendo flessibilit\u00e0 nell&#039;installazione e nell&#039;utilizzo. Entrambi i modelli sono adattabili a diversi requisiti di potenza in ingresso e in uscita.<\/li>\n<\/ul>\n<\/li>\n<li><strong>Bassa manutenzione<\/strong>:\n<ul>\n<li>Progettati per ridurre al minimo l&#039;usura, entrambi i riduttori richiedono una manutenzione meno frequente, riducendo i tempi di fermo e migliorando l&#039;efficienza operativa.<\/li>\n<\/ul>\n<\/li>\n<li><strong>Funzionamento silenzioso<\/strong>:\n<ul>\n<li>Grazie alla fabbricazione avanzata e ai materiali di alta qualit\u00e0, entrambi i riduttori FMP-RC31-193 e FMP-RC31-147 sono progettati per un funzionamento silenzioso e regolare, riducendo il rumore durante l&#039;uso.<\/li>\n<\/ul>\n<\/li>\n<\/ol>\n<p><img loading=\"lazy\" decoding=\"async\" class=\"alignnone size-full wp-image-2009\" src=\"https:\/\/fmp-components.com\/wp-content\/uploads\/2024\/12\/Lawn-Mower-Gearbox-Suppliers-6.webp\" alt=\"Scatola ingranaggi tosaerba\" width=\"1000\" height=\"445\" title=\"\" srcset=\"https:\/\/fmp-components.com\/wp-content\/uploads\/2024\/12\/Lawn-Mower-Gearbox-Suppliers-6.webp 1000w, https:\/\/fmp-components.com\/wp-content\/uploads\/2024\/12\/Lawn-Mower-Gearbox-Suppliers-6-980x436.webp 980w, https:\/\/fmp-components.com\/wp-content\/uploads\/2024\/12\/Lawn-Mower-Gearbox-Suppliers-6-480x214.webp 480w\" sizes=\"(min-width: 0px) and (max-width: 480px) 480px, (min-width: 481px) and (max-width: 980px) 980px, (min-width: 981px) 1000px, 100vw\" \/><\/p>\n<h3>Applicazioni:<\/h3>\n<p>FMP-RC31-193 e FMP-RC31-147 sono ideali per l&#039;uso in:<\/p>\n<ul>\n<li><strong>Tosaerba Rotanti<\/strong><\/li>\n<li><strong>Attrezzatura per la manutenzione del prato<\/strong><\/li>\n<li><strong>Macchine agricole<\/strong><\/li>\n<li><strong>Taglierine rotanti e slasher<\/strong><\/li>\n<li><strong>Sistemi di falciatura del campo<\/strong><\/li>\n<\/ul>\n<h3>Perch\u00e9 scegliere FMP-RC31-193 e FMP-RC31-147?<\/h3>\n<p>I riduttori FMP sono progettati per soddisfare le esigenze specifiche dei macchinari agricoli, combinando resistenza, precisione e affidabilit\u00e0. Che tu abbia bisogno di una sostituzione o che tu stia progettando un nuovo sistema, questi modelli offrono una soluzione efficiente e durevole per le tue esigenze agricole.<\/p>\n<p>FMP sa che ogni applicazione \u00e8 unica. Pertanto, offriamo opzioni di personalizzazione per soddisfare requisiti operativi specifici. Che tu abbia bisogno di un rapporto potenza in ingresso\/uscita personalizzato o di configurazioni di montaggio specifiche, possiamo aiutarti a progettare la soluzione perfetta per le tue esigenze.<\/p>\n<p>Per maggiori informazioni o per richiedere un preventivo, non esitate a contattare il nostro team presso FMP. Ci impegniamo a fornire riduttori della massima qualit\u00e0 e un servizio eccezionale per soddisfare tutte le vostre esigenze di macchinari agricoli.<\/p>\n<p><img loading=\"lazy\" decoding=\"async\" class=\"alignnone size-full wp-image-1994\" src=\"https:\/\/fmp-components.com\/wp-content\/uploads\/2024\/12\/Lawn-Mower-Gearbox-7.webp\" alt=\"Scatola ingranaggi tosaerba\" width=\"1502\" height=\"805\" title=\"\" srcset=\"https:\/\/fmp-components.com\/wp-content\/uploads\/2024\/12\/Lawn-Mower-Gearbox-7.webp 1502w, https:\/\/fmp-components.com\/wp-content\/uploads\/2024\/12\/Lawn-Mower-Gearbox-7-1280x686.webp 1280w, https:\/\/fmp-components.com\/wp-content\/uploads\/2024\/12\/Lawn-Mower-Gearbox-7-980x525.webp 980w, https:\/\/fmp-components.com\/wp-content\/uploads\/2024\/12\/Lawn-Mower-Gearbox-7-480x257.webp 480w\" sizes=\"(min-width: 0px) and (max-width: 480px) 480px, (min-width: 481px) and (max-width: 980px) 980px, (min-width: 981px) and (max-width: 1280px) 1280px, (min-width: 1281px) 1502px, 100vw\" \/><\/p>\n<h3>Informazioni su FMP<\/h3>\n<p>Con sede in Italia, FMP \u00e8 un produttore leader riconosciuto per la nostra competenza nella progettazione, sviluppo e produzione di riduttori ad alte prestazioni per macchinari agricoli. Siamo impegnati nell&#039;ingegneria di precisione, nell&#039;innovazione e nell&#039;affidabilit\u00e0. La nostra gamma di prodotti include riduttori per tosaerba e componenti chiave come alberi cardanici, volti a fornire soluzioni personalizzate per i settori agricolo e industriale. Che si tratti di singoli componenti o sistemi completamente integrati, ci concentriamo sulla soddisfazione delle esigenze uniche dei nostri clienti.<\/p>\n<p>In FMP, sappiamo che ogni cliente ha esigenze specifiche, motivo per cui siamo specializzati nel fornire soluzioni su misura. Dai riduttori specializzati ai sistemi completi, collaboriamo a stretto contatto con i nostri clienti per garantire le soluzioni pi\u00f9 efficaci ed efficienti. Le nostre risposte rapide e professionali, unite alla consulenza di esperti, garantiscono che ogni richiesta venga gestita con cura e precisione.<\/p>\n<p>Diamo priorit\u00e0 alla comunicazione aperta e continua con i nostri clienti, soprattutto quando si tratta di sviluppo di nuovi prodotti. Il nostro team lavora direttamente con i clienti per comprendere appieno le loro sfide e offrire spunti che portino a soluzioni ottimali. Sia che progettiamo nuovi prodotti o evadiamo ordini esistenti, ci impegniamo a consegnare prodotti di alta qualit\u00e0 e di precisione nei tempi previsti.<\/p>\n<p>La qualit\u00e0 \u00e8 il fondamento di tutto ci\u00f2 che facciamo in FMP. I nostri processi di produzione aderiscono ai pi\u00f9 elevati standard di accuratezza e zero difetti. Implementiamo rigorose procedure di controllo qualit\u00e0 per garantire che ogni prodotto soddisfi o superi gli standard del settore. Questa dedizione alla qualit\u00e0, insieme ai nostri valori fondamentali di integrit\u00e0, lavoro di squadra e perseveranza, ci ha permesso di costruire relazioni solide e durature con i clienti in quasi 30 paesi.<\/p>\n<p>FMP \u00e8 sempre aperta a partnership globali e si impegna a offrire consulenza esperta e soluzioni personalizzate. Il nostro approccio va oltre la semplice fornitura di prodotti: ci concentriamo sulla cura di relazioni a lungo termine con i nostri clienti, assicurando il loro successo con ogni progetto. Che tu abbia bisogno di soluzioni innovative per un nuovo progetto o di supporto per un sistema esistente, FMP \u00e8 impegnata ad affrontare le tue sfide tecniche e ad assicurare il tuo successo continuo.<\/p>\n<p><img loading=\"lazy\" decoding=\"async\" class=\"alignnone size-full wp-image-1861\" src=\"https:\/\/fmp-components.com\/wp-content\/uploads\/2024\/12\/Other-Agricultural-Gearboxes.webp\" sizes=\"(min-width: 0px) and (max-width: 480px) 480px, (min-width: 481px) and (max-width: 980px) 980px, (min-width: 981px) 1200px, 100vw\" srcset=\"https:\/\/fmp-components.com\/wp-content\/uploads\/2024\/12\/Other-Agricultural-Gearboxes.webp 1200w, https:\/\/fmp-components.com\/wp-content\/uploads\/2024\/12\/Other-Agricultural-Gearboxes-980x1143.webp 980w, https:\/\/fmp-components.com\/wp-content\/uploads\/2024\/12\/Other-Agricultural-Gearboxes-480x560.webp 480w\" alt=\"Altri-cambi-agricoli\" width=\"1200\" height=\"1400\" title=\"\"><\/p>\n<p>Autore: CX<\/p>","protected":false},"excerpt":{"rendered":"<p>Specification \u00a0 &nbsp; ITEM Lawnmower Gearbox FMP-RC30-193 Ratio 1:1.93 Teeth 15\/29 Module 4.0 Power(HP) 30 Rated Input 540rpm Input\/Output Description 1-3\/8 Z6\u03c631.75 Optic axis Weight(N.W) 24.5KG Agricultural Lawn Mower Gearbox FMP-RC31-193 &amp; FMP-RC31-147 FMP offers a range of high-performance agricultural lawn mower gearboxes designed to meet the demands of various lawn maintenance applications. Among our [&hellip;]<\/p>","protected":false},"featured_media":2023,"comment_status":"open","ping_status":"closed","template":"","meta":{"_et_pb_use_builder":"","_et_pb_old_content":"","_et_gb_content_width":""},"product_brand":[],"product_cat":[52],"product_tag":[],"class_list":{"0":"post-2020","1":"product","2":"type-product","3":"status-publish","4":"has-post-thumbnail","6":"product_cat-lawn-mower-gearbox","8":"first","9":"instock","10":"shipping-taxable","11":"product-type-simple"},"_links":{"self":[{"href":"https:\/\/fmp-components.com\/it\/wp-json\/wp\/v2\/product\/2020","targetHints":{"allow":["GET"]}}],"collection":[{"href":"https:\/\/fmp-components.com\/it\/wp-json\/wp\/v2\/product"}],"about":[{"href":"https:\/\/fmp-components.com\/it\/wp-json\/wp\/v2\/types\/product"}],"replies":[{"embeddable":true,"href":"https:\/\/fmp-components.com\/it\/wp-json\/wp\/v2\/comments?post=2020"}],"wp:featuredmedia":[{"embeddable":true,"href":"https:\/\/fmp-components.com\/it\/wp-json\/wp\/v2\/media\/2023"}],"wp:attachment":[{"href":"https:\/\/fmp-components.com\/it\/wp-json\/wp\/v2\/media?parent=2020"}],"wp:term":[{"taxonomy":"product_brand","embeddable":true,"href":"https:\/\/fmp-components.com\/it\/wp-json\/wp\/v2\/product_brand?post=2020"},{"taxonomy":"product_cat","embeddable":true,"href":"https:\/\/fmp-components.com\/it\/wp-json\/wp\/v2\/product_cat?post=2020"},{"taxonomy":"product_tag","embeddable":true,"href":"https:\/\/fmp-components.com\/it\/wp-json\/wp\/v2\/product_tag?post=2020"}],"curies":[{"name":"parola chiave","href":"https:\/\/api.w.org\/{rel}","templated":true}]}}