{"id":2015,"date":"2024-12-27T01:18:55","date_gmt":"2024-12-27T01:18:55","guid":{"rendered":"https:\/\/fmp-components.com\/?page_id=8"},"modified":"2026-03-18T03:40:47","modified_gmt":"2026-03-18T03:40:47","slug":"agricultural-lawn-mower-gearbox-fmp-rc30-193","status":"publish","type":"product","link":"https:\/\/fmp-components.com\/it\/product\/agricultural-lawn-mower-gearbox-fmp-rc30-193\/","title":{"rendered":"Riduttore per tosaerba agricolo FMP-RC30-193"},"content":{"rendered":"<h2>Specifiche del cambio per tosaerba agricolo FMP-RC30-193<\/h2>\n<table style=\"width: 96.2203%; height: 596px;\" border=\"1\" width=\"100%\" cellspacing=\"0\" cellpadding=\"0\">\n<tbody>\n<tr>\n<td width=\"110\">\u00a0<img loading=\"lazy\" decoding=\"async\" class=\"alignnone size-full wp-image-2017\" src=\"https:\/\/fmp-components.com\/wp-content\/uploads\/2024\/12\/fmp_agricultural-gearbox-HC-RC30-193-2.webp\" alt=\"fmp_cambio-agricolo-HC-RC30-193-2\" width=\"400\" height=\"537\" title=\"\" srcset=\"https:\/\/fmp-components.com\/wp-content\/uploads\/2024\/12\/fmp_agricultural-gearbox-HC-RC30-193-2.webp 400w, https:\/\/fmp-components.com\/wp-content\/uploads\/2024\/12\/fmp_agricultural-gearbox-HC-RC30-193-2-223x300.webp 223w, https:\/\/fmp-components.com\/wp-content\/uploads\/2024\/12\/fmp_agricultural-gearbox-HC-RC30-193-2-9x12.webp 9w\" sizes=\"(max-width: 400px) 100vw, 400px\" \/><\/td>\n<td width=\"98\"><img loading=\"lazy\" decoding=\"async\" class=\"alignnone size-full wp-image-2016\" src=\"https:\/\/fmp-components.com\/wp-content\/uploads\/2024\/12\/fmp_agricultural-gearbox-HC-RC30-193.webp\" alt=\"fmp_cambio-agricolo-HC-RC30-193\" width=\"400\" height=\"400\" title=\"\" srcset=\"https:\/\/fmp-components.com\/wp-content\/uploads\/2024\/12\/fmp_agricultural-gearbox-HC-RC30-193.webp 400w, https:\/\/fmp-components.com\/wp-content\/uploads\/2024\/12\/fmp_agricultural-gearbox-HC-RC30-193-300x300.webp 300w, https:\/\/fmp-components.com\/wp-content\/uploads\/2024\/12\/fmp_agricultural-gearbox-HC-RC30-193-150x150.webp 150w, https:\/\/fmp-components.com\/wp-content\/uploads\/2024\/12\/fmp_agricultural-gearbox-HC-RC30-193-12x12.webp 12w, https:\/\/fmp-components.com\/wp-content\/uploads\/2024\/12\/fmp_agricultural-gearbox-HC-RC30-193-100x100.webp 100w\" sizes=\"(max-width: 400px) 100vw, 400px\" \/><\/td>\n<\/tr>\n<\/tbody>\n<\/table>\n<table style=\"width: 98.1069%; height: 204px;\" border=\"1\" cellspacing=\"0\" cellpadding=\"0\">\n<tbody>\n<tr>\n<td><strong>ARTICOLO<\/strong><\/td>\n<td>Riduttore per tosaerba FMP-RC30-193<\/td>\n<\/tr>\n<tr>\n<td><strong>Rapporto<\/strong><\/td>\n<td>1:1.93<\/td>\n<\/tr>\n<tr>\n<td><strong>Denti<\/strong><\/td>\n<td>15\/29<\/td>\n<\/tr>\n<tr>\n<td><strong>Modulo<\/strong><\/td>\n<td>4.0<\/td>\n<\/tr>\n<tr>\n<td><strong>Potenza (CV)<\/strong><\/td>\n<td>30<\/td>\n<\/tr>\n<tr>\n<td><strong>Ingresso nominale<\/strong><\/td>\n<td>540 giri al minuto<\/td>\n<\/tr>\n<tr>\n<td><strong>Descrizione di input\/output<\/strong><\/td>\n<td>1-3\/8 Z6\u03c631.75 Asse ottico<\/td>\n<\/tr>\n<tr>\n<td><strong>Peso (NW)<\/strong><\/td>\n<td>24,5 kg<\/td>\n<\/tr>\n<\/tbody>\n<\/table>\n<h2>Alberi cardanici e riduttori agricoli<\/h2>\n<p>Gli alberi della PTO e i riduttori agricoli sono componenti essenziali che lavorano in tandem per trasferire potenza meccanica tra i trattori agricoli e gli attrezzi ad essi collegati. Questi sistemi svolgono un ruolo cruciale nel garantire il regolare funzionamento di vari macchinari agricoli, consentendo ai trattori di svolgere in modo efficiente attivit\u00e0 come la lavorazione del terreno, la falciatura e il trasporto di carichi pesanti.<\/p>\n<p>L&#039;albero PTO (Power Take-Off shaft) \u00e8 un collegamento vitale tra il trattore e l&#039;attrezzatura agricola. Converte l&#039;energia rotazionale del motore in energia meccanica che alimenta vari utensili e macchinari agricoli. Trasferisce la potenza del motore ad altri attrezzi come tosaerba, imballatrici e aratri, l&#039;albero PTO consente al trattore di svolgere pi\u00f9 attivit\u00e0 con facilit\u00e0. Quando funziona correttamente, un albero PTO migliora la versatilit\u00e0 e l&#039;efficienza operativa del trattore. Inoltre, aiuta a ridurre l&#039;usura del motore del trattore e di altri sistemi, garantendo prestazioni a lungo termine.<\/p>\n<p>Un vantaggio fondamentale di un albero PTO \u00e8 la sua capacit\u00e0 di gestire carichi pesanti senza compromettere il motore del trattore. Se utilizzato correttamente, riduce al minimo il rischio di danni sia al trattore che all&#039;operatore. Tuttavia, come qualsiasi componente meccanico, l&#039;albero PTO pu\u00f2 usurarsi nel tempo, soprattutto se non sottoposto a manutenzione adeguata. Ispezioni regolari, lubrificazione e sostituzione tempestiva delle parti usurate sono essenziali per mantenere il sistema PTO efficiente e sicuro.<\/p>\n<p>Il cambio agricolo funziona in combinazione con l&#039;albero della presa di forza, trasferendo e modulando la potenza meccanica per soddisfare le esigenze specifiche dell&#039;attrezzatura azionata. Garantisce che vengano applicate la velocit\u00e0 e la coppia appropriate, a seconda del compito da svolgere. I cambi agricoli sono disponibili in varie configurazioni, tra cui cambi conici, cambi a vite senza fine e cambi epicicloidali, ciascuno progettato per soddisfare specifiche esigenze operative. Ad esempio, i cambi per tosaerba devono fornire una coppia costante ed efficiente durante il funzionamento a velocit\u00e0 inferiori per garantire un taglio preciso.<\/p>\n<p>Quando si seleziona un cambio agricolo, \u00e8 importante considerare fattori quali durata, meccanismo e qualit\u00e0 del materiale. Un cambio durevole realizzato con materiali ad alta resistenza durer\u00e0 per molti anni, riducendo la frequenza delle sostituzioni e i costi di manutenzione. I cambi di alta qualit\u00e0 sono costruiti per resistere a condizioni operative difficili, tra cui l&#039;esposizione a polvere, umidit\u00e0 e carichi pesanti, il che li rende un investimento essenziale per le operazioni agricole a lungo termine.<\/p>\n<p>La longevit\u00e0 del cambio ha un impatto diretto sulle prestazioni complessive e sulla redditivit\u00e0 dei macchinari agricoli. Investire in un cambio ben costruito assicura che continuer\u00e0 a funzionare in modo ottimale per tutto il suo ciclo di vita, evitando costose riparazioni o sostituzioni. Ci\u00f2 \u00e8 particolarmente importante per gli agricoltori che fanno affidamento sui loro macchinari per le operazioni quotidiane, poich\u00e9 tempi di fermo imprevisti possono portare a perdite significative di produttivit\u00e0.<\/p>\n<p>In conclusione, sia gli alberi PTO che i riduttori agricoli sono componenti essenziali per il funzionamento efficiente delle attrezzature agricole. Quando si acquistano questi prodotti, \u00e8 essenziale scegliere opzioni di alta qualit\u00e0 e durevoli che si adattino alle proprie esigenze specifiche. Considerare fattori quali la resistenza del materiale, i requisiti di manutenzione e il tipo di attivit\u00e0 che la macchina eseguir\u00e0. Selezionando i componenti giusti, \u00e8 possibile garantire che il trattore e l&#039;attrezzatura funzionino senza problemi, in modo sicuro ed efficiente per molti anni a venire.<\/p>\n<table style=\"width: 100.747%; height: 471px;\" border=\"1\" cellspacing=\"0\" cellpadding=\"0\">\n<tbody>\n<tr style=\"height: 468px;\">\n<td style=\"width: 49.0831%; height: 468px;\" width=\"110\"><img loading=\"lazy\" decoding=\"async\" class=\"alignnone size-full wp-image-2018\" src=\"https:\/\/fmp-components.com\/wp-content\/uploads\/2024\/12\/PTO-Shafts-and-Agricultural-Gearboxes-1.webp\" alt=\"Alberi cardanici e riduttori agricoli\" width=\"600\" height=\"600\" title=\"\" srcset=\"https:\/\/fmp-components.com\/wp-content\/uploads\/2024\/12\/PTO-Shafts-and-Agricultural-Gearboxes-1.webp 600w, https:\/\/fmp-components.com\/wp-content\/uploads\/2024\/12\/PTO-Shafts-and-Agricultural-Gearboxes-1-480x480.webp 480w\" sizes=\"(min-width: 0px) and (max-width: 480px) 480px, (min-width: 481px) 600px, 100vw\" \/><\/td>\n<td style=\"width: 50.7012%; height: 468px;\" width=\"98\"><img loading=\"lazy\" decoding=\"async\" class=\"alignnone wp-image-2019\" src=\"https:\/\/fmp-components.com\/wp-content\/uploads\/2024\/12\/PTO-Shafts-and-Agricultural-Gearboxes.webp\" alt=\"Alberi cardanici e riduttori agricoli\" width=\"474\" height=\"474\" title=\"\"><\/td>\n<\/tr>\n<\/tbody>\n<\/table>\n<h3>Informazioni su FMP<\/h3>\n<p>Con sede in Italia, FMP \u00e8 un produttore leader riconosciuto per la sua competenza nella progettazione e produzione di riduttori ad alte prestazioni per macchinari agricoli. Rinomati per la nostra ingegneria di precisione, innovazione e affidabilit\u00e0, offriamo un&#039;ampia gamma di prodotti, tra cui riduttori per tosaerba e componenti essenziali come alberi cardanici. La nostra missione \u00e8 quella di fornire soluzioni personalizzate che soddisfino le esigenze uniche dei settori agricolo e industriale, offrendo sia prodotti singoli che sistemi completamente integrati.<\/p>\n<p>In FMP, sappiamo che ogni cliente ha esigenze specifiche, motivo per cui siamo specializzati nell&#039;adattare i nostri prodotti di conseguenza. Che tu abbia bisogno di un cambio specializzato o di un sistema completo, lavoriamo a stretto contatto con te per fornire la soluzione pi\u00f9 efficace ed efficiente. Il nostro impegno per la soddisfazione del cliente si riflette nelle nostre risposte rapide e professionali e nella guida esperta, assicurando che ogni richiesta venga gestita con cura e precisione.<\/p>\n<p>Diamo grande valore alla comunicazione aperta e alla collaborazione continua con i nostri clienti, in particolare quando sviluppiamo nuovi prodotti. Il nostro team lavora a stretto contatto con i clienti per comprendere appieno le loro sfide e offrire spunti che portino a soluzioni ottimali. Sia che sviluppiamo nuovi prodotti o che evadiamo ordini esistenti, ci impegniamo a consegnare prodotti di alta qualit\u00e0 e di precisione nei tempi previsti.<\/p>\n<p>La qualit\u00e0 \u00e8 la pietra angolare di tutto ci\u00f2 che facciamo in FMP. I nostri processi di produzione aderiscono ai pi\u00f9 elevati standard di accuratezza e precisione, assicurando che ogni prodotto sia privo di difetti. Implementiamo rigorose misure di controllo qualit\u00e0 per garantire che tutti i nostri prodotti soddisfino o superino gli standard del settore. Questa incrollabile attenzione alla qualit\u00e0, unita ai nostri valori fondamentali di integrit\u00e0, lavoro di squadra e perseveranza, ci ha aiutato a stabilire relazioni durature con clienti in quasi 30 paesi in tutto il mondo.<\/p>\n<p>FMP \u00e8 sempre aperta a stabilire partnership globali, offrendo consulenza esperta e soluzioni personalizzate. Il nostro approccio va oltre la semplice fornitura di prodotti: puntiamo a coltivare relazioni a lungo termine che favoriscano il successo reciproco. Che tu abbia bisogno di nuove soluzioni o di supporto per sistemi esistenti, FMP \u00e8 impegnata ad affrontare le tue sfide tecniche e ad assicurare il tuo successo continuo.<\/p>\n<p><img loading=\"lazy\" decoding=\"async\" class=\"alignnone size-full wp-image-1861\" src=\"https:\/\/fmp-components.com\/wp-content\/uploads\/2024\/12\/Other-Agricultural-Gearboxes.webp\" sizes=\"(min-width: 0px) and (max-width: 480px) 480px, (min-width: 481px) and (max-width: 980px) 980px, (min-width: 981px) 1200px, 100vw\" srcset=\"https:\/\/fmp-components.com\/wp-content\/uploads\/2024\/12\/Other-Agricultural-Gearboxes.webp 1200w, https:\/\/fmp-components.com\/wp-content\/uploads\/2024\/12\/Other-Agricultural-Gearboxes-980x1143.webp 980w, https:\/\/fmp-components.com\/wp-content\/uploads\/2024\/12\/Other-Agricultural-Gearboxes-480x560.webp 480w\" alt=\"Altri-cambi-agricoli\" width=\"1200\" height=\"1400\" title=\"\"><\/p>\n<p>Autore: CX<\/p>","protected":false},"excerpt":{"rendered":"<p>Agricultural Lawn Mower Gearbox FMP-RC30-193 Specification \u00a0 ITEM Lawnmower Gearbox FMP-RC30-193 Ratio 1:1.93 Teeth 15\/29 Module 4.0 Power(HP) 30 Rated Input 540rpm Input\/Output Description 1-3\/8 Z6\u03c631.75 Optic axis Weight(N.W) 24.5KG PTO Shafts and Agricultural Gearboxes PTO shafts and agricultural gearboxes are essential components that work in tandem to transfer mechanical power between farm tractors and [&hellip;]<\/p>","protected":false},"featured_media":2016,"comment_status":"open","ping_status":"closed","template":"","meta":{"_et_pb_use_builder":"","_et_pb_old_content":"","_et_gb_content_width":""},"product_brand":[],"product_cat":[52],"product_tag":[],"class_list":{"0":"post-2015","1":"product","2":"type-product","3":"status-publish","4":"has-post-thumbnail","6":"product_cat-lawn-mower-gearbox","8":"first","9":"instock","10":"shipping-taxable","11":"product-type-simple"},"_links":{"self":[{"href":"https:\/\/fmp-components.com\/it\/wp-json\/wp\/v2\/product\/2015","targetHints":{"allow":["GET"]}}],"collection":[{"href":"https:\/\/fmp-components.com\/it\/wp-json\/wp\/v2\/product"}],"about":[{"href":"https:\/\/fmp-components.com\/it\/wp-json\/wp\/v2\/types\/product"}],"replies":[{"embeddable":true,"href":"https:\/\/fmp-components.com\/it\/wp-json\/wp\/v2\/comments?post=2015"}],"wp:featuredmedia":[{"embeddable":true,"href":"https:\/\/fmp-components.com\/it\/wp-json\/wp\/v2\/media\/2016"}],"wp:attachment":[{"href":"https:\/\/fmp-components.com\/it\/wp-json\/wp\/v2\/media?parent=2015"}],"wp:term":[{"taxonomy":"product_brand","embeddable":true,"href":"https:\/\/fmp-components.com\/it\/wp-json\/wp\/v2\/product_brand?post=2015"},{"taxonomy":"product_cat","embeddable":true,"href":"https:\/\/fmp-components.com\/it\/wp-json\/wp\/v2\/product_cat?post=2015"},{"taxonomy":"product_tag","embeddable":true,"href":"https:\/\/fmp-components.com\/it\/wp-json\/wp\/v2\/product_tag?post=2015"}],"curies":[{"name":"parola chiave","href":"https:\/\/api.w.org\/{rel}","templated":true}]}}