{"id":2011,"date":"2024-12-27T01:08:17","date_gmt":"2024-12-27T01:08:17","guid":{"rendered":"https:\/\/fmp-components.com\/?page_id=8"},"modified":"2024-12-27T01:08:49","modified_gmt":"2024-12-27T01:08:49","slug":"agricultural-lawn-mower-gearbox-fmp-x30","status":"publish","type":"product","link":"https:\/\/fmp-components.com\/it\/product\/agricultural-lawn-mower-gearbox-fmp-x30\/","title":{"rendered":"Cambio per tosaerba agricolo FMP-X30"},"content":{"rendered":"<h2>Specifiche del cambio per tosaerba agricolo FMP-X30<\/h2>\n<table style=\"width: 96.2203%; height: 596px;\" border=\"1\" width=\"100%\" cellspacing=\"0\" cellpadding=\"0\">\n<tbody>\n<tr>\n<td width=\"110\"><img loading=\"lazy\" decoding=\"async\" class=\"alignnone size-full wp-image-2013\" src=\"https:\/\/fmp-components.com\/wp-content\/uploads\/2024\/12\/FMP_agricultural-gearbox-HC-X30-2.webp\" alt=\"FMP_cambio-agricolo-HC-X30-2\" width=\"500\" height=\"640\" title=\"\" srcset=\"https:\/\/fmp-components.com\/wp-content\/uploads\/2024\/12\/FMP_agricultural-gearbox-HC-X30-2.webp 500w, https:\/\/fmp-components.com\/wp-content\/uploads\/2024\/12\/FMP_agricultural-gearbox-HC-X30-2-480x614.webp 480w\" sizes=\"(min-width: 0px) and (max-width: 480px) 480px, (min-width: 481px) 500px, 100vw\" \/><\/td>\n<td width=\"98\"><img loading=\"lazy\" decoding=\"async\" class=\"alignnone size-full wp-image-2014\" src=\"https:\/\/fmp-components.com\/wp-content\/uploads\/2024\/12\/FMP_agricultural-gearbox-HC-X30.webp\" alt=\"FMP_cambio-agricolo-HC-X30\" width=\"400\" height=\"400\" title=\"\" srcset=\"https:\/\/fmp-components.com\/wp-content\/uploads\/2024\/12\/FMP_agricultural-gearbox-HC-X30.webp 400w, https:\/\/fmp-components.com\/wp-content\/uploads\/2024\/12\/FMP_agricultural-gearbox-HC-X30-300x300.webp 300w, https:\/\/fmp-components.com\/wp-content\/uploads\/2024\/12\/FMP_agricultural-gearbox-HC-X30-150x150.webp 150w, https:\/\/fmp-components.com\/wp-content\/uploads\/2024\/12\/FMP_agricultural-gearbox-HC-X30-12x12.webp 12w, https:\/\/fmp-components.com\/wp-content\/uploads\/2024\/12\/FMP_agricultural-gearbox-HC-X30-100x100.webp 100w\" sizes=\"(max-width: 400px) 100vw, 400px\" \/><\/td>\n<\/tr>\n<\/tbody>\n<\/table>\n<table style=\"width: 95.4348%; height: 240px;\" border=\"1\">\n<tbody>\n<tr>\n<td><strong>ARTICOLO<\/strong><\/td>\n<td><strong>FMP\u201301-609<\/strong><\/td>\n<td><strong>FMP\u201301-723<\/strong><\/td>\n<td><strong>Codice FMP-01-611<\/strong><\/td>\n<\/tr>\n<tr>\n<td><strong>Rapporto<\/strong><\/td>\n<td>1:1.47<\/td>\n<td>1:1.69<\/td>\n<td>1:1.93<\/td>\n<\/tr>\n<tr>\n<td><strong>Denti<\/strong><\/td>\n<td>15\/22<\/td>\n<td>13\/22<\/td>\n<td>15\/29<\/td>\n<\/tr>\n<tr>\n<td><strong>Modulo<\/strong><\/td>\n<td>\u00a05.08<\/td>\n<td>5.0<\/td>\n<td>4.0<\/td>\n<\/tr>\n<tr>\n<td><strong>Potenza (CV)<\/strong><\/td>\n<td>35<\/td>\n<td>35<\/td>\n<td>30<\/td>\n<\/tr>\n<tr>\n<td><strong>Ingresso nominale<\/strong><\/td>\n<td>540 giri al minuto<\/td>\n<td>540 giri al minuto<\/td>\n<td>540 giri al minuto<\/td>\n<\/tr>\n<tr>\n<td><strong>Descrizione di input\/output<\/strong><\/td>\n<td colspan=\"3\">\u00a01 3\/8 Z6 Asse ottico Base conica Albero scanalato equilatero<\/td>\n<\/tr>\n<tr>\n<td><strong>Peso (NW)<\/strong><\/td>\n<td colspan=\"3\">26,5 kg<\/td>\n<\/tr>\n<\/tbody>\n<\/table>\n<h3>Servizio personalizzato di cambio agricolo<\/h3>\n<p>Offriamo un&#039;ampia gamma di riduttori per tosaerba con la flessibilit\u00e0 di produrre soluzioni personalizzate in base alle vostre specifiche esigenze. Sia che forniate un disegno o un campione, possiamo realizzare riduttori su misura per le vostre esigenze. Di seguito sono riportate alcune delle caratteristiche principali del nostro riduttore per tosaerba agricolo EP-X30:<\/p>\n<ol>\n<li><strong>Elevata coppia di uscita<\/strong> \u2013 Offre prestazioni potenti per applicazioni impegnative.<\/li>\n<li><strong>Affidabile e durevole<\/strong> \u2013 Progettato per garantire sicurezza, affidabilit\u00e0 e longevit\u00e0, garantendo un funzionamento a lungo termine.<\/li>\n<li><strong>Trasmissione stabile e funzionamento silenzioso<\/strong> \u2013 Funzionamento fluido e silenzioso per un ambiente di lavoro pi\u00f9 efficiente e confortevole.<\/li>\n<li><strong>Elevata capacit\u00e0 di carico<\/strong> \u2013 Progettato per gestire facilmente carichi pesanti.<\/li>\n<li><strong>Design modulare<\/strong> \u2013 Facilmente adattabile a varie fonti di alimentazione in ingresso. Lo stesso modello di riduttore pu\u00f2 essere equipaggiato con diversi tipi di motori, consentendo facili configurazioni e interconnessioni della macchina.<\/li>\n<li><strong>Ampia gamma di trasmissione<\/strong> \u2013 Offre un&#039;ampia gamma di rapporti di trasmissione ottimizzati, consentendo uscite con velocit\u00e0 di rotazione molto basse.<\/li>\n<li><strong>Installazione flessibile<\/strong> \u2013 Pu\u00f2 essere installato in diverse posizioni, garantendo maggiore versatilit\u00e0 nella progettazione della macchina.<\/li>\n<li><strong>Alta resistenza<\/strong> \u2013 Il corpo del cambio \u00e8 realizzato in ghisa ad alta resistenza, mentre ingranaggi e alberi sono sottoposti a cementazione a gas, tempra e rettifica di precisione, per un&#039;elevata capacit\u00e0 di carico.<\/li>\n<li><strong>Lunga durata di servizio<\/strong> \u2013 Con una selezione e una manutenzione adeguate, la durata dei componenti principali del riduttore (escluse le parti soggette a usura) pu\u00f2 superare le 20.000 ore.<\/li>\n<li><strong>Funzionamento a basso rumore<\/strong> \u2013 Processi di produzione e collaudo critici garantiscono che il cambio funzioni con il minimo rumore.<\/li>\n<li><strong>Progettazione di ingranaggi conici ad asse parallelo<\/strong> \u2013 Presenta una configurazione con ruote coniche ad asse parallelo per una riduzione efficiente della velocit\u00e0.<\/li>\n<\/ol>\n<p>In FMP, ci impegniamo a fornire riduttori personalizzati di alta qualit\u00e0 che soddisfino le esigenze specifiche dei tuoi macchinari agricoli. Che tu abbia bisogno di un modello standard o di una soluzione su misura, lavoriamo a stretto contatto con te per fornire i migliori risultati.<\/p>\n<p><img loading=\"lazy\" decoding=\"async\" class=\"alignnone size-full wp-image-2009\" src=\"https:\/\/fmp-components.com\/wp-content\/uploads\/2024\/12\/Lawn-Mower-Gearbox-Suppliers-6.webp\" alt=\"Scatola ingranaggi tosaerba\" width=\"1000\" height=\"445\" title=\"\" srcset=\"https:\/\/fmp-components.com\/wp-content\/uploads\/2024\/12\/Lawn-Mower-Gearbox-Suppliers-6.webp 1000w, https:\/\/fmp-components.com\/wp-content\/uploads\/2024\/12\/Lawn-Mower-Gearbox-Suppliers-6-980x436.webp 980w, https:\/\/fmp-components.com\/wp-content\/uploads\/2024\/12\/Lawn-Mower-Gearbox-Suppliers-6-480x214.webp 480w\" sizes=\"(min-width: 0px) and (max-width: 480px) 480px, (min-width: 481px) and (max-width: 980px) 980px, (min-width: 981px) 1000px, 100vw\" \/><\/p>\n<h3>Informazioni su FMP<\/h3>\n<p>FMP, con sede in Italia, \u00e8 un produttore leader riconosciuto per la sua competenza nella progettazione e produzione di riduttori ad alte prestazioni per macchinari agricoli. Noti per la nostra ingegneria di precisione, innovazione e affidabilit\u00e0, offriamo una vasta gamma di prodotti, tra cui riduttori per tosaerba e componenti chiave come alberi cardanici. La nostra missione \u00e8 quella di fornire soluzioni su misura che rispondano alle esigenze uniche dei settori agricolo e industriale, fornendo sia prodotti autonomi che sistemi completamente integrati.<\/p>\n<p>In FMP, sappiamo che ogni cliente ha esigenze specifiche, motivo per cui siamo specializzati nella personalizzazione dei nostri prodotti per soddisfare queste esigenze specifiche. Che tu abbia bisogno di un cambio specializzato o di un sistema completo, collaboriamo a stretto contatto con te per fornire la soluzione pi\u00f9 efficiente ed efficace. Il nostro impegno per la soddisfazione del cliente si riflette nelle nostre risposte rapide e professionali e nella guida esperta, assicurando che ogni richiesta venga gestita con precisione e cura.<\/p>\n<p>Diamo grande valore alla comunicazione aperta e alla collaborazione continua con i nostri clienti, in particolare quando sviluppiamo nuovi prodotti. Il nostro team lavora a stretto contatto con i clienti per comprendere appieno le loro sfide e offrire spunti che portino a soluzioni ottimali. Sia che sviluppiamo nuovi prodotti o che soddisfiamo ordini esistenti, ci impegniamo a consegnare prodotti di alta qualit\u00e0 e di precisione nei tempi previsti.<\/p>\n<p>La qualit\u00e0 \u00e8 il fondamento di tutto ci\u00f2 che facciamo in FMP. I nostri processi di produzione aderiscono ai pi\u00f9 elevati standard di accuratezza, assicurando che ogni prodotto sia privo di difetti. Implementiamo rigide misure di controllo qualit\u00e0 per garantire che tutti i nostri prodotti soddisfino o superino gli standard del settore. Questa incrollabile attenzione alla qualit\u00e0, unita ai nostri valori fondamentali di integrit\u00e0, lavoro di squadra e perseveranza, ci ha permesso di costruire relazioni solide e durature con i clienti in quasi 30 paesi in tutto il mondo.<\/p>\n<p>FMP \u00e8 sempre aperta a partnership globali, offrendo consulenza esperta e soluzioni personalizzate. Il nostro approccio va oltre la semplice fornitura di prodotti: puntiamo a coltivare relazioni a lungo termine che favoriscano il successo reciproco. Che tu abbia bisogno di nuove soluzioni o di supporto per sistemi esistenti, FMP si impegna ad affrontare le tue sfide tecniche e ad assicurare il tuo successo continuo.<\/p>\n<p><img loading=\"lazy\" decoding=\"async\" class=\"alignnone size-full wp-image-1861\" src=\"https:\/\/fmp-components.com\/wp-content\/uploads\/2024\/12\/Other-Agricultural-Gearboxes.webp\" sizes=\"(min-width: 0px) and (max-width: 480px) 480px, (min-width: 481px) and (max-width: 980px) 980px, (min-width: 981px) 1200px, 100vw\" srcset=\"https:\/\/fmp-components.com\/wp-content\/uploads\/2024\/12\/Other-Agricultural-Gearboxes.webp 1200w, https:\/\/fmp-components.com\/wp-content\/uploads\/2024\/12\/Other-Agricultural-Gearboxes-980x1143.webp 980w, https:\/\/fmp-components.com\/wp-content\/uploads\/2024\/12\/Other-Agricultural-Gearboxes-480x560.webp 480w\" alt=\"Altri-cambi-agricoli\" width=\"1200\" height=\"1400\" title=\"\"><\/p>\n<p>Autore: CX<\/p>\n<p>&nbsp;<\/p>","protected":false},"excerpt":{"rendered":"<p>Agricultural Lawn Mower Gearbox FMP-X30 Specification ITEM FMP&#8211;01-609 FMP&#8211;01-723 FMP&#8211;01-611 Ratio 1:1.47 1:1.69 1:1.93 Teeth 15\/22 13\/22 15\/29 Module \u00a05.08 5.0 4.0 Power(HP) 35 35 30 Rated Input 540rpm 540rpm 540rpm Input\/Output Description \u00a01 3\/8 Z6 Optic axis Cone base aequilate spline shaft Weight(N.W) 26.5KG Customized Agricultural Gearbox Service We offer a wide range of [&hellip;]<\/p>","protected":false},"featured_media":2014,"comment_status":"open","ping_status":"closed","template":"","meta":{"_et_pb_use_builder":"","_et_pb_old_content":"","_et_gb_content_width":""},"product_brand":[],"product_cat":[52],"product_tag":[],"class_list":{"0":"post-2011","1":"product","2":"type-product","3":"status-publish","4":"has-post-thumbnail","6":"product_cat-lawn-mower-gearbox","8":"first","9":"instock","10":"shipping-taxable","11":"product-type-simple"},"_links":{"self":[{"href":"https:\/\/fmp-components.com\/it\/wp-json\/wp\/v2\/product\/2011","targetHints":{"allow":["GET"]}}],"collection":[{"href":"https:\/\/fmp-components.com\/it\/wp-json\/wp\/v2\/product"}],"about":[{"href":"https:\/\/fmp-components.com\/it\/wp-json\/wp\/v2\/types\/product"}],"replies":[{"embeddable":true,"href":"https:\/\/fmp-components.com\/it\/wp-json\/wp\/v2\/comments?post=2011"}],"wp:featuredmedia":[{"embeddable":true,"href":"https:\/\/fmp-components.com\/it\/wp-json\/wp\/v2\/media\/2014"}],"wp:attachment":[{"href":"https:\/\/fmp-components.com\/it\/wp-json\/wp\/v2\/media?parent=2011"}],"wp:term":[{"taxonomy":"product_brand","embeddable":true,"href":"https:\/\/fmp-components.com\/it\/wp-json\/wp\/v2\/product_brand?post=2011"},{"taxonomy":"product_cat","embeddable":true,"href":"https:\/\/fmp-components.com\/it\/wp-json\/wp\/v2\/product_cat?post=2011"},{"taxonomy":"product_tag","embeddable":true,"href":"https:\/\/fmp-components.com\/it\/wp-json\/wp\/v2\/product_tag?post=2011"}],"curies":[{"name":"parola chiave","href":"https:\/\/api.w.org\/{rel}","templated":true}]}}