{"id":1999,"date":"2024-12-26T08:44:59","date_gmt":"2024-12-26T08:44:59","guid":{"rendered":"https:\/\/fmp-components.com\/?page_id=8"},"modified":"2024-12-27T00:36:22","modified_gmt":"2024-12-27T00:36:22","slug":"fmp-1zs-380-lawn-mower-gearbox","status":"publish","type":"product","link":"https:\/\/fmp-components.com\/it\/product\/fmp-1zs-380-lawn-mower-gearbox\/","title":{"rendered":"FMP-1ZS-380 Scatola ingranaggi tosaerba"},"content":{"rendered":"<p><img loading=\"lazy\" decoding=\"async\" class=\"size-full wp-image-2005 aligncenter\" src=\"https:\/\/fmp-components.com\/wp-content\/uploads\/2024\/12\/FMP_agricultural-gearbox-HC-1ZS-380.webp\" alt=\"FMP_cambio-agricolo-HC-1ZS-380\" width=\"400\" height=\"400\" title=\"\" srcset=\"https:\/\/fmp-components.com\/wp-content\/uploads\/2024\/12\/FMP_agricultural-gearbox-HC-1ZS-380.webp 400w, https:\/\/fmp-components.com\/wp-content\/uploads\/2024\/12\/FMP_agricultural-gearbox-HC-1ZS-380-300x300.webp 300w, https:\/\/fmp-components.com\/wp-content\/uploads\/2024\/12\/FMP_agricultural-gearbox-HC-1ZS-380-150x150.webp 150w, https:\/\/fmp-components.com\/wp-content\/uploads\/2024\/12\/FMP_agricultural-gearbox-HC-1ZS-380-12x12.webp 12w, https:\/\/fmp-components.com\/wp-content\/uploads\/2024\/12\/FMP_agricultural-gearbox-HC-1ZS-380-100x100.webp 100w\" sizes=\"(max-width: 400px) 100vw, 400px\" \/><\/p>\n<h2>Specifiche del cambio del tosaerba FMP-1ZS-380<\/h2>\n<p><img loading=\"lazy\" decoding=\"async\" class=\"alignnone wp-image-2000\" src=\"https:\/\/fmp-components.com\/wp-content\/uploads\/2024\/12\/fmp_agricultural-gearbox-HC-1ZS-380-1.webp\" alt=\"fmp_cambio-agricolo-HC-1ZS-380-1\" width=\"806\" height=\"307\" title=\"\" srcset=\"https:\/\/fmp-components.com\/wp-content\/uploads\/2024\/12\/fmp_agricultural-gearbox-HC-1ZS-380-1.webp 806w, https:\/\/fmp-components.com\/wp-content\/uploads\/2024\/12\/fmp_agricultural-gearbox-HC-1ZS-380-1-480x183.webp 480w\" sizes=\"(min-width: 0px) and (max-width: 480px) 480px, (min-width: 481px) 806px, 100vw\" \/><\/p>\n<table style=\"width: 85.3964%; height: 238px;\" border=\"1\">\n<tbody>\n<tr>\n<td style=\"width: 37.4684%;\">ARTICOLO<\/td>\n<td style=\"width: 61.7722%;\">FMP-1ZS-380 Scatola ingranaggi tosaerba<\/td>\n<\/tr>\n<tr>\n<td style=\"width: 37.4684%;\">Rapporto<\/td>\n<td style=\"width: 61.7722%;\">1:1.24<\/td>\n<\/tr>\n<tr>\n<td style=\"width: 37.4684%;\">Denti<\/td>\n<td style=\"width: 61.7722%;\">21\/17\/17\/17<\/td>\n<\/tr>\n<tr>\n<td style=\"width: 37.4684%;\">Modulo<\/td>\n<td style=\"width: 61.7722%;\">7.0<\/td>\n<\/tr>\n<tr>\n<td style=\"width: 37.4684%;\">Potenza (HP)<\/td>\n<td style=\"width: 61.7722%;\">100<\/td>\n<\/tr>\n<tr>\n<td style=\"width: 37.4684%;\">Ingresso nominale<\/td>\n<td style=\"width: 61.7722%;\">540 giri al minuto<\/td>\n<\/tr>\n<tr>\n<td style=\"width: 37.4684%;\">Descrizione di input\/output<\/td>\n<td style=\"width: 61.7722%;\">\u00a0Scanalatura<\/td>\n<\/tr>\n<tr>\n<td style=\"width: 37.4684%;\">Peso (NW)<\/td>\n<td style=\"width: 61.7722%;\">42,5 kg<\/td>\n<\/tr>\n<\/tbody>\n<\/table>\n<h3>Vantaggi del cambio del tosaerba FMP-1ZS-380<\/h3>\n<ol>\n<li><strong>Alte prestazioni ed efficienza<\/strong><br \/>\nIl cambio del tosaerba FMP-1ZS-380 \u00e8 progettato per una trasmissione di potenza ottimale, assicurando che il tosaerba funzioni al massimo dell&#039;efficienza. Offre prestazioni affidabili e costanti, rendendolo adatto a varie applicazioni di cura del prato, dai piccoli giardini residenziali alle pi\u00f9 grandi attivit\u00e0 di taglio commerciali.<\/li>\n<li><strong>Durata e longevit\u00e0<\/strong><br \/>\nCostruito con materiali di alta qualit\u00e0 e ingegneria di precisione, l&#039;FMP-1ZS-380 \u00e8 progettato per resistere all&#039;usura di un uso intensivo. Il suo design robusto assicura durevolezza, offrendo una lunga durata anche in condizioni operative difficili.<\/li>\n<li><strong>Opzioni di personalizzazione<\/strong><br \/>\nFMP offre la personalizzazione per soddisfare requisiti applicativi specifici. Che tu abbia bisogno di regolazioni dei rapporti di trasmissione, configurazioni di montaggio o altre specifiche tecniche, FMP-1ZS-380 pu\u00f2 essere personalizzato per soddisfare le tue esigenze specifiche.<\/li>\n<li><strong>Facile manutenzione<\/strong><br \/>\nIl cambio \u00e8 progettato per una facile manutenzione. La sua struttura user-friendly assicura una manutenzione rapida e semplice, riducendo i tempi di fermo e consentendo agli operatori di mantenere prestazioni ottimali con il minimo sforzo.<\/li>\n<li><strong>Basso rumore e vibrazioni<\/strong><br \/>\nIl modello FMP-1ZS-380 \u00e8 progettato con caratteristiche di riduzione del rumore per garantire un funzionamento pi\u00f9 silenzioso. Ci\u00f2 lo rende ideale per ambienti in cui i livelli di rumore devono essere mantenuti al minimo, pur fornendo un efficace trasferimento di potenza alle lame del tosaerba.<\/li>\n<li><strong>Design compatto e leggero<\/strong><br \/>\nNonostante le sue prestazioni potenti, l&#039;FMP-1ZS-380 presenta un design compatto e leggero. Ci\u00f2 garantisce che possa essere facilmente integrato in vari modelli di tosaerba senza aggiungere peso non necessario, migliorando la manovrabilit\u00e0 e la facilit\u00e0 d&#039;uso.<\/li>\n<li><strong>Ingegneria di precisione<\/strong><br \/>\nRealizzato con rigorosi standard di controllo qualit\u00e0, l&#039;FMP-1ZS-380 \u00e8 dotato di ingranaggi di precisione che riducono il gioco e migliorano le prestazioni complessive. Ci\u00f2 garantisce un funzionamento pi\u00f9 fluido, migliorando la qualit\u00e0 dei risultati di taglio.<\/li>\n<\/ol>\n<p>In sintesi, il cambio del tosaerba FMP-1ZS-380 combina elevate prestazioni, durata, facilit\u00e0 di manutenzione e opzioni di personalizzazione, rendendolo la scelta ideale sia per applicazioni di taglio residenziali che commerciali.<\/p>\n<p><img loading=\"lazy\" decoding=\"async\" class=\"alignnone size-full wp-image-1994\" src=\"https:\/\/fmp-components.com\/wp-content\/uploads\/2024\/12\/Lawn-Mower-Gearbox-7.webp\" alt=\"Scatola ingranaggi tosaerba\" width=\"1502\" height=\"805\" title=\"\" srcset=\"https:\/\/fmp-components.com\/wp-content\/uploads\/2024\/12\/Lawn-Mower-Gearbox-7.webp 1502w, https:\/\/fmp-components.com\/wp-content\/uploads\/2024\/12\/Lawn-Mower-Gearbox-7-1280x686.webp 1280w, https:\/\/fmp-components.com\/wp-content\/uploads\/2024\/12\/Lawn-Mower-Gearbox-7-980x525.webp 980w, https:\/\/fmp-components.com\/wp-content\/uploads\/2024\/12\/Lawn-Mower-Gearbox-7-480x257.webp 480w\" sizes=\"(min-width: 0px) and (max-width: 480px) 480px, (min-width: 481px) and (max-width: 980px) 980px, (min-width: 981px) and (max-width: 1280px) 1280px, (min-width: 1281px) 1502px, 100vw\" \/><\/p>\n<h3>Informazioni su FMP<\/h3>\n<p>FMP, con sede in Italia, \u00e8 un produttore leader specializzato in riduttori ad alte prestazioni per macchinari agricoli. Noti per l&#039;ingegneria di precisione, l&#039;innovazione e l&#039;affidabilit\u00e0, offriamo un&#039;ampia gamma di riduttori, tra cui riduttori per tosaerba e componenti essenziali come alberi cardanici. La nostra missione \u00e8 quella di fornire soluzioni su misura che soddisfino le esigenze specifiche dei settori agricolo e industriale, sia tramite singoli prodotti che sistemi integrati.<\/p>\n<p>Sappiamo che ogni cliente ha esigenze uniche, motivo per cui siamo eccellenti nel personalizzare i nostri prodotti per soddisfare tali esigenze. Che tu abbia bisogno di un cambio specializzato o di un sistema completo, lavoriamo a stretto contatto con te per fornire le soluzioni pi\u00f9 efficaci ed efficienti. Le nostre risposte rapide e professionali, unite alla consulenza di esperti, garantiscono che ogni richiesta venga gestita con cura e precisione.<\/p>\n<p>In FMP, diamo priorit\u00e0 alla comunicazione aperta e alla collaborazione, soprattutto quando sviluppiamo nuovi prodotti. Il nostro team lavora a fianco dei clienti per comprendere le loro sfide e fornire approfondimenti che portino a soluzioni ottimali. Ci impegniamo a consegnare prodotti di alta qualit\u00e0 e di precisione nei tempi previsti, sia per nuovi sviluppi che per ordini esistenti.<\/p>\n<p>La qualit\u00e0 \u00e8 al centro delle operazioni di FMP. I nostri processi di produzione aderiscono ai pi\u00f9 elevati standard, assicurando accuratezza e zero difetti. Un rigoroso controllo di qualit\u00e0 garantisce che ogni prodotto soddisfi o superi gli standard del settore. Questo impegno per la qualit\u00e0, unito ai nostri valori fondamentali di integrit\u00e0, lavoro di squadra e perseveranza, ci ha permesso di costruire solide relazioni con i clienti in quasi 30 paesi.<\/p>\n<p>FMP \u00e8 sempre aperta a partnership globali, offrendo consulenza esperta e soluzioni personalizzate. Il nostro approccio va oltre la semplice fornitura di prodotti; puntiamo a costruire relazioni a lungo termine che guidino il successo reciproco. Che tu abbia bisogno di nuove soluzioni o di supporto per sistemi esistenti, FMP \u00e8 impegnata ad affrontare le tue sfide tecniche e ad assicurare un successo continuo.<\/p>\n<p><img loading=\"lazy\" decoding=\"async\" class=\"alignnone size-full wp-image-1861\" src=\"https:\/\/fmp-components.com\/wp-content\/uploads\/2024\/12\/Other-Agricultural-Gearboxes.webp\" sizes=\"(min-width: 0px) and (max-width: 480px) 480px, (min-width: 481px) and (max-width: 980px) 980px, (min-width: 981px) 1200px, 100vw\" srcset=\"https:\/\/fmp-components.com\/wp-content\/uploads\/2024\/12\/Other-Agricultural-Gearboxes.webp 1200w, https:\/\/fmp-components.com\/wp-content\/uploads\/2024\/12\/Other-Agricultural-Gearboxes-980x1143.webp 980w, https:\/\/fmp-components.com\/wp-content\/uploads\/2024\/12\/Other-Agricultural-Gearboxes-480x560.webp 480w\" alt=\"Altri-cambi-agricoli\" width=\"1200\" height=\"1400\" title=\"\"><\/p>\n<p>Autore: CX<\/p>","protected":false},"excerpt":{"rendered":"<p>FMP-1ZS-380 Lawn Mower Gearbox Specification ITEM FMP-1ZS-380 Lawn Mower Gearbox Ratio 1:1.24 Teeth 21\/17\/17\/17 Module 7.0 Power\uff08HP\uff09 100 Rated Input 540rpm Input\/Output description \u00a0Spline Weight\uff08N.W\uff09 42.5Kg Advantages of FMP-1ZS-380 Lawn Mower Gearbox High Performance &amp; Efficiency The FMP-1ZS-380 lawn mower gearbox is designed for optimal power transmission, ensuring that the mower operates at peak efficiency. [&hellip;]<\/p>","protected":false},"featured_media":2005,"comment_status":"open","ping_status":"closed","template":"","meta":{"_et_pb_use_builder":"","_et_pb_old_content":"","_et_gb_content_width":""},"product_brand":[],"product_cat":[52],"product_tag":[],"class_list":{"0":"post-1999","1":"product","2":"type-product","3":"status-publish","4":"has-post-thumbnail","6":"product_cat-lawn-mower-gearbox","8":"first","9":"instock","10":"shipping-taxable","11":"product-type-simple"},"_links":{"self":[{"href":"https:\/\/fmp-components.com\/it\/wp-json\/wp\/v2\/product\/1999","targetHints":{"allow":["GET"]}}],"collection":[{"href":"https:\/\/fmp-components.com\/it\/wp-json\/wp\/v2\/product"}],"about":[{"href":"https:\/\/fmp-components.com\/it\/wp-json\/wp\/v2\/types\/product"}],"replies":[{"embeddable":true,"href":"https:\/\/fmp-components.com\/it\/wp-json\/wp\/v2\/comments?post=1999"}],"wp:featuredmedia":[{"embeddable":true,"href":"https:\/\/fmp-components.com\/it\/wp-json\/wp\/v2\/media\/2005"}],"wp:attachment":[{"href":"https:\/\/fmp-components.com\/it\/wp-json\/wp\/v2\/media?parent=1999"}],"wp:term":[{"taxonomy":"product_brand","embeddable":true,"href":"https:\/\/fmp-components.com\/it\/wp-json\/wp\/v2\/product_brand?post=1999"},{"taxonomy":"product_cat","embeddable":true,"href":"https:\/\/fmp-components.com\/it\/wp-json\/wp\/v2\/product_cat?post=1999"},{"taxonomy":"product_tag","embeddable":true,"href":"https:\/\/fmp-components.com\/it\/wp-json\/wp\/v2\/product_tag?post=1999"}],"curies":[{"name":"parola chiave","href":"https:\/\/api.w.org\/{rel}","templated":true}]}}