{"id":1993,"date":"2024-12-26T08:39:30","date_gmt":"2024-12-26T08:39:30","guid":{"rendered":"https:\/\/fmp-components.com\/?page_id=8"},"modified":"2024-12-26T08:43:04","modified_gmt":"2024-12-26T08:43:04","slug":"agricultural-lawn-mower-gearbox-fmp-966109","status":"publish","type":"product","link":"https:\/\/fmp-components.com\/it\/product\/agricultural-lawn-mower-gearbox-fmp-966109\/","title":{"rendered":"Scatola ingranaggi tosaerba agricolo FMP-966109"},"content":{"rendered":"<h2>Specifiche del cambio del tosaerba agricolo FMP-966109<\/h2>\n<p><img loading=\"lazy\" decoding=\"async\" class=\"size-full wp-image-1997 alignleft\" src=\"https:\/\/fmp-components.com\/wp-content\/uploads\/2024\/12\/fmp_agricultural-gearbox-HC-GS4RC-2-1.webp\" alt=\"fmp_cambio-agricolo-HC-GS4RC-2-1\" width=\"506\" height=\"640\" title=\"\" srcset=\"https:\/\/fmp-components.com\/wp-content\/uploads\/2024\/12\/fmp_agricultural-gearbox-HC-GS4RC-2-1.webp 506w, https:\/\/fmp-components.com\/wp-content\/uploads\/2024\/12\/fmp_agricultural-gearbox-HC-GS4RC-2-1-480x607.webp 480w\" sizes=\"(min-width: 0px) and (max-width: 480px) 480px, (min-width: 481px) 506px, 100vw\" \/><img loading=\"lazy\" decoding=\"async\" class=\"wp-image-1996 aligncenter\" src=\"https:\/\/fmp-components.com\/wp-content\/uploads\/2024\/12\/FMP_agricultural-gearbox-HC-966109.webp\" alt=\"FMP_cambio-agricolo-HC-966109\" width=\"383\" height=\"383\" title=\"\" srcset=\"https:\/\/fmp-components.com\/wp-content\/uploads\/2024\/12\/FMP_agricultural-gearbox-HC-966109.webp 400w, https:\/\/fmp-components.com\/wp-content\/uploads\/2024\/12\/FMP_agricultural-gearbox-HC-966109-300x300.webp 300w, https:\/\/fmp-components.com\/wp-content\/uploads\/2024\/12\/FMP_agricultural-gearbox-HC-966109-150x150.webp 150w, https:\/\/fmp-components.com\/wp-content\/uploads\/2024\/12\/FMP_agricultural-gearbox-HC-966109-12x12.webp 12w, https:\/\/fmp-components.com\/wp-content\/uploads\/2024\/12\/FMP_agricultural-gearbox-HC-966109-100x100.webp 100w\" sizes=\"(max-width: 383px) 100vw, 383px\" \/><\/p>\n<table style=\"width: 92.3941%; height: 221px;\" border=\"1\">\n<tbody>\n<tr>\n<td style=\"width: 31.5789%;\"><strong>ARTICOLO<\/strong><\/td>\n<td style=\"width: 67.7193%;\">Codice FMP-966109<\/td>\n<\/tr>\n<tr>\n<td style=\"width: 31.5789%;\"><strong>Rapporto<\/strong><\/td>\n<td style=\"width: 67.7193%;\">1:1.47\/1:1.93<\/td>\n<\/tr>\n<tr>\n<td style=\"width: 31.5789%;\"><strong>Denti<\/strong><\/td>\n<td style=\"width: 67.7193%;\">13\/19 14\/27<\/td>\n<\/tr>\n<tr>\n<td style=\"width: 31.5789%;\"><strong>Modulo<\/strong><\/td>\n<td style=\"width: 67.7193%;\">\u00a07.0 \/5.5<\/td>\n<\/tr>\n<tr>\n<td style=\"width: 31.5789%;\"><strong>Potenza (CV)<\/strong><\/td>\n<td style=\"width: 67.7193%;\">60<\/td>\n<\/tr>\n<tr>\n<td style=\"width: 31.5789%;\"><strong>Ingresso nominale<\/strong><\/td>\n<td style=\"width: 67.7193%;\">540 giri al minuto<\/td>\n<\/tr>\n<tr>\n<td style=\"width: 31.5789%;\"><strong>Descrizione di input\/output<\/strong><\/td>\n<td style=\"width: 67.7193%;\">\u00a01 3\/8 Z6\/1 3\/4 Z20 Ottica ax1 Taper spline<\/td>\n<\/tr>\n<tr>\n<td style=\"width: 31.5789%;\"><strong>Peso (NW)<\/strong><\/td>\n<td style=\"width: 67.7193%;\">29KG<\/td>\n<\/tr>\n<\/tbody>\n<\/table>\n<h2>Progettazione delle parti del cambio del tosaerba<\/h2>\n<p><img loading=\"lazy\" decoding=\"async\" class=\"alignnone size-full wp-image-1995\" src=\"https:\/\/fmp-components.com\/wp-content\/uploads\/2024\/12\/Lawn-Mower-Gearbox-Parts-Design.webp\" alt=\"Scatola ingranaggi tosaerba\" width=\"1000\" height=\"614\" title=\"\" srcset=\"https:\/\/fmp-components.com\/wp-content\/uploads\/2024\/12\/Lawn-Mower-Gearbox-Parts-Design.webp 1000w, https:\/\/fmp-components.com\/wp-content\/uploads\/2024\/12\/Lawn-Mower-Gearbox-Parts-Design-980x602.webp 980w, https:\/\/fmp-components.com\/wp-content\/uploads\/2024\/12\/Lawn-Mower-Gearbox-Parts-Design-480x295.webp 480w\" sizes=\"(min-width: 0px) and (max-width: 480px) 480px, (min-width: 481px) and (max-width: 980px) 980px, (min-width: 981px) 1000px, 100vw\" \/><\/p>\n<h3>Caratteristiche del cambio del tosaerba agricolo<\/h3>\n<ol>\n<li><strong>Rapporti di trasmissione personalizzabili<\/strong>: Offriamo una variet\u00e0 di rapporti di trasmissione su misura per soddisfare le vostre esigenze specifiche.<\/li>\n<li><strong>Controllo di qualit\u00e0 professionale<\/strong>:Il nostro reparto dedicato al controllo qualit\u00e0 utilizza apparecchiature di ispezione all&#039;avanguardia per garantire dimensioni precise, gioco minimo e bassi livelli di rumorosit\u00e0 in ogni riduttore.<\/li>\n<li><strong>Capacit\u00e0 ODM e OEM<\/strong>:Il nostro reparto tecnologico \u00e8 attrezzato per progettare e sviluppare riduttori personalizzati in base alle vostre specifiche esigenze, fornendo sia servizi di progettazione originale del produttore (ODM) che di produzione di apparecchiature originali (OEM).<\/li>\n<li><strong>Periodo di garanzia<\/strong>: Offriamo un periodo di garanzia da 1,5 a 2 anni per assicurare la longevit\u00e0 e l&#039;affidabilit\u00e0 dei nostri prodotti.<\/li>\n<li><strong>Ampia esperienza<\/strong>: Con oltre 20 anni di esperienza nel settore, i nostri riduttori sono noti per la loro sicurezza, affidabilit\u00e0, convenienza e durata.<\/li>\n<li><strong>Controllo rigoroso dell&#039;imballaggio e della consegna<\/strong>: Tutti i nostri lavoratori sono altamente qualificati per garantire il rispetto dei pi\u00f9 elevati standard qualitativi. Ogni cambio viene sottoposto a ispezione 100% prima della spedizione per garantire prestazioni impeccabili.<\/li>\n<\/ol>\n<p>Ci impegniamo a fornire design eccezionali, controllo di qualit\u00e0 professionale, prezzi competitivi e un servizio clienti eccezionale per soddisfare le vostre esigenze.<\/p>\n<p><img loading=\"lazy\" decoding=\"async\" class=\"alignnone size-full wp-image-1994\" src=\"https:\/\/fmp-components.com\/wp-content\/uploads\/2024\/12\/Lawn-Mower-Gearbox-7.webp\" alt=\"Scatola ingranaggi tosaerba\" width=\"1502\" height=\"805\" title=\"\" srcset=\"https:\/\/fmp-components.com\/wp-content\/uploads\/2024\/12\/Lawn-Mower-Gearbox-7.webp 1502w, https:\/\/fmp-components.com\/wp-content\/uploads\/2024\/12\/Lawn-Mower-Gearbox-7-1280x686.webp 1280w, https:\/\/fmp-components.com\/wp-content\/uploads\/2024\/12\/Lawn-Mower-Gearbox-7-980x525.webp 980w, https:\/\/fmp-components.com\/wp-content\/uploads\/2024\/12\/Lawn-Mower-Gearbox-7-480x257.webp 480w\" sizes=\"(min-width: 0px) and (max-width: 480px) 480px, (min-width: 481px) and (max-width: 980px) 980px, (min-width: 981px) and (max-width: 1280px) 1280px, (min-width: 1281px) 1502px, 100vw\" \/><\/p>\n<h3>Informazioni su FMP<\/h3>\n<p>FMP, con sede in Italia, \u00e8 un produttore leader specializzato in riduttori ad alte prestazioni per macchinari agricoli. Noti per l&#039;ingegneria di precisione, l&#039;innovazione e l&#039;affidabilit\u00e0, offriamo un&#039;ampia gamma di riduttori, tra cui riduttori per tosaerba e componenti essenziali come alberi cardanici. La nostra missione \u00e8 quella di fornire soluzioni su misura che soddisfino le esigenze specifiche dei settori agricolo e industriale, sia tramite singoli prodotti che sistemi integrati.<\/p>\n<p>Sappiamo che ogni cliente ha esigenze uniche, motivo per cui siamo eccellenti nel personalizzare i nostri prodotti per soddisfare tali esigenze. Che tu abbia bisogno di un cambio specializzato o di un sistema completo, lavoriamo a stretto contatto con te per fornire le soluzioni pi\u00f9 efficaci ed efficienti. Le nostre risposte rapide e professionali, unite alla consulenza di esperti, garantiscono che ogni richiesta venga gestita con cura e precisione.<\/p>\n<p>In FMP, diamo priorit\u00e0 alla comunicazione aperta e alla collaborazione, soprattutto quando sviluppiamo nuovi prodotti. Il nostro team lavora a fianco dei clienti per comprendere le loro sfide e fornire approfondimenti che portino a soluzioni ottimali. Ci impegniamo a consegnare prodotti di alta qualit\u00e0 e di precisione nei tempi previsti, sia per nuovi sviluppi che per ordini esistenti.<\/p>\n<p>La qualit\u00e0 \u00e8 al centro delle operazioni di FMP. I nostri processi di produzione aderiscono ai pi\u00f9 elevati standard, assicurando accuratezza e zero difetti. Un rigoroso controllo di qualit\u00e0 garantisce che ogni prodotto soddisfi o superi gli standard del settore. Questo impegno per la qualit\u00e0, unito ai nostri valori fondamentali di integrit\u00e0, lavoro di squadra e perseveranza, ci ha permesso di costruire solide relazioni con i clienti in quasi 30 paesi.<\/p>\n<p>FMP \u00e8 sempre aperta a partnership globali, offrendo consulenza esperta e soluzioni personalizzate. Il nostro approccio va oltre la semplice fornitura di prodotti; puntiamo a costruire relazioni a lungo termine che guidino il successo reciproco. Che tu abbia bisogno di nuove soluzioni o di supporto per sistemi esistenti, FMP \u00e8 impegnata ad affrontare le tue sfide tecniche e ad assicurare un successo continuo.<\/p>\n<p><img loading=\"lazy\" decoding=\"async\" class=\"alignnone size-full wp-image-1861\" src=\"https:\/\/fmp-components.com\/wp-content\/uploads\/2024\/12\/Other-Agricultural-Gearboxes.webp\" sizes=\"(min-width: 0px) and (max-width: 480px) 480px, (min-width: 481px) and (max-width: 980px) 980px, (min-width: 981px) 1200px, 100vw\" srcset=\"https:\/\/fmp-components.com\/wp-content\/uploads\/2024\/12\/Other-Agricultural-Gearboxes.webp 1200w, https:\/\/fmp-components.com\/wp-content\/uploads\/2024\/12\/Other-Agricultural-Gearboxes-980x1143.webp 980w, https:\/\/fmp-components.com\/wp-content\/uploads\/2024\/12\/Other-Agricultural-Gearboxes-480x560.webp 480w\" alt=\"Altri-cambi-agricoli\" width=\"1200\" height=\"1400\" title=\"\"><\/p>\n<p>Autore: CX<\/p>","protected":false},"excerpt":{"rendered":"<p>Agricultural Lawn Mower Gearbox FMP-966109 Specification ITEM FMP-966109 Ratio 1:1.47\/1:1.93 Teeth 13\/19 14\/27 Module \u00a07.0 \/5.5 Power(HP) 60 Rated Input 540rpm Input\/Output Description \u00a01 3\/8 Z6\/1 3\/4 Z20 Optic ax1 Taper spline Weight(N.W) 29KG Lawn Mower Gearbox Parts Design Agricultural Lawnmower Gearbox Features Customizable Transmission Ratios: We offer a variety of transmission ratios tailored to [&hellip;]<\/p>","protected":false},"featured_media":1996,"comment_status":"open","ping_status":"closed","template":"","meta":{"_et_pb_use_builder":"","_et_pb_old_content":"","_et_gb_content_width":""},"product_brand":[],"product_cat":[52],"product_tag":[],"class_list":{"0":"post-1993","1":"product","2":"type-product","3":"status-publish","4":"has-post-thumbnail","6":"product_cat-lawn-mower-gearbox","8":"first","9":"instock","10":"shipping-taxable","11":"product-type-simple"},"_links":{"self":[{"href":"https:\/\/fmp-components.com\/it\/wp-json\/wp\/v2\/product\/1993","targetHints":{"allow":["GET"]}}],"collection":[{"href":"https:\/\/fmp-components.com\/it\/wp-json\/wp\/v2\/product"}],"about":[{"href":"https:\/\/fmp-components.com\/it\/wp-json\/wp\/v2\/types\/product"}],"replies":[{"embeddable":true,"href":"https:\/\/fmp-components.com\/it\/wp-json\/wp\/v2\/comments?post=1993"}],"wp:featuredmedia":[{"embeddable":true,"href":"https:\/\/fmp-components.com\/it\/wp-json\/wp\/v2\/media\/1996"}],"wp:attachment":[{"href":"https:\/\/fmp-components.com\/it\/wp-json\/wp\/v2\/media?parent=1993"}],"wp:term":[{"taxonomy":"product_brand","embeddable":true,"href":"https:\/\/fmp-components.com\/it\/wp-json\/wp\/v2\/product_brand?post=1993"},{"taxonomy":"product_cat","embeddable":true,"href":"https:\/\/fmp-components.com\/it\/wp-json\/wp\/v2\/product_cat?post=1993"},{"taxonomy":"product_tag","embeddable":true,"href":"https:\/\/fmp-components.com\/it\/wp-json\/wp\/v2\/product_tag?post=1993"}],"curies":[{"name":"parola chiave","href":"https:\/\/api.w.org\/{rel}","templated":true}]}}