{"id":1989,"date":"2024-12-26T08:28:11","date_gmt":"2024-12-26T08:28:11","guid":{"rendered":"https:\/\/fmp-components.com\/?page_id=8"},"modified":"2024-12-26T08:28:11","modified_gmt":"2024-12-26T08:28:11","slug":"fmp-40002-lawn-mower-gearbox","status":"publish","type":"product","link":"https:\/\/fmp-components.com\/it\/product\/fmp-40002-lawn-mower-gearbox\/","title":{"rendered":"FMP-40002 Scatola ingranaggi tosaerba"},"content":{"rendered":"<p><img loading=\"lazy\" decoding=\"async\" class=\"size-full wp-image-1991 aligncenter\" src=\"https:\/\/fmp-components.com\/wp-content\/uploads\/2024\/12\/fmp_agricultural-gearbox-HC-40002.webp\" alt=\"fmp_cambio-agricolo-HC-40002\" width=\"400\" height=\"400\" title=\"\" srcset=\"https:\/\/fmp-components.com\/wp-content\/uploads\/2024\/12\/fmp_agricultural-gearbox-HC-40002.webp 400w, https:\/\/fmp-components.com\/wp-content\/uploads\/2024\/12\/fmp_agricultural-gearbox-HC-40002-300x300.webp 300w, https:\/\/fmp-components.com\/wp-content\/uploads\/2024\/12\/fmp_agricultural-gearbox-HC-40002-150x150.webp 150w, https:\/\/fmp-components.com\/wp-content\/uploads\/2024\/12\/fmp_agricultural-gearbox-HC-40002-12x12.webp 12w, https:\/\/fmp-components.com\/wp-content\/uploads\/2024\/12\/fmp_agricultural-gearbox-HC-40002-100x100.webp 100w\" sizes=\"(max-width: 400px) 100vw, 400px\" \/><\/p>\n<h2>Specifiche del cambio del tosaerba FMP-40002<\/h2>\n<p><img loading=\"lazy\" decoding=\"async\" class=\"alignnone  wp-image-1990\" src=\"https:\/\/fmp-components.com\/wp-content\/uploads\/2024\/12\/fmp_agricultural-gearbox-HC-40002-1.webp\" alt=\"fmp_cambio-agricolo-HC-40002\" width=\"849\" height=\"572\" title=\"\" srcset=\"https:\/\/fmp-components.com\/wp-content\/uploads\/2024\/12\/fmp_agricultural-gearbox-HC-40002-1.webp 849w, https:\/\/fmp-components.com\/wp-content\/uploads\/2024\/12\/fmp_agricultural-gearbox-HC-40002-1-480x323.webp 480w\" sizes=\"(min-width: 0px) and (max-width: 480px) 480px, (min-width: 481px) 849px, 100vw\" \/><\/p>\n<table style=\"width: 97.3284%; height: 220px;\" border=\"1\">\n<tbody>\n<tr>\n<td style=\"width: 27.852%;\">ARTICOLO<\/td>\n<td style=\"width: 71.5313%;\">40002 Cambio tosaerba<\/td>\n<\/tr>\n<tr>\n<td style=\"width: 27.852%;\">Rapporto<\/td>\n<td style=\"width: 71.5313%;\">3.2:1\/3.77:1\/4.17:1<\/td>\n<\/tr>\n<tr>\n<td style=\"width: 27.852%;\">Denti<\/td>\n<td style=\"width: 71.5313%;\">15\/48 13\/49 12\/50<\/td>\n<\/tr>\n<tr>\n<td style=\"width: 27.852%;\">Modulo<\/td>\n<td style=\"width: 71.5313%;\">15\/48 13\/49 12\/50<\/td>\n<\/tr>\n<tr>\n<td style=\"width: 27.852%;\">Potenza (HP)<\/td>\n<td style=\"width: 71.5313%;\">85\/85\/85<\/td>\n<\/tr>\n<tr>\n<td style=\"width: 27.852%;\">Ingresso nominale<\/td>\n<td style=\"width: 71.5313%;\">540 giri al minuto<\/td>\n<\/tr>\n<tr>\n<td style=\"width: 27.852%;\">Descrizione di input\/output<\/td>\n<td style=\"width: 71.5313%;\">\u00a01 3\/4 Z6<\/td>\n<\/tr>\n<tr>\n<td style=\"width: 27.852%;\">Peso (NW)<\/td>\n<td style=\"width: 71.5313%;\">111 kg<\/td>\n<\/tr>\n<\/tbody>\n<\/table>\n<h2>Vantaggi del cambio del tosaerba FMP-40002<\/h2>\n<p>Il cambio per tosaerba FMP-40002 \u00e8 un componente ad alte prestazioni, progettato con precisione per ottimizzare il funzionamento dei tosaerba agricoli e industriali. Ecco alcuni vantaggi chiave dell&#039;utilizzo del cambio FMP-40002:<\/p>\n<h3>Durata e longevit\u00e0<\/h3>\n<ul>\n<li>Struttura robusta: realizzata con materiali ad alta resistenza, la FMP-40002 \u00e8 progettata per resistere a condizioni difficili e a un utilizzo intensivo, garantendo una lunga durata.<\/li>\n<li>Resistenza alla corrosione: il riduttore \u00e8 progettato per resistere all&#039;usura e alla corrosione, rendendolo ideale per un uso prolungato all&#039;aperto in condizioni meteorologiche variabili.<\/li>\n<\/ul>\n<h3>Alta efficienza e trasmissione di potenza<\/h3>\n<ul>\n<li>Trasferimento ottimale della potenza: il modello FMP-40002 garantisce un&#039;efficiente trasmissione della potenza dal motore alle lame del tosaerba, garantendo prestazioni costanti e affidabili durante il funzionamento.<\/li>\n<li>Controllo preciso della velocit\u00e0: fornisce la coppia e la velocit\u00e0 necessarie per ottenere i migliori risultati di taglio, anche in condizioni di lavoro difficili.<\/li>\n<\/ul>\n<h3>Opzioni di personalizzazione<\/h3>\n<ul>\n<li>Soluzioni su misura: in FMP, sappiamo che diversi tosaerba richiedono caratteristiche di prestazioni specifiche. Il modello FMP-40002 pu\u00f2 essere personalizzato per soddisfare i tuoi requisiti unici, tra cui regolazioni per alberi di uscita, rapporti e configurazioni di montaggio.<\/li>\n<li>Design adattabile: il cambio pu\u00f2 essere adattato a vari modelli di tosaerba, garantendo una compatibilit\u00e0 perfetta e prestazioni ottimali.<\/li>\n<\/ul>\n<h3>Facile manutenzione<\/h3>\n<ul>\n<li>Bassa necessit\u00e0 di manutenzione: progettato per essere affidabile, il modello FMP-40002 richiede una manutenzione minima, il che aiuta a ridurre i tempi di fermo e i costi operativi.<\/li>\n<li>Semplicit\u00e0 d&#039;uso: il design semplice del riduttore e la facilit\u00e0 di installazione garantiscono agli operatori una rapida configurazione e manutenzione anche con competenze tecniche minime.<\/li>\n<\/ul>\n<h3>Efficacia dei costi<\/h3>\n<ul>\n<li>Risparmi a lungo termine: grazie alla sua elevata durata e affidabilit\u00e0, il modello FMP-40002 riduce la necessit\u00e0 di frequenti riparazioni e sostituzioni, offrendo un valore a lungo termine per il tuo investimento.<\/li>\n<li>Efficienza energetica: l&#039;efficiente trasferimento di potenza garantisce un consumo energetico inferiore, contribuendo a ridurre i costi operativi del tosaerba.<\/li>\n<\/ul>\n<p>In sintesi, il cambio per tosaerba FMP-40002 si distingue per la sua durevolezza, efficienza e versatilit\u00e0. Grazie alla possibilit\u00e0 di adattare il cambio a esigenze specifiche, \u00e8 la scelta ideale per migliorare le prestazioni dei tosaerba sia in applicazioni agricole che industriali.<\/p>\n<p><img loading=\"lazy\" decoding=\"async\" class=\"alignnone  wp-image-1992\" src=\"https:\/\/fmp-components.com\/wp-content\/uploads\/2024\/12\/Lawn-Mower-Gearbox-6.webp\" alt=\"Scatola ingranaggi tosaerba\" width=\"879\" height=\"646\" title=\"\" srcset=\"https:\/\/fmp-components.com\/wp-content\/uploads\/2024\/12\/Lawn-Mower-Gearbox-6.webp 879w, https:\/\/fmp-components.com\/wp-content\/uploads\/2024\/12\/Lawn-Mower-Gearbox-6-480x353.webp 480w\" sizes=\"(min-width: 0px) and (max-width: 480px) 480px, (min-width: 481px) 879px, 100vw\" \/><\/p>\n<h3>Informazioni su FMP<\/h3>\n<p>FMP, con sede in Italia, \u00e8 un produttore leader specializzato nella progettazione, sviluppo e produzione di riduttori ad alte prestazioni per macchinari agricoli. Con una forte enfasi su ingegneria di precisione, innovazione e affidabilit\u00e0, offriamo una gamma completa di riduttori, compresi quelli per tosaerba, nonch\u00e9 componenti critici come alberi PTO. La nostra missione \u00e8 quella di fornire soluzioni personalizzate che soddisfino le esigenze specifiche dei settori agricolo e industriale, offrendo sia prodotti autonomi che sistemi completamente integrati.<\/p>\n<p>In FMP, sappiamo che ogni cliente ha esigenze uniche, motivo per cui eccelliamo nella personalizzazione dei nostri prodotti per soddisfare perfettamente tali esigenze. Che tu abbia bisogno di un cambio specializzato o di un sistema completo, lavoriamo a stretto contatto con te per sviluppare la soluzione pi\u00f9 efficace ed efficiente. Il nostro impegno per la soddisfazione del cliente \u00e8 evidente nelle nostre risposte rapide e professionali e nella guida esperta, assicurando che ogni richiesta venga gestita con precisione e cura.<\/p>\n<p>Crediamo nel mantenere una comunicazione aperta e continua con i nostri clienti, in particolare durante lo sviluppo di nuovi prodotti. Il nostro team dedicato collabora a stretto contatto con i clienti per comprendere le loro sfide specifiche e fornire preziosi spunti che portano a soluzioni ottimali. Sia che sviluppiamo nuovi prodotti o che soddisfiamo ordini esistenti, ci impegniamo a fornire prodotti di alta qualit\u00e0 e di precisione ingegnerizzati in modo rapido ed efficiente.<\/p>\n<p>In FMP, la qualit\u00e0 \u00e8 il fondamento di tutto ci\u00f2 che facciamo. I nostri processi di produzione aderiscono ai pi\u00f9 elevati standard, garantendo accuratezza e zero difetti. Implementiamo rigorose misure di controllo qualit\u00e0 per garantire che ogni prodotto soddisfi o superi gli standard del settore. Questa incessante attenzione alla qualit\u00e0, unita ai nostri valori fondamentali di integrit\u00e0, lavoro di squadra e perseveranza, ci ha permesso di costruire relazioni solide e durature con i clienti in quasi 30 paesi in tutto il mondo.<\/p>\n<p>FMP \u00e8 sempre aperta a stabilire partnership globali e si impegna a offrire consulenza specialistica e soluzioni personalizzate. Il nostro approccio si estende oltre la semplice fornitura di prodotti: puntiamo a costruire relazioni a lungo termine con i nostri clienti, assicurando il loro successo con ogni progetto. Che tu abbia bisogno di soluzioni per una nuova iniziativa o di supporto per un sistema esistente, FMP \u00e8 impegnata ad affrontare le tue sfide tecniche e ad aiutarti a raggiungere un successo continuo.<\/p>\n<p><img loading=\"lazy\" decoding=\"async\" class=\"alignnone size-full wp-image-1861\" src=\"https:\/\/fmp-components.com\/wp-content\/uploads\/2024\/12\/Other-Agricultural-Gearboxes.webp\" sizes=\"(min-width: 0px) and (max-width: 480px) 480px, (min-width: 481px) and (max-width: 980px) 980px, (min-width: 981px) 1200px, 100vw\" srcset=\"https:\/\/fmp-components.com\/wp-content\/uploads\/2024\/12\/Other-Agricultural-Gearboxes.webp 1200w, https:\/\/fmp-components.com\/wp-content\/uploads\/2024\/12\/Other-Agricultural-Gearboxes-980x1143.webp 980w, https:\/\/fmp-components.com\/wp-content\/uploads\/2024\/12\/Other-Agricultural-Gearboxes-480x560.webp 480w\" alt=\"Altri-cambi-agricoli\" width=\"1200\" height=\"1400\" title=\"\"><\/p>\n<p>Autore: CX<\/p>\n<p>&nbsp;<\/p>","protected":false},"excerpt":{"rendered":"<p>FMP-40002 Lawn Mower Gearbox Specification ITEM 40002 Lawn mower gearbox Ratio 3.2:1\/3.77:1\/4.17:1 Teeth 15\/48 13\/49 12\/50 Module 15\/48 13\/49 12\/50 Power\uff08HP\uff09 85\/85\/85 Rated Input 540rpm Input\/Output description \u00a01 3\/4 Z6 Weight\uff08N.W\uff09 111Kg Advantages of FMP-40002 Lawn Mower Gearbox The FMP-40002 Lawn Mower Gearbox is a high-performance, precision-engineered component designed to optimize the operation of agricultural [&hellip;]<\/p>","protected":false},"featured_media":1991,"comment_status":"open","ping_status":"closed","template":"","meta":{"_et_pb_use_builder":"","_et_pb_old_content":"","_et_gb_content_width":""},"product_brand":[],"product_cat":[52],"product_tag":[],"class_list":{"0":"post-1989","1":"product","2":"type-product","3":"status-publish","4":"has-post-thumbnail","6":"product_cat-lawn-mower-gearbox","8":"first","9":"instock","10":"shipping-taxable","11":"product-type-simple"},"_links":{"self":[{"href":"https:\/\/fmp-components.com\/it\/wp-json\/wp\/v2\/product\/1989","targetHints":{"allow":["GET"]}}],"collection":[{"href":"https:\/\/fmp-components.com\/it\/wp-json\/wp\/v2\/product"}],"about":[{"href":"https:\/\/fmp-components.com\/it\/wp-json\/wp\/v2\/types\/product"}],"replies":[{"embeddable":true,"href":"https:\/\/fmp-components.com\/it\/wp-json\/wp\/v2\/comments?post=1989"}],"wp:featuredmedia":[{"embeddable":true,"href":"https:\/\/fmp-components.com\/it\/wp-json\/wp\/v2\/media\/1991"}],"wp:attachment":[{"href":"https:\/\/fmp-components.com\/it\/wp-json\/wp\/v2\/media?parent=1989"}],"wp:term":[{"taxonomy":"product_brand","embeddable":true,"href":"https:\/\/fmp-components.com\/it\/wp-json\/wp\/v2\/product_brand?post=1989"},{"taxonomy":"product_cat","embeddable":true,"href":"https:\/\/fmp-components.com\/it\/wp-json\/wp\/v2\/product_cat?post=1989"},{"taxonomy":"product_tag","embeddable":true,"href":"https:\/\/fmp-components.com\/it\/wp-json\/wp\/v2\/product_tag?post=1989"}],"curies":[{"name":"parola chiave","href":"https:\/\/api.w.org\/{rel}","templated":true}]}}