{"id":1983,"date":"2024-12-26T07:51:14","date_gmt":"2024-12-26T07:51:14","guid":{"rendered":"https:\/\/fmp-components.com\/?page_id=8"},"modified":"2024-12-30T02:49:27","modified_gmt":"2024-12-30T02:49:27","slug":"fmp-ag135-lawnmower-135-deg-gearbox-11-for-agricultural","status":"publish","type":"product","link":"https:\/\/fmp-components.com\/it\/product\/fmp-ag135-lawnmower-135-deg-gearbox-11-for-agricultural\/","title":{"rendered":"FMP-AG135 Tosaerba 135 gradi cambio 1:1 per agricoltura"},"content":{"rendered":"<h2>Tosaerba FMP-AG135 Riduttore 135 gradi 1:1 per specifiche agricole<\/h2>\n<p><img loading=\"lazy\" decoding=\"async\" class=\"alignnone wp-image-1984\" src=\"https:\/\/fmp-components.com\/wp-content\/uploads\/2024\/12\/fmp_agricultural-gearbox-HC-AG135-1.webp\" alt=\"fmp_cambio-agricolo-HC-AG135\" width=\"919\" height=\"548\" title=\"\" srcset=\"https:\/\/fmp-components.com\/wp-content\/uploads\/2024\/12\/fmp_agricultural-gearbox-HC-AG135-1.webp 919w, https:\/\/fmp-components.com\/wp-content\/uploads\/2024\/12\/fmp_agricultural-gearbox-HC-AG135-1-480x286.webp 480w\" sizes=\"(min-width: 0px) and (max-width: 480px) 480px, (min-width: 481px) 919px, 100vw\" \/><\/p>\n<table style=\"width: 99.0594%; height: 184px;\" border=\"1\">\n<tbody>\n<tr style=\"height: 23px;\">\n<td style=\"height: 23px;\">ARTICOLO<\/td>\n<td style=\"height: 23px;\">FMP-AG135 Riduttore 135 gradi<\/td>\n<\/tr>\n<tr style=\"height: 23px;\">\n<td style=\"height: 23px;\">Rapporto<\/td>\n<td style=\"height: 23px;\">1:1<\/td>\n<\/tr>\n<tr style=\"height: 23px;\">\n<td style=\"height: 23px;\">Denti<\/td>\n<td style=\"height: 23px;\">20\/20<\/td>\n<\/tr>\n<tr style=\"height: 23px;\">\n<td style=\"height: 23px;\">Modulo<\/td>\n<td style=\"height: 23px;\">6.0<\/td>\n<\/tr>\n<tr style=\"height: 23px;\">\n<td style=\"height: 23px;\">Potenza (HP)<\/td>\n<td style=\"height: 23px;\">50<\/td>\n<\/tr>\n<tr style=\"height: 23px;\">\n<td style=\"height: 23px;\">Ingresso nominale<\/td>\n<td style=\"height: 23px;\">540 giri al minuto<\/td>\n<\/tr>\n<tr style=\"height: 23px;\">\n<td style=\"height: 23px;\">Descrizione di input\/output<\/td>\n<td style=\"height: 23px;\">\u00a01 3\/8 Z6 Albero scanalato equilatero con base conica<\/td>\n<\/tr>\n<tr style=\"height: 23px;\">\n<td style=\"height: 23px;\">Peso (NW)<\/td>\n<td style=\"height: 23px;\">16,5 kg<\/td>\n<\/tr>\n<\/tbody>\n<\/table>\n<h3>Caratteristiche del cambio del tosaerba<\/h3>\n<p>I riduttori dei tosaerba sono componenti essenziali che azionano le lame di taglio, assicurando un funzionamento efficiente e costante del tosaerba. Ecco le caratteristiche principali che rendono questi riduttori efficaci e affidabili in varie applicazioni di taglio:<\/p>\n<h4>Durata e robustezza<\/h4>\n<p>I riduttori dei tosaerba sono progettati per resistere ai carichi pesanti e al funzionamento continuo richiesti in ambienti esterni. Costruiti con materiali di alta qualit\u00e0, come l&#039;acciaio temprato, sono costruiti per durare e resistere all&#039;usura, garantendo affidabilit\u00e0 a lungo termine anche in condizioni difficili.<\/p>\n<h4>Progettazione di ingranaggi di precisione<\/h4>\n<p>Questi riduttori sono dotati di ingranaggi finemente progettati che forniscono una trasmissione di potenza fluida ed efficiente alle lame del tosaerba. Il design preciso garantisce un attrito minimo, riducendo la perdita di energia e migliorando le prestazioni del sistema di taglio, con conseguenti tagli pi\u00f9 puliti e consumi di carburante ridotti.<\/p>\n<h4>Elevata capacit\u00e0 di coppia<\/h4>\n<p>I riduttori per tosaerba sono progettati per gestire elevati livelli di coppia necessari per azionare efficacemente le lame del tosaerba. Che si tratti di tosaerba rotanti o modelli di livello industriale, questi riduttori possono trasferire la potenza richiesta in modo efficiente, consentendo alle lame di tagliare erba folta, erbacce e altra vegetazione resistente.<\/p>\n<h4>Compatto e leggero<\/h4>\n<p>Nonostante la loro resistenza e durevolezza, i riduttori dei tosaerba sono progettati per essere compatti e leggeri. Ci\u00f2 li rende pi\u00f9 facili da installare, manutenere e utilizzare senza aggiungere peso non necessario all&#039;attrezzatura, il che pu\u00f2 migliorare la manovrabilit\u00e0 e l&#039;efficienza del carburante.<\/p>\n<h4>Resistenza alla corrosione e agli agenti atmosferici<\/h4>\n<p>Dato che i tosaerba sono solitamente utilizzati all&#039;aperto, i riduttori sono dotati di caratteristiche che prevengono la ruggine e la corrosione. Molti riduttori dei tosaerba sono trattati con rivestimenti protettivi o realizzati con materiali resistenti alla corrosione per garantire prestazioni ottimali in condizioni meteorologiche variabili, come pioggia, umidit\u00e0 e temperature estreme.<\/p>\n<p>I riduttori per tosaerba combinano forza, precisione ed efficienza per alimentare efficacemente i sistemi di taglio. Sono progettati per durare, richiedere poca manutenzione e avere alte prestazioni, il che li rende una parte essenziale delle moderne attrezzature di taglio. Che sia per uso residenziale o commerciale, il riduttore giusto assicura prestazioni di taglio ottimali e una lunga durata per l&#039;attrezzatura.<\/p>\n<p><img loading=\"lazy\" decoding=\"async\" class=\"alignnone wp-image-1985\" src=\"https:\/\/fmp-components.com\/wp-content\/uploads\/2024\/12\/Lawn-Mower-Gearbox-1-1.webp\" alt=\"Scatola ingranaggi tosaerba\" width=\"943\" height=\"630\" title=\"\" srcset=\"https:\/\/fmp-components.com\/wp-content\/uploads\/2024\/12\/Lawn-Mower-Gearbox-1-1.webp 943w, https:\/\/fmp-components.com\/wp-content\/uploads\/2024\/12\/Lawn-Mower-Gearbox-1-1-480x321.webp 480w\" sizes=\"(min-width: 0px) and (max-width: 480px) 480px, (min-width: 481px) 943px, 100vw\" \/><\/p>\n<h3>Informazioni su FMP<\/h3>\n<p>FMP, con sede in Italia, \u00e8 un produttore leader specializzato nella progettazione, sviluppo e produzione di riduttori ad alte prestazioni per macchinari agricoli. Rinomati per la nostra ingegneria di precisione, innovazione e affidabilit\u00e0, offriamo una gamma completa di riduttori, compresi quelli per tosaerba, insieme a componenti essenziali come gli alberi PTO. La nostra missione \u00e8 quella di fornire soluzioni personalizzate che soddisfino le esigenze specifiche sia del settore agricolo che di quello industriale, sia attraverso singoli prodotti che sistemi completamente integrati.<\/p>\n<p>In FMP, comprendiamo che ogni cliente ha esigenze uniche, e questo spinge la nostra dedizione a personalizzare i nostri prodotti di conseguenza. Che tu abbia bisogno di un cambio specializzato o di un sistema completo, lavoriamo a stretto contatto con te per fornire la soluzione pi\u00f9 efficace ed efficiente. Siamo orgogliosi di fornire risposte rapide e professionali, assicurando che ogni richiesta venga affrontata con la massima competenza e attenzione ai dettagli.<\/p>\n<p>La comunicazione aperta e la collaborazione sono fondamentali per il nostro approccio, in particolare nello sviluppo di nuovi prodotti. Il nostro team lavora a stretto contatto con i clienti per comprendere a fondo le loro sfide e fornire preziose informazioni che portino a soluzioni ottimali. Dallo sviluppo di nuovi prodotti all&#039;evasione degli ordini esistenti, ci impegniamo a fornire prodotti di alta qualit\u00e0, progettati con precisione, con rapidit\u00e0 e accuratezza.<\/p>\n<p>La qualit\u00e0 \u00e8 al centro di tutto ci\u00f2 che facciamo. I nostri processi di produzione si basano sui principi di elevati standard, precisione e zero difetti. Implementiamo rigorose misure di controllo qualit\u00e0 per garantire che ogni prodotto superi gli standard del settore. Questa costante attenzione alla qualit\u00e0, abbinata ai nostri valori di integrit\u00e0, lavoro di squadra e perseveranza, ci ha permesso di costruire relazioni durature con i clienti in quasi 30 paesi in tutto il mondo.<\/p>\n<p>FMP \u00e8 sempre aperta a partnership globali e si impegna a offrire consulenza specialistica e soluzioni personalizzate. La nostra filosofia va oltre la semplice fornitura di prodotti: si tratta di costruire relazioni a lungo termine che garantiscano il successo reciproco. Che tu abbia bisogno di soluzioni per un nuovo progetto o di supporto per un sistema esistente, FMP \u00e8 impegnata ad affrontare le tue sfide tecniche e ad assicurare il tuo successo continuo.<\/p>\n<p><img loading=\"lazy\" decoding=\"async\" class=\"alignnone size-full wp-image-1861\" src=\"https:\/\/fmp-components.com\/wp-content\/uploads\/2024\/12\/Other-Agricultural-Gearboxes.webp\" sizes=\"(min-width: 0px) and (max-width: 480px) 480px, (min-width: 481px) and (max-width: 980px) 980px, (min-width: 981px) 1200px, 100vw\" srcset=\"https:\/\/fmp-components.com\/wp-content\/uploads\/2024\/12\/Other-Agricultural-Gearboxes.webp 1200w, https:\/\/fmp-components.com\/wp-content\/uploads\/2024\/12\/Other-Agricultural-Gearboxes-980x1143.webp 980w, https:\/\/fmp-components.com\/wp-content\/uploads\/2024\/12\/Other-Agricultural-Gearboxes-480x560.webp 480w\" alt=\"Altri-cambi-agricoli\" width=\"1200\" height=\"1400\" title=\"\"><\/p>\n<p>Autore: CX<\/p>","protected":false},"excerpt":{"rendered":"<p>FMP-AG135 Lawnmower 135 deg gearbox 1:1 for Agricultural Specification ITEM FMP-AG135 135 deg gearbox Ratio 1:1 Teeth 20\/20 Module 6.0 Power\uff08HP\uff09 50 Rated Input 540rpm Input\/Output description \u00a01 3\/8 Z6 Cone base aequilate Spline Shaft Weight\uff08N.W\uff09 16.5Kg Features of Lawn Mower Gearbox Lawn mower gearboxes are essential components that drive the cutting blades, ensuring efficient [&hellip;]<\/p>","protected":false},"featured_media":2078,"comment_status":"open","ping_status":"closed","template":"","meta":{"_et_pb_use_builder":"","_et_pb_old_content":"","_et_gb_content_width":""},"product_brand":[],"product_cat":[52],"product_tag":[],"class_list":{"0":"post-1983","1":"product","2":"type-product","3":"status-publish","4":"has-post-thumbnail","6":"product_cat-lawn-mower-gearbox","8":"first","9":"instock","10":"shipping-taxable","11":"product-type-simple"},"_links":{"self":[{"href":"https:\/\/fmp-components.com\/it\/wp-json\/wp\/v2\/product\/1983","targetHints":{"allow":["GET"]}}],"collection":[{"href":"https:\/\/fmp-components.com\/it\/wp-json\/wp\/v2\/product"}],"about":[{"href":"https:\/\/fmp-components.com\/it\/wp-json\/wp\/v2\/types\/product"}],"replies":[{"embeddable":true,"href":"https:\/\/fmp-components.com\/it\/wp-json\/wp\/v2\/comments?post=1983"}],"wp:featuredmedia":[{"embeddable":true,"href":"https:\/\/fmp-components.com\/it\/wp-json\/wp\/v2\/media\/2078"}],"wp:attachment":[{"href":"https:\/\/fmp-components.com\/it\/wp-json\/wp\/v2\/media?parent=1983"}],"wp:term":[{"taxonomy":"product_brand","embeddable":true,"href":"https:\/\/fmp-components.com\/it\/wp-json\/wp\/v2\/product_brand?post=1983"},{"taxonomy":"product_cat","embeddable":true,"href":"https:\/\/fmp-components.com\/it\/wp-json\/wp\/v2\/product_cat?post=1983"},{"taxonomy":"product_tag","embeddable":true,"href":"https:\/\/fmp-components.com\/it\/wp-json\/wp\/v2\/product_tag?post=1983"}],"curies":[{"name":"parola chiave","href":"https:\/\/api.w.org\/{rel}","templated":true}]}}