{"id":1969,"date":"2024-12-26T05:22:40","date_gmt":"2024-12-26T05:22:40","guid":{"rendered":"https:\/\/fmp-components.com\/?page_id=8"},"modified":"2024-12-26T05:33:45","modified_gmt":"2024-12-26T05:33:45","slug":"mowers-gearboxes-replacement-of-comer-code-tl-311d","status":"publish","type":"product","link":"https:\/\/fmp-components.com\/it\/product\/mowers-gearboxes-replacement-of-comer-code-tl-311d\/","title":{"rendered":"Scatole ingranaggi tosaerba \u2013 Sostituzione del codice Comer TL-311D"},"content":{"rendered":"<p><img loading=\"lazy\" decoding=\"async\" class=\"alignnone size-full wp-image-1971\" src=\"https:\/\/fmp-components.com\/wp-content\/uploads\/2024\/12\/Mowers-Gearboxes-\u2013-Replacement-of-Comer-Code-TL-311D.webp\" alt=\"Scatole ingranaggi tosaerba \u2013 Sostituzione del codice Comer TL-311D\" width=\"1000\" height=\"500\" title=\"\" srcset=\"https:\/\/fmp-components.com\/wp-content\/uploads\/2024\/12\/Mowers-Gearboxes-\u2013-Replacement-of-Comer-Code-TL-311D.webp 1000w, https:\/\/fmp-components.com\/wp-content\/uploads\/2024\/12\/Mowers-Gearboxes-\u2013-Replacement-of-Comer-Code-TL-311D-300x150.webp 300w, https:\/\/fmp-components.com\/wp-content\/uploads\/2024\/12\/Mowers-Gearboxes-\u2013-Replacement-of-Comer-Code-TL-311D-768x384.webp 768w, https:\/\/fmp-components.com\/wp-content\/uploads\/2024\/12\/Mowers-Gearboxes-\u2013-Replacement-of-Comer-Code-TL-311D-18x9.webp 18w, https:\/\/fmp-components.com\/wp-content\/uploads\/2024\/12\/Mowers-Gearboxes-\u2013-Replacement-of-Comer-Code-TL-311D-980x490.webp 980w, https:\/\/fmp-components.com\/wp-content\/uploads\/2024\/12\/Mowers-Gearboxes-\u2013-Replacement-of-Comer-Code-TL-311D-480x240.webp 480w, https:\/\/fmp-components.com\/wp-content\/uploads\/2024\/12\/Mowers-Gearboxes-\u2013-Replacement-of-Comer-Code-TL-311D-600x300.webp 600w\" sizes=\"(max-width: 1000px) 100vw, 1000px\" \/><\/p>\n<h2>Scatole ingranaggi per tosaerba \u2013 Sostituzione della specifica Comer Codice TL-311D<\/h2>\n<table style=\"width: 100%;\" border=\"1\" width=\"100%\" cellspacing=\"0\" cellpadding=\"0\">\n<tbody>\n<tr>\n<th>Descrizione<\/th>\n<td>Scatole ingranaggi tosaerba \u2013 Sostituzione del codice Comer TL-311D<\/td>\n<\/tr>\n<tr>\n<th>Applicazione<\/th>\n<td>Tosaerba<\/td>\n<\/tr>\n<tr>\n<th>Consiste in<\/th>\n<td>Cambio<\/td>\n<\/tr>\n<tr>\n<th>Ordinare l&#039;olio separatamente<\/th>\n<td>Informazioni tecniche<\/td>\n<\/tr>\n<tr>\n<th><\/th>\n<td>Tutti i dati tecnici corrispondono alle norme ISO 6335 e ISO 281.<\/td>\n<\/tr>\n<tr>\n<th>Contiene olio<\/th>\n<td>NO<\/td>\n<\/tr>\n<tr>\n<th>Capacit\u00e0 massima dell&#039;olio<\/th>\n<td>1,2 litri<\/td>\n<\/tr>\n<tr>\n<th>Grado di viscosit\u00e0 SAE dell&#039;olio<\/th>\n<td>Olio per unghie 80W-90<\/td>\n<\/tr>\n<tr>\n<th>Peso<\/th>\n<td>23,5 kg<\/td>\n<\/tr>\n<tr>\n<th>Disposizione degli ingranaggi in aumento<\/th>\n<td>27-28<\/td>\n<\/tr>\n<tr>\n<th>Potenza in ingresso kW \/ HP in aumento<\/th>\n<td>36,8 \/ 50 kW\/CV<\/td>\n<\/tr>\n<tr>\n<th>Aumento dell&#039;albero di ingresso<\/th>\n<td>X<\/td>\n<\/tr>\n<tr>\n<th>Coppia di uscita DaNm in aumento<\/th>\n<td>21 daNm<\/td>\n<\/tr>\n<tr>\n<th>Rapporto crescente<\/th>\n<td>1 : 3<\/td>\n<\/tr>\n<tr>\n<th>Riduzione del rapporto<\/th>\n<td>3 : 1<\/td>\n<\/tr>\n<tr>\n<th>Albero X<\/th>\n<td>1 3\/8\u2033 (6) (A)<\/td>\n<\/tr>\n<tr>\n<th>Albero Y<\/th>\n<td>1 3\/8\u2033 (6) (A)<\/td>\n<\/tr>\n<tr>\n<th>Albero Z<\/th>\n<td>33 (B)<\/td>\n<\/tr>\n<\/tbody>\n<\/table>\n<h2>Albero cardanico per cambio tosaerba agricolo<\/h2>\n<p>Un albero PTO (Power Take-Off) \u00e8 un collegamento essenziale che collega il motore del trattore o altre fonti di energia al cambio del tosaerba agricolo. Questo componente svolge un ruolo fondamentale nel trasferimento della potenza meccanica alle lame di taglio del tosaerba, garantendo un funzionamento efficiente e regolare. In FMP, siamo specializzati nella fornitura di un&#039;ampia gamma di alberi PTO di alta qualit\u00e0 progettati per funzionare senza problemi con i cambi del tosaerba, massimizzando prestazioni, affidabilit\u00e0 e longevit\u00e0.<\/p>\n<h3>Caratteristiche principali degli alberi cardanici FMP per riduttori di tosaerba:<\/h3>\n<h4>Durata e resistenza<\/h4>\n<p>Gli alberi PTO FMP sono costruiti per resistere ai rigori del lavoro agricolo pesante. Realizzati con materiali di alta qualit\u00e0, tra cui l&#039;acciaio, questi alberi sono progettati per un&#039;affidabilit\u00e0 a lungo termine. Che tu stia utilizzando tosaerba rotanti, tosaerba o altri macchinari agricoli, i nostri alberi PTO offrono un&#039;usura minima e una durata eccezionale, anche in condizioni difficili.<\/p>\n<h4>Alte prestazioni<\/h4>\n<p>Gli alberi PTO FMP sono progettati per garantire una trasmissione di potenza ottimale, consentendo alle lame del tosaerba di ruotare alla velocit\u00e0 e alla coppia ideali per un taglio efficace. Ci\u00f2 garantisce prestazioni costanti e un taglio ad alta efficienza, anche in ambienti difficili. Che si tratti di tagliare erba folta o terreni accidentati, gli alberi PTO FMP aiutano a mantenere risultati di taglio superiori.<\/p>\n<h4>Opzioni di personalizzazione<\/h4>\n<p>Sappiamo che ogni operazione \u00e8 unica, quindi offriamo alberi PTO che possono essere adattati alle tue esigenze specifiche. Che siano necessarie regolazioni per lunghezza, capacit\u00e0 di coppia o tipi di accoppiamento, FMP lavora a stretto contatto con i clienti per garantire che l&#039;albero PTO si adatti perfettamente ai tuoi macchinari, offrendo prestazioni e affidabilit\u00e0 di prim&#039;ordine.<\/p>\n<h4>Sicurezza e facilit\u00e0 d&#039;uso<\/h4>\n<p>La sicurezza \u00e8 una priorit\u00e0 quando si tratta di attrezzature agricole e gli alberi PTO FMP sono progettati con caratteristiche di sicurezza integrate. Tra queste, frizioni a inerzia e meccanismi di disinnesto che impediscono danni quando l&#039;albero si disinnesta. Inoltre, i nostri alberi PTO sono facili da installare e manutenere, offrendo praticit\u00e0 e tranquillit\u00e0 agli operatori.<\/p>\n<h4>Versatilit\u00e0<\/h4>\n<p>Gli alberi PTO FMP sono versatili e compatibili con un&#039;ampia variet\u00e0 di riduttori per tosaerba e altri macchinari agricoli. Che tu abbia bisogno di un albero PTO standard o di una soluzione personalizzata, offriamo prodotti adatti a tutte le scale di funzionamento, dalle piccole aziende agricole ai grandi usi industriali.<\/p>\n<h4>Conveniente<\/h4>\n<p>Fornendo alberi PTO durevoli e ad alte prestazioni, FMP aiuta a ridurre i costi di manutenzione e i tempi di fermo. I nostri alberi PTO sono progettati per prestazioni durature, assicurando che la tua attrezzatura funzioni senza problemi ed efficientemente, il che alla fine ti fa risparmiare sulle spese di riparazione e sostituzione. Inoltre, i nostri prezzi competitivi offrono un valore eccellente per il tuo investimento.<\/p>\n<h3>Perch\u00e9 scegliere gli alberi cardanici FMP per il cambio del tuo tosaerba?<\/h3>\n<ul>\n<li><strong>Garanzia di qualit\u00e0:<\/strong> In FMP manteniamo i pi\u00f9 elevati standard qualitativi in ogni prodotto che realizziamo, assicurando che il vostro albero cardanico funzioni in modo ottimale e duri pi\u00f9 a lungo.<\/li>\n<li><strong>Personalizzazione e supporto:<\/strong> Offriamo consulenza specialistica e soluzioni personalizzate per soddisfare le esigenze specifiche dei vostri macchinari e delle vostre attivit\u00e0, assicurandovi di ottenere esattamente ci\u00f2 di cui avete bisogno.<\/li>\n<li><strong>Portata globale:<\/strong> Con clienti in quasi 30 paesi, FMP si \u00e8 costruita una solida reputazione fornendo componenti affidabili e ad alte prestazioni al settore agricolo.<\/li>\n<\/ul>\n<p>Per maggiori informazioni o per richiedere informazioni sugli alberi PTO personalizzati per il cambio del tuo tosaerba agricolo, contatta FMP oggi stesso. Ci impegniamo a fornire le migliori soluzioni per i tuoi macchinari, assicurando l&#039;efficienza e l&#039;affidabilit\u00e0 delle tue operazioni.<\/p>\n<p><img loading=\"lazy\" decoding=\"async\" class=\"alignnone size-full wp-image-1873\" src=\"https:\/\/fmp-components.com\/wp-content\/uploads\/2024\/12\/PTO-Shaft-for-Rotary-Mower-Gearboxes-15.webp\" sizes=\"(min-width: 0px) and (max-width: 480px) 480px, (min-width: 481px) and (max-width: 980px) 980px, (min-width: 981px) 1000px, 100vw\" srcset=\"https:\/\/fmp-components.com\/wp-content\/uploads\/2024\/12\/PTO-Shaft-for-Rotary-Mower-Gearboxes-15.webp 1000w, https:\/\/fmp-components.com\/wp-content\/uploads\/2024\/12\/PTO-Shaft-for-Rotary-Mower-Gearboxes-15-980x980.webp 980w, https:\/\/fmp-components.com\/wp-content\/uploads\/2024\/12\/PTO-Shaft-for-Rotary-Mower-Gearboxes-15-480x480.webp 480w\" alt=\"Albero cardanico per riduttori di tosaerba rotanti 15\" width=\"1000\" height=\"1000\" title=\"\"><\/p>\n<h3>Informazioni su FMP<\/h3>\n<p>FMP, con sede in Italia, \u00e8 un produttore leader specializzato nella progettazione, sviluppo e produzione di riduttori ad alte prestazioni per macchinari agricoli. Ci dedichiamo a fornire soluzioni ingegnerizzate di precisione, con una forte enfasi su qualit\u00e0, innovazione e affidabilit\u00e0. Il nostro ampio portafoglio di prodotti include un&#039;ampia variet\u00e0 di riduttori, come riduttori per tosaerba, e componenti essenziali come alberi cardanici. La missione di FMP \u00e8 quella di fornire soluzioni personalizzate che soddisfino le esigenze specifiche dei settori agricolo e industriale, offrendo sia prodotti singoli che sistemi completamente integrati.<\/p>\n<p>In FMP, sappiamo che ogni cliente ha esigenze uniche. Ecco perch\u00e9 la nostra forza risiede nella capacit\u00e0 di offrire prodotti su misura che soddisfano perfettamente queste esigenze. Che tu abbia bisogno di un cambio specializzato o di un sistema completo, lavoriamo a stretto contatto con te per garantire la soluzione pi\u00f9 efficace ed efficiente. Il nostro impegno per la soddisfazione del cliente \u00e8 dimostrato dalle nostre risposte rapide e professionali e dalla consulenza di esperti, assicurando che ogni richiesta venga affrontata con cura e precisione.<\/p>\n<p>Crediamo in una comunicazione aperta e continua con i nostri clienti, soprattutto quando si tratta di sviluppo di nuovi prodotti. Il nostro team dedicato collabora a stretto contatto con i clienti per comprendere le loro sfide specifiche, offrendo preziosi spunti e consigli per creare soluzioni ottimali. Dallo sviluppo di nuovi prodotti all&#039;evasione di ordini esistenti, ci impegniamo a fornire prodotti di alta qualit\u00e0 con rapidit\u00e0 e precisione.<\/p>\n<p>Al centro delle operazioni di FMP c&#039;\u00e8 un&#039;attenzione incessante alla qualit\u00e0. I nostri processi di produzione aderiscono a rigidi principi di elevati standard, precisione e zero difetti. Implementiamo rigorose misure di controllo qualit\u00e0 per garantire che ogni prodotto superi gli standard del settore. Questo impegno incrollabile per la qualit\u00e0, unito ai nostri valori di integrit\u00e0, lavoro di squadra e perseveranza, ci ha permesso di costruire partnership durature e significative con clienti in quasi 30 paesi in tutto il mondo.<\/p>\n<p>FMP \u00e8 sempre aperta a partnership globali ed \u00e8 pronta a offrire consulenza esperta e soluzioni personalizzate. Crediamo nel promuovere relazioni a lungo termine con i nostri clienti, assicurando il loro successo e la loro soddisfazione con ogni progetto. Sia che tu abbia bisogno di soluzioni per un nuovo progetto o di supporto per un sistema esistente, FMP si impegna a risolvere le tue sfide tecniche e ad assicurare il tuo successo continuo.<\/p>\n<p><img loading=\"lazy\" decoding=\"async\" class=\"alignnone size-full wp-image-1861\" src=\"https:\/\/fmp-components.com\/wp-content\/uploads\/2024\/12\/Other-Agricultural-Gearboxes.webp\" sizes=\"(min-width: 0px) and (max-width: 480px) 480px, (min-width: 481px) and (max-width: 980px) 980px, (min-width: 981px) 1200px, 100vw\" srcset=\"https:\/\/fmp-components.com\/wp-content\/uploads\/2024\/12\/Other-Agricultural-Gearboxes.webp 1200w, https:\/\/fmp-components.com\/wp-content\/uploads\/2024\/12\/Other-Agricultural-Gearboxes-980x1143.webp 980w, https:\/\/fmp-components.com\/wp-content\/uploads\/2024\/12\/Other-Agricultural-Gearboxes-480x560.webp 480w\" alt=\"Altri-cambi-agricoli\" width=\"1200\" height=\"1400\" title=\"\"><\/p>\n<p>Autore: CX<\/p>","protected":false},"excerpt":{"rendered":"<p>Mowers Gearboxes \u2013 Replacement of Comer Code TL-311D Specification Description Mowers Gearboxes &#8211; Replacement of Comer Code TL-311D Application Mowers Consists of Gearbox Order Oil Separately Technical Information All technical data corresponds to ISO 6335 and ISO 281. Contains Oil No Max. Oil Capacity 1.2 l Oil SAE Viscosity Grade 80W-90 Weight 23.5 kg Gear [&hellip;]<\/p>","protected":false},"featured_media":1972,"comment_status":"open","ping_status":"closed","template":"","meta":{"_et_pb_use_builder":"","_et_pb_old_content":"","_et_gb_content_width":""},"product_brand":[],"product_cat":[52],"product_tag":[],"class_list":{"0":"post-1969","1":"product","2":"type-product","3":"status-publish","4":"has-post-thumbnail","6":"product_cat-lawn-mower-gearbox","8":"first","9":"instock","10":"shipping-taxable","11":"product-type-simple"},"_links":{"self":[{"href":"https:\/\/fmp-components.com\/it\/wp-json\/wp\/v2\/product\/1969","targetHints":{"allow":["GET"]}}],"collection":[{"href":"https:\/\/fmp-components.com\/it\/wp-json\/wp\/v2\/product"}],"about":[{"href":"https:\/\/fmp-components.com\/it\/wp-json\/wp\/v2\/types\/product"}],"replies":[{"embeddable":true,"href":"https:\/\/fmp-components.com\/it\/wp-json\/wp\/v2\/comments?post=1969"}],"wp:featuredmedia":[{"embeddable":true,"href":"https:\/\/fmp-components.com\/it\/wp-json\/wp\/v2\/media\/1972"}],"wp:attachment":[{"href":"https:\/\/fmp-components.com\/it\/wp-json\/wp\/v2\/media?parent=1969"}],"wp:term":[{"taxonomy":"product_brand","embeddable":true,"href":"https:\/\/fmp-components.com\/it\/wp-json\/wp\/v2\/product_brand?post=1969"},{"taxonomy":"product_cat","embeddable":true,"href":"https:\/\/fmp-components.com\/it\/wp-json\/wp\/v2\/product_cat?post=1969"},{"taxonomy":"product_tag","embeddable":true,"href":"https:\/\/fmp-components.com\/it\/wp-json\/wp\/v2\/product_tag?post=1969"}],"curies":[{"name":"parola chiave","href":"https:\/\/api.w.org\/{rel}","templated":true}]}}