{"id":1956,"date":"2024-12-26T03:32:54","date_gmt":"2024-12-26T03:32:54","guid":{"rendered":"https:\/\/fmp-components.com\/?page_id=8"},"modified":"2024-12-26T03:46:48","modified_gmt":"2024-12-26T03:46:48","slug":"agricultural-lawnmower-gearbox-fmp-lf205","status":"publish","type":"product","link":"https:\/\/fmp-components.com\/it\/product\/agricultural-lawnmower-gearbox-fmp-lf205\/","title":{"rendered":"Riduttore per tosaerba agricolo FMP-LF205"},"content":{"rendered":"<h2>Specifiche del cambio del tosaerba agricolo:<\/h2>\n<p><img loading=\"lazy\" decoding=\"async\" class=\"alignnone size-full wp-image-1959\" src=\"https:\/\/fmp-components.com\/wp-content\/uploads\/2024\/12\/FMP_agricultural-gearbox-1.webp\" alt=\"FMP_cambio-agricolo-1\" width=\"1000\" height=\"500\" title=\"\" srcset=\"https:\/\/fmp-components.com\/wp-content\/uploads\/2024\/12\/FMP_agricultural-gearbox-1.webp 1000w, https:\/\/fmp-components.com\/wp-content\/uploads\/2024\/12\/FMP_agricultural-gearbox-1-980x490.webp 980w, https:\/\/fmp-components.com\/wp-content\/uploads\/2024\/12\/FMP_agricultural-gearbox-1-480x240.webp 480w\" sizes=\"(min-width: 0px) and (max-width: 480px) 480px, (min-width: 481px) and (max-width: 980px) 980px, (min-width: 981px) 1000px, 100vw\" \/><\/p>\n<table style=\"width: 100.31%; height: 347px;\" border=\"1\">\n<tbody>\n<tr>\n<td style=\"width: 30.4957%;\"><strong>ARTICOLO<\/strong><\/td>\n<td style=\"width: 68.8578%;\">Modello FMP-LF205<\/td>\n<\/tr>\n<tr>\n<td style=\"width: 30.4957%;\"><strong>Rapporto<\/strong><\/td>\n<td style=\"width: 68.8578%;\">1:1.93\/1:1.46<\/td>\n<\/tr>\n<tr>\n<td style=\"width: 30.4957%;\"><strong>Denti<\/strong><\/td>\n<td style=\"width: 68.8578%;\">23\/12 22\/15<\/td>\n<\/tr>\n<tr>\n<td style=\"width: 30.4957%;\"><strong>Modulo<\/strong><\/td>\n<td style=\"width: 68.8578%;\">5.0 \/ 5.0<\/td>\n<\/tr>\n<tr>\n<td style=\"width: 30.4957%;\"><strong>Potenza (CV)<\/strong><\/td>\n<td style=\"width: 68.8578%;\">30<\/td>\n<\/tr>\n<tr>\n<td style=\"width: 30.4957%;\"><strong>Ingresso nominale<\/strong><\/td>\n<td style=\"width: 68.8578%;\">540 giri al minuto<\/td>\n<\/tr>\n<tr>\n<td style=\"width: 30.4957%;\"><strong>Descrizione di input\/output<\/strong><\/td>\n<td style=\"width: 68.8578%;\">Asse ottico 1-3\/8 Z6<\/p>\n<p>Cono scanalato<\/td>\n<\/tr>\n<tr>\n<td style=\"width: 30.4957%;\"><strong>Peso (NW)<\/strong><\/td>\n<td style=\"width: 68.8578%;\">19KG<\/td>\n<\/tr>\n<\/tbody>\n<\/table>\n<h2>Adatto alle seguenti marche e modelli<\/h2>\n<p>Sostituzione del TOSAERBA Comer FINISHING: LF-205-J<\/p>\n<div class=\"rNotes\"><strong>Riferimenti incrociati:<\/strong><\/div>\n<p><strong>Sostituisce:<\/strong>\u00a0ARRIVARE<strong><br \/>\n<\/strong>U9.135.808.10, U9.205.808.00, U913580810, 9.135.029.00, 913502900<\/p>\n<h3>Caratteristiche del cambio del tosaerba agricolo<\/h3>\n<p>I riduttori per tosaerba agricoli sono componenti essenziali che consentono ai tosaerba rotanti di funzionare efficacemente nel taglio di erba, erbacce e altra vegetazione. Questi riduttori sono progettati per gestire le rigorose esigenze delle applicazioni agricole, garantendo un funzionamento fluido ed efficiente. Di seguito sono riportate le caratteristiche principali dei riduttori per tosaerba agricoli:<\/p>\n<h4>Trasmissione di potenza efficiente<\/h4>\n<p>Il cambio di un tosaerba svolge un ruolo fondamentale nel trasferire la potenza dal motore del trattore alle lame del tosaerba. Garantisce che le lame ruotino a velocit\u00e0 e coppia ottimali, consentendo un taglio efficiente anche in erba fitta o alta. La corretta trasmissione di potenza aiuta a mantenere prestazioni di taglio costanti, riducendo lo sforzo sul motore e migliorando l&#039;efficienza complessiva.<\/p>\n<h4>Costruzione durevole<\/h4>\n<p>I riduttori per tosaerba agricoli sono costruiti per resistere a un uso intensivo in ambienti difficili. Realizzati con materiali di alta qualit\u00e0 come ghisa o leghe di alluminio, questi riduttori sono resistenti all&#039;usura, alla corrosione e agli urti. La costruzione robusta assicura che il riduttore possa gestire lo stress e il carico di un funzionamento continuo per periodi prolungati, il che porta a una migliore affidabilit\u00e0 e longevit\u00e0.<\/p>\n<h4>Funzionamento regolare e vibrazioni ridotte<\/h4>\n<p>Un riduttore per tosaerba ben progettato assicura un funzionamento fluido riducendo al minimo le vibrazioni e lo stress meccanico. Ci\u00f2 \u00e8 possibile grazie all&#039;ingegneria di precisione e all&#039;uso di cuscinetti, ingranaggi e lubrificazione di alta qualit\u00e0. Il funzionamento fluido non solo prolunga la durata del riduttore, ma riduce anche l&#039;usura di altri componenti del tosaerba, come le lame e il motore.<\/p>\n<h4>Versatilit\u00e0 nelle attivit\u00e0 di falciatura<\/h4>\n<p>I riduttori dei tosaerba sono versatili e possono essere progettati per soddisfare vari requisiti di taglio. Alcuni riduttori offrono velocit\u00e0 regolabili, consentendo diverse modalit\u00e0 di taglio a seconda del tipo di vegetazione o del terreno. I riduttori multi-velocit\u00e0 sono spesso preferiti per gestire compiti diversi, dal taglio dell&#039;erba all&#039;affrontare vegetazione pi\u00f9 dura come erbacce e piccoli cespugli.<\/p>\n<h4>Personalizzazione per esigenze specifiche<\/h4>\n<p>Molti produttori, tra cui FMP, offrono riduttori per tosaerba personalizzati, studiati appositamente per soddisfare le esigenze specifiche dei clienti. Che si tratti di regolare l&#039;altezza di taglio, di fornire pi\u00f9 coppia per attivit\u00e0 pi\u00f9 impegnative o di integrare il riduttore in un sistema di tosaerba pi\u00f9 grande, le soluzioni personalizzate assicurano che il riduttore funzioni in modo efficiente con l&#039;intera configurazione del tosaerba.<\/p>\n<p>I riduttori per tosaerba agricoli sono progettati per offrire prestazioni affidabili, efficienti e durature in condizioni difficili. La loro durata, versatilit\u00e0 e bassa necessit\u00e0 di manutenzione li rendono indispensabili per agricoltori, giardinieri e professionisti della manutenzione del terreno che necessitano di attrezzature affidabili per la manutenzione di grandi aree di erba e vegetazione.<\/p>\n<p><img loading=\"lazy\" decoding=\"async\" class=\"alignnone wp-image-1961\" src=\"https:\/\/fmp-components.com\/wp-content\/uploads\/2024\/12\/Lawn-Mower-Gearbox-1.webp\" alt=\"Scatola ingranaggi tosaerba\" width=\"943\" height=\"630\" title=\"\" srcset=\"https:\/\/fmp-components.com\/wp-content\/uploads\/2024\/12\/Lawn-Mower-Gearbox-1.webp 943w, https:\/\/fmp-components.com\/wp-content\/uploads\/2024\/12\/Lawn-Mower-Gearbox-1-480x321.webp 480w\" sizes=\"(min-width: 0px) and (max-width: 480px) 480px, (min-width: 481px) 943px, 100vw\" \/><\/p>\n<h3>Informazioni su FMP<\/h3>\n<p>FMP \u00e8 un produttore leader di riduttori con sede in Italia, specializzato nella progettazione e produzione di riduttori per macchine agricole. Con una forte attenzione alla qualit\u00e0 e alla precisione, offriamo un&#039;ampia gamma di riduttori, tra cui riduttori per tosaerba e prodotti complementari come alberi cardanici. Il nostro obiettivo \u00e8 fornire soluzioni su misura per i mercati agricoli e industriali, rispondendo alle esigenze uniche dei nostri clienti sia con prodotti singoli che con sistemi completi.<\/p>\n<p>In FMP, sappiamo che ogni cliente ha esigenze specifiche e siamo orgogliosi della nostra capacit\u00e0 di personalizzare le soluzioni per soddisfare tali esigenze. Che tu stia cercando un cambio specifico o una soluzione completamente integrata, lavoriamo a stretto contatto con te per sviluppare i prodotti pi\u00f9 efficaci. Il nostro impegno per la soddisfazione del cliente \u00e8 evidente nelle nostre risposte rapide e professionali alle richieste, assicurando che ogni cliente riceva i migliori consigli e supporto.<\/p>\n<p>Crediamo in una comunicazione aperta e continua con i nostri clienti, soprattutto quando si tratta di sviluppo di nuovi prodotti. Il nostro team di esperti interagisce con i clienti per comprendere le loro sfide e fornisce preziosi input per creare le soluzioni pi\u00f9 efficaci. Che si tratti di un nuovo progetto o di un ordine esistente, ci impegniamo a fornire prodotti della massima qualit\u00e0 con rapidit\u00e0 ed efficienza.<\/p>\n<p>La qualit\u00e0 \u00e8 al centro di tutto ci\u00f2 che facciamo. La nostra strategia di produzione \u00e8 costruita attorno al principio di &quot;standard elevati, alta precisione e zero difetti&quot;. Aderiamo a rigide procedure di controllo qualit\u00e0 per garantire che ogni prodotto che forniamo soddisfi i pi\u00f9 elevati standard del settore. Questa attenzione alla qualit\u00e0, insieme al nostro impegno per il lavoro di squadra, l&#039;integrit\u00e0 e la perseveranza, ci ha aiutato a costruire partnership durature con clienti in quasi 30 paesi.<\/p>\n<p>Invitiamo clienti da tutto il mondo a collaborare con noi e siamo sempre pronti a fornire consulenza esperta e soluzioni personalizzate. In FMP, ci impegniamo a risolvere le vostre sfide tecniche e a supportare il vostro successo. Il nostro servizio non riguarda solo la fornitura di prodotti; riguarda la costruzione di relazioni che portano a un successo condiviso.<\/p>\n<p><img loading=\"lazy\" decoding=\"async\" class=\"alignnone size-full wp-image-1861\" src=\"https:\/\/fmp-components.com\/wp-content\/uploads\/2024\/12\/Other-Agricultural-Gearboxes.webp\" sizes=\"(min-width: 0px) and (max-width: 480px) 480px, (min-width: 481px) and (max-width: 980px) 980px, (min-width: 981px) 1200px, 100vw\" srcset=\"https:\/\/fmp-components.com\/wp-content\/uploads\/2024\/12\/Other-Agricultural-Gearboxes.webp 1200w, https:\/\/fmp-components.com\/wp-content\/uploads\/2024\/12\/Other-Agricultural-Gearboxes-980x1143.webp 980w, https:\/\/fmp-components.com\/wp-content\/uploads\/2024\/12\/Other-Agricultural-Gearboxes-480x560.webp 480w\" alt=\"Altri-cambi-agricoli\" width=\"1200\" height=\"1400\" title=\"\"><\/p>\n<p>Autore: CX<\/p>","protected":false},"excerpt":{"rendered":"<p>Agricultural Lawnmower Gearbox Specifications: ITEM FMP-LF205 Ratio 1:1.93\/1:1.46 Teeth 23\/12 22\/15 Module 5.0 \/ 5.0 Power(HP) 30 Rated Input 540rpm Input\/Output Description 1-3\/8 Z6 Optic Axis Taper Spline Weight(N.W) 19KG Fits the Following Makes and Models Replacement of Comer FINISHING MOWER: LF-205-J Cross References: Replaces:\u00a0COMER U9.135.808.10, U9.205.808.00 , U913580810 , 9.135.029.00 , 913502900 Features of [&hellip;]<\/p>","protected":false},"featured_media":1960,"comment_status":"open","ping_status":"closed","template":"","meta":{"_et_pb_use_builder":"","_et_pb_old_content":"","_et_gb_content_width":""},"product_brand":[],"product_cat":[52],"product_tag":[],"class_list":{"0":"post-1956","1":"product","2":"type-product","3":"status-publish","4":"has-post-thumbnail","6":"product_cat-lawn-mower-gearbox","8":"first","9":"instock","10":"shipping-taxable","11":"product-type-simple"},"_links":{"self":[{"href":"https:\/\/fmp-components.com\/it\/wp-json\/wp\/v2\/product\/1956","targetHints":{"allow":["GET"]}}],"collection":[{"href":"https:\/\/fmp-components.com\/it\/wp-json\/wp\/v2\/product"}],"about":[{"href":"https:\/\/fmp-components.com\/it\/wp-json\/wp\/v2\/types\/product"}],"replies":[{"embeddable":true,"href":"https:\/\/fmp-components.com\/it\/wp-json\/wp\/v2\/comments?post=1956"}],"wp:featuredmedia":[{"embeddable":true,"href":"https:\/\/fmp-components.com\/it\/wp-json\/wp\/v2\/media\/1960"}],"wp:attachment":[{"href":"https:\/\/fmp-components.com\/it\/wp-json\/wp\/v2\/media?parent=1956"}],"wp:term":[{"taxonomy":"product_brand","embeddable":true,"href":"https:\/\/fmp-components.com\/it\/wp-json\/wp\/v2\/product_brand?post=1956"},{"taxonomy":"product_cat","embeddable":true,"href":"https:\/\/fmp-components.com\/it\/wp-json\/wp\/v2\/product_cat?post=1956"},{"taxonomy":"product_tag","embeddable":true,"href":"https:\/\/fmp-components.com\/it\/wp-json\/wp\/v2\/product_tag?post=1956"}],"curies":[{"name":"parola chiave","href":"https:\/\/api.w.org\/{rel}","templated":true}]}}