{"id":1943,"date":"2024-12-26T02:18:14","date_gmt":"2024-12-26T02:18:14","guid":{"rendered":"https:\/\/fmp-components.com\/?page_id=8"},"modified":"2024-12-26T02:21:11","modified_gmt":"2024-12-26T02:21:11","slug":"rotary-mower-gearbox-replacement-of-comer-code-tf-285b","status":"publish","type":"product","link":"https:\/\/fmp-components.com\/it\/product\/rotary-mower-gearbox-replacement-of-comer-code-tf-285b\/","title":{"rendered":"Scatola ingranaggi tosaerba rotativo \u2013 Sostituzione del codice Comer TF-285B"},"content":{"rendered":"<p><img loading=\"lazy\" decoding=\"async\" class=\"size-full wp-image-1946 aligncenter\" src=\"https:\/\/fmp-components.com\/wp-content\/uploads\/2024\/12\/rotary-mower-gearbox-tf285b.webp\" alt=\"riduttore-tosaerba-rotativo\" width=\"300\" height=\"300\" title=\"\" srcset=\"https:\/\/fmp-components.com\/wp-content\/uploads\/2024\/12\/rotary-mower-gearbox-tf285b.webp 300w, https:\/\/fmp-components.com\/wp-content\/uploads\/2024\/12\/rotary-mower-gearbox-tf285b-150x150.webp 150w, https:\/\/fmp-components.com\/wp-content\/uploads\/2024\/12\/rotary-mower-gearbox-tf285b-12x12.webp 12w, https:\/\/fmp-components.com\/wp-content\/uploads\/2024\/12\/rotary-mower-gearbox-tf285b-100x100.webp 100w\" sizes=\"(max-width: 300px) 100vw, 300px\" \/><\/p>\n<h2>Specifiche del riduttore del tosaerba rotativo TF-285B<\/h2>\n<p><img loading=\"lazy\" decoding=\"async\" class=\"alignnone size-full wp-image-1944\" src=\"https:\/\/fmp-components.com\/wp-content\/uploads\/2024\/12\/rotary-mower-gearbox-specifications-tf285b.webp\" alt=\"riduttore-tosaerba-rotativo\" width=\"851\" height=\"449\" title=\"\" srcset=\"https:\/\/fmp-components.com\/wp-content\/uploads\/2024\/12\/rotary-mower-gearbox-specifications-tf285b.webp 851w, https:\/\/fmp-components.com\/wp-content\/uploads\/2024\/12\/rotary-mower-gearbox-specifications-tf285b-480x253.webp 480w\" sizes=\"(min-width: 0px) and (max-width: 480px) 480px, (min-width: 481px) 851px, 100vw\" \/><\/p>\n<table style=\"width: 91.8919%; height: 108px;\" border=\"1\">\n<tbody>\n<tr>\n<td rowspan=\"2\"><strong>io<\/strong><\/td>\n<td rowspan=\"2\"><strong>N<sub>1<\/sub>[giri al minuto]<\/strong><\/td>\n<td rowspan=\"2\"><strong>P<sub>1<\/sub>[kW]<\/strong><\/td>\n<td rowspan=\"2\"><strong>M<sub>2<\/sub>[Nichel]<\/strong><\/td>\n<td colspan=\"3\"><strong>Tipo di albero<\/strong><\/td>\n<td rowspan=\"2\"><strong>Ingresso<\/strong><\/td>\n<\/tr>\n<tr>\n<td><strong>X<\/strong><\/td>\n<td><strong>E<\/strong><\/td>\n<td><strong>La<\/strong><\/td>\n<\/tr>\n<tr>\n<td>1.86<\/td>\n<td>1000<\/td>\n<td>91.9<\/td>\n<td>709<\/td>\n<td>1&quot; 3\/8 Z21<\/td>\n<td>1&quot; 3\/4 Z20<\/td>\n<td>Collegamento hub<\/td>\n<td>E<\/td>\n<\/tr>\n<\/tbody>\n<\/table>\n<h2>Vantaggi del cambio del tosaerba rotativo<\/h2>\n<p>I tosaerba rotativi dotati di un cambio di alta qualit\u00e0 offrono numerosi vantaggi, rendendoli uno strumento essenziale per la cura del paesaggio, l&#039;agricoltura e la manutenzione del verde. Questi vantaggi derivano dalla capacit\u00e0 del cambio di trasferire la potenza in modo efficiente, ridurre l&#039;usura e migliorare le prestazioni complessive del tosaerba. Ecco alcuni dei principali vantaggi dell&#039;utilizzo di un cambio di un tosaerba rotativo:<\/p>\n<ol>\n<li><strong>Trasmissione di potenza efficiente<\/strong><br \/>\nIl cambio di un tosaerba rotativo svolge un ruolo cruciale nel trasferire la potenza dal motore del trattore alle lame. Questa trasmissione efficiente garantisce che le lame ruotino alla velocit\u00e0 e alla coppia ottimali, consentendo al tosaerba di tagliare l&#039;erba in modo efficace, anche in condizioni difficili. Questo \u00e8 particolarmente importante per le operazioni su larga scala, dove costanza ed efficienza sono fondamentali.<\/li>\n<li><strong>Durata e longevit\u00e0<\/strong><br \/>\nI riduttori dei tosaerba rotativi sono progettati per resistere a un uso intensivo e a condizioni difficili. Grazie alla loro struttura robusta, spesso realizzata con materiali di alta qualit\u00e0 come ghisa o leghe di alluminio, questi riduttori sono resistenti all&#039;usura, alla corrosione e alle sollecitazioni. Questa durevolezza garantisce il funzionamento regolare del riduttore per periodi prolungati, riducendo la necessit\u00e0 di frequenti riparazioni o sostituzioni.<\/li>\n<li><strong>Costi di manutenzione e operativi ridotti<\/strong><br \/>\nGrazie al design robusto e all&#039;efficiente trasmissione di potenza, i riduttori per tosaerba rotativi richiedono meno manutenzione rispetto ad altri tipi di trasmissioni. La corretta lubrificazione dei componenti interni, come ingranaggi e cuscinetti, contribuisce a ridurre al minimo attrito, usura e surriscaldamento, con conseguente riduzione dei costi operativi e degli interventi di manutenzione. Ci\u00f2 si traduce in maggiore operativit\u00e0 e minori interruzioni per riparazioni.<\/li>\n<li><strong>Prestazioni di taglio migliorate<\/strong><br \/>\nUn cambio ben progettato assicura che le lame del tosaerba raggiungano la giusta velocit\u00e0 e coppia, per un taglio pulito e uniforme. Che si tratti di erba, erbacce o piccoli cespugli, il cambio assicura prestazioni di taglio superiori anche in condizioni difficili. Il cambio aiuta il tosaerba a gestire in modo pi\u00f9 efficace la vegetazione fitta e densa e i terreni irregolari.<\/li>\n<li><strong>Versatilit\u00e0 e personalizzazione<\/strong><br \/>\nI riduttori per tosaerba rotativi sono disponibili in diverse configurazioni, come modelli a velocit\u00e0 singola o multipla, consentendo flessibilit\u00e0 in diverse applicazioni. Molti produttori, tra cui FMP, offrono soluzioni personalizzate per soddisfare requisiti prestazionali specifici, come la regolazione dell&#039;altezza di taglio o l&#039;erogazione di coppia aggiuntiva per lavori di taglio impegnativi. Questa versatilit\u00e0 consente ai riduttori di adattarsi a un&#039;ampia gamma di settori, dall&#039;agricoltura alla manutenzione del verde pubblico.<\/li>\n<li><strong>Caratteristiche di sicurezza<\/strong><br \/>\nMolti riduttori per tosaerba rotativi sono dotati di dispositivi di sicurezza, come frizioni a ruota libera o meccanismi di disinnesto, che impediscono danni al riduttore e alle lame del tosaerba quando il motore \u00e8 spento. Queste caratteristiche contribuiscono inoltre a proteggere l&#039;operatore da incidenti e a ridurre il rischio di guasti meccanici.<\/li>\n<li><strong>Compatto e facile da installare<\/strong><br \/>\nI riduttori per tosaerba rotativi sono generalmente progettati per essere compatti e facili da installare su vari tipi di tosaerba e macchinari. Il loro design garantisce non solo l&#039;efficienza in termini di trasmissione di potenza, ma anche la facilit\u00e0 di integrazione in diversi sistemi, rendendoli una scelta eccellente sia per i produttori OEM che per gli utenti finali.<\/li>\n<\/ol>\n<p>In conclusione, il cambio del tosaerba rotativo \u00e8 un componente essenziale che migliora le prestazioni, l&#039;affidabilit\u00e0 e la redditivit\u00e0 delle attrezzature da taglio. La sua capacit\u00e0 di trasferire potenza in modo efficiente, ridurre la manutenzione e migliorare le prestazioni di taglio lo rende un componente indispensabile dei moderni tosaerba rotativi utilizzati in applicazioni agricole, industriali e di giardinaggio.<\/p>\n<p><img loading=\"lazy\" decoding=\"async\" class=\"alignnone size-full wp-image-1940\" src=\"https:\/\/fmp-components.com\/wp-content\/uploads\/2024\/12\/Rotary-Mower-Gearbox23.webp\" alt=\"Scatola ingranaggi tosaerba rotativo\" width=\"1000\" height=\"1000\" title=\"\" srcset=\"https:\/\/fmp-components.com\/wp-content\/uploads\/2024\/12\/Rotary-Mower-Gearbox23.webp 1000w, https:\/\/fmp-components.com\/wp-content\/uploads\/2024\/12\/Rotary-Mower-Gearbox23-980x980.webp 980w, https:\/\/fmp-components.com\/wp-content\/uploads\/2024\/12\/Rotary-Mower-Gearbox23-480x480.webp 480w\" sizes=\"(min-width: 0px) and (max-width: 480px) 480px, (min-width: 481px) and (max-width: 980px) 980px, (min-width: 981px) 1000px, 100vw\" \/><\/p>\n<h3>Informazioni su FMP<\/h3>\n<p>FMP, con sede in Italia, \u00e8 un&#039;azienda leader nell&#039;innovazione nella ricerca, sviluppo e produzione di riduttori, scatole di trasmissione e macchinari per l&#039;ingegneria. Nota per il suo impegno verso la qualit\u00e0, il miglioramento continuo e lo sviluppo dei talenti, FMP ha ottenuto riconoscimenti sia a livello locale che internazionale. Con una solida reputazione nel settore dell&#039;ingegneria meccanica, l&#039;azienda \u00e8 un partner affidabile in diversi settori.<\/p>\n<p>FMP offre un&#039;ampia gamma di prodotti ad alte prestazioni, tra cui riduttori conici a spirale, riduttori a denti dritti, riduttori a vite senza fine, riduttori cilindrici e corpi e alloggiamenti valvola pressofusi. Questi prodotti sono progettati con precisione per soddisfare le diverse esigenze delle applicazioni industriali e agricole, garantendo affidabilit\u00e0 e durata.<\/p>\n<p>I riduttori e i componenti dell&#039;azienda servono diversi settori, come l&#039;agricoltura, l&#039;estrazione petrolifera, i sistemi marittimi e l&#039;ingegneria idraulica. In agricoltura, FMP alimenta macchinari essenziali come tosaerba rotanti, spazzaneve, spandiconcime e trasportatori di cereali. Questa ampia gamma di applicazioni evidenzia la versatilit\u00e0 di FMP e la sua capacit\u00e0 di offrire soluzioni che migliorano l&#039;efficienza operativa in tutti i settori.<\/p>\n<p>Il processo produttivo di FMP si basa su tecniche avanzate e rigorosi standard di controllo qualit\u00e0. Dalla progettazione all&#039;assemblaggio finale, ogni articolo \u00e8 realizzato utilizzando materiali di alta qualit\u00e0 come ghisa e leghe di alluminio. Metodi di lavorazione di precisione garantiscono un&#039;elevata accuratezza, mentre ispezioni approfondite garantiscono affidabilit\u00e0 e prestazioni a lungo termine. L&#039;attenzione di FMP alla qualit\u00e0, all&#039;allineamento e alla resistenza all&#039;usura garantisce che i suoi prodotti continuino a soddisfare gli standard pi\u00f9 elevati.<\/p>\n<p>Azienda lungimirante, FMP si impegna a garantire la soddisfazione del cliente e l&#039;innovazione continua. L&#039;azienda \u00e8 aperta a partnership globali e offre soluzioni personalizzate in base alle esigenze del cliente. Per saperne di pi\u00f9 sui prodotti FMP o esplorare opportunit\u00e0 di collaborazione, i potenziali partner possono contattare l&#039;azienda telefonicamente o via e-mail, rafforzando l&#039;impegno di FMP nel fornire un servizio eccezionale e soluzioni di alta qualit\u00e0.<\/p>\n<p><img loading=\"lazy\" decoding=\"async\" class=\"alignnone size-full wp-image-1861\" src=\"https:\/\/fmp-components.com\/wp-content\/uploads\/2024\/12\/Other-Agricultural-Gearboxes.webp\" alt=\"Altri-cambi-agricoli\" width=\"1200\" height=\"1400\" title=\"\" srcset=\"https:\/\/fmp-components.com\/wp-content\/uploads\/2024\/12\/Other-Agricultural-Gearboxes.webp 1200w, https:\/\/fmp-components.com\/wp-content\/uploads\/2024\/12\/Other-Agricultural-Gearboxes-980x1143.webp 980w, https:\/\/fmp-components.com\/wp-content\/uploads\/2024\/12\/Other-Agricultural-Gearboxes-480x560.webp 480w\" sizes=\"(min-width: 0px) and (max-width: 480px) 480px, (min-width: 481px) and (max-width: 980px) 980px, (min-width: 981px) 1200px, 100vw\" \/><\/p>\n<p>Autore: CX<\/p>\n<p>&nbsp;<\/p>","protected":false},"excerpt":{"rendered":"<p>Rotary Mower Gearbox\u00a0TF-285B Specifications i N1[rpm] P1[kW] M2[Nm] Shaft Type Input X Y Z 1.86 1000 91.9 709 1&#8221; 3\/8 Z21 1&#8221; 3\/4 Z20 Hub connection Y Advantages of Rotary Mower Gearbox Rotary mowers equipped with a high-quality gearbox offer numerous advantages, making them an essential tool for landscaping, agriculture, and grounds maintenance. These advantages [&hellip;]<\/p>","protected":false},"featured_media":1946,"comment_status":"open","ping_status":"closed","template":"","meta":{"_et_pb_use_builder":"","_et_pb_old_content":"","_et_gb_content_width":""},"product_brand":[],"product_cat":[51],"product_tag":[],"class_list":{"0":"post-1943","1":"product","2":"type-product","3":"status-publish","4":"has-post-thumbnail","6":"product_cat-rotary-mower-gearbox","8":"first","9":"instock","10":"shipping-taxable","11":"product-type-simple"},"_links":{"self":[{"href":"https:\/\/fmp-components.com\/it\/wp-json\/wp\/v2\/product\/1943","targetHints":{"allow":["GET"]}}],"collection":[{"href":"https:\/\/fmp-components.com\/it\/wp-json\/wp\/v2\/product"}],"about":[{"href":"https:\/\/fmp-components.com\/it\/wp-json\/wp\/v2\/types\/product"}],"replies":[{"embeddable":true,"href":"https:\/\/fmp-components.com\/it\/wp-json\/wp\/v2\/comments?post=1943"}],"wp:featuredmedia":[{"embeddable":true,"href":"https:\/\/fmp-components.com\/it\/wp-json\/wp\/v2\/media\/1946"}],"wp:attachment":[{"href":"https:\/\/fmp-components.com\/it\/wp-json\/wp\/v2\/media?parent=1943"}],"wp:term":[{"taxonomy":"product_brand","embeddable":true,"href":"https:\/\/fmp-components.com\/it\/wp-json\/wp\/v2\/product_brand?post=1943"},{"taxonomy":"product_cat","embeddable":true,"href":"https:\/\/fmp-components.com\/it\/wp-json\/wp\/v2\/product_cat?post=1943"},{"taxonomy":"product_tag","embeddable":true,"href":"https:\/\/fmp-components.com\/it\/wp-json\/wp\/v2\/product_tag?post=1943"}],"curies":[{"name":"parola chiave","href":"https:\/\/api.w.org\/{rel}","templated":true}]}}