{"id":1938,"date":"2024-12-26T02:05:01","date_gmt":"2024-12-26T02:05:01","guid":{"rendered":"https:\/\/fmp-components.com\/?page_id=8"},"modified":"2024-12-26T02:18:02","modified_gmt":"2024-12-26T02:18:02","slug":"rotary-mower-gearbox-replacement-of-comer-code-tf-26a","status":"publish","type":"product","link":"https:\/\/fmp-components.com\/it\/product\/rotary-mower-gearbox-replacement-of-comer-code-tf-26a\/","title":{"rendered":"Scatola ingranaggi tosaerba rotativo \u2013 Sostituzione del codice Comer TF-26A"},"content":{"rendered":"<p><img loading=\"lazy\" decoding=\"async\" class=\"size-full wp-image-1942 aligncenter\" src=\"https:\/\/fmp-components.com\/wp-content\/uploads\/2024\/12\/rotary-mower-gearbox-tf26a-1.webp\" alt=\"riduttore-tosaerba-rotativo-tf26a-1\" width=\"300\" height=\"300\" title=\"\" srcset=\"https:\/\/fmp-components.com\/wp-content\/uploads\/2024\/12\/rotary-mower-gearbox-tf26a-1.webp 300w, https:\/\/fmp-components.com\/wp-content\/uploads\/2024\/12\/rotary-mower-gearbox-tf26a-1-150x150.webp 150w, https:\/\/fmp-components.com\/wp-content\/uploads\/2024\/12\/rotary-mower-gearbox-tf26a-1-12x12.webp 12w, https:\/\/fmp-components.com\/wp-content\/uploads\/2024\/12\/rotary-mower-gearbox-tf26a-1-100x100.webp 100w\" sizes=\"(max-width: 300px) 100vw, 300px\" \/><\/p>\n<h2>Specifiche del riduttore per tosaerba rotativo TF-26A<\/h2>\n<p><img loading=\"lazy\" decoding=\"async\" class=\"alignnone size-full wp-image-1939\" src=\"https:\/\/fmp-components.com\/wp-content\/uploads\/2024\/12\/rotary-mower-gearbox-specifications-tf26a.webp\" alt=\"specifiche-del-cambio-del-tosaerba-rotativo-tf26a\" width=\"867\" height=\"449\" title=\"\" srcset=\"https:\/\/fmp-components.com\/wp-content\/uploads\/2024\/12\/rotary-mower-gearbox-specifications-tf26a.webp 867w, https:\/\/fmp-components.com\/wp-content\/uploads\/2024\/12\/rotary-mower-gearbox-specifications-tf26a-480x249.webp 480w\" sizes=\"(min-width: 0px) and (max-width: 480px) 480px, (min-width: 481px) 867px, 100vw\" \/><\/p>\n<table style=\"width: 100%;\" border=\"1\" width=\"100%\" cellspacing=\"0\" cellpadding=\"0\">\n<tbody>\n<tr>\n<td rowspan=\"2\"><strong>io<\/strong><\/td>\n<td rowspan=\"2\"><strong>N<sub>1<\/sub>[giri al minuto]<\/strong><\/td>\n<td rowspan=\"2\"><strong>P<sub>1<\/sub>[kW]<\/strong><\/td>\n<td rowspan=\"2\"><strong>M<sub>2<\/sub>[Nichel]<\/strong><\/td>\n<td colspan=\"3\"><strong>Tipo di albero<\/strong><\/td>\n<td rowspan=\"2\"><strong>Ingresso<\/strong><\/td>\n<\/tr>\n<tr>\n<td><strong>X<\/strong><\/td>\n<td><strong>E<\/strong><\/td>\n<td><strong>La<\/strong><\/td>\n<\/tr>\n<tr>\n<td>1.84<\/td>\n<td>540<\/td>\n<td>66.0<\/td>\n<td>615<\/td>\n<td>1&quot; 3\/8 Z6<\/td>\n<td>1&quot; 3\/8 Z6<\/td>\n<td>Collegamento hub<\/td>\n<td>E<\/td>\n<\/tr>\n<tr>\n<td>1.47<\/td>\n<td>540<\/td>\n<td>66.0<\/td>\n<td>770<\/td>\n<td>1&quot; 3\/8 Z6<\/td>\n<td>1&quot; 3\/8 Z6<\/td>\n<td>Collegamento hub<\/td>\n<td>E<\/td>\n<\/tr>\n<\/tbody>\n<\/table>\n<h3>Caratteristiche del cambio del tosaerba rotativo<\/h3>\n<p>Il cambio \u00e8 un componente essenziale di un tosaerba rotativo, che garantisce che il tosaerba funzioni in modo efficiente ed efficace. I tosaerba rotativi sono ampiamente utilizzati da giardinieri, giardinieri e in contesti agricoli per la loro capacit\u00e0 di tagliare erba, erbacce e cespugli con facilit\u00e0. Un cambio di alta qualit\u00e0 per tosaerba rotativo migliora le prestazioni complessive, la durata e la longevit\u00e0 del tosaerba, rendendolo essenziale per un funzionamento regolare in varie condizioni.<\/p>\n<p>Una delle caratteristiche principali del cambio di un tosaerba rotativo \u00e8 il suo <strong>alloggiamento durevole<\/strong>, solitamente realizzati in materiali resistenti come ghisa o leghe di alluminio. L&#039;alloggiamento serve a proteggere i componenti interni da fattori ambientali aggressivi, come sporcizia, umidit\u00e0 e detriti. Questa costruzione robusta assicura che il cambio rimanga intatto e funzioni in modo affidabile in condizioni difficili, tra cui lavori di falciatura pesanti in campi o terreni accidentati.<\/p>\n<p>Un&#039;altra caratteristica importante \u00e8 la <strong>cuscinetti<\/strong> che supportano l&#039;albero rotante e gli ingranaggi all&#039;interno del cambio. I cuscinetti riducono l&#039;attrito, consentendo ai componenti interni di ruotare in modo fluido ed efficiente. Aiutano anche a ridurre al minimo l&#039;usura, assicurando che il cambio possa funzionare per un periodo prolungato senza la necessit\u00e0 di frequenti riparazioni. Una corretta lubrificazione dei cuscinetti \u00e8 fondamentale per prevenire il surriscaldamento e mantenere prestazioni ottimali, motivo per cui molti cambi sono dotati di un sistema di lubrificazione integrato che assicura che tutte le parti mobili siano ben oliate.<\/p>\n<p>IL <strong>sigilli<\/strong> nel cambio svolgono un ruolo cruciale nel prevenire l&#039;ingresso di contaminanti, come sporcizia, erba tagliata e acqua. Queste guarnizioni aiutano a mantenere l&#039;integrit\u00e0 della lubrificazione all&#039;interno del cambio e proteggono gli ingranaggi interni da eventuali danni. Senza una sigillatura adeguata, i detriti potrebbero entrare nel cambio e causare danni significativi ai componenti, con conseguenti costose riparazioni e tempi di fermo. Pertanto, le guarnizioni assicurano che il cambio rimanga efficiente e prolungano la durata complessiva del tosaerba.<\/p>\n<p>Alcuni riduttori avanzati per tosaerba rotativi sono dotati di ulteriori <strong>caratteristiche come ingranaggi regolabili<\/strong> che consentono agli operatori di modificare l&#039;altezza di taglio. Questa caratteristica \u00e8 particolarmente utile in condizioni di taglio variabili, come quando si passa dal taglio dell&#039;erba al taglio di una vegetazione pi\u00f9 fitta. Essere in grado di regolare l&#039;altezza assicura un taglio pi\u00f9 pulito ed efficiente, offrendo all&#039;operatore un maggiore controllo sul processo di taglio. Inoltre, alcuni riduttori includono anche un <strong>meccanismo di frizione<\/strong> che disinnesta le lame quando il tosaerba non \u00e8 in uso. Ci\u00f2 aiuta a prevenire l&#039;usura non necessaria delle lame e riduce il rischio di danni quando il tosaerba \u00e8 inattivo.<\/p>\n<p>Oltre al cambio per tosaerba rotativo TF-26A, offriamo anche una variet\u00e0 di altri cambi agricoli progettati per applicazioni specifiche. Che si tratti di un uso industriale pesante o di attivit\u00e0 pi\u00f9 leggere, la nostra gamma di cambi assicura che ogni utente possa trovare il cambio giusto per soddisfare le proprie esigenze operative e di tosaerba.<\/p>\n<p>In sintesi, un cambio di alta qualit\u00e0 per tosaerba rotativi \u00e8 essenziale per garantire un funzionamento efficiente, ridurre al minimo l&#039;usura e prolungare la durata del tosaerba. Con caratteristiche come alloggiamento durevole, cuscinetti efficienti, guarnizioni protettive, ingranaggi regolabili e meccanismi di frizione, questi cambi contribuiscono alle prestazioni fluide e affidabili dei tosaerba rotativi in una variet\u00e0 di ambienti.<\/p>\n<p><img loading=\"lazy\" decoding=\"async\" class=\"alignnone size-full wp-image-1940\" src=\"https:\/\/fmp-components.com\/wp-content\/uploads\/2024\/12\/Rotary-Mower-Gearbox23.webp\" alt=\"Scatola ingranaggi tosaerba rotativo\" width=\"1000\" height=\"1000\" title=\"\" srcset=\"https:\/\/fmp-components.com\/wp-content\/uploads\/2024\/12\/Rotary-Mower-Gearbox23.webp 1000w, https:\/\/fmp-components.com\/wp-content\/uploads\/2024\/12\/Rotary-Mower-Gearbox23-980x980.webp 980w, https:\/\/fmp-components.com\/wp-content\/uploads\/2024\/12\/Rotary-Mower-Gearbox23-480x480.webp 480w\" sizes=\"(min-width: 0px) and (max-width: 480px) 480px, (min-width: 481px) and (max-width: 980px) 980px, (min-width: 981px) 1000px, 100vw\" \/><\/p>\n<h3>Alberi cardanici in vendita<\/h3>\n<p>In FMP, offriamo una selezione completa di alberi PTO (Power Take-Off) di alta qualit\u00e0, specificamente progettati per l&#039;uso con riduttori agricoli, compresi i riduttori dei tosaerba rotanti. L&#039;albero PTO svolge un ruolo fondamentale nella trasmissione della potenza meccanica dal motore del trattore alla macchina agricola. Funziona a velocit\u00e0 che vanno da 540 a 1.000 giri\/min, a seconda dei requisiti specifici dell&#039;applicazione.<\/p>\n<p>I nostri alberi PTO sono progettati pensando a durata ed efficienza, con una struttura robusta e gioghi su entrambe le estremit\u00e0 per collegarsi perfettamente al cambio. Questi alberi sono disponibili in vari valori di coppia, consentendoti di scegliere l&#039;opzione giusta in base alle esigenze di potenza della tua macchina. Sia che tu stia lavorando con attrezzature leggere o pesanti, offriamo alberi PTO su misura per fornire prestazioni ottimali.<\/p>\n<p>Oltre alla nostra vasta gamma di alberi PTO standard, FMP offre anche soluzioni personalizzate per soddisfare i requisiti specifici dei tuoi macchinari. Sia che tu abbia bisogno di regolazioni in lunghezza, coppia o altre specifiche, possiamo progettare e produrre alberi PTO per soddisfare le tue esigenze specifiche.<\/p>\n<p>Se stai cercando alberi PTO ad alte prestazioni che garantiscano un trasferimento di potenza fluido e un funzionamento duraturo, non esitare a contattarci. Contattaci oggi stesso per maggiori informazioni o per discutere i requisiti personalizzati per gli alberi PTO!<\/p>\n<p><img loading=\"lazy\" decoding=\"async\" class=\"alignnone wp-image-1941\" src=\"https:\/\/fmp-components.com\/wp-content\/uploads\/2024\/12\/rotary-mower-gearbox-and-pto-drive-shaft.webp\" alt=\"Scatola ingranaggi tosaerba rotativo\" width=\"873\" height=\"641\" title=\"\" srcset=\"https:\/\/fmp-components.com\/wp-content\/uploads\/2024\/12\/rotary-mower-gearbox-and-pto-drive-shaft.webp 873w, https:\/\/fmp-components.com\/wp-content\/uploads\/2024\/12\/rotary-mower-gearbox-and-pto-drive-shaft-480x353.webp 480w\" sizes=\"(min-width: 0px) and (max-width: 480px) 480px, (min-width: 481px) 873px, 100vw\" \/><\/p>\n<h3>Informazioni su FMP<\/h3>\n<p>FMP, con sede in Italia, \u00e8 un leader molto rispettato nella ricerca, sviluppo e produzione di riduttori, scatole di trasmissione e macchinari di ingegneria. Nota per la sua attenzione all&#039;innovazione, alla qualit\u00e0 e allo sviluppo dei talenti, FMP si \u00e8 affermata come un attore di spicco nel settore dell&#039;ingegneria meccanica. L&#039;azienda ha ottenuto riconoscimenti sia a livello nazionale che internazionale per la sua dedizione al miglioramento continuo e all&#039;eccellenza, rendendola un partner di fiducia in un&#039;ampia gamma di settori.<\/p>\n<p>FMP offre un&#039;ampia selezione di prodotti ad alte prestazioni, tra cui riduttori conici a spirale, riduttori cilindrici, riduttori a vite senza fine, riduttori cilindrici e corpi valvola e alloggiamenti pressofusi ad alta pressione. Questi prodotti sono progettati con precisione per soddisfare le esigenze uniche di varie applicazioni. Che si tratti di macchinari industriali pesanti o di attrezzature agricole specializzate, i riduttori FMP offrono prestazioni affidabili e durata.<\/p>\n<p>I riduttori e i componenti dell&#039;azienda sono ampiamente utilizzati in tutti i settori, con applicazioni che spaziano dall&#039;agricoltura all&#039;estrazione di petrolio, ai sistemi marini e all&#039;ingegneria idraulica. In agricoltura, i prodotti FMP alimentano macchinari essenziali come tosaerba rotanti, spazzaneve, spandiconcime e trasportatori di cereali. Questa versatilit\u00e0 dimostra la capacit\u00e0 di FMP di servire diversi settori con soluzioni di alta qualit\u00e0 che migliorano l&#039;efficienza e la produttivit\u00e0.<\/p>\n<p>L&#039;impegno di FMP per l&#039;eccellenza nella produzione avanzata si riflette nei suoi rigorosi processi di produzione. Dalla fase di progettazione iniziale all&#039;assemblaggio finale, ogni prodotto \u00e8 realizzato per soddisfare i pi\u00f9 elevati standard di qualit\u00e0. L&#039;azienda utilizza solo materiali di alta qualit\u00e0, come ghisa e leghe di alluminio, garantendo durata e prestazioni ottimali. Tecniche di lavorazione di precisione, tra cui tornitura e fresatura, sono impiegate per fabbricare ogni componente con accuratezza. I processi di controllo qualit\u00e0 di FMP assicurano che ogni prodotto funzioni in modo affidabile, con attenzione all&#039;allineamento, alla lubrificazione e alla resistenza all&#039;usura a lungo termine.<\/p>\n<p>In quanto azienda che valorizza la soddisfazione del cliente e l&#039;innovazione, FMP continua a consolidare la sua solida reputazione per la fornitura di prodotti ad alte prestazioni. L&#039;azienda \u00e8 aperta a partnership e collaborazioni globali, offrendo soluzioni personalizzate per soddisfare le esigenze specifiche dei clienti. Per maggiori informazioni o per discutere di potenziali collaborazioni, i clienti possono facilmente contattare FMP via telefono o e-mail, rafforzando l&#039;impegno dell&#039;azienda per un servizio eccezionale e soluzioni di alta qualit\u00e0.<\/p>\n<p><img loading=\"lazy\" decoding=\"async\" class=\"alignnone size-full wp-image-1861\" src=\"https:\/\/fmp-components.com\/wp-content\/uploads\/2024\/12\/Other-Agricultural-Gearboxes.webp\" alt=\"Altri-cambi-agricoli\" width=\"1200\" height=\"1400\" title=\"\" srcset=\"https:\/\/fmp-components.com\/wp-content\/uploads\/2024\/12\/Other-Agricultural-Gearboxes.webp 1200w, https:\/\/fmp-components.com\/wp-content\/uploads\/2024\/12\/Other-Agricultural-Gearboxes-980x1143.webp 980w, https:\/\/fmp-components.com\/wp-content\/uploads\/2024\/12\/Other-Agricultural-Gearboxes-480x560.webp 480w\" sizes=\"(min-width: 0px) and (max-width: 480px) 480px, (min-width: 481px) and (max-width: 980px) 980px, (min-width: 981px) 1200px, 100vw\" \/><\/p>\n<p>Autore: CX<\/p>","protected":false},"excerpt":{"rendered":"<p>Rotary Mower Gearbox TF-26A\u00a0Specifications i N1[rpm] P1[kW] M2[Nm] Shaft Type Input X Y Z 1.84 540 66.0 615 1&#8221; 3\/8 Z6 1&#8221; 3\/8 Z6 Hub connection Y 1.47 540 66.0 770 1&#8221; 3\/8 Z6 1&#8221; 3\/8 Z6 Hub connection Y Features of Rotary Mower Gearbox The gearbox is a vital component of a rotary mower, [&hellip;]<\/p>","protected":false},"featured_media":1942,"comment_status":"open","ping_status":"closed","template":"","meta":{"_et_pb_use_builder":"","_et_pb_old_content":"","_et_gb_content_width":""},"product_brand":[],"product_cat":[51],"product_tag":[],"class_list":{"0":"post-1938","1":"product","2":"type-product","3":"status-publish","4":"has-post-thumbnail","6":"product_cat-rotary-mower-gearbox","8":"first","9":"instock","10":"shipping-taxable","11":"product-type-simple"},"_links":{"self":[{"href":"https:\/\/fmp-components.com\/it\/wp-json\/wp\/v2\/product\/1938","targetHints":{"allow":["GET"]}}],"collection":[{"href":"https:\/\/fmp-components.com\/it\/wp-json\/wp\/v2\/product"}],"about":[{"href":"https:\/\/fmp-components.com\/it\/wp-json\/wp\/v2\/types\/product"}],"replies":[{"embeddable":true,"href":"https:\/\/fmp-components.com\/it\/wp-json\/wp\/v2\/comments?post=1938"}],"wp:featuredmedia":[{"embeddable":true,"href":"https:\/\/fmp-components.com\/it\/wp-json\/wp\/v2\/media\/1942"}],"wp:attachment":[{"href":"https:\/\/fmp-components.com\/it\/wp-json\/wp\/v2\/media?parent=1938"}],"wp:term":[{"taxonomy":"product_brand","embeddable":true,"href":"https:\/\/fmp-components.com\/it\/wp-json\/wp\/v2\/product_brand?post=1938"},{"taxonomy":"product_cat","embeddable":true,"href":"https:\/\/fmp-components.com\/it\/wp-json\/wp\/v2\/product_cat?post=1938"},{"taxonomy":"product_tag","embeddable":true,"href":"https:\/\/fmp-components.com\/it\/wp-json\/wp\/v2\/product_tag?post=1938"}],"curies":[{"name":"parola chiave","href":"https:\/\/api.w.org\/{rel}","templated":true}]}}