{"id":1910,"date":"2024-12-26T00:29:38","date_gmt":"2024-12-26T00:29:38","guid":{"rendered":"https:\/\/fmp-components.com\/?page_id=8"},"modified":"2024-12-26T00:48:00","modified_gmt":"2024-12-26T00:48:00","slug":"rotary-mower-gearboxes-replacement-of-comer-code-lf-149b-11","status":"publish","type":"product","link":"https:\/\/fmp-components.com\/it\/product\/rotary-mower-gearboxes-replacement-of-comer-code-lf-149b-11\/","title":{"rendered":"Riduttori per tosaerba rotativi \u2013 Sostituzione del codice Comer LF-149B 1:1"},"content":{"rendered":"<p><img loading=\"lazy\" decoding=\"async\" class=\"alignnone size-full wp-image-1918\" src=\"https:\/\/fmp-components.com\/wp-content\/uploads\/2024\/12\/Rotary-Mower-Gearbox19.webp\" alt=\"Scatola ingranaggi tosaerba rotativo\" width=\"773\" height=\"766\" title=\"\" srcset=\"https:\/\/fmp-components.com\/wp-content\/uploads\/2024\/12\/Rotary-Mower-Gearbox19.webp 773w, https:\/\/fmp-components.com\/wp-content\/uploads\/2024\/12\/Rotary-Mower-Gearbox19-480x476.webp 480w\" sizes=\"(min-width: 0px) and (max-width: 480px) 480px, (min-width: 481px) 773px, 100vw\" \/><\/p>\n<h2>Specifiche del cambio del tosaerba rotativo LF-149B (1:1)<\/h2>\n<p><img loading=\"lazy\" decoding=\"async\" class=\"alignnone size-full wp-image-1917\" src=\"https:\/\/fmp-components.com\/wp-content\/uploads\/2024\/12\/Rotary-Mower-Gearbox-LF-149B-Specifications.webp\" alt=\"Specifiche del riduttore del tosaerba rotativo LF-149B\" width=\"1307\" height=\"872\" title=\"\" srcset=\"https:\/\/fmp-components.com\/wp-content\/uploads\/2024\/12\/Rotary-Mower-Gearbox-LF-149B-Specifications.webp 1307w, https:\/\/fmp-components.com\/wp-content\/uploads\/2024\/12\/Rotary-Mower-Gearbox-LF-149B-Specifications-1280x854.webp 1280w, https:\/\/fmp-components.com\/wp-content\/uploads\/2024\/12\/Rotary-Mower-Gearbox-LF-149B-Specifications-980x654.webp 980w, https:\/\/fmp-components.com\/wp-content\/uploads\/2024\/12\/Rotary-Mower-Gearbox-LF-149B-Specifications-480x320.webp 480w\" sizes=\"(min-width: 0px) and (max-width: 480px) 480px, (min-width: 481px) and (max-width: 980px) 980px, (min-width: 981px) and (max-width: 1280px) 1280px, (min-width: 1281px) 1307px, 100vw\" \/><\/p>\n<p><img loading=\"lazy\" decoding=\"async\" class=\"alignnone size-full wp-image-1916\" src=\"https:\/\/fmp-components.com\/wp-content\/uploads\/2024\/12\/Rotary-Mower-Gearbox-LF-149B-Specifications-1.webp\" alt=\"Specifiche del riduttore del tosaerba rotativo LF-149B\" width=\"1331\" height=\"316\" title=\"\" srcset=\"https:\/\/fmp-components.com\/wp-content\/uploads\/2024\/12\/Rotary-Mower-Gearbox-LF-149B-Specifications-1.webp 1331w, https:\/\/fmp-components.com\/wp-content\/uploads\/2024\/12\/Rotary-Mower-Gearbox-LF-149B-Specifications-1-1280x304.webp 1280w, https:\/\/fmp-components.com\/wp-content\/uploads\/2024\/12\/Rotary-Mower-Gearbox-LF-149B-Specifications-1-980x233.webp 980w, https:\/\/fmp-components.com\/wp-content\/uploads\/2024\/12\/Rotary-Mower-Gearbox-LF-149B-Specifications-1-480x114.webp 480w\" sizes=\"(min-width: 0px) and (max-width: 480px) 480px, (min-width: 481px) and (max-width: 980px) 980px, (min-width: 981px) and (max-width: 1280px) 1280px, (min-width: 1281px) 1331px, 100vw\" \/><\/p>\n<table class=\"kh-1xzm1su\" border=\"1\" cellspacing=\"0\" cellpadding=\"0\" data-intent=\"lists-product-attributes\" data-test-id=\"attributes-list\">\n<tbody class=\"kh-1ago99h\">\n<tr id=\"alexis#custom#item-id\" class=\"kh-bwvum6\" data-test-id=\"attribute-row\">\n<th class=\"kh-10oizfy\">Descrizione del prodotto<\/th>\n<td class=\"kh-1f5nhat\">\n<div class=\"kh-pkx4zo\">Riduttori per tosaerba rotativi \u2013 Sostituzione del riduttore Comer LF-149B 1:1<\/div>\n<\/td>\n<\/tr>\n<tr id=\"attProductDetails\" class=\"kh-bwvum6\" data-test-id=\"attribute-row\">\n<th class=\"kh-10oizfy\">Dettagli del prodotto<\/th>\n<td class=\"kh-1f5nhat\">\n<ul>\n<li class=\"kh-16zd49f\">Tutti i cambi vengono forniti senza olio.<\/li>\n<li class=\"kh-16zd49f\">Primo cambio dell&#039;olio dopo 50-70 ore di funzionamento, poi dopo 500-700 ore di funzionamento o almeno una volta all&#039;anno.<\/li>\n<li class=\"kh-16zd49f\">Contattateci per potenza a un numero di giri diverso.<\/li>\n<\/ul>\n<\/td>\n<\/tr>\n<tr id=\"taMaxInputPowerKw\" class=\"kh-bwvum6\" data-test-id=\"attribute-row\">\n<th class=\"kh-10oizfy\">Potenza massima in ingresso<\/th>\n<td class=\"kh-1f5nhat\">\n<div class=\"kh-pkx4zo\">47 kW<\/div>\n<\/td>\n<\/tr>\n<tr id=\"taContainsOil\" class=\"kh-bwvum6\" data-test-id=\"attribute-row\">\n<th class=\"kh-10oizfy\">Contiene olio<\/th>\n<td class=\"kh-1f5nhat\">\n<div class=\"kh-pkx4zo\">NO<\/div>\n<\/td>\n<\/tr>\n<tr id=\"taMaxOilCapacityL\" class=\"kh-bwvum6\" data-test-id=\"attribute-row\">\n<th class=\"kh-10oizfy\">Capacit\u00e0 massima dell&#039;olio<\/th>\n<td class=\"kh-1f5nhat\">\n<div class=\"kh-pkx4zo\">0,8 litri<\/div>\n<\/td>\n<\/tr>\n<tr id=\"taMaxOilChangeIntervalH\" class=\"kh-bwvum6\" data-test-id=\"attribute-row\">\n<th class=\"kh-10oizfy\">Intervallo massimo di cambio dell&#039;olio<\/th>\n<td class=\"kh-1f5nhat\">\n<div class=\"kh-pkx4zo\">500 ore<\/div>\n<\/td>\n<\/tr>\n<tr id=\"taOilSAEViscosityGrade\" class=\"kh-bwvum6\" data-test-id=\"attribute-row\">\n<th class=\"kh-10oizfy\">Grado di viscosit\u00e0 SAE dell&#039;olio<\/th>\n<td class=\"kh-1f5nhat\">\n<div class=\"kh-pkx4zo\">Olio per unghie 80W-90<\/div>\n<\/td>\n<\/tr>\n<tr id=\"taHousingMaterial_16\" class=\"kh-bwvum6\" data-test-id=\"attribute-row\">\n<th class=\"kh-10oizfy\">Materiale dell&#039;alloggiamento<\/th>\n<td class=\"kh-1f5nhat\">\n<div class=\"kh-pkx4zo\">Ghisa GGG40<\/div>\n<\/td>\n<\/tr>\n<tr id=\"taWeightKg_75\" class=\"kh-bwvum6\" data-test-id=\"attribute-row\">\n<th class=\"kh-10oizfy\">Peso<\/th>\n<td class=\"kh-1f5nhat\">\n<div class=\"kh-pkx4zo\">33,4 kg<\/div>\n<\/td>\n<\/tr>\n<tr id=\"taGearArrangementInc\" class=\"kh-bwvum6\" data-test-id=\"attribute-row\">\n<th class=\"kh-10oizfy\">Disposizione degli ingranaggi crescente<\/th>\n<td class=\"kh-1f5nhat\">\n<div class=\"kh-pkx4zo\">3<\/div>\n<\/td>\n<\/tr>\n<tr id=\"taGearRatio\" class=\"kh-bwvum6\" data-test-id=\"attribute-row\">\n<th class=\"kh-10oizfy\">Rapporto di trasmissione<\/th>\n<td class=\"kh-1f5nhat\">\n<div class=\"kh-pkx4zo\">1:1<\/div>\n<\/td>\n<\/tr>\n<tr id=\"taInputPowerKwHpInc\" class=\"kh-bwvum6\" data-test-id=\"attribute-row\">\n<th class=\"kh-10oizfy\">Potenza in ingresso kW \/ HP in aumento<\/th>\n<td class=\"kh-1f5nhat\">\n<div class=\"kh-pkx4zo\">47 \/ 55 kW\/CV<\/div>\n<\/td>\n<\/tr>\n<tr id=\"taInputShaftIncreasi\" class=\"kh-bwvum6\" data-test-id=\"attribute-row\">\n<th class=\"kh-10oizfy\">Albero di ingresso in aumento<\/th>\n<td class=\"kh-1f5nhat\">\n<div class=\"kh-pkx4zo\">La<\/div>\n<\/td>\n<\/tr>\n<tr id=\"taNSOutputTorqueDaNm_1\" class=\"kh-bwvum6\" data-test-id=\"attribute-row\">\n<th class=\"kh-10oizfy\">Coppia di uscita DaNm in aumento<\/th>\n<td class=\"kh-1f5nhat\">\n<div class=\"kh-pkx4zo\">81 daNm<\/div>\n<\/td>\n<\/tr>\n<tr id=\"taRatioIncreasing\" class=\"kh-bwvum6\" data-test-id=\"attribute-row\">\n<th class=\"kh-10oizfy\">Rapporto crescente<\/th>\n<td class=\"kh-1f5nhat\">\n<div class=\"kh-pkx4zo\">1: 1<\/div>\n<\/td>\n<\/tr>\n<tr id=\"taRatioReducing\" class=\"kh-bwvum6\" data-test-id=\"attribute-row\">\n<th class=\"kh-10oizfy\">Riduzione del rapporto<\/th>\n<td class=\"kh-1f5nhat\">\n<div class=\"kh-pkx4zo\">1: 1<\/div>\n<\/td>\n<\/tr>\n<tr id=\"taShaftX\" class=\"kh-bwvum6\" data-test-id=\"attribute-row\">\n<th class=\"kh-10oizfy\">Albero Z<\/th>\n<td class=\"kh-1f5nhat\">\n<div class=\"kh-pkx4zo\">1 3\/8&#8243; (21)<\/div>\n<\/td>\n<\/tr>\n<\/tbody>\n<\/table>\n<h3>Albero cardanico agricolo e riduttore per tosaerba rotativo<\/h3>\n<p>Un albero PTO (Power Take-Off) agricolo \u00e8 un componente meccanico essenziale utilizzato per trasferire potenza dal motore di un trattore a vari attrezzi collegati, come i riduttori dei tosaerba rotanti. L&#039;albero PTO si collega direttamente all&#039;uscita del motore del trattore, trasferendo sia potenza che coppia all&#039;attrezzatura a cui \u00e8 collegato. Ci\u00f2 consente un funzionamento efficiente di macchinari pesanti, come tosaerba, coltivatori e altri utensili agricoli.<\/p>\n<p>Il cambio del tosaerba rotativo svolge un ruolo fondamentale nel processo di falciatura convertendo la rotazione ad alta velocit\u00e0 dell&#039;albero della presa di forza nella rotazione pi\u00f9 lenta e ad alta coppia richiesta per azionare le lame del tosaerba. Questa trasformazione assicura che le lame del tosaerba possano generare forza sufficiente per tagliare in modo efficiente erba e vegetazione fitte. Aumentando la coppia e riducendo la velocit\u00e0, il cambio ottimizza la potenza trasmessa dal motore, garantendo un&#039;operazione di falciatura fluida ed efficace.<\/p>\n<p>La combinazione di un albero PTO agricolo e di un cambio di falciatrice rotativa \u00e8 un metodo ampiamente adottato per la manutenzione di grandi aree di terreno, come fattorie, pascoli e campi. Questo sistema fornisce una soluzione potente ed efficiente per falciare grandi distese di terreno, aiutando agricoltori, giardinieri e proprietari terrieri a gestire le loro propriet\u00e0 con facilit\u00e0.<\/p>\n<h3>Come funziona:<\/h3>\n<p>Per azionare l&#039;albero della PTO e il sistema di cambio del tosaerba rotativo, l&#039;albero della PTO viene prima collegato all&#039;uscita della PTO del trattore. L&#039;altra estremit\u00e0 dell&#039;albero \u00e8 collegata all&#039;ingresso del cambio del tosaerba rotativo. Una volta innestato, l&#039;albero della PTO fornisce potenza rotazionale al cambio. Il cambio aumenta quindi la coppia rallentando la velocit\u00e0 di rotazione, che spinge le lame del tosaerba a ruotare alla velocit\u00e0 ottimale per il taglio. Le lame che girano rapidamente tagliano l&#039;erba e l&#039;intero sistema continua a lavorare sul campo, garantendo un taglio pulito ed efficiente.<\/p>\n<h3>Vantaggi principali:<\/h3>\n<ol>\n<li><strong>Manutenzione efficiente del territorio<\/strong>: Questo sistema consente di falciare in modo rapido ed efficiente grandi campi, diventando cos\u00ec uno strumento indispensabile per la manutenzione agricola.<\/li>\n<li><strong>Prestazioni potenti<\/strong>:La combinazione della potenza della presa di forza e del cambio con coppia elevata garantisce che anche l&#039;erba pi\u00f9 dura e spessa possa essere tagliata con facilit\u00e0, garantendo prestazioni costanti in diverse condizioni.<\/li>\n<li><strong>Durata e affidabilit\u00e0<\/strong>: Sia l&#039;albero della presa di forza che il cambio del tosaerba rotativo sono costruiti per resistere agli ambienti agricoli pi\u00f9 difficili, garantendo durata a lungo termine e prestazioni affidabili.<\/li>\n<li><strong>Risparmio di tempo<\/strong>: L&#039;utilizzo di un albero cardanico e di un riduttore per tosaerba rotativo consente una falciatura pi\u00f9 rapida rispetto ai metodi tradizionali, riducendo il tempo dedicato alla manutenzione del terreno.<\/li>\n<\/ol>\n<p>Nel complesso, l&#039;albero cardanico agricolo e il cambio del tosaerba rotativo sono strumenti indispensabili per una gestione efficiente ed efficace del territorio. Forniscono la potenza necessaria per gestire attivit\u00e0 di falciatura su larga scala, assicurando che agricoltori e proprietari terrieri possano mantenere le loro propriet\u00e0 in condizioni ottimali con il minimo sforzo e tempo. Questo sistema robusto migliora significativamente la produttivit\u00e0, riduce i costi operativi e consente una regolare manutenzione del territorio, soprattutto nelle aree con vegetazione fitta.<\/p>\n<table style=\"width: 100%; height: 284px;\" border=\"1\" width=\"100%\" cellspacing=\"0\" cellpadding=\"0\">\n<tbody>\n<tr style=\"height: 284px;\">\n<td style=\"width: 49.784%; height: 284px;\" width=\"110\"><img loading=\"lazy\" decoding=\"async\" class=\"alignnone wp-image-1914\" src=\"https:\/\/fmp-components.com\/wp-content\/uploads\/2024\/12\/Agricultural-PTO-Shaft-and-Rotary-Mower-Gearbox-32.webp\" alt=\"Albero cardanico agricolo e riduttore per falciatrice rotativa\" width=\"462\" height=\"286\" title=\"\"><\/td>\n<td style=\"width: 50%; height: 284px;\" width=\"98\"><img loading=\"lazy\" decoding=\"async\" class=\"alignnone wp-image-1913\" src=\"https:\/\/fmp-components.com\/wp-content\/uploads\/2024\/12\/Agricultural-PTO-Shaft-and-Rotary-Mower-Gearbox-31.webp\" alt=\"Albero cardanico agricolo e riduttore per falciatrice rotativa\" width=\"463\" height=\"287\" title=\"\"><\/td>\n<\/tr>\n<\/tbody>\n<\/table>\n<h3>Informazioni su FMP<\/h3>\n<p>FMP, con sede in Italia, \u00e8 una rinomata azienda specializzata nella ricerca, sviluppo e produzione di riduttori, scatole di trasmissione e macchinari di ingegneria. Affermatasi come leader del settore, FMP ha costruito la sua reputazione concentrandosi su innovazione, qualit\u00e0 e un forte impegno nel promuovere i talenti, posizionandosi come un attore chiave nel settore dell&#039;ingegneria meccanica.<\/p>\n<p><strong>Portafoglio prodotti completo<\/strong><\/p>\n<p>FMP offre un&#039;ampia gamma di prodotti ad alte prestazioni progettati per soddisfare le diverse esigenze del settore. Il loro portafoglio include riduttori conici a spirale, riduttori cilindrici, riduttori a vite senza fine, riduttori cilindrici e corpi valvola e alloggiamenti pressofusi ad alta pressione. Ogni prodotto \u00e8 realizzato con precisione per offrire prestazioni affidabili ed efficienti in una variet\u00e0 di applicazioni.<\/p>\n<p><strong>Ampie applicazioni in tutti i settori<\/strong><\/p>\n<p>I prodotti FMP sono versatili e servono un ampio spettro di settori, tra cui l&#039;agricoltura, dove alimentano attrezzature come tosaerba rotanti, spazzaneve, spandiconcime e trasportatori di cereali. Inoltre, FMP fornisce macchinari industriali per l&#039;estrazione di petrolio, applicazioni marine e componenti idraulici, dimostrando l&#039;adattabilit\u00e0 e la portata della sua offerta di prodotti.<\/p>\n<p><strong>Eccellenza nella produzione avanzata<\/strong><\/p>\n<p>Il processo di produzione di FMP \u00e8 una testimonianza del suo impegno per la qualit\u00e0 e la precisione. Dalla progettazione del prodotto alla selezione dei materiali, l&#039;azienda garantisce che ogni passaggio sia personalizzato per soddisfare le esigenze specifiche del cliente. Materiali di alta qualit\u00e0 come ghisa e leghe di alluminio sono selezionati per la durevolezza, mentre tecniche di lavorazione avanzate, tra cui tornitura e fresatura, garantiscono la precisione di ogni componente. Il processo di assemblaggio \u00e8 meticoloso, con un&#039;attenzione all&#039;allineamento e alla lubrificazione, mentre i trattamenti termici e superficiali migliorano la resistenza, la resistenza all&#039;usura e l&#039;aspetto. Rigorose misure di controllo qualit\u00e0 assicurano che ogni prodotto soddisfi gli standard di prestazione per stabilit\u00e0 e affidabilit\u00e0.<\/p>\n<p><strong>Reputazione del settore e partnership globali<\/strong><\/p>\n<p>La dedizione di FMP alla qualit\u00e0, all&#039;innovazione e alla soddisfazione del cliente le ha fatto guadagnare una reputazione stellare nel settore manifatturiero. L&#039;azienda continua a costruire sulla sua eredit\u00e0 sfruttando tecnologia avanzata e maestria artigianale. FMP accoglie partnership e collaborazioni globali, impegnandosi a fornire soluzioni su misura che soddisfino le esigenze uniche dei clienti in tutto il mondo. Per maggiori informazioni su prodotti e servizi, i potenziali partner possono facilmente contattarci via telefono o e-mail, rafforzando l&#039;impegno di FMP per l&#039;eccellenza orientata al cliente.<\/p>\n<p><img loading=\"lazy\" decoding=\"async\" class=\"alignnone size-full wp-image-1861\" src=\"https:\/\/fmp-components.com\/wp-content\/uploads\/2024\/12\/Other-Agricultural-Gearboxes.webp\" alt=\"Altri-cambi-agricoli\" width=\"1200\" height=\"1400\" title=\"\" srcset=\"https:\/\/fmp-components.com\/wp-content\/uploads\/2024\/12\/Other-Agricultural-Gearboxes.webp 1200w, https:\/\/fmp-components.com\/wp-content\/uploads\/2024\/12\/Other-Agricultural-Gearboxes-980x1143.webp 980w, https:\/\/fmp-components.com\/wp-content\/uploads\/2024\/12\/Other-Agricultural-Gearboxes-480x560.webp 480w\" sizes=\"(min-width: 0px) and (max-width: 480px) 480px, (min-width: 481px) and (max-width: 980px) 980px, (min-width: 981px) 1200px, 100vw\" \/><\/p>\n<p>Autore: CX<\/p>\n<p>&nbsp;<\/p>","protected":false},"excerpt":{"rendered":"<p>Specifications of Rotary Mower Gearbox LF-149B (1:1) Product Description Rotary Mower Gearboxes &#8211; Replacement of Comer Gearbox LF-149B 1:1 Product details All gearboxes are supplied without oil. First oil change after 50-70 operating hours, then after 500-700 operating hours or at least once a year. Contact us for power at a different RPM. Max. input [&hellip;]<\/p>","protected":false},"featured_media":1918,"comment_status":"open","ping_status":"closed","template":"","meta":{"_et_pb_use_builder":"","_et_pb_old_content":"","_et_gb_content_width":""},"product_brand":[],"product_cat":[51],"product_tag":[],"class_list":{"0":"post-1910","1":"product","2":"type-product","3":"status-publish","4":"has-post-thumbnail","6":"product_cat-rotary-mower-gearbox","8":"first","9":"instock","10":"shipping-taxable","11":"product-type-simple"},"_links":{"self":[{"href":"https:\/\/fmp-components.com\/it\/wp-json\/wp\/v2\/product\/1910","targetHints":{"allow":["GET"]}}],"collection":[{"href":"https:\/\/fmp-components.com\/it\/wp-json\/wp\/v2\/product"}],"about":[{"href":"https:\/\/fmp-components.com\/it\/wp-json\/wp\/v2\/types\/product"}],"replies":[{"embeddable":true,"href":"https:\/\/fmp-components.com\/it\/wp-json\/wp\/v2\/comments?post=1910"}],"wp:featuredmedia":[{"embeddable":true,"href":"https:\/\/fmp-components.com\/it\/wp-json\/wp\/v2\/media\/1918"}],"wp:attachment":[{"href":"https:\/\/fmp-components.com\/it\/wp-json\/wp\/v2\/media?parent=1910"}],"wp:term":[{"taxonomy":"product_brand","embeddable":true,"href":"https:\/\/fmp-components.com\/it\/wp-json\/wp\/v2\/product_brand?post=1910"},{"taxonomy":"product_cat","embeddable":true,"href":"https:\/\/fmp-components.com\/it\/wp-json\/wp\/v2\/product_cat?post=1910"},{"taxonomy":"product_tag","embeddable":true,"href":"https:\/\/fmp-components.com\/it\/wp-json\/wp\/v2\/product_tag?post=1910"}],"curies":[{"name":"parola chiave","href":"https:\/\/api.w.org\/{rel}","templated":true}]}}