{"id":1853,"date":"2024-12-24T07:33:41","date_gmt":"2024-12-24T07:33:41","guid":{"rendered":"https:\/\/fmp-components.com\/?page_id=8"},"modified":"2025-05-07T14:12:19","modified_gmt":"2025-05-07T14:12:19","slug":"rotary-mower-gearboxes-replacement-of-comer-code-lf-211j","status":"publish","type":"product","link":"https:\/\/fmp-components.com\/it\/product\/rotary-mower-gearboxes-replacement-of-comer-code-lf-211j\/","title":{"rendered":"Riduttori per tosaerba rotativi \u2013 Sostituzione del codice Comer LF-211J"},"content":{"rendered":"<p><img loading=\"lazy\" decoding=\"async\" class=\"alignnone size-full wp-image-1856\" src=\"https:\/\/fmp-components.com\/wp-content\/uploads\/2024\/12\/Rotary-Mower-Gearbox2.webp\" alt=\"Scatola ingranaggi tosaerba rotativo\" width=\"1261\" height=\"655\" title=\"\" srcset=\"https:\/\/fmp-components.com\/wp-content\/uploads\/2024\/12\/Rotary-Mower-Gearbox2.webp 1261w, https:\/\/fmp-components.com\/wp-content\/uploads\/2024\/12\/Rotary-Mower-Gearbox2-980x509.webp 980w, https:\/\/fmp-components.com\/wp-content\/uploads\/2024\/12\/Rotary-Mower-Gearbox2-480x249.webp 480w\" sizes=\"(min-width: 0px) and (max-width: 480px) 480px, (min-width: 481px) and (max-width: 980px) 980px, (min-width: 981px) 1261px, 100vw\" \/><\/p>\n<p><img loading=\"lazy\" decoding=\"async\" class=\"alignnone size-full wp-image-1854\" src=\"https:\/\/fmp-components.com\/wp-content\/uploads\/2024\/12\/Specifications-of-Rotary-Mower-Gearbox-LF-211J.webp\" alt=\"Specifiche-del-cambio-del-tosaerba-rotativo-LF-211J\" width=\"1000\" height=\"590\" title=\"\" srcset=\"https:\/\/fmp-components.com\/wp-content\/uploads\/2024\/12\/Specifications-of-Rotary-Mower-Gearbox-LF-211J.webp 1000w, https:\/\/fmp-components.com\/wp-content\/uploads\/2024\/12\/Specifications-of-Rotary-Mower-Gearbox-LF-211J-980x578.webp 980w, https:\/\/fmp-components.com\/wp-content\/uploads\/2024\/12\/Specifications-of-Rotary-Mower-Gearbox-LF-211J-480x283.webp 480w\" sizes=\"(min-width: 0px) and (max-width: 480px) 480px, (min-width: 481px) and (max-width: 980px) 980px, (min-width: 981px) 1000px, 100vw\" \/><\/p>\n<h2>Specifiche del prodotto<\/h2>\n<table class=\"kh-1xzm1su\" style=\"width: 100.272%; height: 542px;\" border=\"1\" cellspacing=\"0\" cellpadding=\"0\" data-intent=\"lists-product-attributes\" data-test-id=\"attributes-list\">\n<tbody class=\"kh-1ago99h\">\n<tr id=\"alexis#custom#item-id\" class=\"kh-bwvum6\" style=\"height: 23px;\" data-test-id=\"attribute-row\">\n<th class=\"kh-10oizfy\" style=\"width: 23.4341%; height: 23px;\">Descrizione del prodotto<\/th>\n<td class=\"kh-1f5nhat\" style=\"width: 76.3499%; height: 23px;\">\n<div class=\"kh-pkx4zo\"><a href=\"https:\/\/fmp-components.com\/it\/categoria-prodotto\/agricultural-gearbox\/rotary-mower-gearbox\/\">Scatole ingranaggi per tosaerba rotanti<\/a> \u2013 Sostituzione del cambio Comer LF-211J<\/div>\n<\/td>\n<\/tr>\n<tr id=\"attProductDetails\" class=\"kh-bwvum6\" style=\"height: 99px;\" data-test-id=\"attribute-row\">\n<th class=\"kh-10oizfy\" style=\"width: 23.4341%; height: 99px;\">Dettagli del prodotto<\/th>\n<td class=\"kh-1f5nhat\" style=\"width: 76.3499%; height: 99px;\">\n<ul>\n<li class=\"kh-16zd49f\">Tutti i cambi vengono forniti senza olio.<\/li>\n<li class=\"kh-16zd49f\">Innanzitutto, il cambio dell&#039;olio deve essere effettuato dopo 50-70 ore di funzionamento, poi dopo 500-700 ore di funzionamento o almeno una volta all&#039;anno.<\/li>\n<li class=\"kh-16zd49f\">Contattateci per potenza a un numero di giri diverso.<\/li>\n<\/ul>\n<\/td>\n<\/tr>\n<tr id=\"attApplicationRange\" class=\"kh-bwvum6\" style=\"height: 23px;\" data-test-id=\"attribute-row\">\n<th class=\"kh-10oizfy\" style=\"width: 23.4341%; height: 23px;\">Campo di applicazione<\/th>\n<td class=\"kh-1f5nhat\" style=\"width: 76.3499%; height: 23px;\">\n<div class=\"kh-pkx4zo\">Tosaerba<\/div>\n<\/td>\n<\/tr>\n<tr id=\"attConsistsOf\" class=\"kh-bwvum6\" style=\"height: 75px;\" data-test-id=\"attribute-row\">\n<th class=\"kh-10oizfy\" style=\"width: 23.4341%; height: 75px;\">Consiste in<\/th>\n<td class=\"kh-1f5nhat\" style=\"width: 76.3499%; height: 75px;\">\n<ul>\n<li class=\"kh-16zd49f\">Cambio<\/li>\n<li class=\"kh-16zd49f\">Senza olio<\/li>\n<\/ul>\n<\/td>\n<\/tr>\n<tr id=\"taContainsOil\" class=\"kh-bwvum6\" style=\"height: 23px;\" data-test-id=\"attribute-row\">\n<th class=\"kh-10oizfy\" style=\"width: 23.4341%; height: 23px;\">Contiene olio<\/th>\n<td class=\"kh-1f5nhat\" style=\"width: 76.3499%; height: 23px;\">\n<div class=\"kh-pkx4zo\">NO<\/div>\n<\/td>\n<\/tr>\n<tr id=\"taMaxOilCapacityL\" class=\"kh-bwvum6\" style=\"height: 23px;\" data-test-id=\"attribute-row\">\n<th class=\"kh-10oizfy\" style=\"width: 23.4341%; height: 23px;\">Capacit\u00e0 massima dell&#039;olio<\/th>\n<td class=\"kh-1f5nhat\" style=\"width: 76.3499%; height: 23px;\">\n<div class=\"kh-pkx4zo\">0,8 litri<\/div>\n<\/td>\n<\/tr>\n<tr id=\"taMaxOilChangeIntervalH\" class=\"kh-bwvum6\" style=\"height: 23px;\" data-test-id=\"attribute-row\">\n<th class=\"kh-10oizfy\" style=\"width: 23.4341%; height: 23px;\">Intervallo massimo di cambio dell&#039;olio<\/th>\n<td class=\"kh-1f5nhat\" style=\"width: 76.3499%; height: 23px;\">\n<div class=\"kh-pkx4zo\">500 ore<\/div>\n<\/td>\n<\/tr>\n<tr id=\"taOilSAEViscosityGrade\" class=\"kh-bwvum6\" style=\"height: 23px;\" data-test-id=\"attribute-row\">\n<th class=\"kh-10oizfy\" style=\"width: 23.4341%; height: 23px;\">Grado di viscosit\u00e0 SAE dell&#039;olio<\/th>\n<td class=\"kh-1f5nhat\" style=\"width: 76.3499%; height: 23px;\">\n<div class=\"kh-pkx4zo\">Olio per unghie 80W-90<\/div>\n<\/td>\n<\/tr>\n<tr id=\"taHousingMaterial_16\" class=\"kh-bwvum6\" style=\"height: 23px;\" data-test-id=\"attribute-row\">\n<th class=\"kh-10oizfy\" style=\"width: 23.4341%; height: 23px;\">Materiale dell&#039;alloggiamento<\/th>\n<td class=\"kh-1f5nhat\" style=\"width: 76.3499%; height: 23px;\">\n<div class=\"kh-pkx4zo\"><a href=\"https:\/\/fmp-components.com\/it\/cast-iron\/\">Ghisa<\/a> GGG40<\/div>\n<\/td>\n<\/tr>\n<tr id=\"taWeightKg_75\" class=\"kh-bwvum6\" style=\"height: 23px;\" data-test-id=\"attribute-row\">\n<th class=\"kh-10oizfy\" style=\"width: 23.4341%; height: 23px;\">Peso<\/th>\n<td class=\"kh-1f5nhat\" style=\"width: 76.3499%; height: 23px;\">\n<div class=\"kh-pkx4zo\">14 chili<\/div>\n<\/td>\n<\/tr>\n<tr id=\"taGearArrangementInc\" class=\"kh-bwvum6\" style=\"height: 23px;\" data-test-id=\"attribute-row\">\n<th class=\"kh-10oizfy\" style=\"width: 23.4341%; height: 23px;\">Disposizione degli ingranaggi crescente<\/th>\n<td class=\"kh-1f5nhat\" style=\"width: 76.3499%; height: 23px;\">\n<div class=\"kh-pkx4zo\">3<\/div>\n<\/td>\n<\/tr>\n<tr id=\"taInputPowerKwHpInc\" class=\"kh-bwvum6\" style=\"height: 23px;\" data-test-id=\"attribute-row\">\n<th class=\"kh-10oizfy\" style=\"width: 23.4341%; height: 23px;\">Potenza in ingresso kW \/ HP in aumento<\/th>\n<td class=\"kh-1f5nhat\" style=\"width: 76.3499%; height: 23px;\">\n<div class=\"kh-pkx4zo\">14,7 \/ 20 kW\/CV<\/div>\n<\/td>\n<\/tr>\n<tr id=\"taInputShaftIncreasi\" class=\"kh-bwvum6\" style=\"height: 23px;\" data-test-id=\"attribute-row\">\n<th class=\"kh-10oizfy\" style=\"width: 23.4341%; height: 23px;\">Albero di ingresso in aumento<\/th>\n<td class=\"kh-1f5nhat\" style=\"width: 76.3499%; height: 23px;\">\n<div class=\"kh-pkx4zo\">X<\/div>\n<\/td>\n<\/tr>\n<tr id=\"taNSOutputTorqueDaNm_1\" class=\"kh-bwvum6\" style=\"height: 23px;\" data-test-id=\"attribute-row\">\n<th class=\"kh-10oizfy\" style=\"width: 23.4341%; height: 23px;\">Coppia di uscita DaNm in aumento<\/th>\n<td class=\"kh-1f5nhat\" style=\"width: 76.3499%; height: 23px;\">\n<div class=\"kh-pkx4zo\">8,9 daNm<\/div>\n<\/td>\n<\/tr>\n<tr id=\"taRatioIncreasing\" class=\"kh-bwvum6\" style=\"height: 23px;\" data-test-id=\"attribute-row\">\n<th class=\"kh-10oizfy\" style=\"width: 23.4341%; height: 23px;\">Rapporto crescente<\/th>\n<td class=\"kh-1f5nhat\" style=\"width: 76.3499%; height: 23px;\">\n<div class=\"kh-pkx4zo\">1: 2.83<\/div>\n<\/td>\n<\/tr>\n<tr id=\"taRatioReducing\" class=\"kh-bwvum6\" style=\"height: 23px;\" data-test-id=\"attribute-row\">\n<th class=\"kh-10oizfy\" style=\"width: 23.4341%; height: 23px;\">Riduzione del rapporto<\/th>\n<td class=\"kh-1f5nhat\" style=\"width: 76.3499%; height: 23px;\">\n<div class=\"kh-pkx4zo\">2.83 : 1<\/div>\n<\/td>\n<\/tr>\n<tr id=\"taShaftX\" class=\"kh-bwvum6\" style=\"height: 23px;\" data-test-id=\"attribute-row\">\n<th class=\"kh-10oizfy\" style=\"width: 23.4341%; height: 23px;\">Albero X<\/th>\n<td class=\"kh-1f5nhat\" style=\"width: 76.3499%; height: 23px;\">\n<div class=\"kh-pkx4zo\">1 3\/8&#8243; (6)<\/div>\n<\/td>\n<\/tr>\n<tr id=\"taShaftZ\" class=\"kh-bwvum6\" style=\"height: 23px;\" data-test-id=\"attribute-row\">\n<th class=\"kh-10oizfy\" style=\"width: 23.4341%; height: 23px;\">Albero Z<\/th>\n<td class=\"kh-1f5nhat\" style=\"width: 76.3499%; height: 23px;\">\n<div class=\"kh-pkx4zo\">33 ore 7<\/div>\n<\/td>\n<\/tr>\n<\/tbody>\n<\/table>\n<h2>Caratteristiche del cambio del tosaerba rotativo LF-211J<\/h2>\n<p>Il LF-211J \u00e8 un riduttore per tosaerba rotativo ad alte prestazioni progettato per applicazioni agricole e industriali, che fornisce una trasmissione di potenza affidabile ed efficiente per tosaerba rotativi. Le caratteristiche principali includono:<\/p>\n<ul>\n<li><strong>Rapporto di trasmissione<\/strong>:Il cambio ha un rapporto di trasmissione di 1:2,83, il che significa che la velocit\u00e0 in uscita \u00e8 circa 2,83 volte la velocit\u00e0 in ingresso.<\/li>\n<li><strong>Capacit\u00e0 di potenza<\/strong>: Pu\u00f2 gestire una potenza massima in ingresso di 14,7 kW (20 CV) e fornisce una coppia massima in uscita di 8,9 daNm.<\/li>\n<li><strong>Costruzione<\/strong>: L&#039;alloggiamento \u00e8 realizzato in ghisa GGG40, nota per la sua durevolezza e resistenza, che garantisce longevit\u00e0 e resistenza all&#039;usura.<\/li>\n<li><strong>Capacit\u00e0 e manutenzione dell&#039;olio<\/strong>: Il cambio ha una capacit\u00e0 massima di olio di 0,8 litri e utilizza olio per ingranaggi SAE 80W-90. Si consiglia di effettuare il primo cambio dell&#039;olio dopo 50-70 ore di funzionamento, seguito da cambi successivi ogni 500-700 ore o almeno una volta all&#039;anno.<\/li>\n<li><strong>Peso<\/strong>: L&#039;unit\u00e0 pesa circa 14 kg, il che la rende relativamente facile da maneggiare e installare.<\/li>\n<li><strong>Specifiche dell&#039;albero<\/strong>: L&#039;albero di ingresso \u00e8 progettato per ospitare una connessione da 1 3\/8\u2033 (6 scanalature), mentre l&#039;albero di uscita ha un diametro di 33 mm, garantendo la compatibilit\u00e0 con i componenti standard dei tosaerba rotanti.<\/li>\n<\/ul>\n<p>Queste caratteristiche rendono il cambio LF-211J una scelta affidabile per migliorare le prestazioni e l&#039;efficienza dei tosaerba rotanti in vari contesti agricoli.<\/p>\n<p><img loading=\"lazy\" decoding=\"async\" class=\"alignnone size-full wp-image-1855\" src=\"https:\/\/fmp-components.com\/wp-content\/uploads\/2024\/12\/PTO-Shaft-for-Rotary-Mower-Gearbox-35.webp\" alt=\"Albero cardanico per cambio tosaerba rotativo\" width=\"2200\" height=\"1100\" title=\"\" srcset=\"https:\/\/fmp-components.com\/wp-content\/uploads\/2024\/12\/PTO-Shaft-for-Rotary-Mower-Gearbox-35.webp 2200w, https:\/\/fmp-components.com\/wp-content\/uploads\/2024\/12\/PTO-Shaft-for-Rotary-Mower-Gearbox-35-1280x640.webp 1280w, https:\/\/fmp-components.com\/wp-content\/uploads\/2024\/12\/PTO-Shaft-for-Rotary-Mower-Gearbox-35-980x490.webp 980w, https:\/\/fmp-components.com\/wp-content\/uploads\/2024\/12\/PTO-Shaft-for-Rotary-Mower-Gearbox-35-480x240.webp 480w\" sizes=\"(min-width: 0px) and (max-width: 480px) 480px, (min-width: 481px) and (max-width: 980px) 980px, (min-width: 981px) and (max-width: 1280px) 1280px, (min-width: 1281px) 2200px, 100vw\" \/><\/p>\n<h3>Come rimuovere il cambio di un tosaerba rotativo<\/h3>\n<p>La rimozione del cambio di un tosaerba rotativo \u00e8 un processo semplice se eseguito con attenzione e sistematicit\u00e0. Segui questi passaggi per garantire sicurezza ed efficienza:<\/p>\n<h4>1. Scollegare la fonte di alimentazione<\/h4>\n<p>Prima di iniziare, scollegare la fonte di alimentazione del tosaerba per evitare qualsiasi azionamento accidentale. Ci\u00f2 pu\u00f2 includere lo spegnimento del motore, lo scollegamento del cavo di alimentazione o la disconnessione della batteria.<\/p>\n<h4>2. Rimuovere le lame di taglio<\/h4>\n<p>Staccare le lame di taglio dal piatto di taglio per accedere al cambio. Assicurarsi che il tosaerba sia stabile e utilizzare gli strumenti appropriati per rimuovere le lame in modo sicuro.<\/p>\n<h4>3. Allentare i bulloni di montaggio del cambio<\/h4>\n<p>Identificare i bulloni di montaggio che fissano il cambio al piatto di taglio. Utilizzando una chiave inglese o una bussola, allentare e rimuovere questi bulloni.<\/p>\n<h4>4. Staccare gli alberi di ingresso e di uscita<\/h4>\n<p>Scollegare gli alberi di ingresso e di uscita collegati al cambio. Potrebbe essere necessario rimuovere giunti, perni o altri attacchi. Prendere nota di come sono collegati gli alberi per un rimontaggio pi\u00f9 semplice.<\/p>\n<h4>5. Rimuovere il cambio dal ponte<\/h4>\n<p>Sollevare con attenzione il cambio dal piatto di taglio. A seconda delle dimensioni e del peso del cambio, potrebbe essere necessaria l&#039;assistenza di un&#039;altra persona per garantire una movimentazione sicura.<\/p>\n<h4>6. Ispezionare il cambio<\/h4>\n<p>Esaminare il cambio per segni di usura o danni, come ingranaggi usurati, guarnizioni danneggiate o cuscinetti difettosi. Questo passaggio \u00e8 fondamentale per determinare se il cambio pu\u00f2 essere riparato o necessita di sostituzione.<\/p>\n<h4>7. Riparare o sostituire il cambio<\/h4>\n<p>Se il cambio mostra danni, seguire le linee guida del produttore per la riparazione o la sostituzione. Assicurarsi che tutti i componenti siano in condizioni di funzionamento adeguate prima di reinstallarli.<\/p>\n<h4>8. Reinstallare il cambio<\/h4>\n<p>Per reinstallare, seguire i passaggi di rimozione in ordine inverso:<\/p>\n<ul>\n<li>Posizionare il cambio sul piatto di taglio.<\/li>\n<li>Fissare i bulloni di montaggio serrandoli secondo le specifiche di coppia consigliate dal produttore.<\/li>\n<li>Ricollegare gli alberi di entrata e di uscita, assicurandosi che tutti i giunti e gli attacchi siano correttamente allineati.<\/li>\n<li>Reinstallare saldamente le lame di taglio.<\/li>\n<\/ul>\n<h4>9. Prova il tosaerba<\/h4>\n<p>Dopo la reinstallazione, testare il tosaerba per assicurarsi che il cambio funzioni senza problemi e che non vi siano rumori o vibrazioni insolite.<\/p>\n<h3>Suggerimenti per la sicurezza<\/h3>\n<ul>\n<li>Durante il processo indossare sempre guanti e occhiali protettivi.<\/li>\n<li>Utilizzare supporti stabili per evitare che il tosaerba si ribalti.<\/li>\n<li>Per garantire compatibilit\u00e0 e sicurezza, seguire le istruzioni specifiche riportate nel manuale d&#039;uso del tosaerba.<\/li>\n<\/ul>\n<p>Seguendo attentamente questi passaggi e rispettando le precauzioni di sicurezza, \u00e8 possibile rimuovere, ispezionare e sostituire o riparare con successo il cambio del tosaerba rotativo, a seconda delle necessit\u00e0.<\/p>\n<p><img loading=\"lazy\" decoding=\"async\" class=\"alignnone size-full wp-image-1857\" src=\"https:\/\/fmp-components.com\/wp-content\/uploads\/2024\/12\/Rotary-Mower-Gearbox1.webp\" alt=\"Scatola ingranaggi tosaerba rotativo\" width=\"1275\" height=\"428\" title=\"\" srcset=\"https:\/\/fmp-components.com\/wp-content\/uploads\/2024\/12\/Rotary-Mower-Gearbox1.webp 1275w, https:\/\/fmp-components.com\/wp-content\/uploads\/2024\/12\/Rotary-Mower-Gearbox1-980x329.webp 980w, https:\/\/fmp-components.com\/wp-content\/uploads\/2024\/12\/Rotary-Mower-Gearbox1-480x161.webp 480w\" sizes=\"(min-width: 0px) and (max-width: 480px) 480px, (min-width: 481px) and (max-width: 980px) 980px, (min-width: 981px) 1275px, 100vw\" \/><\/p>\n<h3>Informazioni su FMP<\/h3>\n<p>FMP \u00e8 un&#039;importante azienda con sede in Italia, specializzata nella ricerca, sviluppo e produzione di riduttori, scatole ingranaggi e macchinari per l&#039;ingegneria. L&#039;azienda si impegna inoltre a coltivare talenti tecnici per promuovere l&#039;innovazione e l&#039;eccellenza nel suo settore. Il portafoglio prodotti di FMP comprende riduttori ortogonali, riduttori a denti dritti, <a href=\"https:\/\/fmp-components.com\/it\/worm-gearbox\/\">riduttori a vite senza fine<\/a>, riduttori cilindrici, nonch\u00e9 corpi valvola e alloggiamenti pressofusi.<\/p>\n<h4>Applicazioni estese<\/h4>\n<p>I prodotti FMP sono ampiamente utilizzati in diverse applicazioni, tra cui:<\/p>\n<ul>\n<li>Macchinari agricoli come tosaerba rotanti, spazzaneve, spandiconcime e trasportatori di cereali.<\/li>\n<li>Attrezzature industriali, macchinari per l&#039;estrazione di petrolio, dispositivi industriali marini e componenti idraulici per progetti di ingegneria.<\/li>\n<\/ul>\n<h4>Produzione e tecnologia avanzate<\/h4>\n<p>FMP \u00e8 orgogliosa delle sue solide capacit\u00e0 tecniche e di R&amp;S, garantendo prodotti affidabili e di alta qualit\u00e0 che soddisfano le esigenze delle industrie moderne. L&#039;azienda adotta un processo di produzione meticoloso e sofisticato, tra cui:<\/p>\n<ol>\n<li><strong>Progettazione del prodotto<\/strong>: Sviluppo di specifiche, materiali e dimensioni personalizzate per soddisfare le esigenze del cliente.<\/li>\n<li><strong>Preparazione del materiale<\/strong>:Utilizzando materiali di prima qualit\u00e0 come ghisa o leghe di alluminio.<\/li>\n<li><strong>Lavorazione di precisione<\/strong>: Utilizzo di tecniche avanzate di tornitura, fresatura e altre lavorazioni meccaniche per produrre componenti chiave come ingranaggi e alloggiamenti.<\/li>\n<li><strong>Assemblea<\/strong>: Assemblaggio di ingranaggi, cuscinetti e alberi nell&#039;alloggiamento con allineamento di precisione, calibrazione e lubrificazione adeguata.<\/li>\n<li><strong>Trattamento di processo<\/strong>: Esecuzione di un trattamento termico per migliorare la resistenza e la resistenza all&#039;usura.<\/li>\n<li><strong>Trattamento superficiale<\/strong>: Applicazione di lucidatura, verniciatura a polvere e altri trattamenti superficiali per migliorare l&#039;aspetto e la resistenza alla corrosione.<\/li>\n<li><strong>Controllo di qualit\u00e0<\/strong>: Implementazione di rigorosi controlli e test per dimensioni, precisione, rumore e vibrazioni per garantire stabilit\u00e0, sicurezza e qualit\u00e0 costante.<\/li>\n<\/ol>\n<h4>Reputazione del settore<\/h4>\n<p>La dedizione di FMP alla qualit\u00e0, all&#039;innovazione e alla soddisfazione del cliente le ha fatto guadagnare una reputazione distinta nel settore manifatturiero. L&#039;azienda aderisce a una filosofia aziendale unica che enfatizza affidabilit\u00e0, artigianalit\u00e0 ed eccellenza.<\/p>\n<p>Accogliamo volentieri richieste e opportunit\u00e0 di collaborazione da parte di clienti e partner in tutto il mondo. Non esitate a contattarci via telefono o e-mail per maggiori informazioni sui nostri prodotti e servizi.<\/p>\n<p><img loading=\"lazy\" decoding=\"async\" class=\"alignnone size-full wp-image-1861\" src=\"https:\/\/fmp-components.com\/wp-content\/uploads\/2024\/12\/Other-Agricultural-Gearboxes.webp\" alt=\"Altri-cambi-agricoli\" width=\"1200\" height=\"1400\" title=\"\" srcset=\"https:\/\/fmp-components.com\/wp-content\/uploads\/2024\/12\/Other-Agricultural-Gearboxes.webp 1200w, https:\/\/fmp-components.com\/wp-content\/uploads\/2024\/12\/Other-Agricultural-Gearboxes-980x1143.webp 980w, https:\/\/fmp-components.com\/wp-content\/uploads\/2024\/12\/Other-Agricultural-Gearboxes-480x560.webp 480w\" sizes=\"(min-width: 0px) and (max-width: 480px) 480px, (min-width: 481px) and (max-width: 980px) 980px, (min-width: 981px) 1200px, 100vw\" \/><\/p>\n<p>Autore: CX<\/p>","protected":false},"excerpt":{"rendered":"<p>Product Specification Product Description Rotary Mower Gearboxes &#8211; Replacement of Comer Gearbox LF-211J Product details All gearboxes are supplied without oil. First, the oil change after 50-70 operating hours, then after 500-700 operating hours or at least once a year. Contact us for power at a different RPM. Application range Mowers Consists of Gearbox Without [&hellip;]<\/p>","protected":false},"featured_media":1858,"comment_status":"open","ping_status":"closed","template":"","meta":{"_et_pb_use_builder":"","_et_pb_old_content":"","_et_gb_content_width":""},"product_brand":[],"product_cat":[51],"product_tag":[],"class_list":{"0":"post-1853","1":"product","2":"type-product","3":"status-publish","4":"has-post-thumbnail","6":"product_cat-rotary-mower-gearbox","8":"first","9":"instock","10":"shipping-taxable","11":"product-type-simple"},"_links":{"self":[{"href":"https:\/\/fmp-components.com\/it\/wp-json\/wp\/v2\/product\/1853","targetHints":{"allow":["GET"]}}],"collection":[{"href":"https:\/\/fmp-components.com\/it\/wp-json\/wp\/v2\/product"}],"about":[{"href":"https:\/\/fmp-components.com\/it\/wp-json\/wp\/v2\/types\/product"}],"replies":[{"embeddable":true,"href":"https:\/\/fmp-components.com\/it\/wp-json\/wp\/v2\/comments?post=1853"}],"wp:featuredmedia":[{"embeddable":true,"href":"https:\/\/fmp-components.com\/it\/wp-json\/wp\/v2\/media\/1858"}],"wp:attachment":[{"href":"https:\/\/fmp-components.com\/it\/wp-json\/wp\/v2\/media?parent=1853"}],"wp:term":[{"taxonomy":"product_brand","embeddable":true,"href":"https:\/\/fmp-components.com\/it\/wp-json\/wp\/v2\/product_brand?post=1853"},{"taxonomy":"product_cat","embeddable":true,"href":"https:\/\/fmp-components.com\/it\/wp-json\/wp\/v2\/product_cat?post=1853"},{"taxonomy":"product_tag","embeddable":true,"href":"https:\/\/fmp-components.com\/it\/wp-json\/wp\/v2\/product_tag?post=1853"}],"curies":[{"name":"parola chiave","href":"https:\/\/api.w.org\/{rel}","templated":true}]}}