{"id":1845,"date":"2024-12-24T06:38:50","date_gmt":"2024-12-24T06:38:50","guid":{"rendered":"https:\/\/fmp-components.com\/?page_id=8"},"modified":"2024-12-24T06:52:40","modified_gmt":"2024-12-24T06:52:40","slug":"post-hole-digger-gearbox-replacement-of-comer-code-t-22f","status":"publish","type":"product","link":"https:\/\/fmp-components.com\/it\/product\/post-hole-digger-gearbox-replacement-of-comer-code-t-22f\/","title":{"rendered":"Scatola ingranaggi per trivellatrice per pali \u2013 Sostituzione del codice Comer T-22F"},"content":{"rendered":"<p>Il nostro riduttore Post Hole Digger, progettato specificamente come sostituzione del Comer Code T-22F. Questo riduttore ad alte prestazioni \u00e8 progettato per soddisfare le esigenze di varie applicazioni di perforazione, garantendo efficienza e affidabilit\u00e0.<\/p>\n<h3>Caratteristiche principali:<\/h3>\n<ul>\n<li><strong>Capacit\u00e0 di coppia elevata<\/strong>:Questo riduttore \u00e8 progettato per gestire coppie elevate, trasferendo efficacemente la potenza dal trattore alla coclea per prestazioni di perforazione ottimali in condizioni di terreno difficili.<\/li>\n<li><strong>Costruzione durevole<\/strong>: Realizzato con materiali di prima qualit\u00e0, il nostro riduttore offre eccezionale robustezza e resistenza all&#039;usura, garantendo una lunga durata anche in caso di utilizzo intensivo.<\/li>\n<li><strong>Ingegneria di precisione<\/strong>:Ogni unit\u00e0 \u00e8 meticolosamente lavorata per garantire un funzionamento regolare e prestazioni precise, riducendo al minimo la perdita di energia e migliorando l&#039;efficienza complessiva.<\/li>\n<li><strong>Design compatto<\/strong>: Le dimensioni compatte consentono una facile installazione e compatibilit\u00e0 con diverse configurazioni di trivelle, rendendolo una scelta versatile per diverse applicazioni.<\/li>\n<li><strong>Compatibilit\u00e0 versatile<\/strong>: Progettato per adattarsi a una vasta gamma di trattori e attrezzi da scavo, questo cambio \u00e8 adatto per progetti agricoli, di giardinaggio e di edilizia.<\/li>\n<li><strong>Sistema di tenuta efficace<\/strong>: Le guarnizioni integrate impediscono a sporco e umidit\u00e0 di entrare nel cambio, mantenendo la lubrificazione e prolungando la durata dei componenti interni.<\/li>\n<li><strong>Bassa necessit\u00e0 di manutenzione<\/strong>: Progettato per durare a lungo, questo cambio richiede una manutenzione minima, consentendo agli utenti di concentrarsi sul proprio lavoro senza frequenti interruzioni.<\/li>\n<\/ul>\n<p>Il nostro Post Hole Digger Gearbox, progettato come sostituto del Comer Code T-22F, unisce una costruzione robusta a un&#039;ingegneria precisa, rendendolo la soluzione perfetta per tutte le tue esigenze di perforazione. Per maggiori informazioni o per effettuare un ordine, contattaci oggi stesso!<\/p>\n<h2>Specifiche del prodotto:<\/h2>\n<table style=\"width: 100%;\" border=\"1\" width=\"100%\" cellspacing=\"0\" cellpadding=\"0\">\n<tbody>\n<tr>\n<th>Descrizione<\/th>\n<td>Cambio per trivellatrice per pali \u2013 Sostituzione del riduttore di velocit\u00e0 Comer Code T-22F<\/td>\n<\/tr>\n<tr>\n<th>Applicazione<\/th>\n<td>Varie applicazioni (agricole), Coltivatori rotanti multifilari, Trivellatrice<\/td>\n<\/tr>\n<tr>\n<th>Consiste in<\/th>\n<td>Cambio<\/td>\n<\/tr>\n<tr>\n<th>Senza Olio<\/th>\n<td>Informazioni tecniche<\/td>\n<\/tr>\n<tr>\n<th>Contiene olio<\/th>\n<td>NO<\/td>\n<\/tr>\n<tr>\n<th>Capacit\u00e0 e tipo di olio<\/th>\n<td>3.3 GL-5 80W-90 l<\/td>\n<\/tr>\n<tr>\n<th>Disposizione degli ingranaggi in aumento<\/th>\n<td>23 &#8211; 24<\/td>\n<\/tr>\n<tr>\n<th>Riduzione della disposizione degli ingranaggi<\/th>\n<td>3 &#8211; 4<\/td>\n<\/tr>\n<tr>\n<th>Potenza in ingresso kW \/ HP in aumento<\/th>\n<td>72,1 \/ 98 kW\/CV<\/td>\n<\/tr>\n<tr>\n<th>Ingresso<\/th>\n<td>540 giri\/min<\/td>\n<\/tr>\n<tr>\n<th>Aumento dell&#039;albero di ingresso<\/th>\n<td>E<\/td>\n<\/tr>\n<tr>\n<th>Riduzione dell&#039;albero di ingresso<\/th>\n<td>La<\/td>\n<\/tr>\n<tr>\n<th>Materiale di alloggiamento<\/th>\n<td>Ghisa GG25<\/td>\n<\/tr>\n<tr>\n<th>Potenza in ingresso KW \/ HP Riduzione<\/th>\n<td>60,4 \/ 82 kW\/CV<\/td>\n<\/tr>\n<tr>\n<th>Coppia di uscita DaNm<\/th>\n<td>199,5 daNm<\/td>\n<\/tr>\n<tr>\n<th>Coppia di uscita DaNm in aumento<\/th>\n<td>64 daNm<\/td>\n<\/tr>\n<tr>\n<th>Intervallo di cambio dell&#039;olio<\/th>\n<td>500 ore<\/td>\n<\/tr>\n<tr>\n<th>Rapporto crescente<\/th>\n<td>1 : 1.93<\/td>\n<\/tr>\n<tr>\n<th>Riduzione del rapporto<\/th>\n<td>1.93 : 1<\/td>\n<\/tr>\n<tr>\n<th>Albero Y<\/th>\n<td>1 3\/8\u2033 (6) (B)<\/td>\n<\/tr>\n<tr>\n<th>Albero Z<\/th>\n<td>1 3\/8\u2033 (6) (diametro)<\/td>\n<\/tr>\n<tr>\n<th>Peso<\/th>\n<td>29 chili<\/td>\n<\/tr>\n<\/tbody>\n<\/table>\n<h2>Informazioni su FMP<\/h2>\n<p>FMP, con sede in Italia, \u00e8 un&#039;azienda leader nell&#039;innovazione nella ricerca, sviluppo e produzione di una vasta gamma di riduttori, scatole di trasmissione e macchinari di ingegneria. Il nostro impegno per l&#039;eccellenza e l&#039;innovazione ci ha permesso di creare un&#039;ampia gamma di prodotti che include:<\/p>\n<ul>\n<li><strong>Riduttori conici a spirale<\/strong><\/li>\n<li><strong>Riduttori dritti<\/strong><\/li>\n<li><strong>Riduttori a vite senza fine<\/strong><\/li>\n<li><strong>Riduttori cilindrici<\/strong><\/li>\n<li><strong>Corpi valvola e alloggiamenti pressofusi ad alta pressione<\/strong><\/li>\n<\/ul>\n<p>I nostri prodotti sono progettati per una variet\u00e0 di applicazioni in diversi settori, tra cui agricoltura, edilizia e nautica. Trovano un uso comune in tosaerba agricoli, spazzaneve, spandiconcime, trasportatori di cereali, macchinari industriali, attrezzature per l&#039;estrazione di petrolio e sistemi idraulici.<\/p>\n<p>In FMP, siamo orgogliosi della nostra solida competenza tecnica e delle nostre capacit\u00e0 di ricerca. Il nostro impegno nel produrre prodotti affidabili e di alta qualit\u00e0 ci ha fatto affermare come un nome di fiducia nel settore manifatturiero. Seguiamo una filosofia aziendale distintiva che enfatizza innovazione, qualit\u00e0 e soddisfazione del cliente, consentendoci di rispondere in modo efficace alle mutevoli esigenze dei nostri clienti.<\/p>\n<p><img loading=\"lazy\" decoding=\"async\" class=\"alignnone wp-image-1840\" src=\"https:\/\/fmp-components.com\/wp-content\/uploads\/2024\/12\/Post-Hole-Digger-Gearbox-6.webp\" alt=\"Scatola ingranaggi per trivella-post\" width=\"884\" height=\"582\" title=\"\" srcset=\"https:\/\/fmp-components.com\/wp-content\/uploads\/2024\/12\/Post-Hole-Digger-Gearbox-6.webp 884w, https:\/\/fmp-components.com\/wp-content\/uploads\/2024\/12\/Post-Hole-Digger-Gearbox-6-480x316.webp 480w\" sizes=\"(min-width: 0px) and (max-width: 480px) 480px, (min-width: 481px) 884px, 100vw\" \/><\/p>\n<h3>Processo di fabbricazione per riduttori agricoli<\/h3>\n<p>La produzione di riduttori agricoli \u00e8 un processo dettagliato che comprende diversi passaggi chiave, ciascuno finalizzato a garantire la massima qualit\u00e0 e le massime prestazioni:<\/p>\n<p><strong>Progettazione del prodotto<\/strong><br \/>\nNella fase iniziale, ci concentriamo sulla definizione delle specifiche, sulla selezione dei materiali e sulla determinazione delle dimensioni su misura per le esigenze specifiche dell&#039;applicazione. Il nostro team di progettazione collabora a stretto contatto con i clienti per comprendere i loro requisiti e integrare gli ultimi progressi tecnologici.<\/p>\n<p><strong>Preparazione della materia prima<\/strong><br \/>\nCi riforniamo meticolosamente di materiali essenziali, principalmente ghisa e lega di alluminio, assicurandoci che soddisfino i nostri rigorosi standard di qualit\u00e0. Ogni lotto viene sottoposto a un&#039;ispezione approfondita per garantire prestazioni ottimali nei nostri prodotti.<\/p>\n<p><strong>Lavorazione di precisione<\/strong><br \/>\nLe materie prime sono sottoposte a lavorazioni di precisione, tra cui tornitura e fresatura, per creare ingranaggi, alberi e alloggiamenti con una precisione eccezionale. I nostri macchinari avanzati e i nostri tecnici qualificati garantiscono che ogni componente sia realizzato secondo gli standard pi\u00f9 elevati.<\/p>\n<p><strong>Assemblea<\/strong><br \/>\nDurante la fase di assemblaggio, componenti come ingranaggi, cuscinetti e alberi vengono attentamente assemblati all&#039;interno dell&#039;alloggiamento. Questo processo include rigorosi controlli di precisione e calibrazioni, insieme all&#039;applicazione di lubrificanti appropriati per garantire un funzionamento fluido ed efficiente.<\/p>\n<p><strong>Trattamento di processo<\/strong><br \/>\nPer migliorare la resistenza e la resistenza all&#039;usura, i nostri riduttori vengono sottoposti a processi di trattamento termico avanzati. Questo passaggio critico garantisce che i nostri prodotti possano resistere alle esigenze di applicazioni impegnative.<\/p>\n<p><strong>Trattamento superficiale<\/strong><br \/>\nImplementiamo trattamenti superficiali come lucidatura e verniciatura a polvere per migliorare sia l&#039;aspetto estetico che la resistenza alla corrosione dei nostri riduttori. Questi trattamenti non solo migliorano la durata, ma estendono anche la durata dei nostri prodotti in vari ambienti.<\/p>\n<p><strong>Controllo di qualit\u00e0<\/strong><br \/>\nVengono condotte ispezioni complete in ogni fase della produzione, misurando dimensioni, precisione, rumore e vibrazioni. Questo rigoroso processo di controllo qualit\u00e0 garantisce che i nostri riduttori soddisfino rigorosi standard di sicurezza e prestazioni.<\/p>\n<p>Nel complesso, la produzione di riduttori agricoli presso FMP \u00e8 un&#039;impresa complessa che richiede abilit\u00e0 artigianale, tecnologia di produzione avanzata e un sistema di controllo qualit\u00e0 completo. Il nostro approccio meticoloso garantisce la consegna di riduttori che forniscono prestazioni e affidabilit\u00e0 eccezionali, soddisfacendo costantemente gli elevati standard attesi dai nostri clienti.<\/p>\n<p>Autore: CX<\/p>","protected":false},"excerpt":{"rendered":"<p>Our Post Hole Digger Gearbox, specifically designed as a replacement for the Comer Code T-22F. This high-performance gearbox is engineered to meet the demands of various drilling applications, ensuring efficiency and reliability. Key Features: High Torque Capability: This gearbox is built to handle high torque outputs, effectively transferring power from the tractor to the auger [&hellip;]<\/p>","protected":false},"featured_media":1846,"comment_status":"open","ping_status":"closed","template":"","meta":{"_et_pb_use_builder":"","_et_pb_old_content":"","_et_gb_content_width":""},"product_brand":[],"product_cat":[50],"product_tag":[],"class_list":{"0":"post-1845","1":"product","2":"type-product","3":"status-publish","4":"has-post-thumbnail","6":"product_cat-post-hole-digger-gearbox","8":"first","9":"instock","10":"shipping-taxable","11":"product-type-simple"},"_links":{"self":[{"href":"https:\/\/fmp-components.com\/it\/wp-json\/wp\/v2\/product\/1845","targetHints":{"allow":["GET"]}}],"collection":[{"href":"https:\/\/fmp-components.com\/it\/wp-json\/wp\/v2\/product"}],"about":[{"href":"https:\/\/fmp-components.com\/it\/wp-json\/wp\/v2\/types\/product"}],"replies":[{"embeddable":true,"href":"https:\/\/fmp-components.com\/it\/wp-json\/wp\/v2\/comments?post=1845"}],"wp:featuredmedia":[{"embeddable":true,"href":"https:\/\/fmp-components.com\/it\/wp-json\/wp\/v2\/media\/1846"}],"wp:attachment":[{"href":"https:\/\/fmp-components.com\/it\/wp-json\/wp\/v2\/media?parent=1845"}],"wp:term":[{"taxonomy":"product_brand","embeddable":true,"href":"https:\/\/fmp-components.com\/it\/wp-json\/wp\/v2\/product_brand?post=1845"},{"taxonomy":"product_cat","embeddable":true,"href":"https:\/\/fmp-components.com\/it\/wp-json\/wp\/v2\/product_cat?post=1845"},{"taxonomy":"product_tag","embeddable":true,"href":"https:\/\/fmp-components.com\/it\/wp-json\/wp\/v2\/product_tag?post=1845"}],"curies":[{"name":"parola chiave","href":"https:\/\/api.w.org\/{rel}","templated":true}]}}