{"id":1841,"date":"2024-12-24T06:24:49","date_gmt":"2024-12-24T06:24:49","guid":{"rendered":"https:\/\/fmp-components.com\/?page_id=8"},"modified":"2024-12-24T06:51:07","modified_gmt":"2024-12-24T06:51:07","slug":"post-hole-diggers-gearboxes-replacement-of-comer-code-t-278a-11","status":"publish","type":"product","link":"https:\/\/fmp-components.com\/it\/product\/post-hole-diggers-gearboxes-replacement-of-comer-code-t-278a-11\/","title":{"rendered":"Scatole di trasmissione per trivelle \u2013 Sostituzione del codice Comer T-278A 1:1"},"content":{"rendered":"<p>Il nostro riduttore per trivelle per pali \u00e8 stato progettato come sostituzione diretta del Comer Code T-278A 1:1. Questo riduttore \u00e8 progettato per offrire prestazioni e affidabilit\u00e0 eccezionali in varie applicazioni di perforazione.<\/p>\n<h3>Caratteristiche principali:<\/h3>\n<ul>\n<li><strong>Elevata capacit\u00e0 di coppia<\/strong>: In grado di gestire lavori di perforazione impegnativi, garantendo un efficiente trasferimento di potenza dal trattore alla coclea.<\/li>\n<li><strong>Costruzione durevole<\/strong>: Realizzato con materiali di alta qualit\u00e0, il nostro riduttore offre una resistenza e una resistenza all&#039;usura superiori, garantendo una lunga durata.<\/li>\n<li><strong>Ingegneria di precisione<\/strong>:Ogni riduttore \u00e8 lavorato con precisione per garantire un funzionamento regolare e prestazioni ottimali, riducendo la perdita di energia durante l&#039;uso.<\/li>\n<li><strong>Design compatto<\/strong>: Il fattore di forma compatto consente una facile installazione e integrazione con le configurazioni di trivelle per pali esistenti senza ingombro aggiuntivo.<\/li>\n<li><strong>Compatibilit\u00e0 versatile<\/strong>: Progettato per adattarsi a una vasta gamma di trattori e attrezzi da scavo, \u00e8 adatto a diverse applicazioni agricole ed edili.<\/li>\n<li><strong>Sigillatura efficace<\/strong>: Le guarnizioni integrate impediscono a sporco e umidit\u00e0 di entrare nel cambio, mantenendo la lubrificazione e prolungando la durata dei componenti interni.<\/li>\n<li><strong>Bassa manutenzione<\/strong>: Progettato per durare a lungo, questo cambio richiede una manutenzione minima, consentendo agli utenti di concentrarsi sul proprio lavoro senza frequenti interruzioni.<\/li>\n<\/ul>\n<h2>Specifiche del prodotto:<\/h2>\n<table style=\"width: 100%;\" border=\"1\" width=\"100%\" cellspacing=\"0\" cellpadding=\"0\">\n<tbody>\n<tr>\n<th>Descrizione<\/th>\n<td>Scatole di trasmissione per trivelle \u2013 Sostituzione del codice Comer T-278A 1:1<\/td>\n<\/tr>\n<tr>\n<th>Applicazione<\/th>\n<td>Varie applicazioni (agricole)<\/td>\n<\/tr>\n<tr>\n<th>Consiste in<\/th>\n<td>Cambio<\/td>\n<\/tr>\n<tr>\n<th>Senza Olio<\/th>\n<td>Informazioni tecniche<\/td>\n<\/tr>\n<tr>\n<th>Potenza massima in ingresso<\/th>\n<td>40,5 kW<\/td>\n<\/tr>\n<tr>\n<th>Coppia di uscita massima<\/th>\n<td>693 nm<\/td>\n<\/tr>\n<tr>\n<th>Contiene olio<\/th>\n<td>NO<\/td>\n<\/tr>\n<tr>\n<th>Capacit\u00e0 massima dell&#039;olio<\/th>\n<td>1,7 litri<\/td>\n<\/tr>\n<tr>\n<th>Intervallo massimo di cambio dell&#039;olio<\/th>\n<td>500 ore<\/td>\n<\/tr>\n<tr>\n<th>Grado di viscosit\u00e0 SAE dell&#039;olio<\/th>\n<td>Olio per unghie 80W-90<\/td>\n<\/tr>\n<tr>\n<th>Materiale dell&#039;alloggiamento<\/th>\n<td>Ghisa GG25<\/td>\n<\/tr>\n<tr>\n<th>Peso<\/th>\n<td>23,5 kg<\/td>\n<\/tr>\n<tr>\n<th>Disposizione degli ingranaggi<\/th>\n<td>1 &#8211; 2<\/td>\n<\/tr>\n<tr>\n<th>Rapporto<\/th>\n<td>1 : 1<\/td>\n<\/tr>\n<tr>\n<th>Albero di ingresso<\/th>\n<td>La<\/td>\n<\/tr>\n<tr>\n<th>Albero X<\/th>\n<td>1 3\/8\u2033 (6) (A)<\/td>\n<\/tr>\n<tr>\n<th>Albero Z<\/th>\n<td>1 3\/8\u2033 (6) (B)<\/td>\n<\/tr>\n<\/tbody>\n<\/table>\n<h2>Informazioni su FMP<\/h2>\n<p>FMP, con sede in Italia, \u00e8 specializzata nella ricerca, sviluppo e produzione di una vasta gamma di riduttori, scatole di trasmissione e macchinari di ingegneria. La nostra vasta gamma di prodotti include:<\/p>\n<ul>\n<li><strong>Riduttori conici a spirale<\/strong><\/li>\n<li><strong>Riduttori dritti<\/strong><\/li>\n<li><strong>Riduttori a vite senza fine<\/strong><\/li>\n<li><strong>Riduttori cilindrici<\/strong><\/li>\n<li><strong>Corpi valvola e alloggiamenti pressofusi ad alta pressione<\/strong><\/li>\n<\/ul>\n<p>Questi prodotti sono progettati per varie applicazioni, tra cui tosaerba agricoli, spazzaneve, spandiconcime, trasportatori di cereali, macchinari industriali, attrezzature per l&#039;estrazione di petrolio, componenti per l&#039;industria marittima e sistemi idraulici per l&#039;ingegneria.<\/p>\n<p>In FMP, siamo orgogliosi delle nostre solide capacit\u00e0 tecniche e di ricerca. La nostra dedizione alla produzione di prodotti affidabili e di alta qualit\u00e0 ci ha reso un leader rispettato nel settore manifatturiero. Aderiamo a una filosofia aziendale unica che d\u00e0 priorit\u00e0 all&#039;innovazione, alla qualit\u00e0 e alla soddisfazione del cliente, assicurandoci di soddisfare efficacemente le mutevoli esigenze dei nostri clienti.<\/p>\n<p><img loading=\"lazy\" decoding=\"async\" class=\"alignnone wp-image-1840\" src=\"https:\/\/fmp-components.com\/wp-content\/uploads\/2024\/12\/Post-Hole-Digger-Gearbox-6.webp\" alt=\"Scatola ingranaggi per trivella-post\" width=\"884\" height=\"582\" title=\"\" srcset=\"https:\/\/fmp-components.com\/wp-content\/uploads\/2024\/12\/Post-Hole-Digger-Gearbox-6.webp 884w, https:\/\/fmp-components.com\/wp-content\/uploads\/2024\/12\/Post-Hole-Digger-Gearbox-6-480x316.webp 480w\" sizes=\"(min-width: 0px) and (max-width: 480px) 480px, (min-width: 481px) 884px, 100vw\" \/><\/p>\n<h3>Processo di fabbricazione per riduttori agricoli<\/h3>\n<p>La produzione di riduttori agricoli \u00e8 un processo dettagliato che comprende diversi passaggi critici:<\/p>\n<p><strong>Progettazione del prodotto<\/strong><br \/>\nLa fase iniziale si concentra sulla selezione di specifiche, materiali e dimensioni su misura per le specifiche esigenze applicative.<\/p>\n<p><strong>Preparazione della materia prima<\/strong><br \/>\nCi riforniamo di materiali essenziali, principalmente ghisa e lega di alluminio, assicurandoci che soddisfino i nostri rigorosi standard qualitativi.<\/p>\n<p><strong>Lavorazione di precisione<\/strong><br \/>\nLe materie prime vengono sottoposte a lavorazioni meccaniche di precisione, tra cui tornitura e fresatura, per creare ingranaggi, alberi e alloggiamenti con una precisione eccezionale.<\/p>\n<p><strong>Assemblea<\/strong><br \/>\nComponenti come ingranaggi, cuscinetti e alberi vengono assemblati con cura all&#039;interno dell&#039;alloggiamento. Durante questa fase, vengono eseguiti controlli di precisione e calibrazioni, insieme all&#039;applicazione di lubrificanti appropriati per un funzionamento ottimale.<\/p>\n<p><strong>Trattamento di processo<\/strong><br \/>\nI riduttori sono sottoposti a trattamento termico per aumentarne la resistenza e la resistenza all&#039;usura, garantendo prestazioni durature.<\/p>\n<p><strong>Trattamento superficiale<\/strong><br \/>\nUtilizziamo trattamenti superficiali come la lucidatura e la verniciatura a polvere per migliorare sia l&#039;aspetto estetico che la resistenza alla corrosione dei riduttori.<\/p>\n<p><strong>Controllo di qualit\u00e0<\/strong><br \/>\nVengono effettuate ispezioni complete per misurare dimensioni, precisione, rumore e vibrazioni, assicurando che i nostri riduttori soddisfino rigorosi standard di sicurezza e prestazioni.<\/p>\n<p>Nel complesso, la produzione di riduttori agricoli \u00e8 un&#039;impresa complessa che richiede abilit\u00e0 artigianale, tecnologia di produzione avanzata e un sistema di controllo qualit\u00e0 completo. Questo approccio meticoloso garantisce che i nostri riduttori offrano prestazioni e affidabilit\u00e0 eccezionali.<\/p>\n<p>Autore: CX<\/p>","protected":false},"excerpt":{"rendered":"<p>Our Post Hole Diggers Gearbox, designed as a direct replacement for the Comer Code T-278A 1:1. This gearbox is engineered to deliver exceptional performance and reliability in various drilling applications. Key Features: High Torque Capacity: Capable of handling demanding drilling tasks, ensuring efficient power transfer from the tractor to the auger. Durable Construction: Made from [&hellip;]<\/p>","protected":false},"featured_media":1842,"comment_status":"open","ping_status":"closed","template":"","meta":{"_et_pb_use_builder":"","_et_pb_old_content":"","_et_gb_content_width":""},"product_brand":[],"product_cat":[50],"product_tag":[],"class_list":{"0":"post-1841","1":"product","2":"type-product","3":"status-publish","4":"has-post-thumbnail","6":"product_cat-post-hole-digger-gearbox","8":"first","9":"instock","10":"shipping-taxable","11":"product-type-simple"},"_links":{"self":[{"href":"https:\/\/fmp-components.com\/it\/wp-json\/wp\/v2\/product\/1841","targetHints":{"allow":["GET"]}}],"collection":[{"href":"https:\/\/fmp-components.com\/it\/wp-json\/wp\/v2\/product"}],"about":[{"href":"https:\/\/fmp-components.com\/it\/wp-json\/wp\/v2\/types\/product"}],"replies":[{"embeddable":true,"href":"https:\/\/fmp-components.com\/it\/wp-json\/wp\/v2\/comments?post=1841"}],"wp:featuredmedia":[{"embeddable":true,"href":"https:\/\/fmp-components.com\/it\/wp-json\/wp\/v2\/media\/1842"}],"wp:attachment":[{"href":"https:\/\/fmp-components.com\/it\/wp-json\/wp\/v2\/media?parent=1841"}],"wp:term":[{"taxonomy":"product_brand","embeddable":true,"href":"https:\/\/fmp-components.com\/it\/wp-json\/wp\/v2\/product_brand?post=1841"},{"taxonomy":"product_cat","embeddable":true,"href":"https:\/\/fmp-components.com\/it\/wp-json\/wp\/v2\/product_cat?post=1841"},{"taxonomy":"product_tag","embeddable":true,"href":"https:\/\/fmp-components.com\/it\/wp-json\/wp\/v2\/product_tag?post=1841"}],"curies":[{"name":"parola chiave","href":"https:\/\/api.w.org\/{rel}","templated":true}]}}