{"id":1687,"date":"2024-12-23T07:01:59","date_gmt":"2024-12-23T07:01:59","guid":{"rendered":"https:\/\/fmp-components.com\/product\/high-quality-long-stroke-customized-hydraulic-cylinder-for-dump-truck\/"},"modified":"2025-03-18T01:49:37","modified_gmt":"2025-03-18T01:49:37","slug":"high-quality-long-stroke-customized-hydraulic-cylinder-for-dump-truck","status":"publish","type":"product","link":"https:\/\/fmp-components.com\/it\/product\/high-quality-long-stroke-customized-hydraulic-cylinder-for-dump-truck\/","title":{"rendered":"Cilindro idraulico personalizzato a corsa lunga di alta qualit\u00e0 per autocarri con cassone ribaltabile"},"content":{"rendered":"<h2>Presentazione del cilindro idraulico personalizzato a corsa lunga di alta qualit\u00e0 per autocarri con cassone ribaltabile:<\/h2>\n<p>Il cilindro idraulico personalizzato a corsa lunga di alta qualit\u00e0 \u00e8 progettato specificamente per soddisfare le esigenze dei dumper. Questo cilindro idraulico vanta qualit\u00e0 superiore e prestazioni eccezionali, rendendolo la scelta ideale per diverse applicazioni pesanti.<\/p>\n<p>Grazie al design a corsa lunga, questo cilindro idraulico offre una portata estesa e una maggiore capacit\u00e0 di sollevamento, garantendo un funzionamento efficiente e affidabile. \u00c8 progettato per resistere ad alte pressioni e carichi pesanti, garantendo durata e longevit\u00e0 anche in condizioni di lavoro impegnative.<\/p>\n<p><img decoding=\"async\" src=\"https:\/\/hzpt.com\/wp-content\/uploads\/2023\/11\/Inverted-Telescopic-Cylinder-10.webp\" alt=\"\" title=\"\"><\/p>\n<p>Le opzioni di personalizzazione disponibili per questo cilindro idraulico consentono di realizzare una soluzione su misura per soddisfare esigenze specifiche. Dalle dimensioni e dalla lunghezza della corsa allo stile di montaggio e alla capacit\u00e0 di carico, ogni aspetto pu\u00f2 essere personalizzato per garantire prestazioni ottimali e compatibilit\u00e0 con il dumper.<\/p>\n<p>Costruito con precisione e competenza, questo cilindro idraulico garantisce movimenti fluidi e precisi, contribuendo a migliorare produttivit\u00e0 ed efficienza. La sua avanzata tecnologia di tenuta riduce al minimo le perdite e garantisce le massime prestazioni, anche in ambienti difficili e difficili.<\/p>\n<p>Il cilindro idraulico personalizzato di alta qualit\u00e0 a corsa lunga per autocarri con cassone ribaltabile \u00e8 un componente essenziale per un funzionamento fluido ed efficiente del mezzo. Grazie alla sua eccezionale resistenza, durata e possibilit\u00e0 di personalizzazione, offre affidabilit\u00e0 e prestazioni che superano gli standard del settore.<\/p>\n<p>Scegli il cilindro idraulico personalizzato a corsa lunga di alta qualit\u00e0 per autocarri con cassone ribaltabile e scopri una maggiore produttivit\u00e0, prestazioni superiori e un&#039;affidabilit\u00e0 duratura nelle operazioni del tuo autocarro con cassone ribaltabile.<\/p>\n<table style=\"width: 100%;\" border=\"1\" width=\"100%\" cellspacing=\"0\" cellpadding=\"0\">\n<tbody>\n<tr>\n<th>Nome del prodotto<\/th>\n<td>Cilindro idraulico personalizzato a corsa lunga di alta qualit\u00e0<\/td>\n<\/tr>\n<tr>\n<th>Condizione<\/th>\n<td>Nuovo (2025)<\/td>\n<\/tr>\n<tr>\n<th>Tipo<\/th>\n<td>Cilindro a pistone standard<\/td>\n<\/tr>\n<tr>\n<th>Fonte di alimentazione<\/th>\n<td>Idraulico<\/td>\n<\/tr>\n<tr>\n<th>Materiale<\/th>\n<td>Acciaio robusto<\/td>\n<\/tr>\n<tr>\n<th>Spinta massima<\/th>\n<td>3000<\/td>\n<\/tr>\n<tr>\n<th>Massima trazione<\/th>\n<td>20 tonnellate<\/td>\n<\/tr>\n<tr>\n<th>Componenti principali<\/th>\n<td>Cuscinetto, cilindro pistone<\/td>\n<\/tr>\n<tr>\n<th>Garanzia<\/th>\n<td>1 anno<\/td>\n<\/tr>\n<tr>\n<th>Progetto<\/th>\n<td>Corsa lunga, personalizzata per autocarri con cassone ribaltabile<\/td>\n<\/tr>\n<tr>\n<th>Prestazione<\/th>\n<td>Progettato per carichi di lavoro pesanti<\/td>\n<\/tr>\n<\/tbody>\n<\/table>\n<h2>Caratteristiche del cilindro idraulico a corsa lunga<\/h2>\n<p><img decoding=\"async\" src=\"https:\/\/hzpt.com\/wp-content\/uploads\/2023\/11\/Inverted-Telescopic-Cylinder-13.webp\" alt=\"\" title=\"\"><\/p>\n<ol>\n<li><strong>Struttura standard:<\/strong> Il cilindro idraulico \u00e8 dotato di una struttura standard del cilindro del pistone, garantendo prestazioni efficienti.<\/li>\n<li><strong>Alta potenza:<\/strong> Ha una spinta massima di 3000 e una potenza di trazione massima di 20 tonnellate, garantendo prestazioni ottimali per i compiti pi\u00f9 gravosi.<\/li>\n<li><strong>Materiale di qualit\u00e0:<\/strong> Realizzato in acciaio resistente, il cilindro idraulico garantisce durata e robustezza a lungo termine.<\/li>\n<li><strong>Componenti principali:<\/strong> I componenti principali, ovvero il cuscinetto e il cilindro dello stantuffo, sono coperti da una garanzia di un anno.<\/li>\n<li><strong>Personalizzazione:<\/strong> Il cilindro \u00e8 personalizzabile in termini di alesaggio, stelo, corsa, perno, porte e colore.<\/li>\n<\/ol>\n<h2>Applicazioni del cilindro idraulico a corsa lunga<\/h2>\n<p>Questo cilindro idraulico \u00e8 perfetto per settori quali:<\/p>\n<ol>\n<li><strong>Stabilimenti di produzione:<\/strong> Ideale per vari macchinari e attrezzature negli impianti di produzione.<\/li>\n<li><strong>Officine di riparazione macchinari:<\/strong> Pu\u00f2 essere utilizzato come pezzo di ricambio affidabile nelle officine di riparazione di macchinari.<\/li>\n<li><strong>Fattorie:<\/strong> Adatto per macchinari e attrezzature agricole pesanti.<\/li>\n<li><strong>Energia e estrazione mineraria:<\/strong> Applicabile nei macchinari utilizzati nel settore energetico e minerario.<\/li>\n<li><strong>Produzione di macchinari:<\/strong> Pu\u00f2 essere utilizzato in vari processi di produzione di macchinari.<\/li>\n<\/ol>\n<p><img decoding=\"async\" src=\"https:\/\/hzpt.com\/wp-content\/uploads\/2023\/11\/Inverted-Telescopic-Cylinder-Applications.webp\" alt=\"Applicazioni del cilindro telescopico invertito\" title=\"\"><\/p>\n<h2>Principio di funzionamento e manutenzione del cilindro idraulico<\/h2>\n<p>Il principio di funzionamento del cilindro idraulico comprende tre aspetti chiave: configurazione, ingresso del fluido idraulico e forza di uscita. In termini di manutenzione, \u00e8 importante eseguire regolarmente ispezioni, pulizie, lubrificazioni e riparazioni. La sostituzione delle guarnizioni deve essere effettuata secondo le istruzioni riportate nel manuale d&#039;uso.<\/p>\n<h2>Cilindro telescopico invertito<\/h2>\n<p>Un cilindro idraulico personalizzato di alta qualit\u00e0 a corsa lunga per autocarri con cassone ribaltabile, il cilindro telescopico invertito \u00e8 un cilindro idraulico avanzato progettato per i moderni autocarri con cassone ribaltabile. Questo tipo di cilindro idraulico \u00e8 composto da diversi stadi nidificati che si estendono telescopicamente verso l&#039;esterno quando il cilindro \u00e8 esteso. L&#039;inversione degli stadi garantisce una corsa maggiore e consente una lunghezza di retrazione inferiore, rendendolo un cilindro idraulico pi\u00f9 efficiente.<\/p>\n<h3>Vantaggi del cilindro telescopico invertito<\/h3>\n<ul>\n<li><strong>Corsa pi\u00f9 lunga:<\/strong> Il cilindro telescopico invertito garantisce una corsa pi\u00f9 lunga rispetto ai cilindri idraulici tradizionali, grazie alle fasi nidificate che possono estendersi telescopicamente verso l&#039;esterno.<\/li>\n<li><strong>Lunghezza retratta pi\u00f9 piccola:<\/strong> Il design del cilindro telescopico invertito consente una lunghezza retratta inferiore, ideale per i moderni autocarri con cassone ribaltabile che richiedono un design compatto.<\/li>\n<li><strong>Efficienza migliorata:<\/strong> Le fasi annidate del cilindro telescopico invertito creano una progettazione pi\u00f9 efficiente, poich\u00e9 il cilindro pu\u00f2 estendersi ulteriormente senza sacrificare resistenza o stabilit\u00e0.<\/li>\n<li><strong>Maggiore capacit\u00e0 di carico:<\/strong> Grazie al suo design avanzato, il cilindro telescopico invertito \u00e8 in grado di gestire carichi pi\u00f9 elevati, rendendolo perfetto per i camion con cassone ribaltabile per impieghi gravosi che richiedono una maggiore capacit\u00e0 di carico.<\/li>\n<li><strong>Personalizzabile:<\/strong> Il cilindro telescopico invertito pu\u00f2 essere personalizzato per soddisfare le esigenze specifiche dei camion con cassone ribaltabile, rendendolo una soluzione versatile e pratica per cilindri idraulici.<\/li>\n<\/ul>\n<h3>Applicazioni del cilindro telescopico invertito<\/h3>\n<p>Il cilindro telescopico invertito \u00e8 comunemente utilizzato nei dumper che richiedono un cilindro idraulico a corsa lunga con una lunghezza retratta ridotta. Il cilindro \u00e8 presente in una variet\u00e0 di modelli di dumper, inclusi dumper a scarico posteriore, a scarico laterale e a scarico inferiore. Inoltre, il cilindro telescopico invertito pu\u00f2 essere utilizzato in altre applicazioni pesanti che richiedono un&#039;elevata capacit\u00e0 di carico e un cilindro idraulico a corsa lunga.<\/p>\n<p>Il cilindro telescopico invertito \u00e8 un cilindro idraulico dal design avanzato che offre una corsa maggiore e una lunghezza retratta inferiore rispetto ai cilindri idraulici tradizionali. Il suo design avanzato consente inoltre maggiori capacit\u00e0 di carico e una migliore efficienza, rendendolo la soluzione perfetta per i moderni autocarri con cassone ribaltabile e altre applicazioni pesanti. Grazie alle sue opzioni personalizzabili, il cilindro telescopico invertito \u00e8 una scelta versatile e pratica per chiunque cerchi una soluzione di alta qualit\u00e0.<\/p>\n<h3>Informazioni su FMP<\/h3>\n<p>In FMP, siamo specializzati nella vendita e assistenza di parti di macchinari edili e macchine complete. La nostra gamma di prodotti \u00e8 ampia e comprende vari tipi di macchinari edili come riduttori per macchinari agricoli, cilindri idraulici, riduttori epicicloidali, riduttori industriali, parti di macchinari agricoli e una serie di accessori di alto livello che li abbinano. Uno dei nostri prodotti pi\u00f9 popolari \u00e8 il cilindro idraulico.<\/p>\n<p>Ecco cinque motivi per cui i cilindri idraulici FMP sono la scelta migliore per i vostri macchinari:<\/p>\n<p>1. Materiali di alta qualit\u00e0: i nostri cilindri idraulici sono realizzati utilizzando materiali di alta qualit\u00e0, che ne garantiscono durata e affidabilit\u00e0.<\/p>\n<p>2. Design personalizzabile: offriamo cilindri a forcella regolabili che possono essere facilmente personalizzati per soddisfare le vostre esigenze e richieste specifiche.<\/p>\n<p>3. Team di professionisti: il nostro team di vendita esperto e qualificato \u00e8 esperto nel settore dei macchinari per l&#039;edilizia e pu\u00f2 fornire consulenza professionale sui prodotti e suggerimenti di acquisto intelligenti.<\/p>\n<p>4. Rigorosi standard qualitativi: instaurando relazioni di cooperazione stabili e a lungo termine con numerosi fornitori di alta qualit\u00e0 in patria e all&#039;estero, garantiamo che tutti i componenti forniti soddisfano rigorosi standard qualitativi.<\/p>\n<p>5. Efficiente sistema di distribuzione logistica: disponiamo di un efficiente sistema di distribuzione logistica per garantire che i clienti ricevano i pezzi richiesti in modo tempestivo e accurato.<\/p>\n<p>I nostri cilindri idraulici sono perfetti per una variet\u00e0 di applicazioni, tra cui macchinari agricoli, macchinari edili e macchinari industriali. Con FMP, puoi essere certo di ottenere prodotti e servizi della migliore qualit\u00e0, supportati da anni di esperienza nel settore e da un team di professionisti. Scopri di persona perch\u00e9 FMP \u00e8 la scelta ideale per parti di macchinari edili e soluzioni complete per macchine.<\/p>\n<p><img decoding=\"async\" src=\"https:\/\/fmp-components.com\/wp-content\/uploads\/2024\/12\/Adjustable-Clevis-Type-Cylinders-6.webp\" alt=\"Cilindro tipo forcella regolabile\" width=\"845\" title=\"\"><br \/>\nAutore:CX<\/p>","protected":false},"excerpt":{"rendered":"<p>Introducing High Quality Long Stroke Customized Hydraulic Cylinder for dump truck: The High Quality Long Stroke Customized Hydraulic Cylinder is specifically designed to meet the needs of dump trucks. This hydraulic cylinder boasts superior quality and exceptional performance, making it an ideal choice for various heavy-duty applications. With a long stroke design, this hydraulic cylinder [&hellip;]<\/p>","protected":false},"featured_media":1688,"comment_status":"closed","ping_status":"closed","template":"","meta":{"_et_pb_use_builder":"","_et_pb_old_content":"","_et_gb_content_width":""},"product_brand":[],"product_cat":[45],"product_tag":[34,48],"class_list":{"0":"post-1687","1":"product","2":"type-product","3":"status-publish","4":"has-post-thumbnail","6":"product_cat-inverted-telescopic-cylinder","7":"product_tag-hydraulic-cylinder","8":"product_tag-inverted-telescopic-cylinder","10":"first","11":"instock","12":"product-type-simple"},"_links":{"self":[{"href":"https:\/\/fmp-components.com\/it\/wp-json\/wp\/v2\/product\/1687","targetHints":{"allow":["GET"]}}],"collection":[{"href":"https:\/\/fmp-components.com\/it\/wp-json\/wp\/v2\/product"}],"about":[{"href":"https:\/\/fmp-components.com\/it\/wp-json\/wp\/v2\/types\/product"}],"replies":[{"embeddable":true,"href":"https:\/\/fmp-components.com\/it\/wp-json\/wp\/v2\/comments?post=1687"}],"wp:featuredmedia":[{"embeddable":true,"href":"https:\/\/fmp-components.com\/it\/wp-json\/wp\/v2\/media\/1688"}],"wp:attachment":[{"href":"https:\/\/fmp-components.com\/it\/wp-json\/wp\/v2\/media?parent=1687"}],"wp:term":[{"taxonomy":"product_brand","embeddable":true,"href":"https:\/\/fmp-components.com\/it\/wp-json\/wp\/v2\/product_brand?post=1687"},{"taxonomy":"product_cat","embeddable":true,"href":"https:\/\/fmp-components.com\/it\/wp-json\/wp\/v2\/product_cat?post=1687"},{"taxonomy":"product_tag","embeddable":true,"href":"https:\/\/fmp-components.com\/it\/wp-json\/wp\/v2\/product_tag?post=1687"}],"curies":[{"name":"parola chiave","href":"https:\/\/api.w.org\/{rel}","templated":true}]}}