{"id":1524,"date":"2024-12-23T05:51:36","date_gmt":"2024-12-23T05:51:36","guid":{"rendered":"https:\/\/fmp-components.com\/product\/high-quality-double-effect-snow-plow-hydraulic-cylinder\/"},"modified":"2024-12-23T05:54:59","modified_gmt":"2024-12-23T05:54:59","slug":"high-quality-double-effect-snow-plow-hydraulic-cylinder","status":"publish","type":"product","link":"https:\/\/fmp-components.com\/it\/product\/high-quality-double-effect-snow-plow-hydraulic-cylinder\/","title":{"rendered":"Cilindro idraulico per spazzaneve a doppio effetto di alta qualit\u00e0"},"content":{"rendered":"<p>Cilindro idraulico a doppio effetto di alta qualit\u00e0 per spazzaneve. Il cilindro idraulico a doppio effetto di alta qualit\u00e0 per spazzaneve \u00e8 un componente essenziale per qualsiasi spazzaneve. Grazie alla sua struttura resistente e all'affidabile design a doppio effetto, questo cilindro idraulico \u00e8 costruito per durare.<\/p>\n<p>Il cilindro \u00e8 progettato per spostare la neve senza sforzo ai lati dello spazzaneve, rendendo la rimozione un gioco da ragazzi. \u00c8 anche in grado di sollevare e abbassare lo spazzaneve per adattarsi ai diversi livelli di neve.<\/p>\n<p>Realizzato con materiali di alta qualit\u00e0 e progettazione di precisione, il cilindro idraulico a doppio effetto per spazzaneve di alta qualit\u00e0 \u00e8 un accessorio indispensabile per qualsiasi operatore di spazzaneve. Grazie alle sue prestazioni superiori e alla sua lunga durata, questo prodotto superer\u00e0 sicuramente le vostre aspettative e render\u00e0 la rimozione della neve pi\u00f9 facile che mai.<\/p>\n<p><img decoding=\"async\" title=\"Cilindro idraulico spazzaneve\" src=\"https:\/\/hzpt.com\/wp-content\/uploads\/2023\/11\/Snow-Plow-Hydraulic-Cylinder-1.webp\" alt=\"Cilindro idraulico spazzaneve\" \/><\/p>\n<h3>Specifiche<\/h3>\n<ul>\n<li>Diametro del foro: 2-6 pollici<\/li>\n<li>Dimensioni dell&#039;asta: 1,125-4 pollici<\/li>\n<li>Dimensioni del tratto: 4-100 pollici<\/li>\n<li>Dimensione del perno: 0,5-2 pollici<\/li>\n<li>Porte: G\/SAE\/NPT\/M<\/li>\n<\/ul>\n<h2>Garanzia di qualit\u00e0<\/h2>\n<p>Il nostro prodotto \u00e8 certificato ISO9001:2000, a garanzia del rispetto degli standard qualitativi internazionali. Offriamo inoltre una garanzia di 1 anno sui componenti principali, inclusi i cuscinetti e il cilindro idraulico stesso. Per vostra sicurezza, forniamo un'ispezione video in uscita e un rapporto di prova sui macchinari.<\/p>\n<p><img decoding=\"async\" title=\"Cilindro idraulico spazzaneve\" src=\"https:\/\/hzpt.com\/wp-content\/uploads\/2023\/11\/Snow-Plow-Hydraulic-Cylinder-3.webp\" alt=\"Cilindro idraulico spazzaneve\" \/><\/p>\n<h2>Vantaggi dei cilindri a forcella regolabili<\/h2>\n<p>I cilindri a forcella regolabile sono una parte importante dei sistemi idraulici utilizzati in varie applicazioni industriali e commerciali. Questi cilindri offrono diversi vantaggi rispetto ai cilindri a forcella fissa. In questo articolo, analizzeremo in dettaglio i vantaggi dei cilindri a forcella regolabile.<\/p>\n<p>1. <b>Maggiore flessibilit\u00e0 nell'installazione e nel funzionamento<\/b> \u2013 I cilindri a forcella regolabile offrono una maggiore flessibilit\u00e0 in termini di installazione e funzionamento. A differenza dei cilindri a forcella fissa, i cilindri a forcella regolabile consentono all'utente di apportare piccole modifiche alla lunghezza e all'angolazione del cilindro, contribuendo a ottenere il livello di prestazioni desiderato. Questo li rende ideali per l'uso in applicazioni in cui la precisione \u00e8 fondamentale, come nel caso del cilindro idraulico a doppio effetto di alta qualit\u00e0 per spazzaneve.<\/p>\n<p>2. <b>Prestazioni ed efficienza migliorate<\/b> \u2013 La possibilit\u00e0 di regolazione dei cilindri a forcella consente un controllo pi\u00f9 preciso del sistema idraulico. Questo, a sua volta, pu\u00f2 portare a prestazioni ed efficienza migliori. Ad esempio, se il cilindro viene regolato alla lunghezza e all'angolazione corrette, pu\u00f2 muoversi in modo pi\u00f9 fluido e richiedere meno energia per funzionare, il che pu\u00f2 tradursi in un risparmio energetico e in una maggiore produttivit\u00e0.<\/p>\n<p>3. <b>Manutenzione e tempi di fermo ridotti<\/b> \u2013 I cilindri a forcella regolabile sono progettati per essere pi\u00f9 durevoli e richiedere meno manutenzione rispetto ai cilindri a forcella fissa. Questo perch\u00e9 sono realizzati con materiali di alta qualit\u00e0, come acciaio al carbonio e acciaio inossidabile, resistenti all'usura e alla corrosione. Inoltre, la possibilit\u00e0 di regolazione di questi cilindri semplifica la manutenzione, riducendo i tempi di fermo e i costi di riparazione.<\/p>\n<p>4. <b>Funzionalit\u00e0 di sicurezza avanzate<\/b> \u2013 I cilindri a forcella regolabile sono dotati di caratteristiche di sicurezza avanzate che li rendono pi\u00f9 sicuri da utilizzare in applicazioni industriali e commerciali. Ad esempio, possono essere dotati di dispositivi di protezione da sovraccarico che impediscono il superamento della capacit\u00e0 di carico massima, contribuendo a prevenire incidenti e infortuni sul lavoro.<\/p>\n<p>In conclusione, i cilindri a forcella regolabile offrono diversi vantaggi rispetto ai cilindri a forcella fissa, tra cui maggiore flessibilit\u00e0 di installazione e funzionamento, prestazioni ed efficienza migliorate, manutenzione e tempi di fermo ridotti e caratteristiche di sicurezza migliorate. Questi vantaggi li rendono una scelta eccellente per l'utilizzo in una variet\u00e0 di applicazioni, tra cui i cilindri idraulici a doppio effetto di alta qualit\u00e0 per spazzaneve, dove precisione, durata e sicurezza sono di fondamentale importanza.<\/p>\n<h3>Informazioni su FMP<\/h3>\n<p>FMP \u00e8 un&#039;azienda specializzata nella produzione e vendita di cilindri idraulici. Grazie alla nostra vasta esperienza nel settore e a un team di professionisti, ci impegniamo a fornire ai nostri clienti cilindri idraulici affidabili e di alta qualit\u00e0.<\/p>\n<p><img decoding=\"async\" src=\"https:\/\/fmp-components.com\/wp-content\/uploads\/2024\/12\/Adjustable-Clevis-Type-Cylinders-6.webp\" alt=\"Cilindro tipo forcella regolabile\" width=\"840\" title=\"\"><\/p>\n<p>1. Prodotti di alta qualit\u00e0: in FMP, siamo orgogliosi di offrire cilindri idraulici di prima qualit\u00e0, costruiti per durare. I nostri prodotti sono sottoposti a rigorose misure di controllo qualit\u00e0 per garantirne la durata e le prestazioni.<\/p>\n<p>2. Ampia gamma di opzioni: offriamo una vasta gamma di cilindri idraulici per soddisfare le esigenze specifiche dei nostri clienti. Che tu abbia bisogno di cilindri di tipo a forcella regolabile, cilindri a tirante o cilindri saldati, abbiamo quello che fa per te.<\/p>\n<p>3. Rigorosi standard di qualit\u00e0: manteniamo partnership stabili e durature con fornitori affidabili per garantire che tutti i nostri cilindri idraulici soddisfino rigorosi standard di qualit\u00e0. Ogni prodotto viene sottoposto a un&#039;ispezione approfondita prima di essere consegnato ai nostri clienti.<\/p>\n<p>4. Team di vendita esperto: il nostro team di vendita esperto e competente \u00e8 esperto nelle ultime tendenze e nei requisiti dei clienti nel settore. Sono sempre pronti a fornire consulenze professionali sui prodotti e a offrire suggerimenti di acquisto intelligenti per garantire la soddisfazione del cliente.<\/p>\n<p>5. Sistema logistico efficiente: comprendiamo l&#039;importanza di una consegna puntuale. Con il nostro efficiente sistema di distribuzione logistica, garantiamo che i nostri clienti ricevano i cilindri idraulici richiesti in modo rapido e accurato.<\/p>\n<p>Scegli FMP per le tue esigenze di cilindri idraulici e sperimenta la qualit\u00e0 e l&#039;affidabilit\u00e0 che ci distinguono dalla concorrenza. Contattaci oggi stesso per iniziare una proficua partnership.<\/p>\n<p>Autore: CX<\/p>","protected":false},"excerpt":{"rendered":"<p>High Quality Double Effect Snow Plow Hydraulic CylinderThe High Quality Double Effect Snow Plow Hydraulic Cylinder is an essential component for any snow plow. With its durable construction and reliable double-effect design, this hydraulic cylinder is built to last. The cylinder is designed to effortlessly move snow to the side of the plow, making snow [&hellip;]<\/p>","protected":false},"featured_media":1525,"comment_status":"closed","ping_status":"closed","template":"","meta":{"_et_pb_use_builder":"","_et_pb_old_content":"","_et_gb_content_width":""},"product_brand":[],"product_cat":[42],"product_tag":[34,44],"class_list":{"0":"post-1524","1":"product","2":"type-product","3":"status-publish","4":"has-post-thumbnail","6":"product_cat-snow-plow-hydraulic-cylinder","7":"product_tag-hydraulic-cylinder","8":"product_tag-snow-plow-hydraulic-cylinder","10":"first","11":"instock","12":"product-type-simple"},"_links":{"self":[{"href":"https:\/\/fmp-components.com\/it\/wp-json\/wp\/v2\/product\/1524","targetHints":{"allow":["GET"]}}],"collection":[{"href":"https:\/\/fmp-components.com\/it\/wp-json\/wp\/v2\/product"}],"about":[{"href":"https:\/\/fmp-components.com\/it\/wp-json\/wp\/v2\/types\/product"}],"replies":[{"embeddable":true,"href":"https:\/\/fmp-components.com\/it\/wp-json\/wp\/v2\/comments?post=1524"}],"wp:featuredmedia":[{"embeddable":true,"href":"https:\/\/fmp-components.com\/it\/wp-json\/wp\/v2\/media\/1525"}],"wp:attachment":[{"href":"https:\/\/fmp-components.com\/it\/wp-json\/wp\/v2\/media?parent=1524"}],"wp:term":[{"taxonomy":"product_brand","embeddable":true,"href":"https:\/\/fmp-components.com\/it\/wp-json\/wp\/v2\/product_brand?post=1524"},{"taxonomy":"product_cat","embeddable":true,"href":"https:\/\/fmp-components.com\/it\/wp-json\/wp\/v2\/product_cat?post=1524"},{"taxonomy":"product_tag","embeddable":true,"href":"https:\/\/fmp-components.com\/it\/wp-json\/wp\/v2\/product_tag?post=1524"}],"curies":[{"name":"parola chiave","href":"https:\/\/api.w.org\/{rel}","templated":true}]}}