{"id":1482,"date":"2024-12-23T05:49:26","date_gmt":"2024-12-23T05:49:26","guid":{"rendered":"https:\/\/fmp-components.com\/product\/high-quality-mini-customized-welded-hydraulic-cylinder\/"},"modified":"2025-05-10T13:04:29","modified_gmt":"2025-05-10T13:04:29","slug":"high-quality-mini-customized-welded-hydraulic-cylinder","status":"publish","type":"product","link":"https:\/\/fmp-components.com\/it\/product\/high-quality-mini-customized-welded-hydraulic-cylinder\/","title":{"rendered":"Cilindro idraulico saldato personalizzato mini di alta qualit\u00e0"},"content":{"rendered":"<h2><span style=\"color: #333333; font-size: 30px;\">Aggiorna i tuoi macchinari con il nostro cilindro idraulico saldato personalizzato<\/span><\/h2>\n<div>\n<p>Provate la potenza del nostro mini cilindro idraulico saldato personalizzato di alta qualit\u00e0, il nuovo standard in termini di efficienza dei macchinari. Perfetto per officine di riparazione di macchinari, aziende agricole, industrie energetiche e minerarie, produzione di macchinari e fabbriche di macchinari, il nostro cilindro idraulico \u00e8 progettato per offrire prestazioni ottimali con una struttura compatta e un design robusto.<\/p>\n<h3>Caratteristiche principali del prodotto<\/h3>\n<ul>\n<li>Potenza idraulica: il cilindro idraulico funziona grazie alla potenza idraulica, fornendo una forza immensa per varie applicazioni.<\/li>\n<li>Durata: il corpo realizzato in acciaio di alta qualit\u00e0 garantisce la durevolezza e la durata del cilindro.<\/li>\n<li>Specifiche: Con una spinta massima di 3000 e una trazione massima di 20 tonnellate, questo cilindro idraulico \u00e8 progettato per operazioni gravose.<\/li>\n<li>Personalizzabile: le dimensioni dell'alesaggio, dell'asta, della corsa e del perno sono personalizzabili in base alle vostre esigenze.<\/li>\n<li>Garanzia: il prodotto \u00e8 coperto da una garanzia di un anno, per garantire la massima tranquillit\u00e0 al cliente.<\/li>\n<\/ul>\n<\/div>\n<h2>Vantaggi dei cilindri a forcella regolabili<\/h2>\n<p>I cilindri idraulici sono un componente essenziale di molti macchinari e attrezzature utilizzati in vari settori industriali. Un tipo di cilindro idraulico che si distingue per il suo design e la sua funzionalit\u00e0 unici \u00e8 il cilindro a forcella regolabile. In questo articolo, esploreremo i vantaggi dei cilindri a forcella regolabile e perch\u00e9 sono una scelta popolare in molte applicazioni.<\/p>\n<h3>1. Versatilit\u00e0<\/h3>\n<p>Uno dei principali vantaggi dei cilindri idraulici regolabili \u00e8 la loro versatilit\u00e0. Questi cilindri possono essere utilizzati in un'ampia gamma di applicazioni grazie alla loro capacit\u00e0 di essere regolati per soddisfare esigenze specifiche. Questo li rende la scelta ideale per le applicazioni che richiedono un cilindro idraulico personalizzato. Inoltre, possono essere utilizzati sia in applicazioni di spinta che di trazione, il che ne aumenta ulteriormente la versatilit\u00e0.<\/p>\n<h3>2. Posizionamento preciso<\/h3>\n<p>I cilindri a forcella regolabile sono progettati per garantire un posizionamento preciso, fondamentale in molte applicazioni. Con questi cilindri, \u00e8 possibile regolare la lunghezza della corsa per ottenere la posizione esatta necessaria per l'applicazione. Questo li rende la scelta ideale per applicazioni che richiedono un posizionamento preciso, come nel settore manifatturiero.<\/p>\n<h3>3. Alta qualit\u00e0<\/h3>\n<p>I cilindri a forcella regolabili sono realizzati con materiali di alta qualit\u00e0, che ne garantiscono durata e longevit\u00e0. Sono progettati per resistere ad ambienti difficili e applicazioni gravose, il che li rende una scelta popolare in settori come l'edilizia e l'estrazione mineraria. Inoltre, produttori come High Quality Mini Customized Welded Hydraulic Cylinder producono cilindri a forcella regolabili testati per soddisfare gli standard internazionali, garantendone la qualit\u00e0.<\/p>\n<h3>4. Personalizzabile<\/h3>\n<p>I cilindri idraulici regolabili possono essere personalizzati per soddisfare esigenze e applicazioni specifiche. Questa personalizzazione pu\u00f2 includere diverse opzioni di montaggio, configurazioni dell'estremit\u00e0 dello stelo e lunghezze di corsa. Questo li rende la scelta ideale per applicazioni che richiedono un cilindro idraulico unico, non disponibile nei cilindri standard.<\/p>\n<h3>5. Conveniente<\/h3>\n<p>I cilindri a forcella regolabili rappresentano una scelta conveniente per le applicazioni che richiedono un cilindro idraulico personalizzato. Anzich\u00e9 investire in un cilindro completamente personalizzato, i cilindri a forcella regolabili possono essere adattati a esigenze specifiche, riducendo costi e tempi di consegna. Inoltre, la loro elevata qualit\u00e0 e durata garantiscono prestazioni durature, riducendo i costi complessivi di manutenzione e sostituzione.<\/p>\n<p>In conclusione, i cilindri a forcella regolabile offrono numerosi vantaggi rispetto ai cilindri idraulici standard. La loro versatilit\u00e0, il posizionamento preciso, l'elevata qualit\u00e0, la personalizzabilit\u00e0 e il rapporto qualit\u00e0-prezzo li rendono una scelta popolare in diversi settori. Che abbiate bisogno di un cilindro idraulico per un'applicazione standard o personalizzata, vale la pena prendere in considerazione i cilindri a forcella regolabile.<\/p>\n<h3>Informazioni su FMP<\/h3>\n<p><img decoding=\"async\" class=\"aligncenter\" src=\"https:\/\/fmp-components.com\/wp-content\/uploads\/2024\/12\/Adjustable-Clevis-Type-Cylinders-6.webp\" alt=\"Cilindro tipo forcella regolabile\" width=\"819\" title=\"\"><\/p>\n<p>FMP \u00e8 un&#039;azienda leader specializzata nella produzione e vendita di cilindri idraulici. Grazie alla nostra vasta esperienza nel settore e al nostro team di professionisti, ci impegniamo a fornire ai nostri clienti cilindri idraulici affidabili e di alta qualit\u00e0 per varie applicazioni di macchinari edili.<\/p>\n<p>1. Ampia gamma di prodotti:<br \/>\nOffriamo una vasta gamma di cilindri idraulici che soddisfano le diverse esigenze dei macchinari edili. La nostra gamma di prodotti include cilindri di tipo a forcella regolabile, cilindri di tipo saldato, cilindri telescopici e altro ancora. Questa vasta gamma garantisce che abbiamo il cilindro idraulico giusto per le tue esigenze specifiche.<\/p>\n<p>2. Qualit\u00e0 superiore:<br \/>\nIn FMP, diamo priorit\u00e0 alla qualit\u00e0 e ci assicuriamo che tutti i nostri cilindri idraulici soddisfino rigorosi standard qualitativi. Abbiamo instaurato relazioni stabili e durature con fornitori di alta qualit\u00e0 sia a livello nazionale che internazionale. Ci\u00f2 ci consente di reperire i migliori materiali e componenti, ottenendo cilindri idraulici durevoli, efficienti e affidabili.<\/p>\n<p>3. Team di vendita professionale:<br \/>\nIl nostro team di vendita esperto e qualificato possiede una conoscenza approfondita del settore dei macchinari edili. Si mantiene aggiornato sulle ultime tendenze del settore e comprende le esigenze specifiche dei nostri clienti. Con la loro competenza, forniscono una consulenza professionale sui prodotti, guidandovi verso il cilindro idraulico pi\u00f9 adatto alle vostre esigenze.<\/p>\n<p>4. Suggerimenti per acquisti intelligenti:<br \/>\nConsapevoli che ogni cliente ha esigenze uniche, il nostro team di vendita fa il possibile per offrire suggerimenti di acquisto intelligenti. Considerano fattori quali requisiti applicativi, vincoli di budget e richieste di progetto per consigliare il cilindro idraulico pi\u00f9 adatto. Questo approccio personalizzato assicura che tu prenda una decisione informata e trovi la giusta soluzione di cilindro idraulico.<\/p>\n<p>5. Distribuzione logistica efficiente:<br \/>\nSiamo orgogliosi del nostro efficiente sistema di distribuzione logistica, che assicura una consegna puntuale e accurata dei cilindri idraulici ai nostri clienti. Con la nostra catena di fornitura ben organizzata, garantiamo che riceverete i cilindri idraulici richiesti tempestivamente, riducendo al minimo eventuali ritardi o interruzioni nei vostri progetti di costruzione.<\/p>\n<p>Collabora con FMP per cilindri idraulici di alta qualit\u00e0 supportati da competenza del settore, qualit\u00e0 superiore e servizio efficiente. Contattaci oggi stesso per discutere delle tue esigenze in fatto di macchinari edili e scopri la differenza di FMP.<\/p>\n<h2>Domande frequenti<\/h2>\n<h3>D: Siete una societ\u00e0 commerciale o un produttore?<\/h3>\n<p>A: Siamo una fabbrica che produce i prodotti.<\/p>\n<h3>D: Quali sono i tempi di consegna?<\/h3>\n<p>R: I nostri tempi di consegna medi sono di 25-35 giorni.<\/p>\n<h3>D: Fornite campioni? Sono gratuiti o extra?<\/h3>\n<p>R: S\u00ec, offriamo campioni, ma non sono gratuiti.<\/p>\n<p><img decoding=\"async\" class=\"aligncenter\" title=\"Cilindro idraulico spazzaneve\" src=\"https:\/\/hzpt.com\/wp-content\/uploads\/2023\/11\/Snow-Plow-Hydraulic-Cylinder-3.webp\" alt=\"Cilindro idraulico spazzaneve\" \/><\/p>\n<p>Autore: CX<\/p>","protected":false},"excerpt":{"rendered":"<p>Upgrade Your Machinery with Our Customized Welded Hydraulic Cylinder Experience the power of our High Quality Mini Customized Welded Hydraulic Cylinder, the new standard in machinery efficiency. Perfect for Machinery Repair Shops, Farms, Energy &amp; Mining, Machinery Manufacturing, and Machinery Factory, our hydraulic cylinder is designed to deliver optimal performance with a compact structure and [&hellip;]<\/p>","protected":false},"featured_media":1483,"comment_status":"closed","ping_status":"closed","template":"","meta":{"_et_pb_use_builder":"","_et_pb_old_content":"","_et_gb_content_width":""},"product_brand":[],"product_cat":[42],"product_tag":[34,44],"class_list":{"0":"post-1482","1":"product","2":"type-product","3":"status-publish","4":"has-post-thumbnail","6":"product_cat-snow-plow-hydraulic-cylinder","7":"product_tag-hydraulic-cylinder","8":"product_tag-snow-plow-hydraulic-cylinder","10":"first","11":"instock","12":"product-type-simple"},"_links":{"self":[{"href":"https:\/\/fmp-components.com\/it\/wp-json\/wp\/v2\/product\/1482","targetHints":{"allow":["GET"]}}],"collection":[{"href":"https:\/\/fmp-components.com\/it\/wp-json\/wp\/v2\/product"}],"about":[{"href":"https:\/\/fmp-components.com\/it\/wp-json\/wp\/v2\/types\/product"}],"replies":[{"embeddable":true,"href":"https:\/\/fmp-components.com\/it\/wp-json\/wp\/v2\/comments?post=1482"}],"wp:featuredmedia":[{"embeddable":true,"href":"https:\/\/fmp-components.com\/it\/wp-json\/wp\/v2\/media\/1483"}],"wp:attachment":[{"href":"https:\/\/fmp-components.com\/it\/wp-json\/wp\/v2\/media?parent=1482"}],"wp:term":[{"taxonomy":"product_brand","embeddable":true,"href":"https:\/\/fmp-components.com\/it\/wp-json\/wp\/v2\/product_brand?post=1482"},{"taxonomy":"product_cat","embeddable":true,"href":"https:\/\/fmp-components.com\/it\/wp-json\/wp\/v2\/product_cat?post=1482"},{"taxonomy":"product_tag","embeddable":true,"href":"https:\/\/fmp-components.com\/it\/wp-json\/wp\/v2\/product_tag?post=1482"}],"curies":[{"name":"parola chiave","href":"https:\/\/api.w.org\/{rel}","templated":true}]}}