{"id":1478,"date":"2024-12-23T05:49:26","date_gmt":"2024-12-23T05:49:26","guid":{"rendered":"https:\/\/fmp-components.com\/product\/competitive-price-2-ton-double-effect-small-hydraulic-cylinder\/"},"modified":"2024-12-23T06:39:58","modified_gmt":"2024-12-23T06:39:58","slug":"competitive-price-2-ton-double-effect-small-hydraulic-cylinder","status":"publish","type":"product","link":"https:\/\/fmp-components.com\/it\/product\/competitive-price-2-ton-double-effect-small-hydraulic-cylinder\/","title":{"rendered":"Prezzo competitivo 2 tonnellate doppio effetto piccolo cilindro idraulico"},"content":{"rendered":"<h2>Prezzo competitivo 2 tonnellate doppio effetto piccolo cilindro idraulico<\/h2>\n<p>Introduzione al prodotto: Cilindro idraulico piccolo a doppio effetto da 2 tonnellate a prezzo competitivo<\/p>\n<p>Il cilindro idraulico piccolo a doppio effetto da 2 tonnellate, dal prezzo competitivo, \u00e8 un cilindro idraulico altamente efficiente e affidabile, progettato per offrire prestazioni superiori in un'ampia gamma di applicazioni industriali. Questo cilindro idraulico presenta un design a doppio effetto che garantisce un movimento fluido e preciso, rendendolo ideale per l'uso in applicazioni in cui precisione e accuratezza sono fondamentali.<\/p>\n<p>Questo cilindro idraulico \u00e8 realizzato con materiali di alta qualit\u00e0 ed \u00e8 progettato per resistere agli ambienti industriali pi\u00f9 impegnativi. Presenta un design compatto e leggero che lo rende facile da installare e utilizzare, garantendo al contempo un ingombro minimo.<\/p>\n<p>Il cilindro idraulico piccolo a doppio effetto da 2 tonnellate, dal prezzo competitivo, \u00e8 progettato per essere estremamente durevole e duraturo. Presenta una struttura robusta e resistente all'usura, che ne garantisce la resistenza ad anni di utilizzo intensivo senza richiedere frequenti manutenzioni o riparazioni.<\/p>\n<p>Che stiate cercando un cilindro idraulico per l'uso in ambito manifatturiero, edile o in qualsiasi altra applicazione industriale, il cilindro idraulico piccolo a doppio effetto da 2 tonnellate, dal prezzo competitivo, \u00e8 la scelta ideale. Grazie alle sue prestazioni superiori, all'affidabilit\u00e0 e alla durata, questo cilindro idraulico vi garantir\u00e0 i risultati necessari per mantenere le vostre attivit\u00e0 fluide ed efficienti.<\/p>\n<p>Vi presentiamo il nostro piccolo cilindro idraulico a doppio effetto, dal prezzo competitivo e con una capacit\u00e0 di 2 tonnellate. Questo nuovo cilindro a pistone, modello standard, offre un potente funzionamento idraulico che lo rende ideale per vari settori, tra cui officine di riparazione di macchinari, aziende agricole, industria energetica e mineraria, produzione di macchinari e fabbriche di macchinari.<\/p>\n<h2>Caratteristiche e specifiche del prodotto<\/h2>\n<p>Il nostro cilindro idraulico \u00e8 noto per la sua robustezza e durata, con un corpo in acciaio per resistere agli ambienti pi\u00f9 difficili. Vanta una spinta massima di 3000 tonnellate e una trazione massima di 20 tonnellate, offrendo una potenza impressionante per le sue dimensioni. Questo cilindro idraulico \u00e8 progettato per l'uso con sistemi idraulici per spazzaneve, ma pu\u00f2 essere utilizzato anche in una variet\u00e0 di altre applicazioni.<\/p>\n<ul>\n<li><b>Materiale:<\/b> Acciaio<\/li>\n<li><b>Tipo:<\/b> Cilindri idraulici per spazzaneve<\/li>\n<li><b>Spinta massima:<\/b> 3000<\/li>\n<li><b>Trazione massima:<\/b> 20 tonnellate<\/li>\n<li><b>Diametro foro:<\/b> 2-6 pollici<\/li>\n<li><b>Dimensioni asta:<\/b> 1,125-4 pollici<\/li>\n<li><b>Dimensione del tratto:<\/b> 4-100 pollici<\/li>\n<li><b>Dimensione del perno:<\/b> 0,5-2 pollici<\/li>\n<li><b>Colore:<\/b> Nero<\/li>\n<\/ul>\n<p><img decoding=\"async\" title=\"Cilindro idraulico spazzaneve\" src=\"https:\/\/hzpt.com\/wp-content\/uploads\/2023\/11\/Snow-Plow-Hydraulic-Cylinder-2.webp\" alt=\"Cilindro idraulico spazzaneve\" \/><\/p>\n<h2>Vantaggi dei cilindri a forcella regolabili<\/h2>\n<ul>\n<li><b>Maggiore versatilit\u00e0:<\/b> I cilindri a forcella regolabili offrono una maggiore ampiezza di movimento e flessibilit\u00e0 rispetto ai cilindri a montaggio fisso. Possono essere regolati per adattarsi a una variet\u00e0 di applicazioni, il che li rende una scelta popolare in settori che spaziano dall'edilizia alla produzione. La versatilit\u00e0 di questi cilindri pu\u00f2 contribuire a ridurre la necessit\u00e0 di pi\u00f9 cilindri e a risparmiare sui costi.<\/li>\n<li><b>Miglior controllo del carico:<\/b> I cilindri a forcella regolabili offrono un migliore controllo del carico, consentendo movimenti e posizionamenti precisi di attrezzature o materiali pesanti. Questo \u00e8 particolarmente importante nelle applicazioni che richiedono movimenti precisi e controllati, come nelle linee di produzione o di assemblaggio. La capacit\u00e0 di controllare il movimento del carico garantisce inoltre la sicurezza dei lavoratori e riduce il rischio di incidenti o danni alle attrezzature.<\/li>\n<li><b>Efficienza migliorata:<\/b> Grazie alla possibilit\u00e0 di regolare e ottimizzare la lunghezza della corsa del cilindro, i cilindri a forcella regolabile possono migliorare l'efficienza complessiva. Riducendo la quantit\u00e0 di movimento sprecato, questi cilindri possono contribuire ad aumentare la produttivit\u00e0 e a ridurre i costi operativi. Ci\u00f2 \u00e8 particolarmente vantaggioso nelle applicazioni che richiedono un elevato grado di precisione e ripetibilit\u00e0.<\/li>\n<li><b>Durata di vita pi\u00f9 lunga:<\/b> I cilindri a forcella regolabili sono progettati per resistere a un uso intensivo e ad ambienti difficili. Sono realizzati con materiali di alta qualit\u00e0 e sono progettati per resistere all'usura. Con una manutenzione e una cura adeguate, questi cilindri possono durare per molti anni, offrendo una soluzione affidabile ed economica per un'ampia gamma di applicazioni. Il prezzo competitivo di un piccolo cilindro idraulico a doppio effetto da 2 tonnellate lo rende una scelta popolare per chi cerca una soluzione affidabile ed economica.<\/li>\n<li><b>Tempi di inattivit\u00e0 ridotti:<\/b> In caso di malfunzionamento o guasto, i cilindri a forcella regolabile possono essere facilmente riparati o sostituiti. Il design modulare di questi cilindri consente una manutenzione rapida e semplice, riducendo i tempi di fermo e garantendo il ripristino delle apparecchiature il prima possibile. Questo \u00e8 particolarmente importante nei settori in cui i tempi di fermo possono comportare perdite finanziarie significative.<\/li>\n<\/ul>\n<p>Nel complesso, i cilindri a forcella regolabile offrono una serie di vantaggi rispetto ai cilindri a montaggio fisso. Offrono maggiore versatilit\u00e0, un migliore controllo del carico, una maggiore efficienza, una maggiore durata e tempi di fermo ridotti. Il prezzo competitivo di un piccolo cilindro idraulico a doppio effetto da 2 tonnellate lo rende inoltre una scelta popolare per chi cerca una soluzione affidabile ed economica.<\/p>\n<h3>Informazioni su FMP<\/h3>\n<p>FMP \u00e8 un&#039;azienda specializzata nella produzione e vendita di cilindri idraulici. Situata in Italia, offriamo cilindri idraulici affidabili e di alta qualit\u00e0 con i nostri molti anni di esperienza nel settore e un team di professionisti.<\/p>\n<p><img decoding=\"async\" src=\"https:\/\/fmp-components.com\/wp-content\/uploads\/2024\/12\/Adjustable-Clevis-Type-Cylinders-6.webp\" alt=\"Cilindro tipo forcella regolabile\" width=\"817\" title=\"\"><\/p>\n<ol>\n<li>Ampia gamma di prodotti: forniamo un&#039;ampia gamma di cilindri idraulici adatti a varie applicazioni nel settore delle macchine edili.<\/li>\n<li>Qualit\u00e0 superiore: tutti i nostri cilindri idraulici sono realizzati utilizzando materiali di prima qualit\u00e0 e vengono sottoposti a rigorosi controlli di qualit\u00e0 per garantirne durata e prestazioni.<\/li>\n<li>Opzioni di personalizzazione: offriamo servizi di personalizzazione per soddisfare le esigenze specifiche dei nostri clienti, fornendo soluzioni su misura per le loro esigenze in termini di macchinari edili.<\/li>\n<li>Team di vendita esperto: il nostro team di vendita esperto possiede una conoscenza approfondita del settore dei macchinari per l&#039;edilizia e pu\u00f2 fornire consulenze professionali sui prodotti per aiutare i clienti a prendere decisioni di acquisto consapevoli.<\/li>\n<li>Logistica efficiente: grazie al nostro efficiente sistema di distribuzione logistica, garantiamo ai nostri clienti una consegna puntuale e precisa dei cilindri idraulici, assicurando che i loro progetti possano procedere senza intoppi e senza ritardi.<\/li>\n<\/ol>\n<p>Affidati a FMP per tutte le tue esigenze in fatto di cilindri idraulici e scopri l&#039;affidabilit\u00e0, la qualit\u00e0 e la professionalit\u00e0 che ci contraddistinguono nel settore delle macchine edili.<\/p>\n<p>Autore: CX<\/p>","protected":false},"excerpt":{"rendered":"<p>Competitive Price 2 Ton Double Effect Small Hydraulic Cylinder Product Introduction: Competitive Price 2 Ton Double Effect Small Hydraulic Cylinder The Competitive Price 2 Ton Double Effect Small Hydraulic Cylinder is a highly efficient and reliable hydraulic cylinder that is designed to deliver superior performance for a wide range of industrial applications. This hydraulic cylinder [&hellip;]<\/p>","protected":false},"featured_media":1479,"comment_status":"closed","ping_status":"closed","template":"","meta":{"_et_pb_use_builder":"","_et_pb_old_content":"","_et_gb_content_width":""},"product_brand":[],"product_cat":[42],"product_tag":[34,44],"class_list":{"0":"post-1478","1":"product","2":"type-product","3":"status-publish","4":"has-post-thumbnail","6":"product_cat-snow-plow-hydraulic-cylinder","7":"product_tag-hydraulic-cylinder","8":"product_tag-snow-plow-hydraulic-cylinder","10":"first","11":"instock","12":"product-type-simple"},"_links":{"self":[{"href":"https:\/\/fmp-components.com\/it\/wp-json\/wp\/v2\/product\/1478","targetHints":{"allow":["GET"]}}],"collection":[{"href":"https:\/\/fmp-components.com\/it\/wp-json\/wp\/v2\/product"}],"about":[{"href":"https:\/\/fmp-components.com\/it\/wp-json\/wp\/v2\/types\/product"}],"replies":[{"embeddable":true,"href":"https:\/\/fmp-components.com\/it\/wp-json\/wp\/v2\/comments?post=1478"}],"wp:featuredmedia":[{"embeddable":true,"href":"https:\/\/fmp-components.com\/it\/wp-json\/wp\/v2\/media\/1479"}],"wp:attachment":[{"href":"https:\/\/fmp-components.com\/it\/wp-json\/wp\/v2\/media?parent=1478"}],"wp:term":[{"taxonomy":"product_brand","embeddable":true,"href":"https:\/\/fmp-components.com\/it\/wp-json\/wp\/v2\/product_brand?post=1478"},{"taxonomy":"product_cat","embeddable":true,"href":"https:\/\/fmp-components.com\/it\/wp-json\/wp\/v2\/product_cat?post=1478"},{"taxonomy":"product_tag","embeddable":true,"href":"https:\/\/fmp-components.com\/it\/wp-json\/wp\/v2\/product_tag?post=1478"}],"curies":[{"name":"parola chiave","href":"https:\/\/api.w.org\/{rel}","templated":true}]}}