{"id":7847,"date":"2025-04-08T08:44:24","date_gmt":"2025-04-08T08:44:24","guid":{"rendered":"https:\/\/fmp-components.com\/?page_id=7847"},"modified":"2025-04-09T05:38:24","modified_gmt":"2025-04-09T05:38:24","slug":"ring-and-pinion-gears","status":"publish","type":"page","link":"https:\/\/fmp-components.com\/it\/ring-and-pinion-gears\/","title":{"rendered":"Ingranaggi ad anello e pignone"},"content":{"rendered":"<p>[et_pb_section fb_built=\u201d1\u2033 _builder_version=\u201d4.27.4\u2033 _module_preset=\u201ddefault\u201d use_background_color_gradient=\u201don\u201d background_color_gradient_stops=\u201drgba(0,0,0,0.27) 0%|rgba(0,0,0,0.41) 100%\u201d background_color_gradient_overlays_image=\u201don\u201d background_image=\u201dhttps:\/\/fmp-components.com\/wp-content\/uploads\/2025\/04\/ring-and-pinion-gears-banner-2.webp\u201d min_height=\u201d381px\u201d global_colors_info=\u201d{}\u201d][et_pb_row _builder_version=\u201d4.27.4\u2033 _module_preset=\u201ddefault\u201d global_colors_info=\u201d{}\u201d][et_pb_column type=\u201d4_4\u2033 _builder_version=\u201d4.27.4\u2033 _module_preset=\u201ddefault\u201d global_colors_info=\u201d{}\u201d][et_pb_text _builder_version=\u201d4.27.4\u2033 _module_preset=\u201ddefault\u201d header_font=\u201dFrank Ruhl Libre||||||||\u201d header_text_align=\u201dcenter\u201d header_text_color=\u201d#FFFFFF\u201d header_font_size=\u201d70px\u201d header_text_shadow_style=\u201dpreset1\u2033 global_colors_info=\u201d{}\u201d]<\/p>\n<h1 style=\"text-align: center;\">Ingranaggi ad anello e pignone<\/h1>\n<p>[\/et_pb_text][et_pb_text _builder_version=\u201d4.27.4\u2033 _module_preset=\u201ddefault\u201d text_font=\u201dFrank Ruhl Libre|600||||||||\u201d text_text_color=\u201d#FFFFFF\u201d text_font_size=\u201d18px\u201d text_line_height=\u201d1.8em\u201d text_orientation=\u201dcenter\u201d global_colors_info=\u201d{}\u201d]<\/p>\n<p>Se il prodotto di cui hai bisogno non \u00e8 presente nell&#039;elenco, richiedi subito un preventivo gratuito!<\/p>\n<p>[\/et_pb_text][\/et_pb_column][\/et_pb_row][\/et_pb_section][et_pb_section fb_built=\u201d1\u2033 _builder_version=\u201d4.27.4\u2033 _module_preset=\u201ddefault\u201d global_colors_info=\u201d{}\u201d][et_pb_row _builder_version=\u201d4.27.4\u2033 _module_preset=\u201ddefault\u201d global_colors_info=\u201d{}\u201d][et_pb_column type=\u201d4_4\u2033 _builder_version=\u201d4.27.4\u2033 _module_preset=\u201ddefault\u201d global_colors_info=\u201d{}\u201d][et_pb_text _builder_version=\u201d4.27.4\u2033 _module_preset=\u201ddefault\u201d header_2_font=\u201dFrank Ruhl Libero||||||||\u201d header_2_font_size=\u201d40px\u201d global_colors_info=\u201d{}\u201d]<\/p>\n<h2 style=\"text-align: center;\">I migliori ingranaggi con corona e pignone<\/h2>\n<p>[\/et_pb_text][et_pb_shop type=\u201dproduct_category\u201d show_pagination=\u201don\u201d include_categories=\u201d115\u2033 _builder_version=\u201d4.27.4\u2033 _module_preset=\u201ddefault\u201d title_font=\u201dFrank Ruhl Libre||||||||\u201d title_text_align=\u201dcenter\u201d title_font_size=\u201d17px\u201d global_colors_info=\u201d{}\u201d][\/et_pb_shop][\/et_pb_column][\/et_pb_row][et_pb_row _builder_version=\u201d4.27.4\u2033 _module_preset=\u201ddefault\u201d][et_pb_column _builder_version=\u201d4.27.4\u2033 _module_preset=\u201ddefault\u201d type=\u201d4_4\u2033][et_pb_divider _builder_version=\u201d4.27.4\u2033 _module_preset=\u201ddefault\u201d color=\u201d#E09900\u2033 hover_enabled=\u201d0\u2033 sticky_enabled=\u201d0\u2033][\/et_pb_divider][\/et_pb_column][\/et_pb_row][et_pb_row _builder_version=\u201d4.27.4\u2033 _module_preset=\u201ddefault\u201d column_structure=\u201d1_2,1_2\u2033][et_pb_column _builder_version=\u201d4.27.4\u2033 _module_preset=\u201ddefault\u201d type=\u201d1_2\u2033][et_pb_image src=\u201dhttps:\/\/fmp-components.com\/wp-content\/uploads\/2025\/04\/Ring_Pinion_2.gif\u201d _builder_version=\u201d4.27.4\u2033 _module_preset=\u201ddefault\u201d alt=\u201dRing_Pinion\u201d title_text=\u201dRing_Pinion_2\u2033 hover_enabled=\u201d0\u2033 sticky_enabled=\u201d0\u2033][\/et_pb_image][\/et_pb_column][et_pb_column _builder_version=\u201d4.27.4\u2033 _module_preset=\u201ddefault\u201d type=\u201d1_2\u2033][et_pb_text _builder_version=\u201d4.27.4\u2033 _module_preset=\u201ddefault\u201d header_3_font=\u201dFrank Ruhl Libre||||||||\u201d header_3_font_size=\u201d30px\u201d text_font_size=\u201d16px\u201d text_line_height=\u201d1.8em\u201d hover_enabled=\u201d0\u2033 sticky_enabled=\u201d0\u2033]<\/p>\n<div>\n<h3 dir=\"auto\" class=\"\">Perch\u00e9 scegliere ingranaggi con corona e pignone<\/h3>\n<p dir=\"auto\" class=\"break-words\">Le corone e i pignoni sono componenti essenziali della trasmissione di un veicolo, trasferendo in modo efficiente la coppia dal motore alle ruote reindirizzando la potenza di 90 gradi attraverso il differenziale. Tra i vari metodi disponibili, le corone e i pignoni ipoidi si distinguono come la scelta preferita nel settore automobilistico grazie alla loro resistenza superiore, al funzionamento pi\u00f9 silenzioso e alla capacit\u00e0 di gestire rapporti di riduzione pi\u00f9 elevati. In FMP, siamo orgogliosi di essere il miglior produttore e fornitore di corone e pignoni, offrendo corone e pignoni personalizzati su misura per le vostre esigenze specifiche. Che stiate ottimizzando le prestazioni su strada, la durata fuoristrada o la precisione in pista, i set di ingranaggi FMP garantiscono affidabilit\u00e0 ed efficienza ineguagliabili.<\/p>\n<\/div>\n<p>[\/et_pb_text][\/et_pb_column][\/et_pb_row][et_pb_row _builder_version=\u201d4.27.4\u2033 _module_preset=\u201ddefault\u201d column_structure=\u201d1_2,1_2\u2033][et_pb_column _builder_version=\u201d4.27.4\u2033 _module_preset=\u201ddefault\u201d type=\u201d1_2\u2033][et_pb_text _builder_version=\u201d4.27.4\u2033 _module_preset=\u201ddefault\u201d text_font_size=\u201d16px\u201d text_line_height=\u201d1.8em\u201d header_3_font=\u201dFrank Ruhl Libre||||||||\u201d header_3_font_size=\u201d30px\u201d hover_enabled=\u201d0\u2033 sticky_enabled=\u201d0\u2033]<\/p>\n<div>\n<h3 dir=\"auto\" class=\"\">Qualit\u00e0 superiore da FMP<\/h3>\n<p dir=\"auto\" class=\"break-words\">Le prestazioni di corone e pignoni dipendono in larga misura dal loro design, dai materiali e dalla precisione di produzione, ambiti in cui FMP eccelle come leader del settore. Le nostre corone e pignoni personalizzate sono progettate con tecnologie all&#039;avanguardia e aderiscono ai pi\u00f9 elevati standard, tra cui le certificazioni TS16949, ISO9001 e ISO14001. Con una variet\u00e0 di rapporti di trasmissione e tolleranze, FMP fornisce le migliori corone e pignoni per applicazioni che spaziano dal traino pesante alle corse ad alta velocit\u00e0. Grazie a processi di trattamento termico avanzati e rigorosi test di qualit\u00e0, i nostri set di ingranaggi offrono una durata e un trasferimento di potenza eccezionali, rendendo FMP la scelta migliore per produttori e appassionati negli Stati Uniti, in Messico e in Canada.<\/p>\n<\/div>\n<p>[\/et_pb_text][\/et_pb_column][et_pb_column _builder_version=\u201d4.27.4\u2033 _module_preset=\u201ddefault\u201d type=\u201d1_2\u2033][et_pb_image src=\u201dhttps:\/\/fmp-components.com\/wp-content\/uploads\/2025\/04\/ring-and-pinion-gears-manufacturer.webp\u201d _builder_version=\u201d4.27.4\u2033 _module_preset=\u201ddefault\u201d alt=\u201dproduttore-di-ingranaggi-a-corone-e-pignone\u201d title_text=\u201dproduttore-di-ingranaggi-a-corone-e-pignone\u201d hover_enabled=\u201d0\u2033 sticky_enabled=\u201d0\u2033][\/et_pb_image][\/et_pb_column][\/et_pb_row][\/et_pb_section][et_pb_section fb_built=\u201d1\u2033 _builder_version=\u201d4.27.4\u2033 _module_preset=\u201ddefault\u201d use_background_color_gradient=\u201don\u201d background_color_gradient_stops=\u201drgba(0,0,0,0.37) 0%|rgba(0,0,0,0.26) 100%\u201d background_color_gradient_overlays_image=\u201don\u201d background_image=\u201dhttps:\/\/fmp-components.com\/wp-content\/uploads\/2025\/04\/ring-and-pinion-gears-foot-1.webp\u201d min_height=\u201d386px\u201d global_colors_info=\u201d{}\u201d][et_pb_row _builder_version=\u201d4.27.4\u2033 _module_preset=\u201ddefault\u201d background_color=\u201d#FFFFFF\u201d custom_margin=\u201d0px||0px||false|false\u201d custom_padding=\u201d20px|20px|20px|20px|false|false\u201d box_shadow_style=\u201dpreset1\u2033 global_colors_info=\u201d{}\u201d][et_pb_column type=\u201d4_4\u2033 _builder_version=\u201d4.27.4\u2033 _module_preset=\u201ddefault\u201d global_colors_info=\u201d{}\u201d][et_pb_text _builder_version=\u201d4.27.4\u2033 _module_preset=\u201ddefault\u201d header_font=\u201dFrank Ruhl Libre||||||||\u201d header_font_size=\u201d40px\u201d header_2_font=\u201dFrank Ruhl Libre||||||||\u201d header_2_font_size=\u201d40px\u201d global_colors_info=\u201d{}\u201d]<\/p>\n<h2 style=\"text-align: center;\">Ingranaggi e pignoni personalizzati<\/h2>\n<p>[\/et_pb_text][et_pb_text _builder_version=\u201d4.27.4\u2033 _module_preset=\u201ddefault\u201d text_text_color=\u201d#000000\u2033 text_font_size=\u201d16px\u201d text_line_height=\u201d1.8em\u201d global_colors_info=\u201d{}\u201d]<\/p>\n<p>Da FMP, siamo specializzati nella realizzazione di corone e pignoni personalizzati di alta qualit\u00e0, progettati per massimizzare le prestazioni della vostra trasmissione, che vi troviate a Milano, Venezia, Firenze, Bologna o in qualsiasi altra parte d&#039;Italia. In qualit\u00e0 di produttore leader, realizziamo un&#039;ampia gamma di corone e pignoni in vari rapporti, diametri e numero di scanalature per adattarsi a qualsiasi configurazione di veicolo. Le nostre offerte premium competono con giganti del settore come Yukon Gear &amp; Axle, Strange Engineering e Richmond Gear, offrendo durata e precisione eccezionali grazie a design avanzato e tecniche di trattamento termico.<\/p>\n<p style=\"text-align: center;\">Siamo orgogliosi di offrire soluzioni completamente personalizzate, pensate per le vostre esigenze specifiche. Se non trovate il modello che state cercando nel nostro elenco prodotti, non preoccupatevi. Significa semplicemente che non abbiamo ancora avuto modo di pubblicarlo! Inviateci un&#039;e-mail con le vostre esigenze e i nostri ingegneri esperti vi risponderanno entro 24 ore con una soluzione personalizzata. FMP \u00e8 il vostro partner di fiducia per corone e pignoni di alta qualit\u00e0 in Italia. Contattateci oggi stesso e diamo il via al vostro progetto!<\/p>\n<p>[\/et_pb_text][\/et_pb_column][\/et_pb_row][\/et_pb_section]<\/p>","protected":false},"excerpt":{"rendered":"<p>Ingranaggi con corona e pignoneSe il prodotto di cui hai bisogno non \u00e8 elencato, richiedi subito un preventivo gratuito!I migliori ingranaggi con corona e pignone Perch\u00e9 scegliere ingranaggi con corona e pignone Gli ingranaggi con corona e pignone sono componenti essenziali nella trasmissione di un veicolo, trasferendo in modo efficiente la coppia dal motore alle ruote reindirizzando la potenza di 90 gradi attraverso il [\u2026]<\/p>","protected":false},"author":2,"featured_media":0,"parent":0,"menu_order":0,"comment_status":"closed","ping_status":"closed","template":"","meta":{"_et_pb_use_builder":"on","_et_pb_old_content":"","_et_gb_content_width":"","footnotes":""},"class_list":["post-7847","page","type-page","status-publish","hentry"],"_links":{"self":[{"href":"https:\/\/fmp-components.com\/it\/wp-json\/wp\/v2\/pages\/7847","targetHints":{"allow":["GET"]}}],"collection":[{"href":"https:\/\/fmp-components.com\/it\/wp-json\/wp\/v2\/pages"}],"about":[{"href":"https:\/\/fmp-components.com\/it\/wp-json\/wp\/v2\/types\/page"}],"author":[{"embeddable":true,"href":"https:\/\/fmp-components.com\/it\/wp-json\/wp\/v2\/users\/2"}],"replies":[{"embeddable":true,"href":"https:\/\/fmp-components.com\/it\/wp-json\/wp\/v2\/comments?post=7847"}],"version-history":[{"count":12,"href":"https:\/\/fmp-components.com\/it\/wp-json\/wp\/v2\/pages\/7847\/revisions"}],"predecessor-version":[{"id":7900,"href":"https:\/\/fmp-components.com\/it\/wp-json\/wp\/v2\/pages\/7847\/revisions\/7900"}],"wp:attachment":[{"href":"https:\/\/fmp-components.com\/it\/wp-json\/wp\/v2\/media?parent=7847"}],"curies":[{"name":"parola chiave","href":"https:\/\/api.w.org\/{rel}","templated":true}]}}