{"id":7581,"date":"2025-03-31T05:23:31","date_gmt":"2025-03-31T05:23:31","guid":{"rendered":"https:\/\/fmp-components.com\/?page_id=7581"},"modified":"2025-04-02T01:46:51","modified_gmt":"2025-04-02T01:46:51","slug":"industrial-engineering-hydraulic-cylinders-2","status":"publish","type":"page","link":"https:\/\/fmp-components.com\/it\/industrial-engineering-hydraulic-cylinders-2\/","title":{"rendered":"Cilindri idraulici di ingegneria industriale"},"content":{"rendered":"<p>[et_pb_section fb_built=\u201d1\u2033 theme_builder_area=\u201dpost_content\u201d _builder_version=\u201d4.27.4\u2033 _module_preset=\u201ddefault\u201d alt=\u201dIndustrial-Engineering-Hydraulic-Cylinders\u201d title_text=\u201dIndustrial-Engineering-Hydraulic-Cylinders-1\u2033 background_image=\u201dhttps:\/\/fmp-components.com\/wp-content\/uploads\/2025\/04\/Industrial-Engineering-Hydraulic-Cylinders-1-1.webp\u201d hover_enabled=\u201d0\u2033 sticky_enabled=\u201d0\u2033 custom_padding=\u201d||146px|||\u201d][et_pb_row _builder_version=\u201d4.27.4\u2033 _module_preset=\u201ddefault\u201d theme_builder_area=\u201dpost_content\u201d custom_margin=\u201d50px||||false|false\u201d hover_enabled=\u201d0\u2033 sticky_enabled=\u201d0\u2033][et_pb_column _builder_version=\u201d4.27.4\u2033 _module_preset=\u201ddefault\u201d type=\u201d4_4\u2033 theme_builder_area=\u201dpost_content\u201d][et_pb_text _builder_version=\u201d4.27.4\u2033 _module_preset=\u201ddefault\u201d theme_builder_area=\u201dpost_content\u201d header_font=\u201dFrank Ruhl Libre||||||||\u201d header_font_size=\u201d60px\u201d header_text_color=\u201d#FFFFFF\u201d header_text_shadow_style=\u201dpreset1\u2033 hover_enabled=\u201d0\u2033 sticky_enabled=\u201d0\u2033]<\/p>\n<h1 style=\"text-align: center;\">Cilindri idraulici di ingegneria industriale<\/h1>\n<p>[\/et_pb_text][\/et_pb_column][\/et_pb_row][\/et_pb_section][et_pb_section fb_built=\u201d1\u2033 theme_builder_area=\u201dpost_content\u201d _builder_version=\u201d4.27.4\u2033 _module_preset=\u201ddefault\u201d custom_padding=\u201d||9px|||\u201d][et_pb_row _builder_version=\u201d4.27.4\u2033 _module_preset=\u201ddefault\u201d theme_builder_area=\u201dpost_content\u201d][et_pb_column _builder_version=\u201d4.27.4\u2033 _module_preset=\u201ddefault\u201d type=\u201d4_4\u2033 theme_builder_area=\u201dpost_content\u201d][et_pb_text _builder_version=\u201d4.27.4\u2033 _module_preset=\u201ddefault\u201d theme_builder_area=\u201dpost_content\u201d header_2_font=\u201dFrank Ruhl Libre||||||||\u201d header_2_font_size=\u201d30px\u201d hover_enabled=\u201d0\u2033 sticky_enabled=\u201d0\u2033]<\/p>\n<h2 style=\"text-align: center;\">Tipi di cilindri idraulici di ingegneria industriale<\/h2>\n<p>[\/et_pb_text][et_pb_shop _builder_version=\u201d4.27.4\u2033 _module_preset=\u201ddefault\u201d theme_builder_area=\u201dpost_content\u201d show_pagination=\u201don\u201d hover_enabled=\u201d0\u2033 sticky_enabled=\u201d0\u2033][\/et_pb_shop][\/et_pb_column][\/et_pb_row][\/et_pb_section][et_pb_section fb_built=\u201d1\u2033 theme_builder_area=\u201dpost_content\u201d _builder_version=\u201d4.27.4\u2033 _module_preset=\u201ddefault\u201d][et_pb_row _builder_version=\u201d4.27.4\u2033 _module_preset=\u201ddefault\u201d column_structure=\u201d1_2,1_2\u2033 theme_builder_area=\u201dpost_content\u201d width=\u201d100%\u201d max_width=\u201d1250px\u201d hover_enabled=\u201d0\u2033 sticky_enabled=\u201d0\u2033][et_pb_column _builder_version=\u201d4.27.4\u2033 _module_preset=\u201ddefault\u201d type=\u201d1_2\u2033 theme_builder_area=\u201dpost_content\u201d][et_pb_image src=\u201dhttps:\/\/fmp-components.com\/wp-content\/uploads\/2025\/04\/Industrial-Engineering-Hydraulic-Cylinders-Factory-2.webp\u201d _builder_version=\u201d4.27.4\u2033 _module_preset=\u201ddefault\u201d theme_builder_area=\u201dpost_content\u201d alt=\u201dIndustrial-Engineering-Hydraulic-Cylinders-Factory\u201d title_text=\u201dFabbrica di cilindri idraulici per l'ingegneria industriale-2\u2033 hover_enabled=\u201d0\u2033 sticky_enabled=\u201d0\u2033][\/et_pb_image][\/et_pb_column][et_pb_column _builder_version=\u201d4.27.4\u2033 _module_preset=\u201ddefault\u201d type=\u201d1_2\u2033 theme_builder_area=\u201dpost_content\u201d][et_pb_text _builder_version=\u201d4.27.4\u2033 _module_preset=\u201ddefault\u201d theme_builder_area=\u201dpost_content\u201d header_2_font=\u201dFrank Ruhl Libre||||||||\u201d text_font_size=\u201d16px\u201d text_line_height=\u201d1.8em\u201d hover_enabled=\u201d0\u2033 sticky_enabled=\u201d0\u2033]<\/p>\n<h2>Cilindri idraulici ad alte prestazioni per il settore dell&#039;ingegneria industriale in Italia<\/h2>\n<p>FMP Company \u00e8 specializzata nella produzione di cilindri idraulici di alta qualit\u00e0 progettati per soddisfare le rigorose esigenze delle applicazioni industriali. Dai centri di produzione di Milano alle industrie marine di Venezia, la nostra gamma di prodotti diversificata include\u00a0<em>cilindri idraulici saldati<\/em>,\u00a0<em>cilindri valvola integrati<\/em>,\u00a0<em>cilindri intelligenti con rilevamento della posizione<\/em>, E\u00a0<em>modelli ad alta pressione<\/em>\u00a0progettato per ambienti estremi. Che le tue attivit\u00e0 siano nel settore dell&#039;ingegneria di precisione di Firenze o nelle industrie basate sull&#039;automazione di Bologna, forniamo soluzioni Purpose-Built\u2122 con qualit\u00e0 certificata ISO 9001:2015. La personalizzazione \u00e8 al centro del nostro lavoro: i nostri ingegneri collaborano con integratori, OEM e rivenditori in tutta Italia per sviluppare sistemi idraulici su misura, inclusi test di prototipi e certificazioni specializzate (ABS, ANSI). Se il modello richiesto non \u00e8 elencato, inviaci un&#039;e-mail direttamente. Il nostro team risponder\u00e0 entro 24 ore per confermare la fattibilit\u00e0, assicurando che nessun progetto nel dinamico panorama industriale italiano subisca ritardi.<\/p>\n<p>[\/et_pb_text][\/et_pb_column][\/et_pb_row][et_pb_row _builder_version=\u201d4.27.4\u2033 _module_preset=\u201ddefault\u201d column_structure=\u201d1_2,1_2\u2033 theme_builder_area=\u201dpost_content\u201d width=\u201d100%\u201d max_width=\u201d1250px\u201d hover_enabled=\u201d0\u2033 sticky_enabled=\u201d0\u2033][et_pb_column _builder_version=\u201d4.27.4\u2033 _module_preset=\u201ddefault\u201d type=\u201d1_2\u2033 theme_builder_area=\u201dpost_content\u201d][et_pb_text _builder_version=\u201d4.27.4\u2033 _module_preset=\u201ddefault\u201d theme_builder_area=\u201dpost_content\u201d header_2_font=\u201dFrank Ruhl Libre||||||||\u201d text_font_size=\u201d16px\u201d text_line_height=\u201d1.8em\u201d hover_enabled=\u201d0\u2033 sticky_enabled=\u201d0\u2033 custom_padding=\u201d47px|||||\u201d]<\/p>\n<h2>Soluzioni idrauliche affidabili, supportate localmente<\/h2>\n<p>In FMP, combiniamo l&#039;eccellenza ingegneristica americana con il supporto localizzato per le regioni chiave dell&#039;Italia. I nostri cilindri per impieghi in fabbrica e i sistemi idraulici telescopici sono affidabili nelle acciaierie di Milano e nei macchinari portuali di Venezia, offrendo una durata senza pari e una manutenzione ridotta. Per le aziende nei settori della produzione artigianale di Firenze o delle attrezzature agricole di Bologna, il nostro controllo interno sulla progettazione e sulla produzione garantisce tempi di consegna rapidi. Come partner certificato per integratori e rivenditori, forniamo flessibilit\u00e0 di inventario e competenza tecnica per espandere la tua portata di mercato. Esplora il nostro catalogo o richiedi un preventivo oggi stesso e, se il tuo cilindro ideale non \u00e8 elencato, contattaci via e-mail.<\/p>\n<p>[\/et_pb_text][\/et_pb_column][et_pb_column _builder_version=\u201d4.27.4\u2033 _module_preset=\u201ddefault\u201d type=\u201d1_2\u2033 theme_builder_area=\u201dpost_content\u201d][et_pb_image src=\u201dhttps:\/\/fmp-components.com\/wp-content\/uploads\/2025\/04\/Industrial-Engineering-Hydraulic-Cylinders-Factory-1.webp\u201d _builder_version=\u201d4.27.4\u2033 _module_preset=\u201ddefault\u201d theme_builder_area=\u201dpost_content\u201d alt=\u201dIndustrial-Engineering-Hydraulic-Cylinders-Factory\u201d title_text=\u201dIndustrial-Engineering-Hydraulic-Cylinders-Factory-1\u2033 hover_enabled=\u201d0\u2033 sticky_enabled=\u201d0\u2033][\/et_pb_image][\/et_pb_column][\/et_pb_row][\/et_pb_section]<\/p>","protected":false},"excerpt":{"rendered":"<p>Cilindri idraulici per l'ingegneria industrialeTipi di cilindri idraulici per l'ingegneria industrialeCilindri idraulici ad alte prestazioni per il settore dell'ingegneria industriale in ItaliaFMP Company \u00e8 specializzata nella produzione di cilindri idraulici di alta qualit\u00e0 progettati per soddisfare le rigorose esigenze delle applicazioni industriali. Dai poli produttivi di Milano alle industrie marittime di Venezia, la nostra ampia gamma di prodotti comprende cilindri idraulici saldati, cilindri con valvola integrata, cilindri intelligenti con rilevamento della posizione e modelli ad alta pressione progettati per ambienti estremi. Che si tratti di [\u2026]<\/p>","protected":false},"author":2,"featured_media":0,"parent":0,"menu_order":0,"comment_status":"closed","ping_status":"closed","template":"","meta":{"_et_pb_use_builder":"on","_et_pb_old_content":"","_et_gb_content_width":"","footnotes":""},"class_list":["post-7581","page","type-page","status-publish","hentry"],"_links":{"self":[{"href":"https:\/\/fmp-components.com\/it\/wp-json\/wp\/v2\/pages\/7581","targetHints":{"allow":["GET"]}}],"collection":[{"href":"https:\/\/fmp-components.com\/it\/wp-json\/wp\/v2\/pages"}],"about":[{"href":"https:\/\/fmp-components.com\/it\/wp-json\/wp\/v2\/types\/page"}],"author":[{"embeddable":true,"href":"https:\/\/fmp-components.com\/it\/wp-json\/wp\/v2\/users\/2"}],"replies":[{"embeddable":true,"href":"https:\/\/fmp-components.com\/it\/wp-json\/wp\/v2\/comments?post=7581"}],"version-history":[{"count":8,"href":"https:\/\/fmp-components.com\/it\/wp-json\/wp\/v2\/pages\/7581\/revisions"}],"predecessor-version":[{"id":7611,"href":"https:\/\/fmp-components.com\/it\/wp-json\/wp\/v2\/pages\/7581\/revisions\/7611"}],"wp:attachment":[{"href":"https:\/\/fmp-components.com\/it\/wp-json\/wp\/v2\/media?parent=7581"}],"curies":[{"name":"parola chiave","href":"https:\/\/api.w.org\/{rel}","templated":true}]}}