{"id":7564,"date":"2025-03-28T07:42:54","date_gmt":"2025-03-28T07:42:54","guid":{"rendered":"https:\/\/fmp-components.com\/?page_id=7564"},"modified":"2025-03-28T08:55:16","modified_gmt":"2025-03-28T08:55:16","slug":"mobile-machinery-hydraulic-cylinders","status":"publish","type":"page","link":"https:\/\/fmp-components.com\/it\/mobile-machinery-hydraulic-cylinders\/","title":{"rendered":"Cilindri idraulici per macchinari mobili"},"content":{"rendered":"<p>[et_pb_section fb_built=\u201d1\u2033 theme_builder_area=\u201dpost_content\u201d _builder_version=\u201d4.27.4\u2033 _module_preset=\u201ddefault\u201d alt=\u201dBanner per cilindri idraulici per macchinari mobili\u201d title_text=\u201dBanner per cilindri idraulici per macchinari mobili-1\u2033 background_image=\u201dhttps:\/\/fmp-components.com\/wp-content\/uploads\/2025\/03\/Mobile-Machinery-Hydraulic-Cylinders-Banner-1.webp\u201d hover_enabled=\u201d0\u2033 sticky_enabled=\u201d0\u2033 min_height=\u201d296px\u201d][et_pb_row _builder_version=\u201d4.27.4\u2033 _module_preset=\u201ddefault\u201d theme_builder_area=\u201dpost_content\u201d][et_pb_column _builder_version=\u201d4.27.4\u2033 _module_preset=\u201ddefault\u201d type=\u201d4_4\u2033 theme_builder_area=\u201dpost_content\u201d][et_pb_text _builder_version=\u201d4.27.4\u2033 _module_preset=\u201ddefault\u201d theme_builder_area=\u201dpost_content\u201d text_text_shadow_style=\u201dpreset1\u2033 header_font=\u201dFrank Ruhl Libre||||||||\u201d header_font_size=\u201d60px\u201d header_text_align=\u201dcenter\u201d hover_enabled=\u201d0\u2033 sticky_enabled=\u201d0\u2033 header_text_color=\u201d#FFFFFF\u201d header_text_shadow_style=\u201dpreset1\u2033]<\/p>\n<h1 class=\"et_pb_toggle_title\" style=\"text-align: center;\">Cilindri idraulici per macchinari mobili<\/h1>\n<p>Italiano: [\/et_pb_text][\/et_pb_column][\/et_pb_row][\/et_pb_section][et_pb_section fb_built=\u201d1\u2033 theme_builder_area=\u201dpost_content\u201d _builder_version=\u201d4.27.4\u2033 _module_preset=\u201ddefault\u201d][et_pb_row _builder_version=\u201d4.27.4\u2033 _module_preset=\u201ddefault\u201d theme_builder_area=\u201dpost_content\u201d][et_pb_column _builder_version=\u201d4.27.4\u2033 _module_preset=\u201ddefault\u201d type=\u201d4_4\u2033 theme_builder_area=\u201dpost_content\u201d][et_pb_text _builder_version=\u201d4.27.4\u2033 _module_preset=\u201ddefault\u201d theme_builder_area=\u201dpost_content\u201d header_2_font=\u201dFrank Ruhl Libero||||||||\u201d header_2_font_size=\u201d40px\u201d hover_enabled=\u201d0\u2033 sticky_enabled=\u201d0\u2033]<\/p>\n<h2 style=\"text-align: center;\">Tipi di cilindri idraulici per macchine mobili<\/h2>\n<p>[\/et_pb_text][et_pb_shop _builder_version=\u201d4.27.4\u2033 _module_preset=\u201ddefault\u201d theme_builder_area=\u201dpost_content\u201d type=\u201dproduct_category\u201d include_categories=\u201d25\u2033 columns_number=\u201d3\u2033 hover_enabled=\u201d0\u2033 sticky_enabled=\u201d0\u2033 title_font=\u201dFrank Ruhl Libre||||||||\u201d title_text_align=\u201dcenter\u201d title_font_size=\u201d20px\u201d][\/et_pb_shop][\/et_pb_column][\/et_pb_row][\/et_pb_section][et_pb_section fb_built=\u201d1\u2033 theme_builder_area=\u201dpost_content\u201d _builder_version=\u201d4.27.4\u2033 _module_preset=\u201ddefault\u201d][et_pb_row _builder_version=\u201d4.27.4\u2033 _module_preset=\u201ddefault\u201d theme_builder_area=\u201dpost_content\u201d][et_pb_column _builder_version=\u201d4.27.4\u2033 _module_preset=\u201ddefault\u201d type=\u201d4_4\u2033 theme_builder_area=\u201dpost_content\u201d][et_pb_text _builder_version=\u201d4.27.4\u2033 _module_preset=\u201ddefault\u201d theme_builder_area=\u201dpost_content\u201d header_2_font=\u201dFrank Ruhl Libre||||||||\u201d header_2_font_size=\u201d30px\u201d hover_enabled=\u201d0\u2033 sticky_enabled=\u201d0\u2033]<\/p>\n<h2 style=\"text-align: center;\">Cilindri idraulici per macchine mobili: alimentazione di macchine in tutti i settori<\/h2>\n<p>[\/et_pb_text][\/et_pb_column][\/et_pb_row][et_pb_row _builder_version=\u201d4.27.4\u2033 _module_preset=\u201ddefault\u201d column_structure=\u201d1_2,1_2\u2033 theme_builder_area=\u201dpost_content\u201d use_custom_gutter=\u201don\u201d gutter_width=\u201d2\u2033 hover_enabled=\u201d0\u2033 sticky_enabled=\u201d0\u2033 width=\u201d100%\u201d max_width=\u201d1200px\u201d][et_pb_column _builder_version=\u201d4.27.4\u2033 _module_preset=\u201ddefault\u201d type=\u201d1_2\u2033 theme_builder_area=\u201dpost_content\u201d][et_pb_text _builder_version=\u201d4.27.4\u2033 _module_preset=\u201ddefault\u201d theme_builder_area=\u201dpost_content\u201d text_font_size=\u201d16px\u201d text_line_height=\u201d1.8em\u201d hover_enabled=\u201d0\u2033 sticky_enabled=\u201d0\u2033]<\/p>\n<div>\n<p class=\"break-words\">I cilindri idraulici sono come i muscoli potenti all&#039;interno dei macchinari mobili. Forniscono alle macchine la potenza e il controllo necessari per svolgere lavori pesanti in ogni tipo di ambiente. In Italia, dai trafficati cantieri edili di Milano ai campi agricoli vicino a Firenze, questi componenti sono estremamente importanti per macchine come escavatori, dumper e trattori. I cilindri idraulici sono realizzati in modo da resistere a pressioni elevate, climi caldi o freddi e molta polvere. Questo garantisce il corretto funzionamento delle macchine senza rompersi.<\/p>\n<p class=\"break-words\">Ad esempio, nell&#039;edilizia, i cilindri idraulici aiutano macchine come terne e gru a sollevare carichi pesanti e a posizionarli esattamente dove serve. Nelle aziende agricole vicino a Venice, migliorano il funzionamento di mietitrebbie e attrezzi per la semina, permettendo agli agricoltori di completare il lavoro pi\u00f9 velocemente. Il loro design robusto li rende perfetti per questi compiti impegnativi.<\/p>\n<p>Ma i cilindri idraulici non servono solo per l&#039;edilizia e l&#039;agricoltura. In una citt\u00e0 trafficata come Bologna, alimentano i sollevatori per auto nelle officine e i macchinari aeroportuali che aiutano gli aerei a prepararsi al volo. Nelle foreste vicino a Firenze, aiutano le macchine a tagliare gli alberi e nelle fabbriche di Milano permettono ai carrelli elevatori di spostare facilmente pesanti scatole. Che si tratti di sollevare, spingere o spostare oggetti, i cilindri idraulici possono fare tutto. Funzionano alla grande nelle citt\u00e0 e nelle zone rurali di tutta Italia, mantenendo i macchinari mobili in perfetto funzionamento.<\/p>\n<\/div>\n<p>[\/et_pb_text][\/et_pb_column][et_pb_column _builder_version=\u201d4.27.4\u2033 _module_preset=\u201ddefault\u201d type=\u201d1_2\u2033 theme_builder_area=\u201dpost_content\u201d][et_pb_image src=\u201dhttps:\/\/fmp-components.com\/wp-content\/uploads\/2025\/03\/Mobile-Machinery-Hydraulic-Cylinders-3.webp\u201d _builder_version=\u201d4.27.4\u2033 _module_preset=\u201ddefault\u201d theme_builder_area=\u201dpost_content\u201d alt=\u201dMobile-Machinery-Hydraulic-Cylinders\u201d title_text=\u201dMobile-Machinery-Hydraulic-Cylinders-3\u2033 hover_enabled=\u201d0\u2033 sticky_enabled=\u201d0\u2033][\/et_pb_image][\/et_pb_column][\/et_pb_row][et_pb_row _builder_version=\u201d4.27.4\u2033 _module_preset=\u201ddefault\u201d column_structure=\u201d2_5,3_5\u2033 theme_builder_area=\u201dpost_content\u201d use_custom_gutter=\u201don\u201d gutter_width=\u201d2\u2033 width=\u201d100%\u201d max_width=\u201d1200px\u201d hover_enabled=\u201d0\u2033 sticky_enabled=\u201d0\u2033][et_pb_column _builder_version=\u201d4.27.4\u2033 _module_preset=\u201ddefault\u201d type=\u201d2_5\u2033 theme_builder_area=\u201dpost_content\u201d][et_pb_image src=\u201dhttps:\/\/fmp-components.com\/wp-content\/uploads\/2025\/03\/Mobile-Machinery-Hydraulic-Cylinders-4-1.webp\u201d _builder_version=\u201d4.27.4\u2033 _module_preset=\u201ddefault\u201d theme_builder_area=\u201dpost_content\u201d alt=\u201dMobile-Machinery-Hydraulic-Cylinders\u201d title_text=\u201dMobile-Machinery-Hydraulic-Cylinders-4\u2033 hover_enabled=\u201d0\u2033 sticky_enabled=\u201d0\u2033][\/et_pb_image][\/et_pb_column][et_pb_column _builder_version=\u201d4.27.4\u2033 _module_preset=\u201ddefault\u201d type=\u201d3_5\u2033 theme_builder_area=\u201dpost_content\u201d][et_pb_text _builder_version=\u201d4.27.4\u2033 _module_preset=\u201ddefault\u201d theme_builder_area=\u201dpost_content\u201d hover_enabled=\u201d0\u2033 sticky_enabled=\u201d0\u2033 text_font_size=\u201d16px\u201d text_line_height=\u201d1.8em\u201d header_2_font=\u201dFrank Ruhl Libre||||||||\u201d custom_padding=\u201d34px|||||\u201d]<\/p>\n<div>\n<h2>Azienda FMP: il tuo punto di riferimento per i cilindri idraulici<\/h2>\n<p class=\"break-words\">Da FMP Company, produciamo numerosi cilindri idraulici diversi per macchinari mobili, aiutando persone da Venezia a Bologna. Disponiamo di robusti cilindri a stelo saldato e possiamo anche realizzarne di speciali appositamente per le vostre macchine. Questo aiuta le vostre attrezzature a funzionare meglio e a durare pi\u00f9 a lungo. Se non trovate ci\u00f2 che vi serve nel nostro elenco, non preoccupatevi: ne aggiungiamo sempre di pi\u00f9! Inviateci un&#039;e-mail indicandoci le vostre esigenze e il nostro team vi risponder\u00e0 entro 24 ore con un piano personalizzato. Potete contare su FMP Company per fornirvi cilindri idraulici resistenti e di alta qualit\u00e0 che faranno funzionare al meglio le vostre macchine mobili, ovunque vi troviate in Italia.<\/p>\n<\/div>\n<p>[\/et_pb_text][\/et_pb_column][\/et_pb_row][\/et_pb_section]<\/p>","protected":false},"excerpt":{"rendered":"<p>Cilindri idraulici per macchine mobiliTipi di cilindri idraulici per macchine mobiliCilindri idraulici per macchine mobili: alimentano le macchine in tutti i settoriI cilindri idraulici sono come i muscoli potenti all'interno delle macchine mobili. Forniscono alle macchine la potenza e il controllo necessari per svolgere lavori pesanti in ogni tipo di ambiente. In Italia, dai trafficati cantieri edili di Milano ai [\u2026]<\/p>","protected":false},"author":2,"featured_media":0,"parent":0,"menu_order":0,"comment_status":"closed","ping_status":"closed","template":"","meta":{"_et_pb_use_builder":"on","_et_pb_old_content":"","_et_gb_content_width":"","footnotes":""},"class_list":["post-7564","page","type-page","status-publish","hentry"],"_links":{"self":[{"href":"https:\/\/fmp-components.com\/it\/wp-json\/wp\/v2\/pages\/7564","targetHints":{"allow":["GET"]}}],"collection":[{"href":"https:\/\/fmp-components.com\/it\/wp-json\/wp\/v2\/pages"}],"about":[{"href":"https:\/\/fmp-components.com\/it\/wp-json\/wp\/v2\/types\/page"}],"author":[{"embeddable":true,"href":"https:\/\/fmp-components.com\/it\/wp-json\/wp\/v2\/users\/2"}],"replies":[{"embeddable":true,"href":"https:\/\/fmp-components.com\/it\/wp-json\/wp\/v2\/comments?post=7564"}],"version-history":[{"count":7,"href":"https:\/\/fmp-components.com\/it\/wp-json\/wp\/v2\/pages\/7564\/revisions"}],"predecessor-version":[{"id":7579,"href":"https:\/\/fmp-components.com\/it\/wp-json\/wp\/v2\/pages\/7564\/revisions\/7579"}],"wp:attachment":[{"href":"https:\/\/fmp-components.com\/it\/wp-json\/wp\/v2\/media?parent=7564"}],"curies":[{"name":"parola chiave","href":"https:\/\/api.w.org\/{rel}","templated":true}]}}